{"id":21196,"date":"2017-03-30T07:03:58","date_gmt":"2017-03-30T07:03:58","guid":{"rendered":"https:\/\/alan.wearequattro.com\/about-us\/vision-mission-values\/"},"modified":"2024-10-22T09:08:35","modified_gmt":"2024-10-22T07:08:35","slug":"vision-mission-werte","status":"publish","type":"page","link":"https:\/\/alan.lu\/de\/uber-uns\/vision-mission-werte\/","title":{"rendered":"Unsere Vision, Mission &#038; Werte"},"content":{"rendered":"<div class=\"wpb-content-wrapper\"><p>[vc_row content_width=&#8221;grid&#8221; css=&#8221;.vc_custom_1599206143457{padding-top: 15px !important;padding-bottom: 60px !important;}&#8221;][vc_column][vc_column_text]<\/p>\n<h2 style=\"text-align: center;\"><span style=\"color: #000000;\">Unsere Vereinigung<\/span><\/h2>\n<p>[\/vc_column_text][vc_empty_space height=&#8221;14px&#8221;]\n<p class=\"edgtf-section-subtitle\" style=\"text-align:center;color:#58595b\">\n\tALAN \u2013 Maladies Rares Luxembourg ist eine gemeinn\u00fctzige Vereinigung (association sans but lucratif \u2013 a.s.b.l.), welche 1998 gegr\u00fcndet wurde und seit 2000 offiziell als gemeinn\u00fctzig anerkannt ist.<\/p><div class=\"edgtf-separator-holder clearfix  edgtf-separator-center\">\n\t<div class=\"edgtf-separator\" style=\"border-color: #00bcdf;width: 55px;border-bottom-width: 3px;margin-top: 25px;margin-bottom: 0px\"><\/div>\n<\/div>\n[\/vc_column][\/vc_row][vc_row content_width=&#8221;grid&#8221; css=&#8221;.vc_custom_1599818865382{padding-bottom: 100px !important;background-image: url(https:\/\/alan.lu\/wp-content\/uploads\/2020\/09\/Yellow-background.jpg?id=18865) !important;background-position: center !important;background-repeat: no-repeat !important;background-size: cover !important;}&#8221;][vc_column offset=&#8221;vc_col-lg-4 vc_col-md-12 vc_col-xs-12&#8243;]<div class=\"edgtf-elements-holder edgtf-responsive-mode-768\" ><div class=\"edgtf-elements-holder-item \" data-item-class=\"edgtf-elements-holder-custom-485736\" data-1280-1600=\"2% 2% 2% 2%\" data-1024-1280=\"2% 2% 2% 2%\" data-768-1024=\"2% 2% 2% 2%\" data-600-768=\"2% 2% 2% 2%\" data-480-600=\"2% 2% 2% 2%\" data-480=\"2% 2% 2% 2%\" >\n\t\t<div class=\"edgtf-elements-holder-item-inner\">\n\t\t<div class=\"edgtf-elements-holder-item-content edgtf-elements-holder-custom-485736\" style=\"padding: 2% 2% 2% 2%\">\n\t\t\t<h3 class=\"edgtf-title-with-number\" >\n\t<span class=\"edgtf-twn-number\">01<\/span>Unsere Vision<\/h3>[vc_empty_space height=&#8221;35px&#8221;][vc_column_text css=&#8221;&#8221;]Ein Umfeld f\u00f6rdern, in dem Menschen mit einer seltenen Erkrankung durch Anerkennung, Chancengleichheit und eine verbesserte Lebensqualit\u00e4t ihr volles Potential verwirklichen k\u00f6nnen.[\/vc_column_text][vc_empty_space height=&#8221;35px&#8221;]\t\t<\/div>\n\t<\/div>\n\t<\/div><\/div>[\/vc_column][vc_column offset=&#8221;vc_col-lg-4 vc_col-md-12 vc_col-xs-12&#8243;]<div class=\"edgtf-elements-holder edgtf-responsive-mode-768\" ><div class=\"edgtf-elements-holder-item \" data-item-class=\"edgtf-elements-holder-custom-805041\" data-1280-1600=\"2% 0% 2% 2%\" data-1024-1280=\"2% 2% 2% 2%\" data-768-1024=\"2% 2% 2% 2%\" data-600-768=\"2% 2% 2% 2%\" data-480-600=\"2% 2% 2% 2%\" data-480=\"2% 2% 2% 2%\" >\n\t\t<div class=\"edgtf-elements-holder-item-inner\">\n\t\t<div class=\"edgtf-elements-holder-item-content edgtf-elements-holder-custom-805041\" style=\"padding: 2% 2% 2% 2%\">\n\t\t\t<h3 class=\"edgtf-title-with-number\" >\n\t<span class=\"edgtf-twn-number\">02<\/span>Unsere Mission<\/h3>[vc_empty_space height=&#8221;35px&#8221;][vc_column_text css=&#8221;&#8221;]Der Gesellschaftszweck von ALAN ist die Unterst\u00fctzung und Interessenvertretung aller von einer seltenen Erkrankung betroffenen Menschen, um ihnen eine bessere Lebensqualit\u00e4t zu erm\u00f6glichen.<\/p>\n<p>Die Hauptmissionen von ALAN sind:<\/p>\n<p>[\/vc_column_text]<div class=\"edgtf-unordered-list  edgtf-square\" style=\"font-size: 18px\">\n<ul>\n<li>die <strong>Informierung, Beratung und Unterst\u00fctzung<\/strong> der Personen und Familien, die von einer seltenen Erkrankung betroffen sind, insbesondere durch die Erleichterung des Zugangs zu Gesundheitsversorgung, der Verwaltungsverfahren, der Bildung, der Arbeit, des Familienlebens, der sozialen Eingliederung und der Aus\u00fcbung ihrer sozialen Rechte;<\/li>\n<li>die Organisation von <strong>Freizeit- und Sportaktivit\u00e4ten<\/strong>, die das mentale, soziale und k\u00f6rperliche Wohlbefinden der Teilnehmer st\u00e4rken;<\/li>\n<li>die F\u00f6rderung der <strong>Aufkl\u00e4rung, des Kapazit\u00e4tsaufbaus und der Selbstbestimmung<\/strong> der betroffenen Menschen;<\/li>\n<li>die regelm\u00e4\u00dfige Informierung und <strong>Aufkl\u00e4rung<\/strong> der \u00d6ffentlichkeit sowie der nationalen Beh\u00f6rden und Institutionen \u00fcber die Problematik mit denen Menschen mit einer seltenen Erkrankung konfrontiert sind;<\/li>\n<li>der <strong>Beitrag zu Projekten<\/strong> mit dem Ziel, allen Menschen, die mit einer seltenen Erkrankung leben, einen gleichberechtigten Zugang zu Diagnose, Therapie, Pflege und Forschung zu gew\u00e4hrleisten;<\/li>\n<li>die F\u00f6rderung der <strong>wissenschaftlichen Forschung<\/strong> zu seltenen Krankheiten;<\/li>\n<li>der Aufbau und die Pflege <strong>nationaler und internationaler Partnerschaften<\/strong>;<\/li>\n<li>als nationale Allianz: <strong>das Zusammenbringen der Vereinigungen, <\/strong>welche auf dem Gebiet spezifischer seltener Erkrankungen t\u00e4tig sind, um die Anerkennung der Patienteninteressen in der \u00d6ffentlichkeit, Politik und Gesellschaft sicherzustellen;<\/li>\n<li>und die <strong>Zusammenarbeit<\/strong> mit luxemburgischen oder ausl\u00e4ndischen \u00f6ffentlichen oder privaten Einrichtungen, die Ziele verfolgen, welche denen von ALAN \u00e4hnlich sind, oder welche voraussichtlich f\u00fcr ALAN und seine Mitglieder von Nutzen sein werden.<\/li>\n<\/ul>\n<\/div>[vc_empty_space height=&#8221;35px&#8221;]\t\t<\/div>\n\t<\/div>\n\t<\/div><\/div>[\/vc_column][vc_column offset=&#8221;vc_col-lg-4 vc_col-md-12 vc_col-xs-12&#8243;]<div class=\"edgtf-elements-holder edgtf-responsive-mode-768\" ><div class=\"edgtf-elements-holder-item \" data-item-class=\"edgtf-elements-holder-custom-325150\" data-1280-1600=\"2% 2% 2% 2%\" data-1024-1280=\"2% 2% 2% 2%\" data-768-1024=\"2% 2% 2% 2%\" data-600-768=\"2% 2% 2% 2%\" data-480-600=\"2% 2% 2% 2%\" data-480=\"2% 2% 2% 2%\" >\n\t\t<div class=\"edgtf-elements-holder-item-inner\">\n\t\t<div class=\"edgtf-elements-holder-item-content edgtf-elements-holder-custom-325150\" style=\"padding: 2% 2% 2% 2%\">\n\t\t\t<h3 class=\"edgtf-title-with-number\" >\n\t<span class=\"edgtf-twn-number\">03<\/span>Unsere Werte<\/h3>[vc_empty_space height=&#8221;35px&#8221;][vc_column_text]Bei ALAN richten wir uns nach drei zentralen Werten, die unser professionelles und pers\u00f6nliches Verhalten steuern:[\/vc_column_text]<div class=\"edgtf-unordered-list  edgtf-square\" style=\"font-size: 18px\">\n<ul>\n<li><strong>Integrit\u00e4t<\/strong> \u2013 Wir halten uns an strikte ethische Grunds\u00e4tze und sch\u00fctzen das Vertrauen, das die Patienten und deren Familien uns schenken.<\/li>\n<li><strong>Empathie<\/strong> \u2013 Wir sind r\u00fccksichtsvoll und sensibel gegen\u00fcber allen Menschen, unabh\u00e4ngig von ihrer Situation.<\/li>\n<li><strong>Teamgeist<\/strong> \u2013 Wir arbeiten eng mit Menschen aus unterschiedlichen Teams, Institutionen und L\u00e4ndern zusammen da wir wissen, dass wir zusammen st\u00e4rker sind.<\/li>\n<\/ul>\n<\/div>[vc_empty_space height=&#8221;35px&#8221;]\t\t<\/div>\n\t<\/div>\n\t<\/div><\/div>[\/vc_column][\/vc_row][vc_row][vc_column][vc_empty_space height=&#8221;50px&#8221;][\/vc_column][\/vc_row][vc_row content_width=&#8221;grid&#8221; css=&#8221;.vc_custom_1596118384380{padding-top: 36px !important;padding-bottom: 41px !important;background-color: #ee3f75 !important;}&#8221;][vc_column css=&#8221;.vc_custom_1492609383973{padding-top: 2px !important;}&#8221;]\t<div class=\"edgtf-call-to-action normal\" style=\"background-color: #ee3f75;\">\n\n\t\t\t\t<div class=\"edgtf-container-inner\">\n\t\t\t\t\t<div class=\"edgtf-call-to-action-row-75-25 clearfix\" style=\"padding: 20px;\">\n\t\t\t\t\t\t<div class=\"edgtf-text-wrapper edgtf-call-to-action-column1 edgtf-call-to-action-cell left\">\n\t\t\t\t\t<div class=\"edgtf-call-to-action-text\" style=\"text-align: left\">\n<h2><span style=\"color: #ffffff;\">Melden Sie sich bei uns, wenn Sie Fragen haben oder Unterst\u00fctzung brauchen<\/span><\/h2>\n\t\t\t\t\t\t\t\t\t\t\t<\/div>\n\t\t\t\t<\/div>\n\n\t\t\t\t\t\t\t\t\t<div class=\"edgtf-button-wrapper edgtf-call-to-action-column2 edgtf-call-to-action-cell\" style =\"text-align: right ;\">\n\t\t\t\t\t\t<a itemprop=\"url\" href=\"\/de\/alan-kontaktieren\/\" target=\"_self\" style=\"color: #ee3f75;background-color: #ffffff;border-color: #ffffff\" class=\"edgtf-btn edgtf-btn-large edgtf-btn-solid edgtf-btn-custom-hover-bg edgtf-btn-custom-border-hover edgtf-btn-custom-hover-color\" data-hover-bg-color=\"#ee3f75\" data-hover-color=\"#ffffff\" data-hover-border-color=\"#ffffff\" >\t<span class=\"edgtf-btn-text\">Kontakt<\/span>    <\/a>\t\t\t\t\t<\/div>\n\t\t\t\t\t\t\t<\/div>\n\t\t\t\t<\/div>\n\t\t\t<\/div>\n[\/vc_column][\/vc_row]<\/p>\n<\/div>","protected":false},"excerpt":{"rendered":"<p>[vc_row content_width=&#8221;grid&#8221; css=&#8221;.vc_custom_1599206143457{padding-top: 15px !important;padding-bottom: 60px !important;}&#8221;][vc_column][vc_column_text] Unsere Vereinigung [\/vc_column_text][vc_empty_space height=&#8221;14px&#8221;][\/vc_column][\/vc_row][vc_row content_width=&#8221;grid&#8221; css=&#8221;.vc_custom_1599818865382{padding-bottom: 100px !important;background-image: url(https:\/\/alan.lu\/wp-content\/uploads\/2020\/09\/Yellow-background.jpg?id=18865) !important;background-position: center !important;background-repeat: no-repeat !important;background-size: cover !important;}&#8221;][vc_column offset=&#8221;vc_col-lg-4 vc_col-md-12 vc_col-xs-12&#8243;][\/vc_column][vc_column offset=&#8221;vc_col-lg-4 vc_col-md-12 vc_col-xs-12&#8243;][\/vc_column][vc_column offset=&#8221;vc_col-lg-4&#8230;<\/p>\n","protected":false},"author":1,"featured_media":0,"parent":21195,"menu_order":0,"comment_status":"closed","ping_status":"closed","template":"","meta":{"give_campaign_id":0,"inline_featured_image":false,"footnotes":""},"class_list":["post-21196","page","type-page","status-publish","hentry"],"yoast_head":"<!-- This site is optimized with the Yoast SEO plugin v26.9 - https:\/\/yoast.com\/product\/yoast-seo-wordpress\/ -->\n<title>Unsere Vision, Mission &#038; Werte - ALAN<\/title>\n<meta name=\"description\" content=\"Unsere Vereinigung: ALAN ist eine gemeinn\u00fctzige Vereinigung deren Mission darin besteht die Lebensqualit\u00e4t von Menschen und Familien, die von einer seltenen Erkrankung betroffenen sind, zu verbessern.\" \/>\n<meta name=\"robots\" content=\"index, follow, max-snippet:-1, max-image-preview:large, max-video-preview:-1\" \/>\n<link rel=\"canonical\" href=\"https:\/\/alan.lu\/de\/uber-uns\/vision-mission-werte\/\" \/>\n<meta property=\"og:locale\" content=\"de_DE\" \/>\n<meta property=\"og:type\" content=\"article\" \/>\n<meta property=\"og:title\" content=\"Unsere Vision, Mission &#038; Werte - ALAN\" \/>\n<meta property=\"og:description\" content=\"Unsere Vereinigung: ALAN ist eine gemeinn\u00fctzige Vereinigung deren Mission darin besteht die Lebensqualit\u00e4t von Menschen und Familien, die von einer seltenen Erkrankung betroffenen sind, zu verbessern.\" \/>\n<meta property=\"og:url\" content=\"https:\/\/alan.lu\/de\/uber-uns\/vision-mission-werte\/\" \/>\n<meta property=\"og:site_name\" content=\"ALAN\" \/>\n<meta property=\"article:modified_time\" content=\"2024-10-22T07:08:35+00:00\" \/>\n<meta name=\"twitter:card\" content=\"summary_large_image\" \/>\n<meta name=\"twitter:label1\" content=\"Gesch\u00e4tzte Lesezeit\" \/>\n\t<meta name=\"twitter:data1\" content=\"3\u00a0Minuten\" \/>\n<script type=\"application\/ld+json\" class=\"yoast-schema-graph\">{\"@context\":\"https:\/\/schema.org\",\"@graph\":[{\"@type\":\"WebPage\",\"@id\":\"https:\/\/alan.lu\/de\/uber-uns\/vision-mission-werte\/\",\"url\":\"https:\/\/alan.lu\/de\/uber-uns\/vision-mission-werte\/\",\"name\":\"Unsere Vision, Mission &#038; Werte - ALAN\",\"isPartOf\":{\"@id\":\"https:\/\/alan.lu\/de\/#website\"},\"datePublished\":\"2017-03-30T07:03:58+00:00\",\"dateModified\":\"2024-10-22T07:08:35+00:00\",\"description\":\"Unsere Vereinigung: ALAN ist eine gemeinn\u00fctzige Vereinigung deren Mission darin besteht die Lebensqualit\u00e4t von Menschen und Familien, die von einer seltenen Erkrankung betroffenen sind, zu verbessern.\",\"breadcrumb\":{\"@id\":\"https:\/\/alan.lu\/de\/uber-uns\/vision-mission-werte\/#breadcrumb\"},\"inLanguage\":\"de\",\"potentialAction\":[{\"@type\":\"ReadAction\",\"target\":[\"https:\/\/alan.lu\/de\/uber-uns\/vision-mission-werte\/\"]}]},{\"@type\":\"BreadcrumbList\",\"@id\":\"https:\/\/alan.lu\/de\/uber-uns\/vision-mission-werte\/#breadcrumb\",\"itemListElement\":[{\"@type\":\"ListItem\",\"position\":1,\"name\":\"Accueil\",\"item\":\"https:\/\/alan.lu\/de\/\"},{\"@type\":\"ListItem\",\"position\":2,\"name\":\"\u00dcber Uns\",\"item\":\"https:\/\/alan.lu\/de\/about-us\/\"},{\"@type\":\"ListItem\",\"position\":3,\"name\":\"Unsere Vision, Mission &#038; Werte\"}]},{\"@type\":\"WebSite\",\"@id\":\"https:\/\/alan.lu\/de\/#website\",\"url\":\"https:\/\/alan.lu\/de\/\",\"name\":\"ALAN\",\"description\":\"Rare Diseases Luxembourg\",\"potentialAction\":[{\"@type\":\"SearchAction\",\"target\":{\"@type\":\"EntryPoint\",\"urlTemplate\":\"https:\/\/alan.lu\/de\/?s={search_term_string}\"},\"query-input\":{\"@type\":\"PropertyValueSpecification\",\"valueRequired\":true,\"valueName\":\"search_term_string\"}}],\"inLanguage\":\"de\"}]}<\/script>\n<!-- \/ Yoast SEO plugin. -->","yoast_head_json":{"title":"Unsere Vision, Mission &#038; Werte - ALAN","description":"Unsere Vereinigung: ALAN ist eine gemeinn\u00fctzige Vereinigung deren Mission darin besteht die Lebensqualit\u00e4t von Menschen und Familien, die von einer seltenen Erkrankung betroffenen sind, zu verbessern.","robots":{"index":"index","follow":"follow","max-snippet":"max-snippet:-1","max-image-preview":"max-image-preview:large","max-video-preview":"max-video-preview:-1"},"canonical":"https:\/\/alan.lu\/de\/uber-uns\/vision-mission-werte\/","og_locale":"de_DE","og_type":"article","og_title":"Unsere Vision, Mission &#038; Werte - ALAN","og_description":"Unsere Vereinigung: ALAN ist eine gemeinn\u00fctzige Vereinigung deren Mission darin besteht die Lebensqualit\u00e4t von Menschen und Familien, die von einer seltenen Erkrankung betroffenen sind, zu verbessern.","og_url":"https:\/\/alan.lu\/de\/uber-uns\/vision-mission-werte\/","og_site_name":"ALAN","article_modified_time":"2024-10-22T07:08:35+00:00","twitter_card":"summary_large_image","twitter_misc":{"Gesch\u00e4tzte Lesezeit":"3\u00a0Minuten"},"schema":{"@context":"https:\/\/schema.org","@graph":[{"@type":"WebPage","@id":"https:\/\/alan.lu\/de\/uber-uns\/vision-mission-werte\/","url":"https:\/\/alan.lu\/de\/uber-uns\/vision-mission-werte\/","name":"Unsere Vision, Mission &#038; Werte - ALAN","isPartOf":{"@id":"https:\/\/alan.lu\/de\/#website"},"datePublished":"2017-03-30T07:03:58+00:00","dateModified":"2024-10-22T07:08:35+00:00","description":"Unsere Vereinigung: ALAN ist eine gemeinn\u00fctzige Vereinigung deren Mission darin besteht die Lebensqualit\u00e4t von Menschen und Familien, die von einer seltenen Erkrankung betroffenen sind, zu verbessern.","breadcrumb":{"@id":"https:\/\/alan.lu\/de\/uber-uns\/vision-mission-werte\/#breadcrumb"},"inLanguage":"de","potentialAction":[{"@type":"ReadAction","target":["https:\/\/alan.lu\/de\/uber-uns\/vision-mission-werte\/"]}]},{"@type":"BreadcrumbList","@id":"https:\/\/alan.lu\/de\/uber-uns\/vision-mission-werte\/#breadcrumb","itemListElement":[{"@type":"ListItem","position":1,"name":"Accueil","item":"https:\/\/alan.lu\/de\/"},{"@type":"ListItem","position":2,"name":"\u00dcber Uns","item":"https:\/\/alan.lu\/de\/about-us\/"},{"@type":"ListItem","position":3,"name":"Unsere Vision, Mission &#038; Werte"}]},{"@type":"WebSite","@id":"https:\/\/alan.lu\/de\/#website","url":"https:\/\/alan.lu\/de\/","name":"ALAN","description":"Rare Diseases Luxembourg","potentialAction":[{"@type":"SearchAction","target":{"@type":"EntryPoint","urlTemplate":"https:\/\/alan.lu\/de\/?s={search_term_string}"},"query-input":{"@type":"PropertyValueSpecification","valueRequired":true,"valueName":"search_term_string"}}],"inLanguage":"de"}]}},"campaignId":"","_links":{"self":[{"href":"https:\/\/alan.lu\/de\/wp-json\/wp\/v2\/pages\/21196","targetHints":{"allow":["GET"]}}],"collection":[{"href":"https:\/\/alan.lu\/de\/wp-json\/wp\/v2\/pages"}],"about":[{"href":"https:\/\/alan.lu\/de\/wp-json\/wp\/v2\/types\/page"}],"author":[{"embeddable":true,"href":"https:\/\/alan.lu\/de\/wp-json\/wp\/v2\/users\/1"}],"replies":[{"embeddable":true,"href":"https:\/\/alan.lu\/de\/wp-json\/wp\/v2\/comments?post=21196"}],"version-history":[{"count":11,"href":"https:\/\/alan.lu\/de\/wp-json\/wp\/v2\/pages\/21196\/revisions"}],"predecessor-version":[{"id":29864,"href":"https:\/\/alan.lu\/de\/wp-json\/wp\/v2\/pages\/21196\/revisions\/29864"}],"up":[{"embeddable":true,"href":"https:\/\/alan.lu\/de\/wp-json\/wp\/v2\/pages\/21195"}],"wp:attachment":[{"href":"https:\/\/alan.lu\/de\/wp-json\/wp\/v2\/media?parent=21196"}],"curies":[{"name":"wp","href":"https:\/\/api.w.org\/{rel}","templated":true}]}}