{"id":21232,"date":"2020-09-11T12:49:59","date_gmt":"2020-09-11T10:49:59","guid":{"rendered":"https:\/\/alan.wearequattro.com\/about-us\/board-of-directors\/board-of-directors-julie-scheidweiler-darne\/"},"modified":"2021-01-27T14:15:21","modified_gmt":"2021-01-27T13:15:21","slug":"verwaltungsrat-julie-scheidweiler-darne","status":"publish","type":"page","link":"https:\/\/alan.lu\/de\/uber-uns\/verwaltungsrat\/verwaltungsrat-julie-scheidweiler-darne\/","title":{"rendered":"Verwaltungsrat"},"content":{"rendered":"<div class=\"wpb-content-wrapper\"><p>[vc_row content_width=&#8221;grid&#8221; css=&#8221;.vc_custom_1492696696810{padding-top: 130px !important;padding-bottom: 90px !important;}&#8221;][vc_column offset=&#8221;vc_col-lg-6 vc_col-md-6 vc_col-xs-12&#8243;][vc_single_image image=&#8221;18821&#8243; img_size=&#8221;full&#8221;][vc_empty_space height=&#8221;35px&#8221;][\/vc_column][vc_column offset=&#8221;vc_col-lg-6 vc_col-md-6 vc_col-xs-12&#8243;]<div class=\"edgtf-elements-holder edgtf-responsive-mode-768\" ><div class=\"edgtf-elements-holder-item \" data-item-class=\"edgtf-elements-holder-custom-648000\" data-1280-1600=\"2% 7% 2% 5%\" data-1024-1280=\"2% 7% 2% 5%\" data-768-1024=\"2% 0% 2% 3%\" data-600-768=\"5% 0% 1% 0%\" >\n\t\t<div class=\"edgtf-elements-holder-item-inner\">\n\t\t<div class=\"edgtf-elements-holder-item-content edgtf-elements-holder-custom-648000\" style=\"padding: 2% 7% 2% 5%\">\n\t\t\t[vc_column_text]<\/p>\n<h2>Julie Scheidweiler-Darn\u00e9<\/h2>\n<p>[\/vc_column_text][vc_column_text]<strong style=\"color: #ee3f75;\">Mitglied<\/strong>[\/vc_column_text][vc_empty_space height=&#8221;35px&#8221;][vc_column_text]Sie hat in Luxemburg, Amerika und London studiert und mit einem Bachelor in der Kommunikation abgeschlossen. Sie arbeitet seit September 2018 halbtags beim Gesundheitsministerium und gibt ihr Bestes um Menschen die von einer seltenen Krankheit betroffen sind zu helfen. Ihre neunj\u00e4hrige Tochter lebt mit einer seltenen, unbekannten Krankheit.[\/vc_column_text][vc_empty_space height=&#8221;35px&#8221;][vc_column_text]Julie Scheidweiler-Darn\u00e9 trat 2019 dem Verwaltungsrat von ALAN bei und ist motiviert und unerm\u00fcdlich, das System sowie die Unterst\u00fctzung f\u00fcr alle Betroffenen zu verbessern.<\/p>\n<p>[\/vc_column_text][vc_empty_space height=&#8221;35px&#8221;]\t\t<\/div>\n\t<\/div>\n\t<\/div><\/div>[\/vc_column][\/vc_row][vc_row content_width=&#8221;grid&#8221; css=&#8221;.vc_custom_1596118384380{padding-top: 36px !important;padding-bottom: 41px !important;background-color: #ee3f75 !important;}&#8221;][vc_column css=&#8221;.vc_custom_1492609383973{padding-top: 2px !important;}&#8221;]\t<div class=\"edgtf-call-to-action normal\" style=\"background-color: #ee3f75;\">\n\n\t\t\t\t<div class=\"edgtf-container-inner\">\n\t\t\t\t\t<div class=\"edgtf-call-to-action-row-75-25 clearfix\" style=\"padding: 20px;\">\n\t\t\t\t\t\t<div class=\"edgtf-text-wrapper edgtf-call-to-action-column1 edgtf-call-to-action-cell left\">\n\t\t\t\t\t<div class=\"edgtf-call-to-action-text\" style=\"text-align: left\">\n<h2><span style=\"color: #ffffff;\">Melden Sie sich bei uns, wenn Sie Fragen haben oder Unterst\u00fctzung brauchen<\/span><\/h2>\n\t\t\t\t\t\t\t\t\t\t\t<\/div>\n\t\t\t\t<\/div>\n\n\t\t\t\t\t\t\t\t\t<div class=\"edgtf-button-wrapper edgtf-call-to-action-column2 edgtf-call-to-action-cell\" style =\"text-align: right ;\">\n\t\t\t\t\t\t<a itemprop=\"url\" href=\"\/de\/alan-kontaktieren\/\" target=\"_self\" style=\"color: #ee3f75;background-color: #ffffff;border-color: #ffffff\" class=\"edgtf-btn edgtf-btn-large edgtf-btn-solid edgtf-btn-custom-hover-bg edgtf-btn-custom-border-hover edgtf-btn-custom-hover-color\" data-hover-bg-color=\"#ee3f75\" data-hover-color=\"#ffffff\" data-hover-border-color=\"#ffffff\" >\t<span class=\"edgtf-btn-text\">Kontakt<\/span>    <\/a>\t\t\t\t\t<\/div>\n\t\t\t\t\t\t\t<\/div>\n\t\t\t\t<\/div>\n\t\t\t<\/div>\n[\/vc_column][\/vc_row]<\/p>\n<\/div>","protected":false},"excerpt":{"rendered":"<p>[vc_row content_width=&#8221;grid&#8221; css=&#8221;.vc_custom_1492696696810{padding-top: 130px !important;padding-bottom: 90px !important;}&#8221;][vc_column offset=&#8221;vc_col-lg-6 vc_col-md-6 vc_col-xs-12&#8243;][vc_single_image image=&#8221;18821&#8243; img_size=&#8221;full&#8221;][vc_empty_space height=&#8221;35px&#8221;][\/vc_column][vc_column offset=&#8221;vc_col-lg-6 vc_col-md-6 vc_col-xs-12&#8243;][\/vc_column][\/vc_row][vc_row content_width=&#8221;grid&#8221; css=&#8221;.vc_custom_1596118384380{padding-top: 36px !important;padding-bottom: 41px !important;background-color: #ee3f75 !important;}&#8221;][vc_column css=&#8221;.vc_custom_1492609383973{padding-top: 2px !important;}&#8221;][\/vc_column][\/vc_row]<\/p>\n","protected":false},"author":1,"featured_media":0,"parent":21207,"menu_order":0,"comment_status":"closed","ping_status":"closed","template":"","meta":{"give_campaign_id":0,"inline_featured_image":false,"footnotes":""},"class_list":["post-21232","page","type-page","status-publish","hentry"],"yoast_head":"<!-- This site is optimized with the Yoast SEO plugin v26.9 - https:\/\/yoast.com\/product\/yoast-seo-wordpress\/ -->\n<title>Verwaltungsrat - ALAN<\/title>\n<meta name=\"robots\" content=\"index, follow, max-snippet:-1, max-image-preview:large, max-video-preview:-1\" \/>\n<link rel=\"canonical\" href=\"https:\/\/alan.lu\/de\/uber-uns\/verwaltungsrat\/verwaltungsrat-julie-scheidweiler-darne\/\" \/>\n<meta property=\"og:locale\" content=\"de_DE\" \/>\n<meta property=\"og:type\" content=\"article\" \/>\n<meta property=\"og:title\" content=\"Verwaltungsrat - ALAN\" \/>\n<meta property=\"og:description\" content=\"[vc_row content_width=&#8221;grid&#8221; css=&#8221;.vc_custom_1492696696810{padding-top: 130px !important;padding-bottom: 90px !important;}&#8221;][vc_column offset=&#8221;vc_col-lg-6 vc_col-md-6 vc_col-xs-12&#8243;][vc_single_image image=&#8221;18821&#8243; img_size=&#8221;full&#8221;][vc_empty_space height=&#8221;35px&#8221;][\/vc_column][vc_column offset=&#8221;vc_col-lg-6 vc_col-md-6 vc_col-xs-12&#8243;][\/vc_column][\/vc_row][vc_row content_width=&#8221;grid&#8221; css=&#8221;.vc_custom_1596118384380{padding-top: 36px !important;padding-bottom: 41px !important;background-color: #ee3f75 !important;}&#8221;][vc_column css=&#8221;.vc_custom_1492609383973{padding-top: 2px !important;}&#8221;][\/vc_column][\/vc_row]\" \/>\n<meta property=\"og:url\" content=\"https:\/\/alan.lu\/de\/uber-uns\/verwaltungsrat\/verwaltungsrat-julie-scheidweiler-darne\/\" \/>\n<meta property=\"og:site_name\" content=\"ALAN\" \/>\n<meta property=\"article:modified_time\" content=\"2021-01-27T13:15:21+00:00\" \/>\n<meta name=\"twitter:card\" content=\"summary_large_image\" \/>\n<meta name=\"twitter:label1\" content=\"Gesch\u00e4tzte Lesezeit\" \/>\n\t<meta name=\"twitter:data1\" content=\"2\u00a0Minuten\" \/>\n<script type=\"application\/ld+json\" class=\"yoast-schema-graph\">{\"@context\":\"https:\/\/schema.org\",\"@graph\":[{\"@type\":\"WebPage\",\"@id\":\"https:\/\/alan.lu\/de\/uber-uns\/verwaltungsrat\/verwaltungsrat-julie-scheidweiler-darne\/\",\"url\":\"https:\/\/alan.lu\/de\/uber-uns\/verwaltungsrat\/verwaltungsrat-julie-scheidweiler-darne\/\",\"name\":\"Verwaltungsrat - ALAN\",\"isPartOf\":{\"@id\":\"https:\/\/alan.lu\/de\/#website\"},\"datePublished\":\"2020-09-11T10:49:59+00:00\",\"dateModified\":\"2021-01-27T13:15:21+00:00\",\"breadcrumb\":{\"@id\":\"https:\/\/alan.lu\/de\/uber-uns\/verwaltungsrat\/verwaltungsrat-julie-scheidweiler-darne\/#breadcrumb\"},\"inLanguage\":\"de\",\"potentialAction\":[{\"@type\":\"ReadAction\",\"target\":[\"https:\/\/alan.lu\/de\/uber-uns\/verwaltungsrat\/verwaltungsrat-julie-scheidweiler-darne\/\"]}]},{\"@type\":\"BreadcrumbList\",\"@id\":\"https:\/\/alan.lu\/de\/uber-uns\/verwaltungsrat\/verwaltungsrat-julie-scheidweiler-darne\/#breadcrumb\",\"itemListElement\":[{\"@type\":\"ListItem\",\"position\":1,\"name\":\"Accueil\",\"item\":\"https:\/\/alan.lu\/de\/\"},{\"@type\":\"ListItem\",\"position\":2,\"name\":\"\u00dcber Uns\",\"item\":\"https:\/\/alan.lu\/de\/about-us\/\"},{\"@type\":\"ListItem\",\"position\":3,\"name\":\"Verwaltungsrat\",\"item\":\"https:\/\/alan.lu\/de\/about-us\/board-of-directors\/\"},{\"@type\":\"ListItem\",\"position\":4,\"name\":\"Verwaltungsrat\"}]},{\"@type\":\"WebSite\",\"@id\":\"https:\/\/alan.lu\/de\/#website\",\"url\":\"https:\/\/alan.lu\/de\/\",\"name\":\"ALAN\",\"description\":\"Rare Diseases Luxembourg\",\"potentialAction\":[{\"@type\":\"SearchAction\",\"target\":{\"@type\":\"EntryPoint\",\"urlTemplate\":\"https:\/\/alan.lu\/de\/?s={search_term_string}\"},\"query-input\":{\"@type\":\"PropertyValueSpecification\",\"valueRequired\":true,\"valueName\":\"search_term_string\"}}],\"inLanguage\":\"de\"}]}<\/script>\n<!-- \/ Yoast SEO plugin. -->","yoast_head_json":{"title":"Verwaltungsrat - ALAN","robots":{"index":"index","follow":"follow","max-snippet":"max-snippet:-1","max-image-preview":"max-image-preview:large","max-video-preview":"max-video-preview:-1"},"canonical":"https:\/\/alan.lu\/de\/uber-uns\/verwaltungsrat\/verwaltungsrat-julie-scheidweiler-darne\/","og_locale":"de_DE","og_type":"article","og_title":"Verwaltungsrat - ALAN","og_description":"[vc_row content_width=&#8221;grid&#8221; css=&#8221;.vc_custom_1492696696810{padding-top: 130px !important;padding-bottom: 90px !important;}&#8221;][vc_column offset=&#8221;vc_col-lg-6 vc_col-md-6 vc_col-xs-12&#8243;][vc_single_image image=&#8221;18821&#8243; img_size=&#8221;full&#8221;][vc_empty_space height=&#8221;35px&#8221;][\/vc_column][vc_column offset=&#8221;vc_col-lg-6 vc_col-md-6 vc_col-xs-12&#8243;][\/vc_column][\/vc_row][vc_row content_width=&#8221;grid&#8221; css=&#8221;.vc_custom_1596118384380{padding-top: 36px !important;padding-bottom: 41px !important;background-color: #ee3f75 !important;}&#8221;][vc_column css=&#8221;.vc_custom_1492609383973{padding-top: 2px !important;}&#8221;][\/vc_column][\/vc_row]","og_url":"https:\/\/alan.lu\/de\/uber-uns\/verwaltungsrat\/verwaltungsrat-julie-scheidweiler-darne\/","og_site_name":"ALAN","article_modified_time":"2021-01-27T13:15:21+00:00","twitter_card":"summary_large_image","twitter_misc":{"Gesch\u00e4tzte Lesezeit":"2\u00a0Minuten"},"schema":{"@context":"https:\/\/schema.org","@graph":[{"@type":"WebPage","@id":"https:\/\/alan.lu\/de\/uber-uns\/verwaltungsrat\/verwaltungsrat-julie-scheidweiler-darne\/","url":"https:\/\/alan.lu\/de\/uber-uns\/verwaltungsrat\/verwaltungsrat-julie-scheidweiler-darne\/","name":"Verwaltungsrat - ALAN","isPartOf":{"@id":"https:\/\/alan.lu\/de\/#website"},"datePublished":"2020-09-11T10:49:59+00:00","dateModified":"2021-01-27T13:15:21+00:00","breadcrumb":{"@id":"https:\/\/alan.lu\/de\/uber-uns\/verwaltungsrat\/verwaltungsrat-julie-scheidweiler-darne\/#breadcrumb"},"inLanguage":"de","potentialAction":[{"@type":"ReadAction","target":["https:\/\/alan.lu\/de\/uber-uns\/verwaltungsrat\/verwaltungsrat-julie-scheidweiler-darne\/"]}]},{"@type":"BreadcrumbList","@id":"https:\/\/alan.lu\/de\/uber-uns\/verwaltungsrat\/verwaltungsrat-julie-scheidweiler-darne\/#breadcrumb","itemListElement":[{"@type":"ListItem","position":1,"name":"Accueil","item":"https:\/\/alan.lu\/de\/"},{"@type":"ListItem","position":2,"name":"\u00dcber Uns","item":"https:\/\/alan.lu\/de\/about-us\/"},{"@type":"ListItem","position":3,"name":"Verwaltungsrat","item":"https:\/\/alan.lu\/de\/about-us\/board-of-directors\/"},{"@type":"ListItem","position":4,"name":"Verwaltungsrat"}]},{"@type":"WebSite","@id":"https:\/\/alan.lu\/de\/#website","url":"https:\/\/alan.lu\/de\/","name":"ALAN","description":"Rare Diseases Luxembourg","potentialAction":[{"@type":"SearchAction","target":{"@type":"EntryPoint","urlTemplate":"https:\/\/alan.lu\/de\/?s={search_term_string}"},"query-input":{"@type":"PropertyValueSpecification","valueRequired":true,"valueName":"search_term_string"}}],"inLanguage":"de"}]}},"campaignId":"","_links":{"self":[{"href":"https:\/\/alan.lu\/de\/wp-json\/wp\/v2\/pages\/21232","targetHints":{"allow":["GET"]}}],"collection":[{"href":"https:\/\/alan.lu\/de\/wp-json\/wp\/v2\/pages"}],"about":[{"href":"https:\/\/alan.lu\/de\/wp-json\/wp\/v2\/types\/page"}],"author":[{"embeddable":true,"href":"https:\/\/alan.lu\/de\/wp-json\/wp\/v2\/users\/1"}],"replies":[{"embeddable":true,"href":"https:\/\/alan.lu\/de\/wp-json\/wp\/v2\/comments?post=21232"}],"version-history":[{"count":6,"href":"https:\/\/alan.lu\/de\/wp-json\/wp\/v2\/pages\/21232\/revisions"}],"predecessor-version":[{"id":21968,"href":"https:\/\/alan.lu\/de\/wp-json\/wp\/v2\/pages\/21232\/revisions\/21968"}],"up":[{"embeddable":true,"href":"https:\/\/alan.lu\/de\/wp-json\/wp\/v2\/pages\/21207"}],"wp:attachment":[{"href":"https:\/\/alan.lu\/de\/wp-json\/wp\/v2\/media?parent=21232"}],"curies":[{"name":"wp","href":"https:\/\/api.w.org\/{rel}","templated":true}]}}