{"id":21286,"date":"2020-09-04T11:50:59","date_gmt":"2020-09-04T09:50:59","guid":{"rendered":"https:\/\/alan.wearequattro.com\/become-a-member\/"},"modified":"2024-10-14T09:44:51","modified_gmt":"2024-10-14T07:44:51","slug":"werden-sie-mitglied","status":"publish","type":"page","link":"https:\/\/alan.lu\/de\/werden-sie-mitglied\/","title":{"rendered":"Werden Sie Mitglied"},"content":{"rendered":"<div class=\"wpb-content-wrapper\"><p>[vc_row css=&#8221;.vc_custom_1599751555902{padding-top: 15px !important;padding-bottom: 0px !important;background-image: url(https:\/\/alan.lu\/wp-content\/uploads\/2020\/09\/Blue-White-background.jpg?id=18806) !important;background-position: center !important;background-repeat: no-repeat !important;background-size: cover !important;}&#8221;][vc_column][vc_empty_space height=&#8221;35px&#8221;][vc_column_text]<\/p>\n<h2 style=\"text-align: center;\"><span style=\"color: #000000;\">Werden Sie Mitglied<\/span><\/h2>\n<p>[\/vc_column_text][vc_empty_space height=&#8221;14px&#8221;]\n<p class=\"edgtf-section-subtitle\" style=\"text-align:center\">\n\tAktuell z\u00e4hlt ALAN \u00fcber 300 Mitglieder. Die meisten leben mit einer seltenen Erkrankung oder sind Angeh\u00f6rige, juristische Personen, freiwillige Helfer und F\u00f6rderer.<\/p>[vc_row_inner content_aligment=&#8221;center&#8221; el_class=&#8221;show-below-md&#8221;][vc_column_inner][vc_empty_space height=&#8221;20px&#8221; el_class=&#8221;display-block&#8221;]<a itemprop=\"url\" href=\"#become-member-section\" target=\"_self\" style=\"color: #ffffff;background-color: #00bcdf;border-color: #00bcdf;font-weight: 600\" class=\"edgtf-btn edgtf-btn-medium edgtf-btn-solid edgtf-btn-custom-hover-bg edgtf-btn-custom-border-hover edgtf-btn-custom-hover-color scroll-to-anchor\" data-hover-bg-color=\"#ffffff\" data-hover-color=\"#00bcdf\" data-hover-border-color=\"#00bcdf\" >\n\t<span class=\"edgtf-btn-text\">Werden Sie Mitglied<\/span>\n    <\/a>[\/vc_column_inner][\/vc_row_inner]<div class=\"edgtf-separator-holder clearfix  edgtf-separator-center\">\n\t<div class=\"edgtf-separator\" style=\"border-color: #00bcdf;width: 55px;border-bottom-width: 3px;margin-top: 25px;margin-bottom: 0px\"><\/div>\n<\/div>\n<div class=\"edgtf-elements-holder edgtf-two-columns edgtf-responsive-mode-1024\" ><div class=\"edgtf-elements-holder-item edgtf-vertical-alignment-top\" data-item-class=\"edgtf-elements-holder-custom-363889\" data-1280-1600=\"6% 3%\" data-1024-1280=\"6% 3%\" data-768-1024=\"4% 3%\" data-600-768=\"4% 3%\" data-480-600=\"3% 2%\" data-480=\"3% 2%\" >\n\t\t<div class=\"edgtf-elements-holder-item-inner\">\n\t\t<div class=\"edgtf-elements-holder-item-content edgtf-elements-holder-custom-363889\" style=\"padding: 6% 3%\">\n\t\t\t[vc_column_text]<\/p>\n<h3>Warum sollte ich bei ALAN Mitglied werden?<\/h3>\n<p>[\/vc_column_text][vc_empty_space height=&#8221;35px&#8221;][vc_column_text]ALAN ist eine anerkannte Patientenvertretung f\u00fcr Menschen mit einer seltenen Erkrankung sowie Vereinigungen, welche diese Menschen in Luxemburg vertreten.<\/p>\n<p>Durch eine Mitgliedschaft bei ALAN:[\/vc_column_text][vc_empty_space height=&#8221;35px&#8221;]<div class=\"edgtf-icon-list-item\">\n\t<div class=\"edgtf-icon-list-icon-holder\">\n        <div class=\"edgtf-icon-list-icon-holder-inner clearfix\">\n\t\t\t<i class=\"edgtf-icon-font-awesome fa fa-check \" style=\"\" ><\/i>\t\t<\/div>\n\t<\/div>\n\t<p class=\"edgtf-icon-list-text\"  > Werden Sie Teil eines nationalen und internationalen Netzwerks (EURORDIS) f\u00fcr seltene Erkrankungen.<\/p>\n<\/div><div class=\"edgtf-icon-list-item\">\n\t<div class=\"edgtf-icon-list-icon-holder\">\n        <div class=\"edgtf-icon-list-icon-holder-inner clearfix\">\n\t\t\t<i class=\"edgtf-icon-font-awesome fa fa-check \" style=\"\" ><\/i>\t\t<\/div>\n\t<\/div>\n\t<p class=\"edgtf-icon-list-text\"  > Erhalten Sie regelm\u00e4\u00dfig Informationen \u00fcber die Aktivit\u00e4ten der Vereinigung und die wichtigsten Neuigkeiten aus dem Bereich der seltenen Erkrankungen in Luxemburg.<\/p>\n<\/div><div class=\"edgtf-icon-list-item\">\n\t<div class=\"edgtf-icon-list-icon-holder\">\n        <div class=\"edgtf-icon-list-icon-holder-inner clearfix\">\n\t\t\t<i class=\"edgtf-icon-font-awesome fa fa-check \" style=\"\" ><\/i>\t\t<\/div>\n\t<\/div>\n\t<p class=\"edgtf-icon-list-text\"  > Werden Sie zu den Sport- und Freizeitaktivit\u00e4ten von ALAN eingeladen, wenn Sie von einer seltenen Erkrankung betroffen sind.<\/p>\n<\/div><div class=\"edgtf-icon-list-item\">\n\t<div class=\"edgtf-icon-list-icon-holder\">\n        <div class=\"edgtf-icon-list-icon-holder-inner clearfix\">\n\t\t\t<i class=\"edgtf-icon-font-awesome fa fa-check \" style=\"\" ><\/i>\t\t<\/div>\n\t<\/div>\n\t<p class=\"edgtf-icon-list-text\"  > Leisten Sie einen wertvollen Beitrag zur Wahrnehmung und Anerkennung der Anliegen der Menschen mit einer seltenen Krankheit in unserer Gesellschaft.<\/p>\n<\/div><div class=\"edgtf-icon-list-item\">\n\t<div class=\"edgtf-icon-list-icon-holder\">\n        <div class=\"edgtf-icon-list-icon-holder-inner clearfix\">\n\t\t\t<i class=\"edgtf-icon-font-awesome fa fa-check \" style=\"\" ><\/i>\t\t<\/div>\n\t<\/div>\n\t<p class=\"edgtf-icon-list-text\"  > Unterst\u00fctzen Sie finanziell eine Organisation, welche Personen und Familien hilft, die in Luxemburg mit einer seltenen Krankheit leben.<\/p>\n<\/div>\t\t<\/div>\n\t<\/div>\n\t<\/div><div class=\"edgtf-elements-holder-item edgtf-vertical-alignment-top\" data-item-class=\"edgtf-elements-holder-custom-267963\" data-1280-1600=\"6% 3%\" data-1024-1280=\"6% 3%\" data-768-1024=\"4% 3%\" data-600-768=\"4% 3%\" data-480-600=\"3% 2%\" data-480=\"3% 2%\" >\n\t\t<div class=\"edgtf-elements-holder-item-inner\">\n\t\t<div class=\"edgtf-elements-holder-item-content edgtf-elements-holder-custom-267963\" style=\"padding: 6% 3%\">\n\t\t\t[vc_column_text]<\/p>\n<h3>Formen der Mitgliedschaft<\/h3>\n<p>[\/vc_column_text][vc_empty_space height=&#8221;35px&#8221;][vc_column_text css=&#8221;&#8221;]Nat\u00fcrliche Personen haben die Wahl, ob sie als Einzelperson oder als Familie Mitglied bei ALAN werden. Durch eine Familienmitgliedschaft k\u00f6nnen Mitglieder der engeren Familie an den Sport- und Freizeitaktivit\u00e4ten von ALAN teilnehmen.<\/p>\n<p>Jede nat\u00fcrliche oder juristische Person, welche das Antragsformular ausf\u00fcllt und die Jahresgeb\u00fchr bezahlt, wird automatisch ein <strong>verbundenes \u201esympathisierendes\u201c Mitglied<\/strong>. Sympathisierende Mitglieder k\u00f6nnen an ordentlichen und\/oder au\u00dferordentlichen Generalversammlungen teilnehmen, haben jedoch kein Stimmrecht.<\/p>\n<p>Ein sympathisierendes Mitglied kann &#8220;<strong>aktives Mitglied<\/strong>&#8221; werden, indem es ein Bewerbungsschreiben an die Pr\u00e4sidentin des Verwaltungsrates sendet. Aktive Mitglieder haben ein Stimmrecht auf ordentlichen und au\u00dferordentlichen Generalversammlungen. Sie k\u00f6nnen auch Mitglied des Verwaltungsrates werden.<\/p>\n<p>Jedes Mitglied verpflichtet sich, die <a href=\"https:\/\/alan.lu\/wp-content\/uploads\/2024\/10\/Charte-dadhesion-a-ALAN_2024_DE-1.pdf\">Mitgliedschaftscharta<\/a> und die <a href=\"https:\/\/alan.lu\/wp-content\/uploads\/2024\/10\/Statuts-dALAN-2024.pdf\">Satzung<\/a> von ALAN durchzulesen und zu respektieren.[\/vc_column_text][vc_empty_space height=&#8221;35px&#8221;]\t\t<\/div>\n\t<\/div>\n\t<\/div><\/div><div class=\"edgtf-elements-holder edgtf-two-columns edgtf-responsive-mode-1024\" ><div class=\"edgtf-elements-holder-item edgtf-vertical-alignment-top\" data-item-class=\"edgtf-elements-holder-custom-704459\" data-1280-1600=\"6% 3%\" data-1024-1280=\"6% 3%\" data-768-1024=\"4% 3%\" data-600-768=\"4% 3%\" data-480-600=\"3% 2%\" data-480=\"3% 2%\" >\n\t\t<div class=\"edgtf-elements-holder-item-inner\">\n\t\t<div class=\"edgtf-elements-holder-item-content edgtf-elements-holder-custom-704459\" style=\"padding: 6% 3%\">\n\t\t\t[vc_column_text el_id=&#8221;become-member-section&#8221;]<\/p>\n<h3>Wie kann ich Mitglied werden?<\/h3>\n<p>[\/vc_column_text][vc_empty_space height=&#8221;35px&#8221;][vc_column_text css=&#8221;&#8221;]Sie k\u00f6nnen als Einzelperson oder Familie Mitglied bei ALAN werden indem Sie ein Online-Formular ausf\u00fcllen und die j\u00e4hrliche Geb\u00fchr von <strong>20 \u20ac<\/strong> f\u00fcr pers\u00f6nliche Mitgliedschaften oder <strong>30 \u20ac<\/strong> f\u00fcr Familienmitgliedschaften zahlen.<\/p>\n<p>Zahlungen k\u00f6nnen per PayPal, Kreditkarte, oder traditioneller \u00dcberweisung erfolgen. Um das Formular auszuf\u00fcllen und \/ oder online zu bezahlen, klicken Sie einfach auf die unterstehende Schaltfl\u00e4che.[\/vc_column_text]\t\t<\/div>\n\t<\/div>\n\t<\/div><div class=\"edgtf-elements-holder-item edgtf-vertical-alignment-top\" data-item-class=\"edgtf-elements-holder-custom-823688\" data-1280-1600=\"6% 10% 10% 3%\" data-1024-1280=\"7% 13% 10% 6%\" data-768-1024=\"4% 9% 1% 9%\" data-600-768=\"3% 4% 3% 6%\" data-480-600=\"3% 2% 2% 4%\" data-480=\"3% 2% 2% 4%\" >\n\t\t<div class=\"edgtf-elements-holder-item-inner\">\n\t\t<div class=\"edgtf-elements-holder-item-content edgtf-elements-holder-custom-823688\" style=\"padding: 6% 15% 10% 14%\">\n\t\t\t[vc_empty_space height=&#8221;65px&#8221; el_class=&#8221;ld-display-block&#8221;][vc_column_text]Wenn Sie ALAN als juristische Person beitreten m\u00f6chten, bitten wir Sie, dieses <a href=\"\/wp-content\/uploads\/2020\/09\/legal_entity_de.pdf\" target=\"_blank\" rel=\"noopener noreferrer\">Formular<\/a> auszuf\u00fcllen, an ALAN zu zur\u00fcckzuschicken und den j\u00e4hrlichen Mitgliedsbeitrag f\u00fcr juristische Personen von <strong>50 \u20ac<\/strong> zu \u00fcberweisen.[\/vc_column_text]\t\t<\/div>\n\t<\/div>\n\t<\/div><\/div><div class=\"edgtf-elements-holder edgtf-responsive-mode-768\" ><div class=\"edgtf-elements-holder-item \" data-item-class=\"edgtf-elements-holder-custom-946082\" >\n\t\t<div class=\"edgtf-elements-holder-item-inner\">\n\t\t<div class=\"edgtf-elements-holder-item-content edgtf-elements-holder-custom-946082\" >\n\t\t\t[vc_row_inner content_aligment=&#8221;center&#8221;][vc_column_inner el_class=&#8221;ld-display-none&#8221;][vc_empty_space height=&#8221;25px&#8221; css=&#8221;.vc_custom_1603976676672{padding-left: 50px !important;}&#8221; el_class=&#8221;ld-display-none&#8221;][\/vc_column_inner][\/vc_row_inner]\t\t<\/div>\n\t<\/div>\n\t<\/div><\/div><div class=\"edgtf-elements-holder edgtf-responsive-mode-768\" ><div class=\"edgtf-elements-holder-item \" data-item-class=\"edgtf-elements-holder-custom-817601\" >\n\t\t<div class=\"edgtf-elements-holder-item-inner\">\n\t\t<div class=\"edgtf-elements-holder-item-content edgtf-elements-holder-custom-817601\" >\n\t\t\t[vc_row_inner content_aligment=&#8221;center&#8221;][vc_column_inner][vc_column_text el_class=&#8221;display-inline-block&#8221;]<a itemprop=\"url\" href=\"https:\/\/alan.lu\/de\/checkout\/?add-to-cart=30818\" target=\"_self\" style=\"color: white; background-color: #00bcdf; border-color: #00bcdf; font-weight: 600;\" class=\"edgtf-btn edgtf-btn-medium edgtf-btn-solid edgtf-btn-custom-hover-bg edgtf-btn-custom-border-hover edgtf-btn-custom-hover-color\" data-hover-bg-color=\"#ffffff\" data-hover-color=\"#00bcdf\" data-hover-border-color=\"#00bcdf\" data-wahfont=\"15\" role=\"link\">\n\t<span class=\"edgtf-btn-text\" data-wahfont=\"15\">Mitgliedschaft f\u00fcr Einzelpersonen<\/span>\n    <\/a>[\/vc_column_text][vc_empty_space height=&#8221;20px&#8221; css=&#8221;.vc_custom_1604262046222{padding-left: 50px !important;}&#8221; el_class=&#8221;display-inline-block sd-display-block&#8221;][vc_column_text el_class=&#8221;display-inline-block&#8221;]<a itemprop=\"url\" href=\"https:\/\/alan.lu\/de\/checkout\/?add-to-cart=30819\" target=\"_self\" style=\"color: white; background-color: #ee3f75; border-color: #ee3f75; font-weight: 600;\" class=\"edgtf-btn edgtf-btn-medium edgtf-btn-solid edgtf-btn-custom-hover-bg edgtf-btn-custom-border-hover edgtf-btn-custom-hover-color\" data-hover-bg-color=\"#ffffff\" data-hover-color=\"#ee3f75\" data-hover-border-color=\"#ee3f75\" data-wahfont=\"15\" role=\"link\">\n\t<span class=\"edgtf-btn-text\" data-wahfont=\"15\">Mitgliedschaft f\u00fcr Familien<\/span>\n    <\/a>[\/vc_column_text][\/vc_column_inner][\/vc_row_inner]\t\t<\/div>\n\t<\/div>\n\t<\/div><\/div><div class=\"edgtf-elements-holder edgtf-responsive-mode-768\" ><div class=\"edgtf-elements-holder-item \" data-item-class=\"edgtf-elements-holder-custom-149672\" >\n\t\t<div class=\"edgtf-elements-holder-item-inner\">\n\t\t<div class=\"edgtf-elements-holder-item-content edgtf-elements-holder-custom-149672\" >\n\t\t\t[vc_row_inner content_aligment=&#8221;center&#8221;][vc_column_inner][vc_empty_space height=&#8221;25px&#8221; css=&#8221;.vc_custom_1603977220441{padding-left: 50px !important;}&#8221;][\/vc_column_inner][\/vc_row_inner]\t\t<\/div>\n\t<\/div>\n\t<\/div><\/div><div class=\"edgtf-elements-holder edgtf-responsive-mode-768\" ><div class=\"edgtf-elements-holder-item \" data-item-class=\"edgtf-elements-holder-custom-310355\" >\n\t\t<div class=\"edgtf-elements-holder-item-inner\">\n\t\t<div class=\"edgtf-elements-holder-item-content edgtf-elements-holder-custom-310355\" >\n\t\t\t[vc_row_inner][vc_column_inner][vc_empty_space height=&#8221;30px&#8221;][vc_column_text]<\/p>\n<h2 style=\"color: #00b5dd;\">Zusammen sind wir st\u00e4rker! Vielen Dank!<\/h2>\n<p>[\/vc_column_text][vc_empty_space height=&#8221;60px&#8221;][\/vc_column_inner][\/vc_row_inner]\t\t<\/div>\n\t<\/div>\n\t<\/div><\/div>[\/vc_column][\/vc_row][vc_row content_width=&#8221;grid&#8221; css=&#8221;.vc_custom_1604258833876{padding-top: 0px !important;padding-bottom: 0px !important;}&#8221;][vc_column][vc_empty_space height=&#8221;50px&#8221;][\/vc_column][\/vc_row][vc_row content_width=&#8221;grid&#8221; css=&#8221;.vc_custom_1604262348985{padding-top: 0px !important;padding-bottom: 30px !important;}&#8221;][vc_column width=&#8221;1\/2&#8243; css=&#8221;.vc_custom_1604261954095{padding-bottom: 30px !important;}&#8221;]<div class=\"edgtf-banner\">\n\t\t<div class=\"edgtf-banner-image\">\n\t\t\t<img decoding=\"async\" src=\"https:\/\/alan.lu\/wp-content\/uploads\/2020\/07\/pattern-support-volunteer.png\" alt=\"Image2\" \/>\n\t<\/div>\n\t<div class=\"edgtf-banner-text-holder\">\n\t\t<div class=\"edgtf-banner-text-table\">\n\t\t\t<div class=\"edgtf-banner-text-cell\">\n\t\t\t\t\t\t\t\t\t\t\t\t\t<h3 class=\"edgtf-banner-title\" style=\"color:#ffffff\">\n\t\t\t\t\t\t<span>Engagieren Sie sich ehrenamtlich<\/span>\n\t\t\t\t\t<\/h3>\n\t\t\t\t\t\t\t\t\t\t\t\t\t<a href=\"\/de\/engagieren-sie-sich-ehrenamtlich\/\" target=\"_self\" class=\"edgtf-banner-read-more\" style=\"color:#39bb9d\">Engagieren Sie sich ehrenamtlich<\/a>\n\t\t\t\t\t\t\t<\/div>\n\t\t<\/div>\n\t<\/div>\n\t<\/div>[\/vc_column][vc_column width=&#8221;1\/2&#8243; css=&#8221;.vc_custom_1604262354245{padding-bottom: 30px !important;}&#8221;]<div class=\"edgtf-banner\">\n\t\t<div class=\"edgtf-banner-image\">\n\t\t\t<img decoding=\"async\" src=\"https:\/\/alan.lu\/wp-content\/uploads\/2020\/07\/pattern-support-donate.png\" alt=\"Image2\" \/>\n\t<\/div>\n\t<div class=\"edgtf-banner-text-holder\">\n\t\t<div class=\"edgtf-banner-text-table\">\n\t\t\t<div class=\"edgtf-banner-text-cell\">\n\t\t\t\t\t\t\t\t\t\t\t\t\t<h3 class=\"edgtf-banner-title\" style=\"color:#ffffff\">\n\t\t\t\t\t\t<span>Jede Spende z\u00e4hlt<\/span>\n\t\t\t\t\t<\/h3>\n\t\t\t\t\t\t\t\t\t\t\t\t\t<a href=\"\/de\/spenden\/\" target=\"_self\" class=\"edgtf-banner-read-more\" style=\"color:#ee3f75\">Spenden Sie<\/a>\n\t\t\t\t\t\t\t<\/div>\n\t\t<\/div>\n\t<\/div>\n\t<\/div>[\/vc_column][\/vc_row][vc_row content_width=&#8221;grid&#8221; css=&#8221;.vc_custom_1596118384380{padding-top: 36px !important;padding-bottom: 41px !important;background-color: #ee3f75 !important;}&#8221;][vc_column css=&#8221;.vc_custom_1492609383973{padding-top: 2px !important;}&#8221;]\t<div class=\"edgtf-call-to-action normal\" style=\"background-color: #ee3f75;\">\n\n\t\t\t\t<div class=\"edgtf-container-inner\">\n\t\t\t\t\t<div class=\"edgtf-call-to-action-row-75-25 clearfix\" style=\"padding: 20px;\">\n\t\t\t\t\t\t<div class=\"edgtf-text-wrapper edgtf-call-to-action-column1 edgtf-call-to-action-cell left\">\n\t\t\t\t\t<div class=\"edgtf-call-to-action-text\" style=\"text-align: left\">\n<h2><span style=\"color: #ffffff;\">Get in touch to tell us your story<\/span><\/h2>\n\t\t\t\t\t\t\t\t\t\t\t<\/div>\n\t\t\t\t<\/div>\n\n\t\t\t\t\t\t\t\t\t<div class=\"edgtf-button-wrapper edgtf-call-to-action-column2 edgtf-call-to-action-cell\" style =\"text-align: right ;\">\n\t\t\t\t\t\t<a itemprop=\"url\" href=\"\/de\/alan-kontaktieren\/\" target=\"_self\" style=\"color: #ee3f75;background-color: #ffffff;border-color: #ffffff\" class=\"edgtf-btn edgtf-btn-large edgtf-btn-solid edgtf-btn-custom-hover-bg edgtf-btn-custom-border-hover edgtf-btn-custom-hover-color\" data-hover-bg-color=\"#ee3f75\" data-hover-color=\"#ffffff\" data-hover-border-color=\"#ffffff\" >\t<span class=\"edgtf-btn-text\">Kontakt<\/span>    <\/a>\t\t\t\t\t<\/div>\n\t\t\t\t\t\t\t<\/div>\n\t\t\t\t<\/div>\n\t\t\t<\/div>\n[\/vc_column][\/vc_row]<\/p>\n<\/div>","protected":false},"excerpt":{"rendered":"<p>[vc_row css=&#8221;.vc_custom_1599751555902{padding-top: 15px !important;padding-bottom: 0px !important;background-image: url(https:\/\/alan.lu\/wp-content\/uploads\/2020\/09\/Blue-White-background.jpg?id=18806) !important;background-position: center !important;background-repeat: no-repeat !important;background-size: cover !important;}&#8221;][vc_column][vc_empty_space height=&#8221;35px&#8221;][vc_column_text] Werden Sie Mitglied [\/vc_column_text][vc_empty_space height=&#8221;14px&#8221;][vc_row_inner content_aligment=&#8221;center&#8221; el_class=&#8221;show-below-md&#8221;][vc_column_inner][vc_empty_space height=&#8221;20px&#8221; el_class=&#8221;display-block&#8221;][\/vc_column_inner][\/vc_row_inner][\/vc_column][\/vc_row][vc_row content_width=&#8221;grid&#8221; css=&#8221;.vc_custom_1604258833876{padding-top: 0px !important;padding-bottom: 0px !important;}&#8221;][vc_column][vc_empty_space&#8230;<\/p>\n","protected":false},"author":1,"featured_media":0,"parent":0,"menu_order":0,"comment_status":"closed","ping_status":"closed","template":"","meta":{"give_campaign_id":0,"inline_featured_image":false,"footnotes":""},"class_list":["post-21286","page","type-page","status-publish","hentry"],"yoast_head":"<!-- This site is optimized with the Yoast SEO plugin v26.9 - https:\/\/yoast.com\/product\/yoast-seo-wordpress\/ -->\n<title>Werden Sie Mitglied der Vereinigung f\u00fcr seltene Erkrankungen ALAN - ALAN<\/title>\n<meta name=\"description\" content=\"Werden Sie Mitglied bei ALAN und schliessen Sie sich somit einer Gesellschaft von Menschen mit seltenen Erkrankungen, deren Familien und Freunde, Freiwilligen, juristischen Personen und Unterst\u00fctzer an.\" \/>\n<meta name=\"robots\" content=\"index, follow, max-snippet:-1, max-image-preview:large, max-video-preview:-1\" \/>\n<link rel=\"canonical\" href=\"https:\/\/alan.lu\/de\/werden-sie-mitglied\/\" \/>\n<meta property=\"og:locale\" content=\"de_DE\" \/>\n<meta property=\"og:type\" content=\"article\" \/>\n<meta property=\"og:title\" content=\"Werden Sie Mitglied der Vereinigung f\u00fcr seltene Erkrankungen ALAN - ALAN\" \/>\n<meta property=\"og:description\" content=\"Werden Sie Mitglied bei ALAN und schliessen Sie sich somit einer Gesellschaft von Menschen mit seltenen Erkrankungen, deren Familien und Freunde, Freiwilligen, juristischen Personen und Unterst\u00fctzer an.\" \/>\n<meta property=\"og:url\" content=\"https:\/\/alan.lu\/de\/werden-sie-mitglied\/\" \/>\n<meta property=\"og:site_name\" content=\"ALAN\" \/>\n<meta property=\"article:modified_time\" content=\"2024-10-14T07:44:51+00:00\" \/>\n<meta name=\"twitter:card\" content=\"summary_large_image\" \/>\n<meta name=\"twitter:label1\" content=\"Gesch\u00e4tzte Lesezeit\" \/>\n\t<meta name=\"twitter:data1\" content=\"3\u00a0Minuten\" \/>\n<script type=\"application\/ld+json\" class=\"yoast-schema-graph\">{\"@context\":\"https:\/\/schema.org\",\"@graph\":[{\"@type\":\"WebPage\",\"@id\":\"https:\/\/alan.lu\/de\/werden-sie-mitglied\/\",\"url\":\"https:\/\/alan.lu\/de\/werden-sie-mitglied\/\",\"name\":\"Werden Sie Mitglied der Vereinigung f\u00fcr seltene Erkrankungen ALAN - ALAN\",\"isPartOf\":{\"@id\":\"https:\/\/alan.lu\/de\/#website\"},\"datePublished\":\"2020-09-04T09:50:59+00:00\",\"dateModified\":\"2024-10-14T07:44:51+00:00\",\"description\":\"Werden Sie Mitglied bei ALAN und schliessen Sie sich somit einer Gesellschaft von Menschen mit seltenen Erkrankungen, deren Familien und Freunde, Freiwilligen, juristischen Personen und Unterst\u00fctzer an.\",\"breadcrumb\":{\"@id\":\"https:\/\/alan.lu\/de\/werden-sie-mitglied\/#breadcrumb\"},\"inLanguage\":\"de\",\"potentialAction\":[{\"@type\":\"ReadAction\",\"target\":[\"https:\/\/alan.lu\/de\/werden-sie-mitglied\/\"]}]},{\"@type\":\"BreadcrumbList\",\"@id\":\"https:\/\/alan.lu\/de\/werden-sie-mitglied\/#breadcrumb\",\"itemListElement\":[{\"@type\":\"ListItem\",\"position\":1,\"name\":\"Accueil\",\"item\":\"https:\/\/alan.lu\/de\/\"},{\"@type\":\"ListItem\",\"position\":2,\"name\":\"Werden Sie Mitglied\"}]},{\"@type\":\"WebSite\",\"@id\":\"https:\/\/alan.lu\/de\/#website\",\"url\":\"https:\/\/alan.lu\/de\/\",\"name\":\"ALAN\",\"description\":\"Rare Diseases Luxembourg\",\"potentialAction\":[{\"@type\":\"SearchAction\",\"target\":{\"@type\":\"EntryPoint\",\"urlTemplate\":\"https:\/\/alan.lu\/de\/?s={search_term_string}\"},\"query-input\":{\"@type\":\"PropertyValueSpecification\",\"valueRequired\":true,\"valueName\":\"search_term_string\"}}],\"inLanguage\":\"de\"}]}<\/script>\n<!-- \/ Yoast SEO plugin. -->","yoast_head_json":{"title":"Werden Sie Mitglied der Vereinigung f\u00fcr seltene Erkrankungen ALAN - ALAN","description":"Werden Sie Mitglied bei ALAN und schliessen Sie sich somit einer Gesellschaft von Menschen mit seltenen Erkrankungen, deren Familien und Freunde, Freiwilligen, juristischen Personen und Unterst\u00fctzer an.","robots":{"index":"index","follow":"follow","max-snippet":"max-snippet:-1","max-image-preview":"max-image-preview:large","max-video-preview":"max-video-preview:-1"},"canonical":"https:\/\/alan.lu\/de\/werden-sie-mitglied\/","og_locale":"de_DE","og_type":"article","og_title":"Werden Sie Mitglied der Vereinigung f\u00fcr seltene Erkrankungen ALAN - ALAN","og_description":"Werden Sie Mitglied bei ALAN und schliessen Sie sich somit einer Gesellschaft von Menschen mit seltenen Erkrankungen, deren Familien und Freunde, Freiwilligen, juristischen Personen und Unterst\u00fctzer an.","og_url":"https:\/\/alan.lu\/de\/werden-sie-mitglied\/","og_site_name":"ALAN","article_modified_time":"2024-10-14T07:44:51+00:00","twitter_card":"summary_large_image","twitter_misc":{"Gesch\u00e4tzte Lesezeit":"3\u00a0Minuten"},"schema":{"@context":"https:\/\/schema.org","@graph":[{"@type":"WebPage","@id":"https:\/\/alan.lu\/de\/werden-sie-mitglied\/","url":"https:\/\/alan.lu\/de\/werden-sie-mitglied\/","name":"Werden Sie Mitglied der Vereinigung f\u00fcr seltene Erkrankungen ALAN - ALAN","isPartOf":{"@id":"https:\/\/alan.lu\/de\/#website"},"datePublished":"2020-09-04T09:50:59+00:00","dateModified":"2024-10-14T07:44:51+00:00","description":"Werden Sie Mitglied bei ALAN und schliessen Sie sich somit einer Gesellschaft von Menschen mit seltenen Erkrankungen, deren Familien und Freunde, Freiwilligen, juristischen Personen und Unterst\u00fctzer an.","breadcrumb":{"@id":"https:\/\/alan.lu\/de\/werden-sie-mitglied\/#breadcrumb"},"inLanguage":"de","potentialAction":[{"@type":"ReadAction","target":["https:\/\/alan.lu\/de\/werden-sie-mitglied\/"]}]},{"@type":"BreadcrumbList","@id":"https:\/\/alan.lu\/de\/werden-sie-mitglied\/#breadcrumb","itemListElement":[{"@type":"ListItem","position":1,"name":"Accueil","item":"https:\/\/alan.lu\/de\/"},{"@type":"ListItem","position":2,"name":"Werden Sie Mitglied"}]},{"@type":"WebSite","@id":"https:\/\/alan.lu\/de\/#website","url":"https:\/\/alan.lu\/de\/","name":"ALAN","description":"Rare Diseases Luxembourg","potentialAction":[{"@type":"SearchAction","target":{"@type":"EntryPoint","urlTemplate":"https:\/\/alan.lu\/de\/?s={search_term_string}"},"query-input":{"@type":"PropertyValueSpecification","valueRequired":true,"valueName":"search_term_string"}}],"inLanguage":"de"}]}},"campaignId":"","_links":{"self":[{"href":"https:\/\/alan.lu\/de\/wp-json\/wp\/v2\/pages\/21286","targetHints":{"allow":["GET"]}}],"collection":[{"href":"https:\/\/alan.lu\/de\/wp-json\/wp\/v2\/pages"}],"about":[{"href":"https:\/\/alan.lu\/de\/wp-json\/wp\/v2\/types\/page"}],"author":[{"embeddable":true,"href":"https:\/\/alan.lu\/de\/wp-json\/wp\/v2\/users\/1"}],"replies":[{"embeddable":true,"href":"https:\/\/alan.lu\/de\/wp-json\/wp\/v2\/comments?post=21286"}],"version-history":[{"count":14,"href":"https:\/\/alan.lu\/de\/wp-json\/wp\/v2\/pages\/21286\/revisions"}],"predecessor-version":[{"id":29814,"href":"https:\/\/alan.lu\/de\/wp-json\/wp\/v2\/pages\/21286\/revisions\/29814"}],"wp:attachment":[{"href":"https:\/\/alan.lu\/de\/wp-json\/wp\/v2\/media?parent=21286"}],"curies":[{"name":"wp","href":"https:\/\/api.w.org\/{rel}","templated":true}]}}