{"id":21340,"date":"2020-08-27T16:33:27","date_gmt":"2020-08-27T14:33:27","guid":{"rendered":"https:\/\/alan.wearequattro.com\/living-with-a-rare-disease\/"},"modified":"2025-10-07T10:52:31","modified_gmt":"2025-10-07T08:52:31","slug":"mit-einer-seltenen-erkrankung-leben","status":"publish","type":"page","link":"https:\/\/alan.lu\/de\/mit-einer-seltenen-erkrankung-leben\/","title":{"rendered":"Mit einer seltenen Erkrankung leben"},"content":{"rendered":"<div class=\"wpb-content-wrapper\"><p>[vc_row content_width=&#8221;grid&#8221;][vc_column][vc_column_text]<\/p>\n<h2 style=\"text-align: center;\">Gemeinsame Herausforderungen<\/h2>\n<p>[\/vc_column_text][vc_empty_space height=&#8221;14px&#8221;]\n<p class=\"edgtf-section-subtitle\" style=\"text-align:center;color:#58595b\">\n\tObwohl seltene Erkrankungen in ihren Symptomen, ihrer Behandlung und Pflege sehr unterschiedlich sind, haben sie einen grundlegenden Aspekt gemeinsam: die HERAUSFORDERUNGEN, die sie mit sich bringen. Viele Personen und Familien, die von einer seltenen Erkrankung betroffen sind, erleben folgende Herausforderungen:<\/p><div class=\"edgtf-separator-holder clearfix  edgtf-separator-center\">\n\t<div class=\"edgtf-separator\" style=\"border-color: #00bcdf;width: 50px;border-bottom-width: 3px;margin-top: 25px;margin-bottom: 25px\"><\/div>\n<\/div>\n[vc_empty_space height=&#8221;50px&#8221;][\/vc_column][\/vc_row][vc_row][vc_column][vc_row_inner][vc_column_inner width=&#8221;1\/2&#8243;][vc_single_image image=&#8221;22032&#8243; img_size=&#8221;full&#8221;][vc_empty_space height=&#8221;50px&#8221;][\/vc_column_inner][vc_column_inner width=&#8221;1\/2&#8243;][vc_column_text]<\/p>\n<h3 style=\"text-align: left;\">Langer Weg zur Diagnose<\/h3>\n<p>[\/vc_column_text][vc_empty_space height=&#8221;35px&#8221;][vc_column_text]Es dauert durchschnittlich 5 Jahre, bis eine Person mit einer seltenen Erkrankung eine korrekte Diagnose erh\u00e4lt. Oft werden Symptome zun\u00e4chst nicht ernst genommen, wenn \u00c4rzte keine offensichtliche Diagnose finden k\u00f6nnen. Was folgt, sind jahrelange Besuche bei Spezialisten, Tests und manchmal Fehldiagnosen. Dies f\u00fchrt zu einer Verz\u00f6gerung bei der angemessenen Behandlung, Pflege und Therapie.<\/p>\n<p>Es ist eine Zeit der Unsicherheit, Angst, Wut und Frustration f\u00fcr die Menschen, die mit der Krankheit leben, und deren Familien.<br \/>\n[\/vc_column_text][vc_empty_space height=&#8221;50px&#8221;][\/vc_column_inner][\/vc_row_inner][vc_row_inner][vc_column_inner width=&#8221;1\/2&#8243;][vc_column_text]<\/p>\n<h3 style=\"text-align: left;\">Isolation<\/h3>\n<p>[\/vc_column_text][vc_empty_space height=&#8221;35px&#8221;][vc_column_text]Die Kombination aus z.T. mangelndem Fachwissen im Gesundheitssektor und oft mangelndem Verst\u00e4ndnis unter Freunden und Bekannten f\u00fchrt dazu, dass sich viele Menschen mit einer seltenen Erkrankung alleingelassen f\u00fchlen.<\/p>\n<p>Dar\u00fcber hinaus sind viele Betroffene am Arbeitsplatz, in der Schule oder in der \u00d6ffentlichkeit Diskriminierung, Ausgrenzung und Stigmatisierung ausgesetzt. Dies gilt nicht nur f\u00fcr Menschen mit einer sichtbaren Behinderung, sondern insbesondere auch f\u00fcr Menschen mit Symptomen, die nicht jeden Tag gleich stark ausfallen oder unsichtbar sind.<br \/>\n[\/vc_column_text][vc_empty_space height=&#8221;50px&#8221;][\/vc_column_inner][vc_column_inner width=&#8221;1\/2&#8243;][vc_single_image image=&#8221;21348&#8243; img_size=&#8221;full&#8221;][vc_empty_space height=&#8221;50px&#8221;][\/vc_column_inner][\/vc_row_inner][vc_row_inner][vc_column_inner width=&#8221;1\/2&#8243;][vc_single_image image=&#8221;21347&#8243; img_size=&#8221;full&#8221;][vc_empty_space height=&#8221;50px&#8221;][\/vc_column_inner][vc_column_inner width=&#8221;1\/2&#8243;][vc_column_text]<\/p>\n<h3 style=\"text-align: left;\">Wenig Medikamente &amp; Therapien<\/h3>\n<p>[\/vc_column_text][vc_empty_space height=&#8221;35px&#8221;][vc_column_text]F\u00fcr die meisten seltenen Erkrankungen sind die Behandlungsm\u00f6glichkeiten sehr begrenzt. Die vorhandenen Therapien und Medikamente bek\u00e4mpfen haupts\u00e4chlich die Symptome, nicht die Ursachen. Einer der Hauptgr\u00fcnde f\u00fcr diesen Mangel ist die Tatsache, dass seltene Erkrankungen per Definition nur einen kleinen Teil der Bev\u00f6lkerung betreffen. Die geringe Anzahl an Patienten stellt einerseits eine Herausforderung f\u00fcr klinische Studien dar, bei denen viele Teilnehmer ben\u00f6tigt werden. Andererseits ist Medikamentenforschung im Bereich seltener Erkrankungen auf Grund der geringen Anzahl von Patienten wenig interessant f\u00fcr Pharmaunternehmen.<\/p>\n<p>Wenn eine Behandlung f\u00fcr eine seltene Erkrankungen verf\u00fcgbar ist, m\u00fcssen andere H\u00fcrden \u00fcberwunden werden. Die Behandlungen sind oft komplex und teuer. Der Zugang zu neuen Medikamenten in Luxemburg ist nicht immer gew\u00e4hrleistet und\u00a0 Betroffene m\u00fcssen oft viele administrative H\u00fcrden bew\u00e4ltigen.[\/vc_column_text][vc_empty_space height=&#8221;50px&#8221;][\/vc_column_inner][\/vc_row_inner][vc_row_inner][vc_column_inner width=&#8221;1\/2&#8243;][vc_column_text]<\/p>\n<h3 style=\"text-align: left;\">Anpassungen am Arbeitsplatz &amp; in der Schule<\/h3>\n<p>[\/vc_column_text][vc_empty_space height=&#8221;35px&#8221;][vc_column_text css=&#8221;&#8221;]Aufgrund der Symptome der seltenen Erkrankung verlieren viel Betroffene einen Teil ihre Unabh\u00e4ngigkeit. Laut einer rezenten Umfrage von <a href=\"http:\/\/download2.eurordis.org.s3.amazonaws.com\/rbv\/2017_05_09_Social%20survey%20leaflet%20final.pdf\">EURORDIS<\/a> (Rare Diseases Europe) haben 8 von 10 Betroffene und deren pflegende Angeh\u00f6rige Schwierigkeiten, t\u00e4gliche Aufgaben wie Hausarbeiten auszuf\u00fchren. Je nach Schwere der Erkrankung m\u00fcssen viele praktische H\u00fcrden \u00fcberwunden werden, z. B. der Zugang zu technischen Hilfsmitteln, teure Anpassungen im Haus und die Umgestaltung des Arbeitsplatzes (sofern m\u00f6glich).<\/p>\n<p>Viele der Kinder, die mit einer seltenen Erkrankung leben, haben spezifische Bed\u00fcrfnisse, welche ber\u00fccksichtigt werden m\u00fcssen, damit sie sich optimal in der Schule entfalten k\u00f6nnen. Erwachsene mit einer seltenen Erkrankung oder Familienangeh\u00f6rige m\u00fcssen h\u00e4ufig ihre berufliche T\u00e4tigkeit anpassen, reduzieren oder einstellen, um die zahlreichen Folgen der Krankheit im Alltag zu bew\u00e4ltigen.[\/vc_column_text][vc_empty_space height=&#8221;50px&#8221;][\/vc_column_inner][vc_column_inner width=&#8221;1\/2&#8243;][vc_single_image image=&#8221;22035&#8243; img_size=&#8221;full&#8221;][vc_empty_space height=&#8221;50px&#8221;][\/vc_column_inner][\/vc_row_inner][vc_row_inner][vc_column_inner width=&#8221;1\/2&#8243;][vc_single_image image=&#8221;21349&#8243; img_size=&#8221;full&#8221;][vc_empty_space height=&#8221;50px&#8221;][\/vc_column_inner][vc_column_inner width=&#8221;1\/2&#8243;][vc_column_text]<\/p>\n<h3 style=\"text-align: left;\">Risiko von Psychopathologien<\/h3>\n<p>[\/vc_column_text][vc_empty_space height=&#8221;35px&#8221;][vc_column_text css=&#8221;&#8221;]Alle vorgenannten Aspekte: die emotional turbulente Zeit bis zur Diagnose, die Isolation, die geringen Heilungsm\u00f6glichkeiten, der Verlust der Unabh\u00e4ngigkeit, und die k\u00f6rperlichen Symptome f\u00fchren dazu, dass Menschen mit einer seltenen Erkrankung ein h\u00f6heres Risiko haben eine Psychopathologie zu entwickeln. Zum Beispiel geben laut einer <a href=\"http:\/\/download2.eurordis.org.s3.amazonaws.com\/rbv\/2017_05_09_Social%20survey%20leaflet%20final.pdf\" target=\"_blank\" rel=\"noopener noreferrer\">EURORDIS<\/a>-Umfrage dreimal mehr Menschen mit einer seltenen Erkrankung und deren pflegende Angeh\u00f6rige an, ungl\u00fccklich und deprimiert zu sein, als die allgemeine Bev\u00f6lkerung.[\/vc_column_text][vc_empty_space height=&#8221;50px&#8221;][\/vc_column_inner][\/vc_row_inner][vc_empty_space height=&#8221;50px&#8221;][vc_column_text]<\/p>\n<p style=\"text-align: center;\"><strong>Das Leben mit einer seltenen Erkrankung mag komplex und voller Herausforderungen sein. Aber es ist auch ein Leben, das von St\u00e4rke, Durchhalteverm\u00f6gen, Hoffnung, Dankbarkeit, Erf\u00fcllung und Freude gezeichnet ist. Lesen Sie unsere <a href=\"https:\/\/alan.lu\/de\/erfahrungsberichte\/\">Erfahrungsberichte<\/a>, in denen acht mutige M\u00e4nner und Frauen ihre Geschichte \u00fcber die Bew\u00e4ltigung ihrer Herausforderungen und die Suche nach Lebensfreude erz\u00e4hlen.<\/strong><\/p>\n<p style=\"text-align: center;\"><strong>Wenn Sie vor einer dieser Herausforderungen stehen oder eine bestimmte Frage haben, schauen Sie sich bitte die Arbeit unserer <a href=\"https:\/\/alan.lu\/de\/beratung-und-unterstuetzung\/\" target=\"_self\" rel=\"noopener noreferrer\">Beratungsstelle<\/a> an und z\u00f6gern Sie nicht, uns \u00fcber die <a href=\"https:\/\/alan.lu\/de\/alan-kontaktieren\/\">Infoline<\/a> zu kontaktieren. Wir sind hier, um Sie bei jeder Etappe Ihres Weges zu begleiten und zu unterst\u00fctzen.<\/strong><\/p>\n<p>[\/vc_column_text][vc_empty_space height=&#8221;80px&#8221;][\/vc_column][\/vc_row][vc_row content_width=&#8221;grid&#8221; css=&#8221;.vc_custom_1603354399161{padding-top: 36px !important;padding-bottom: 41px !important;}&#8221; el_id=&#8221;wrapper-contact-next-btn&#8221;][vc_column width=&#8221;1\/2&#8243; el_id=&#8221;wrapper-contact-next-col-1&#8243;]\t<div class=\"edgtf-call-to-action normal\" style=\"background-color: #ee3f75;\">\n\n\t\t\t\t\t<div class=\"edgtf-call-to-action-row-75-25 clearfix\" style=\"padding: 55px 15px;\">\n\t\t\t\t\t\t<div class=\"edgtf-text-wrapper edgtf-call-to-action-column1 edgtf-call-to-action-cell left\">\n\t\t\t\t\t<div class=\"edgtf-call-to-action-text\" style=\"text-align: left\"><span class=\"wrapper-contact-next-btn-text\">Melden Sie sich bei uns, wenn Sie Fragen haben oder Unterst\u00fctzung brauchen <\/span>\t\t\t\t\t\t\t\t\t\t\t<\/div>\n\t\t\t\t<\/div>\n\n\t\t\t\t\t\t\t\t\t<div class=\"edgtf-button-wrapper edgtf-call-to-action-column2 edgtf-call-to-action-cell\" style =\"text-align: right ;\">\n\t\t\t\t\t\t<a itemprop=\"url\" href=\"\/de\/alan-kontaktieren\/\" target=\"_self\" style=\"color: #ee3f75;background-color: #ffffff;border-color: #ffffff\" class=\"edgtf-btn edgtf-btn-large edgtf-btn-solid edgtf-btn-custom-hover-bg edgtf-btn-custom-border-hover edgtf-btn-custom-hover-color\" data-hover-bg-color=\"#ee3f75\" data-hover-color=\"#ffffff\" data-hover-border-color=\"#ffffff\" >\t<span class=\"edgtf-btn-text\">Kontakt<\/span>    <\/a>\t\t\t\t\t<\/div>\n\t\t\t\t\t\t\t<\/div>\n\t\t\t<\/div>\n[\/vc_column][vc_column width=&#8221;1\/2&#8243;]\t<div class=\"edgtf-call-to-action normal\" style=\"background-color: #00bcdf;\">\n\n\t\t\t\t\t<div class=\"edgtf-call-to-action-row-75-25 clearfix\" style=\"padding: 55px 15px;\">\n\t\t\t\t\t\t<div class=\"edgtf-text-wrapper edgtf-call-to-action-column1 edgtf-call-to-action-cell left\">\n\t\t\t\t\t<div class=\"edgtf-call-to-action-text\" style=\"text-align: left\"><span class=\"wrapper-contact-next-btn-text\">Entdecken Sie unserer Beratungsstelle<\/span>\t\t\t\t\t\t\t\t\t\t\t<\/div>\n\t\t\t\t<\/div>\n\n\t\t\t\t\t\t\t\t\t<div class=\"edgtf-button-wrapper edgtf-call-to-action-column2 edgtf-call-to-action-cell\" style =\"text-align: center ;\">\n\t\t\t\t\t\t<a itemprop=\"url\" href=\"https:\/\/alan.lu\/de\/beratung-und-unterstuetzung\/\" target=\"_self\" style=\"color: #00bcdf;background-color: #ffffff;border-color: #ffffff\" class=\"edgtf-btn edgtf-btn-large edgtf-btn-solid edgtf-btn-custom-hover-bg edgtf-btn-custom-border-hover edgtf-btn-custom-hover-color\" data-hover-bg-color=\"#00bcdf\" data-hover-color=\"#ffffff\" data-hover-border-color=\"#ffffff\" >\t<span class=\"edgtf-btn-text\">Weiter lesen<\/span>    <\/a>\t\t\t\t\t<\/div>\n\t\t\t\t\t\t\t<\/div>\n\t\t\t<\/div>\n[\/vc_column][\/vc_row]<\/p>\n<\/div>","protected":false},"excerpt":{"rendered":"<p>[vc_row content_width=&#8221;grid&#8221;][vc_column][vc_column_text] Gemeinsame Herausforderungen [\/vc_column_text][vc_empty_space height=&#8221;14px&#8221;][vc_empty_space height=&#8221;50px&#8221;][\/vc_column][\/vc_row][vc_row][vc_column][vc_row_inner][vc_column_inner width=&#8221;1\/2&#8243;][vc_single_image image=&#8221;22032&#8243; img_size=&#8221;full&#8221;][vc_empty_space height=&#8221;50px&#8221;][\/vc_column_inner][vc_column_inner width=&#8221;1\/2&#8243;][vc_column_text] Langer Weg zur Diagnose [\/vc_column_text][vc_empty_space height=&#8221;35px&#8221;][vc_column_text]Es dauert durchschnittlich 5 Jahre, bis eine Person mit einer seltenen Erkrankung eine&#8230;<\/p>\n","protected":false},"author":1,"featured_media":0,"parent":0,"menu_order":0,"comment_status":"closed","ping_status":"closed","template":"","meta":{"give_campaign_id":0,"inline_featured_image":false,"footnotes":""},"class_list":["post-21340","page","type-page","status-publish","hentry"],"yoast_head":"<!-- This site is optimized with the Yoast SEO plugin v26.9 - https:\/\/yoast.com\/product\/yoast-seo-wordpress\/ -->\n<title>Mit einer seltenen Erkrankung leben, erfahren Sie mehr \u00fcber die gemeinsamen Herausforderungen - ALAN<\/title>\n<meta name=\"description\" content=\"Obwohl seltene Erkrankungen in ihren Symptomen, ihrer Behandlung und Pflege sehr unterschiedlich sind, haben sie einen grundlegenden Aspekt gemeinsam: die Herausforderungen, die sie mit sich bringen.\" \/>\n<meta name=\"robots\" content=\"index, follow, max-snippet:-1, max-image-preview:large, max-video-preview:-1\" \/>\n<link rel=\"canonical\" href=\"https:\/\/alan.lu\/de\/mit-einer-seltenen-erkrankung-leben\/\" \/>\n<meta property=\"og:locale\" content=\"de_DE\" \/>\n<meta property=\"og:type\" content=\"article\" \/>\n<meta property=\"og:title\" content=\"Mit einer seltenen Erkrankung leben, erfahren Sie mehr \u00fcber die gemeinsamen Herausforderungen - ALAN\" \/>\n<meta property=\"og:description\" content=\"Obwohl seltene Erkrankungen in ihren Symptomen, ihrer Behandlung und Pflege sehr unterschiedlich sind, haben sie einen grundlegenden Aspekt gemeinsam: die Herausforderungen, die sie mit sich bringen.\" \/>\n<meta property=\"og:url\" content=\"https:\/\/alan.lu\/de\/mit-einer-seltenen-erkrankung-leben\/\" \/>\n<meta property=\"og:site_name\" content=\"ALAN\" \/>\n<meta property=\"article:modified_time\" content=\"2025-10-07T08:52:31+00:00\" \/>\n<meta name=\"twitter:card\" content=\"summary_large_image\" \/>\n<meta name=\"twitter:label1\" content=\"Gesch\u00e4tzte Lesezeit\" \/>\n\t<meta name=\"twitter:data1\" content=\"5\u00a0Minuten\" \/>\n<script type=\"application\/ld+json\" class=\"yoast-schema-graph\">{\"@context\":\"https:\/\/schema.org\",\"@graph\":[{\"@type\":\"WebPage\",\"@id\":\"https:\/\/alan.lu\/de\/mit-einer-seltenen-erkrankung-leben\/\",\"url\":\"https:\/\/alan.lu\/de\/mit-einer-seltenen-erkrankung-leben\/\",\"name\":\"Mit einer seltenen Erkrankung leben, erfahren Sie mehr \u00fcber die gemeinsamen Herausforderungen - ALAN\",\"isPartOf\":{\"@id\":\"https:\/\/alan.lu\/de\/#website\"},\"datePublished\":\"2020-08-27T14:33:27+00:00\",\"dateModified\":\"2025-10-07T08:52:31+00:00\",\"description\":\"Obwohl seltene Erkrankungen in ihren Symptomen, ihrer Behandlung und Pflege sehr unterschiedlich sind, haben sie einen grundlegenden Aspekt gemeinsam: die Herausforderungen, die sie mit sich bringen.\",\"breadcrumb\":{\"@id\":\"https:\/\/alan.lu\/de\/mit-einer-seltenen-erkrankung-leben\/#breadcrumb\"},\"inLanguage\":\"de\",\"potentialAction\":[{\"@type\":\"ReadAction\",\"target\":[\"https:\/\/alan.lu\/de\/mit-einer-seltenen-erkrankung-leben\/\"]}]},{\"@type\":\"BreadcrumbList\",\"@id\":\"https:\/\/alan.lu\/de\/mit-einer-seltenen-erkrankung-leben\/#breadcrumb\",\"itemListElement\":[{\"@type\":\"ListItem\",\"position\":1,\"name\":\"Accueil\",\"item\":\"https:\/\/alan.lu\/de\/\"},{\"@type\":\"ListItem\",\"position\":2,\"name\":\"Mit einer seltenen Erkrankung leben\"}]},{\"@type\":\"WebSite\",\"@id\":\"https:\/\/alan.lu\/de\/#website\",\"url\":\"https:\/\/alan.lu\/de\/\",\"name\":\"ALAN\",\"description\":\"Rare Diseases Luxembourg\",\"potentialAction\":[{\"@type\":\"SearchAction\",\"target\":{\"@type\":\"EntryPoint\",\"urlTemplate\":\"https:\/\/alan.lu\/de\/?s={search_term_string}\"},\"query-input\":{\"@type\":\"PropertyValueSpecification\",\"valueRequired\":true,\"valueName\":\"search_term_string\"}}],\"inLanguage\":\"de\"}]}<\/script>\n<!-- \/ Yoast SEO plugin. -->","yoast_head_json":{"title":"Mit einer seltenen Erkrankung leben, erfahren Sie mehr \u00fcber die gemeinsamen Herausforderungen - ALAN","description":"Obwohl seltene Erkrankungen in ihren Symptomen, ihrer Behandlung und Pflege sehr unterschiedlich sind, haben sie einen grundlegenden Aspekt gemeinsam: die Herausforderungen, die sie mit sich bringen.","robots":{"index":"index","follow":"follow","max-snippet":"max-snippet:-1","max-image-preview":"max-image-preview:large","max-video-preview":"max-video-preview:-1"},"canonical":"https:\/\/alan.lu\/de\/mit-einer-seltenen-erkrankung-leben\/","og_locale":"de_DE","og_type":"article","og_title":"Mit einer seltenen Erkrankung leben, erfahren Sie mehr \u00fcber die gemeinsamen Herausforderungen - ALAN","og_description":"Obwohl seltene Erkrankungen in ihren Symptomen, ihrer Behandlung und Pflege sehr unterschiedlich sind, haben sie einen grundlegenden Aspekt gemeinsam: die Herausforderungen, die sie mit sich bringen.","og_url":"https:\/\/alan.lu\/de\/mit-einer-seltenen-erkrankung-leben\/","og_site_name":"ALAN","article_modified_time":"2025-10-07T08:52:31+00:00","twitter_card":"summary_large_image","twitter_misc":{"Gesch\u00e4tzte Lesezeit":"5\u00a0Minuten"},"schema":{"@context":"https:\/\/schema.org","@graph":[{"@type":"WebPage","@id":"https:\/\/alan.lu\/de\/mit-einer-seltenen-erkrankung-leben\/","url":"https:\/\/alan.lu\/de\/mit-einer-seltenen-erkrankung-leben\/","name":"Mit einer seltenen Erkrankung leben, erfahren Sie mehr \u00fcber die gemeinsamen Herausforderungen - ALAN","isPartOf":{"@id":"https:\/\/alan.lu\/de\/#website"},"datePublished":"2020-08-27T14:33:27+00:00","dateModified":"2025-10-07T08:52:31+00:00","description":"Obwohl seltene Erkrankungen in ihren Symptomen, ihrer Behandlung und Pflege sehr unterschiedlich sind, haben sie einen grundlegenden Aspekt gemeinsam: die Herausforderungen, die sie mit sich bringen.","breadcrumb":{"@id":"https:\/\/alan.lu\/de\/mit-einer-seltenen-erkrankung-leben\/#breadcrumb"},"inLanguage":"de","potentialAction":[{"@type":"ReadAction","target":["https:\/\/alan.lu\/de\/mit-einer-seltenen-erkrankung-leben\/"]}]},{"@type":"BreadcrumbList","@id":"https:\/\/alan.lu\/de\/mit-einer-seltenen-erkrankung-leben\/#breadcrumb","itemListElement":[{"@type":"ListItem","position":1,"name":"Accueil","item":"https:\/\/alan.lu\/de\/"},{"@type":"ListItem","position":2,"name":"Mit einer seltenen Erkrankung leben"}]},{"@type":"WebSite","@id":"https:\/\/alan.lu\/de\/#website","url":"https:\/\/alan.lu\/de\/","name":"ALAN","description":"Rare Diseases Luxembourg","potentialAction":[{"@type":"SearchAction","target":{"@type":"EntryPoint","urlTemplate":"https:\/\/alan.lu\/de\/?s={search_term_string}"},"query-input":{"@type":"PropertyValueSpecification","valueRequired":true,"valueName":"search_term_string"}}],"inLanguage":"de"}]}},"campaignId":"","_links":{"self":[{"href":"https:\/\/alan.lu\/de\/wp-json\/wp\/v2\/pages\/21340","targetHints":{"allow":["GET"]}}],"collection":[{"href":"https:\/\/alan.lu\/de\/wp-json\/wp\/v2\/pages"}],"about":[{"href":"https:\/\/alan.lu\/de\/wp-json\/wp\/v2\/types\/page"}],"author":[{"embeddable":true,"href":"https:\/\/alan.lu\/de\/wp-json\/wp\/v2\/users\/1"}],"replies":[{"embeddable":true,"href":"https:\/\/alan.lu\/de\/wp-json\/wp\/v2\/comments?post=21340"}],"version-history":[{"count":12,"href":"https:\/\/alan.lu\/de\/wp-json\/wp\/v2\/pages\/21340\/revisions"}],"predecessor-version":[{"id":30805,"href":"https:\/\/alan.lu\/de\/wp-json\/wp\/v2\/pages\/21340\/revisions\/30805"}],"wp:attachment":[{"href":"https:\/\/alan.lu\/de\/wp-json\/wp\/v2\/media?parent=21340"}],"curies":[{"name":"wp","href":"https:\/\/api.w.org\/{rel}","templated":true}]}}