{"id":21353,"date":"2020-08-27T16:34:24","date_gmt":"2020-08-27T14:34:24","guid":{"rendered":"https:\/\/alan.wearequattro.com\/national-plan\/"},"modified":"2024-09-04T11:21:01","modified_gmt":"2024-09-04T09:21:01","slug":"nationaler-plan","status":"publish","type":"page","link":"https:\/\/alan.lu\/de\/nationaler-plan\/","title":{"rendered":"Nationaler Plan"},"content":{"rendered":"<div class=\"wpb-content-wrapper\"><p>[vc_row][vc_column][vc_column_text]<\/p>\n<h2 style=\"text-align: center;\">Nationaler Plan f\u00fcr Seltene Krankheiten<\/h2>\n<p>[\/vc_column_text]<div class=\"edgtf-separator-holder clearfix  edgtf-separator-center\">\n\t<div class=\"edgtf-separator\" style=\"border-color: #00bcdf;width: 50px;border-bottom-width: 3px;margin-top: 25px;margin-bottom: 25px\"><\/div>\n<\/div>\n[\/vc_column][\/vc_row][vc_row content_width=&#8221;grid&#8221;][vc_column width=&#8221;1\/2&#8243;][vc_column_text css=&#8221;&#8221;]Luxemburg erwartet derzeit seinen zweiten Nationalen Plan f\u00fcr seltene Krankheiten um. Der erste Nationale Plan f\u00fcr seltenen Krankheiten wurde am 7. Mai 2018 von der damaligen Gesundheitsministerin Lydia Mutsch vorgestellt. Der Plan ist das Ergebnis einer Zusammenarbeit von 70 Experten aus dem Gesundheitssektor, dem psychosozialen Bereich, dem Bildungssektor, der Forschung und von Patientenvertretungen. Der erste Nationale Plan f\u00fcr Seltene Krankheiten deckte den Zeitraum von 2018 bis 2022 ab.<\/p>\n<p>Ziel dieses Plans ist es, den Bed\u00fcrfnissen und Erwartungen der Patienten und ihrer Familien besser gerecht zu werden und Ma\u00dfnahmen im Bereich seltener Krankheiten besser zu koordinieren und zu strukturieren. Um dieses Ziel zu erreichen, wurden f\u00fcnf strategische Achsen entwickelt:[\/vc_column_text][vc_empty_space height=&#8221;15px&#8221;]<div class= \"edgtf-ordered-list\" >\n<ol>\n<li>Die allgemeine Achse,<\/li>\n<li>Achse A zur Verbesserung des Pflege- und Gesundheitssystems,<\/li>\n<li>Achse B, um den Zugang zu Informationen \u00fcber seltene Krankheiten durch die Schaffung einer nationalen Plattform zu erleichtern,<\/li>\n<li>Achse C, die darauf abzielt, die Eigenheiten seltener Krankheiten besser zu erkennen und die Forschung zu f\u00f6rdern,<\/li>\n<li>Achse D, um die Bed\u00fcrfnisse von Patienten und ihren Familien nach psychosozialer Unterst\u00fctzung zu erf\u00fcllen.<\/li>\n<\/ol>\n<\/div>[\/vc_column][vc_column width=&#8221;1\/2&#8243;][vc_column_text]Mit dem Nationalen Plan und seiner Umsetzung sollen in Luxemburg der gleichberechtigte Zugang zu Diagnostik, Therapien und Versorgung f\u00fcr alle von seltenen Krankheiten Betroffenen definiert und verankert werden.[\/vc_column_text][vc_single_image image=&#8221;20665&#8243; img_size=&#8221;medium&#8221; alignment=&#8221;center&#8221;][vc_column_text]Ende 2019 wurde im Rahmen des Nationalen Plans f\u00fcr seltene Krankheiten die &#8220;Infoline Maladies Rares Luxembourg&#8221; eingerichtet, eine Anlaufstelle wo Menschen, die von einer seltenen Erkrankung betroffen sind, deren Umfeld und die Fachleute des Gesundheits- oder Sozialwesens, Informationen und Beratung erhalten.<\/p>\n<p>Im Januar 2022 wurde der \u201e<a href=\"https:\/\/alan.lu\/wp-content\/uploads\/2022\/01\/guide_pratique_des_maladies_rares.pdf\">Guide d&#8217;orientation luxembourgeois pour les personnes vivant avec une maladie rare<\/a>\u201c ver\u00f6ffentlicht. Der Ratgeber informiert \u00fcber die Dienste und Hilfen, die in den verschiedenen Bereichen (z. B. Gesundheitsf\u00fcrsorge, Sozialversicherung, finanzielle Unterst\u00fctzung, Schule usw.) verf\u00fcgbar sind, und f\u00fchrt die betroffenen Menschen durch die spezifischen Verfahren und Vorg\u00e4nge.<\/p>\n<p>Erfahren Sie mehr \u00fcber die <a href=\"https:\/\/alan.lu\/de\/beratung-und-unterstuetzung\/\" target=\"_self\" rel=\"noopener noreferrer\">Infoline<\/a>.<\/p>\n<p>Erfahren Sie mehr \u00fcber den <a href=\"https:\/\/sante.public.lu\/fr\/politique-sante\/plans-action\/maladies-rares\/index.html\" target=\"_blank\" rel=\"noopener\">Nationalen Plan f\u00fcr seltene Krankheiten.<\/a>[\/vc_column_text][\/vc_column][\/vc_row][vc_row][vc_column][vc_empty_space height=&#8221;50px&#8221;][\/vc_column][\/vc_row][vc_row content_width=&#8221;grid&#8221; css=&#8221;.vc_custom_1601640129370{padding-top: 36px !important;padding-bottom: 41px !important;}&#8221; el_id=&#8221;wrapper-contact-next-btn&#8221;][vc_column width=&#8221;1\/2&#8243; el_id=&#8221;wrapper-contact-next-col-1&#8243;]\t<div class=\"edgtf-call-to-action normal\" style=\"background-color: #ee3f75;\">\n\n\t\t\t\t\t<div class=\"edgtf-call-to-action-row-75-25 clearfix\" style=\"padding: 55px 15px;\">\n\t\t\t\t\t\t<div class=\"edgtf-text-wrapper edgtf-call-to-action-column1 edgtf-call-to-action-cell left\">\n\t\t\t\t\t<div class=\"edgtf-call-to-action-text\" style=\"text-align: left\"><span class=\"wrapper-contact-next-btn-text\">Melden Sie sich bei uns, wenn Sie Fragen haben oder Unterst\u00fctzung brauchen<\/span>\t\t\t\t\t\t\t\t\t\t\t<\/div>\n\t\t\t\t<\/div>\n\n\t\t\t\t\t\t\t\t\t<div class=\"edgtf-button-wrapper edgtf-call-to-action-column2 edgtf-call-to-action-cell\" style =\"text-align: right ;\">\n\t\t\t\t\t\t<a itemprop=\"url\" href=\"https:\/\/alan.lu\/de\/alan-kontaktieren\/\" target=\"_self\" style=\"color: #ee3f75;background-color: #ffffff;border-color: #ffffff\" class=\"edgtf-btn edgtf-btn-large edgtf-btn-solid edgtf-btn-custom-hover-bg edgtf-btn-custom-border-hover edgtf-btn-custom-hover-color\" data-hover-bg-color=\"#ee3f75\" data-hover-color=\"#ffffff\" data-hover-border-color=\"#ffffff\" >\t<span class=\"edgtf-btn-text\">Kontakt<\/span>    <\/a>\t\t\t\t\t<\/div>\n\t\t\t\t\t\t\t<\/div>\n\t\t\t<\/div>\n[\/vc_column][vc_column width=&#8221;1\/2&#8243;]\t<div class=\"edgtf-call-to-action normal\" style=\"background-color: #00bcdf;\">\n\n\t\t\t\t\t<div class=\"edgtf-call-to-action-row-75-25 clearfix\" style=\"padding: 55px 15px;\">\n\t\t\t\t\t\t<div class=\"edgtf-text-wrapper edgtf-call-to-action-column1 edgtf-call-to-action-cell left\">\n\t\t\t\t\t<div class=\"edgtf-call-to-action-text\" style=\"text-align: left\"><span class=\"wrapper-contact-next-btn-text\">Was ist eine seltene Erkrankung<\/span>\t\t\t\t\t\t\t\t\t\t\t<\/div>\n\t\t\t\t<\/div>\n\n\t\t\t\t\t\t\t\t\t<div class=\"edgtf-button-wrapper edgtf-call-to-action-column2 edgtf-call-to-action-cell\" style =\"text-align: right ;\">\n\t\t\t\t\t\t<a itemprop=\"url\" href=\"https:\/\/alan.lu\/de\/was-ist-eine-seltene-erkrankung\/\" target=\"_self\" style=\"color: #00bcdf;background-color: #ffffff;border-color: #ffffff\" class=\"edgtf-btn edgtf-btn-large edgtf-btn-solid edgtf-btn-custom-hover-bg edgtf-btn-custom-border-hover edgtf-btn-custom-hover-color\" data-hover-bg-color=\"#00bcdf\" data-hover-color=\"#ffffff\" data-hover-border-color=\"#ffffff\" >\t<span class=\"edgtf-btn-text\">Mehr Erfahren<\/span>    <\/a>\t\t\t\t\t<\/div>\n\t\t\t\t\t\t\t<\/div>\n\t\t\t<\/div>\n[\/vc_column][\/vc_row]<\/p>\n<\/div>","protected":false},"excerpt":{"rendered":"<p>[vc_row][vc_column][vc_column_text] Nationaler Plan f\u00fcr Seltene Krankheiten [\/vc_column_text][\/vc_column][\/vc_row][vc_row content_width=&#8221;grid&#8221;][vc_column width=&#8221;1\/2&#8243;][vc_column_text css=&#8221;&#8221;]Luxemburg erwartet derzeit seinen zweiten Nationalen Plan f\u00fcr seltene Krankheiten um. Der erste Nationale Plan f\u00fcr seltenen Krankheiten wurde am 7&#8230;.<\/p>\n","protected":false},"author":1,"featured_media":0,"parent":0,"menu_order":0,"comment_status":"closed","ping_status":"closed","template":"","meta":{"give_campaign_id":0,"inline_featured_image":false,"footnotes":""},"class_list":["post-21353","page","type-page","status-publish","hentry"],"yoast_head":"<!-- This site is optimized with the Yoast SEO plugin v26.9 - https:\/\/yoast.com\/product\/yoast-seo-wordpress\/ -->\n<title>Nationaler Plan f\u00fcr Seltene Krankheiten Luxemburg - ALAN<\/title>\n<meta name=\"description\" content=\"Mit dem Nationalen Plan und seiner Umsetzung sollen in Luxemburg der gleichberechtigte Zugang zu Diagnostik, Therapien und Versorgung f\u00fcr alle von seltenen Krankheiten Betroffenen definiert und verankert werden.\" \/>\n<meta name=\"robots\" content=\"index, follow, max-snippet:-1, max-image-preview:large, max-video-preview:-1\" \/>\n<link rel=\"canonical\" href=\"https:\/\/alan.lu\/de\/nationaler-plan\/\" \/>\n<meta property=\"og:locale\" content=\"de_DE\" \/>\n<meta property=\"og:type\" content=\"article\" \/>\n<meta property=\"og:title\" content=\"Nationaler Plan f\u00fcr Seltene Krankheiten Luxemburg - ALAN\" \/>\n<meta property=\"og:description\" content=\"Mit dem Nationalen Plan und seiner Umsetzung sollen in Luxemburg der gleichberechtigte Zugang zu Diagnostik, Therapien und Versorgung f\u00fcr alle von seltenen Krankheiten Betroffenen definiert und verankert werden.\" \/>\n<meta property=\"og:url\" content=\"https:\/\/alan.lu\/de\/nationaler-plan\/\" \/>\n<meta property=\"og:site_name\" content=\"ALAN\" \/>\n<meta property=\"article:modified_time\" content=\"2024-09-04T09:21:01+00:00\" \/>\n<meta name=\"twitter:card\" content=\"summary_large_image\" \/>\n<meta name=\"twitter:label1\" content=\"Gesch\u00e4tzte Lesezeit\" \/>\n\t<meta name=\"twitter:data1\" content=\"2\u00a0Minuten\" \/>\n<script type=\"application\/ld+json\" class=\"yoast-schema-graph\">{\"@context\":\"https:\/\/schema.org\",\"@graph\":[{\"@type\":\"WebPage\",\"@id\":\"https:\/\/alan.lu\/de\/nationaler-plan\/\",\"url\":\"https:\/\/alan.lu\/de\/nationaler-plan\/\",\"name\":\"Nationaler Plan f\u00fcr Seltene Krankheiten Luxemburg - ALAN\",\"isPartOf\":{\"@id\":\"https:\/\/alan.lu\/de\/#website\"},\"datePublished\":\"2020-08-27T14:34:24+00:00\",\"dateModified\":\"2024-09-04T09:21:01+00:00\",\"description\":\"Mit dem Nationalen Plan und seiner Umsetzung sollen in Luxemburg der gleichberechtigte Zugang zu Diagnostik, Therapien und Versorgung f\u00fcr alle von seltenen Krankheiten Betroffenen definiert und verankert werden.\",\"breadcrumb\":{\"@id\":\"https:\/\/alan.lu\/de\/nationaler-plan\/#breadcrumb\"},\"inLanguage\":\"de\",\"potentialAction\":[{\"@type\":\"ReadAction\",\"target\":[\"https:\/\/alan.lu\/de\/nationaler-plan\/\"]}]},{\"@type\":\"BreadcrumbList\",\"@id\":\"https:\/\/alan.lu\/de\/nationaler-plan\/#breadcrumb\",\"itemListElement\":[{\"@type\":\"ListItem\",\"position\":1,\"name\":\"Accueil\",\"item\":\"https:\/\/alan.lu\/de\/\"},{\"@type\":\"ListItem\",\"position\":2,\"name\":\"Nationaler Plan\"}]},{\"@type\":\"WebSite\",\"@id\":\"https:\/\/alan.lu\/de\/#website\",\"url\":\"https:\/\/alan.lu\/de\/\",\"name\":\"ALAN\",\"description\":\"Rare Diseases Luxembourg\",\"potentialAction\":[{\"@type\":\"SearchAction\",\"target\":{\"@type\":\"EntryPoint\",\"urlTemplate\":\"https:\/\/alan.lu\/de\/?s={search_term_string}\"},\"query-input\":{\"@type\":\"PropertyValueSpecification\",\"valueRequired\":true,\"valueName\":\"search_term_string\"}}],\"inLanguage\":\"de\"}]}<\/script>\n<!-- \/ Yoast SEO plugin. -->","yoast_head_json":{"title":"Nationaler Plan f\u00fcr Seltene Krankheiten Luxemburg - ALAN","description":"Mit dem Nationalen Plan und seiner Umsetzung sollen in Luxemburg der gleichberechtigte Zugang zu Diagnostik, Therapien und Versorgung f\u00fcr alle von seltenen Krankheiten Betroffenen definiert und verankert werden.","robots":{"index":"index","follow":"follow","max-snippet":"max-snippet:-1","max-image-preview":"max-image-preview:large","max-video-preview":"max-video-preview:-1"},"canonical":"https:\/\/alan.lu\/de\/nationaler-plan\/","og_locale":"de_DE","og_type":"article","og_title":"Nationaler Plan f\u00fcr Seltene Krankheiten Luxemburg - ALAN","og_description":"Mit dem Nationalen Plan und seiner Umsetzung sollen in Luxemburg der gleichberechtigte Zugang zu Diagnostik, Therapien und Versorgung f\u00fcr alle von seltenen Krankheiten Betroffenen definiert und verankert werden.","og_url":"https:\/\/alan.lu\/de\/nationaler-plan\/","og_site_name":"ALAN","article_modified_time":"2024-09-04T09:21:01+00:00","twitter_card":"summary_large_image","twitter_misc":{"Gesch\u00e4tzte Lesezeit":"2\u00a0Minuten"},"schema":{"@context":"https:\/\/schema.org","@graph":[{"@type":"WebPage","@id":"https:\/\/alan.lu\/de\/nationaler-plan\/","url":"https:\/\/alan.lu\/de\/nationaler-plan\/","name":"Nationaler Plan f\u00fcr Seltene Krankheiten Luxemburg - ALAN","isPartOf":{"@id":"https:\/\/alan.lu\/de\/#website"},"datePublished":"2020-08-27T14:34:24+00:00","dateModified":"2024-09-04T09:21:01+00:00","description":"Mit dem Nationalen Plan und seiner Umsetzung sollen in Luxemburg der gleichberechtigte Zugang zu Diagnostik, Therapien und Versorgung f\u00fcr alle von seltenen Krankheiten Betroffenen definiert und verankert werden.","breadcrumb":{"@id":"https:\/\/alan.lu\/de\/nationaler-plan\/#breadcrumb"},"inLanguage":"de","potentialAction":[{"@type":"ReadAction","target":["https:\/\/alan.lu\/de\/nationaler-plan\/"]}]},{"@type":"BreadcrumbList","@id":"https:\/\/alan.lu\/de\/nationaler-plan\/#breadcrumb","itemListElement":[{"@type":"ListItem","position":1,"name":"Accueil","item":"https:\/\/alan.lu\/de\/"},{"@type":"ListItem","position":2,"name":"Nationaler Plan"}]},{"@type":"WebSite","@id":"https:\/\/alan.lu\/de\/#website","url":"https:\/\/alan.lu\/de\/","name":"ALAN","description":"Rare Diseases Luxembourg","potentialAction":[{"@type":"SearchAction","target":{"@type":"EntryPoint","urlTemplate":"https:\/\/alan.lu\/de\/?s={search_term_string}"},"query-input":{"@type":"PropertyValueSpecification","valueRequired":true,"valueName":"search_term_string"}}],"inLanguage":"de"}]}},"campaignId":"","_links":{"self":[{"href":"https:\/\/alan.lu\/de\/wp-json\/wp\/v2\/pages\/21353","targetHints":{"allow":["GET"]}}],"collection":[{"href":"https:\/\/alan.lu\/de\/wp-json\/wp\/v2\/pages"}],"about":[{"href":"https:\/\/alan.lu\/de\/wp-json\/wp\/v2\/types\/page"}],"author":[{"embeddable":true,"href":"https:\/\/alan.lu\/de\/wp-json\/wp\/v2\/users\/1"}],"replies":[{"embeddable":true,"href":"https:\/\/alan.lu\/de\/wp-json\/wp\/v2\/comments?post=21353"}],"version-history":[{"count":7,"href":"https:\/\/alan.lu\/de\/wp-json\/wp\/v2\/pages\/21353\/revisions"}],"predecessor-version":[{"id":29581,"href":"https:\/\/alan.lu\/de\/wp-json\/wp\/v2\/pages\/21353\/revisions\/29581"}],"wp:attachment":[{"href":"https:\/\/alan.lu\/de\/wp-json\/wp\/v2\/media?parent=21353"}],"curies":[{"name":"wp","href":"https:\/\/api.w.org\/{rel}","templated":true}]}}