{"id":21367,"date":"2020-09-23T14:00:59","date_gmt":"2020-09-23T12:00:59","guid":{"rendered":"https:\/\/alan.wearequattro.com\/testimonials\/testimonials-jessica\/"},"modified":"2021-01-27T14:15:10","modified_gmt":"2021-01-27T13:15:10","slug":"erfahrungsberichte-jessica","status":"publish","type":"page","link":"https:\/\/alan.lu\/de\/erfahrungsberichte\/erfahrungsberichte-jessica\/","title":{"rendered":"Erfahrungsberichte"},"content":{"rendered":"<div class=\"wpb-content-wrapper\"><p>[vc_row content_width=&#8221;grid&#8221; css=&#8221;.vc_custom_1492696696810{padding-top: 130px !important;padding-bottom: 90px !important;}&#8221;][vc_column offset=&#8221;vc_col-lg-6 vc_col-md-6 vc_col-xs-12&#8243;][vc_single_image image=&#8221;20670&#8243; img_size=&#8221;full&#8221;][vc_empty_space height=&#8221;35px&#8221;][\/vc_column][vc_column offset=&#8221;vc_col-lg-6 vc_col-md-6 vc_col-xs-12&#8243;]<div class=\"edgtf-elements-holder edgtf-responsive-mode-768\" ><div class=\"edgtf-elements-holder-item \" data-item-class=\"edgtf-elements-holder-custom-471900\" data-1280-1600=\"2% 7% 2% 5%\" data-1024-1280=\"2% 7% 2% 5%\" data-768-1024=\"2% 0% 2% 3%\" data-600-768=\"5% 0% 1% 0%\" >\n\t\t<div class=\"edgtf-elements-holder-item-inner\">\n\t\t<div class=\"edgtf-elements-holder-item-content edgtf-elements-holder-custom-471900\" style=\"padding: 2% 7% 2% 5%\">\n\t\t\t[vc_column_text]<\/p>\n<h2>Jessica<\/h2>\n<p>[\/vc_column_text][vc_column_text]<strong style=\"color: #ee3f75;\">37 Jahre alt, lebt mit Ehlers-Danlos Syndrom<\/strong>[\/vc_column_text][vc_empty_space height=&#8221;35px&#8221;][vc_column_text]\u201cSeit meiner Geburt habe ich Asthma und viele Allergien. Mit 6 Jahren bekam ich R\u00fccken- und Schulterschmerzen. Aber wie Sie wahrscheinlich vermutet haben, haben mich die \u00c4rzte nicht ernst genommen. Jedes Mal, wenn ich etwas Schweres heben musste, renkte ich mir die Schulter aus.<\/p>\n<p>Als ich in die Pubert\u00e4t kam, verstauchte ich mir beim Sport immer wieder das Knie. Also h\u00f6rte ich mit dem Sport auf. Aber damit nicht genug. Sogar das Gehen mit flachen Schuhen war ein Problem: Ich knickte dauernd um und verstauchte mir den Fu\u00df. So ging das immer weiter mit meinen Gelenken: Handgelenke, H\u00fcften usw.<\/p>\n<p>Nachdem ich mein zweites Kind bekommen hatte, verschlechterte sich mein Gesundheitszustand. Aber ich hatte das Gef\u00fchl, ich konnte es niemandem erz\u00e4hlen, denn bis dahin hatte ja niemand mir geglaubt, dass ich so viele Schmerzen hatte. Selbst Schuld &#8211; ich zappele und lache ja dauernd. Obwohl ich auch weine &#8211; vor Schmerzen. Aber nur wenn ich allein bin.<br \/>\nMit 33 Jahren bekam ich Krebs. Mit 35 hatte ich eine verpfuschte Knieoperation. Mit 36 \u200b\u200bhatte ich eine R\u00fccken- und Nackenoperation. Dann wurde mir ein brillanter Arzt empfohlen, der mich schlie\u00dflich mit EDS, einer genetischen Bindegewebsst\u00f6rung, diagnostizierte. Ich war so erleichtert, endlich einen Namen zu haben, der meine Symptome erkl\u00e4rt!!! Ich begann mich mit anderen Menschen zu auszutauschen, die mit EDS leben, und f\u00fchlte mich nicht mehr so \u200b\u200ballein.<\/p>\n<p>Ich erhielt psychologische Unterst\u00fctzung von ALAN, was mir half wichtige Dinge zu verarbeiten. Chronische Schmerzen und unverarbeitete Kindheitstraumata sind eine toxische Mischung.<\/p>\n<p>Derzeit wird mein K\u00f6rper durch orthop\u00e4dische Produkte, sexy Kompressionshandschuhe und Str\u00fcmpfe zusammengehalten. Ich benutze einen Gehstock und m\u00f6glicherweise auch bald einen Rollstuhl. Ich habe auch Probleme mit meiner Verdauung, den Blutgef\u00e4\u00dfen und der Haut aufgrund der Krankheit.<\/p>\n<p>Leider beginnen sich auch bei meinen Kindern Symptome zu zeigen. Aber zumindest wissen wir warum. Als ich in ihrem Alter war, glaubte mir niemand. Am Anfang hatte ich immer das Bed\u00fcrfnis zu erkl\u00e4ren, warum ich mich nicht gut f\u00fchle oder warum ich hinke usw. Mittlerweile ist mir das egal. Die Krankheit ist nun mal da und ich kann das nicht \u00e4ndern.<\/p>\n<p>Die letzten Jahre waren nicht einfach. Aber ich habe einen unglaublich unterst\u00fctzenden Lebenspartner und wunderbare Kinder, die mir die Kraft geben, weiter zu k\u00e4mpfen. Gemeinsam k\u00f6nnen wir alles \u00fcberwinden.\u201d[\/vc_column_text]\t\t<\/div>\n\t<\/div>\n\t<\/div><\/div>[\/vc_column][\/vc_row][vc_row content_width=&#8221;grid&#8221; css=&#8221;.vc_custom_1596118384380{padding-top: 36px !important;padding-bottom: 41px !important;background-color: #ee3f75 !important;}&#8221;][vc_column css=&#8221;.vc_custom_1492609383973{padding-top: 2px !important;}&#8221;]\t<div class=\"edgtf-call-to-action normal\" style=\"background-color: #ee3f75;\">\n\n\t\t\t\t<div class=\"edgtf-container-inner\">\n\t\t\t\t\t<div class=\"edgtf-call-to-action-row-75-25 clearfix\" style=\"padding: 20px;\">\n\t\t\t\t\t\t<div class=\"edgtf-text-wrapper edgtf-call-to-action-column1 edgtf-call-to-action-cell left\">\n\t\t\t\t\t<div class=\"edgtf-call-to-action-text\" style=\"text-align: left\">\n<h2><span style=\"color: #ffffff;\">Melden Sie sich bei uns, wenn Sie Fragen haben oder Unterst\u00fctzung brauchen<\/span><\/h2>\n\t\t\t\t\t\t\t\t\t\t\t<\/div>\n\t\t\t\t<\/div>\n\n\t\t\t\t\t\t\t\t\t<div class=\"edgtf-button-wrapper edgtf-call-to-action-column2 edgtf-call-to-action-cell\" style =\"text-align: right ;\">\n\t\t\t\t\t\t<a itemprop=\"url\" href=\"https:\/\/alan.lu\/de\/alan-kontaktieren\/\" target=\"_self\" style=\"color: #ee3f75;background-color: #ffffff;border-color: #ffffff\" class=\"edgtf-btn edgtf-btn-large edgtf-btn-solid edgtf-btn-custom-hover-bg edgtf-btn-custom-border-hover edgtf-btn-custom-hover-color\" data-hover-bg-color=\"#ee3f75\" data-hover-color=\"#ffffff\" data-hover-border-color=\"#ffffff\" >\t<span class=\"edgtf-btn-text\">Kontakt<\/span>    <\/a>\t\t\t\t\t<\/div>\n\t\t\t\t\t\t\t<\/div>\n\t\t\t\t<\/div>\n\t\t\t<\/div>\n[\/vc_column][\/vc_row]<\/p>\n<\/div>","protected":false},"excerpt":{"rendered":"<p>[vc_row content_width=&#8221;grid&#8221; css=&#8221;.vc_custom_1492696696810{padding-top: 130px !important;padding-bottom: 90px !important;}&#8221;][vc_column offset=&#8221;vc_col-lg-6 vc_col-md-6 vc_col-xs-12&#8243;][vc_single_image image=&#8221;20670&#8243; img_size=&#8221;full&#8221;][vc_empty_space height=&#8221;35px&#8221;][\/vc_column][vc_column offset=&#8221;vc_col-lg-6 vc_col-md-6 vc_col-xs-12&#8243;][\/vc_column][\/vc_row][vc_row content_width=&#8221;grid&#8221; css=&#8221;.vc_custom_1596118384380{padding-top: 36px !important;padding-bottom: 41px !important;background-color: #ee3f75 !important;}&#8221;][vc_column css=&#8221;.vc_custom_1492609383973{padding-top: 2px !important;}&#8221;][\/vc_column][\/vc_row]<\/p>\n","protected":false},"author":1,"featured_media":0,"parent":21360,"menu_order":0,"comment_status":"closed","ping_status":"closed","template":"","meta":{"give_campaign_id":0,"inline_featured_image":false,"footnotes":""},"class_list":["post-21367","page","type-page","status-publish","hentry"],"yoast_head":"<!-- This site is optimized with the Yoast SEO plugin v26.9 - https:\/\/yoast.com\/product\/yoast-seo-wordpress\/ -->\n<title>Erfahrungsberichte - ALAN<\/title>\n<meta name=\"robots\" content=\"index, follow, max-snippet:-1, max-image-preview:large, max-video-preview:-1\" \/>\n<link rel=\"canonical\" href=\"https:\/\/alan.lu\/de\/erfahrungsberichte\/erfahrungsberichte-jessica\/\" \/>\n<meta property=\"og:locale\" content=\"de_DE\" \/>\n<meta property=\"og:type\" content=\"article\" \/>\n<meta property=\"og:title\" content=\"Erfahrungsberichte - ALAN\" \/>\n<meta property=\"og:description\" content=\"[vc_row content_width=&#8221;grid&#8221; css=&#8221;.vc_custom_1492696696810{padding-top: 130px !important;padding-bottom: 90px !important;}&#8221;][vc_column offset=&#8221;vc_col-lg-6 vc_col-md-6 vc_col-xs-12&#8243;][vc_single_image image=&#8221;20670&#8243; img_size=&#8221;full&#8221;][vc_empty_space height=&#8221;35px&#8221;][\/vc_column][vc_column offset=&#8221;vc_col-lg-6 vc_col-md-6 vc_col-xs-12&#8243;][\/vc_column][\/vc_row][vc_row content_width=&#8221;grid&#8221; css=&#8221;.vc_custom_1596118384380{padding-top: 36px !important;padding-bottom: 41px !important;background-color: #ee3f75 !important;}&#8221;][vc_column css=&#8221;.vc_custom_1492609383973{padding-top: 2px !important;}&#8221;][\/vc_column][\/vc_row]\" \/>\n<meta property=\"og:url\" content=\"https:\/\/alan.lu\/de\/erfahrungsberichte\/erfahrungsberichte-jessica\/\" \/>\n<meta property=\"og:site_name\" content=\"ALAN\" \/>\n<meta property=\"article:modified_time\" content=\"2021-01-27T13:15:10+00:00\" \/>\n<meta name=\"twitter:card\" content=\"summary_large_image\" \/>\n<meta name=\"twitter:label1\" content=\"Gesch\u00e4tzte Lesezeit\" \/>\n\t<meta name=\"twitter:data1\" content=\"3\u00a0Minuten\" \/>\n<script type=\"application\/ld+json\" class=\"yoast-schema-graph\">{\"@context\":\"https:\/\/schema.org\",\"@graph\":[{\"@type\":\"WebPage\",\"@id\":\"https:\/\/alan.lu\/de\/erfahrungsberichte\/erfahrungsberichte-jessica\/\",\"url\":\"https:\/\/alan.lu\/de\/erfahrungsberichte\/erfahrungsberichte-jessica\/\",\"name\":\"Erfahrungsberichte - ALAN\",\"isPartOf\":{\"@id\":\"https:\/\/alan.lu\/de\/#website\"},\"datePublished\":\"2020-09-23T12:00:59+00:00\",\"dateModified\":\"2021-01-27T13:15:10+00:00\",\"breadcrumb\":{\"@id\":\"https:\/\/alan.lu\/de\/erfahrungsberichte\/erfahrungsberichte-jessica\/#breadcrumb\"},\"inLanguage\":\"de\",\"potentialAction\":[{\"@type\":\"ReadAction\",\"target\":[\"https:\/\/alan.lu\/de\/erfahrungsberichte\/erfahrungsberichte-jessica\/\"]}]},{\"@type\":\"BreadcrumbList\",\"@id\":\"https:\/\/alan.lu\/de\/erfahrungsberichte\/erfahrungsberichte-jessica\/#breadcrumb\",\"itemListElement\":[{\"@type\":\"ListItem\",\"position\":1,\"name\":\"Accueil\",\"item\":\"https:\/\/alan.lu\/de\/\"},{\"@type\":\"ListItem\",\"position\":2,\"name\":\"Erfahrungsberichte\",\"item\":\"https:\/\/alan.lu\/de\/our-testimonials\/\"},{\"@type\":\"ListItem\",\"position\":3,\"name\":\"Erfahrungsberichte\"}]},{\"@type\":\"WebSite\",\"@id\":\"https:\/\/alan.lu\/de\/#website\",\"url\":\"https:\/\/alan.lu\/de\/\",\"name\":\"ALAN\",\"description\":\"Rare Diseases Luxembourg\",\"potentialAction\":[{\"@type\":\"SearchAction\",\"target\":{\"@type\":\"EntryPoint\",\"urlTemplate\":\"https:\/\/alan.lu\/de\/?s={search_term_string}\"},\"query-input\":{\"@type\":\"PropertyValueSpecification\",\"valueRequired\":true,\"valueName\":\"search_term_string\"}}],\"inLanguage\":\"de\"}]}<\/script>\n<!-- \/ Yoast SEO plugin. -->","yoast_head_json":{"title":"Erfahrungsberichte - ALAN","robots":{"index":"index","follow":"follow","max-snippet":"max-snippet:-1","max-image-preview":"max-image-preview:large","max-video-preview":"max-video-preview:-1"},"canonical":"https:\/\/alan.lu\/de\/erfahrungsberichte\/erfahrungsberichte-jessica\/","og_locale":"de_DE","og_type":"article","og_title":"Erfahrungsberichte - ALAN","og_description":"[vc_row content_width=&#8221;grid&#8221; css=&#8221;.vc_custom_1492696696810{padding-top: 130px !important;padding-bottom: 90px !important;}&#8221;][vc_column offset=&#8221;vc_col-lg-6 vc_col-md-6 vc_col-xs-12&#8243;][vc_single_image image=&#8221;20670&#8243; img_size=&#8221;full&#8221;][vc_empty_space height=&#8221;35px&#8221;][\/vc_column][vc_column offset=&#8221;vc_col-lg-6 vc_col-md-6 vc_col-xs-12&#8243;][\/vc_column][\/vc_row][vc_row content_width=&#8221;grid&#8221; css=&#8221;.vc_custom_1596118384380{padding-top: 36px !important;padding-bottom: 41px !important;background-color: #ee3f75 !important;}&#8221;][vc_column css=&#8221;.vc_custom_1492609383973{padding-top: 2px !important;}&#8221;][\/vc_column][\/vc_row]","og_url":"https:\/\/alan.lu\/de\/erfahrungsberichte\/erfahrungsberichte-jessica\/","og_site_name":"ALAN","article_modified_time":"2021-01-27T13:15:10+00:00","twitter_card":"summary_large_image","twitter_misc":{"Gesch\u00e4tzte Lesezeit":"3\u00a0Minuten"},"schema":{"@context":"https:\/\/schema.org","@graph":[{"@type":"WebPage","@id":"https:\/\/alan.lu\/de\/erfahrungsberichte\/erfahrungsberichte-jessica\/","url":"https:\/\/alan.lu\/de\/erfahrungsberichte\/erfahrungsberichte-jessica\/","name":"Erfahrungsberichte - ALAN","isPartOf":{"@id":"https:\/\/alan.lu\/de\/#website"},"datePublished":"2020-09-23T12:00:59+00:00","dateModified":"2021-01-27T13:15:10+00:00","breadcrumb":{"@id":"https:\/\/alan.lu\/de\/erfahrungsberichte\/erfahrungsberichte-jessica\/#breadcrumb"},"inLanguage":"de","potentialAction":[{"@type":"ReadAction","target":["https:\/\/alan.lu\/de\/erfahrungsberichte\/erfahrungsberichte-jessica\/"]}]},{"@type":"BreadcrumbList","@id":"https:\/\/alan.lu\/de\/erfahrungsberichte\/erfahrungsberichte-jessica\/#breadcrumb","itemListElement":[{"@type":"ListItem","position":1,"name":"Accueil","item":"https:\/\/alan.lu\/de\/"},{"@type":"ListItem","position":2,"name":"Erfahrungsberichte","item":"https:\/\/alan.lu\/de\/our-testimonials\/"},{"@type":"ListItem","position":3,"name":"Erfahrungsberichte"}]},{"@type":"WebSite","@id":"https:\/\/alan.lu\/de\/#website","url":"https:\/\/alan.lu\/de\/","name":"ALAN","description":"Rare Diseases Luxembourg","potentialAction":[{"@type":"SearchAction","target":{"@type":"EntryPoint","urlTemplate":"https:\/\/alan.lu\/de\/?s={search_term_string}"},"query-input":{"@type":"PropertyValueSpecification","valueRequired":true,"valueName":"search_term_string"}}],"inLanguage":"de"}]}},"campaignId":"","_links":{"self":[{"href":"https:\/\/alan.lu\/de\/wp-json\/wp\/v2\/pages\/21367","targetHints":{"allow":["GET"]}}],"collection":[{"href":"https:\/\/alan.lu\/de\/wp-json\/wp\/v2\/pages"}],"about":[{"href":"https:\/\/alan.lu\/de\/wp-json\/wp\/v2\/types\/page"}],"author":[{"embeddable":true,"href":"https:\/\/alan.lu\/de\/wp-json\/wp\/v2\/users\/1"}],"replies":[{"embeddable":true,"href":"https:\/\/alan.lu\/de\/wp-json\/wp\/v2\/comments?post=21367"}],"version-history":[{"count":7,"href":"https:\/\/alan.lu\/de\/wp-json\/wp\/v2\/pages\/21367\/revisions"}],"predecessor-version":[{"id":21927,"href":"https:\/\/alan.lu\/de\/wp-json\/wp\/v2\/pages\/21367\/revisions\/21927"}],"up":[{"embeddable":true,"href":"https:\/\/alan.lu\/de\/wp-json\/wp\/v2\/pages\/21360"}],"wp:attachment":[{"href":"https:\/\/alan.lu\/de\/wp-json\/wp\/v2\/media?parent=21367"}],"curies":[{"name":"wp","href":"https:\/\/api.w.org\/{rel}","templated":true}]}}