{"id":21369,"date":"2020-09-23T14:04:38","date_gmt":"2020-09-23T12:04:38","guid":{"rendered":"https:\/\/alan.wearequattro.com\/testimonials\/testimonials-hannah\/"},"modified":"2021-01-27T14:15:11","modified_gmt":"2021-01-27T13:15:11","slug":"erfahrungsberichte-hannah","status":"publish","type":"page","link":"https:\/\/alan.lu\/de\/erfahrungsberichte\/erfahrungsberichte-hannah\/","title":{"rendered":"Erfahrungsberichte"},"content":{"rendered":"<div class=\"wpb-content-wrapper\"><p>[vc_row content_width=&#8221;grid&#8221; css=&#8221;.vc_custom_1492696696810{padding-top: 130px !important;padding-bottom: 90px !important;}&#8221;][vc_column offset=&#8221;vc_col-lg-6 vc_col-md-6 vc_col-xs-12&#8243;][vc_single_image image=&#8221;21362&#8243; img_size=&#8221;full&#8221;][vc_empty_space height=&#8221;35px&#8221;][\/vc_column][vc_column offset=&#8221;vc_col-lg-6 vc_col-md-6 vc_col-xs-12&#8243;]<div class=\"edgtf-elements-holder edgtf-responsive-mode-768\" ><div class=\"edgtf-elements-holder-item \" data-item-class=\"edgtf-elements-holder-custom-915361\" data-1280-1600=\"2% 7% 2% 5%\" data-1024-1280=\"2% 7% 2% 5%\" data-768-1024=\"2% 0% 2% 3%\" data-600-768=\"5% 0% 1% 0%\" >\n\t\t<div class=\"edgtf-elements-holder-item-inner\">\n\t\t<div class=\"edgtf-elements-holder-item-content edgtf-elements-holder-custom-915361\" style=\"padding: 2% 7% 2% 5%\">\n\t\t\t[vc_column_text]<\/p>\n<h2>Hannah<\/h2>\n<p>[\/vc_column_text][vc_column_text]<strong style=\"color: #ee3f75;\">21 Jahre alt, lebt mit Spondylolisthesis<\/strong>[\/vc_column_text][vc_empty_space height=&#8221;35px&#8221;][vc_column_text]\u201cMein Name ist Hannah und ich bin 21 Jahre alt. Von klein auf habe ich R\u00fcckenschmerzen. Kein Arzt hat auf meine Beschwerden hin es je f\u00fcr n\u00f6tig gehalten mich zu r\u00f6ntgen. Es dauerte 11 Jahre, bis ich meine Diagnose bekam. Bei mir wurde mit 15 Jahren dann ein f\u00fcr mein Alter sehr seltenes hochgradiges Wirbelgleiten diagnostiziert, eine Spondylolisthesis. \u00dcber all die Jahre war mein Problem soweit fortgeschritten, dass ich kurz vor der Querschnittsl\u00e4hmung stand. Man musste mich schnellstens operieren, allerdings war die Medizin im Ausland gefordert.<\/p>\n<p>Nach dieser OP fing nicht das Leben, sondern das \u00dcberleben f\u00fcr mich an. Es begann ein Wettrennen mit der Zeit ums eigene \u00dcberleben. Es hatte sich Staphylokokken in meiner Lendenwirbels\u00e4ule eingenistet. Die Bakterien blieben acht lange Monate unerkannt. Niemand nahm meine h\u00f6llischen Schmerzen nach der OP ernst. In letzter Sekunde wurde ich notoperiert. Meine Lendenwirbels\u00e4ule schwamm wortw\u00f6rtlich im Eiter. \u00dcber die Jahre folgten noch weitere gro\u00dfe Operationen im Ausland.<\/p>\n<p>Mein Krankheitsverlauf hat mein ganzes Leben auf den Kopf gestellt. Ich wurde zur Schmerzpatientin, Opiate meine st\u00e4ndigen Begleiter. Ich wurde aus meiner fr\u00fchen Jugendphase von jetzt auf gleich in eine andere Welt katapultiert. Der Verlust meiner Freunde und meiner Jugend machte mir sehr zu schaffen. Die Depression lie\u00df nat\u00fcrlich nicht lange auf sich warten. Dadurch fand ich zur Kunst und begann mit dem Malen. Die Kunst half mir sehr bei meiner seelischen Heilung.<\/p>\n<p>Meine Krankengeschichte ist noch nicht zu Ende, jedoch bin ich dankbar, dass ich heute trotz Schmerzen aufrecht stehen kann. Allerdings geh\u00f6re auch ich zu jenen Patienten, denen man \u00e4u\u00dferlich ihren Schicksalsschlag nicht anmerkt und ich mich oft in Situationen rechtfertigen muss.<\/p>\n<p>Ich wei\u00df selbst nur zu gut, dass man sich mit einem seltenen Krankheitsverlauf sehr allein gelassen f\u00fchlt. Deswegen reiche ich gedanklich jedem die Hand der sich in solch einer Lebenslage befindet. Unsere Welt der Krankheit ist leider eine ganz eigene Dimension.<\/p>\n<p>Ich bedanke mich deswegen auch von Herzen bei ALAN, dass ihr mit eurer Hilfe ein sehr positiver Teil meiner Geschichte sein konntet!\u201c[\/vc_column_text]\t\t<\/div>\n\t<\/div>\n\t<\/div><\/div>[\/vc_column][\/vc_row][vc_row content_width=&#8221;grid&#8221; css=&#8221;.vc_custom_1596118384380{padding-top: 36px !important;padding-bottom: 41px !important;background-color: #ee3f75 !important;}&#8221;][vc_column css=&#8221;.vc_custom_1492609383973{padding-top: 2px !important;}&#8221;]\t<div class=\"edgtf-call-to-action normal\" style=\"background-color: #ee3f75;\">\n\n\t\t\t\t<div class=\"edgtf-container-inner\">\n\t\t\t\t\t<div class=\"edgtf-call-to-action-row-75-25 clearfix\" style=\"padding: 20px;\">\n\t\t\t\t\t\t<div class=\"edgtf-text-wrapper edgtf-call-to-action-column1 edgtf-call-to-action-cell left\">\n\t\t\t\t\t<div class=\"edgtf-call-to-action-text\" style=\"text-align: left\">\n<h2><span style=\"color: #ffffff;\">Melden Sie sich bei uns, wenn Sie Fragen haben oder Unterst\u00fctzung brauchen<\/span><\/h2>\n\t\t\t\t\t\t\t\t\t\t\t<\/div>\n\t\t\t\t<\/div>\n\n\t\t\t\t\t\t\t\t\t<div class=\"edgtf-button-wrapper edgtf-call-to-action-column2 edgtf-call-to-action-cell\" style =\"text-align: right ;\">\n\t\t\t\t\t\t<a itemprop=\"url\" href=\"https:\/\/alan.lu\/de\/alan-kontaktieren\/\" target=\"_self\" style=\"color: #ee3f75;background-color: #ffffff;border-color: #ffffff\" class=\"edgtf-btn edgtf-btn-large edgtf-btn-solid edgtf-btn-custom-hover-bg edgtf-btn-custom-border-hover edgtf-btn-custom-hover-color\" data-hover-bg-color=\"#ee3f75\" data-hover-color=\"#ffffff\" data-hover-border-color=\"#ffffff\" >\t<span class=\"edgtf-btn-text\">Kontakt<\/span>    <\/a>\t\t\t\t\t<\/div>\n\t\t\t\t\t\t\t<\/div>\n\t\t\t\t<\/div>\n\t\t\t<\/div>\n[\/vc_column][\/vc_row]<\/p>\n<\/div>","protected":false},"excerpt":{"rendered":"<p>[vc_row content_width=&#8221;grid&#8221; css=&#8221;.vc_custom_1492696696810{padding-top: 130px !important;padding-bottom: 90px !important;}&#8221;][vc_column offset=&#8221;vc_col-lg-6 vc_col-md-6 vc_col-xs-12&#8243;][vc_single_image image=&#8221;21362&#8243; img_size=&#8221;full&#8221;][vc_empty_space height=&#8221;35px&#8221;][\/vc_column][vc_column offset=&#8221;vc_col-lg-6 vc_col-md-6 vc_col-xs-12&#8243;][\/vc_column][\/vc_row][vc_row content_width=&#8221;grid&#8221; css=&#8221;.vc_custom_1596118384380{padding-top: 36px !important;padding-bottom: 41px !important;background-color: #ee3f75 !important;}&#8221;][vc_column css=&#8221;.vc_custom_1492609383973{padding-top: 2px !important;}&#8221;][\/vc_column][\/vc_row]<\/p>\n","protected":false},"author":1,"featured_media":0,"parent":21360,"menu_order":0,"comment_status":"closed","ping_status":"closed","template":"","meta":{"give_campaign_id":0,"inline_featured_image":false,"footnotes":""},"class_list":["post-21369","page","type-page","status-publish","hentry"],"yoast_head":"<!-- This site is optimized with the Yoast SEO plugin v26.9 - https:\/\/yoast.com\/product\/yoast-seo-wordpress\/ -->\n<title>Erfahrungsberichte - ALAN<\/title>\n<meta name=\"robots\" content=\"index, follow, max-snippet:-1, max-image-preview:large, max-video-preview:-1\" \/>\n<link rel=\"canonical\" href=\"https:\/\/alan.lu\/de\/erfahrungsberichte\/erfahrungsberichte-hannah\/\" \/>\n<meta property=\"og:locale\" content=\"de_DE\" \/>\n<meta property=\"og:type\" content=\"article\" \/>\n<meta property=\"og:title\" content=\"Erfahrungsberichte - ALAN\" \/>\n<meta property=\"og:description\" content=\"[vc_row content_width=&#8221;grid&#8221; css=&#8221;.vc_custom_1492696696810{padding-top: 130px !important;padding-bottom: 90px !important;}&#8221;][vc_column offset=&#8221;vc_col-lg-6 vc_col-md-6 vc_col-xs-12&#8243;][vc_single_image image=&#8221;21362&#8243; img_size=&#8221;full&#8221;][vc_empty_space height=&#8221;35px&#8221;][\/vc_column][vc_column offset=&#8221;vc_col-lg-6 vc_col-md-6 vc_col-xs-12&#8243;][\/vc_column][\/vc_row][vc_row content_width=&#8221;grid&#8221; css=&#8221;.vc_custom_1596118384380{padding-top: 36px !important;padding-bottom: 41px !important;background-color: #ee3f75 !important;}&#8221;][vc_column css=&#8221;.vc_custom_1492609383973{padding-top: 2px !important;}&#8221;][\/vc_column][\/vc_row]\" \/>\n<meta property=\"og:url\" content=\"https:\/\/alan.lu\/de\/erfahrungsberichte\/erfahrungsberichte-hannah\/\" \/>\n<meta property=\"og:site_name\" content=\"ALAN\" \/>\n<meta property=\"article:modified_time\" content=\"2021-01-27T13:15:11+00:00\" \/>\n<meta name=\"twitter:card\" content=\"summary_large_image\" \/>\n<meta name=\"twitter:label1\" content=\"Gesch\u00e4tzte Lesezeit\" \/>\n\t<meta name=\"twitter:data1\" content=\"3\u00a0Minuten\" \/>\n<script type=\"application\/ld+json\" class=\"yoast-schema-graph\">{\"@context\":\"https:\/\/schema.org\",\"@graph\":[{\"@type\":\"WebPage\",\"@id\":\"https:\/\/alan.lu\/de\/erfahrungsberichte\/erfahrungsberichte-hannah\/\",\"url\":\"https:\/\/alan.lu\/de\/erfahrungsberichte\/erfahrungsberichte-hannah\/\",\"name\":\"Erfahrungsberichte - ALAN\",\"isPartOf\":{\"@id\":\"https:\/\/alan.lu\/de\/#website\"},\"datePublished\":\"2020-09-23T12:04:38+00:00\",\"dateModified\":\"2021-01-27T13:15:11+00:00\",\"breadcrumb\":{\"@id\":\"https:\/\/alan.lu\/de\/erfahrungsberichte\/erfahrungsberichte-hannah\/#breadcrumb\"},\"inLanguage\":\"de\",\"potentialAction\":[{\"@type\":\"ReadAction\",\"target\":[\"https:\/\/alan.lu\/de\/erfahrungsberichte\/erfahrungsberichte-hannah\/\"]}]},{\"@type\":\"BreadcrumbList\",\"@id\":\"https:\/\/alan.lu\/de\/erfahrungsberichte\/erfahrungsberichte-hannah\/#breadcrumb\",\"itemListElement\":[{\"@type\":\"ListItem\",\"position\":1,\"name\":\"Accueil\",\"item\":\"https:\/\/alan.lu\/de\/\"},{\"@type\":\"ListItem\",\"position\":2,\"name\":\"Erfahrungsberichte\",\"item\":\"https:\/\/alan.lu\/de\/our-testimonials\/\"},{\"@type\":\"ListItem\",\"position\":3,\"name\":\"Erfahrungsberichte\"}]},{\"@type\":\"WebSite\",\"@id\":\"https:\/\/alan.lu\/de\/#website\",\"url\":\"https:\/\/alan.lu\/de\/\",\"name\":\"ALAN\",\"description\":\"Rare Diseases Luxembourg\",\"potentialAction\":[{\"@type\":\"SearchAction\",\"target\":{\"@type\":\"EntryPoint\",\"urlTemplate\":\"https:\/\/alan.lu\/de\/?s={search_term_string}\"},\"query-input\":{\"@type\":\"PropertyValueSpecification\",\"valueRequired\":true,\"valueName\":\"search_term_string\"}}],\"inLanguage\":\"de\"}]}<\/script>\n<!-- \/ Yoast SEO plugin. -->","yoast_head_json":{"title":"Erfahrungsberichte - ALAN","robots":{"index":"index","follow":"follow","max-snippet":"max-snippet:-1","max-image-preview":"max-image-preview:large","max-video-preview":"max-video-preview:-1"},"canonical":"https:\/\/alan.lu\/de\/erfahrungsberichte\/erfahrungsberichte-hannah\/","og_locale":"de_DE","og_type":"article","og_title":"Erfahrungsberichte - ALAN","og_description":"[vc_row content_width=&#8221;grid&#8221; css=&#8221;.vc_custom_1492696696810{padding-top: 130px !important;padding-bottom: 90px !important;}&#8221;][vc_column offset=&#8221;vc_col-lg-6 vc_col-md-6 vc_col-xs-12&#8243;][vc_single_image image=&#8221;21362&#8243; img_size=&#8221;full&#8221;][vc_empty_space height=&#8221;35px&#8221;][\/vc_column][vc_column offset=&#8221;vc_col-lg-6 vc_col-md-6 vc_col-xs-12&#8243;][\/vc_column][\/vc_row][vc_row content_width=&#8221;grid&#8221; css=&#8221;.vc_custom_1596118384380{padding-top: 36px !important;padding-bottom: 41px !important;background-color: #ee3f75 !important;}&#8221;][vc_column css=&#8221;.vc_custom_1492609383973{padding-top: 2px !important;}&#8221;][\/vc_column][\/vc_row]","og_url":"https:\/\/alan.lu\/de\/erfahrungsberichte\/erfahrungsberichte-hannah\/","og_site_name":"ALAN","article_modified_time":"2021-01-27T13:15:11+00:00","twitter_card":"summary_large_image","twitter_misc":{"Gesch\u00e4tzte Lesezeit":"3\u00a0Minuten"},"schema":{"@context":"https:\/\/schema.org","@graph":[{"@type":"WebPage","@id":"https:\/\/alan.lu\/de\/erfahrungsberichte\/erfahrungsberichte-hannah\/","url":"https:\/\/alan.lu\/de\/erfahrungsberichte\/erfahrungsberichte-hannah\/","name":"Erfahrungsberichte - ALAN","isPartOf":{"@id":"https:\/\/alan.lu\/de\/#website"},"datePublished":"2020-09-23T12:04:38+00:00","dateModified":"2021-01-27T13:15:11+00:00","breadcrumb":{"@id":"https:\/\/alan.lu\/de\/erfahrungsberichte\/erfahrungsberichte-hannah\/#breadcrumb"},"inLanguage":"de","potentialAction":[{"@type":"ReadAction","target":["https:\/\/alan.lu\/de\/erfahrungsberichte\/erfahrungsberichte-hannah\/"]}]},{"@type":"BreadcrumbList","@id":"https:\/\/alan.lu\/de\/erfahrungsberichte\/erfahrungsberichte-hannah\/#breadcrumb","itemListElement":[{"@type":"ListItem","position":1,"name":"Accueil","item":"https:\/\/alan.lu\/de\/"},{"@type":"ListItem","position":2,"name":"Erfahrungsberichte","item":"https:\/\/alan.lu\/de\/our-testimonials\/"},{"@type":"ListItem","position":3,"name":"Erfahrungsberichte"}]},{"@type":"WebSite","@id":"https:\/\/alan.lu\/de\/#website","url":"https:\/\/alan.lu\/de\/","name":"ALAN","description":"Rare Diseases Luxembourg","potentialAction":[{"@type":"SearchAction","target":{"@type":"EntryPoint","urlTemplate":"https:\/\/alan.lu\/de\/?s={search_term_string}"},"query-input":{"@type":"PropertyValueSpecification","valueRequired":true,"valueName":"search_term_string"}}],"inLanguage":"de"}]}},"campaignId":"","_links":{"self":[{"href":"https:\/\/alan.lu\/de\/wp-json\/wp\/v2\/pages\/21369","targetHints":{"allow":["GET"]}}],"collection":[{"href":"https:\/\/alan.lu\/de\/wp-json\/wp\/v2\/pages"}],"about":[{"href":"https:\/\/alan.lu\/de\/wp-json\/wp\/v2\/types\/page"}],"author":[{"embeddable":true,"href":"https:\/\/alan.lu\/de\/wp-json\/wp\/v2\/users\/1"}],"replies":[{"embeddable":true,"href":"https:\/\/alan.lu\/de\/wp-json\/wp\/v2\/comments?post=21369"}],"version-history":[{"count":6,"href":"https:\/\/alan.lu\/de\/wp-json\/wp\/v2\/pages\/21369\/revisions"}],"predecessor-version":[{"id":21928,"href":"https:\/\/alan.lu\/de\/wp-json\/wp\/v2\/pages\/21369\/revisions\/21928"}],"up":[{"embeddable":true,"href":"https:\/\/alan.lu\/de\/wp-json\/wp\/v2\/pages\/21360"}],"wp:attachment":[{"href":"https:\/\/alan.lu\/de\/wp-json\/wp\/v2\/media?parent=21369"}],"curies":[{"name":"wp","href":"https:\/\/api.w.org\/{rel}","templated":true}]}}