{"id":21371,"date":"2020-09-23T14:07:56","date_gmt":"2020-09-23T12:07:56","guid":{"rendered":"https:\/\/alan.wearequattro.com\/testimonials\/testimonials-nataliia\/"},"modified":"2021-01-27T14:15:11","modified_gmt":"2021-01-27T13:15:11","slug":"erfahrungsberichte-nataliia","status":"publish","type":"page","link":"https:\/\/alan.lu\/de\/erfahrungsberichte\/erfahrungsberichte-nataliia\/","title":{"rendered":"Erfahrungsberichte"},"content":{"rendered":"<div class=\"wpb-content-wrapper\"><p>[vc_row content_width=&#8221;grid&#8221; css=&#8221;.vc_custom_1492696696810{padding-top: 130px !important;padding-bottom: 90px !important;}&#8221;][vc_column offset=&#8221;vc_col-lg-6 vc_col-md-6 vc_col-xs-12&#8243;][vc_single_image image=&#8221;21363&#8243; img_size=&#8221;full&#8221;][vc_empty_space height=&#8221;35px&#8221;][\/vc_column][vc_column offset=&#8221;vc_col-lg-6 vc_col-md-6 vc_col-xs-12&#8243;]<div class=\"edgtf-elements-holder edgtf-responsive-mode-768\" ><div class=\"edgtf-elements-holder-item \" data-item-class=\"edgtf-elements-holder-custom-162207\" data-1280-1600=\"2% 7% 2% 5%\" data-1024-1280=\"2% 7% 2% 5%\" data-768-1024=\"2% 0% 2% 3%\" data-600-768=\"5% 0% 1% 0%\" >\n\t\t<div class=\"edgtf-elements-holder-item-inner\">\n\t\t<div class=\"edgtf-elements-holder-item-content edgtf-elements-holder-custom-162207\" style=\"padding: 2% 7% 2% 5%\">\n\t\t\t[vc_column_text]<\/p>\n<h2>Nataliia<\/h2>\n<p>[\/vc_column_text][vc_column_text]<strong style=\"color: #ee3f75;\">hat einen einj\u00e4hriger Sohn der mit dem Angelman-Syndrom lebt<\/strong>[\/vc_column_text][vc_empty_space height=&#8221;35px&#8221;][vc_column_text]\u201cDaniel wurde im Mai 2019 geboren. Die Schwangerschaft war perfekt. Ich war die gl\u00fccklichste Frau der Welt! Ja, in den ersten Monaten hatte Daniel Probleme mit der Ern\u00e4hrung, eine kleine Blockade im Hals, einen etwas flachen Kopf, Strabismus und Reflux. Sie schienen kleine Probleme zu sein, weil viele Babys dies haben k\u00f6nnten. Als Daniel 3 Monate alt war, waren wir im Krankenhaus, um einen neurologischen Ursprung auszuschlie\u00dfen. Genetischen Tests zeigten, dass bei Daniel ein kleiner Abschnitt des Chromosoms 15 fehlte (sog. Mikrodeletion), was eine Erkrankung Namens Angelman-Syndrom verursacht. Schock. Schmerzen. Tr\u00e4nen.<\/p>\n<p>Das Angelman-Syndrom ist eine seltene Krankheit, die durch Sch\u00e4digungen am Erbgut entsteht und bei etwa 1 von 15 000 Neugeborenen auftritt. Die mentale und neurologische Entwicklung von Kindern mit Angelman-Syndrom ist verz\u00f6gert. Hinzu kommen Anf\u00e4lle, Schlafst\u00f6rungen, h\u00e4ufiges Lachen und starke Sprachbehinderungen. Es handelt sich um einen Gendefekt, und es gibt zurzeit keine Heilungsm\u00f6glichkeiten.<\/p>\n<p>W\u00e4hrend die H\u00e4lfte von mir weinte, wollte die zweite H\u00e4lfte alles M\u00f6gliche f\u00fcr meinen Sohn tun! Wir haben viele Organisationen f\u00fcr Angelman-Syndrom kontaktiert, die uns auf unserem Weg unterst\u00fctzt haben! Daniels w\u00f6chentliche Routine umfasst Physiotherapie und Ergotherapie, Sprachtherapie, Schwimmbad, Sehkraftentwicklungstraining und Osteopathie. Wir machen viele \u00dcbungen zu Hause und versuchen alle 3-4 Monate in Rehabilitationszentren eine Intensivtherapie zu machen. Es ist \u00e4u\u00dferst selten, dass das Angelman-Syndrom so fr\u00fch, im Alter von 3 Monaten, entdeckt wurde. Die Diagnose wird normalerweise im Alter von ein bis zwei Jahren gestellt, da das Angelman-Syndrom mit Standardtests w\u00e4hrend der Schwangerschaft nicht erkannt werden kann.<\/p>\n<p>Wenn Sie Angelman-Syndrom googlen, trifft die typische Beschreibung auf Daniel zu. Was jedoch nicht online beschrieben wird, ist, dass jedes Kind anders ist und seine eigene Pers\u00f6nlichkeit hat. Daniel hat mich gelehrt, die einfachen Dinge zu sch\u00e4tzen, die wir oft als selbstverst\u00e4ndlich ansehen.<\/p>\n<p>In letzter Zeit haben wir gro\u00dfe Hoffnung, da bald die erst klinische Studie zur Behandlung der Ursache des Angelman-Syndroms starten soll. Ich glaube daran, dass die neue Therapie entscheidend helfen kann, so, dass mein Sohn gesund sein und lernen kann. Dann kann er eine regul\u00e4re Schule besuchen und ich werde nicht mal sauer sein, wenn er schlechte Noten bekommt. Er wird Freunde haben und viel Liebe um sich haben. Eine gew\u00f6hnliche Kindheit.\u201d[\/vc_column_text]\t\t<\/div>\n\t<\/div>\n\t<\/div><\/div>[\/vc_column][\/vc_row][vc_row content_width=&#8221;grid&#8221; css=&#8221;.vc_custom_1596118384380{padding-top: 36px !important;padding-bottom: 41px !important;background-color: #ee3f75 !important;}&#8221;][vc_column css=&#8221;.vc_custom_1492609383973{padding-top: 2px !important;}&#8221;]\t<div class=\"edgtf-call-to-action normal\" style=\"background-color: #ee3f75;\">\n\n\t\t\t\t<div class=\"edgtf-container-inner\">\n\t\t\t\t\t<div class=\"edgtf-call-to-action-row-75-25 clearfix\" style=\"padding: 20px;\">\n\t\t\t\t\t\t<div class=\"edgtf-text-wrapper edgtf-call-to-action-column1 edgtf-call-to-action-cell left\">\n\t\t\t\t\t<div class=\"edgtf-call-to-action-text\" style=\"text-align: left\">\n<h2><span style=\"color: #ffffff;\">Melden Sie sich bei uns, wenn Sie Fragen haben oder Unterst\u00fctzung brauchen<\/span><\/h2>\n\t\t\t\t\t\t\t\t\t\t\t<\/div>\n\t\t\t\t<\/div>\n\n\t\t\t\t\t\t\t\t\t<div class=\"edgtf-button-wrapper edgtf-call-to-action-column2 edgtf-call-to-action-cell\" style =\"text-align: right ;\">\n\t\t\t\t\t\t<a itemprop=\"url\" href=\"https:\/\/alan.lu\/de\/alan-kontaktieren\/\" target=\"_self\" style=\"color: #ee3f75;background-color: #ffffff;border-color: #ffffff\" class=\"edgtf-btn edgtf-btn-large edgtf-btn-solid edgtf-btn-custom-hover-bg edgtf-btn-custom-border-hover edgtf-btn-custom-hover-color\" data-hover-bg-color=\"#ee3f75\" data-hover-color=\"#ffffff\" data-hover-border-color=\"#ffffff\" >\t<span class=\"edgtf-btn-text\">Kontakt<\/span>    <\/a>\t\t\t\t\t<\/div>\n\t\t\t\t\t\t\t<\/div>\n\t\t\t\t<\/div>\n\t\t\t<\/div>\n[\/vc_column][\/vc_row]<\/p>\n<\/div>","protected":false},"excerpt":{"rendered":"<p>[vc_row content_width=&#8221;grid&#8221; css=&#8221;.vc_custom_1492696696810{padding-top: 130px !important;padding-bottom: 90px !important;}&#8221;][vc_column offset=&#8221;vc_col-lg-6 vc_col-md-6 vc_col-xs-12&#8243;][vc_single_image image=&#8221;21363&#8243; img_size=&#8221;full&#8221;][vc_empty_space height=&#8221;35px&#8221;][\/vc_column][vc_column offset=&#8221;vc_col-lg-6 vc_col-md-6 vc_col-xs-12&#8243;][\/vc_column][\/vc_row][vc_row content_width=&#8221;grid&#8221; css=&#8221;.vc_custom_1596118384380{padding-top: 36px !important;padding-bottom: 41px !important;background-color: #ee3f75 !important;}&#8221;][vc_column css=&#8221;.vc_custom_1492609383973{padding-top: 2px !important;}&#8221;][\/vc_column][\/vc_row]<\/p>\n","protected":false},"author":1,"featured_media":0,"parent":21360,"menu_order":0,"comment_status":"closed","ping_status":"closed","template":"","meta":{"give_campaign_id":0,"inline_featured_image":false,"footnotes":""},"class_list":["post-21371","page","type-page","status-publish","hentry"],"yoast_head":"<!-- This site is optimized with the Yoast SEO plugin v26.9 - https:\/\/yoast.com\/product\/yoast-seo-wordpress\/ -->\n<title>Erfahrungsberichte - ALAN<\/title>\n<meta name=\"robots\" content=\"index, follow, max-snippet:-1, max-image-preview:large, max-video-preview:-1\" \/>\n<link rel=\"canonical\" href=\"https:\/\/alan.lu\/de\/erfahrungsberichte\/erfahrungsberichte-nataliia\/\" \/>\n<meta property=\"og:locale\" content=\"de_DE\" \/>\n<meta property=\"og:type\" content=\"article\" \/>\n<meta property=\"og:title\" content=\"Erfahrungsberichte - ALAN\" \/>\n<meta property=\"og:description\" content=\"[vc_row content_width=&#8221;grid&#8221; css=&#8221;.vc_custom_1492696696810{padding-top: 130px !important;padding-bottom: 90px !important;}&#8221;][vc_column offset=&#8221;vc_col-lg-6 vc_col-md-6 vc_col-xs-12&#8243;][vc_single_image image=&#8221;21363&#8243; img_size=&#8221;full&#8221;][vc_empty_space height=&#8221;35px&#8221;][\/vc_column][vc_column offset=&#8221;vc_col-lg-6 vc_col-md-6 vc_col-xs-12&#8243;][\/vc_column][\/vc_row][vc_row content_width=&#8221;grid&#8221; css=&#8221;.vc_custom_1596118384380{padding-top: 36px !important;padding-bottom: 41px !important;background-color: #ee3f75 !important;}&#8221;][vc_column css=&#8221;.vc_custom_1492609383973{padding-top: 2px !important;}&#8221;][\/vc_column][\/vc_row]\" \/>\n<meta property=\"og:url\" content=\"https:\/\/alan.lu\/de\/erfahrungsberichte\/erfahrungsberichte-nataliia\/\" \/>\n<meta property=\"og:site_name\" content=\"ALAN\" \/>\n<meta property=\"article:modified_time\" content=\"2021-01-27T13:15:11+00:00\" \/>\n<meta name=\"twitter:card\" content=\"summary_large_image\" \/>\n<meta name=\"twitter:label1\" content=\"Gesch\u00e4tzte Lesezeit\" \/>\n\t<meta name=\"twitter:data1\" content=\"3\u00a0Minuten\" \/>\n<script type=\"application\/ld+json\" class=\"yoast-schema-graph\">{\"@context\":\"https:\/\/schema.org\",\"@graph\":[{\"@type\":\"WebPage\",\"@id\":\"https:\/\/alan.lu\/de\/erfahrungsberichte\/erfahrungsberichte-nataliia\/\",\"url\":\"https:\/\/alan.lu\/de\/erfahrungsberichte\/erfahrungsberichte-nataliia\/\",\"name\":\"Erfahrungsberichte - ALAN\",\"isPartOf\":{\"@id\":\"https:\/\/alan.lu\/de\/#website\"},\"datePublished\":\"2020-09-23T12:07:56+00:00\",\"dateModified\":\"2021-01-27T13:15:11+00:00\",\"breadcrumb\":{\"@id\":\"https:\/\/alan.lu\/de\/erfahrungsberichte\/erfahrungsberichte-nataliia\/#breadcrumb\"},\"inLanguage\":\"de\",\"potentialAction\":[{\"@type\":\"ReadAction\",\"target\":[\"https:\/\/alan.lu\/de\/erfahrungsberichte\/erfahrungsberichte-nataliia\/\"]}]},{\"@type\":\"BreadcrumbList\",\"@id\":\"https:\/\/alan.lu\/de\/erfahrungsberichte\/erfahrungsberichte-nataliia\/#breadcrumb\",\"itemListElement\":[{\"@type\":\"ListItem\",\"position\":1,\"name\":\"Accueil\",\"item\":\"https:\/\/alan.lu\/de\/\"},{\"@type\":\"ListItem\",\"position\":2,\"name\":\"Erfahrungsberichte\",\"item\":\"https:\/\/alan.lu\/de\/our-testimonials\/\"},{\"@type\":\"ListItem\",\"position\":3,\"name\":\"Erfahrungsberichte\"}]},{\"@type\":\"WebSite\",\"@id\":\"https:\/\/alan.lu\/de\/#website\",\"url\":\"https:\/\/alan.lu\/de\/\",\"name\":\"ALAN\",\"description\":\"Rare Diseases Luxembourg\",\"potentialAction\":[{\"@type\":\"SearchAction\",\"target\":{\"@type\":\"EntryPoint\",\"urlTemplate\":\"https:\/\/alan.lu\/de\/?s={search_term_string}\"},\"query-input\":{\"@type\":\"PropertyValueSpecification\",\"valueRequired\":true,\"valueName\":\"search_term_string\"}}],\"inLanguage\":\"de\"}]}<\/script>\n<!-- \/ Yoast SEO plugin. -->","yoast_head_json":{"title":"Erfahrungsberichte - ALAN","robots":{"index":"index","follow":"follow","max-snippet":"max-snippet:-1","max-image-preview":"max-image-preview:large","max-video-preview":"max-video-preview:-1"},"canonical":"https:\/\/alan.lu\/de\/erfahrungsberichte\/erfahrungsberichte-nataliia\/","og_locale":"de_DE","og_type":"article","og_title":"Erfahrungsberichte - ALAN","og_description":"[vc_row content_width=&#8221;grid&#8221; css=&#8221;.vc_custom_1492696696810{padding-top: 130px !important;padding-bottom: 90px !important;}&#8221;][vc_column offset=&#8221;vc_col-lg-6 vc_col-md-6 vc_col-xs-12&#8243;][vc_single_image image=&#8221;21363&#8243; img_size=&#8221;full&#8221;][vc_empty_space height=&#8221;35px&#8221;][\/vc_column][vc_column offset=&#8221;vc_col-lg-6 vc_col-md-6 vc_col-xs-12&#8243;][\/vc_column][\/vc_row][vc_row content_width=&#8221;grid&#8221; css=&#8221;.vc_custom_1596118384380{padding-top: 36px !important;padding-bottom: 41px !important;background-color: #ee3f75 !important;}&#8221;][vc_column css=&#8221;.vc_custom_1492609383973{padding-top: 2px !important;}&#8221;][\/vc_column][\/vc_row]","og_url":"https:\/\/alan.lu\/de\/erfahrungsberichte\/erfahrungsberichte-nataliia\/","og_site_name":"ALAN","article_modified_time":"2021-01-27T13:15:11+00:00","twitter_card":"summary_large_image","twitter_misc":{"Gesch\u00e4tzte Lesezeit":"3\u00a0Minuten"},"schema":{"@context":"https:\/\/schema.org","@graph":[{"@type":"WebPage","@id":"https:\/\/alan.lu\/de\/erfahrungsberichte\/erfahrungsberichte-nataliia\/","url":"https:\/\/alan.lu\/de\/erfahrungsberichte\/erfahrungsberichte-nataliia\/","name":"Erfahrungsberichte - ALAN","isPartOf":{"@id":"https:\/\/alan.lu\/de\/#website"},"datePublished":"2020-09-23T12:07:56+00:00","dateModified":"2021-01-27T13:15:11+00:00","breadcrumb":{"@id":"https:\/\/alan.lu\/de\/erfahrungsberichte\/erfahrungsberichte-nataliia\/#breadcrumb"},"inLanguage":"de","potentialAction":[{"@type":"ReadAction","target":["https:\/\/alan.lu\/de\/erfahrungsberichte\/erfahrungsberichte-nataliia\/"]}]},{"@type":"BreadcrumbList","@id":"https:\/\/alan.lu\/de\/erfahrungsberichte\/erfahrungsberichte-nataliia\/#breadcrumb","itemListElement":[{"@type":"ListItem","position":1,"name":"Accueil","item":"https:\/\/alan.lu\/de\/"},{"@type":"ListItem","position":2,"name":"Erfahrungsberichte","item":"https:\/\/alan.lu\/de\/our-testimonials\/"},{"@type":"ListItem","position":3,"name":"Erfahrungsberichte"}]},{"@type":"WebSite","@id":"https:\/\/alan.lu\/de\/#website","url":"https:\/\/alan.lu\/de\/","name":"ALAN","description":"Rare Diseases Luxembourg","potentialAction":[{"@type":"SearchAction","target":{"@type":"EntryPoint","urlTemplate":"https:\/\/alan.lu\/de\/?s={search_term_string}"},"query-input":{"@type":"PropertyValueSpecification","valueRequired":true,"valueName":"search_term_string"}}],"inLanguage":"de"}]}},"campaignId":"","_links":{"self":[{"href":"https:\/\/alan.lu\/de\/wp-json\/wp\/v2\/pages\/21371","targetHints":{"allow":["GET"]}}],"collection":[{"href":"https:\/\/alan.lu\/de\/wp-json\/wp\/v2\/pages"}],"about":[{"href":"https:\/\/alan.lu\/de\/wp-json\/wp\/v2\/types\/page"}],"author":[{"embeddable":true,"href":"https:\/\/alan.lu\/de\/wp-json\/wp\/v2\/users\/1"}],"replies":[{"embeddable":true,"href":"https:\/\/alan.lu\/de\/wp-json\/wp\/v2\/comments?post=21371"}],"version-history":[{"count":7,"href":"https:\/\/alan.lu\/de\/wp-json\/wp\/v2\/pages\/21371\/revisions"}],"predecessor-version":[{"id":21930,"href":"https:\/\/alan.lu\/de\/wp-json\/wp\/v2\/pages\/21371\/revisions\/21930"}],"up":[{"embeddable":true,"href":"https:\/\/alan.lu\/de\/wp-json\/wp\/v2\/pages\/21360"}],"wp:attachment":[{"href":"https:\/\/alan.lu\/de\/wp-json\/wp\/v2\/media?parent=21371"}],"curies":[{"name":"wp","href":"https:\/\/api.w.org\/{rel}","templated":true}]}}