{"id":21388,"date":"2020-10-07T17:16:39","date_gmt":"2020-10-07T15:16:39","guid":{"rendered":"https:\/\/alan.wearequattro.com\/resources\/"},"modified":"2024-11-04T08:42:07","modified_gmt":"2024-11-04T07:42:07","slug":"ressourcen","status":"publish","type":"page","link":"https:\/\/alan.lu\/de\/ressourcen\/","title":{"rendered":"Ressourcen"},"content":{"rendered":"<div class=\"wpb-content-wrapper\"><p>[vc_row][vc_column][vc_column_text]<\/p>\n<h2 style=\"text-align: center;\">Spezifische Ressourcen<\/h2>\n<p>[\/vc_column_text]<div class=\"edgtf-separator-holder clearfix  edgtf-separator-center\">\n\t<div class=\"edgtf-separator\" style=\"border-color: #00bcdf;width: 50px;border-bottom-width: 3px;margin-top: 25px;margin-bottom: 25px\"><\/div>\n<\/div>\n[vc_empty_space height=&#8221;50px&#8221;][\/vc_column][\/vc_row][vc_row content_width=&#8221;grid&#8221;][vc_column][vc_column_text]<\/p>\n<h3 style=\"text-align: left;\">RATGEBER SELTENE ERKRANKUNGEN<\/h3>\n<p>[\/vc_column_text][vc_empty_space height=&#8221;35px&#8221;][vc_column_text]Der \u201eGuide d&#8217;orientation luxembourgeois pour les personnes vivant avec une maladie rare\u201c informiert \u00fcber die Dienste und Hilfen, die in den verschiedenen Bereichen (z. B. Gesundheitsf\u00fcrsorge, Sozialversicherung, finanzielle Unterst\u00fctzung, Schule usw.) verf\u00fcgbar sind, und f\u00fchrt die betroffenen Menschen durch die spezifischen Verfahren und Vorg\u00e4nge.<\/p>\n<p><a href=\"https:\/\/alan.lu\/wp-content\/uploads\/2022\/01\/guide_pratique_des_maladies_rares.pdf\" target=\"_blank\" rel=\"noopener noreferrer\">Ratgeber lesen<\/a>[\/vc_column_text][vc_empty_space height=&#8221;50px&#8221;][\/vc_column][\/vc_row][vc_row content_width=&#8221;grid&#8221;][vc_column width=&#8221;1\/3&#8243;][vc_column_text]<\/p>\n<h3 style=\"text-align: left;\">AFM-TELETHON<\/h3>\n<p>[\/vc_column_text][vc_empty_space height=&#8221;35px&#8221;][vc_column_text]<a href=\"http:\/\/www.afm-telethon.com\/\" target=\"_blank\" rel=\"noopener noreferrer\">www.afm-telethon.com<\/a><\/p>\n<p>Die franz\u00f6sische Vereinigung f\u00fcr Muskeldystrophie (AFM-T\u00e9l\u00e9thon) setzt sich aus Patienten und deren Familien zusammen, die von genetischen, seltenen und schwerwiegenden, fortschreitenden Erkrankungen betroffen sind.[\/vc_column_text][vc_empty_space height=&#8221;50px&#8221;][\/vc_column][vc_column width=&#8221;1\/3&#8243;][vc_column_text]<\/p>\n<h3 style=\"text-align: left;\">EUPATI<\/h3>\n<p>[\/vc_column_text][vc_empty_space height=&#8221;35px&#8221;][vc_column_text]<a href=\"https:\/\/eupati.eu\/\" target=\"_blank\" rel=\"noopener noreferrer\">www.eupati.eu<\/a><\/p>\n<p>Die European Patients\u2019 Academy on Therapeutic Innovation (EUPATI) ist eine \u00f6ffentlich-private Partnerschaft mit mehreren Interessengruppen. EUPATI bietet Aus- und Weiterbildungen an, damit Patienten und Patientenvertreter die Forschung und Entwicklung von Arzneimitteln besser verstehen und einen sinnvollen Beitrag hierzu leisten k\u00f6nnen. Au\u00dferdem sollen hierdurch die Verf\u00fcgbarkeit medizinischer Informationen f\u00fcr Patienten und andere Interessengruppen verbessert werden.[\/vc_column_text][vc_empty_space height=&#8221;50px&#8221;][\/vc_column][vc_column width=&#8221;1\/3&#8243;][vc_column_text]<\/p>\n<h3 style=\"text-align: left;\">EURORDIS<\/h3>\n<p>[\/vc_column_text][vc_empty_space height=&#8221;35px&#8221;][vc_column_text]<a href=\"http:\/\/www.eurordis.org\/\" target=\"_blank\" rel=\"noopener noreferrer\">www.eurordis.org<\/a><\/p>\n<p>EURORDIS ist eine nicht-staatliche patienten-gesteuerte Allianz von Patientenorganisationen und vertritt 932 Patientenorganisationen aus 73 L\u00e4ndern. EURORDIS versucht, die Lebensqualit\u00e4t von Menschen mit seltenen Erkrankungen in Europa zu verbessern, durch Interessenvertretung auf europ\u00e4ischer, politischer Ebene, Unterst\u00fctzung der Forschung und Arzneimittelentwicklung, Erleichterung der Vernetzung zwischen Patientengruppen und Sensibilisierung.[\/vc_column_text][vc_empty_space height=&#8221;50px&#8221;][\/vc_column][\/vc_row][vc_row content_width=&#8221;grid&#8221;][vc_column width=&#8221;1\/3&#8243;][vc_column_text]<\/p>\n<h3 style=\"text-align: left;\">MYOBASE<\/h3>\n<p>[\/vc_column_text][vc_empty_space height=&#8221;35px&#8221;][vc_column_text]<a href=\"http:\/\/www.myobase.org\/\" target=\"_blank\" rel=\"noopener noreferrer\">www.myobase.org<\/a><\/p>\n<p>Myobase ist eine bibliografische Datenbank f\u00fcr neuromuskul\u00e4re Erkrankungen, die von AFM-T\u00e9l\u00e9thon erstellt wurde.[\/vc_column_text][vc_empty_space height=&#8221;50px&#8221;][\/vc_column][vc_column width=&#8221;1\/3&#8243;][vc_column_text]<\/p>\n<h3 style=\"text-align: left;\">ORPHANET<\/h3>\n<p>[\/vc_column_text][vc_empty_space height=&#8221;35px&#8221;][vc_column_text]<a href=\"http:\/\/www.orpha.net\/\" target=\"_blank\" rel=\"noopener noreferrer\">www.orpha.net<\/a><\/p>\n<p>Das europ\u00e4ische Portal f\u00fcr seltene Krankheiten und Orphan Drugs. Orphanet ist eine einzigartige Ressource, die das Ziel verfolgt, das Wissen um seltene Krankheiten zu sammeln und zu erweitern, um so die Diagnose, Versorgung und Behandlung von Patienten mit seltenen Krankheiten zu verbessern. Orphanet ist ein Verzeichnis aller seltenen Erkrankungen und umfasst gleichzeitigt auch Verzeichnisse der Expertenzentren, der klinischen Studien, der Register, der Arzneimittel und vieles mehr. [\/vc_column_text][vc_empty_space height=&#8221;50px&#8221;][\/vc_column][vc_column width=&#8221;1\/3&#8243;][vc_column_text css=&#8221;&#8221;]<\/p>\n<h3 style=\"text-align: left;\">JARDIN<\/h3>\n<p>[\/vc_column_text][vc_empty_space height=&#8221;35px&#8221;][vc_column_text css=&#8221;&#8221;]<a href=\"https:\/\/jardin-ern.eu\/\" target=\"_blank\" rel=\"noopener noreferrer\">www.jardin-ern.eu\/<\/a><\/p>\n<p>JARDIN ist eine europ\u00e4ische \u201eJoint Action\u201c mit dem Ziel, den Zugang zu den Europ\u00e4ischen Referenznetzwerken (ERNs) durch deren Integration in die nationalen Gesundheitssysteme zu verbessern.[\/vc_column_text][vc_empty_space height=&#8221;50px&#8221;][\/vc_column][\/vc_row][vc_row][vc_column][vc_empty_space height=&#8221;50px&#8221;][vc_column_text]<\/p>\n<h2 style=\"text-align: center;\">Allgemeine Ressourcen<\/h2>\n<p>[\/vc_column_text]<div class=\"edgtf-separator-holder clearfix  edgtf-separator-center\">\n\t<div class=\"edgtf-separator\" style=\"border-color: #00bcdf;width: 50px;border-bottom-width: 3px;margin-top: 25px;margin-bottom: 25px\"><\/div>\n<\/div>\n[vc_empty_space height=&#8221;50px&#8221;][\/vc_column][\/vc_row][vc_row content_width=&#8221;grid&#8221;][vc_column width=&#8221;1\/3&#8243;][vc_column_text]<\/p>\n<h3 style=\"text-align: left;\">INFO-HANDICAP LUXEMBOURG<\/h3>\n<p>[\/vc_column_text][vc_empty_space height=&#8221;35px&#8221;][vc_column_text]<a href=\"https:\/\/info-handicap.lu\/\" target=\"_blank\" rel=\"noopener noreferrer\">info-handicap.lu<\/a><\/p>\n<p>Seit 1993 steht die Nationale Informations- und Begegnungsstelle im Bereich Behinderung den Betroffenen, ihren Familien, Institutionen und jedem, der sich \u00fcber das Thema Behinderung informieren m\u00f6chte, zur Verf\u00fcgung.[\/vc_column_text][vc_empty_space height=&#8221;50px&#8221;][\/vc_column][vc_column width=&#8221;1\/3&#8243;][vc_column_text]<\/p>\n<h3 style=\"text-align: left;\">SANTE.LU<\/h3>\n<p>[\/vc_column_text][vc_empty_space height=&#8221;35px&#8221;][vc_column_text]<a href=\"http:\/\/www.sante.public.lu\/\" target=\"_blank\" rel=\"noopener noreferrer\">www.sante.public.lu<\/a><\/p>\n<p>Die offizielle Webseite des Luxemburger Gesundheitsministeriums[\/vc_column_text][vc_empty_space height=&#8221;50px&#8221;][\/vc_column][vc_column width=&#8221;1\/3&#8243;][vc_column_text]<\/p>\n<h3 style=\"text-align: left;\">TELETHON LUXEMBOURG<\/h3>\n<p>[\/vc_column_text][vc_empty_space height=&#8221;35px&#8221;][vc_column_text]<a href=\"http:\/\/www.telethon.lu\/\" target=\"_blank\" rel=\"noopener noreferrer\">www.telethon.lu<\/a><\/p>\n<p>Die luxemburgische Version des T\u00e9l\u00e9thon sammelt Spenden f\u00fcr die Forschung an seltenen Erkrankungen und f\u00fcr die psychosoziale Unterst\u00fctzung von Menschen mit einer seltenen Erkrankung. T\u00e9l\u00e9thon Luxembourg wird von der Fondation Lions District 113 Luxembourg organisiert.[\/vc_column_text][vc_empty_space height=&#8221;50px&#8221;][\/vc_column][\/vc_row][vc_row][vc_column][vc_empty_space height=&#8221;50px&#8221;][\/vc_column][\/vc_row][vc_row content_width=&#8221;grid&#8221; css=&#8221;.vc_custom_1596118384380{padding-top: 36px !important;padding-bottom: 41px !important;background-color: #ee3f75 !important;}&#8221;][vc_column css=&#8221;.vc_custom_1492609383973{padding-top: 2px !important;}&#8221;]\t<div class=\"edgtf-call-to-action normal\" style=\"background-color: #ee3f75;\">\n\n\t\t\t\t<div class=\"edgtf-container-inner\">\n\t\t\t\t\t<div class=\"edgtf-call-to-action-row-75-25 clearfix\" style=\"padding: 20px;\">\n\t\t\t\t\t\t<div class=\"edgtf-text-wrapper edgtf-call-to-action-column1 edgtf-call-to-action-cell left\">\n\t\t\t\t\t<div class=\"edgtf-call-to-action-text\" style=\"text-align: left\">\n<h2><span style=\"color: #ffffff;\">Melden Sie sich bei uns, wenn Sie Fragen haben oder Unterst\u00fctzung brauchen<\/span><\/h2>\n\t\t\t\t\t\t\t\t\t\t\t<\/div>\n\t\t\t\t<\/div>\n\n\t\t\t\t\t\t\t\t\t<div class=\"edgtf-button-wrapper edgtf-call-to-action-column2 edgtf-call-to-action-cell\" style =\"text-align: right ;\">\n\t\t\t\t\t\t<a itemprop=\"url\" href=\"\/de\/alan-kontaktieren\/\" target=\"_self\" style=\"color: #ee3f75;background-color: #ffffff;border-color: #ffffff\" class=\"edgtf-btn edgtf-btn-large edgtf-btn-solid edgtf-btn-custom-hover-bg edgtf-btn-custom-border-hover edgtf-btn-custom-hover-color\" data-hover-bg-color=\"#ee3f75\" data-hover-color=\"#ffffff\" data-hover-border-color=\"#ffffff\" >\t<span class=\"edgtf-btn-text\">Kontakt<\/span>    <\/a>\t\t\t\t\t<\/div>\n\t\t\t\t\t\t\t<\/div>\n\t\t\t\t<\/div>\n\t\t\t<\/div>\n[\/vc_column][\/vc_row]<\/p>\n<\/div>","protected":false},"excerpt":{"rendered":"<p>[vc_row][vc_column][vc_column_text] Spezifische Ressourcen [\/vc_column_text][vc_empty_space height=&#8221;50px&#8221;][\/vc_column][\/vc_row][vc_row content_width=&#8221;grid&#8221;][vc_column][vc_column_text] RATGEBER SELTENE ERKRANKUNGEN [\/vc_column_text][vc_empty_space height=&#8221;35px&#8221;][vc_column_text]Der \u201eGuide d&#8217;orientation luxembourgeois pour les personnes vivant avec une maladie rare\u201c informiert \u00fcber die Dienste und Hilfen, die in&#8230;<\/p>\n","protected":false},"author":1,"featured_media":0,"parent":0,"menu_order":0,"comment_status":"closed","ping_status":"closed","template":"","meta":{"give_campaign_id":0,"inline_featured_image":false,"footnotes":""},"class_list":["post-21388","page","type-page","status-publish","hentry"],"yoast_head":"<!-- This site is optimized with the Yoast SEO plugin v26.9 - https:\/\/yoast.com\/product\/yoast-seo-wordpress\/ -->\n<title>Ressourcen: more than a plan, a collaboration - ALAN<\/title>\n<meta name=\"description\" content=\"The National Plan for Rare Diseases is critical to guarantee equal access to diagnostics, therapy, care and research for all rare disease patients.\" \/>\n<meta name=\"robots\" content=\"index, follow, max-snippet:-1, max-image-preview:large, max-video-preview:-1\" \/>\n<link rel=\"canonical\" href=\"https:\/\/alan.lu\/de\/ressourcen\/\" \/>\n<meta property=\"og:locale\" content=\"de_DE\" \/>\n<meta property=\"og:type\" content=\"article\" \/>\n<meta property=\"og:title\" content=\"Ressourcen: more than a plan, a collaboration - ALAN\" \/>\n<meta property=\"og:description\" content=\"The National Plan for Rare Diseases is critical to guarantee equal access to diagnostics, therapy, care and research for all rare disease patients.\" \/>\n<meta property=\"og:url\" content=\"https:\/\/alan.lu\/de\/ressourcen\/\" \/>\n<meta property=\"og:site_name\" content=\"ALAN\" \/>\n<meta property=\"article:modified_time\" content=\"2024-11-04T07:42:07+00:00\" \/>\n<meta name=\"twitter:card\" content=\"summary_large_image\" \/>\n<meta name=\"twitter:label1\" content=\"Gesch\u00e4tzte Lesezeit\" \/>\n\t<meta name=\"twitter:data1\" content=\"3\u00a0Minuten\" \/>\n<script type=\"application\/ld+json\" class=\"yoast-schema-graph\">{\"@context\":\"https:\/\/schema.org\",\"@graph\":[{\"@type\":\"WebPage\",\"@id\":\"https:\/\/alan.lu\/de\/ressourcen\/\",\"url\":\"https:\/\/alan.lu\/de\/ressourcen\/\",\"name\":\"Ressourcen: more than a plan, a collaboration - ALAN\",\"isPartOf\":{\"@id\":\"https:\/\/alan.lu\/de\/#website\"},\"datePublished\":\"2020-10-07T15:16:39+00:00\",\"dateModified\":\"2024-11-04T07:42:07+00:00\",\"description\":\"The National Plan for Rare Diseases is critical to guarantee equal access to diagnostics, therapy, care and research for all rare disease patients.\",\"breadcrumb\":{\"@id\":\"https:\/\/alan.lu\/de\/ressourcen\/#breadcrumb\"},\"inLanguage\":\"de\",\"potentialAction\":[{\"@type\":\"ReadAction\",\"target\":[\"https:\/\/alan.lu\/de\/ressourcen\/\"]}]},{\"@type\":\"BreadcrumbList\",\"@id\":\"https:\/\/alan.lu\/de\/ressourcen\/#breadcrumb\",\"itemListElement\":[{\"@type\":\"ListItem\",\"position\":1,\"name\":\"Accueil\",\"item\":\"https:\/\/alan.lu\/de\/\"},{\"@type\":\"ListItem\",\"position\":2,\"name\":\"Ressourcen\"}]},{\"@type\":\"WebSite\",\"@id\":\"https:\/\/alan.lu\/de\/#website\",\"url\":\"https:\/\/alan.lu\/de\/\",\"name\":\"ALAN\",\"description\":\"Rare Diseases Luxembourg\",\"potentialAction\":[{\"@type\":\"SearchAction\",\"target\":{\"@type\":\"EntryPoint\",\"urlTemplate\":\"https:\/\/alan.lu\/de\/?s={search_term_string}\"},\"query-input\":{\"@type\":\"PropertyValueSpecification\",\"valueRequired\":true,\"valueName\":\"search_term_string\"}}],\"inLanguage\":\"de\"}]}<\/script>\n<!-- \/ Yoast SEO plugin. -->","yoast_head_json":{"title":"Ressourcen: more than a plan, a collaboration - ALAN","description":"The National Plan for Rare Diseases is critical to guarantee equal access to diagnostics, therapy, care and research for all rare disease patients.","robots":{"index":"index","follow":"follow","max-snippet":"max-snippet:-1","max-image-preview":"max-image-preview:large","max-video-preview":"max-video-preview:-1"},"canonical":"https:\/\/alan.lu\/de\/ressourcen\/","og_locale":"de_DE","og_type":"article","og_title":"Ressourcen: more than a plan, a collaboration - ALAN","og_description":"The National Plan for Rare Diseases is critical to guarantee equal access to diagnostics, therapy, care and research for all rare disease patients.","og_url":"https:\/\/alan.lu\/de\/ressourcen\/","og_site_name":"ALAN","article_modified_time":"2024-11-04T07:42:07+00:00","twitter_card":"summary_large_image","twitter_misc":{"Gesch\u00e4tzte Lesezeit":"3\u00a0Minuten"},"schema":{"@context":"https:\/\/schema.org","@graph":[{"@type":"WebPage","@id":"https:\/\/alan.lu\/de\/ressourcen\/","url":"https:\/\/alan.lu\/de\/ressourcen\/","name":"Ressourcen: more than a plan, a collaboration - ALAN","isPartOf":{"@id":"https:\/\/alan.lu\/de\/#website"},"datePublished":"2020-10-07T15:16:39+00:00","dateModified":"2024-11-04T07:42:07+00:00","description":"The National Plan for Rare Diseases is critical to guarantee equal access to diagnostics, therapy, care and research for all rare disease patients.","breadcrumb":{"@id":"https:\/\/alan.lu\/de\/ressourcen\/#breadcrumb"},"inLanguage":"de","potentialAction":[{"@type":"ReadAction","target":["https:\/\/alan.lu\/de\/ressourcen\/"]}]},{"@type":"BreadcrumbList","@id":"https:\/\/alan.lu\/de\/ressourcen\/#breadcrumb","itemListElement":[{"@type":"ListItem","position":1,"name":"Accueil","item":"https:\/\/alan.lu\/de\/"},{"@type":"ListItem","position":2,"name":"Ressourcen"}]},{"@type":"WebSite","@id":"https:\/\/alan.lu\/de\/#website","url":"https:\/\/alan.lu\/de\/","name":"ALAN","description":"Rare Diseases Luxembourg","potentialAction":[{"@type":"SearchAction","target":{"@type":"EntryPoint","urlTemplate":"https:\/\/alan.lu\/de\/?s={search_term_string}"},"query-input":{"@type":"PropertyValueSpecification","valueRequired":true,"valueName":"search_term_string"}}],"inLanguage":"de"}]}},"campaignId":"","_links":{"self":[{"href":"https:\/\/alan.lu\/de\/wp-json\/wp\/v2\/pages\/21388","targetHints":{"allow":["GET"]}}],"collection":[{"href":"https:\/\/alan.lu\/de\/wp-json\/wp\/v2\/pages"}],"about":[{"href":"https:\/\/alan.lu\/de\/wp-json\/wp\/v2\/types\/page"}],"author":[{"embeddable":true,"href":"https:\/\/alan.lu\/de\/wp-json\/wp\/v2\/users\/1"}],"replies":[{"embeddable":true,"href":"https:\/\/alan.lu\/de\/wp-json\/wp\/v2\/comments?post=21388"}],"version-history":[{"count":11,"href":"https:\/\/alan.lu\/de\/wp-json\/wp\/v2\/pages\/21388\/revisions"}],"predecessor-version":[{"id":29869,"href":"https:\/\/alan.lu\/de\/wp-json\/wp\/v2\/pages\/21388\/revisions\/29869"}],"wp:attachment":[{"href":"https:\/\/alan.lu\/de\/wp-json\/wp\/v2\/media?parent=21388"}],"curies":[{"name":"wp","href":"https:\/\/api.w.org\/{rel}","templated":true}]}}