{"id":21390,"date":"2020-09-04T09:52:48","date_gmt":"2020-09-04T07:52:48","guid":{"rendered":"https:\/\/alan.wearequattro.com\/support-us\/"},"modified":"2021-01-27T14:15:26","modified_gmt":"2021-01-27T13:15:26","slug":"unterstuetzen-sie-uns","status":"publish","type":"page","link":"https:\/\/alan.lu\/de\/unterstuetzen-sie-uns\/","title":{"rendered":"Unterst\u00fctzen Sie uns"},"content":{"rendered":"<div class=\"wpb-content-wrapper\"><p>[vc_row content_width=&#8221;grid&#8221; css=&#8221;.vc_custom_1605170361382{padding-top: 15px !important;padding-bottom: 0px !important;background-image: url(https:\/\/alan.lu\/wp-content\/uploads\/2020\/09\/Blue-white-BG.jpg?id=18805) !important;background-position: center !important;background-repeat: no-repeat !important;background-size: cover !important;}&#8221; el_id=&#8221;support-project&#8221;][vc_column][vc_empty_space height=&#8221;35px&#8221;][vc_column_text]<\/p>\n<h2 style=\"text-align: center;\"><span style=\"color: #000000;\">Machen Sie mit<\/span><\/h2>\n<p>[\/vc_column_text]\n<p class=\"edgtf-section-subtitle\" style=\"text-align:center;color:#58595b\">\n\tSie k\u00f6nnen unsere Vereinigung auf verschiedene Weise unterst\u00fctzen!<\/p>[vc_empty_space height=&#8221;14px&#8221;]<div class=\"edgtf-separator-holder clearfix  edgtf-separator-center\">\n\t<div class=\"edgtf-separator\" style=\"border-color: #00bcdf;width: 55px;border-bottom-width: 3px;margin-top: 25px;margin-bottom: 0px\"><\/div>\n<\/div>\n[vc_empty_space height=&#8221;14px&#8221;][vc_row_inner el_class=&#8221;donation-main-container&#8221;][vc_column_inner el_class=&#8221;donation-left-block&#8221; width=&#8221;1\/2&#8243; css=&#8221;.vc_custom_1607609998911{background-image: url(https:\/\/alan.lu\/wp-content\/uploads\/2020\/07\/pattern-support-donate.png?id=18083) !important;background-position: center !important;background-repeat: no-repeat !important;background-size: cover !important;}&#8221;][vc_column_text]<span style=\"font-size: 35px; font-weight: bold; color: #fff;\">Jede Spende z\u00e4hlt<\/span><\/p>\n<p><span style=\"color: #ffffff;\">Machen Sie eine Spende (einmalig oder regelm\u00e4\u00dfig) oder hinterlassen Sie ALAN ein Verm\u00e4chtnis.<\/span><\/p>\n<p><span style=\"color: #ffffff;\">Tragen Sie zur Nachhaltigkeit unserer Dienste bei.<\/span><\/p>\n<p><span style=\"color: #ffffff;\">Helfen Sie die Lebensqualit\u00e4t von Familien, die von einer seltenen Krankheit betroffen sind, zu verbessern<\/span><\/p>\n<p><span style=\"color: #ffffff;\"><b>Vielen Dank!<\/b><\/span>[\/vc_column_text][vc_empty_space]<a itemprop=\"url\" href=\"\/de\/spenden\/\" target=\"_self\"  class=\"edgtf-btn edgtf-btn-medium edgtf-btn-solid-dark support-us-donation-button\"  >\n\t<span class=\"edgtf-btn-text\">Spenden<\/span>\n    <\/a>[\/vc_column_inner][vc_column_inner el_class=&#8221;donation-right-block&#8221; width=&#8221;1\/2&#8243;]<style>\r\n\t\t#qt-slider-container-69e14616e2c08 {\r\n\t\t\tposition: relative;\r\n\t\t\twidth: 100%;\r\n\t\t\theight: 100%;\r\n\t\t}\r\n\t\t#qt-slider-container-69e14616e2c08 .qt-slide {\r\n\t\t\tposition: absolute;\r\n\t\t\twidth: 100%;\r\n\t\t\theight: 100%;\r\n\t\t}\r\n\t\t#qt-slider-container-69e14616e2c08 .qt-slide:nth-of-type(1) {\r\n\t\t\tanimation-name: fader;\r\n\t\t\tanimation-delay: 1s;\r\n\t\t\tanimation-duration: 1s;\r\n\t\t\tz-index: 20;\r\n\t\t}\r\n\t\t#qt-slider-container-69e14616e2c08 .qt-slide:nth-of-type(2) {z-index: 10;}\r\n\t\t#qt-slider-container-69e14616e2c08 .qt-slide:nth-of-type(n+3) {display: none;}\r\n\t\t@keyframes fader {from { opacity: 1.0; } to { opacity: 0.0; }}\r\n\t\t<\/style><div class=\"donation-slider-container\" id=\"qt-slider-container-69e14616e2c08\"><div class=\"qt-slide\" style=\"background: url(https:\/\/alan.lu\/wp-content\/uploads\/2021\/01\/support-2.jpg)no-repeat center;background-size: cover;\"><\/div><div class=\"qt-slide\" style=\"background: url(https:\/\/alan.lu\/wp-content\/uploads\/2020\/08\/donation-1.jpg)no-repeat center;background-size: cover;\"><\/div><div class=\"qt-slide\" style=\"background: url(https:\/\/alan.lu\/wp-content\/uploads\/2021\/01\/support-a-2.jpg)no-repeat center;background-size: cover;\"><\/div><\/div><script type=\"text\/javascript\">\r\n\t\t  window.addEventListener(\"DOMContentLoaded\", function(e) {\r\n\t\t\tvar container = document.getElementById(\"qt-slider-container-69e14616e2c08\");\r\n\t\t\tvar fadeComplete = function(e) { container.appendChild(slides[0]); };\r\n\t\t\tvar slides = container.getElementsByTagName(\"div\");\r\n\t\t\tfor(var i=0; i < slides.length; i++) {\r\n\t\t\t  slides[i].addEventListener(\"animationend\", fadeComplete, false);\r\n\t\t\t}\r\n\t\t  }, false);\r\n\t\t<\/script>[\/vc_column_inner][\/vc_row_inner][vc_empty_space height=&#8221;30px&#8221;][vc_row_inner content_width=&#8221;grid&#8221; css=&#8221;.vc_custom_1605169319862{padding-top: 0px !important;padding-bottom: 30px !important;}&#8221;][vc_column_inner width=&#8221;1\/2&#8243; css=&#8221;.vc_custom_1604494046445{padding-bottom: 30px !important;}&#8221;]<div class=\"edgtf-banner\">\n\t\t<div class=\"edgtf-banner-image\">\n\t\t\t<img decoding=\"async\" src=\"https:\/\/alan.lu\/wp-content\/uploads\/2020\/07\/pattern-support-volunteer.png\" alt=\"Image2\" \/>\n\t<\/div>\n\t<div class=\"edgtf-banner-text-holder\">\n\t\t<div class=\"edgtf-banner-text-table\">\n\t\t\t<div class=\"edgtf-banner-text-cell\">\n\t\t\t\t\t\t\t\t<span class=\"edgtf-banner-subtitle\" style=\"color:#ffffff\">\n\t\t\t\t\t\tEine pers\u00f6nliche Bereicherung\t\t\t\t<\/span>\n\t\t\t\t\t\t\t\t\t\t\t\t\t<h3 class=\"edgtf-banner-title\" style=\"color:#ffffff\">\n\t\t\t\t\t\t<span>Engagieren Sie sich ehrenamtlich<\/span>\n\t\t\t\t\t<\/h3>\n\t\t\t\t\t\t\t\t\t\t\t\t\t<a href=\"\/de\/engagieren-sie-sich-ehrenamtlich\/\" target=\"_self\" class=\"edgtf-banner-read-more\" style=\"color:#39bb9d\">Mehr erfahren<\/a>\n\t\t\t\t\t\t\t<\/div>\n\t\t<\/div>\n\t<\/div>\n\t<\/div>[\/vc_column_inner][vc_column_inner width=&#8221;1\/2&#8243; css=&#8221;.vc_custom_1604494057022{padding-bottom: 30px !important;}&#8221;]<div class=\"edgtf-banner\">\n\t\t<div class=\"edgtf-banner-image\">\n\t\t\t<img decoding=\"async\" src=\"https:\/\/alan.lu\/wp-content\/uploads\/2020\/07\/pattern-support-member.png\" alt=\"Image2\" \/>\n\t<\/div>\n\t<div class=\"edgtf-banner-text-holder\">\n\t\t<div class=\"edgtf-banner-text-table\">\n\t\t\t<div class=\"edgtf-banner-text-cell\">\n\t\t\t\t\t\t\t\t<span class=\"edgtf-banner-subtitle\" style=\"color:#ffffff\">\n\t\t\t\t\t\tSchlie\u00dfen Sie sich der Gemeinschaft an\t\t\t\t<\/span>\n\t\t\t\t\t\t\t\t\t\t\t\t\t<h3 class=\"edgtf-banner-title\" style=\"color:#ffffff\">\n\t\t\t\t\t\t<span>Werden Sie Mitglied<\/span>\n\t\t\t\t\t<\/h3>\n\t\t\t\t\t\t\t\t\t\t\t\t\t<a href=\"\/de\/werden-sie-mitglied\/\" target=\"_self\" class=\"edgtf-banner-read-more\" style=\"color:#00bcdf\">Mehr erfahren<\/a>\n\t\t\t\t\t\t\t<\/div>\n\t\t<\/div>\n\t<\/div>\n\t<\/div>[\/vc_column_inner][\/vc_row_inner][\/vc_column][\/vc_row][vc_row][vc_column][vc_empty_space height=&#8221;50px&#8221;][\/vc_column][\/vc_row][vc_row content_width=&#8221;grid&#8221; css=&#8221;.vc_custom_1604258566438{padding-top: 36px !important;padding-bottom: 41px !important;background-color: #ee3f75 !important;}&#8221;][vc_column css=&#8221;.vc_custom_1492609383973{padding-top: 2px !important;}&#8221;]\t<div class=\"edgtf-call-to-action normal\" style=\"background-color: #ee3f75;\">\n\n\t\t\t\t<div class=\"edgtf-container-inner\">\n\t\t\t\t\t<div class=\"edgtf-call-to-action-row-75-25 clearfix\" style=\"padding: 20px;\">\n\t\t\t\t\t\t<div class=\"edgtf-text-wrapper edgtf-call-to-action-column1 edgtf-call-to-action-cell left\">\n\t\t\t\t\t<div class=\"edgtf-call-to-action-text\" style=\"text-align: left\">\n<h2><span style=\"color: #ffffff;\">Melden Sie sich bei uns, wenn Sie Fragen haben oder Unterst\u00fctzung brauchen<\/span><\/h2>\n\t\t\t\t\t\t\t\t\t\t\t<\/div>\n\t\t\t\t<\/div>\n\n\t\t\t\t\t\t\t\t\t<div class=\"edgtf-button-wrapper edgtf-call-to-action-column2 edgtf-call-to-action-cell\" style =\"text-align: right ;\">\n\t\t\t\t\t\t<a itemprop=\"url\" href=\"\/de\/alan-kontaktieren\/\" target=\"_self\" style=\"color: #ee3f75;background-color: #ffffff;border-color: #ffffff\" class=\"edgtf-btn edgtf-btn-large edgtf-btn-solid edgtf-btn-custom-hover-bg edgtf-btn-custom-border-hover edgtf-btn-custom-hover-color\" data-hover-bg-color=\"#ee3f75\" data-hover-color=\"#ffffff\" data-hover-border-color=\"#ffffff\" >\t<span class=\"edgtf-btn-text\">Kontakt<\/span>    <\/a>\t\t\t\t\t<\/div>\n\t\t\t\t\t\t\t<\/div>\n\t\t\t\t<\/div>\n\t\t\t<\/div>\n[\/vc_column][\/vc_row]<\/p>\n<\/div>","protected":false},"excerpt":{"rendered":"<p>[vc_row content_width=&#8221;grid&#8221; css=&#8221;.vc_custom_1605170361382{padding-top: 15px !important;padding-bottom: 0px !important;background-image: url(https:\/\/alan.lu\/wp-content\/uploads\/2020\/09\/Blue-white-BG.jpg?id=18805) !important;background-position: center !important;background-repeat: no-repeat !important;background-size: cover !important;}&#8221; el_id=&#8221;support-project&#8221;][vc_column][vc_empty_space height=&#8221;35px&#8221;][vc_column_text] Machen Sie mit [\/vc_column_text][vc_empty_space height=&#8221;14px&#8221;][vc_empty_space height=&#8221;14px&#8221;][vc_row_inner el_class=&#8221;donation-main-container&#8221;][vc_column_inner el_class=&#8221;donation-left-block&#8221; width=&#8221;1\/2&#8243; css=&#8221;.vc_custom_1607609998911{background-image: url(https:\/\/alan.lu\/wp-content\/uploads\/2020\/07\/pattern-support-donate.png?id=18083) !important;background-position: center&#8230;<\/p>\n","protected":false},"author":1,"featured_media":0,"parent":0,"menu_order":0,"comment_status":"closed","ping_status":"closed","template":"","meta":{"give_campaign_id":0,"inline_featured_image":false,"footnotes":""},"class_list":["post-21390","page","type-page","status-publish","hentry"],"yoast_head":"<!-- This site is optimized with the Yoast SEO plugin v26.9 - https:\/\/yoast.com\/product\/yoast-seo-wordpress\/ -->\n<title>Unterst\u00fctzen Sie uns um gemeinsam etwas bewegen zuk\u00f6nnen - ALAN<\/title>\n<meta name=\"description\" content=\"Sie k\u00f6nnen unsere Vereinigung auf verschiedene Weise unterst\u00fctzen. Machen Sie eine Spende, engagieren Sie sich ehrenamtlich oder werden Sie Mitglied\" \/>\n<meta name=\"robots\" content=\"index, follow, max-snippet:-1, max-image-preview:large, max-video-preview:-1\" \/>\n<link rel=\"canonical\" href=\"https:\/\/alan.lu\/de\/unterstuetzen-sie-uns\/\" \/>\n<meta property=\"og:locale\" content=\"de_DE\" \/>\n<meta property=\"og:type\" content=\"article\" \/>\n<meta property=\"og:title\" content=\"Unterst\u00fctzen Sie uns um gemeinsam etwas bewegen zuk\u00f6nnen - ALAN\" \/>\n<meta property=\"og:description\" content=\"Sie k\u00f6nnen unsere Vereinigung auf verschiedene Weise unterst\u00fctzen. Machen Sie eine Spende, engagieren Sie sich ehrenamtlich oder werden Sie Mitglied\" \/>\n<meta property=\"og:url\" content=\"https:\/\/alan.lu\/de\/unterstuetzen-sie-uns\/\" \/>\n<meta property=\"og:site_name\" content=\"ALAN\" \/>\n<meta property=\"article:modified_time\" content=\"2021-01-27T13:15:26+00:00\" \/>\n<meta name=\"twitter:card\" content=\"summary_large_image\" \/>\n<meta name=\"twitter:label1\" content=\"Gesch\u00e4tzte Lesezeit\" \/>\n\t<meta name=\"twitter:data1\" content=\"2\u00a0Minuten\" \/>\n<script type=\"application\/ld+json\" class=\"yoast-schema-graph\">{\"@context\":\"https:\/\/schema.org\",\"@graph\":[{\"@type\":\"WebPage\",\"@id\":\"https:\/\/alan.lu\/de\/unterstuetzen-sie-uns\/\",\"url\":\"https:\/\/alan.lu\/de\/unterstuetzen-sie-uns\/\",\"name\":\"Unterst\u00fctzen Sie uns um gemeinsam etwas bewegen zuk\u00f6nnen - ALAN\",\"isPartOf\":{\"@id\":\"https:\/\/alan.lu\/de\/#website\"},\"datePublished\":\"2020-09-04T07:52:48+00:00\",\"dateModified\":\"2021-01-27T13:15:26+00:00\",\"description\":\"Sie k\u00f6nnen unsere Vereinigung auf verschiedene Weise unterst\u00fctzen. Machen Sie eine Spende, engagieren Sie sich ehrenamtlich oder werden Sie Mitglied\",\"breadcrumb\":{\"@id\":\"https:\/\/alan.lu\/de\/unterstuetzen-sie-uns\/#breadcrumb\"},\"inLanguage\":\"de\",\"potentialAction\":[{\"@type\":\"ReadAction\",\"target\":[\"https:\/\/alan.lu\/de\/unterstuetzen-sie-uns\/\"]}]},{\"@type\":\"BreadcrumbList\",\"@id\":\"https:\/\/alan.lu\/de\/unterstuetzen-sie-uns\/#breadcrumb\",\"itemListElement\":[{\"@type\":\"ListItem\",\"position\":1,\"name\":\"Accueil\",\"item\":\"https:\/\/alan.lu\/de\/\"},{\"@type\":\"ListItem\",\"position\":2,\"name\":\"Unterst\u00fctzen Sie uns\"}]},{\"@type\":\"WebSite\",\"@id\":\"https:\/\/alan.lu\/de\/#website\",\"url\":\"https:\/\/alan.lu\/de\/\",\"name\":\"ALAN\",\"description\":\"Rare Diseases Luxembourg\",\"potentialAction\":[{\"@type\":\"SearchAction\",\"target\":{\"@type\":\"EntryPoint\",\"urlTemplate\":\"https:\/\/alan.lu\/de\/?s={search_term_string}\"},\"query-input\":{\"@type\":\"PropertyValueSpecification\",\"valueRequired\":true,\"valueName\":\"search_term_string\"}}],\"inLanguage\":\"de\"}]}<\/script>\n<!-- \/ Yoast SEO plugin. -->","yoast_head_json":{"title":"Unterst\u00fctzen Sie uns um gemeinsam etwas bewegen zuk\u00f6nnen - ALAN","description":"Sie k\u00f6nnen unsere Vereinigung auf verschiedene Weise unterst\u00fctzen. Machen Sie eine Spende, engagieren Sie sich ehrenamtlich oder werden Sie Mitglied","robots":{"index":"index","follow":"follow","max-snippet":"max-snippet:-1","max-image-preview":"max-image-preview:large","max-video-preview":"max-video-preview:-1"},"canonical":"https:\/\/alan.lu\/de\/unterstuetzen-sie-uns\/","og_locale":"de_DE","og_type":"article","og_title":"Unterst\u00fctzen Sie uns um gemeinsam etwas bewegen zuk\u00f6nnen - ALAN","og_description":"Sie k\u00f6nnen unsere Vereinigung auf verschiedene Weise unterst\u00fctzen. Machen Sie eine Spende, engagieren Sie sich ehrenamtlich oder werden Sie Mitglied","og_url":"https:\/\/alan.lu\/de\/unterstuetzen-sie-uns\/","og_site_name":"ALAN","article_modified_time":"2021-01-27T13:15:26+00:00","twitter_card":"summary_large_image","twitter_misc":{"Gesch\u00e4tzte Lesezeit":"2\u00a0Minuten"},"schema":{"@context":"https:\/\/schema.org","@graph":[{"@type":"WebPage","@id":"https:\/\/alan.lu\/de\/unterstuetzen-sie-uns\/","url":"https:\/\/alan.lu\/de\/unterstuetzen-sie-uns\/","name":"Unterst\u00fctzen Sie uns um gemeinsam etwas bewegen zuk\u00f6nnen - ALAN","isPartOf":{"@id":"https:\/\/alan.lu\/de\/#website"},"datePublished":"2020-09-04T07:52:48+00:00","dateModified":"2021-01-27T13:15:26+00:00","description":"Sie k\u00f6nnen unsere Vereinigung auf verschiedene Weise unterst\u00fctzen. Machen Sie eine Spende, engagieren Sie sich ehrenamtlich oder werden Sie Mitglied","breadcrumb":{"@id":"https:\/\/alan.lu\/de\/unterstuetzen-sie-uns\/#breadcrumb"},"inLanguage":"de","potentialAction":[{"@type":"ReadAction","target":["https:\/\/alan.lu\/de\/unterstuetzen-sie-uns\/"]}]},{"@type":"BreadcrumbList","@id":"https:\/\/alan.lu\/de\/unterstuetzen-sie-uns\/#breadcrumb","itemListElement":[{"@type":"ListItem","position":1,"name":"Accueil","item":"https:\/\/alan.lu\/de\/"},{"@type":"ListItem","position":2,"name":"Unterst\u00fctzen Sie uns"}]},{"@type":"WebSite","@id":"https:\/\/alan.lu\/de\/#website","url":"https:\/\/alan.lu\/de\/","name":"ALAN","description":"Rare Diseases Luxembourg","potentialAction":[{"@type":"SearchAction","target":{"@type":"EntryPoint","urlTemplate":"https:\/\/alan.lu\/de\/?s={search_term_string}"},"query-input":{"@type":"PropertyValueSpecification","valueRequired":true,"valueName":"search_term_string"}}],"inLanguage":"de"}]}},"campaignId":"","_links":{"self":[{"href":"https:\/\/alan.lu\/de\/wp-json\/wp\/v2\/pages\/21390","targetHints":{"allow":["GET"]}}],"collection":[{"href":"https:\/\/alan.lu\/de\/wp-json\/wp\/v2\/pages"}],"about":[{"href":"https:\/\/alan.lu\/de\/wp-json\/wp\/v2\/types\/page"}],"author":[{"embeddable":true,"href":"https:\/\/alan.lu\/de\/wp-json\/wp\/v2\/users\/1"}],"replies":[{"embeddable":true,"href":"https:\/\/alan.lu\/de\/wp-json\/wp\/v2\/comments?post=21390"}],"version-history":[{"count":10,"href":"https:\/\/alan.lu\/de\/wp-json\/wp\/v2\/pages\/21390\/revisions"}],"predecessor-version":[{"id":22200,"href":"https:\/\/alan.lu\/de\/wp-json\/wp\/v2\/pages\/21390\/revisions\/22200"}],"wp:attachment":[{"href":"https:\/\/alan.lu\/de\/wp-json\/wp\/v2\/media?parent=21390"}],"curies":[{"name":"wp","href":"https:\/\/api.w.org\/{rel}","templated":true}]}}