{"id":21706,"date":"2020-10-28T13:32:54","date_gmt":"2020-10-28T12:32:54","guid":{"rendered":"https:\/\/alan.wearequattro.com\/newsletter-subscription\/"},"modified":"2021-01-27T14:14:54","modified_gmt":"2021-01-27T13:14:54","slug":"newsletter-subscription","status":"publish","type":"page","link":"https:\/\/alan.lu\/de\/newsletter-subscription\/","title":{"rendered":"Newsletter verwalten"},"content":{"rendered":"<p>Wenn Sie Ihre Meinung zum Erhalt unserer Newsletter ge\u00e4ndert haben, teilen Sie uns das bitte mit, indem Sie das untenstehende K\u00e4stchen aktivieren oder deaktivieren. Bitte beachten Sie, dass alle Mitglieder weiterhin Einladungen zu unseren Veranstaltungen und Aktivit\u00e4ten erhalten, unabh\u00e4ngig davon, ob sie die Newsletter erhalten m\u00f6chten oder nicht. Wenn Sie nicht l\u00e4nger Mitglied von ALAN sein m\u00f6chten und von unserer Mitgliederliste entfernt werden m\u00f6chten, wenden Sie sich bitte per Email, Brief oder Telefon an uns (<a href=\"https:\/\/alan.lu\/de\/alan-kontaktieren\/\">kontakt<\/a>).<\/p>\n","protected":false},"excerpt":{"rendered":"<p>Wenn Sie Ihre Meinung zum Erhalt unserer Newsletter ge\u00e4ndert haben, teilen Sie uns das bitte mit, indem Sie das untenstehende K\u00e4stchen aktivieren oder deaktivieren. Bitte beachten Sie, dass alle Mitglieder&#8230;<\/p>\n","protected":false},"author":1,"featured_media":0,"parent":0,"menu_order":0,"comment_status":"closed","ping_status":"closed","template":"","meta":{"give_campaign_id":0,"inline_featured_image":false,"footnotes":""},"class_list":["post-21706","page","type-page","status-publish","hentry"],"yoast_head":"<!-- This site is optimized with the Yoast SEO plugin v26.9 - https:\/\/yoast.com\/product\/yoast-seo-wordpress\/ -->\n<title>Newsletter verwalten - ALAN<\/title>\n<meta name=\"robots\" content=\"index, follow, max-snippet:-1, max-image-preview:large, max-video-preview:-1\" \/>\n<link rel=\"canonical\" href=\"https:\/\/alan.lu\/de\/newsletter-subscription\/\" \/>\n<meta property=\"og:locale\" content=\"de_DE\" \/>\n<meta property=\"og:type\" content=\"article\" \/>\n<meta property=\"og:title\" content=\"Newsletter verwalten - ALAN\" \/>\n<meta property=\"og:description\" content=\"Wenn Sie Ihre Meinung zum Erhalt unserer Newsletter ge\u00e4ndert haben, teilen Sie uns das bitte mit, indem Sie das untenstehende K\u00e4stchen aktivieren oder deaktivieren. Bitte beachten Sie, dass alle Mitglieder...\" \/>\n<meta property=\"og:url\" content=\"https:\/\/alan.lu\/de\/newsletter-subscription\/\" \/>\n<meta property=\"og:site_name\" content=\"ALAN\" \/>\n<meta property=\"article:modified_time\" content=\"2021-01-27T13:14:54+00:00\" \/>\n<meta name=\"twitter:card\" content=\"summary_large_image\" \/>\n<meta name=\"twitter:label1\" content=\"Gesch\u00e4tzte Lesezeit\" \/>\n\t<meta name=\"twitter:data1\" content=\"1\u00a0Minute\" \/>\n<script type=\"application\/ld+json\" class=\"yoast-schema-graph\">{\"@context\":\"https:\/\/schema.org\",\"@graph\":[{\"@type\":\"WebPage\",\"@id\":\"https:\/\/alan.lu\/de\/newsletter-subscription\/\",\"url\":\"https:\/\/alan.lu\/de\/newsletter-subscription\/\",\"name\":\"Newsletter verwalten - ALAN\",\"isPartOf\":{\"@id\":\"https:\/\/alan.lu\/de\/#website\"},\"datePublished\":\"2020-10-28T12:32:54+00:00\",\"dateModified\":\"2021-01-27T13:14:54+00:00\",\"breadcrumb\":{\"@id\":\"https:\/\/alan.lu\/de\/newsletter-subscription\/#breadcrumb\"},\"inLanguage\":\"de\",\"potentialAction\":[{\"@type\":\"ReadAction\",\"target\":[\"https:\/\/alan.lu\/de\/newsletter-subscription\/\"]}]},{\"@type\":\"BreadcrumbList\",\"@id\":\"https:\/\/alan.lu\/de\/newsletter-subscription\/#breadcrumb\",\"itemListElement\":[{\"@type\":\"ListItem\",\"position\":1,\"name\":\"Accueil\",\"item\":\"https:\/\/alan.lu\/de\/\"},{\"@type\":\"ListItem\",\"position\":2,\"name\":\"Newsletter verwalten\"}]},{\"@type\":\"WebSite\",\"@id\":\"https:\/\/alan.lu\/de\/#website\",\"url\":\"https:\/\/alan.lu\/de\/\",\"name\":\"ALAN\",\"description\":\"Rare Diseases Luxembourg\",\"potentialAction\":[{\"@type\":\"SearchAction\",\"target\":{\"@type\":\"EntryPoint\",\"urlTemplate\":\"https:\/\/alan.lu\/de\/?s={search_term_string}\"},\"query-input\":{\"@type\":\"PropertyValueSpecification\",\"valueRequired\":true,\"valueName\":\"search_term_string\"}}],\"inLanguage\":\"de\"}]}<\/script>\n<!-- \/ Yoast SEO plugin. -->","yoast_head_json":{"title":"Newsletter verwalten - ALAN","robots":{"index":"index","follow":"follow","max-snippet":"max-snippet:-1","max-image-preview":"max-image-preview:large","max-video-preview":"max-video-preview:-1"},"canonical":"https:\/\/alan.lu\/de\/newsletter-subscription\/","og_locale":"de_DE","og_type":"article","og_title":"Newsletter verwalten - ALAN","og_description":"Wenn Sie Ihre Meinung zum Erhalt unserer Newsletter ge\u00e4ndert haben, teilen Sie uns das bitte mit, indem Sie das untenstehende K\u00e4stchen aktivieren oder deaktivieren. Bitte beachten Sie, dass alle Mitglieder...","og_url":"https:\/\/alan.lu\/de\/newsletter-subscription\/","og_site_name":"ALAN","article_modified_time":"2021-01-27T13:14:54+00:00","twitter_card":"summary_large_image","twitter_misc":{"Gesch\u00e4tzte Lesezeit":"1\u00a0Minute"},"schema":{"@context":"https:\/\/schema.org","@graph":[{"@type":"WebPage","@id":"https:\/\/alan.lu\/de\/newsletter-subscription\/","url":"https:\/\/alan.lu\/de\/newsletter-subscription\/","name":"Newsletter verwalten - ALAN","isPartOf":{"@id":"https:\/\/alan.lu\/de\/#website"},"datePublished":"2020-10-28T12:32:54+00:00","dateModified":"2021-01-27T13:14:54+00:00","breadcrumb":{"@id":"https:\/\/alan.lu\/de\/newsletter-subscription\/#breadcrumb"},"inLanguage":"de","potentialAction":[{"@type":"ReadAction","target":["https:\/\/alan.lu\/de\/newsletter-subscription\/"]}]},{"@type":"BreadcrumbList","@id":"https:\/\/alan.lu\/de\/newsletter-subscription\/#breadcrumb","itemListElement":[{"@type":"ListItem","position":1,"name":"Accueil","item":"https:\/\/alan.lu\/de\/"},{"@type":"ListItem","position":2,"name":"Newsletter verwalten"}]},{"@type":"WebSite","@id":"https:\/\/alan.lu\/de\/#website","url":"https:\/\/alan.lu\/de\/","name":"ALAN","description":"Rare Diseases Luxembourg","potentialAction":[{"@type":"SearchAction","target":{"@type":"EntryPoint","urlTemplate":"https:\/\/alan.lu\/de\/?s={search_term_string}"},"query-input":{"@type":"PropertyValueSpecification","valueRequired":true,"valueName":"search_term_string"}}],"inLanguage":"de"}]}},"campaignId":"","_links":{"self":[{"href":"https:\/\/alan.lu\/de\/wp-json\/wp\/v2\/pages\/21706","targetHints":{"allow":["GET"]}}],"collection":[{"href":"https:\/\/alan.lu\/de\/wp-json\/wp\/v2\/pages"}],"about":[{"href":"https:\/\/alan.lu\/de\/wp-json\/wp\/v2\/types\/page"}],"author":[{"embeddable":true,"href":"https:\/\/alan.lu\/de\/wp-json\/wp\/v2\/users\/1"}],"replies":[{"embeddable":true,"href":"https:\/\/alan.lu\/de\/wp-json\/wp\/v2\/comments?post=21706"}],"version-history":[{"count":4,"href":"https:\/\/alan.lu\/de\/wp-json\/wp\/v2\/pages\/21706\/revisions"}],"predecessor-version":[{"id":22257,"href":"https:\/\/alan.lu\/de\/wp-json\/wp\/v2\/pages\/21706\/revisions\/22257"}],"wp:attachment":[{"href":"https:\/\/alan.lu\/de\/wp-json\/wp\/v2\/media?parent=21706"}],"curies":[{"name":"wp","href":"https:\/\/api.w.org\/{rel}","templated":true}]}}