{"id":22477,"date":"2021-02-24T17:04:15","date_gmt":"2021-02-24T16:04:15","guid":{"rendered":"https:\/\/alan.lu\/?page_id=22477"},"modified":"2021-02-24T17:15:31","modified_gmt":"2021-02-24T16:15:31","slug":"erfahrungsberichte-jean-claude","status":"publish","type":"page","link":"https:\/\/alan.lu\/de\/erfahrungsberichte\/erfahrungsberichte-jean-claude\/","title":{"rendered":"Erfahrungsberichte"},"content":{"rendered":"<div class=\"wpb-content-wrapper\"><p>[vc_row content_width=&#8221;grid&#8221; css=&#8221;.vc_custom_1492696696810{padding-top: 130px !important;padding-bottom: 90px !important;}&#8221;][vc_column offset=&#8221;vc_col-lg-6 vc_col-md-6 vc_col-xs-12&#8243;][vc_single_image image=&#8221;22483&#8243; img_size=&#8221;full&#8221;][vc_empty_space height=&#8221;35px&#8221;][\/vc_column][vc_column offset=&#8221;vc_col-lg-6 vc_col-md-6 vc_col-xs-12&#8243;]<div class=\"edgtf-elements-holder edgtf-responsive-mode-768\" ><div class=\"edgtf-elements-holder-item \" data-item-class=\"edgtf-elements-holder-custom-895113\" data-1280-1600=\"2% 7% 2% 5%\" data-1024-1280=\"2% 7% 2% 5%\" data-768-1024=\"2% 0% 2% 3%\" data-600-768=\"5% 0% 1% 0%\" >\n\t\t<div class=\"edgtf-elements-holder-item-inner\">\n\t\t<div class=\"edgtf-elements-holder-item-content edgtf-elements-holder-custom-895113\" style=\"padding: 2% 7% 2% 5%\">\n\t\t\t[vc_column_text]<\/p>\n<h2>Jean-Claude<\/h2>\n<p>[\/vc_column_text][vc_column_text]<strong style=\"color: #ee3f75;\">43 Jahre alt, lebt mit der MoyaMoya-Erkrankung<\/strong>[\/vc_column_text][vc_empty_space height=&#8221;35px&#8221;][vc_column_text]\u201cMein Name ist Jean-Claude, ich bin 53 Jahre alt, verheiratet. Und ich habe zwei T\u00f6chter mit Fiona, meiner Frau.<\/p>\n<p>Eines Morgens, Ende M\u00e4rz vor 10 Jahren, beharrte meine Frau darauf, dass ich \u00fcber Nacht einen Schlaganfall hatte. F\u00fcr sie waren die beiden H\u00e4lften meines Gesichts nicht synchron. Beim Aufwachen war mir ein wenig schwindelig, aber da ich seit meiner Jugend Diabetiker bin, dachte ich an eine unentdeckte Hypoglyk\u00e4mie.<\/p>\n<p>Im Krankenhaus erhielten wir jedoch die Best\u00e4tigung, dass ich tatsachlich einen kleinen Schlaganfall hatte. Meiner Frau gegen\u00fcber erw\u00e4hnte man zum ersten Mal das Wort \u201eMoyaMoya\u201c.<\/p>\n<p>Zwei Tage nachdem ich nach Hause gekommen war, hatte ich meinen zweiten Schlaganfall. Diesmal f\u00fchlte ich die Schmerzen auf der linken Seite des Gehirns. Danach war ich auf der rechten Seite gel\u00e4hmt und hatte Schwierigkeiten beim Sprechen.<\/p>\n<p>Ich verbrachte 5 Wochen im Krankenhaus, gefolgt von einigen Monaten in Rehabilitation. Mein l\u00e4ngerer Aufenthalt erm\u00f6glichte es den Neurologen, die MoyaMoya Hypothese zu best\u00e4tigen.<\/p>\n<p>MoyaMoya ist eine seltene neurologische Erkrankung, bei der sich die Blutgef\u00e4\u00dfe im Gehirn verschliessen. Das Gehirn gleicht dies aus, indem es eine Vielzahl mikroskopisch kleiner Blutgef\u00e4\u00dfe entwickelt, die bei einem normalen Scan unsichtbar sind. Diese Gef\u00e4\u00dfe jedoch neigen zu Hirnblutungen und somit Schlaganf\u00e4llen.<\/p>\n<p>In der letzten Woche im Juni hatte ich meine erste Operation. Als &#8220;Burr Holes&#8221; benannt, wurden mir eine Vielzahl kleiner L\u00f6cher in den Sch\u00e4del gebohrt, damit die Blutgef\u00e4\u00dfe unter der Kopfhaut langsam in mein Gehirn eindringen konnten, um den verringerten Blutfluss auszugleichen.<\/p>\n<p>Zwei Wochen sp\u00e4ter hatte ich meinen zweiten Mini-Schlaganfall, diesmal auf der rechten Seite des Gehirns. Wie schon im M\u00e4rz, drei Tage zur Beobachtung ins Krankenhaus. Dies hatte aber bewiesen, dass \u00abmein\u00bb MoyaMoya beide Seiten des Gehirns betraf, entgegen dem, was wir urspr\u00fcnglich dachten. Mitte September desselben Jahres durchlief ich mich meine zweite \u201eBurr holes\u201c Operation, nur diesmal jedoch auf der rechten Seite des Sch\u00e4dels.<\/p>\n<p>Seitdem habe ich nicht mehr die gleiche (sagen wir) \u201eAusdauer in der Gehirnnutzung \u201c, ich f\u00fchle mich st\u00e4ndig leicht bis schwer m\u00fcde (Ob wegen des MoyaMoya, wegen meiner drei Schlaganf\u00e4lle, oder wegen beidem kann ich nicht sagen) und habe Schwierigkeiten mit schreiben. Aber ich konnte professionell weiterkommen, zwar mit Anpassungen.<\/p>\n<p>Ich bin zu ALAN gestossen, weil ich denke, dass es notwendig ist, zusammenzukommen und zu zeigen, dass seltene Krankheiten in jedem Alter &#8220;entdeckt&#8221; werden k\u00f6nnen, in allen Formen, von au\u00dfen sichtbar oder nicht. Und Sie m\u00fcssen in der Lage sein, offen dar\u00fcber sprechen zu k\u00f6nnen, ohne Angst vor Ablehnung oder Diskriminierung zu haben.\u201d[\/vc_column_text]\t\t<\/div>\n\t<\/div>\n\t<\/div><\/div>[\/vc_column][\/vc_row][vc_row content_width=&#8221;grid&#8221; css=&#8221;.vc_custom_1596118384380{padding-top: 36px !important;padding-bottom: 41px !important;background-color: #ee3f75 !important;}&#8221;][vc_column css=&#8221;.vc_custom_1492609383973{padding-top: 2px !important;}&#8221;]\t<div class=\"edgtf-call-to-action normal\" style=\"background-color: #ee3f75;\">\n\n\t\t\t\t<div class=\"edgtf-container-inner\">\n\t\t\t\t\t<div class=\"edgtf-call-to-action-row-75-25 clearfix\" style=\"padding: 20px;\">\n\t\t\t\t\t\t<div class=\"edgtf-text-wrapper edgtf-call-to-action-column1 edgtf-call-to-action-cell left\">\n\t\t\t\t\t<div class=\"edgtf-call-to-action-text\" style=\"text-align: left\">\n<h2><span style=\"color: #ffffff;\">Melden Sie sich bei uns, wenn Sie Fragen haben oder Unterst\u00fctzung brauchen<\/span><\/h2>\n\t\t\t\t\t\t\t\t\t\t\t<\/div>\n\t\t\t\t<\/div>\n\n\t\t\t\t\t\t\t\t\t<div class=\"edgtf-button-wrapper edgtf-call-to-action-column2 edgtf-call-to-action-cell\" style =\"text-align: right ;\">\n\t\t\t\t\t\t<a itemprop=\"url\" href=\"https:\/\/alan.lu\/de\/alan-kontaktieren\/\" target=\"_self\" style=\"color: #ee3f75;background-color: #ffffff;border-color: #ffffff\" class=\"edgtf-btn edgtf-btn-large edgtf-btn-solid edgtf-btn-custom-hover-bg edgtf-btn-custom-border-hover edgtf-btn-custom-hover-color\" data-hover-bg-color=\"#ee3f75\" data-hover-color=\"#ffffff\" data-hover-border-color=\"#ffffff\" >\t<span class=\"edgtf-btn-text\">Kontakt<\/span>    <\/a>\t\t\t\t\t<\/div>\n\t\t\t\t\t\t\t<\/div>\n\t\t\t\t<\/div>\n\t\t\t<\/div>\n[\/vc_column][\/vc_row]<\/p>\n<\/div>","protected":false},"excerpt":{"rendered":"<p>[vc_row content_width=&#8221;grid&#8221; css=&#8221;.vc_custom_1492696696810{padding-top: 130px !important;padding-bottom: 90px !important;}&#8221;][vc_column offset=&#8221;vc_col-lg-6 vc_col-md-6 vc_col-xs-12&#8243;][vc_single_image image=&#8221;22483&#8243; img_size=&#8221;full&#8221;][vc_empty_space height=&#8221;35px&#8221;][\/vc_column][vc_column offset=&#8221;vc_col-lg-6 vc_col-md-6 vc_col-xs-12&#8243;][\/vc_column][\/vc_row][vc_row content_width=&#8221;grid&#8221; css=&#8221;.vc_custom_1596118384380{padding-top: 36px !important;padding-bottom: 41px !important;background-color: #ee3f75 !important;}&#8221;][vc_column css=&#8221;.vc_custom_1492609383973{padding-top: 2px !important;}&#8221;][\/vc_column][\/vc_row]<\/p>\n","protected":false},"author":2,"featured_media":0,"parent":21360,"menu_order":0,"comment_status":"closed","ping_status":"closed","template":"","meta":{"give_campaign_id":0,"inline_featured_image":false,"footnotes":""},"class_list":["post-22477","page","type-page","status-publish","hentry"],"yoast_head":"<!-- This site is optimized with the Yoast SEO plugin v26.9 - https:\/\/yoast.com\/product\/yoast-seo-wordpress\/ -->\n<title>Erfahrungsberichte - ALAN<\/title>\n<meta name=\"robots\" content=\"index, follow, max-snippet:-1, max-image-preview:large, max-video-preview:-1\" \/>\n<link rel=\"canonical\" href=\"https:\/\/alan.lu\/de\/erfahrungsberichte\/erfahrungsberichte-jean-claude\/\" \/>\n<meta property=\"og:locale\" content=\"de_DE\" \/>\n<meta property=\"og:type\" content=\"article\" \/>\n<meta property=\"og:title\" content=\"Erfahrungsberichte - ALAN\" \/>\n<meta property=\"og:description\" content=\"[vc_row content_width=&#8221;grid&#8221; css=&#8221;.vc_custom_1492696696810{padding-top: 130px !important;padding-bottom: 90px !important;}&#8221;][vc_column offset=&#8221;vc_col-lg-6 vc_col-md-6 vc_col-xs-12&#8243;][vc_single_image image=&#8221;22483&#8243; img_size=&#8221;full&#8221;][vc_empty_space height=&#8221;35px&#8221;][\/vc_column][vc_column offset=&#8221;vc_col-lg-6 vc_col-md-6 vc_col-xs-12&#8243;][\/vc_column][\/vc_row][vc_row content_width=&#8221;grid&#8221; css=&#8221;.vc_custom_1596118384380{padding-top: 36px !important;padding-bottom: 41px !important;background-color: #ee3f75 !important;}&#8221;][vc_column css=&#8221;.vc_custom_1492609383973{padding-top: 2px !important;}&#8221;][\/vc_column][\/vc_row]\" \/>\n<meta property=\"og:url\" content=\"https:\/\/alan.lu\/de\/erfahrungsberichte\/erfahrungsberichte-jean-claude\/\" \/>\n<meta property=\"og:site_name\" content=\"ALAN\" \/>\n<meta property=\"article:modified_time\" content=\"2021-02-24T16:15:31+00:00\" \/>\n<meta name=\"twitter:card\" content=\"summary_large_image\" \/>\n<meta name=\"twitter:label1\" content=\"Gesch\u00e4tzte Lesezeit\" \/>\n\t<meta name=\"twitter:data1\" content=\"3\u00a0Minuten\" \/>\n<script type=\"application\/ld+json\" class=\"yoast-schema-graph\">{\"@context\":\"https:\/\/schema.org\",\"@graph\":[{\"@type\":\"WebPage\",\"@id\":\"https:\/\/alan.lu\/de\/erfahrungsberichte\/erfahrungsberichte-jean-claude\/\",\"url\":\"https:\/\/alan.lu\/de\/erfahrungsberichte\/erfahrungsberichte-jean-claude\/\",\"name\":\"Erfahrungsberichte - ALAN\",\"isPartOf\":{\"@id\":\"https:\/\/alan.lu\/de\/#website\"},\"datePublished\":\"2021-02-24T16:04:15+00:00\",\"dateModified\":\"2021-02-24T16:15:31+00:00\",\"breadcrumb\":{\"@id\":\"https:\/\/alan.lu\/de\/erfahrungsberichte\/erfahrungsberichte-jean-claude\/#breadcrumb\"},\"inLanguage\":\"de\",\"potentialAction\":[{\"@type\":\"ReadAction\",\"target\":[\"https:\/\/alan.lu\/de\/erfahrungsberichte\/erfahrungsberichte-jean-claude\/\"]}]},{\"@type\":\"BreadcrumbList\",\"@id\":\"https:\/\/alan.lu\/de\/erfahrungsberichte\/erfahrungsberichte-jean-claude\/#breadcrumb\",\"itemListElement\":[{\"@type\":\"ListItem\",\"position\":1,\"name\":\"Accueil\",\"item\":\"https:\/\/alan.lu\/de\/\"},{\"@type\":\"ListItem\",\"position\":2,\"name\":\"Erfahrungsberichte\",\"item\":\"https:\/\/alan.lu\/de\/our-testimonials\/\"},{\"@type\":\"ListItem\",\"position\":3,\"name\":\"Erfahrungsberichte\"}]},{\"@type\":\"WebSite\",\"@id\":\"https:\/\/alan.lu\/de\/#website\",\"url\":\"https:\/\/alan.lu\/de\/\",\"name\":\"ALAN\",\"description\":\"Rare Diseases Luxembourg\",\"potentialAction\":[{\"@type\":\"SearchAction\",\"target\":{\"@type\":\"EntryPoint\",\"urlTemplate\":\"https:\/\/alan.lu\/de\/?s={search_term_string}\"},\"query-input\":{\"@type\":\"PropertyValueSpecification\",\"valueRequired\":true,\"valueName\":\"search_term_string\"}}],\"inLanguage\":\"de\"}]}<\/script>\n<!-- \/ Yoast SEO plugin. -->","yoast_head_json":{"title":"Erfahrungsberichte - ALAN","robots":{"index":"index","follow":"follow","max-snippet":"max-snippet:-1","max-image-preview":"max-image-preview:large","max-video-preview":"max-video-preview:-1"},"canonical":"https:\/\/alan.lu\/de\/erfahrungsberichte\/erfahrungsberichte-jean-claude\/","og_locale":"de_DE","og_type":"article","og_title":"Erfahrungsberichte - ALAN","og_description":"[vc_row content_width=&#8221;grid&#8221; css=&#8221;.vc_custom_1492696696810{padding-top: 130px !important;padding-bottom: 90px !important;}&#8221;][vc_column offset=&#8221;vc_col-lg-6 vc_col-md-6 vc_col-xs-12&#8243;][vc_single_image image=&#8221;22483&#8243; img_size=&#8221;full&#8221;][vc_empty_space height=&#8221;35px&#8221;][\/vc_column][vc_column offset=&#8221;vc_col-lg-6 vc_col-md-6 vc_col-xs-12&#8243;][\/vc_column][\/vc_row][vc_row content_width=&#8221;grid&#8221; css=&#8221;.vc_custom_1596118384380{padding-top: 36px !important;padding-bottom: 41px !important;background-color: #ee3f75 !important;}&#8221;][vc_column css=&#8221;.vc_custom_1492609383973{padding-top: 2px !important;}&#8221;][\/vc_column][\/vc_row]","og_url":"https:\/\/alan.lu\/de\/erfahrungsberichte\/erfahrungsberichte-jean-claude\/","og_site_name":"ALAN","article_modified_time":"2021-02-24T16:15:31+00:00","twitter_card":"summary_large_image","twitter_misc":{"Gesch\u00e4tzte Lesezeit":"3\u00a0Minuten"},"schema":{"@context":"https:\/\/schema.org","@graph":[{"@type":"WebPage","@id":"https:\/\/alan.lu\/de\/erfahrungsberichte\/erfahrungsberichte-jean-claude\/","url":"https:\/\/alan.lu\/de\/erfahrungsberichte\/erfahrungsberichte-jean-claude\/","name":"Erfahrungsberichte - ALAN","isPartOf":{"@id":"https:\/\/alan.lu\/de\/#website"},"datePublished":"2021-02-24T16:04:15+00:00","dateModified":"2021-02-24T16:15:31+00:00","breadcrumb":{"@id":"https:\/\/alan.lu\/de\/erfahrungsberichte\/erfahrungsberichte-jean-claude\/#breadcrumb"},"inLanguage":"de","potentialAction":[{"@type":"ReadAction","target":["https:\/\/alan.lu\/de\/erfahrungsberichte\/erfahrungsberichte-jean-claude\/"]}]},{"@type":"BreadcrumbList","@id":"https:\/\/alan.lu\/de\/erfahrungsberichte\/erfahrungsberichte-jean-claude\/#breadcrumb","itemListElement":[{"@type":"ListItem","position":1,"name":"Accueil","item":"https:\/\/alan.lu\/de\/"},{"@type":"ListItem","position":2,"name":"Erfahrungsberichte","item":"https:\/\/alan.lu\/de\/our-testimonials\/"},{"@type":"ListItem","position":3,"name":"Erfahrungsberichte"}]},{"@type":"WebSite","@id":"https:\/\/alan.lu\/de\/#website","url":"https:\/\/alan.lu\/de\/","name":"ALAN","description":"Rare Diseases Luxembourg","potentialAction":[{"@type":"SearchAction","target":{"@type":"EntryPoint","urlTemplate":"https:\/\/alan.lu\/de\/?s={search_term_string}"},"query-input":{"@type":"PropertyValueSpecification","valueRequired":true,"valueName":"search_term_string"}}],"inLanguage":"de"}]}},"campaignId":"","_links":{"self":[{"href":"https:\/\/alan.lu\/de\/wp-json\/wp\/v2\/pages\/22477","targetHints":{"allow":["GET"]}}],"collection":[{"href":"https:\/\/alan.lu\/de\/wp-json\/wp\/v2\/pages"}],"about":[{"href":"https:\/\/alan.lu\/de\/wp-json\/wp\/v2\/types\/page"}],"author":[{"embeddable":true,"href":"https:\/\/alan.lu\/de\/wp-json\/wp\/v2\/users\/2"}],"replies":[{"embeddable":true,"href":"https:\/\/alan.lu\/de\/wp-json\/wp\/v2\/comments?post=22477"}],"version-history":[{"count":2,"href":"https:\/\/alan.lu\/de\/wp-json\/wp\/v2\/pages\/22477\/revisions"}],"predecessor-version":[{"id":22486,"href":"https:\/\/alan.lu\/de\/wp-json\/wp\/v2\/pages\/22477\/revisions\/22486"}],"up":[{"embeddable":true,"href":"https:\/\/alan.lu\/de\/wp-json\/wp\/v2\/pages\/21360"}],"wp:attachment":[{"href":"https:\/\/alan.lu\/de\/wp-json\/wp\/v2\/media?parent=22477"}],"curies":[{"name":"wp","href":"https:\/\/api.w.org\/{rel}","templated":true}]}}