{"id":22519,"date":"2021-03-09T08:59:15","date_gmt":"2021-03-09T07:59:15","guid":{"rendered":"https:\/\/alan.lu\/?page_id=22519"},"modified":"2021-03-09T09:25:48","modified_gmt":"2021-03-09T08:25:48","slug":"rare-disease-day-2021-light-it-up","status":"publish","type":"page","link":"https:\/\/alan.lu\/de\/galerie\/rare-disease-day-2021-light-it-up\/","title":{"rendered":"Rare Disease Day 2021 &#8211; Light It Up"},"content":{"rendered":"<div class=\"wpb-content-wrapper\"><p>[vc_row content_width=&#8221;grid&#8221;][vc_column]\n<p class=\"edgtf-section-subtitle\" style=\"text-align:center;color:#58595b\">\n\tLe 28 f\u00e9vrier 2021 a eu lieu la 14e Journ\u00e9e internationale des maladies rares (Rare Disease Day), une journ\u00e9e c\u00e9l\u00e9br\u00e9e dans plus de 100 pays pour sensibiliser sur les maladies rares et leur impact sur la vie des personnes concern\u00e9es. Cette ann\u00e9e, la campagne men\u00e9e par ALAN et ses partenaires, est ax\u00e9e sur l\u2019illumination de b\u00e2timents phares : un signe de communaut\u00e9 et de solidarit\u00e9. \u00a9 ALAN, Henri Goergen, Gilles Zangarini, Fran\u00e7is Verquin, Ben Majerus, CHL, CHEM, Fonds Belval, Commune d\u2019Esch-sur-Alzette<\/p><div class=\"edgtf-separator-holder clearfix  edgtf-separator-center\">\n\t<div class=\"edgtf-separator\" style=\"border-color: #00bcdf;width: 50px;border-bottom-width: 3px;margin-top: 25px;margin-bottom: 25px\"><\/div>\n<\/div>\n[vc_column_text]<script type='text\/javascript'>document.addEventListener('DOMContentLoaded', function(event) {FWDVRLUtils.checkIfHasTransofrms();window.fwdvugp0 = new FWDVUGP({gridType:'classicVertical',displayType:'responsive',rightClickContextMenu:'default',parentId:'FWDVUGPDiv0',instanceName:'FWDVUGP0',mainFolderPath:'https:\/\/alan.lu\/wp-content\/plugins\/fwdvugp\/load',lightboxSkinPath:'lightbox_skin_modern', gridSkinPath:'grid_skin_modern', lightboxSkinPath:'lightbox_skin_modern', playlistId:'FWDVUGPPlaylistRare-Disease-Day-2021', allCategoriesLabel:'ALL GALLERIES', useVectorIcons:'no',showAllCategories:'no',initializeOnlyWhenVisible:'no',randomizeCategories:'no',zIndex:999, itemOffsetHeight:'50',startAtCategory:0,backgroundColor:'#ffffff',menuType:'list',showMenu:'no',\tmenuPosition:'left',animateParent:'no',\tmultipleCategorySelection:'yes',\tshowMenuButtonsSpacers:'no',\tshowSearchBox:'yes',centerNoSearchFoundLabelWithMenu:'yes',comboboxSelectorLabel:'SELECT GALLERIES',\tshowSearchBox:'yes',showTotalThumbnailsPerCategory:'yes',fitToViewportHeight:'no',offsetFirstThumbnail:'no',searchLabel:'search',searchNotFoundLabel:'NOTHING FOUND!',comboboxArrowNormalColor:'#ffffff',comboboxArrowSelectedColor:'#000000',menuButtonSpacerWidth:1,slideshowBackgroundColor:'#ffffff',slideshowFillColor:'#000000',slideshowStrokeSize:3,menuButtonSpacerHeight:20,menuButtonsSapcerLeftAndRight:10,menuOffsetTop:25,\tmenuOffsetBottom:25,horizontalSpaceBetweenMenuButtons:10,\tmenuMaxWidth:920,verticalSpaceBetweenMenuButtons:10,thumbnailLoadingType:'loadMoreOnScroll',hideAndShowTransitionType:'scale', thumbanilBoxShadow:'none',disableThumbnails:'no',inverseButtonsIcons:'no',thumbnailBackgroundColor:'#ffffff',thumbnailBorderNormalColor:'#ffffff',thumbnailBorderSelectedColor:'#ffffff',howManyThumbnailsToDisplayPerSet:15,thumbnailsVerticalOffset:0, thumbnailsVerticalOffset:0,thumbnailMaxWidth:278,thumbnailMaxHeight:188,horizontalSpaceBetweenThumbnails:0,verticalSpaceBetweenThumbnails:0,thumbnailBorderSize:5,thumbnailBorderRadius:0,loadMoreButtonLabel:'LOAD MORE THUMBNAILS',loadMoreButtonOffsetTop:25,\tloadMoreButtonOffsetBottom:25,preset:'animtext',textVerticalAlign:'center',textAnimationType:'opacity',useIconButtons:'no',thumbnailOverlayColor:'#ee3f75',thumbnailOverlayOpacity:0.5,thumbnailIconWidth:30,thumbnailIconHeight:29,spaceBetweenThumbanilIcons:12,spaceBetweenTextAndIcons:10,buttonsAlignment:'in',itemBoxShadow:'none',descriptionWindowAnimationType:'motion',descriptionWindowPosition:'bottom',slideShowAutoPlay:'no',addKeyboardSupport:'yes',showCloseButton:'yes',showShareButton:'no',showZoomButton:'no',showSlideShowButton:'no',showSlideShowAnimation:'no',showDescriptionButton:'yes',showNextAndPrevButtons:'yes',showNextAndPrevButtonsOnMobile:'yes',showDescriptionByDefault:'no',videoShowFullScreenButton:'yes',videoAutoPlay:'no',nextVideoOrAudioAutoPlay:'yes',videoLoop:'no',audioAutoPlay:'no',audioLoop:'no',backgroundOpacity:0.9,descriptionWindowBackgroundOpacity:0.95,buttonsHideDelay:3,slideShowDelay:4,defaultItemWidth:640,defaultItemHeight:550,spaceBetweenButtons:1,buttonsOffsetIn:2,buttonsOffsetOut:5,itemBorderSize:0,itemBorderRadius:0,itemBackgroundColor:'#333333',itemBorderColor:'#333333',lightBoxBackgroundColor:'#000000',descriptionWindowBackgroundColor:'#ffffff',videoPosterBackgroundColor:'#0099ff',videoControllerBackgroundColor:'#ffffff',audioControllerBackgroundColor:'#ffffff',soundCloudTitleClassName:'soundCloudTitle1',soundCloudTrackClassName:'soundCloudTrack1',showSoundCloudTitle:'yes',showSoundCloudTrack:'yes',ytbTitleClassName:'youtubeTitle1',ytbDescriptionClassName:'youtubeDescription1',showYtbTitle:'yes',showYtbDescription:'yes',ytbTitleMaxLength:100,flickrAppId:'8b8bea6be401b521615b9b74c12131f2',flickrTitleClassName:'flickrTitle',showFlickrDescription:'yes',showAsExtraText:'no',flickrDescriptionMaxLength:100,pintrestDescriptionClassName:'pinterestDescription2',showPintrestDescription:'yes',usePinIconButton:'yes',facebookTitleClassName:'facebookTitle',facebookDescriptionClassName:'facebookDescription',showFacebookTitle:'yes',showFacebookDescription:'yes',TitleMaxLength:100,timeColor:'#000000'})});<\/script><div id='FWDVUGPDiv0' class='fwdvugp fwd-hide'><\/div><div id='FWDVUGPPlaylistRare-Disease-Day-2021' style='display: none;'><ul data-category-name='Rare-Disease-Day-2021' data-flickr-album-url='https:\/\/flickr.com\/photos\/190216581@N05\/albums\/72157718566575643'><\/ul><\/div>[\/vc_column_text][vc_empty_space height=&#8221;50px&#8221;][\/vc_column][\/vc_row][vc_row content_width=&#8221;grid&#8221; css=&#8221;.vc_custom_1596118384380{padding-top: 36px !important;padding-bottom: 41px !important;background-color: #ee3f75 !important;}&#8221;][vc_column css=&#8221;.vc_custom_1492609383973{padding-top: 2px !important;}&#8221;]\t<div class=\"edgtf-call-to-action normal\" style=\"background-color: #ee3f75;\">\n\n\t\t\t\t<div class=\"edgtf-container-inner\">\n\t\t\t\t\t<div class=\"edgtf-call-to-action-row-75-25 clearfix\" style=\"padding: 20px;\">\n\t\t\t\t\t\t<div class=\"edgtf-text-wrapper edgtf-call-to-action-column1 edgtf-call-to-action-cell left\">\n\t\t\t\t\t<div class=\"edgtf-call-to-action-text\" style=\"text-align: left\">\n<h2><span style=\"color: #ffffff;\">Nehmen Sie Kontakt auf und erz\u00e4hlen Sie uns Ihre Geschichte<\/span><\/h2>\n\t\t\t\t\t\t\t\t\t\t\t<\/div>\n\t\t\t\t<\/div>\n\n\t\t\t\t\t\t\t\t\t<div class=\"edgtf-button-wrapper edgtf-call-to-action-column2 edgtf-call-to-action-cell\" style =\"text-align: right ;\">\n\t\t\t\t\t\t<a itemprop=\"url\" href=\"https:\/\/alan.lu\/de\/alan-kontaktieren\/\" target=\"_self\" style=\"color: #ee3f75;background-color: #ffffff;border-color: #ffffff\" class=\"edgtf-btn edgtf-btn-large edgtf-btn-solid edgtf-btn-custom-hover-bg edgtf-btn-custom-border-hover edgtf-btn-custom-hover-color\" data-hover-bg-color=\"#ee3f75\" data-hover-color=\"#ffffff\" data-hover-border-color=\"#ffffff\" >\t<span class=\"edgtf-btn-text\">Kontakt<\/span>    <\/a>\t\t\t\t\t<\/div>\n\t\t\t\t\t\t\t<\/div>\n\t\t\t\t<\/div>\n\t\t\t<\/div>\n[\/vc_column][\/vc_row]<\/p>\n<\/div>","protected":false},"excerpt":{"rendered":"<p>[vc_row content_width=&#8221;grid&#8221;][vc_column][vc_column_text][\/vc_column_text][vc_empty_space height=&#8221;50px&#8221;][\/vc_column][\/vc_row][vc_row content_width=&#8221;grid&#8221; css=&#8221;.vc_custom_1596118384380{padding-top: 36px !important;padding-bottom: 41px !important;background-color: #ee3f75 !important;}&#8221;][vc_column css=&#8221;.vc_custom_1492609383973{padding-top: 2px !important;}&#8221;][\/vc_column][\/vc_row]<\/p>\n","protected":false},"author":2,"featured_media":0,"parent":21322,"menu_order":0,"comment_status":"closed","ping_status":"closed","template":"","meta":{"give_campaign_id":0,"inline_featured_image":false,"footnotes":""},"class_list":["post-22519","page","type-page","status-publish","hentry"],"yoast_head":"<!-- This site is optimized with the Yoast SEO plugin v26.9 - https:\/\/yoast.com\/product\/yoast-seo-wordpress\/ -->\n<title>Rare Disease Day 2021 - Light It Up - ALAN<\/title>\n<meta name=\"description\" content=\"Le 28 f\u00e9vrier 2021 a eu lieu la 14e Journ\u00e9e internationale des maladies rares (Rare Disease Day), une journ\u00e9e c\u00e9l\u00e9br\u00e9e dans plus de 100 pays pour sensibiliser sur les maladies rares et leur impact sur la vie des personnes concern\u00e9es. Cette ann\u00e9e, la campagne men\u00e9e par ALAN et ses partenaires, est ax\u00e9e sur l\u2019illumination de b\u00e2timents phares : un signe de communaut\u00e9 et de solidarit\u00e9\" \/>\n<meta name=\"robots\" content=\"index, follow, max-snippet:-1, max-image-preview:large, max-video-preview:-1\" \/>\n<link rel=\"canonical\" href=\"https:\/\/alan.lu\/de\/galerie\/rare-disease-day-2021-light-it-up\/\" \/>\n<meta property=\"og:locale\" content=\"de_DE\" \/>\n<meta property=\"og:type\" content=\"article\" \/>\n<meta property=\"og:title\" content=\"Rare Disease Day 2021 - Light It Up - ALAN\" \/>\n<meta property=\"og:description\" content=\"Le 28 f\u00e9vrier 2021 a eu lieu la 14e Journ\u00e9e internationale des maladies rares (Rare Disease Day), une journ\u00e9e c\u00e9l\u00e9br\u00e9e dans plus de 100 pays pour sensibiliser sur les maladies rares et leur impact sur la vie des personnes concern\u00e9es. Cette ann\u00e9e, la campagne men\u00e9e par ALAN et ses partenaires, est ax\u00e9e sur l\u2019illumination de b\u00e2timents phares : un signe de communaut\u00e9 et de solidarit\u00e9\" \/>\n<meta property=\"og:url\" content=\"https:\/\/alan.lu\/de\/galerie\/rare-disease-day-2021-light-it-up\/\" \/>\n<meta property=\"og:site_name\" content=\"ALAN\" \/>\n<meta property=\"article:modified_time\" content=\"2021-03-09T08:25:48+00:00\" \/>\n<meta name=\"twitter:card\" content=\"summary_large_image\" \/>\n<meta name=\"twitter:label1\" content=\"Gesch\u00e4tzte Lesezeit\" \/>\n\t<meta name=\"twitter:data1\" content=\"1\u00a0Minute\" \/>\n<script type=\"application\/ld+json\" class=\"yoast-schema-graph\">{\"@context\":\"https:\/\/schema.org\",\"@graph\":[{\"@type\":\"WebPage\",\"@id\":\"https:\/\/alan.lu\/de\/galerie\/rare-disease-day-2021-light-it-up\/\",\"url\":\"https:\/\/alan.lu\/de\/galerie\/rare-disease-day-2021-light-it-up\/\",\"name\":\"Rare Disease Day 2021 - Light It Up - ALAN\",\"isPartOf\":{\"@id\":\"https:\/\/alan.lu\/de\/#website\"},\"datePublished\":\"2021-03-09T07:59:15+00:00\",\"dateModified\":\"2021-03-09T08:25:48+00:00\",\"description\":\"Le 28 f\u00e9vrier 2021 a eu lieu la 14e Journ\u00e9e internationale des maladies rares (Rare Disease Day), une journ\u00e9e c\u00e9l\u00e9br\u00e9e dans plus de 100 pays pour sensibiliser sur les maladies rares et leur impact sur la vie des personnes concern\u00e9es. Cette ann\u00e9e, la campagne men\u00e9e par ALAN et ses partenaires, est ax\u00e9e sur l\u2019illumination de b\u00e2timents phares : un signe de communaut\u00e9 et de solidarit\u00e9\",\"breadcrumb\":{\"@id\":\"https:\/\/alan.lu\/de\/galerie\/rare-disease-day-2021-light-it-up\/#breadcrumb\"},\"inLanguage\":\"de\",\"potentialAction\":[{\"@type\":\"ReadAction\",\"target\":[\"https:\/\/alan.lu\/de\/galerie\/rare-disease-day-2021-light-it-up\/\"]}]},{\"@type\":\"BreadcrumbList\",\"@id\":\"https:\/\/alan.lu\/de\/galerie\/rare-disease-day-2021-light-it-up\/#breadcrumb\",\"itemListElement\":[{\"@type\":\"ListItem\",\"position\":1,\"name\":\"Accueil\",\"item\":\"https:\/\/alan.lu\/de\/\"},{\"@type\":\"ListItem\",\"position\":2,\"name\":\"Galerie\",\"item\":\"https:\/\/alan.lu\/de\/galerie\/\"},{\"@type\":\"ListItem\",\"position\":3,\"name\":\"Rare Disease Day 2021 &#8211; Light It Up\"}]},{\"@type\":\"WebSite\",\"@id\":\"https:\/\/alan.lu\/de\/#website\",\"url\":\"https:\/\/alan.lu\/de\/\",\"name\":\"ALAN\",\"description\":\"Rare Diseases Luxembourg\",\"potentialAction\":[{\"@type\":\"SearchAction\",\"target\":{\"@type\":\"EntryPoint\",\"urlTemplate\":\"https:\/\/alan.lu\/de\/?s={search_term_string}\"},\"query-input\":{\"@type\":\"PropertyValueSpecification\",\"valueRequired\":true,\"valueName\":\"search_term_string\"}}],\"inLanguage\":\"de\"}]}<\/script>\n<!-- \/ Yoast SEO plugin. -->","yoast_head_json":{"title":"Rare Disease Day 2021 - Light It Up - ALAN","description":"Le 28 f\u00e9vrier 2021 a eu lieu la 14e Journ\u00e9e internationale des maladies rares (Rare Disease Day), une journ\u00e9e c\u00e9l\u00e9br\u00e9e dans plus de 100 pays pour sensibiliser sur les maladies rares et leur impact sur la vie des personnes concern\u00e9es. Cette ann\u00e9e, la campagne men\u00e9e par ALAN et ses partenaires, est ax\u00e9e sur l\u2019illumination de b\u00e2timents phares : un signe de communaut\u00e9 et de solidarit\u00e9","robots":{"index":"index","follow":"follow","max-snippet":"max-snippet:-1","max-image-preview":"max-image-preview:large","max-video-preview":"max-video-preview:-1"},"canonical":"https:\/\/alan.lu\/de\/galerie\/rare-disease-day-2021-light-it-up\/","og_locale":"de_DE","og_type":"article","og_title":"Rare Disease Day 2021 - Light It Up - ALAN","og_description":"Le 28 f\u00e9vrier 2021 a eu lieu la 14e Journ\u00e9e internationale des maladies rares (Rare Disease Day), une journ\u00e9e c\u00e9l\u00e9br\u00e9e dans plus de 100 pays pour sensibiliser sur les maladies rares et leur impact sur la vie des personnes concern\u00e9es. Cette ann\u00e9e, la campagne men\u00e9e par ALAN et ses partenaires, est ax\u00e9e sur l\u2019illumination de b\u00e2timents phares : un signe de communaut\u00e9 et de solidarit\u00e9","og_url":"https:\/\/alan.lu\/de\/galerie\/rare-disease-day-2021-light-it-up\/","og_site_name":"ALAN","article_modified_time":"2021-03-09T08:25:48+00:00","twitter_card":"summary_large_image","twitter_misc":{"Gesch\u00e4tzte Lesezeit":"1\u00a0Minute"},"schema":{"@context":"https:\/\/schema.org","@graph":[{"@type":"WebPage","@id":"https:\/\/alan.lu\/de\/galerie\/rare-disease-day-2021-light-it-up\/","url":"https:\/\/alan.lu\/de\/galerie\/rare-disease-day-2021-light-it-up\/","name":"Rare Disease Day 2021 - Light It Up - ALAN","isPartOf":{"@id":"https:\/\/alan.lu\/de\/#website"},"datePublished":"2021-03-09T07:59:15+00:00","dateModified":"2021-03-09T08:25:48+00:00","description":"Le 28 f\u00e9vrier 2021 a eu lieu la 14e Journ\u00e9e internationale des maladies rares (Rare Disease Day), une journ\u00e9e c\u00e9l\u00e9br\u00e9e dans plus de 100 pays pour sensibiliser sur les maladies rares et leur impact sur la vie des personnes concern\u00e9es. Cette ann\u00e9e, la campagne men\u00e9e par ALAN et ses partenaires, est ax\u00e9e sur l\u2019illumination de b\u00e2timents phares : un signe de communaut\u00e9 et de solidarit\u00e9","breadcrumb":{"@id":"https:\/\/alan.lu\/de\/galerie\/rare-disease-day-2021-light-it-up\/#breadcrumb"},"inLanguage":"de","potentialAction":[{"@type":"ReadAction","target":["https:\/\/alan.lu\/de\/galerie\/rare-disease-day-2021-light-it-up\/"]}]},{"@type":"BreadcrumbList","@id":"https:\/\/alan.lu\/de\/galerie\/rare-disease-day-2021-light-it-up\/#breadcrumb","itemListElement":[{"@type":"ListItem","position":1,"name":"Accueil","item":"https:\/\/alan.lu\/de\/"},{"@type":"ListItem","position":2,"name":"Galerie","item":"https:\/\/alan.lu\/de\/galerie\/"},{"@type":"ListItem","position":3,"name":"Rare Disease Day 2021 &#8211; Light It Up"}]},{"@type":"WebSite","@id":"https:\/\/alan.lu\/de\/#website","url":"https:\/\/alan.lu\/de\/","name":"ALAN","description":"Rare Diseases Luxembourg","potentialAction":[{"@type":"SearchAction","target":{"@type":"EntryPoint","urlTemplate":"https:\/\/alan.lu\/de\/?s={search_term_string}"},"query-input":{"@type":"PropertyValueSpecification","valueRequired":true,"valueName":"search_term_string"}}],"inLanguage":"de"}]}},"campaignId":"","_links":{"self":[{"href":"https:\/\/alan.lu\/de\/wp-json\/wp\/v2\/pages\/22519","targetHints":{"allow":["GET"]}}],"collection":[{"href":"https:\/\/alan.lu\/de\/wp-json\/wp\/v2\/pages"}],"about":[{"href":"https:\/\/alan.lu\/de\/wp-json\/wp\/v2\/types\/page"}],"author":[{"embeddable":true,"href":"https:\/\/alan.lu\/de\/wp-json\/wp\/v2\/users\/2"}],"replies":[{"embeddable":true,"href":"https:\/\/alan.lu\/de\/wp-json\/wp\/v2\/comments?post=22519"}],"version-history":[{"count":3,"href":"https:\/\/alan.lu\/de\/wp-json\/wp\/v2\/pages\/22519\/revisions"}],"predecessor-version":[{"id":22556,"href":"https:\/\/alan.lu\/de\/wp-json\/wp\/v2\/pages\/22519\/revisions\/22556"}],"up":[{"embeddable":true,"href":"https:\/\/alan.lu\/de\/wp-json\/wp\/v2\/pages\/21322"}],"wp:attachment":[{"href":"https:\/\/alan.lu\/de\/wp-json\/wp\/v2\/media?parent=22519"}],"curies":[{"name":"wp","href":"https:\/\/api.w.org\/{rel}","templated":true}]}}