{"id":22679,"date":"2021-04-01T10:28:06","date_gmt":"2021-04-01T08:28:06","guid":{"rendered":"https:\/\/alan.lu\/?page_id=22679"},"modified":"2021-04-01T10:28:06","modified_gmt":"2021-04-01T08:28:06","slug":"erfahrungsberichte-maria","status":"publish","type":"page","link":"https:\/\/alan.lu\/de\/erfahrungsberichte\/erfahrungsberichte-maria\/","title":{"rendered":"Erfahrungsberichte"},"content":{"rendered":"<div class=\"wpb-content-wrapper\"><p>[vc_row content_width=&#8221;grid&#8221; css=&#8221;.vc_custom_1492696696810{padding-top: 130px !important;padding-bottom: 90px !important;}&#8221;][vc_column offset=&#8221;vc_col-lg-6 vc_col-md-6 vc_col-xs-12&#8243;][vc_single_image image=&#8221;22677&#8243; img_size=&#8221;full&#8221;][vc_empty_space height=&#8221;35px&#8221;][\/vc_column][vc_column offset=&#8221;vc_col-lg-6 vc_col-md-6 vc_col-xs-12&#8243;]<div class=\"edgtf-elements-holder edgtf-responsive-mode-768\" ><div class=\"edgtf-elements-holder-item \" data-item-class=\"edgtf-elements-holder-custom-281319\" data-1280-1600=\"2% 7% 2% 5%\" data-1024-1280=\"2% 7% 2% 5%\" data-768-1024=\"2% 0% 2% 3%\" data-600-768=\"5% 0% 1% 0%\" >\n\t\t<div class=\"edgtf-elements-holder-item-inner\">\n\t\t<div class=\"edgtf-elements-holder-item-content edgtf-elements-holder-custom-281319\" style=\"padding: 2% 7% 2% 5%\">\n\t\t\t[vc_column_text]<\/p>\n<h2>Maria<\/h2>\n<p>[\/vc_column_text][vc_column_text]<strong style=\"color: #ee3f75;\">47Jahre alt, lebt mit der Madelung-Krankheit un der Str\u00fcmpell-Lorrain-Krankheit<\/strong>[\/vc_column_text][vc_empty_space height=&#8221;35px&#8221;][vc_column_text]\u201eHallo. Mein Name ist Maria. Ich bin 37 Jahre alt und Mutter von 2 Kindern. Ich habe 2 seltene und genetisch bedingte Krankheiten: Madelung-Krankheit, welche durch eine Deformation der Handgelenke gekennzeichnet ist, und die Str\u00fcmpell-Lorrain-Krankheit, die die Muskeln betrifft, Spastizit\u00e4t, Steifheit, Gleichgewichtsverlust, Energiemangel und Schmerzen verursacht.<\/p>\n<p>Diese Krankheiten sind fortschreitend und f\u00fchren zu Behinderungen. Ich bewege mich mithilfe eines Rollators und eines Rollstuhls f\u00fcr lange Reisen. Ich habe eine Baclofen-Pumpe. Ich mache 3x pro Woche Physiotherapie. Ich mache auch Selbstkatheterisierung, weil mein Blasenmuskel bereits von der Krankheit betroffen ist. Seit 5 Monaten werde ich auch mit Morphium behandelt.<\/p>\n<p>Wenn Sie mit einer solchen Krankheit leben, f\u00fchlen Sie sich nicht verstanden. Wenn man anderen Menschen sagt: \u201eIch habe so gro\u00dfe Schmerzen, ich k\u00f6nnte schreien. Ich habe \u00fcberhaupt keine Energie\u201c, h\u00f6rt man oft \u201eJa, ich bin in letzter Zeit auch sehr m\u00fcde\u201c. Die Menschen verstehen nicht, wie viel Schmerzen wir 24 Stunden am Tag haben.<\/p>\n<p>Ich habe meine Diagnose nicht sofort akzeptiert. Dann sagte ich: \u201eDie Krankheit ist da und wird f\u00fcr den Rest meines Lebens jeden Tag und jede Nacht bei mir sein. Es gibt keine Behandlung. Was kann ich tun, um eine gute Lebensqualit\u00e4t zu haben? \u201c Daraufhin habe ich nach L\u00f6sungen gesucht.<\/p>\n<p>Ich bekomme Unterst\u00fctzung von meiner Familie, dem medizinischen Team, Freunden und ALAN. Ich bin nicht alleine.<\/p>\n<p>Mein Ziel ist es, meine Autonomie, meinen Status als Mutter und Frau, so lange wie m\u00f6glich zu bewahren. Ich versuche mich nicht zu isolieren, aber das ist manchmal kompliziert, weil ich im 2. Stock, ohne Aufzug, wohne. Trotzdem gehe ich fast jeden Tag nach unten, um rauszugehen.<\/p>\n<p>Jeder Morgen ist wie eine Herausforderung: Da ich die ganze Nacht im Bett liege, ist es wegen der Steifheit sehr schwierig mich zu bewegen und zu gehen. Aber ich sage mir: \u201eNein, du darfst nicht aufgeben!\u201c. Der Start ist sehr langsam und schwer. Aber dann bewege ich mich besser.<\/p>\n<p>Ich w\u00fcrde sogar sagen, dass meine Krankheit meine St\u00e4rke ist: Jede Kleinigkeit, die ich tags\u00fcber bew\u00e4ltige, ist wie eine Errungenschaft, und ich sage mir: \u201eSiehst du, du schaffst es immer noch.\u201c<\/p>\n<p>Trotz der Krankheit m\u00f6chte ich leben, n\u00fctzlich und wertvoll sein. Es gibt noch viele Dinge, die wir tun und erreichen k\u00f6nnen. Lasst uns k\u00e4mpfen und nicht aufgeben! Lebensqualit\u00e4t ist wichtiger als Langlebigkeit. \u201c<\/p>\n<p>Maria[\/vc_column_text]\t\t<\/div>\n\t<\/div>\n\t<\/div><\/div>[\/vc_column][\/vc_row][vc_row content_width=&#8221;grid&#8221; css=&#8221;.vc_custom_1596118384380{padding-top: 36px !important;padding-bottom: 41px !important;background-color: #ee3f75 !important;}&#8221;][vc_column css=&#8221;.vc_custom_1492609383973{padding-top: 2px !important;}&#8221;]\t<div class=\"edgtf-call-to-action normal\" style=\"background-color: #ee3f75;\">\n\n\t\t\t\t<div class=\"edgtf-container-inner\">\n\t\t\t\t\t<div class=\"edgtf-call-to-action-row-75-25 clearfix\" style=\"padding: 20px;\">\n\t\t\t\t\t\t<div class=\"edgtf-text-wrapper edgtf-call-to-action-column1 edgtf-call-to-action-cell left\">\n\t\t\t\t\t<div class=\"edgtf-call-to-action-text\" style=\"text-align: left\">\n<h2><span style=\"color: #ffffff;\">Melden Sie sich bei uns, wenn Sie Fragen haben oder Unterst\u00fctzung brauchen<\/span><\/h2>\n\t\t\t\t\t\t\t\t\t\t\t<\/div>\n\t\t\t\t<\/div>\n\n\t\t\t\t\t\t\t\t\t<div class=\"edgtf-button-wrapper edgtf-call-to-action-column2 edgtf-call-to-action-cell\" style =\"text-align: right ;\">\n\t\t\t\t\t\t<a itemprop=\"url\" href=\"https:\/\/alan.lu\/de\/alan-kontaktieren\/\" target=\"_self\" style=\"color: #ee3f75;background-color: #ffffff;border-color: #ffffff\" class=\"edgtf-btn edgtf-btn-large edgtf-btn-solid edgtf-btn-custom-hover-bg edgtf-btn-custom-border-hover edgtf-btn-custom-hover-color\" data-hover-bg-color=\"#ee3f75\" data-hover-color=\"#ffffff\" data-hover-border-color=\"#ffffff\" >\t<span class=\"edgtf-btn-text\">Kontakt<\/span>    <\/a>\t\t\t\t\t<\/div>\n\t\t\t\t\t\t\t<\/div>\n\t\t\t\t<\/div>\n\t\t\t<\/div>\n[\/vc_column][\/vc_row]<\/p>\n<\/div>","protected":false},"excerpt":{"rendered":"<p>[vc_row content_width=&#8221;grid&#8221; css=&#8221;.vc_custom_1492696696810{padding-top: 130px !important;padding-bottom: 90px !important;}&#8221;][vc_column offset=&#8221;vc_col-lg-6 vc_col-md-6 vc_col-xs-12&#8243;][vc_single_image image=&#8221;22677&#8243; img_size=&#8221;full&#8221;][vc_empty_space height=&#8221;35px&#8221;][\/vc_column][vc_column offset=&#8221;vc_col-lg-6 vc_col-md-6 vc_col-xs-12&#8243;][\/vc_column][\/vc_row][vc_row content_width=&#8221;grid&#8221; css=&#8221;.vc_custom_1596118384380{padding-top: 36px !important;padding-bottom: 41px !important;background-color: #ee3f75 !important;}&#8221;][vc_column css=&#8221;.vc_custom_1492609383973{padding-top: 2px !important;}&#8221;][\/vc_column][\/vc_row]<\/p>\n","protected":false},"author":2,"featured_media":0,"parent":21360,"menu_order":0,"comment_status":"closed","ping_status":"closed","template":"","meta":{"give_campaign_id":0,"inline_featured_image":false,"footnotes":""},"class_list":["post-22679","page","type-page","status-publish","hentry"],"yoast_head":"<!-- This site is optimized with the Yoast SEO plugin v26.9 - https:\/\/yoast.com\/product\/yoast-seo-wordpress\/ -->\n<title>Erfahrungsberichte - ALAN<\/title>\n<meta name=\"description\" content=\"Hallo. Mein Name ist Maria. Ich bin 37 Jahre alt und Mutter von 2 Kindern. Ich habe 2 seltene und genetisch bedingte Krankheiten: Madelung-Krankheit, welche durch eine Deformation der Handgelenke gekennzeichnet ist, und die Str\u00fcmpell-Lorrain-Krankheit, die die Muskeln betrifft, Spastizit\u00e4t, Steifheit, Gleichgewichtsverlust, Energiemangel und Schmerzen verursacht.\" \/>\n<meta name=\"robots\" content=\"index, follow, max-snippet:-1, max-image-preview:large, max-video-preview:-1\" \/>\n<link rel=\"canonical\" href=\"https:\/\/alan.lu\/de\/erfahrungsberichte\/erfahrungsberichte-maria\/\" \/>\n<meta property=\"og:locale\" content=\"de_DE\" \/>\n<meta property=\"og:type\" content=\"article\" \/>\n<meta property=\"og:title\" content=\"Erfahrungsberichte - ALAN\" \/>\n<meta property=\"og:description\" content=\"Hallo. Mein Name ist Maria. Ich bin 37 Jahre alt und Mutter von 2 Kindern. Ich habe 2 seltene und genetisch bedingte Krankheiten: Madelung-Krankheit, welche durch eine Deformation der Handgelenke gekennzeichnet ist, und die Str\u00fcmpell-Lorrain-Krankheit, die die Muskeln betrifft, Spastizit\u00e4t, Steifheit, Gleichgewichtsverlust, Energiemangel und Schmerzen verursacht.\" \/>\n<meta property=\"og:url\" content=\"https:\/\/alan.lu\/de\/erfahrungsberichte\/erfahrungsberichte-maria\/\" \/>\n<meta property=\"og:site_name\" content=\"ALAN\" \/>\n<meta name=\"twitter:card\" content=\"summary_large_image\" \/>\n<meta name=\"twitter:label1\" content=\"Gesch\u00e4tzte Lesezeit\" \/>\n\t<meta name=\"twitter:data1\" content=\"3\u00a0Minuten\" \/>\n<script type=\"application\/ld+json\" class=\"yoast-schema-graph\">{\"@context\":\"https:\/\/schema.org\",\"@graph\":[{\"@type\":\"WebPage\",\"@id\":\"https:\/\/alan.lu\/de\/erfahrungsberichte\/erfahrungsberichte-maria\/\",\"url\":\"https:\/\/alan.lu\/de\/erfahrungsberichte\/erfahrungsberichte-maria\/\",\"name\":\"Erfahrungsberichte - ALAN\",\"isPartOf\":{\"@id\":\"https:\/\/alan.lu\/de\/#website\"},\"datePublished\":\"2021-04-01T08:28:06+00:00\",\"description\":\"Hallo. Mein Name ist Maria. Ich bin 37 Jahre alt und Mutter von 2 Kindern. Ich habe 2 seltene und genetisch bedingte Krankheiten: Madelung-Krankheit, welche durch eine Deformation der Handgelenke gekennzeichnet ist, und die Str\u00fcmpell-Lorrain-Krankheit, die die Muskeln betrifft, Spastizit\u00e4t, Steifheit, Gleichgewichtsverlust, Energiemangel und Schmerzen verursacht.\",\"breadcrumb\":{\"@id\":\"https:\/\/alan.lu\/de\/erfahrungsberichte\/erfahrungsberichte-maria\/#breadcrumb\"},\"inLanguage\":\"de\",\"potentialAction\":[{\"@type\":\"ReadAction\",\"target\":[\"https:\/\/alan.lu\/de\/erfahrungsberichte\/erfahrungsberichte-maria\/\"]}]},{\"@type\":\"BreadcrumbList\",\"@id\":\"https:\/\/alan.lu\/de\/erfahrungsberichte\/erfahrungsberichte-maria\/#breadcrumb\",\"itemListElement\":[{\"@type\":\"ListItem\",\"position\":1,\"name\":\"Accueil\",\"item\":\"https:\/\/alan.lu\/de\/\"},{\"@type\":\"ListItem\",\"position\":2,\"name\":\"Erfahrungsberichte\",\"item\":\"https:\/\/alan.lu\/de\/our-testimonials\/\"},{\"@type\":\"ListItem\",\"position\":3,\"name\":\"Erfahrungsberichte\"}]},{\"@type\":\"WebSite\",\"@id\":\"https:\/\/alan.lu\/de\/#website\",\"url\":\"https:\/\/alan.lu\/de\/\",\"name\":\"ALAN\",\"description\":\"Rare Diseases Luxembourg\",\"potentialAction\":[{\"@type\":\"SearchAction\",\"target\":{\"@type\":\"EntryPoint\",\"urlTemplate\":\"https:\/\/alan.lu\/de\/?s={search_term_string}\"},\"query-input\":{\"@type\":\"PropertyValueSpecification\",\"valueRequired\":true,\"valueName\":\"search_term_string\"}}],\"inLanguage\":\"de\"}]}<\/script>\n<!-- \/ Yoast SEO plugin. -->","yoast_head_json":{"title":"Erfahrungsberichte - ALAN","description":"Hallo. Mein Name ist Maria. Ich bin 37 Jahre alt und Mutter von 2 Kindern. Ich habe 2 seltene und genetisch bedingte Krankheiten: Madelung-Krankheit, welche durch eine Deformation der Handgelenke gekennzeichnet ist, und die Str\u00fcmpell-Lorrain-Krankheit, die die Muskeln betrifft, Spastizit\u00e4t, Steifheit, Gleichgewichtsverlust, Energiemangel und Schmerzen verursacht.","robots":{"index":"index","follow":"follow","max-snippet":"max-snippet:-1","max-image-preview":"max-image-preview:large","max-video-preview":"max-video-preview:-1"},"canonical":"https:\/\/alan.lu\/de\/erfahrungsberichte\/erfahrungsberichte-maria\/","og_locale":"de_DE","og_type":"article","og_title":"Erfahrungsberichte - ALAN","og_description":"Hallo. Mein Name ist Maria. Ich bin 37 Jahre alt und Mutter von 2 Kindern. Ich habe 2 seltene und genetisch bedingte Krankheiten: Madelung-Krankheit, welche durch eine Deformation der Handgelenke gekennzeichnet ist, und die Str\u00fcmpell-Lorrain-Krankheit, die die Muskeln betrifft, Spastizit\u00e4t, Steifheit, Gleichgewichtsverlust, Energiemangel und Schmerzen verursacht.","og_url":"https:\/\/alan.lu\/de\/erfahrungsberichte\/erfahrungsberichte-maria\/","og_site_name":"ALAN","twitter_card":"summary_large_image","twitter_misc":{"Gesch\u00e4tzte Lesezeit":"3\u00a0Minuten"},"schema":{"@context":"https:\/\/schema.org","@graph":[{"@type":"WebPage","@id":"https:\/\/alan.lu\/de\/erfahrungsberichte\/erfahrungsberichte-maria\/","url":"https:\/\/alan.lu\/de\/erfahrungsberichte\/erfahrungsberichte-maria\/","name":"Erfahrungsberichte - ALAN","isPartOf":{"@id":"https:\/\/alan.lu\/de\/#website"},"datePublished":"2021-04-01T08:28:06+00:00","description":"Hallo. Mein Name ist Maria. Ich bin 37 Jahre alt und Mutter von 2 Kindern. Ich habe 2 seltene und genetisch bedingte Krankheiten: Madelung-Krankheit, welche durch eine Deformation der Handgelenke gekennzeichnet ist, und die Str\u00fcmpell-Lorrain-Krankheit, die die Muskeln betrifft, Spastizit\u00e4t, Steifheit, Gleichgewichtsverlust, Energiemangel und Schmerzen verursacht.","breadcrumb":{"@id":"https:\/\/alan.lu\/de\/erfahrungsberichte\/erfahrungsberichte-maria\/#breadcrumb"},"inLanguage":"de","potentialAction":[{"@type":"ReadAction","target":["https:\/\/alan.lu\/de\/erfahrungsberichte\/erfahrungsberichte-maria\/"]}]},{"@type":"BreadcrumbList","@id":"https:\/\/alan.lu\/de\/erfahrungsberichte\/erfahrungsberichte-maria\/#breadcrumb","itemListElement":[{"@type":"ListItem","position":1,"name":"Accueil","item":"https:\/\/alan.lu\/de\/"},{"@type":"ListItem","position":2,"name":"Erfahrungsberichte","item":"https:\/\/alan.lu\/de\/our-testimonials\/"},{"@type":"ListItem","position":3,"name":"Erfahrungsberichte"}]},{"@type":"WebSite","@id":"https:\/\/alan.lu\/de\/#website","url":"https:\/\/alan.lu\/de\/","name":"ALAN","description":"Rare Diseases Luxembourg","potentialAction":[{"@type":"SearchAction","target":{"@type":"EntryPoint","urlTemplate":"https:\/\/alan.lu\/de\/?s={search_term_string}"},"query-input":{"@type":"PropertyValueSpecification","valueRequired":true,"valueName":"search_term_string"}}],"inLanguage":"de"}]}},"campaignId":"","_links":{"self":[{"href":"https:\/\/alan.lu\/de\/wp-json\/wp\/v2\/pages\/22679","targetHints":{"allow":["GET"]}}],"collection":[{"href":"https:\/\/alan.lu\/de\/wp-json\/wp\/v2\/pages"}],"about":[{"href":"https:\/\/alan.lu\/de\/wp-json\/wp\/v2\/types\/page"}],"author":[{"embeddable":true,"href":"https:\/\/alan.lu\/de\/wp-json\/wp\/v2\/users\/2"}],"replies":[{"embeddable":true,"href":"https:\/\/alan.lu\/de\/wp-json\/wp\/v2\/comments?post=22679"}],"version-history":[{"count":2,"href":"https:\/\/alan.lu\/de\/wp-json\/wp\/v2\/pages\/22679\/revisions"}],"predecessor-version":[{"id":22685,"href":"https:\/\/alan.lu\/de\/wp-json\/wp\/v2\/pages\/22679\/revisions\/22685"}],"up":[{"embeddable":true,"href":"https:\/\/alan.lu\/de\/wp-json\/wp\/v2\/pages\/21360"}],"wp:attachment":[{"href":"https:\/\/alan.lu\/de\/wp-json\/wp\/v2\/media?parent=22679"}],"curies":[{"name":"wp","href":"https:\/\/api.w.org\/{rel}","templated":true}]}}