{"id":22955,"date":"2021-06-17T11:27:47","date_gmt":"2021-06-17T09:27:47","guid":{"rendered":"https:\/\/alan.lu\/?page_id=22955"},"modified":"2021-06-17T11:27:48","modified_gmt":"2021-06-17T09:27:48","slug":"cookie-policy","status":"publish","type":"page","link":"https:\/\/alan.lu\/de\/cookie-policy\/","title":{"rendered":"Cookie Richtlinie"},"content":{"rendered":"<div class=\"wpb-content-wrapper\"><p>[vc_row][vc_column][vc_column_text]<\/p>\n<h2 style=\"text-align: center;\"><strong>ALAN asbl \u2013 Maladies Rares Luxembourg <\/strong><\/h2>\n<h2 style=\"text-align: center;\"><strong>Politique de cookies<\/strong><\/h2>\n<p>[\/vc_column_text]<div class=\"edgtf-separator-holder clearfix  edgtf-separator-center\">\n\t<div class=\"edgtf-separator\" style=\"border-color: #00bcdf;width: 50px;border-bottom-width: 3px;margin-top: 25px;margin-bottom: 25px\"><\/div>\n<\/div>\n[\/vc_column][\/vc_row][vc_row content_width=&#8221;grid&#8221;][vc_column][vc_column_text]Veuillez lire attentivement cette politique en mati\u00e8re de cookies car elle contient des informations sur l&#8217;utilisation par ALAN (<strong>ALAN<\/strong>) de cookies et de technologies similaires sur le <a href=\"http:\/\/www.alan.lu\">site Internet<\/a> (le <strong>Site Internet<\/strong>).<\/p>\n<p>Cette politique en mati\u00e8re de cookies doit \u00eatre lue conjointement avec la <a href=\"https:\/\/alan.lu\/fr\/politique-de-confidentialite\/\">politique de confidentialit\u00e9 du Site Internet d\u2019ALAN<\/a> qui explique comment et pourquoi ALAN traite (c&#8217;est-\u00e0-dire collecte, stocke, utilise, partage, etc.) les donn\u00e9es personnelles via son Site Internet, ainsi que vos droits concernant vos donn\u00e9es personnelles et des d\u00e9tails sur la mani\u00e8re de contacter ALAN et les autorit\u00e9s de contr\u00f4le en cas de plainte.[\/vc_column_text][\/vc_column][\/vc_row][vc_row][vc_column][vc_empty_space height=&#8221;75px&#8221;][vc_column_text]<\/p>\n<h2 style=\"text-align: center;\">Site Internet d\u2019ALAN<\/h2>\n<p>[\/vc_column_text]<div class=\"edgtf-separator-holder clearfix  edgtf-separator-center\">\n\t<div class=\"edgtf-separator\" style=\"border-color: #00bcdf;width: 50px;border-bottom-width: 3px;margin-top: 25px;margin-bottom: 25px\"><\/div>\n<\/div>\n[vc_row_inner][vc_column_inner][vc_column_text]Lorsque vous acc\u00e9dez et naviguez sur le Site Internet, ALAN peut utiliser des cookies et des technologies similaires, telles que des tags, pour stocker des informations afin de vous offrir une meilleure exp\u00e9rience.<\/p>\n<p>Les \u00ab cookies \u00bb sont de petits fichiers texte qui peuvent \u00eatre plac\u00e9s sur votre ordinateur ou appareil mobile afin d&#8217;identifier votre navigateur Internet et vos activit\u00e9s de navigation sur le Site Internet. Ceux-ci aident ALAN \u00e0 vous reconna\u00eetre vous et votre appareil et \u00e0 stocker des informations sur vos pr\u00e9f\u00e9rences ou vos actions pass\u00e9es.<\/p>\n<p>Par exemple, ALAN peut surveiller le nombre de fois que vous visitez le Site Internet, les pages auxquelles vous acc\u00e9dez, les donn\u00e9es de trafic, les donn\u00e9es de localisation (pays) et le fournisseur de services Internet que vous utilisez, aidant ALAN \u00e0 mieux comprendre les besoins des utilisateurs du Site Internet et \u00e0 am\u00e9liorer leur exp\u00e9rience de navigation.<\/p>\n<p>Les \u00ab tags \u00bb sont des technologies utilis\u00e9es pour suivre des informations d\u2019utilisation des sites Internet ou des e-mails, telles que le nombre de fois o\u00f9 une page sp\u00e9cifique a \u00e9t\u00e9 consult\u00e9e ou qu\u2019un e-mail a \u00e9t\u00e9 ouvert. Les tags vous sont invisibles, et toute partie du Site Internet, y compris les e-mails et newsletters envoy\u00e9s au nom d\u2019ALAN, peut contenir des tags.<\/p>\n<p>Les \u00ab cookies \u00bb et toutes autres technologies similaires sont collectivement d\u00e9finis comme des cookies (<strong>Cookies<\/strong>).<\/p>\n<p>Le Site Internet peut contenir des liens vers d&#8217;autres sites Internet d\u00e9tenus et exploit\u00e9s par des tiers (par exemple, Facebook, Instagram, etc.) Ces autres sites Internet tiers peuvent \u00e9galement utiliser des Cookies conform\u00e9ment \u00e0 leurs propres politiques de Cookies respectives. Pour obtenir des informations relatives \u00e0 ces autres sites Internet tiers, veuillez consulter leurs politiques en mati\u00e8re de Cookies.[\/vc_column_text][\/vc_column_inner][\/vc_row_inner][vc_empty_space height=&#8221;75px&#8221;][\/vc_column][\/vc_row][vc_row][vc_column][vc_empty_space height=&#8221;75px&#8221;][vc_column_text]<\/p>\n<h2 style=\"text-align: center;\">Pourquoi l\u2019association ALAN utilise-t-elle des cookies ?<\/h2>\n<p>[\/vc_column_text]<div class=\"edgtf-separator-holder clearfix  edgtf-separator-center\">\n\t<div class=\"edgtf-separator\" style=\"border-color: #00bcdf;width: 50px;border-bottom-width: 3px;margin-top: 25px;margin-bottom: 25px\"><\/div>\n<\/div>\n[vc_row_inner][vc_column_inner][vc_column_text]ALAN utilise des cookies pour:<\/p>\n<ul>\n<li>personnaliser votre exp\u00e9rience sur le Site Internet;<\/li>\n<li>vous reconna\u00eetre lorsque vous visitez le Site Internet;<\/li>\n<li>garder une trace de vos pr\u00e9f\u00e9rences sp\u00e9cifi\u00e9es;<\/li>\n<li>effectuer des recherches et des analyses statistiques pour aider \u00e0 am\u00e9liorer le contenu du Site Internet;<\/li>\n<li>d\u00e9tecter et pr\u00e9venir la fraude;<\/li>\n<li>rendre votre exp\u00e9rience en ligne plus efficace et plus agr\u00e9able;<\/li>\n<li>analyser les tendances et recueillir des informations d\u00e9mographiques; et<\/li>\n<li>mener des recherches, des diagnostics et des rapports pour am\u00e9liorer le Site Internet et analyser les performances des services de ALAN.<\/li>\n<\/ul>\n<p>[\/vc_column_text][\/vc_column_inner][\/vc_row_inner][vc_empty_space height=&#8221;75px&#8221;][\/vc_column][\/vc_row][vc_row][vc_column][vc_empty_space height=&#8221;75px&#8221;][vc_column_text]<\/p>\n<h2 style=\"text-align: center;\">Types de cookies<\/h2>\n<p>[\/vc_column_text]<div class=\"edgtf-separator-holder clearfix  edgtf-separator-center\">\n\t<div class=\"edgtf-separator\" style=\"border-color: #00bcdf;width: 50px;border-bottom-width: 3px;margin-top: 25px;margin-bottom: 25px\"><\/div>\n<\/div>\n[vc_row_inner][vc_column_inner][vc_column_text]Tous les Cookies pr\u00e9sents sur le Site Internet appartiennent \u00e0 l&#8217;une des deux cat\u00e9gories suivantes:<\/p>\n<p><strong>Stricte n\u00e9cessit\u00e9 <\/strong>: ces Cookies sont essentiels pour que vous puissiez naviguer sur le Site Internet et utiliser ses fonctionnalit\u00e9s. Sans ces Cookies, les services que vous avez demand\u00e9s ne pourraient pas \u00eatre fournis.<\/p>\n<p><strong>Performance <\/strong>: ces Cookies collectent des informations sur la fa\u00e7on dont vous utilisez le Site Internet, par exemple les pages que vous consultez le plus souvent. Ces Cookies ne collectent pas d&#8217;informations personnellement identifiables sur vous. Toutes les informations collect\u00e9es par ces Cookies sont agr\u00e9g\u00e9es et anonymes[\/vc_column_text][\/vc_column_inner][\/vc_row_inner][vc_empty_space height=&#8221;75px&#8221;][\/vc_column][\/vc_row][vc_row][vc_column][vc_empty_space height=&#8221;75px&#8221;][vc_column_text]<\/p>\n<h2 style=\"text-align: center;\">Cookies utilis\u00e9s par ALAN<\/h2>\n<p>[\/vc_column_text]<div class=\"edgtf-separator-holder clearfix  edgtf-separator-center\">\n\t<div class=\"edgtf-separator\" style=\"border-color: #00bcdf;width: 50px;border-bottom-width: 3px;margin-top: 25px;margin-bottom: 25px\"><\/div>\n<\/div>\n[vc_row_inner][vc_column_inner][vc_column_text]Le tableau ci-dessous fournit plus d\u2019informations sur les Cookies utilis\u00e9s par ALAN\u00a0:<\/p>\n<table>\n<tbody>\n<tr>\n<td colspan=\"3\" width=\"642\"><strong>Cookies strictement n\u00e9cessaires<\/strong><\/td>\n<\/tr>\n<tr>\n<td width=\"225\"><strong>Nom du Cookie<\/strong><\/td>\n<td width=\"209\"><strong>Objet du Cookie<\/strong><\/td>\n<td width=\"208\"><strong>Dur\u00e9e du Cookie<\/strong><\/td>\n<\/tr>\n<tr>\n<td width=\"225\">woocommerce_cart_hash<\/td>\n<td width=\"209\">WooCommerce est utilis\u00e9 lors de l\u2019achat d\u2019une carte de membre en ligne. Ce cookie contient les informations du panier de l&#8217;utilisateur final.<\/td>\n<td width=\"208\">Temps de session<\/td>\n<\/tr>\n<tr>\n<td width=\"225\">woocommerce_items_in_cart<\/td>\n<td width=\"209\">WooCommerce est utilis\u00e9 lors de l\u2019achat d\u2019une carte de membre en ligne. Ce cookie contient les informations du panier de l&#8217;utilisateur final.<\/td>\n<td width=\"208\">Temps de session<\/td>\n<\/tr>\n<tr>\n<td width=\"225\">wp_woocommerce_session_<\/td>\n<td width=\"209\">WooCommerce est utilis\u00e9 lors de l\u2019achat d\u2019une carte de membre en ligne. Ce Cookie contient un code unique pour chaque client afin qu&#8217;il sache o\u00f9 trouver les donn\u00e9es du panier dans la base de donn\u00e9es pour chaque client.<\/td>\n<td width=\"208\">2 jours<\/td>\n<\/tr>\n<tr>\n<td width=\"225\">PHPSESSID<\/td>\n<td width=\"209\">Ce Cookie de session PHP est associ\u00e9 au contenu int\u00e9gr\u00e9 de ce domaine.<\/td>\n<td width=\"208\">Temps de session<\/td>\n<\/tr>\n<tr>\n<td width=\"225\">__stripe_mid<\/td>\n<td width=\"209\">Stripe est utilis\u00e9 pour effectuer des paiements par carte de cr\u00e9dit. Stripe utilise un cookie pour se rappeler qui vous \u00eates et pour permettre au site web de traiter les paiements sans stocker d&#8217;informations sur les cartes de cr\u00e9dit sur ses propres serveurs. Ce Cookie sert aussi \u00e0 la pr\u00e9vention et la d\u00e9tection de la fraude<\/td>\n<td width=\"208\">1 ann\u00e9e<\/td>\n<\/tr>\n<tr>\n<td width=\"225\">__stripe_sid<\/td>\n<td width=\"209\">Stripe est utilis\u00e9 pour effectuer des paiements par carte de cr\u00e9dit. Stripe utilise un cookie pour se rappeler qui vous \u00eates et pour permettre au site web de traiter les paiements sans stocker d&#8217;informations sur les cartes de cr\u00e9dit sur ses propres serveurs. Ce Cookie sert aussi \u00e0 la pr\u00e9vention et la d\u00e9tection de la fraude<\/td>\n<td width=\"208\">1 jour<\/td>\n<\/tr>\n<tr>\n<td width=\"225\">Mailchimp_landing_site<\/td>\n<td width=\"209\">Mailchimp est utilis\u00e9 pour la gestion des membres d\u2019ALAN. Ce Cookie sert \u00e0 stocker la page visit\u00e9e en premier.<\/td>\n<td width=\"208\">1 mois<\/td>\n<\/tr>\n<tr>\n<td width=\"225\">_wpfuuid<\/td>\n<td width=\"209\">WpForm est utilis\u00e9 pour le formulaire de contact. Ce Cookie sert \u00e0 stocker un ID utilisateur unique.<\/td>\n<td width=\"208\">Temps de session<\/td>\n<\/tr>\n<tr>\n<td width=\"225\">Redux_blast<\/td>\n<td width=\"209\">Ce Cookie est essentiel pour l\u2019apparence visuelle du site.<\/td>\n<td width=\"208\">Temps de session<\/td>\n<\/tr>\n<\/tbody>\n<\/table>\n<p>&nbsp;<\/p>\n<table>\n<tbody>\n<tr>\n<td colspan=\"3\" width=\"642\"><strong>Cookies de performance<\/strong><\/td>\n<\/tr>\n<tr>\n<td width=\"225\"><strong>Nom du Cookie<\/strong><\/td>\n<td width=\"209\"><strong>Objet du Cookie<\/strong><\/td>\n<td width=\"208\"><strong>Dur\u00e9e du Cookie<\/strong><\/td>\n<\/tr>\n<tr>\n<td width=\"225\">_ga<\/td>\n<td width=\"209\">Le Site Internet utilise Google Analytics, un service d&#8217;analyse de site internet fourni par Google Inc. Ce Cookie est utilis\u00e9 pour diff\u00e9rencier les utilisateurs.<\/td>\n<td width=\"208\">2 ann\u00e9es<\/td>\n<\/tr>\n<tr>\n<td width=\"225\">_gid<\/td>\n<td width=\"209\">Le Site Internet utilise Google Analytics, un service d&#8217;analyse de site internet fourni par Google Inc. Ce Cookie est utilis\u00e9 pour diff\u00e9rencier les utilisateurs.<\/td>\n<td width=\"208\">24 heures<\/td>\n<\/tr>\n<tr>\n<td width=\"225\">_gat<\/td>\n<td width=\"209\">Le Site Internet utilise Google Analytics, un service d&#8217;analyse de site internet fourni par Google Inc. Ce Cookie est utilis\u00e9 pour limiter le taux de requ\u00eates.<\/td>\n<td width=\"208\">1 minute<\/td>\n<\/tr>\n<\/tbody>\n<\/table>\n<p>[\/vc_column_text][\/vc_column_inner][\/vc_row_inner][vc_empty_space height=&#8221;75px&#8221;][\/vc_column][\/vc_row][vc_row][vc_column][vc_empty_space height=&#8221;75px&#8221;][vc_column_text]<\/p>\n<h2 style=\"text-align: center;\">Consentement \u00e0 l\u2019utilisation des Cookies<\/h2>\n<p>[\/vc_column_text]<div class=\"edgtf-separator-holder clearfix  edgtf-separator-center\">\n\t<div class=\"edgtf-separator\" style=\"border-color: #00bcdf;width: 50px;border-bottom-width: 3px;margin-top: 25px;margin-bottom: 25px\"><\/div>\n<\/div>\n[vc_row_inner][vc_column_inner][vc_column_text]Avant de vous fournir un service que vous avez demand\u00e9, ALAN vous demandera votre consentement pour placer des Cookies sur votre appareil, sauf s&#8217;il s&#8217;agit de Cookies strictement n\u00e9cessaires (pour ceux-ci, aucun consentement n&#8217;est requis).<\/p>\n<p>Vous avez le choix d&#8217;accepter ou non les Cookies en param\u00e9trant votre navigateur pour bloquer certains ou tous les Cookies. Cependant, sachez que si vous n&#8217;acceptez pas les Cookies, vous ne pourrez peut-\u00eatre pas profiter d&#8217;une exp\u00e9rience compl\u00e8te des fonctionnalit\u00e9s du Site Internet. Les Cookies strictement techniques, n\u00e9cessaires au fonctionnement du Site, ne peuvent \u00eatre refus\u00e9s.<\/p>\n<p>Sur la page d&#8217;accueil du Site Internet, vous trouverez un avis relatif \u00e0 l\u2019utilisation des Cookies et l\u2019obtention de votre consentement pour placer des Cookies sur votre appareil par ALAN. Vous pouvez y acc\u00e9der en cliquant le bouton ci-dessous :<\/p>\n<p><a href=\"#\" class=\"cn-revoke-cookie cn-button-inline cn-revoke-inline\" title=\"Modifier mon consentement aux cookies\">Modifier mon consentement aux cookies<\/a>[\/vc_column_text][\/vc_column_inner][\/vc_row_inner][vc_empty_space height=&#8221;75px&#8221;][\/vc_column][\/vc_row][vc_row][vc_column][vc_empty_space height=&#8221;75px&#8221;][vc_column_text]<\/p>\n<h2 style=\"text-align: center;\">Comment nous contacter ?<\/h2>\n<p>[\/vc_column_text]<div class=\"edgtf-separator-holder clearfix  edgtf-separator-center\">\n\t<div class=\"edgtf-separator\" style=\"border-color: #00bcdf;width: 50px;border-bottom-width: 3px;margin-top: 25px;margin-bottom: 25px\"><\/div>\n<\/div>\n[vc_row_inner][vc_column_inner][vc_column_text]Veuillez contacter ALAN via l\u2019adresse <a href=\"mailto:info@alan.lu\">info@alan.lu<\/a> si vous avez des questions sur la pr\u00e9sente politique de Cookies.[\/vc_column_text][\/vc_column_inner][\/vc_row_inner][vc_empty_space height=&#8221;75px&#8221;][\/vc_column][\/vc_row][vc_row][vc_column][vc_empty_space height=&#8221;75px&#8221;][vc_column_text]<\/p>\n<h2 style=\"text-align: center;\">Modifications de cette politique de Cookies<\/h2>\n<p>[\/vc_column_text]<div class=\"edgtf-separator-holder clearfix  edgtf-separator-center\">\n\t<div class=\"edgtf-separator\" style=\"border-color: #00bcdf;width: 50px;border-bottom-width: 3px;margin-top: 25px;margin-bottom: 25px\"><\/div>\n<\/div>\n[vc_row_inner][vc_column_inner][vc_column_text]ALAN peut modifier cette politique de Cookies de temps \u00e0 autre pour s&#8217;assurer que vous \u00eates pleinement inform\u00e9 de l&#8217;utilisation des Cookies par ALAN. Vous serez inform\u00e9 des modifications apport\u00e9es \u00e0 la politique en mati\u00e8re de Cookies par des moyens appropri\u00e9s.[\/vc_column_text][\/vc_column_inner][\/vc_row_inner][vc_empty_space height=&#8221;75px&#8221;][\/vc_column][\/vc_row]<\/p>\n<\/div>","protected":false},"excerpt":{"rendered":"<p>[vc_row][vc_column][vc_column_text] ALAN asbl \u2013 Maladies Rares Luxembourg Politique de cookies [\/vc_column_text][\/vc_column][\/vc_row][vc_row content_width=&#8221;grid&#8221;][vc_column][vc_column_text]Veuillez lire attentivement cette politique en mati\u00e8re de cookies car elle contient des informations sur l&#8217;utilisation par ALAN (ALAN)&#8230;<\/p>\n","protected":false},"author":2,"featured_media":0,"parent":0,"menu_order":0,"comment_status":"closed","ping_status":"closed","template":"","meta":{"give_campaign_id":0,"inline_featured_image":false,"footnotes":""},"class_list":["post-22955","page","type-page","status-publish","hentry"],"yoast_head":"<!-- This site is optimized with the Yoast SEO plugin v26.9 - https:\/\/yoast.com\/product\/yoast-seo-wordpress\/ -->\n<title>Cookie Richtlinie - ALAN<\/title>\n<meta name=\"robots\" content=\"index, follow, max-snippet:-1, max-image-preview:large, max-video-preview:-1\" \/>\n<link rel=\"canonical\" href=\"https:\/\/alan.lu\/de\/cookie-policy\/\" \/>\n<meta property=\"og:locale\" content=\"de_DE\" \/>\n<meta property=\"og:type\" content=\"article\" \/>\n<meta property=\"og:title\" content=\"Cookie Richtlinie - ALAN\" \/>\n<meta property=\"og:description\" content=\"[vc_row][vc_column][vc_column_text] ALAN asbl \u2013 Maladies Rares Luxembourg Politique de cookies [\/vc_column_text][\/vc_column][\/vc_row][vc_row content_width=&#8221;grid&#8221;][vc_column][vc_column_text]Veuillez lire attentivement cette politique en mati\u00e8re de cookies car elle contient des informations sur l&#8217;utilisation par ALAN (ALAN)...\" \/>\n<meta property=\"og:url\" content=\"https:\/\/alan.lu\/de\/cookie-policy\/\" \/>\n<meta property=\"og:site_name\" content=\"ALAN\" \/>\n<meta property=\"article:modified_time\" content=\"2021-06-17T09:27:48+00:00\" \/>\n<meta name=\"twitter:card\" content=\"summary_large_image\" \/>\n<meta name=\"twitter:label1\" content=\"Gesch\u00e4tzte Lesezeit\" \/>\n\t<meta name=\"twitter:data1\" content=\"30\u00a0Minuten\" \/>\n<script type=\"application\/ld+json\" class=\"yoast-schema-graph\">{\"@context\":\"https:\/\/schema.org\",\"@graph\":[{\"@type\":\"WebPage\",\"@id\":\"https:\/\/alan.lu\/de\/cookie-policy\/\",\"url\":\"https:\/\/alan.lu\/de\/cookie-policy\/\",\"name\":\"Cookie Richtlinie - ALAN\",\"isPartOf\":{\"@id\":\"https:\/\/alan.lu\/de\/#website\"},\"datePublished\":\"2021-06-17T09:27:47+00:00\",\"dateModified\":\"2021-06-17T09:27:48+00:00\",\"breadcrumb\":{\"@id\":\"https:\/\/alan.lu\/de\/cookie-policy\/#breadcrumb\"},\"inLanguage\":\"de\",\"potentialAction\":[{\"@type\":\"ReadAction\",\"target\":[\"https:\/\/alan.lu\/de\/cookie-policy\/\"]}]},{\"@type\":\"BreadcrumbList\",\"@id\":\"https:\/\/alan.lu\/de\/cookie-policy\/#breadcrumb\",\"itemListElement\":[{\"@type\":\"ListItem\",\"position\":1,\"name\":\"Accueil\",\"item\":\"https:\/\/alan.lu\/de\/\"},{\"@type\":\"ListItem\",\"position\":2,\"name\":\"Cookie Richtlinie\"}]},{\"@type\":\"WebSite\",\"@id\":\"https:\/\/alan.lu\/de\/#website\",\"url\":\"https:\/\/alan.lu\/de\/\",\"name\":\"ALAN\",\"description\":\"Rare Diseases Luxembourg\",\"potentialAction\":[{\"@type\":\"SearchAction\",\"target\":{\"@type\":\"EntryPoint\",\"urlTemplate\":\"https:\/\/alan.lu\/de\/?s={search_term_string}\"},\"query-input\":{\"@type\":\"PropertyValueSpecification\",\"valueRequired\":true,\"valueName\":\"search_term_string\"}}],\"inLanguage\":\"de\"}]}<\/script>\n<!-- \/ Yoast SEO plugin. -->","yoast_head_json":{"title":"Cookie Richtlinie - ALAN","robots":{"index":"index","follow":"follow","max-snippet":"max-snippet:-1","max-image-preview":"max-image-preview:large","max-video-preview":"max-video-preview:-1"},"canonical":"https:\/\/alan.lu\/de\/cookie-policy\/","og_locale":"de_DE","og_type":"article","og_title":"Cookie Richtlinie - ALAN","og_description":"[vc_row][vc_column][vc_column_text] ALAN asbl \u2013 Maladies Rares Luxembourg Politique de cookies [\/vc_column_text][\/vc_column][\/vc_row][vc_row content_width=&#8221;grid&#8221;][vc_column][vc_column_text]Veuillez lire attentivement cette politique en mati\u00e8re de cookies car elle contient des informations sur l&#8217;utilisation par ALAN (ALAN)...","og_url":"https:\/\/alan.lu\/de\/cookie-policy\/","og_site_name":"ALAN","article_modified_time":"2021-06-17T09:27:48+00:00","twitter_card":"summary_large_image","twitter_misc":{"Gesch\u00e4tzte Lesezeit":"30\u00a0Minuten"},"schema":{"@context":"https:\/\/schema.org","@graph":[{"@type":"WebPage","@id":"https:\/\/alan.lu\/de\/cookie-policy\/","url":"https:\/\/alan.lu\/de\/cookie-policy\/","name":"Cookie Richtlinie - ALAN","isPartOf":{"@id":"https:\/\/alan.lu\/de\/#website"},"datePublished":"2021-06-17T09:27:47+00:00","dateModified":"2021-06-17T09:27:48+00:00","breadcrumb":{"@id":"https:\/\/alan.lu\/de\/cookie-policy\/#breadcrumb"},"inLanguage":"de","potentialAction":[{"@type":"ReadAction","target":["https:\/\/alan.lu\/de\/cookie-policy\/"]}]},{"@type":"BreadcrumbList","@id":"https:\/\/alan.lu\/de\/cookie-policy\/#breadcrumb","itemListElement":[{"@type":"ListItem","position":1,"name":"Accueil","item":"https:\/\/alan.lu\/de\/"},{"@type":"ListItem","position":2,"name":"Cookie Richtlinie"}]},{"@type":"WebSite","@id":"https:\/\/alan.lu\/de\/#website","url":"https:\/\/alan.lu\/de\/","name":"ALAN","description":"Rare Diseases Luxembourg","potentialAction":[{"@type":"SearchAction","target":{"@type":"EntryPoint","urlTemplate":"https:\/\/alan.lu\/de\/?s={search_term_string}"},"query-input":{"@type":"PropertyValueSpecification","valueRequired":true,"valueName":"search_term_string"}}],"inLanguage":"de"}]}},"campaignId":"","_links":{"self":[{"href":"https:\/\/alan.lu\/de\/wp-json\/wp\/v2\/pages\/22955","targetHints":{"allow":["GET"]}}],"collection":[{"href":"https:\/\/alan.lu\/de\/wp-json\/wp\/v2\/pages"}],"about":[{"href":"https:\/\/alan.lu\/de\/wp-json\/wp\/v2\/types\/page"}],"author":[{"embeddable":true,"href":"https:\/\/alan.lu\/de\/wp-json\/wp\/v2\/users\/2"}],"replies":[{"embeddable":true,"href":"https:\/\/alan.lu\/de\/wp-json\/wp\/v2\/comments?post=22955"}],"version-history":[{"count":4,"href":"https:\/\/alan.lu\/de\/wp-json\/wp\/v2\/pages\/22955\/revisions"}],"predecessor-version":[{"id":22984,"href":"https:\/\/alan.lu\/de\/wp-json\/wp\/v2\/pages\/22955\/revisions\/22984"}],"wp:attachment":[{"href":"https:\/\/alan.lu\/de\/wp-json\/wp\/v2\/media?parent=22955"}],"curies":[{"name":"wp","href":"https:\/\/api.w.org\/{rel}","templated":true}]}}