{"id":23006,"date":"2021-07-14T14:03:55","date_gmt":"2021-07-14T12:03:55","guid":{"rendered":"https:\/\/alan.lu\/?page_id=23006"},"modified":"2021-07-14T14:03:55","modified_gmt":"2021-07-14T12:03:55","slug":"workshops-assistenzhunde","status":"publish","type":"page","link":"https:\/\/alan.lu\/de\/galerie\/workshops-assistenzhunde\/","title":{"rendered":"Workshops Assistenzhunde"},"content":{"rendered":"<div class=\"wpb-content-wrapper\"><p>[vc_row content_width=&#8221;grid&#8221;][vc_column]\n<p class=\"edgtf-section-subtitle\" style=\"text-align:center;color:#58595b\">\n\tEn collaboration avec ASA asbl, ALAN organise des \u00ab Ateliers Chiens \u00bb pour les enfants, membres de l\u2019association. Il s\u2019agit d\u2019une \u00ab activit\u00e9 assist\u00e9e par l&#039;animal \u00bb, o\u00f9 les enfants rencontrent deux chiens d&#039;assistance form\u00e9s par Handi\u2019chiens. L\u2019objectif premier de ces ateliers est de permettre \u00e0 des enfants confront\u00e9s \u00e0 des d\u00e9fis similaires de se rencontrer et \u00e9changer dans un cadre prot\u00e9g\u00e9. D\u2019autre part, des sujets tels que la r\u00e9gulation des \u00e9motions, la relaxation et l&#039;activation sensorimotrice seront trait\u00e9s lors des ateliers. (C) ALAN \/ Sophie Margue<\/p><div class=\"edgtf-separator-holder clearfix  edgtf-separator-center\">\n\t<div class=\"edgtf-separator\" style=\"border-color: #00bcdf;width: 50px;border-bottom-width: 3px;margin-top: 25px;margin-bottom: 25px\"><\/div>\n<\/div>\n[vc_column_text]<script type='text\/javascript'>document.addEventListener('DOMContentLoaded', function(event) {FWDVRLUtils.checkIfHasTransofrms();window.fwdvugp0 = new FWDVUGP({gridType:'classicVertical',displayType:'responsive',rightClickContextMenu:'default',parentId:'FWDVUGPDiv0',instanceName:'FWDVUGP0',mainFolderPath:'https:\/\/alan.lu\/wp-content\/plugins\/fwdvugp\/load',lightboxSkinPath:'lightbox_skin_modern', gridSkinPath:'grid_skin_modern', lightboxSkinPath:'lightbox_skin_modern', playlistId:'FWDVUGPPlaylistMuppenatelier', allCategoriesLabel:'ALL GALLERIES', useVectorIcons:'no',showAllCategories:'no',initializeOnlyWhenVisible:'no',randomizeCategories:'no',zIndex:999, itemOffsetHeight:'50',startAtCategory:0,backgroundColor:'#ffffff',menuType:'list',showMenu:'no',\tmenuPosition:'left',animateParent:'no',\tmultipleCategorySelection:'yes',\tshowMenuButtonsSpacers:'no',\tshowSearchBox:'yes',centerNoSearchFoundLabelWithMenu:'yes',comboboxSelectorLabel:'SELECT GALLERIES',\tshowSearchBox:'yes',showTotalThumbnailsPerCategory:'yes',fitToViewportHeight:'no',offsetFirstThumbnail:'no',searchLabel:'search',searchNotFoundLabel:'NOTHING FOUND!',comboboxArrowNormalColor:'#ffffff',comboboxArrowSelectedColor:'#000000',menuButtonSpacerWidth:1,slideshowBackgroundColor:'#ffffff',slideshowFillColor:'#000000',slideshowStrokeSize:3,menuButtonSpacerHeight:20,menuButtonsSapcerLeftAndRight:10,menuOffsetTop:25,\tmenuOffsetBottom:25,horizontalSpaceBetweenMenuButtons:10,\tmenuMaxWidth:920,verticalSpaceBetweenMenuButtons:10,thumbnailLoadingType:'loadMoreOnScroll',hideAndShowTransitionType:'scale', thumbanilBoxShadow:'none',disableThumbnails:'no',inverseButtonsIcons:'no',thumbnailBackgroundColor:'#ffffff',thumbnailBorderNormalColor:'#ffffff',thumbnailBorderSelectedColor:'#ffffff',howManyThumbnailsToDisplayPerSet:15,thumbnailsVerticalOffset:0, thumbnailsVerticalOffset:0,thumbnailMaxWidth:278,thumbnailMaxHeight:188,horizontalSpaceBetweenThumbnails:0,verticalSpaceBetweenThumbnails:0,thumbnailBorderSize:5,thumbnailBorderRadius:0,loadMoreButtonLabel:'LOAD MORE THUMBNAILS',loadMoreButtonOffsetTop:25,\tloadMoreButtonOffsetBottom:25,preset:'animtext',textVerticalAlign:'center',textAnimationType:'opacity',useIconButtons:'no',thumbnailOverlayColor:'#ee3f75',thumbnailOverlayOpacity:0.5,thumbnailIconWidth:30,thumbnailIconHeight:29,spaceBetweenThumbanilIcons:12,spaceBetweenTextAndIcons:10,buttonsAlignment:'in',itemBoxShadow:'none',descriptionWindowAnimationType:'motion',descriptionWindowPosition:'bottom',slideShowAutoPlay:'no',addKeyboardSupport:'yes',showCloseButton:'yes',showShareButton:'no',showZoomButton:'no',showSlideShowButton:'no',showSlideShowAnimation:'no',showDescriptionButton:'yes',showNextAndPrevButtons:'yes',showNextAndPrevButtonsOnMobile:'yes',showDescriptionByDefault:'no',videoShowFullScreenButton:'yes',videoAutoPlay:'no',nextVideoOrAudioAutoPlay:'yes',videoLoop:'no',audioAutoPlay:'no',audioLoop:'no',backgroundOpacity:0.9,descriptionWindowBackgroundOpacity:0.95,buttonsHideDelay:3,slideShowDelay:4,defaultItemWidth:640,defaultItemHeight:550,spaceBetweenButtons:1,buttonsOffsetIn:2,buttonsOffsetOut:5,itemBorderSize:0,itemBorderRadius:0,itemBackgroundColor:'#333333',itemBorderColor:'#333333',lightBoxBackgroundColor:'#000000',descriptionWindowBackgroundColor:'#ffffff',videoPosterBackgroundColor:'#0099ff',videoControllerBackgroundColor:'#ffffff',audioControllerBackgroundColor:'#ffffff',soundCloudTitleClassName:'soundCloudTitle1',soundCloudTrackClassName:'soundCloudTrack1',showSoundCloudTitle:'yes',showSoundCloudTrack:'yes',ytbTitleClassName:'youtubeTitle1',ytbDescriptionClassName:'youtubeDescription1',showYtbTitle:'yes',showYtbDescription:'yes',ytbTitleMaxLength:100,flickrAppId:'8b8bea6be401b521615b9b74c12131f2',flickrTitleClassName:'flickrTitle',showFlickrDescription:'yes',showAsExtraText:'no',flickrDescriptionMaxLength:100,pintrestDescriptionClassName:'pinterestDescription2',showPintrestDescription:'yes',usePinIconButton:'yes',facebookTitleClassName:'facebookTitle',facebookDescriptionClassName:'facebookDescription',showFacebookTitle:'yes',showFacebookDescription:'yes',TitleMaxLength:100,timeColor:'#000000'})});<\/script><div id='FWDVUGPDiv0' class='fwdvugp fwd-hide'><\/div><div id='FWDVUGPPlaylistMuppenatelier' style='display: none;'><ul data-category-name='Muppenatelier' data-flickr-album-url='https:\/\/www.flickr.com\/photos\/190216581@N05\/albums\/72157719510641043'><\/ul><\/div>[\/vc_column_text][vc_empty_space height=&#8221;50px&#8221;][\/vc_column][\/vc_row][vc_row content_width=&#8221;grid&#8221; css=&#8221;.vc_custom_1596118384380{padding-top: 36px !important;padding-bottom: 41px !important;background-color: #ee3f75 !important;}&#8221;][vc_column css=&#8221;.vc_custom_1492609383973{padding-top: 2px !important;}&#8221;]\t<div class=\"edgtf-call-to-action normal\" style=\"background-color: #ee3f75;\">\n\n\t\t\t\t<div class=\"edgtf-container-inner\">\n\t\t\t\t\t<div class=\"edgtf-call-to-action-row-75-25 clearfix\" style=\"padding: 20px;\">\n\t\t\t\t\t\t<div class=\"edgtf-text-wrapper edgtf-call-to-action-column1 edgtf-call-to-action-cell left\">\n\t\t\t\t\t<div class=\"edgtf-call-to-action-text\" style=\"text-align: left\">\n<h2><span style=\"color: #ffffff;\">Get in touch to tell us your story<\/span><\/h2>\n\t\t\t\t\t\t\t\t\t\t\t<\/div>\n\t\t\t\t<\/div>\n\n\t\t\t\t\t\t\t\t\t<div class=\"edgtf-button-wrapper edgtf-call-to-action-column2 edgtf-call-to-action-cell\" style =\"text-align: right ;\">\n\t\t\t\t\t\t<a itemprop=\"url\" href=\"\/contact-us\/\" target=\"_self\" style=\"color: #ee3f75;background-color: #ffffff;border-color: #ffffff\" class=\"edgtf-btn edgtf-btn-large edgtf-btn-solid edgtf-btn-custom-hover-bg edgtf-btn-custom-border-hover edgtf-btn-custom-hover-color\" data-hover-bg-color=\"#ee3f75\" data-hover-color=\"#ffffff\" data-hover-border-color=\"#ffffff\" >\t<span class=\"edgtf-btn-text\">Contact us<\/span>    <\/a>\t\t\t\t\t<\/div>\n\t\t\t\t\t\t\t<\/div>\n\t\t\t\t<\/div>\n\t\t\t<\/div>\n[\/vc_column][\/vc_row]<\/p>\n<\/div>","protected":false},"excerpt":{"rendered":"<p>[vc_row content_width=&#8221;grid&#8221;][vc_column][vc_column_text][\/vc_column_text][vc_empty_space height=&#8221;50px&#8221;][\/vc_column][\/vc_row][vc_row content_width=&#8221;grid&#8221; css=&#8221;.vc_custom_1596118384380{padding-top: 36px !important;padding-bottom: 41px !important;background-color: #ee3f75 !important;}&#8221;][vc_column css=&#8221;.vc_custom_1492609383973{padding-top: 2px !important;}&#8221;][\/vc_column][\/vc_row]<\/p>\n","protected":false},"author":2,"featured_media":0,"parent":21322,"menu_order":0,"comment_status":"closed","ping_status":"closed","template":"","meta":{"give_campaign_id":0,"inline_featured_image":false,"footnotes":""},"class_list":["post-23006","page","type-page","status-publish","hentry"],"yoast_head":"<!-- This site is optimized with the Yoast SEO plugin v26.9 - https:\/\/yoast.com\/product\/yoast-seo-wordpress\/ -->\n<title>Workshops Assistenzhunde - ALAN<\/title>\n<meta name=\"description\" content=\"En collaboration avec ASA asbl, ALAN organise des \u00ab Ateliers Chiens \u00bb pour les enfants, membres de l\u2019association.Il s\u2019agit d\u2019une \u00ab activit\u00e9 assist\u00e9e par l&#039;animal \u00bb, o\u00f9 les enfants rencontrent deux chiens d&#039;assistance form\u00e9s par Handi\u2019chiens. L\u2019objectif premier de ces ateliers est de permettre \u00e0 des enfants confront\u00e9s \u00e0 des d\u00e9fis similaires de se rencontrer et \u00e9changer dans un cadre prot\u00e9g\u00e9. D\u2019autre part, des sujets tels que la r\u00e9gulation des \u00e9motions, la relaxation et l&#039;activation sensorimotrice seront trait\u00e9s lors des ateliers.(C) ALAN \/ Sophie Margue\" \/>\n<meta name=\"robots\" content=\"index, follow, max-snippet:-1, max-image-preview:large, max-video-preview:-1\" \/>\n<link rel=\"canonical\" href=\"https:\/\/alan.lu\/de\/galerie\/workshops-assistenzhunde\/\" \/>\n<meta property=\"og:locale\" content=\"de_DE\" \/>\n<meta property=\"og:type\" content=\"article\" \/>\n<meta property=\"og:title\" content=\"Workshops Assistenzhunde - ALAN\" \/>\n<meta property=\"og:description\" content=\"En collaboration avec ASA asbl, ALAN organise des \u00ab Ateliers Chiens \u00bb pour les enfants, membres de l\u2019association.Il s\u2019agit d\u2019une \u00ab activit\u00e9 assist\u00e9e par l&#039;animal \u00bb, o\u00f9 les enfants rencontrent deux chiens d&#039;assistance form\u00e9s par Handi\u2019chiens. L\u2019objectif premier de ces ateliers est de permettre \u00e0 des enfants confront\u00e9s \u00e0 des d\u00e9fis similaires de se rencontrer et \u00e9changer dans un cadre prot\u00e9g\u00e9. D\u2019autre part, des sujets tels que la r\u00e9gulation des \u00e9motions, la relaxation et l&#039;activation sensorimotrice seront trait\u00e9s lors des ateliers.(C) ALAN \/ Sophie Margue\" \/>\n<meta property=\"og:url\" content=\"https:\/\/alan.lu\/de\/galerie\/workshops-assistenzhunde\/\" \/>\n<meta property=\"og:site_name\" content=\"ALAN\" \/>\n<meta name=\"twitter:card\" content=\"summary_large_image\" \/>\n<meta name=\"twitter:label1\" content=\"Gesch\u00e4tzte Lesezeit\" \/>\n\t<meta name=\"twitter:data1\" content=\"1\u00a0Minute\" \/>\n<script type=\"application\/ld+json\" class=\"yoast-schema-graph\">{\"@context\":\"https:\/\/schema.org\",\"@graph\":[{\"@type\":\"WebPage\",\"@id\":\"https:\/\/alan.lu\/de\/galerie\/workshops-assistenzhunde\/\",\"url\":\"https:\/\/alan.lu\/de\/galerie\/workshops-assistenzhunde\/\",\"name\":\"Workshops Assistenzhunde - ALAN\",\"isPartOf\":{\"@id\":\"https:\/\/alan.lu\/de\/#website\"},\"datePublished\":\"2021-07-14T12:03:55+00:00\",\"description\":\"En collaboration avec ASA asbl, ALAN organise des \u00ab Ateliers Chiens \u00bb pour les enfants, membres de l\u2019association.Il s\u2019agit d\u2019une \u00ab activit\u00e9 assist\u00e9e par l'animal \u00bb, o\u00f9 les enfants rencontrent deux chiens d'assistance form\u00e9s par Handi\u2019chiens. L\u2019objectif premier de ces ateliers est de permettre \u00e0 des enfants confront\u00e9s \u00e0 des d\u00e9fis similaires de se rencontrer et \u00e9changer dans un cadre prot\u00e9g\u00e9. D\u2019autre part, des sujets tels que la r\u00e9gulation des \u00e9motions, la relaxation et l'activation sensorimotrice seront trait\u00e9s lors des ateliers.(C) ALAN \/ Sophie Margue\",\"breadcrumb\":{\"@id\":\"https:\/\/alan.lu\/de\/galerie\/workshops-assistenzhunde\/#breadcrumb\"},\"inLanguage\":\"de\",\"potentialAction\":[{\"@type\":\"ReadAction\",\"target\":[\"https:\/\/alan.lu\/de\/galerie\/workshops-assistenzhunde\/\"]}]},{\"@type\":\"BreadcrumbList\",\"@id\":\"https:\/\/alan.lu\/de\/galerie\/workshops-assistenzhunde\/#breadcrumb\",\"itemListElement\":[{\"@type\":\"ListItem\",\"position\":1,\"name\":\"Accueil\",\"item\":\"https:\/\/alan.lu\/de\/\"},{\"@type\":\"ListItem\",\"position\":2,\"name\":\"Galerie\",\"item\":\"https:\/\/alan.lu\/de\/galerie\/\"},{\"@type\":\"ListItem\",\"position\":3,\"name\":\"Workshops Assistenzhunde\"}]},{\"@type\":\"WebSite\",\"@id\":\"https:\/\/alan.lu\/de\/#website\",\"url\":\"https:\/\/alan.lu\/de\/\",\"name\":\"ALAN\",\"description\":\"Rare Diseases Luxembourg\",\"potentialAction\":[{\"@type\":\"SearchAction\",\"target\":{\"@type\":\"EntryPoint\",\"urlTemplate\":\"https:\/\/alan.lu\/de\/?s={search_term_string}\"},\"query-input\":{\"@type\":\"PropertyValueSpecification\",\"valueRequired\":true,\"valueName\":\"search_term_string\"}}],\"inLanguage\":\"de\"}]}<\/script>\n<!-- \/ Yoast SEO plugin. -->","yoast_head_json":{"title":"Workshops Assistenzhunde - ALAN","description":"En collaboration avec ASA asbl, ALAN organise des \u00ab Ateliers Chiens \u00bb pour les enfants, membres de l\u2019association.Il s\u2019agit d\u2019une \u00ab activit\u00e9 assist\u00e9e par l'animal \u00bb, o\u00f9 les enfants rencontrent deux chiens d'assistance form\u00e9s par Handi\u2019chiens. L\u2019objectif premier de ces ateliers est de permettre \u00e0 des enfants confront\u00e9s \u00e0 des d\u00e9fis similaires de se rencontrer et \u00e9changer dans un cadre prot\u00e9g\u00e9. D\u2019autre part, des sujets tels que la r\u00e9gulation des \u00e9motions, la relaxation et l'activation sensorimotrice seront trait\u00e9s lors des ateliers.(C) ALAN \/ Sophie Margue","robots":{"index":"index","follow":"follow","max-snippet":"max-snippet:-1","max-image-preview":"max-image-preview:large","max-video-preview":"max-video-preview:-1"},"canonical":"https:\/\/alan.lu\/de\/galerie\/workshops-assistenzhunde\/","og_locale":"de_DE","og_type":"article","og_title":"Workshops Assistenzhunde - ALAN","og_description":"En collaboration avec ASA asbl, ALAN organise des \u00ab Ateliers Chiens \u00bb pour les enfants, membres de l\u2019association.Il s\u2019agit d\u2019une \u00ab activit\u00e9 assist\u00e9e par l'animal \u00bb, o\u00f9 les enfants rencontrent deux chiens d'assistance form\u00e9s par Handi\u2019chiens. L\u2019objectif premier de ces ateliers est de permettre \u00e0 des enfants confront\u00e9s \u00e0 des d\u00e9fis similaires de se rencontrer et \u00e9changer dans un cadre prot\u00e9g\u00e9. D\u2019autre part, des sujets tels que la r\u00e9gulation des \u00e9motions, la relaxation et l'activation sensorimotrice seront trait\u00e9s lors des ateliers.(C) ALAN \/ Sophie Margue","og_url":"https:\/\/alan.lu\/de\/galerie\/workshops-assistenzhunde\/","og_site_name":"ALAN","twitter_card":"summary_large_image","twitter_misc":{"Gesch\u00e4tzte Lesezeit":"1\u00a0Minute"},"schema":{"@context":"https:\/\/schema.org","@graph":[{"@type":"WebPage","@id":"https:\/\/alan.lu\/de\/galerie\/workshops-assistenzhunde\/","url":"https:\/\/alan.lu\/de\/galerie\/workshops-assistenzhunde\/","name":"Workshops Assistenzhunde - ALAN","isPartOf":{"@id":"https:\/\/alan.lu\/de\/#website"},"datePublished":"2021-07-14T12:03:55+00:00","description":"En collaboration avec ASA asbl, ALAN organise des \u00ab Ateliers Chiens \u00bb pour les enfants, membres de l\u2019association.Il s\u2019agit d\u2019une \u00ab activit\u00e9 assist\u00e9e par l'animal \u00bb, o\u00f9 les enfants rencontrent deux chiens d'assistance form\u00e9s par Handi\u2019chiens. L\u2019objectif premier de ces ateliers est de permettre \u00e0 des enfants confront\u00e9s \u00e0 des d\u00e9fis similaires de se rencontrer et \u00e9changer dans un cadre prot\u00e9g\u00e9. D\u2019autre part, des sujets tels que la r\u00e9gulation des \u00e9motions, la relaxation et l'activation sensorimotrice seront trait\u00e9s lors des ateliers.(C) ALAN \/ Sophie Margue","breadcrumb":{"@id":"https:\/\/alan.lu\/de\/galerie\/workshops-assistenzhunde\/#breadcrumb"},"inLanguage":"de","potentialAction":[{"@type":"ReadAction","target":["https:\/\/alan.lu\/de\/galerie\/workshops-assistenzhunde\/"]}]},{"@type":"BreadcrumbList","@id":"https:\/\/alan.lu\/de\/galerie\/workshops-assistenzhunde\/#breadcrumb","itemListElement":[{"@type":"ListItem","position":1,"name":"Accueil","item":"https:\/\/alan.lu\/de\/"},{"@type":"ListItem","position":2,"name":"Galerie","item":"https:\/\/alan.lu\/de\/galerie\/"},{"@type":"ListItem","position":3,"name":"Workshops Assistenzhunde"}]},{"@type":"WebSite","@id":"https:\/\/alan.lu\/de\/#website","url":"https:\/\/alan.lu\/de\/","name":"ALAN","description":"Rare Diseases Luxembourg","potentialAction":[{"@type":"SearchAction","target":{"@type":"EntryPoint","urlTemplate":"https:\/\/alan.lu\/de\/?s={search_term_string}"},"query-input":{"@type":"PropertyValueSpecification","valueRequired":true,"valueName":"search_term_string"}}],"inLanguage":"de"}]}},"campaignId":"","_links":{"self":[{"href":"https:\/\/alan.lu\/de\/wp-json\/wp\/v2\/pages\/23006","targetHints":{"allow":["GET"]}}],"collection":[{"href":"https:\/\/alan.lu\/de\/wp-json\/wp\/v2\/pages"}],"about":[{"href":"https:\/\/alan.lu\/de\/wp-json\/wp\/v2\/types\/page"}],"author":[{"embeddable":true,"href":"https:\/\/alan.lu\/de\/wp-json\/wp\/v2\/users\/2"}],"replies":[{"embeddable":true,"href":"https:\/\/alan.lu\/de\/wp-json\/wp\/v2\/comments?post=23006"}],"version-history":[{"count":3,"href":"https:\/\/alan.lu\/de\/wp-json\/wp\/v2\/pages\/23006\/revisions"}],"predecessor-version":[{"id":23014,"href":"https:\/\/alan.lu\/de\/wp-json\/wp\/v2\/pages\/23006\/revisions\/23014"}],"up":[{"embeddable":true,"href":"https:\/\/alan.lu\/de\/wp-json\/wp\/v2\/pages\/21322"}],"wp:attachment":[{"href":"https:\/\/alan.lu\/de\/wp-json\/wp\/v2\/media?parent=23006"}],"curies":[{"name":"wp","href":"https:\/\/api.w.org\/{rel}","templated":true}]}}