{"id":23258,"date":"2021-09-17T14:09:24","date_gmt":"2021-09-17T12:09:24","guid":{"rendered":"https:\/\/alan.lu\/?page_id=23258"},"modified":"2021-09-17T14:13:33","modified_gmt":"2021-09-17T12:13:33","slug":"lageplan","status":"publish","type":"page","link":"https:\/\/alan.lu\/de\/lageplan\/","title":{"rendered":"Lageplan"},"content":{"rendered":"<div class=\"wpb-content-wrapper\"><p>[vc_row][vc_column][vc_column_text]<div class=\"wsp-container\"><h2 class=\"wsp-pages-title\">Seiten<\/h2>\n<ul class=\"wsp-pages-list\">\n<li class=\"page_item page-item-23072\"><a href=\"https:\/\/alan.lu\/de\/unsichtbare-helden\/\">\u201eUnsichtbare Helden\u201c Kampagne<\/a><\/li>\n<li class=\"page_item page-item-30652\"><a href=\"https:\/\/alan.lu\/de\/24stunden\/\">24 Stunden mit einer seltenen Erkrankung<\/a><\/li>\n<li class=\"page_item page-item-23460\"><a href=\"https:\/\/alan.lu\/de\/jobs\/\">Assistant social \/Assistant d\u2019hygi\u00e8ne social (m\/w\/d)<\/a><\/li>\n<li class=\"page_item page-item-21296\"><a href=\"https:\/\/alan.lu\/de\/beratung-und-unterstuetzung\/\">Beratung und Unterst\u00fctzung<\/a><\/li>\n<li class=\"page_item page-item-22955\"><a href=\"https:\/\/alan.lu\/de\/cookie-policy\/\">Cookie Richtlinie<\/a><\/li>\n<li class=\"page_item page-item-22163\"><a href=\"https:\/\/alan.lu\/de\/datenschutzerklaerung\/\">Datenschutzerkl\u00e4rung<\/a><\/li>\n<li class=\"page_item page-item-28562\"><a href=\"https:\/\/alan.lu\/de\/1plan\/\">Die \u201e30 000 Hoffnungen \u2013 1 Plang\u201c Kampagne<\/a><\/li>\n<li class=\"page_item page-item-25516\"><a href=\"https:\/\/alan.lu\/de\/schwaetzmatmir\/\">Die \u201eSchw\u00e4tz MAT mir, net IWWERT mech\u201c Kampagne<\/a><\/li>\n<li class=\"page_item page-item-21291\"><a href=\"https:\/\/alan.lu\/de\/engagieren-sie-sich-ehrenamtlich\/\">Engagieren Sie sich ehrenamtlich<\/a><\/li>\n<li class=\"page_item page-item-21360 page_item_has_children\"><a href=\"https:\/\/alan.lu\/de\/erfahrungsberichte\/\">Erfahrungsberichte<\/a>\n<ul class='children'>\n\t<li class=\"page_item page-item-29331\"><a href=\"https:\/\/alan.lu\/de\/erfahrungsberichte\/erfahrungsberichte-samia\/\">Erfahrungsberichte<\/a><\/li>\n\t<li class=\"page_item page-item-21367\"><a href=\"https:\/\/alan.lu\/de\/erfahrungsberichte\/erfahrungsberichte-jessica\/\">Erfahrungsberichte<\/a><\/li>\n\t<li class=\"page_item page-item-21369\"><a href=\"https:\/\/alan.lu\/de\/erfahrungsberichte\/erfahrungsberichte-hannah\/\">Erfahrungsberichte<\/a><\/li>\n\t<li class=\"page_item page-item-21371\"><a href=\"https:\/\/alan.lu\/de\/erfahrungsberichte\/erfahrungsberichte-nataliia\/\">Erfahrungsberichte<\/a><\/li>\n\t<li class=\"page_item page-item-21373\"><a href=\"https:\/\/alan.lu\/de\/erfahrungsberichte\/erfahrungsberichte-noemie\/\">Erfahrungsberichte<\/a><\/li>\n\t<li class=\"page_item page-item-21365\"><a href=\"https:\/\/alan.lu\/de\/erfahrungsberichte\/erfahrungsberichte-jean-paul\/\">Erfahrungsberichte<\/a><\/li>\n\t<li class=\"page_item page-item-22477\"><a href=\"https:\/\/alan.lu\/de\/erfahrungsberichte\/erfahrungsberichte-jean-claude\/\">Erfahrungsberichte<\/a><\/li>\n\t<li class=\"page_item page-item-22679\"><a href=\"https:\/\/alan.lu\/de\/erfahrungsberichte\/erfahrungsberichte-maria\/\">Erfahrungsberichte<\/a><\/li>\n\t<li class=\"page_item page-item-23660\"><a href=\"https:\/\/alan.lu\/de\/erfahrungsberichte\/erfahrungsberichte-hannah-s\/\">Erfahrungsberichte<\/a><\/li>\n<\/ul>\n<\/li>\n<li class=\"page_item page-item-21378\"><a href=\"https:\/\/alan.lu\/de\/freizeitaktivitaeten\/\">Freizeitaktivit\u00e4ten<\/a><\/li>\n<li class=\"page_item page-item-21322 page_item_has_children\"><a href=\"https:\/\/alan.lu\/de\/galerie\/\">Galerie<\/a>\n<ul class='children'>\n\t<li class=\"page_item page-item-21329\"><a href=\"https:\/\/alan.lu\/de\/galerie\/20th-anniversary\/\">20th anniversary<\/a><\/li>\n\t<li class=\"page_item page-item-28700\"><a href=\"https:\/\/alan.lu\/de\/galerie\/25-jahre-alan\/\">25 Jahre ALAN<\/a><\/li>\n\t<li class=\"page_item page-item-27996\"><a href=\"https:\/\/alan.lu\/de\/galerie\/chreschtfeier-2022\/\">Chr\u00ebschtfeier 2022<\/a><\/li>\n\t<li class=\"page_item page-item-28905\"><a href=\"https:\/\/alan.lu\/de\/galerie\/chreschtfeier-2023\/\">Chr\u00ebschtfeier 2023<\/a><\/li>\n\t<li class=\"page_item page-item-30229\"><a href=\"https:\/\/alan.lu\/de\/galerie\/daily-distortion-expo\/\">Daily Distortion Expo<\/a><\/li>\n\t<li class=\"page_item page-item-23370\"><a href=\"https:\/\/alan.lu\/de\/galerie\/einweihung-kockelscheuer\/\">Einweihung Kockelscheuer<\/a><\/li>\n\t<li class=\"page_item page-item-21336\"><a href=\"https:\/\/alan.lu\/de\/galerie\/inauguration-of-the-north-site\/\">Einweihung unseres neuen Geb\u00e4udes im Norden<\/a><\/li>\n\t<li class=\"page_item page-item-23423\"><a href=\"https:\/\/alan.lu\/de\/galerie\/erlebnispaedagogik-auf-dem-bauernhof\/\">Erlebnisp\u00e4dagogik auf dem Bauernhof<\/a><\/li>\n\t<li class=\"page_item page-item-21331\"><a href=\"https:\/\/alan.lu\/de\/galerie\/familljefest-2019\/\">Familljefest 2019<\/a><\/li>\n\t<li class=\"page_item page-item-23331\"><a href=\"https:\/\/alan.lu\/de\/galerie\/familljefest-2021\/\">Familljefest 2021<\/a><\/li>\n\t<li class=\"page_item page-item-25672\"><a href=\"https:\/\/alan.lu\/de\/galerie\/familljefest-2022\/\">Familljefest 2022<\/a><\/li>\n\t<li class=\"page_item page-item-28529\"><a href=\"https:\/\/alan.lu\/de\/galerie\/familljefest-2023\/\">Familljefest 2023<\/a><\/li>\n\t<li class=\"page_item page-item-30996\"><a href=\"https:\/\/alan.lu\/de\/galerie\/familljefest-2025\/\">Familljefest 2025<\/a><\/li>\n\t<li class=\"page_item page-item-29098\"><a href=\"https:\/\/alan.lu\/de\/galerie\/konferenz-prof-tebani\/\">Konferenz Prof. Tebani<\/a><\/li>\n\t<li class=\"page_item page-item-21338\"><a href=\"https:\/\/alan.lu\/de\/galerie\/quiz-night-2020\/\">Quizabend 2020<\/a><\/li>\n\t<li class=\"page_item page-item-22519\"><a href=\"https:\/\/alan.lu\/de\/galerie\/rare-disease-day-2021-light-it-up\/\">Rare Disease Day 2021 &#8211; Light It Up<\/a><\/li>\n\t<li class=\"page_item page-item-24173\"><a href=\"https:\/\/alan.lu\/de\/galerie\/rare-disease-day-2021-global-chain-of-ligths\/\">Rare Disease Day 2022 &#8211; Global Chain of Lights<\/a><\/li>\n\t<li class=\"page_item page-item-28267\"><a href=\"https:\/\/alan.lu\/de\/galerie\/rareflections-finissage\/\">RaReflections Finissage<\/a><\/li>\n\t<li class=\"page_item page-item-24046\"><a href=\"https:\/\/alan.lu\/de\/galerie\/rareflections-vernissage\/\">RaReflections Vernissage<\/a><\/li>\n\t<li class=\"page_item page-item-21333\"><a href=\"https:\/\/alan.lu\/de\/galerie\/horse-therapy\/\">Reitteraphie<\/a><\/li>\n\t<li class=\"page_item page-item-29918\"><a href=\"https:\/\/alan.lu\/de\/galerie\/wanterfest-2024\/\">Wanterfest 2024<\/a><\/li>\n\t<li class=\"page_item page-item-23006\"><a href=\"https:\/\/alan.lu\/de\/galerie\/workshops-assistenzhunde\/\">Workshops Assistenzhunde<\/a><\/li>\n<\/ul>\n<\/li>\n<li class=\"page_item page-item-22174\"><a href=\"https:\/\/alan.lu\/de\/impressum\/\">Impressum<\/a><\/li>\n<li class=\"page_item page-item-21277\"><a href=\"https:\/\/alan.lu\/de\/interessenvertretung\/\">Interessenvertretung<\/a><\/li>\n<li class=\"page_item page-item-30291\"><a href=\"https:\/\/alan.lu\/de\/jahresbericht-2024-statistiken\/\">Jahresbericht 2024 Statistiken<\/a><\/li>\n<li class=\"page_item page-item-31374\"><a href=\"https:\/\/alan.lu\/de\/2025-statistiken\/\">Jahresbericht 2025 Statistiken<\/a><\/li>\n<li class=\"page_item page-item-21304\"><a href=\"https:\/\/alan.lu\/de\/alan-kontaktieren\/\">Kontaktieren Sie uns<\/a><\/li>\n<li class=\"page_item page-item-23258\"><a href=\"https:\/\/alan.lu\/de\/lageplan\/\">Lageplan<\/a><\/li>\n<li class=\"page_item page-item-21688\"><a href=\"https:\/\/alan.lu\/de\/my-profile\/\">Mein Profil<\/a><\/li>\n<li class=\"page_item page-item-21340\"><a href=\"https:\/\/alan.lu\/de\/mit-einer-seltenen-erkrankung-leben\/\">Mit einer seltenen Erkrankung leben<\/a><\/li>\n<li class=\"page_item page-item-21356\"><a href=\"https:\/\/alan.lu\/de\/nachrichten\/\">Nachrichten<\/a><\/li>\n<li class=\"page_item page-item-29872\"><a href=\"https:\/\/alan.lu\/de\/nationale-allianz-fuer-seltene-krankheiten\/\">Nationale Allianz f\u00fcr seltene Krankheiten<\/a><\/li>\n<li class=\"page_item page-item-21353\"><a href=\"https:\/\/alan.lu\/de\/nationaler-plan\/\">Nationaler Plan<\/a><\/li>\n<li class=\"page_item page-item-21358\"><a href=\"https:\/\/alan.lu\/de\/newsletter-archiv\/\">Newsletter-Archiv<\/a><\/li>\n<li class=\"page_item page-item-28992\"><a href=\"https:\/\/alan.lu\/de\/rare-disease-day-2024\/\">Rare Disease Day 2024<\/a><\/li>\n<li class=\"page_item page-item-30089\"><a href=\"https:\/\/alan.lu\/de\/rarediseaseday2025\/\">Rare Disease Day 2025<\/a><\/li>\n<li class=\"page_item page-item-31105\"><a href=\"https:\/\/alan.lu\/de\/rarediseaseday2026\/\">Rare Disease Day 2026<\/a><\/li>\n<li class=\"page_item page-item-29632\"><a href=\"https:\/\/alan.lu\/de\/rare-rewind\/\">Rare Rewind<\/a><\/li>\n<li class=\"page_item page-item-23681\"><a href=\"https:\/\/alan.lu\/de\/rareflections\/\">RaReflections<\/a><\/li>\n<li class=\"page_item page-item-21388\"><a href=\"https:\/\/alan.lu\/de\/ressourcen\/\">Ressourcen<\/a><\/li>\n<li class=\"page_item page-item-21375\"><a href=\"https:\/\/alan.lu\/de\/\">Seltene Erkrankungen Luxemburg<\/a><\/li>\n<li class=\"page_item page-item-21306\"><a href=\"https:\/\/alan.lu\/de\/spenden\/\">Spenden<\/a><\/li>\n<li class=\"page_item page-item-21195 page_item_has_children\"><a href=\"https:\/\/alan.lu\/de\/uber-uns\/\">\u00dcber Uns<\/a>\n<ul class='children'>\n\t<li class=\"page_item page-item-21196\"><a href=\"https:\/\/alan.lu\/de\/uber-uns\/vision-mission-werte\/\">Unsere Vision, Mission &#038; Werte<\/a><\/li>\n\t<li class=\"page_item page-item-21203\"><a href=\"https:\/\/alan.lu\/de\/uber-uns\/organisation\/\">Organisation<\/a><\/li>\n\t<li class=\"page_item page-item-21207 page_item_has_children\"><a href=\"https:\/\/alan.lu\/de\/uber-uns\/verwaltungsrat\/\">Verwaltungsrat<\/a>\n\t<ul class='children'>\n\t\t<li class=\"page_item page-item-21212\"><a href=\"https:\/\/alan.lu\/de\/uber-uns\/verwaltungsrat\/verwaltungsrat-shirley-feider-rohen\/\">Verwaltungsrat<\/a><\/li>\n\t\t<li class=\"page_item page-item-21214\"><a href=\"https:\/\/alan.lu\/de\/uber-uns\/verwaltungsrat\/verwaltungsrat-almuth-bredimus\/\">Verwaltungsrat<\/a><\/li>\n\t\t<li class=\"page_item page-item-21216\"><a href=\"https:\/\/alan.lu\/de\/uber-uns\/verwaltungsrat\/verwaltungsrat-jos-even\/\">Verwaltungsrat<\/a><\/li>\n\t\t<li class=\"page_item page-item-21218\"><a href=\"https:\/\/alan.lu\/de\/uber-uns\/verwaltungsrat\/verwaltungsrat-alphonse-ansay\/\">Verwaltungsrat<\/a><\/li>\n\t\t<li class=\"page_item page-item-21220\"><a href=\"https:\/\/alan.lu\/de\/uber-uns\/verwaltungsrat\/verwaltungsrat-fernand-grulms\/\">Verwaltungsrat<\/a><\/li>\n\t\t<li class=\"page_item page-item-21222\"><a href=\"https:\/\/alan.lu\/de\/uber-uns\/verwaltungsrat\/verwaltungsrat-jean-marie-boden\/\">Verwaltungsrat<\/a><\/li>\n\t\t<li class=\"page_item page-item-21224\"><a href=\"https:\/\/alan.lu\/de\/uber-uns\/verwaltungsrat\/verwaltungsrat-anja-di-bartolomeo\/\">Verwaltungsrat<\/a><\/li>\n\t\t<li class=\"page_item page-item-21226\"><a href=\"https:\/\/alan.lu\/de\/uber-uns\/verwaltungsrat\/verwaltungsrat-marc-feider\/\">Verwaltungsrat<\/a><\/li>\n\t\t<li class=\"page_item page-item-21228\"><a href=\"https:\/\/alan.lu\/de\/uber-uns\/verwaltungsrat\/verwaltungsrat-snejana-granatkina\/\">Verwaltungsrat<\/a><\/li>\n\t\t<li class=\"page_item page-item-21230\"><a href=\"https:\/\/alan.lu\/de\/uber-uns\/verwaltungsrat\/verwaltungsrat-antoni-montserrat-moliner\/\">Verwaltungsrat<\/a><\/li>\n\t\t<li class=\"page_item page-item-21232\"><a href=\"https:\/\/alan.lu\/de\/uber-uns\/verwaltungsrat\/verwaltungsrat-julie-scheidweiler-darne\/\">Verwaltungsrat<\/a><\/li>\n\t\t<li class=\"page_item page-item-24275\"><a href=\"https:\/\/alan.lu\/de\/uber-uns\/verwaltungsrat\/anne-thoma\/\">Verwaltungsrat<\/a><\/li>\n\t\t<li class=\"page_item page-item-24289\"><a href=\"https:\/\/alan.lu\/de\/uber-uns\/verwaltungsrat\/alaec\/\">Verwaltungsrat<\/a><\/li>\n\t\t<li class=\"page_item page-item-30469\"><a href=\"https:\/\/alan.lu\/de\/uber-uns\/verwaltungsrat\/verwaltungsrat-den-i\/\">Verwaltungsrat<\/a><\/li>\n\t<\/ul>\n<\/li>\n\t<li class=\"page_item page-item-21234 page_item_has_children\"><a href=\"https:\/\/alan.lu\/de\/uber-uns\/team\/\">Team<\/a>\n\t<ul class='children'>\n\t\t<li class=\"page_item page-item-21236\"><a href=\"https:\/\/alan.lu\/de\/uber-uns\/team\/team-daniel-theisen\/\">Team<\/a><\/li>\n\t\t<li class=\"page_item page-item-21238\"><a href=\"https:\/\/alan.lu\/de\/uber-uns\/team\/team-gwennaelle-al-hindy-crohin\/\">Team<\/a><\/li>\n\t\t<li class=\"page_item page-item-21240\"><a href=\"https:\/\/alan.lu\/de\/uber-uns\/team\/team-paula-manniello\/\">Team<\/a><\/li>\n\t\t<li class=\"page_item page-item-21244\"><a href=\"https:\/\/alan.lu\/de\/uber-uns\/team\/team-hugo-leite\/\">Team<\/a><\/li>\n\t\t<li class=\"page_item page-item-21246\"><a href=\"https:\/\/alan.lu\/de\/uber-uns\/team\/team-corinne-thill\/\">Team<\/a><\/li>\n\t\t<li class=\"page_item page-item-21248\"><a href=\"https:\/\/alan.lu\/de\/uber-uns\/team\/team-melanie-fonck\/\">Team<\/a><\/li>\n\t\t<li class=\"page_item page-item-21250\"><a href=\"https:\/\/alan.lu\/de\/uber-uns\/team\/team-sarah-weiler\/\">Team<\/a><\/li>\n\t\t<li class=\"page_item page-item-21252\"><a href=\"https:\/\/alan.lu\/de\/uber-uns\/team\/team-lydie-wio-squeo\/\">Team<\/a><\/li>\n\t\t<li class=\"page_item page-item-21254\"><a href=\"https:\/\/alan.lu\/de\/uber-uns\/team\/team-tania-de-sa-correia\/\">Team<\/a><\/li>\n\t\t<li class=\"page_item page-item-22526\"><a href=\"https:\/\/alan.lu\/de\/uber-uns\/team\/sophie-handwerk\/\">Team<\/a><\/li>\n\t\t<li class=\"page_item page-item-24365\"><a href=\"https:\/\/alan.lu\/de\/uber-uns\/team\/team-denise-de-waal\/\">Team<\/a><\/li>\n\t\t<li class=\"page_item page-item-31058\"><a href=\"https:\/\/alan.lu\/de\/uber-uns\/team\/team-caroline-frassao\/\">Team<\/a><\/li>\n\t\t<li class=\"page_item page-item-30380\"><a href=\"https:\/\/alan.lu\/de\/uber-uns\/team\/team-veronique-weber\/\">Team<\/a><\/li>\n\t\t<li class=\"page_item page-item-29439\"><a href=\"https:\/\/alan.lu\/de\/uber-uns\/team\/yasmine\/\">Team<\/a><\/li>\n\t\t<li class=\"page_item page-item-29835\"><a href=\"https:\/\/alan.lu\/de\/uber-uns\/team\/nora-zimmer\/\">Team<\/a><\/li>\n\t\t<li class=\"page_item page-item-29761\"><a href=\"https:\/\/alan.lu\/de\/uber-uns\/team\/thierry\/\">Team<\/a><\/li>\n\t<\/ul>\n<\/li>\n\t<li class=\"page_item page-item-21256\"><a href=\"https:\/\/alan.lu\/de\/uber-uns\/wissenschaftlicher-beirat\/\">Wissenschaftlicher Beirat<\/a><\/li>\n\t<li class=\"page_item page-item-29583\"><a href=\"https:\/\/alan.lu\/de\/uber-uns\/kampagnen\/\">Kampagnen<\/a><\/li>\n\t<li class=\"page_item page-item-21258\"><a href=\"https:\/\/alan.lu\/de\/uber-uns\/publikationen\/\">Publikationen<\/a><\/li>\n<\/ul>\n<\/li>\n<li class=\"page_item page-item-21390\"><a href=\"https:\/\/alan.lu\/de\/unterstuetzen-sie-uns\/\">Unterst\u00fctzen Sie uns<\/a><\/li>\n<li class=\"page_item page-item-21319\"><a href=\"https:\/\/alan.lu\/de\/event-calendar\/\">Veranstaltungen<\/a><\/li>\n<li class=\"page_item page-item-21392\"><a href=\"https:\/\/alan.lu\/de\/was-ist-eine-seltene-erkrankung\/\">Was ist eine seltene Erkrankung?<\/a><\/li>\n<li class=\"page_item page-item-21286\"><a href=\"https:\/\/alan.lu\/de\/werden-sie-mitglied\/\">Werden Sie Mitglied<\/a><\/li>\n<\/ul>\n<h2 class=\"wsp-posts-title\">Beitr\u00e4ge nach Kategorie<\/h2>\n<ul class=\"wsp-posts-list\">\n\t<li><strong class=\"wsp-category-title\">Kategorie: <a href=\"https:\/\/alan.lu\/de\/category\/alans-aktivitaeten\/\">ALANs Aktivit\u00e4ten<\/a><\/strong>\n<ul class=\"wsp-posts-list\">\t\t<li class=\"wsp-post\"><a href=\"https:\/\/alan.lu\/de\/rare-disease-day-2026\/\">Rare Disease Day 2026<\/a><\/li>\n\t\t<li class=\"wsp-post\"><a href=\"https:\/\/alan.lu\/de\/bueros-waehrend-der-weihnachtszeit-geschlossen\/\">B\u00fcros w\u00e4hrend der Weihnachtszeit geschlossen<\/a><\/li>\n\t\t<li class=\"wsp-post\"><a href=\"https:\/\/alan.lu\/de\/die-sensibilisierungskampagne-24-stunden\/\">Die Sensibilisierungskampagne \u201c24 Stunden\u201d<\/a><\/li>\n\t\t<li class=\"wsp-post\"><a href=\"https:\/\/alan.lu\/de\/jahresbericht-2024\/\">Starke Nachfrage nach Unterst\u00fctzung im Jahr 2024 unterstreicht die Wichtigkeit des 2. Nationalen Plans f\u00fcr seltene Krankheiten<\/a><\/li>\n\t\t<li class=\"wsp-post\"><a href=\"https:\/\/alan.lu\/de\/rare-disease-day-2025\/\">Rare Disease Day 2025<\/a><\/li>\n\t\t<li class=\"wsp-post\"><a href=\"https:\/\/alan.lu\/de\/die-sensibilisierungskampagne-rare-rewind\/\">Die Sensibilisierungskampagne &#8220;Rare Rewind&#8221;<\/a><\/li>\n\t\t<li class=\"wsp-post\"><a href=\"https:\/\/alan.lu\/de\/jahresbericht-2023\/\">Jahresbericht 2023<\/a><\/li>\n\t\t<li class=\"wsp-post\"><a href=\"https:\/\/alan.lu\/de\/psychosoziale-beratung-europaeische-kommission\/\">Die psychosoziale Beratung von ALAN wird von der Europ\u00e4ischen Kommission ausgezeichnet<\/a><\/li>\n\t\t<li class=\"wsp-post\"><a href=\"https:\/\/alan.lu\/de\/news-rare-disease-day-2024\/\">Rare Disease Day 2024<\/a><\/li>\n\t\t<li class=\"wsp-post\"><a href=\"https:\/\/alan.lu\/de\/alans-25-jaehriges-jubilaeum\/\">ALANs 25-j\u00e4hriges Jubil\u00e4um: Akademische Sitzung, Buchpr\u00e4sentation und Sensibilisierungskampagne<\/a><\/li>\n\t\t<li class=\"wsp-post\"><a href=\"https:\/\/alan.lu\/de\/ergebnisse-rare-barometer\/\">Ergebnisse der Rare Barometer-Umfrage zur diagnostischen Odyssee<\/a><\/li>\n\t\t<li class=\"wsp-post\"><a href=\"https:\/\/alan.lu\/de\/generalversammlung-2023\/\">Generalversammlung: Jahresbericht 2022 &#038; neue Pr\u00e4sidentin<\/a><\/li>\n\t\t<li class=\"wsp-post\"><a href=\"https:\/\/alan.lu\/de\/positionspapier\/\">Seltene Erkrankungen in Luxemburg: eine Herausforderung f\u00fcr die \u00f6ffentliche Gesundheit und eine dringende gesellschaftspolitische Entscheidung<\/a><\/li>\n\t\t<li class=\"wsp-post\"><a href=\"https:\/\/alan.lu\/de\/talk-to-me-not-about-me\/\">Schw\u00e4tz MAT mir, net IWWERT mech<\/a><\/li>\n\t\t<li class=\"wsp-post\"><a href=\"https:\/\/alan.lu\/de\/jahresbericht-2021\/\">Jahresbericht 2021<\/a><\/li>\n\t\t<li class=\"wsp-post\"><a href=\"https:\/\/alan.lu\/de\/rare-disease-day-2022-fotoausstellung-beleuchtung-von-gebaeuden\/\">Rare Disease Day 2022:  Fotoausstellung &#038; Beleuchtung von Geb\u00e4uden<\/a><\/li>\n\t\t<li class=\"wsp-post\"><a href=\"https:\/\/alan.lu\/de\/einweihung-neue-raeumlichkeiten-alan\/\">Einweihung der neuen R\u00e4umlichkeiten von ALAN<\/a><\/li>\n\t\t<li class=\"wsp-post\"><a href=\"https:\/\/alan.lu\/de\/news-unsichtbare-helden-kampagne\/\">Kampagne zur Sensibilisierung  f\u00fcr seltene, unsichtbare Erkrankungen<\/a><\/li>\n\t\t<li class=\"wsp-post\"><a href=\"https:\/\/alan.lu\/de\/jahresbericht-2020\/\">Jahresbericht 2020<\/a><\/li>\n\t\t<li class=\"wsp-post\"><a href=\"https:\/\/alan.lu\/de\/de-rare-disease-day-2021\/\">Rare Disease Day 2021 &#8211; Light It Up for rare diseases<\/a><\/li>\n\t\t<li class=\"wsp-post\"><a href=\"https:\/\/alan.lu\/de\/neue-adresse-neue-website\/\">Neue Adresse &#038; neue Website<\/a><\/li>\n\t\t<li class=\"wsp-post\"><a href=\"https:\/\/alan.lu\/de\/jahresbericht-2019\/\">Jahresbericht 2019<\/a><\/li>\n\t\t<li class=\"wsp-post\"><a href=\"https:\/\/alan.lu\/de\/alan-erhalt-europaischen-preis-fur-sein-engagement\/\">ALAN erh\u00e4lt europ\u00e4ischen Preis f\u00fcr sein Engagement<\/a><\/li>\n\t\t<li class=\"wsp-post\"><a href=\"https:\/\/alan.lu\/de\/startschuss-fur-die-infoline-maladies-rares-luxembourg\/\">Startschuss f\u00fcr die &#8221; Infoline Maladies Rares Luxembourg &#8220;<\/a><\/li>\n<\/ul><\/li>\n\t<li><strong class=\"wsp-category-title\">Kategorie: <a href=\"https:\/\/alan.lu\/de\/category\/covid-19-de\/\">Covid-19<\/a><\/strong>\n<ul class=\"wsp-posts-list\">\t\t<li class=\"wsp-post\"><a href=\"https:\/\/alan.lu\/de\/offener-brief-covid-19-dezember-2021\/\">Offener Brief bez\u00fcglich der COVID-19-Pandemie \u2013 Dezember 2021<\/a><\/li>\n\t\t<li class=\"wsp-post\"><a href=\"https:\/\/alan.lu\/de\/umfrage-covid-19-impfung\/\">Umfrage: COVID-19 Impfung von Personen mit einer seltenen Erkrankung<\/a><\/li>\n\t\t<li class=\"wsp-post\"><a href=\"https:\/\/alan.lu\/de\/freizeitaktivitaeten-und-kurse-aufgrund-der-covid-19-pandemie-abgesagt\/\">Freizeitaktivit\u00e4ten und Kurse aufgrund der COVID-19-Pandemie abgesagt<\/a><\/li>\n\t\t<li class=\"wsp-post\"><a href=\"https:\/\/alan.lu\/de\/neuer-offener-brief-an-die-regierung-bezuglich-der-gesundheitskrise\/\">Neuer offener Brief an die Regierung bez\u00fcglich der Gesundheitskrise<\/a><\/li>\n\t\t<li class=\"wsp-post\"><a href=\"https:\/\/alan.lu\/de\/antwort-der-regierung-auf-unseren-offenen-brief\/\">Antwort der Regierung auf unseren offenen Brief<\/a><\/li>\n\t\t<li class=\"wsp-post\"><a href=\"https:\/\/alan.lu\/de\/offener-brief-an-die-regierung-bezuglich-der-gesundheitskrise\/\">Offener Brief an die Regierung bez\u00fcglich der Gesundheitskrise<\/a><\/li>\n\t\t<li class=\"wsp-post\"><a href=\"https:\/\/alan.lu\/de\/covid-19-und-seltene-erkrankungen-mitteilung-von-dr-michel-hoffmann\/\">COVID-19 und seltene Erkrankungen \u2013 Mitteilung von Dr. Michel Hoffmann<\/a><\/li>\n<\/ul><\/li>\n\t<li><strong class=\"wsp-category-title\">Kategorie: <a href=\"https:\/\/alan.lu\/de\/category\/tag-der-seltenen-erkrankungen\/\">Tag der seltenen Erkrankungen<\/a><\/strong>\n<ul class=\"wsp-posts-list\">\t\t<li class=\"wsp-post\"><a href=\"https:\/\/alan.lu\/de\/tag-der-seltenen-krankheiten-2020\/\">Tag der Seltenen Krankheiten 2020<\/a><\/li>\n<\/ul><\/li>\n<\/ul>\n<\/div>[\/vc_column_text][\/vc_column][\/vc_row][vc_row][vc_column][vc_empty_space height=&#8221;60px&#8221;][\/vc_column][\/vc_row]<\/p>\n<\/div>","protected":false},"excerpt":{"rendered":"<p>[vc_row][vc_column][vc_column_text][\/vc_column_text][\/vc_column][\/vc_row][vc_row][vc_column][vc_empty_space height=&#8221;60px&#8221;][\/vc_column][\/vc_row]<\/p>\n","protected":false},"author":1,"featured_media":0,"parent":0,"menu_order":0,"comment_status":"closed","ping_status":"closed","template":"","meta":{"give_campaign_id":0,"inline_featured_image":false,"footnotes":""},"class_list":["post-23258","page","type-page","status-publish","hentry"],"yoast_head":"<!-- This site is optimized with the Yoast SEO plugin v26.9 - https:\/\/yoast.com\/product\/yoast-seo-wordpress\/ -->\n<title>Lageplan - ALAN<\/title>\n<meta name=\"robots\" content=\"index, follow, max-snippet:-1, max-image-preview:large, max-video-preview:-1\" \/>\n<link rel=\"canonical\" href=\"https:\/\/alan.lu\/de\/lageplan\/\" \/>\n<meta property=\"og:locale\" content=\"de_DE\" \/>\n<meta property=\"og:type\" content=\"article\" \/>\n<meta property=\"og:title\" content=\"Lageplan - ALAN\" \/>\n<meta property=\"og:description\" content=\"[vc_row][vc_column][vc_column_text][\/vc_column_text][\/vc_column][\/vc_row][vc_row][vc_column][vc_empty_space height=&#8221;60px&#8221;][\/vc_column][\/vc_row]\" \/>\n<meta property=\"og:url\" content=\"https:\/\/alan.lu\/de\/lageplan\/\" \/>\n<meta property=\"og:site_name\" content=\"ALAN\" \/>\n<meta property=\"article:modified_time\" content=\"2021-09-17T12:13:33+00:00\" \/>\n<meta name=\"twitter:card\" content=\"summary_large_image\" \/>\n<script type=\"application\/ld+json\" class=\"yoast-schema-graph\">{\"@context\":\"https:\/\/schema.org\",\"@graph\":[{\"@type\":\"WebPage\",\"@id\":\"https:\/\/alan.lu\/de\/lageplan\/\",\"url\":\"https:\/\/alan.lu\/de\/lageplan\/\",\"name\":\"Lageplan - ALAN\",\"isPartOf\":{\"@id\":\"https:\/\/alan.lu\/de\/#website\"},\"datePublished\":\"2021-09-17T12:09:24+00:00\",\"dateModified\":\"2021-09-17T12:13:33+00:00\",\"breadcrumb\":{\"@id\":\"https:\/\/alan.lu\/de\/lageplan\/#breadcrumb\"},\"inLanguage\":\"de\",\"potentialAction\":[{\"@type\":\"ReadAction\",\"target\":[\"https:\/\/alan.lu\/de\/lageplan\/\"]}]},{\"@type\":\"BreadcrumbList\",\"@id\":\"https:\/\/alan.lu\/de\/lageplan\/#breadcrumb\",\"itemListElement\":[{\"@type\":\"ListItem\",\"position\":1,\"name\":\"Accueil\",\"item\":\"https:\/\/alan.lu\/de\/\"},{\"@type\":\"ListItem\",\"position\":2,\"name\":\"Lageplan\"}]},{\"@type\":\"WebSite\",\"@id\":\"https:\/\/alan.lu\/de\/#website\",\"url\":\"https:\/\/alan.lu\/de\/\",\"name\":\"ALAN\",\"description\":\"Rare Diseases Luxembourg\",\"potentialAction\":[{\"@type\":\"SearchAction\",\"target\":{\"@type\":\"EntryPoint\",\"urlTemplate\":\"https:\/\/alan.lu\/de\/?s={search_term_string}\"},\"query-input\":{\"@type\":\"PropertyValueSpecification\",\"valueRequired\":true,\"valueName\":\"search_term_string\"}}],\"inLanguage\":\"de\"}]}<\/script>\n<!-- \/ Yoast SEO plugin. -->","yoast_head_json":{"title":"Lageplan - ALAN","robots":{"index":"index","follow":"follow","max-snippet":"max-snippet:-1","max-image-preview":"max-image-preview:large","max-video-preview":"max-video-preview:-1"},"canonical":"https:\/\/alan.lu\/de\/lageplan\/","og_locale":"de_DE","og_type":"article","og_title":"Lageplan - ALAN","og_description":"[vc_row][vc_column][vc_column_text][\/vc_column_text][\/vc_column][\/vc_row][vc_row][vc_column][vc_empty_space height=&#8221;60px&#8221;][\/vc_column][\/vc_row]","og_url":"https:\/\/alan.lu\/de\/lageplan\/","og_site_name":"ALAN","article_modified_time":"2021-09-17T12:13:33+00:00","twitter_card":"summary_large_image","schema":{"@context":"https:\/\/schema.org","@graph":[{"@type":"WebPage","@id":"https:\/\/alan.lu\/de\/lageplan\/","url":"https:\/\/alan.lu\/de\/lageplan\/","name":"Lageplan - ALAN","isPartOf":{"@id":"https:\/\/alan.lu\/de\/#website"},"datePublished":"2021-09-17T12:09:24+00:00","dateModified":"2021-09-17T12:13:33+00:00","breadcrumb":{"@id":"https:\/\/alan.lu\/de\/lageplan\/#breadcrumb"},"inLanguage":"de","potentialAction":[{"@type":"ReadAction","target":["https:\/\/alan.lu\/de\/lageplan\/"]}]},{"@type":"BreadcrumbList","@id":"https:\/\/alan.lu\/de\/lageplan\/#breadcrumb","itemListElement":[{"@type":"ListItem","position":1,"name":"Accueil","item":"https:\/\/alan.lu\/de\/"},{"@type":"ListItem","position":2,"name":"Lageplan"}]},{"@type":"WebSite","@id":"https:\/\/alan.lu\/de\/#website","url":"https:\/\/alan.lu\/de\/","name":"ALAN","description":"Rare Diseases Luxembourg","potentialAction":[{"@type":"SearchAction","target":{"@type":"EntryPoint","urlTemplate":"https:\/\/alan.lu\/de\/?s={search_term_string}"},"query-input":{"@type":"PropertyValueSpecification","valueRequired":true,"valueName":"search_term_string"}}],"inLanguage":"de"}]}},"campaignId":"","_links":{"self":[{"href":"https:\/\/alan.lu\/de\/wp-json\/wp\/v2\/pages\/23258","targetHints":{"allow":["GET"]}}],"collection":[{"href":"https:\/\/alan.lu\/de\/wp-json\/wp\/v2\/pages"}],"about":[{"href":"https:\/\/alan.lu\/de\/wp-json\/wp\/v2\/types\/page"}],"author":[{"embeddable":true,"href":"https:\/\/alan.lu\/de\/wp-json\/wp\/v2\/users\/1"}],"replies":[{"embeddable":true,"href":"https:\/\/alan.lu\/de\/wp-json\/wp\/v2\/comments?post=23258"}],"version-history":[{"count":2,"href":"https:\/\/alan.lu\/de\/wp-json\/wp\/v2\/pages\/23258\/revisions"}],"predecessor-version":[{"id":23262,"href":"https:\/\/alan.lu\/de\/wp-json\/wp\/v2\/pages\/23258\/revisions\/23262"}],"wp:attachment":[{"href":"https:\/\/alan.lu\/de\/wp-json\/wp\/v2\/media?parent=23258"}],"curies":[{"name":"wp","href":"https:\/\/api.w.org\/{rel}","templated":true}]}}