{"id":29872,"date":"2024-11-04T13:11:40","date_gmt":"2024-11-04T12:11:40","guid":{"rendered":"https:\/\/alan.lu\/?page_id=29872"},"modified":"2025-09-22T12:09:03","modified_gmt":"2025-09-22T10:09:03","slug":"nationale-allianz-fuer-seltene-krankheiten","status":"publish","type":"page","link":"https:\/\/alan.lu\/de\/nationale-allianz-fuer-seltene-krankheiten\/","title":{"rendered":"Nationale Allianz f\u00fcr seltene Krankheiten"},"content":{"rendered":"<div class=\"wpb-content-wrapper\"><p>[vc_row][vc_column][vc_column_text css=&#8221;&#8221;]<\/p>\n<h2 style=\"text-align: center;\">Nationale Allianz f\u00fcr seltene Krankheiten<\/h2>\n<p>[\/vc_column_text]<div class=\"edgtf-separator-holder clearfix  edgtf-separator-center\">\n\t<div class=\"edgtf-separator\" style=\"border-color: #00bcdf;width: 50px;border-bottom-width: 3px;margin-top: 25px;margin-bottom: 25px\"><\/div>\n<\/div>\n[\/vc_column][\/vc_row][vc_row content_width=&#8221;grid&#8221;][vc_column width=&#8221;1\/2&#8243;][vc_column_text css=&#8221;&#8221;]Im Jahr 2021 erhielt ALAN im Rahmen des Nationalen Plans f\u00fcr seltene Krankheiten vom Gesundheitsministerium das offizielle Mandat, die Nationale Allianz f\u00fcr seltene Krankheiten (Alliance National Maladies Rares, ANMR) zu verwalten, um Vereinigungen zusammenzubringen, welche auf dem Gebiet spezifischer seltener Erkrankungen t\u00e4tig sind.<\/p>\n<p>Die Mission der nationalen Allianz besteht darin, die Menschen, die mit einer seltenen Erkrankung leben, sowie die sie vertretenden Vereinigungen, <strong>zusammenzubringen und deren kollektiven Interessen auf nationaler und europ\u00e4ischer Ebene zu verteidigen<\/strong>. Die Allianz setzt sich ein f\u00fcr mehr Anerkennung, Chancengleichheit und politische Ver\u00e4nderungen, welche die Lebensqualit\u00e4t der betroffenen Menschen verbessern.<\/p>\n<p>Um den Austausch und die Zusammenarbeit zwischen den Vereinigungen zu f\u00f6rdern, hat ALAN die Plattform der Nationalen Allianz (<em>Plateforme de l\u2019Alliance Nationale Maladies Rares Luxembourg)<\/em>\u00a0eingerichtet. Derzeit beteiligen sich folgende Vereinigungen und Stiftungen an der Plattform:[\/vc_column_text][vc_empty_space height=&#8221;15px&#8221;]<div class= \"edgtf-ordered-list\" >\n<ol>\n<li><a href=\"https:\/\/www.alh.lu\/\">Association Luxembourgeoise des H\u00e9mophiles<\/a><\/li>\n<li><a href=\"https:\/\/allm.lu\/fr\/\">Association Luxembourgeoise de Lutte contre la Mucoviscidose<\/a><\/li>\n<li><a href=\"https:\/\/alsr.lu\/\">Association Luxembourgeoise du Syndrome de Rett<\/a><\/li>\n<li>CASK Luxembourg<\/li>\n<li><a href=\"https:\/\/den-i.lu\/\">den-i Syndrome de Marfan Luxembourg<\/a><\/li>\n<li><a href=\"https:\/\/kriibskrankkanner.lu\/\">Een H\u00e4erz fir kriibskrank Kanner<\/a><\/li>\n<li><a href=\"https:\/\/edsletzebuerg.lu\/2\/\">EDS L\u00ebtzebuerg<\/a><\/li>\n<li><a href=\"https:\/\/ela-asso.lu\/\">ELA Luxembourg<\/a><\/li>\n<li><a href=\"https:\/\/fondatioun.lu\/\">Fondatioun Kriibskrank Kanner<\/a><\/li>\n<li><a href=\"https:\/\/www.alaec.lu\/\">Association Luxembourgeoise d\u2019Aide aux Enfants Cardiaques<\/a><\/li>\n<li><a href=\"https:\/\/www.waertvollt-liewen.lu\/\">W\u00e4ertvollt Liewen<\/a><\/li>\n<\/ol>\n<\/div>[\/vc_column][vc_column width=&#8221;1\/2&#8243;][vc_column_text css=&#8221;&#8221;]Die Mitglieder der Plattform der nationalen Allianz treffen sich regelm\u00e4\u00dfig, um sich \u00fcber konkrete Aktionen und Projekte auszutauschen, wie zum Beispiel Lobbying-Initiativen, den Beitrag zum Nationalen Plan f\u00fcr seltene Krankheiten (Plan National Maladies Rares PNMR), die Ausf\u00fchrung von Sensibilisierungskampagnen, und die Organisation von Schulungen f\u00fcr Patienten.<\/p>\n<p>Die nationale Allianz arbeitet au\u00dferdem mit anderen luxemburgischen Patientenvereinigungen, mit dem <a href=\"https:\/\/capat.lu\/\">Cercle des Associations de Patients<\/a>, mit <a href=\"https:\/\/info-handicap.lu\/\">Info-Handicap<\/a> und mit relevanten internationalen Organisationen wie <a href=\"https:\/\/www.eurordis.org\/\">EURORDIS<\/a>, <a href=\"https:\/\/www.afm-telethon.fr\/fr\">AFM-T\u00e9l\u00e9thon<\/a> oder die <a href=\"https:\/\/alliance-maladies-rares.org\/\">franz\u00f6sische Allianz f\u00fcr seltene Krankheiten<\/a> zusammen.[\/vc_column_text][\/vc_column][\/vc_row][vc_row][vc_column][vc_empty_space height=&#8221;50px&#8221;][\/vc_column][\/vc_row][vc_row][vc_column width=&#8221;1\/6&#8243;][vc_single_image image=&#8221;30524&#8243; img_size=&#8221;medium&#8221; onclick=&#8221;custom_link&#8221; img_link_target=&#8221;_blank&#8221; css=&#8221;&#8221; link=&#8221;https:\/\/www.alh.lu\/&#8221;][vc_empty_space height=&#8221;50px&#8221;][\/vc_column][vc_column width=&#8221;1\/6&#8243;][vc_single_image image=&#8221;30521&#8243; img_size=&#8221;medium&#8221; onclick=&#8221;custom_link&#8221; img_link_target=&#8221;_blank&#8221; css=&#8221;&#8221; link=&#8221;https:\/\/allm.lu\/&#8221;][vc_empty_space height=&#8221;50px&#8221;][\/vc_column][vc_column width=&#8221;1\/6&#8243;][vc_single_image image=&#8221;30518&#8243; img_size=&#8221;medium&#8221; onclick=&#8221;custom_link&#8221; img_link_target=&#8221;_blank&#8221; css=&#8221;&#8221; link=&#8221;https:\/\/alsr.lu\/&#8221;][vc_empty_space height=&#8221;50px&#8221;][\/vc_column][vc_column width=&#8221;1\/6&#8243;][vc_single_image image=&#8221;30756&#8243; img_size=&#8221;medium&#8221; onclick=&#8221;custom_link&#8221; img_link_target=&#8221;_blank&#8221; css=&#8221;&#8221;][vc_empty_space height=&#8221;50px&#8221;][\/vc_column][vc_column width=&#8221;1\/6&#8243;][vc_single_image image=&#8221;25544&#8243; img_size=&#8221;medium&#8221; onclick=&#8221;custom_link&#8221; img_link_target=&#8221;_blank&#8221; css=&#8221;&#8221; link=&#8221;https:\/\/den-i.lu\/&#8221;][vc_empty_space height=&#8221;50px&#8221;][\/vc_column][vc_column width=&#8221;1\/6&#8243;][vc_single_image image=&#8221;29642&#8243; img_size=&#8221;medium&#8221; onclick=&#8221;custom_link&#8221; img_link_target=&#8221;_blank&#8221; css=&#8221;&#8221; link=&#8221;https:\/\/kriibskrankkanner.lu\/&#8221;][vc_empty_space height=&#8221;50px&#8221;][\/vc_column][\/vc_row][vc_row][vc_column width=&#8221;1\/6&#8243;][vc_single_image image=&#8221;25547&#8243; img_size=&#8221;medium&#8221; onclick=&#8221;custom_link&#8221; img_link_target=&#8221;_blank&#8221; css=&#8221;&#8221; link=&#8221;https:\/\/edsletzebuerg.lu\/&#8221;][vc_empty_space height=&#8221;50px&#8221;][\/vc_column][vc_column width=&#8221;1\/6&#8243;][vc_single_image image=&#8221;30515&#8243; img_size=&#8221;medium&#8221; onclick=&#8221;custom_link&#8221; img_link_target=&#8221;_blank&#8221; css=&#8221;&#8221; link=&#8221;https:\/\/ela-asso.lu\/&#8221;][vc_empty_space height=&#8221;50px&#8221;][\/vc_column][vc_column width=&#8221;1\/6&#8243;][vc_single_image image=&#8221;25550&#8243; img_size=&#8221;medium&#8221; onclick=&#8221;custom_link&#8221; img_link_target=&#8221;_blank&#8221; css=&#8221;&#8221; link=&#8221;https:\/\/fondatioun.lu\/&#8221;][vc_empty_space height=&#8221;50px&#8221;][\/vc_column][vc_column width=&#8221;1\/6&#8243;][vc_single_image image=&#8221;29661&#8243; img_size=&#8221;medium&#8221; onclick=&#8221;custom_link&#8221; img_link_target=&#8221;_blank&#8221; css=&#8221;&#8221; link=&#8221;https:\/\/www.alaec.lu\/&#8221;][vc_empty_space height=&#8221;50px&#8221;][\/vc_column][vc_column width=&#8221;1\/6&#8243;][vc_single_image image=&#8221;25559&#8243; img_size=&#8221;medium&#8221; onclick=&#8221;custom_link&#8221; img_link_target=&#8221;_blank&#8221; css=&#8221;&#8221; link=&#8221;https:\/\/www.waertvollt-liewen.lu\/&#8221;][vc_empty_space height=&#8221;50px&#8221;][\/vc_column][vc_column width=&#8221;1\/6&#8243;][\/vc_column][\/vc_row][vc_row content_width=&#8221;grid&#8221; css=&#8221;.vc_custom_1601640129370{padding-top: 36px !important;padding-bottom: 41px !important;}&#8221; el_id=&#8221;wrapper-contact-next-btn&#8221;][vc_column width=&#8221;1\/2&#8243; el_id=&#8221;wrapper-contact-next-col-1&#8243;]\t<div class=\"edgtf-call-to-action normal\" style=\"background-color: #ee3f75;\">\n\n\t\t\t\t\t<div class=\"edgtf-call-to-action-row-75-25 clearfix\" style=\"padding: 55px 15px;\">\n\t\t\t\t\t\t<div class=\"edgtf-text-wrapper edgtf-call-to-action-column1 edgtf-call-to-action-cell left\">\n\t\t\t\t\t<div class=\"edgtf-call-to-action-text\" style=\"text-align: left\"><span class=\"wrapper-contact-next-btn-text\">Melden Sie sich bei uns, wenn Sie Fragen haben oder Unterst\u00fctzung brauchen<\/span>\t\t\t\t\t\t\t\t\t\t\t<\/div>\n\t\t\t\t<\/div>\n\n\t\t\t\t\t\t\t\t\t<div class=\"edgtf-button-wrapper edgtf-call-to-action-column2 edgtf-call-to-action-cell\" style =\"text-align: right ;\">\n\t\t\t\t\t\t<a itemprop=\"url\" href=\"https:\/\/alan.lu\/de\/alan-kontaktieren\/\" target=\"_self\" style=\"color: #ee3f75;background-color: #ffffff;border-color: #ffffff\" class=\"edgtf-btn edgtf-btn-large edgtf-btn-solid edgtf-btn-custom-hover-bg edgtf-btn-custom-border-hover edgtf-btn-custom-hover-color\" data-hover-bg-color=\"#ee3f75\" data-hover-color=\"#ffffff\" data-hover-border-color=\"#ffffff\" >\t<span class=\"edgtf-btn-text\">Kontakt<\/span>    <\/a>\t\t\t\t\t<\/div>\n\t\t\t\t\t\t\t<\/div>\n\t\t\t<\/div>\n[\/vc_column][vc_column width=&#8221;1\/2&#8243;]\t<div class=\"edgtf-call-to-action normal\" style=\"background-color: #00bcdf;\">\n\n\t\t\t\t\t<div class=\"edgtf-call-to-action-row-75-25 clearfix\" style=\"padding: 55px 15px;\">\n\t\t\t\t\t\t<div class=\"edgtf-text-wrapper edgtf-call-to-action-column1 edgtf-call-to-action-cell left\">\n\t\t\t\t\t<div class=\"edgtf-call-to-action-text\" style=\"text-align: left\"><span class=\"wrapper-contact-next-btn-text\">Was ist eine seltene Erkrankung<\/span>\t\t\t\t\t\t\t\t\t\t\t<\/div>\n\t\t\t\t<\/div>\n\n\t\t\t\t\t\t\t\t\t<div class=\"edgtf-button-wrapper edgtf-call-to-action-column2 edgtf-call-to-action-cell\" style =\"text-align: right ;\">\n\t\t\t\t\t\t<a itemprop=\"url\" href=\"https:\/\/alan.lu\/de\/was-ist-eine-seltene-erkrankung\/\" target=\"_self\" style=\"color: #00bcdf;background-color: #ffffff;border-color: #ffffff\" class=\"edgtf-btn edgtf-btn-large edgtf-btn-solid edgtf-btn-custom-hover-bg edgtf-btn-custom-border-hover edgtf-btn-custom-hover-color\" data-hover-bg-color=\"#00bcdf\" data-hover-color=\"#ffffff\" data-hover-border-color=\"#ffffff\" >\t<span class=\"edgtf-btn-text\">Mehr Erfahren<\/span>    <\/a>\t\t\t\t\t<\/div>\n\t\t\t\t\t\t\t<\/div>\n\t\t\t<\/div>\n[\/vc_column][\/vc_row]<\/p>\n<\/div>","protected":false},"excerpt":{"rendered":"<p>[vc_row][vc_column][vc_column_text css=&#8221;&#8221;] Nationale Allianz f\u00fcr seltene Krankheiten [\/vc_column_text][\/vc_column][\/vc_row][vc_row content_width=&#8221;grid&#8221;][vc_column width=&#8221;1\/2&#8243;][vc_column_text css=&#8221;&#8221;]Im Jahr 2021 erhielt ALAN im Rahmen des Nationalen Plans f\u00fcr seltene Krankheiten vom Gesundheitsministerium das offizielle Mandat, die Nationale&#8230;<\/p>\n","protected":false},"author":2,"featured_media":0,"parent":0,"menu_order":0,"comment_status":"closed","ping_status":"closed","template":"","meta":{"give_campaign_id":0,"inline_featured_image":false,"footnotes":""},"class_list":["post-29872","page","type-page","status-publish","hentry"],"yoast_head":"<!-- This site is optimized with the Yoast SEO plugin v26.9 - https:\/\/yoast.com\/product\/yoast-seo-wordpress\/ -->\n<title>Nationale Allianz f\u00fcr seltene Krankheiten f\u00fcr Seltene Krankheiten Luxemburg - ALAN<\/title>\n<meta name=\"description\" content=\"Mit dem Nationalen Plan und seiner Umsetzung sollen in Luxemburg der gleichberechtigte Zugang zu Diagnostik, Therapien und Versorgung f\u00fcr alle von seltenen Krankheiten Betroffenen definiert und verankert werden.\" \/>\n<meta name=\"robots\" content=\"index, follow, max-snippet:-1, max-image-preview:large, max-video-preview:-1\" \/>\n<link rel=\"canonical\" href=\"https:\/\/alan.lu\/de\/nationale-allianz-fuer-seltene-krankheiten\/\" \/>\n<meta property=\"og:locale\" content=\"de_DE\" \/>\n<meta property=\"og:type\" content=\"article\" \/>\n<meta property=\"og:title\" content=\"Nationale Allianz f\u00fcr seltene Krankheiten f\u00fcr Seltene Krankheiten Luxemburg - ALAN\" \/>\n<meta property=\"og:description\" content=\"Mit dem Nationalen Plan und seiner Umsetzung sollen in Luxemburg der gleichberechtigte Zugang zu Diagnostik, Therapien und Versorgung f\u00fcr alle von seltenen Krankheiten Betroffenen definiert und verankert werden.\" \/>\n<meta property=\"og:url\" content=\"https:\/\/alan.lu\/de\/nationale-allianz-fuer-seltene-krankheiten\/\" \/>\n<meta property=\"og:site_name\" content=\"ALAN\" \/>\n<meta property=\"article:modified_time\" content=\"2025-09-22T10:09:03+00:00\" \/>\n<meta name=\"twitter:card\" content=\"summary_large_image\" \/>\n<meta name=\"twitter:label1\" content=\"Gesch\u00e4tzte Lesezeit\" \/>\n\t<meta name=\"twitter:data1\" content=\"2\u00a0Minuten\" \/>\n<script type=\"application\/ld+json\" class=\"yoast-schema-graph\">{\"@context\":\"https:\/\/schema.org\",\"@graph\":[{\"@type\":\"WebPage\",\"@id\":\"https:\/\/alan.lu\/de\/nationale-allianz-fuer-seltene-krankheiten\/\",\"url\":\"https:\/\/alan.lu\/de\/nationale-allianz-fuer-seltene-krankheiten\/\",\"name\":\"Nationale Allianz f\u00fcr seltene Krankheiten f\u00fcr Seltene Krankheiten Luxemburg - ALAN\",\"isPartOf\":{\"@id\":\"https:\/\/alan.lu\/de\/#website\"},\"datePublished\":\"2024-11-04T12:11:40+00:00\",\"dateModified\":\"2025-09-22T10:09:03+00:00\",\"description\":\"Mit dem Nationalen Plan und seiner Umsetzung sollen in Luxemburg der gleichberechtigte Zugang zu Diagnostik, Therapien und Versorgung f\u00fcr alle von seltenen Krankheiten Betroffenen definiert und verankert werden.\",\"breadcrumb\":{\"@id\":\"https:\/\/alan.lu\/de\/nationale-allianz-fuer-seltene-krankheiten\/#breadcrumb\"},\"inLanguage\":\"de\",\"potentialAction\":[{\"@type\":\"ReadAction\",\"target\":[\"https:\/\/alan.lu\/de\/nationale-allianz-fuer-seltene-krankheiten\/\"]}]},{\"@type\":\"BreadcrumbList\",\"@id\":\"https:\/\/alan.lu\/de\/nationale-allianz-fuer-seltene-krankheiten\/#breadcrumb\",\"itemListElement\":[{\"@type\":\"ListItem\",\"position\":1,\"name\":\"Accueil\",\"item\":\"https:\/\/alan.lu\/de\/\"},{\"@type\":\"ListItem\",\"position\":2,\"name\":\"Nationale Allianz f\u00fcr seltene Krankheiten\"}]},{\"@type\":\"WebSite\",\"@id\":\"https:\/\/alan.lu\/de\/#website\",\"url\":\"https:\/\/alan.lu\/de\/\",\"name\":\"ALAN\",\"description\":\"Rare Diseases Luxembourg\",\"potentialAction\":[{\"@type\":\"SearchAction\",\"target\":{\"@type\":\"EntryPoint\",\"urlTemplate\":\"https:\/\/alan.lu\/de\/?s={search_term_string}\"},\"query-input\":{\"@type\":\"PropertyValueSpecification\",\"valueRequired\":true,\"valueName\":\"search_term_string\"}}],\"inLanguage\":\"de\"}]}<\/script>\n<!-- \/ Yoast SEO plugin. -->","yoast_head_json":{"title":"Nationale Allianz f\u00fcr seltene Krankheiten f\u00fcr Seltene Krankheiten Luxemburg - ALAN","description":"Mit dem Nationalen Plan und seiner Umsetzung sollen in Luxemburg der gleichberechtigte Zugang zu Diagnostik, Therapien und Versorgung f\u00fcr alle von seltenen Krankheiten Betroffenen definiert und verankert werden.","robots":{"index":"index","follow":"follow","max-snippet":"max-snippet:-1","max-image-preview":"max-image-preview:large","max-video-preview":"max-video-preview:-1"},"canonical":"https:\/\/alan.lu\/de\/nationale-allianz-fuer-seltene-krankheiten\/","og_locale":"de_DE","og_type":"article","og_title":"Nationale Allianz f\u00fcr seltene Krankheiten f\u00fcr Seltene Krankheiten Luxemburg - ALAN","og_description":"Mit dem Nationalen Plan und seiner Umsetzung sollen in Luxemburg der gleichberechtigte Zugang zu Diagnostik, Therapien und Versorgung f\u00fcr alle von seltenen Krankheiten Betroffenen definiert und verankert werden.","og_url":"https:\/\/alan.lu\/de\/nationale-allianz-fuer-seltene-krankheiten\/","og_site_name":"ALAN","article_modified_time":"2025-09-22T10:09:03+00:00","twitter_card":"summary_large_image","twitter_misc":{"Gesch\u00e4tzte Lesezeit":"2\u00a0Minuten"},"schema":{"@context":"https:\/\/schema.org","@graph":[{"@type":"WebPage","@id":"https:\/\/alan.lu\/de\/nationale-allianz-fuer-seltene-krankheiten\/","url":"https:\/\/alan.lu\/de\/nationale-allianz-fuer-seltene-krankheiten\/","name":"Nationale Allianz f\u00fcr seltene Krankheiten f\u00fcr Seltene Krankheiten Luxemburg - ALAN","isPartOf":{"@id":"https:\/\/alan.lu\/de\/#website"},"datePublished":"2024-11-04T12:11:40+00:00","dateModified":"2025-09-22T10:09:03+00:00","description":"Mit dem Nationalen Plan und seiner Umsetzung sollen in Luxemburg der gleichberechtigte Zugang zu Diagnostik, Therapien und Versorgung f\u00fcr alle von seltenen Krankheiten Betroffenen definiert und verankert werden.","breadcrumb":{"@id":"https:\/\/alan.lu\/de\/nationale-allianz-fuer-seltene-krankheiten\/#breadcrumb"},"inLanguage":"de","potentialAction":[{"@type":"ReadAction","target":["https:\/\/alan.lu\/de\/nationale-allianz-fuer-seltene-krankheiten\/"]}]},{"@type":"BreadcrumbList","@id":"https:\/\/alan.lu\/de\/nationale-allianz-fuer-seltene-krankheiten\/#breadcrumb","itemListElement":[{"@type":"ListItem","position":1,"name":"Accueil","item":"https:\/\/alan.lu\/de\/"},{"@type":"ListItem","position":2,"name":"Nationale Allianz f\u00fcr seltene Krankheiten"}]},{"@type":"WebSite","@id":"https:\/\/alan.lu\/de\/#website","url":"https:\/\/alan.lu\/de\/","name":"ALAN","description":"Rare Diseases Luxembourg","potentialAction":[{"@type":"SearchAction","target":{"@type":"EntryPoint","urlTemplate":"https:\/\/alan.lu\/de\/?s={search_term_string}"},"query-input":{"@type":"PropertyValueSpecification","valueRequired":true,"valueName":"search_term_string"}}],"inLanguage":"de"}]}},"campaignId":"","_links":{"self":[{"href":"https:\/\/alan.lu\/de\/wp-json\/wp\/v2\/pages\/29872","targetHints":{"allow":["GET"]}}],"collection":[{"href":"https:\/\/alan.lu\/de\/wp-json\/wp\/v2\/pages"}],"about":[{"href":"https:\/\/alan.lu\/de\/wp-json\/wp\/v2\/types\/page"}],"author":[{"embeddable":true,"href":"https:\/\/alan.lu\/de\/wp-json\/wp\/v2\/users\/2"}],"replies":[{"embeddable":true,"href":"https:\/\/alan.lu\/de\/wp-json\/wp\/v2\/comments?post=29872"}],"version-history":[{"count":6,"href":"https:\/\/alan.lu\/de\/wp-json\/wp\/v2\/pages\/29872\/revisions"}],"predecessor-version":[{"id":30760,"href":"https:\/\/alan.lu\/de\/wp-json\/wp\/v2\/pages\/29872\/revisions\/30760"}],"wp:attachment":[{"href":"https:\/\/alan.lu\/de\/wp-json\/wp\/v2\/media?parent=29872"}],"curies":[{"name":"wp","href":"https:\/\/api.w.org\/{rel}","templated":true}]}}