{"id":30089,"date":"2025-01-23T09:08:48","date_gmt":"2025-01-23T08:08:48","guid":{"rendered":"https:\/\/alan.lu\/?page_id=30089"},"modified":"2026-01-23T10:10:41","modified_gmt":"2026-01-23T09:10:41","slug":"rarediseaseday2025","status":"publish","type":"page","link":"https:\/\/alan.lu\/de\/rarediseaseday2025\/","title":{"rendered":"Rare Disease Day 2025"},"content":{"rendered":"<div class=\"wpb-content-wrapper\"><p>[vc_row content_width=&#8221;grid&#8221;][vc_column][vc_column_text css=&#8221;&#8221;]<\/p>\n<h2 style=\"text-align: center;\">Rare Disease Day 2025<\/h2>\n<p>[\/vc_column_text][vc_empty_space height=&#8221;14px&#8221;]<div class=\"edgtf-separator-holder clearfix  edgtf-separator-center\">\n\t<div class=\"edgtf-separator\" style=\"border-color: #00bcdf;width: 50px;border-bottom-width: 3px;margin-top: 25px;margin-bottom: 25px\"><\/div>\n<\/div>\n[vc_empty_space height=&#8221;14px&#8221;][\/vc_column][\/vc_row][vc_row][vc_column][vc_column_text css=&#8221;&#8221;]Am 28. Februar 2025 findet der 18. Rare Disease Day (Internationaler Tag der seltenen Erkrankungen) statt. Hauptziel dieser internationalen Kampagne ist es, die \u00d6ffentlichkeit und die politischen Entscheidungstr\u00e4ger f\u00fcr seltene Erkrankungen und deren Auswirkungen auf das Leben der Betroffenen, darunter etwa 30.000 Menschen in Luxemburg, zu sensibilisieren.<\/p>\n<p>Wie jedes Jahr startet ALAN \u2013 Maladies Rares Luxembourg, die gemeinn\u00fctzige Vereinigung und nationale Allianz f\u00fcr Menschen, die im Gro\u00dfherzogtum von einer seltenen Erkrankung betroffen sind, erneut mehrere Sensibilisierungsaktionen, um das Bewusstsein und Verst\u00e4ndnis f\u00fcr diese Krankheiten zu erh\u00f6hen, von denen die meisten chronisch, fortschreitend und unheilbar sind.<\/p>\n<p>Ein gro\u00dfes Dankesch\u00f6n an alle unsere Partner, die unsere Sensibilisierungsaktionen im Rahmen des Rare Disease Day unterst\u00fctzt haben![\/vc_column_text][vc_empty_space height=&#8221;64px&#8221;][\/vc_column][\/vc_row][vc_row content_width=&#8221;grid&#8221;][vc_column][vc_column_text css=&#8221;&#8221;]<\/p>\n<h2 style=\"text-align: center;\">Das Projekt \u201eDaily Distortion\u201c<\/h2>\n<p>[\/vc_column_text][vc_empty_space height=&#8221;14px&#8221;]<div class=\"edgtf-separator-holder clearfix  edgtf-separator-center\">\n\t<div class=\"edgtf-separator\" style=\"border-color: #00bcdf;width: 50px;border-bottom-width: 3px;margin-top: 25px;margin-bottom: 25px\"><\/div>\n<\/div>\n[vc_empty_space height=&#8221;14px&#8221;][\/vc_column][\/vc_row][vc_row][vc_column][vc_column_text css=&#8221;&#8221;]In diesem Rahmen stellten ALAN und der K\u00fcnstler <a href=\"https:\/\/www.yannicktossing.com\/\"><strong>Yannick Tossing<\/strong><\/a> ihr neues gemeinsames Projekt \u201eDaily Distortion\u201c auf die Beine. Der Start des Projekts wird mit einem Empfang und der Ausstellung der Skulpturen von Herrn Tossing gefeiert. Die Skulpturen symbolisieren die Auswirkungen einer seltenen Erkrankung auf das t\u00e4gliche Leben und die Verzerrung von dem, was als \u201enormal\u201c gilt. Der Empfang findet am 28. Februar 2025 in Anwesenheit der Ministerin f\u00fcr Gesundheit und soziale Sicherheit, Martine Deprez, statt.<\/p>\n<p>F\u00fcr das Projekt \u201eDaily Distortion\u201c werden <strong>ethische und umweltbewusste T-Shirts<\/strong> verkauft, welche von Yannick Tossing entworfen und von der Fondation Kr\u00e4izbierg produziert wurden. Das Ziel des Projektes ist es, das Bewusstsein und Wissen \u00fcber seltene Erkrankungen zu f\u00f6rdern, mit einem Schwerpunkt auf der Huntington-Krankheit, welche der K\u00fcnstler in seiner eigenen Familie erlebt hat und somit zur Inspirationsquelle des Projektes wurde. Die Zeichnungen auf den T-Shirts sind von Herrn Tossings ausgestellten Skulpturen abgeleitet. Die Illustrationen veranschaulichen durch die Verformung eines Teils des abgebildeten Alltagsgegenstands die Herausforderungen, die sich bei seiner Verwendung stellen. Des Weiteren kann man Parallelen ziehen zwischen dem Aspekt der Verformung und genetischen Mutationen, die die Ursache vieler seltener Erkrankungen sind.<\/p>\n<p>Die T-Shirts k\u00f6nnen Sie ab jetzt <a href=\"https:\/\/www.yannicktossing.com\/daily-distortion\">auf Yannicks Webseite vorbestellen.<\/a>[\/vc_column_text][vc_empty_space][vc_single_image image=&#8221;30101&#8243; img_size=&#8221;full&#8221; alignment=&#8221;center&#8221; css=&#8221;&#8221;][vc_empty_space height=&#8221;64px&#8221;][\/vc_column][\/vc_row][vc_row content_width=&#8221;grid&#8221;][vc_column][vc_column_text]<\/p>\n<h2 style=\"text-align: center;\">Die \u201eGlobal Chain of Lights\u201c-Aktion<\/h2>\n<p>[\/vc_column_text][vc_empty_space height=&#8221;14px&#8221;]<div class=\"edgtf-separator-holder clearfix  edgtf-separator-center\">\n\t<div class=\"edgtf-separator\" style=\"border-color: #00bcdf;width: 50px;border-bottom-width: 3px;margin-top: 25px;margin-bottom: 25px\"><\/div>\n<\/div>\n[vc_empty_space height=&#8221;14px&#8221;][\/vc_column][\/vc_row][vc_row][vc_column][vc_column_text css=&#8221;&#8221;]Ein Highlight des Rare Disease Day ist, wie in den vergangenen Jahren, die \u201eGlobal Chain of Lights\u201c \u2013 die Beleuchtung symbolischer \u00f6ffentlicher Geb\u00e4ude und Denkm\u00e4ler auf der ganzen Welt in den Farben des Rare Disease Day. Das Ziel dieser Aktion besteht darin, ein Zeichen der Gemeinschaft und Solidarit\u00e4t zu setzen und gleichzeitig \u00fcber seltene Erkrankungen aufzukl\u00e4ren.<\/p>\n<p>F\u00fcr die Aktion \u201eGlobal Chain of Lights\u201c werden in der letzten Februarwoche 2025 mehrere symbolische Geb\u00e4ude in Luxemburg blau, rosa, gr\u00fcn und lila beleuchtet, darunter;[\/vc_column_text][vc_empty_space]<div class=\"edgtf-unordered-list  edgtf-square\" >\n<ul>\n<li>Die Abgeordnetenkammer<\/li>\n<li>Die Philharmonie<\/li>\n<li>Der Hauptsitz der Spuerkeess<\/li>\n<li>Die Hoch\u00f6fen von Belval<\/li>\n<li>Das Luxembourg Centre for Systems Biomedicine<\/li>\n<li>Das Centre Hospitaler de Luxembourg<\/li>\n<li>Das Centre Hospitalier Emile Mayrisch<\/li>\n<li>Das Centre Hospitalier du Nord<\/li>\n<li>Das H\u00f4pital Kirchberg<\/li>\n<li>Die Zithaklink<\/li>\n<li>Die Clinique Bohler<\/li>\n<li>Das Rehazenter<\/li>\n<li>Luxemburg-Stadt: der Wasserturm am Ban de Gasperich<\/li>\n<li>Esch-sur-Alzette : das Gemeindehaus<\/li>\n<li>Ernztalgemeinde : die alte Schule &amp; die Kirche in Medernach<\/li>\n<li>Grevenmacher: das Gemeindehaus<\/li>\n<li>Kehlen : das Gemeindehaus<\/li>\n<li>Mamer : das Mamer Schlass &amp; die Maison Citoyenne<\/li>\n<li>Nommern: das Gemeindehaus<\/li>\n<li>Remich: das Gemeindehaus<\/li>\n<li>Rosport-Mompach : das Gemeindehaus<\/li>\n<li>Schengen: das Gemeindehaus<\/li>\n<li>Schieren: der Centre Culturel<\/li>\n<li>Steinfort : das Gemeindehaus<\/li>\n<\/ul>\n<\/div>[vc_single_image image=&#8221;23748&#8243; img_size=&#8221;full&#8221; alignment=&#8221;center&#8221;][vc_empty_space height=&#8221;64px&#8221;][\/vc_column][\/vc_row][vc_row content_width=&#8221;grid&#8221;][vc_column][vc_column_text css=&#8221;&#8221;]<\/p>\n<h2 style=\"text-align: center;\">Die Sensibilisierungskampagne<\/h2>\n<p>[\/vc_column_text][vc_empty_space height=&#8221;14px&#8221;]<div class=\"edgtf-separator-holder clearfix  edgtf-separator-center\">\n\t<div class=\"edgtf-separator\" style=\"border-color: #00bcdf;width: 50px;border-bottom-width: 3px;margin-top: 25px;margin-bottom: 25px\"><\/div>\n<\/div>\n[vc_empty_space height=&#8221;14px&#8221;][vc_column_text css=&#8221;&#8221;]Neben der Ausstellung und der Beleuchtung der Geb\u00e4ude organisieren die Vereinigung ALAN und ihre Partner weitere Sensibilisierungsaktionen:<\/p>\n<ul>\n<li>am 27. Februar 2025: einen Sensibilisierungstag mit Konferenz im Centre Hospitalier de Luxembourg (CHL),<\/li>\n<li>am 28. Februar 2025: einen Sensibilisierungstag im Centre Hospitalier Emile Mayrisch (CHEM),<\/li>\n<li>w\u00e4hrend des ganzen Monats Februar: eine Kampagne in den sozialen Netzwerken, insbesondere <a href=\"https:\/\/www.tiktok.com\/@alan_maladies_rares_lux\">TikTok<\/a>, <a href=\"https:\/\/www.facebook.com\/alanmaladiesraresluxembourg\">Facebook,<\/a>und <a href=\"https:\/\/www.instagram.com\/alanmaladiesraresluxembourg\/\">Instagram<\/a>, mit Videos, Infografiken und Fotos, die auf die konkreten Auswirkungen und t\u00e4glichen Schwierigkeiten, die eine seltene Erkrankung mit sich bringt, aufmerksam macht.<\/li>\n<\/ul>\n<p>[\/vc_column_text][vc_empty_space height=&#8221;64px&#8221;][\/vc_column][\/vc_row][vc_row content_width=&#8221;grid&#8221;][vc_column][vc_column_text]<\/p>\n<h2 style=\"text-align: center;\">Machen Sie beim Rare Disease Day mit!<\/h2>\n<p>[\/vc_column_text][vc_empty_space height=&#8221;14px&#8221;]<div class=\"edgtf-separator-holder clearfix  edgtf-separator-center\">\n\t<div class=\"edgtf-separator\" style=\"border-color: #00bcdf;width: 50px;border-bottom-width: 3px;margin-top: 25px;margin-bottom: 25px\"><\/div>\n<\/div>\n[vc_empty_space][vc_column_text css=&#8221;&#8221;]Folgen Sie unseren\u00a0<a href=\"https:\/\/www.facebook.com\/alanmaladiesraresluxembourg\">Facebook<\/a>\u2013 ,\u00a0<a href=\"https:\/\/www.instagram.com\/alanmaladiesraresluxembourg\/\">Instagram<\/a>\u00a0und\u00a0<a href=\"https:\/\/www.tiktok.com\/@alan_maladies_rares_lux\">TikTok<\/a>-Seiten, und teilen Sie unsere Bilder und Videos um den Rare Disease Day zu unterst\u00fctzen und an der Diskussion teilzunehmen.[\/vc_column_text][vc_empty_space height=&#8221;64px&#8221;][\/vc_column][\/vc_row][vc_row content_width=&#8221;grid&#8221; css=&#8221;.vc_custom_1603354399161{padding-top: 36px !important;padding-bottom: 41px !important;}&#8221; el_id=&#8221;wrapper-contact-next-btn&#8221;][vc_column width=&#8221;1\/2&#8243;]\t<div class=\"edgtf-call-to-action normal\" style=\"background-color: #00b4dd;\">\n\n\t\t\t\t\t<div class=\"edgtf-call-to-action-row-75-25 clearfix\" style=\"padding: 55px 15px;\">\n\t\t\t\t\t\t<div class=\"edgtf-text-wrapper edgtf-call-to-action-column1 edgtf-call-to-action-cell left\">\n\t\t\t\t\t<div class=\"edgtf-call-to-action-text\" style=\"text-align: left\"><span style=\"color: #ffffff;\">Was ist eine seltene Erkrankung?<\/span>\t\t\t\t\t\t\t\t\t\t\t<\/div>\n\t\t\t\t<\/div>\n\n\t\t\t\t\t\t\t\t\t<div class=\"edgtf-button-wrapper edgtf-call-to-action-column2 edgtf-call-to-action-cell\" style =\"text-align: right ;\">\n\t\t\t\t\t\t<a itemprop=\"url\" href=\"https:\/\/alan.lu\/de\/was-ist-eine-seltene-erkrankung\/\" target=\"_self\" style=\"color: #00b4dd;background-color: #ffffff;border-color: #ffffff\" class=\"edgtf-btn edgtf-btn-large edgtf-btn-solid edgtf-btn-custom-hover-bg edgtf-btn-custom-border-hover edgtf-btn-custom-hover-color\" data-hover-bg-color=\"#00b4dd\" data-hover-color=\"#ffffff\" data-hover-border-color=\"#ffffff\" >\t<span class=\"edgtf-btn-text\">mehr erfahren<\/span>    <\/a>\t\t\t\t\t<\/div>\n\t\t\t\t\t\t\t<\/div>\n\t\t\t<\/div>\n[\/vc_column][vc_column width=&#8221;1\/2&#8243;]\t<div class=\"edgtf-call-to-action normal\" style=\"background-color: #00b4dd;\">\n\n\t\t\t\t\t<div class=\"edgtf-call-to-action-row-75-25 clearfix\" style=\"padding: 55px 15px;\">\n\t\t\t\t\t\t<div class=\"edgtf-text-wrapper edgtf-call-to-action-column1 edgtf-call-to-action-cell left\">\n\t\t\t\t\t<div class=\"edgtf-call-to-action-text\" style=\"text-align: left\"><span style=\"color: #ffffff;\">Beratung &amp; Unterst\u00fctzung<\/span>\t\t\t\t\t\t\t\t\t\t\t<\/div>\n\t\t\t\t<\/div>\n\n\t\t\t\t\t\t\t\t\t<div class=\"edgtf-button-wrapper edgtf-call-to-action-column2 edgtf-call-to-action-cell\" style =\"text-align: right ;\">\n\t\t\t\t\t\t<a itemprop=\"url\" href=\"https:\/\/alan.lu\/de\/beratung-und-unterstuetzung\/\" target=\"_self\" style=\"color: #00b4dd;background-color: #ffffff;border-color: #ffffff\" class=\"edgtf-btn edgtf-btn-large edgtf-btn-solid edgtf-btn-custom-hover-bg edgtf-btn-custom-border-hover edgtf-btn-custom-hover-color\" data-hover-bg-color=\"#00b4dd\" data-hover-color=\"#ffffff\" data-hover-border-color=\"#ffffff\" >\t<span class=\"edgtf-btn-text\">mehr erfahren<\/span>    <\/a>\t\t\t\t\t<\/div>\n\t\t\t\t\t\t\t<\/div>\n\t\t\t<\/div>\n[\/vc_column][\/vc_row]<\/p>\n<\/div>","protected":false},"excerpt":{"rendered":"<p>[vc_row content_width=&#8221;grid&#8221;][vc_column][vc_column_text css=&#8221;&#8221;] Rare Disease Day 2025 [\/vc_column_text][vc_empty_space height=&#8221;14px&#8221;][vc_empty_space height=&#8221;14px&#8221;][\/vc_column][\/vc_row][vc_row][vc_column][vc_column_text css=&#8221;&#8221;]Am 28. Februar 2025 findet der 18. Rare Disease Day (Internationaler Tag der seltenen Erkrankungen) statt. Hauptziel dieser internationalen Kampagne&#8230;<\/p>\n","protected":false},"author":2,"featured_media":0,"parent":0,"menu_order":0,"comment_status":"closed","ping_status":"closed","template":"","meta":{"give_campaign_id":0,"inline_featured_image":false,"footnotes":""},"class_list":["post-30089","page","type-page","status-publish","hentry"],"yoast_head":"<!-- This site is optimized with the Yoast SEO plugin v26.9 - https:\/\/yoast.com\/product\/yoast-seo-wordpress\/ -->\n<title>Rare Disease Day 2025, - ALAN<\/title>\n<meta name=\"description\" content=\"This year for Rare Disease Day ALAN and its partners focus their campaign on two actions: the \u201cGlobal Chain of Lights\u201d and the photo exhibition \u201cRaReflections. These actions are accompanied by an intensive and interactive social media campaign.\" \/>\n<meta name=\"robots\" content=\"noindex, follow\" \/>\n<meta property=\"og:locale\" content=\"de_DE\" \/>\n<meta property=\"og:type\" content=\"article\" \/>\n<meta property=\"og:title\" content=\"Rare Disease Day 2025, - ALAN\" \/>\n<meta property=\"og:description\" content=\"This year for Rare Disease Day ALAN and its partners focus their campaign on two actions: the \u201cGlobal Chain of Lights\u201d and the photo exhibition \u201cRaReflections. These actions are accompanied by an intensive and interactive social media campaign.\" \/>\n<meta property=\"og:url\" content=\"https:\/\/alan.lu\/de\/rarediseaseday2025\/\" \/>\n<meta property=\"og:site_name\" content=\"ALAN\" \/>\n<meta property=\"article:modified_time\" content=\"2026-01-23T09:10:41+00:00\" \/>\n<meta name=\"twitter:card\" content=\"summary_large_image\" \/>\n<meta name=\"twitter:label1\" content=\"Gesch\u00e4tzte Lesezeit\" \/>\n\t<meta name=\"twitter:data1\" content=\"4\u00a0Minuten\" \/>\n<script type=\"application\/ld+json\" class=\"yoast-schema-graph\">{\"@context\":\"https:\/\/schema.org\",\"@graph\":[{\"@type\":\"WebPage\",\"@id\":\"https:\/\/alan.lu\/de\/rarediseaseday2025\/\",\"url\":\"https:\/\/alan.lu\/de\/rarediseaseday2025\/\",\"name\":\"Rare Disease Day 2025, - ALAN\",\"isPartOf\":{\"@id\":\"https:\/\/alan.lu\/de\/#website\"},\"datePublished\":\"2025-01-23T08:08:48+00:00\",\"dateModified\":\"2026-01-23T09:10:41+00:00\",\"description\":\"This year for Rare Disease Day ALAN and its partners focus their campaign on two actions: the \u201cGlobal Chain of Lights\u201d and the photo exhibition \u201cRaReflections. These actions are accompanied by an intensive and interactive social media campaign.\",\"breadcrumb\":{\"@id\":\"https:\/\/alan.lu\/de\/rarediseaseday2025\/#breadcrumb\"},\"inLanguage\":\"de\",\"potentialAction\":[{\"@type\":\"ReadAction\",\"target\":[\"https:\/\/alan.lu\/de\/rarediseaseday2025\/\"]}]},{\"@type\":\"BreadcrumbList\",\"@id\":\"https:\/\/alan.lu\/de\/rarediseaseday2025\/#breadcrumb\",\"itemListElement\":[{\"@type\":\"ListItem\",\"position\":1,\"name\":\"Accueil\",\"item\":\"https:\/\/alan.lu\/de\/\"},{\"@type\":\"ListItem\",\"position\":2,\"name\":\"Rare Disease Day 2025\"}]},{\"@type\":\"WebSite\",\"@id\":\"https:\/\/alan.lu\/de\/#website\",\"url\":\"https:\/\/alan.lu\/de\/\",\"name\":\"ALAN\",\"description\":\"Rare Diseases Luxembourg\",\"potentialAction\":[{\"@type\":\"SearchAction\",\"target\":{\"@type\":\"EntryPoint\",\"urlTemplate\":\"https:\/\/alan.lu\/de\/?s={search_term_string}\"},\"query-input\":{\"@type\":\"PropertyValueSpecification\",\"valueRequired\":true,\"valueName\":\"search_term_string\"}}],\"inLanguage\":\"de\"}]}<\/script>\n<!-- \/ Yoast SEO plugin. -->","yoast_head_json":{"title":"Rare Disease Day 2025, - ALAN","description":"This year for Rare Disease Day ALAN and its partners focus their campaign on two actions: the \u201cGlobal Chain of Lights\u201d and the photo exhibition \u201cRaReflections. These actions are accompanied by an intensive and interactive social media campaign.","robots":{"index":"noindex","follow":"follow"},"og_locale":"de_DE","og_type":"article","og_title":"Rare Disease Day 2025, - ALAN","og_description":"This year for Rare Disease Day ALAN and its partners focus their campaign on two actions: the \u201cGlobal Chain of Lights\u201d and the photo exhibition \u201cRaReflections. These actions are accompanied by an intensive and interactive social media campaign.","og_url":"https:\/\/alan.lu\/de\/rarediseaseday2025\/","og_site_name":"ALAN","article_modified_time":"2026-01-23T09:10:41+00:00","twitter_card":"summary_large_image","twitter_misc":{"Gesch\u00e4tzte Lesezeit":"4\u00a0Minuten"},"schema":{"@context":"https:\/\/schema.org","@graph":[{"@type":"WebPage","@id":"https:\/\/alan.lu\/de\/rarediseaseday2025\/","url":"https:\/\/alan.lu\/de\/rarediseaseday2025\/","name":"Rare Disease Day 2025, - ALAN","isPartOf":{"@id":"https:\/\/alan.lu\/de\/#website"},"datePublished":"2025-01-23T08:08:48+00:00","dateModified":"2026-01-23T09:10:41+00:00","description":"This year for Rare Disease Day ALAN and its partners focus their campaign on two actions: the \u201cGlobal Chain of Lights\u201d and the photo exhibition \u201cRaReflections. These actions are accompanied by an intensive and interactive social media campaign.","breadcrumb":{"@id":"https:\/\/alan.lu\/de\/rarediseaseday2025\/#breadcrumb"},"inLanguage":"de","potentialAction":[{"@type":"ReadAction","target":["https:\/\/alan.lu\/de\/rarediseaseday2025\/"]}]},{"@type":"BreadcrumbList","@id":"https:\/\/alan.lu\/de\/rarediseaseday2025\/#breadcrumb","itemListElement":[{"@type":"ListItem","position":1,"name":"Accueil","item":"https:\/\/alan.lu\/de\/"},{"@type":"ListItem","position":2,"name":"Rare Disease Day 2025"}]},{"@type":"WebSite","@id":"https:\/\/alan.lu\/de\/#website","url":"https:\/\/alan.lu\/de\/","name":"ALAN","description":"Rare Diseases Luxembourg","potentialAction":[{"@type":"SearchAction","target":{"@type":"EntryPoint","urlTemplate":"https:\/\/alan.lu\/de\/?s={search_term_string}"},"query-input":{"@type":"PropertyValueSpecification","valueRequired":true,"valueName":"search_term_string"}}],"inLanguage":"de"}]}},"campaignId":"","_links":{"self":[{"href":"https:\/\/alan.lu\/de\/wp-json\/wp\/v2\/pages\/30089","targetHints":{"allow":["GET"]}}],"collection":[{"href":"https:\/\/alan.lu\/de\/wp-json\/wp\/v2\/pages"}],"about":[{"href":"https:\/\/alan.lu\/de\/wp-json\/wp\/v2\/types\/page"}],"author":[{"embeddable":true,"href":"https:\/\/alan.lu\/de\/wp-json\/wp\/v2\/users\/2"}],"replies":[{"embeddable":true,"href":"https:\/\/alan.lu\/de\/wp-json\/wp\/v2\/comments?post=30089"}],"version-history":[{"count":16,"href":"https:\/\/alan.lu\/de\/wp-json\/wp\/v2\/pages\/30089\/revisions"}],"predecessor-version":[{"id":30225,"href":"https:\/\/alan.lu\/de\/wp-json\/wp\/v2\/pages\/30089\/revisions\/30225"}],"wp:attachment":[{"href":"https:\/\/alan.lu\/de\/wp-json\/wp\/v2\/media?parent=30089"}],"curies":[{"name":"wp","href":"https:\/\/api.w.org\/{rel}","templated":true}]}}