{"id":31105,"date":"2026-01-23T12:59:20","date_gmt":"2026-01-23T11:59:20","guid":{"rendered":"https:\/\/alan.lu\/?page_id=31105"},"modified":"2026-03-02T10:57:22","modified_gmt":"2026-03-02T09:57:22","slug":"rarediseaseday2026","status":"publish","type":"page","link":"https:\/\/alan.lu\/de\/rarediseaseday2026\/","title":{"rendered":"Rare Disease Day 2026"},"content":{"rendered":"<div class=\"wpb-content-wrapper\"><p>[vc_row content_width=&#8221;grid&#8221;][vc_column][vc_column_text css=&#8221;&#8221;]<\/p>\n<h2 style=\"text-align: center;\">Rare Disease Day 2026<\/h2>\n<p>[\/vc_column_text][vc_empty_space height=&#8221;14px&#8221;]<div class=\"edgtf-separator-holder clearfix  edgtf-separator-center\">\n\t<div class=\"edgtf-separator\" style=\"border-color: #00bcdf;width: 50px;border-bottom-width: 3px;margin-top: 25px;margin-bottom: 25px\"><\/div>\n<\/div>\n[vc_empty_space height=&#8221;14px&#8221;][\/vc_column][\/vc_row][vc_row][vc_column][vc_column_text css=&#8221;&#8221;]Am 28. Februar 2026 findet der 19. Rare Disease Day (Internationaler Tag der seltenen Erkrankungen) statt. Hauptziel dieser internationalen Kampagne ist es, die \u00d6ffentlichkeit und die politischen Entscheidungstr\u00e4ger f\u00fcr seltene Erkrankungen und deren Auswirkungen auf das Leben der Betroffenen, darunter etwa 30.000 Menschen in Luxemburg, zu sensibilisieren.<\/p>\n<p>Wie jedes Jahr startet ALAN \u2013 Maladies Rares Luxembourg, die gemeinn\u00fctzige Vereinigung und nationale Allianz f\u00fcr Menschen, die im Gro\u00dfherzogtum von einer seltenen Erkrankung betroffen sind, erneut mehrere Sensibilisierungsaktionen, um das Bewusstsein und Verst\u00e4ndnis f\u00fcr diese Krankheiten zu erh\u00f6hen, von denen die meisten chronisch, fortschreitend und unheilbar sind.<\/p>\n<p>Ein gro\u00dfes Dankesch\u00f6n an alle unsere Partner, die unsere Sensibilisierungsaktionen im Rahmen des Rare Disease Day unterst\u00fctzt haben![\/vc_column_text][vc_empty_space height=&#8221;64px&#8221;][\/vc_column][\/vc_row][vc_row content_width=&#8221;grid&#8221;][vc_column][vc_column_text css=&#8221;&#8221;]<\/p>\n<h2 style=\"text-align: center;\">\u201eRare Voices\u201c: eine Feier der Resilienz der Gemeinschaft der seltenen Erkrankungen<\/h2>\n<p>[\/vc_column_text][vc_empty_space height=&#8221;14px&#8221;]<div class=\"edgtf-separator-holder clearfix  edgtf-separator-center\">\n\t<div class=\"edgtf-separator\" style=\"border-color: #00bcdf;width: 50px;border-bottom-width: 3px;margin-top: 25px;margin-bottom: 25px\"><\/div>\n<\/div>\n[vc_empty_space height=&#8221;14px&#8221;][\/vc_column][\/vc_row][vc_row][vc_column][vc_column_text css=&#8221;&#8221;]Im Rahmen des Rare Disease Day organisiert ALAN den Abend \u201eRare Voices\u201c, der Menschen mit einer seltenen Erkrankung eine Stimme und eine B\u00fchne bietet. Durch kreatives Schreiben erkunden <strong>Nathalie Scheer, Jean-Francis Covi, Lara Post, Samuel Coljon, Carine Hentz, Hannah Hommel, Corinne Thill und Benny Michaels<\/strong> das Thema Resilienz und schaffen einen Raum f\u00fcr Austausch und Empathie.<\/p>\n<p>Die Veranstaltung findet am 27. Februar 2026 in Anwesenheit von Martine Deprez, Ministerin f\u00fcr Gesundheit und soziale Sicherheit, mit der gro\u00dfz\u00fcgigen Unterst\u00fctzung des Rotary Club Schengen-Mondorf-les-Bains und von Schroeder &amp; Associ\u00e9s SA, statt.<\/p>\n<p>Die w\u00e4hrend des Abends pr\u00e4sentierten Gedichte, Kurzgeschichten, Kindergeschichten und Theaterszenen bilden anschlie\u00dfend das zentrale Element der diesj\u00e4hrigen Online\u2011Sensibilisierungskampagne. Vergessen Sie also nicht, unseren\u00a0<a href=\"https:\/\/www.facebook.com\/alanmaladiesraresluxembourg\">Facebook<\/a>\u2013 ,\u00a0<a href=\"https:\/\/www.instagram.com\/alanmaladiesraresluxembourg\/\">Instagram<\/a>\u00a0und\u00a0<a href=\"https:\/\/www.tiktok.com\/@alan_maladies_rares_lux\">TikTok<\/a>-Seiten zu folgen, damit Sie die Videos nicht verpassen.[\/vc_column_text][vc_empty_space][vc_single_image image=&#8221;31111&#8243; img_size=&#8221;full&#8221; alignment=&#8221;center&#8221; css=&#8221;&#8221;][vc_empty_space height=&#8221;64px&#8221;][\/vc_column][\/vc_row][vc_row content_width=&#8221;grid&#8221;][vc_column][vc_column_text]<\/p>\n<h2 style=\"text-align: center;\">Die \u201eGlobal Chain of Lights\u201c-Aktion<\/h2>\n<p>[\/vc_column_text][vc_empty_space height=&#8221;14px&#8221;]<div class=\"edgtf-separator-holder clearfix  edgtf-separator-center\">\n\t<div class=\"edgtf-separator\" style=\"border-color: #00bcdf;width: 50px;border-bottom-width: 3px;margin-top: 25px;margin-bottom: 25px\"><\/div>\n<\/div>\n[vc_empty_space height=&#8221;14px&#8221;][\/vc_column][\/vc_row][vc_row][vc_column][vc_column_text css=&#8221;&#8221;]Ein Highlight des Rare Disease Day ist, wie in den vergangenen Jahren, die \u201eGlobal Chain of Lights\u201c \u2013 die Beleuchtung symbolischer \u00f6ffentlicher Geb\u00e4ude und Denkm\u00e4ler auf der ganzen Welt in den Farben des Rare Disease Day. Das Ziel dieser Aktion besteht darin, ein Zeichen der Gemeinschaft und Solidarit\u00e4t zu setzen und gleichzeitig \u00fcber seltene Erkrankungen aufzukl\u00e4ren.<\/p>\n<p>F\u00fcr die Aktion \u201eGlobal Chain of Lights\u201c werden in der letzten Februarwoche 2026 mehrere symbolische Geb\u00e4ude in Luxemburg blau, rosa, gr\u00fcn und lila beleuchtet, darunter;[\/vc_column_text][vc_empty_space]<div class=\"edgtf-unordered-list  edgtf-square\" >\n<ul>\n<li>Der gro\u00dfherzogliche Palast<\/li>\n<li>Die Abgeordnetenkammer<\/li>\n<li>Die Banque centrale de Luxembourg<\/li>\n<li>Der Hauptsitz der Spuerkeess<\/li>\n<li>Die Hoch\u00f6fen von Belval<\/li>\n<li>Die Philharmonie<\/li>\n<li>Das Centre Hospitaler de Luxembourg<\/li>\n<li>Das Centre Hospitalier Emile Mayrisch<\/li>\n<li>Das Centre Hospitalier du Nord<\/li>\n<li>Das H\u00f4pital Kirchberg<\/li>\n<li>Die Zithaklink<\/li>\n<li>Die Clinique Bohler<\/li>\n<li>Das Rehazenter<\/li>\n<li>Das Luxembourg Centre for Systems Biomedicine<\/li>\n<li>Luxemburg-Stadt: der Wasserturm am Ban de Gasperich<\/li>\n<li>Biwer : das Gemeindehaus<\/li>\n<li>Colmar-Berg : das Gemeindehaus<\/li>\n<li>Grevenmacher : das Gemeindehaus<\/li>\n<li>Kehlen : das Gemeindehaus<\/li>\n<li>Mamer : das Mamer Schlass &amp; die Maison Citoyenne<\/li>\n<li>Manternach : das Gemeindehaus<\/li>\n<li>Niederanven : das Gemeindehaus<\/li>\n<li>Nommern: das Gemeindehaus<\/li>\n<li>Remich: das Centre visit Remich<\/li>\n<li>Rosport-Mompach : das Gemeindehaus<\/li>\n<li>Schieren: der Centre Culturel<\/li>\n<li>Schengen: das Gemeindehaus<\/li>\n<li>Schifflange : das Gemeindehaus<\/li>\n<li>Wiltz : das Schloss<\/li>\n<\/ul>\n<\/div>[vc_single_image image=&#8221;23748&#8243; img_size=&#8221;full&#8221; alignment=&#8221;center&#8221;][vc_empty_space height=&#8221;64px&#8221;][\/vc_column][\/vc_row][vc_row content_width=&#8221;grid&#8221;][vc_column][vc_column_text css=&#8221;&#8221;]<\/p>\n<h2 style=\"text-align: center;\">Die Sensibilisierungskampagne<\/h2>\n<p>[\/vc_column_text][vc_empty_space height=&#8221;14px&#8221;]<div class=\"edgtf-separator-holder clearfix  edgtf-separator-center\">\n\t<div class=\"edgtf-separator\" style=\"border-color: #00bcdf;width: 50px;border-bottom-width: 3px;margin-top: 25px;margin-bottom: 25px\"><\/div>\n<\/div>\n[vc_empty_space height=&#8221;14px&#8221;][vc_column_text css=&#8221;&#8221;]Neben der \u201eRare Voices\u201c Veranstaltung und der Beleuchtung der Geb\u00e4ude organisieren die Vereinigung ALAN und ihre Partner weitere Sensibilisierungsaktionen:<\/p>\n<ul>\n<li>am 25. Februar 2026: einen Sensibilisierungstag im Centre Hospitalier du Nord (CHdN),<\/li>\n<li>am 26. Februar 2026: einen Sensibilisierungstag im Centre Hospitalier Emile Mayrisch (CHEM),<\/li>\n<li>am 27. Februar 2026: einen Sensibilisierungstag im Centre Hospitalier de Luxembourg (CHL),<\/li>\n<li>w\u00e4hrend des ganzen Monats Februar: eine Kampagne in den sozialen Netzwerken, insbesondere auf <a href=\"https:\/\/www.tiktok.com\/@alan_maladies_rares_lux\">TikTok<\/a>, <a href=\"https:\/\/www.instagram.com\/alanmaladiesraresluxembourg\/\">Instagram<\/a> und <a href=\"https:\/\/www.facebook.com\/alanmaladiesraresluxembourg\">Facebook<\/a>, basierend auf den pers\u00f6nlichen Texten des Projekts \u201eRare Voices\u201c.<\/li>\n<\/ul>\n<p>[\/vc_column_text][vc_empty_space height=&#8221;64px&#8221;][\/vc_column][\/vc_row][vc_row content_width=&#8221;grid&#8221;][vc_column][vc_column_text]<\/p>\n<h2 style=\"text-align: center;\">Machen Sie beim Rare Disease Day mit!<\/h2>\n<p>[\/vc_column_text][vc_empty_space height=&#8221;14px&#8221;]<div class=\"edgtf-separator-holder clearfix  edgtf-separator-center\">\n\t<div class=\"edgtf-separator\" style=\"border-color: #00bcdf;width: 50px;border-bottom-width: 3px;margin-top: 25px;margin-bottom: 25px\"><\/div>\n<\/div>\n[vc_empty_space][vc_column_text css=&#8221;&#8221;]Folgen Sie unseren\u00a0<a href=\"https:\/\/www.facebook.com\/alanmaladiesraresluxembourg\">Facebook<\/a>\u2013 ,\u00a0<a href=\"https:\/\/www.instagram.com\/alanmaladiesraresluxembourg\/\">Instagram<\/a>\u00a0und\u00a0<a href=\"https:\/\/www.tiktok.com\/@alan_maladies_rares_lux\">TikTok<\/a>-Seiten, und teilen Sie unsere Bilder und Videos um den Rare Disease Day zu unterst\u00fctzen und an der Diskussion teilzunehmen.[\/vc_column_text][vc_empty_space height=&#8221;64px&#8221;][\/vc_column][\/vc_row][vc_row content_width=&#8221;grid&#8221; css=&#8221;.vc_custom_1603354399161{padding-top: 36px !important;padding-bottom: 41px !important;}&#8221; el_id=&#8221;wrapper-contact-next-btn&#8221;][vc_column width=&#8221;1\/2&#8243;]\t<div class=\"edgtf-call-to-action normal\" style=\"background-color: #00b4dd;\">\n\n\t\t\t\t\t<div class=\"edgtf-call-to-action-row-75-25 clearfix\" style=\"padding: 55px 15px;\">\n\t\t\t\t\t\t<div class=\"edgtf-text-wrapper edgtf-call-to-action-column1 edgtf-call-to-action-cell left\">\n\t\t\t\t\t<div class=\"edgtf-call-to-action-text\" style=\"text-align: left\"><span style=\"color: #ffffff;\">Was ist eine seltene Erkrankung?<\/span>\t\t\t\t\t\t\t\t\t\t\t<\/div>\n\t\t\t\t<\/div>\n\n\t\t\t\t\t\t\t\t\t<div class=\"edgtf-button-wrapper edgtf-call-to-action-column2 edgtf-call-to-action-cell\" style =\"text-align: right ;\">\n\t\t\t\t\t\t<a itemprop=\"url\" href=\"https:\/\/alan.lu\/de\/was-ist-eine-seltene-erkrankung\/\" target=\"_self\" style=\"color: #00b4dd;background-color: #ffffff;border-color: #ffffff\" class=\"edgtf-btn edgtf-btn-large edgtf-btn-solid edgtf-btn-custom-hover-bg edgtf-btn-custom-border-hover edgtf-btn-custom-hover-color\" data-hover-bg-color=\"#00b4dd\" data-hover-color=\"#ffffff\" data-hover-border-color=\"#ffffff\" >\t<span class=\"edgtf-btn-text\">mehr erfahren<\/span>    <\/a>\t\t\t\t\t<\/div>\n\t\t\t\t\t\t\t<\/div>\n\t\t\t<\/div>\n[\/vc_column][vc_column width=&#8221;1\/2&#8243;]\t<div class=\"edgtf-call-to-action normal\" style=\"background-color: #00b4dd;\">\n\n\t\t\t\t\t<div class=\"edgtf-call-to-action-row-75-25 clearfix\" style=\"padding: 55px 15px;\">\n\t\t\t\t\t\t<div class=\"edgtf-text-wrapper edgtf-call-to-action-column1 edgtf-call-to-action-cell left\">\n\t\t\t\t\t<div class=\"edgtf-call-to-action-text\" style=\"text-align: left\"><span style=\"color: #ffffff;\">Beratung &amp; Unterst\u00fctzung<\/span>\t\t\t\t\t\t\t\t\t\t\t<\/div>\n\t\t\t\t<\/div>\n\n\t\t\t\t\t\t\t\t\t<div class=\"edgtf-button-wrapper edgtf-call-to-action-column2 edgtf-call-to-action-cell\" style =\"text-align: right ;\">\n\t\t\t\t\t\t<a itemprop=\"url\" href=\"https:\/\/alan.lu\/de\/beratung-und-unterstuetzung\/\" target=\"_self\" style=\"color: #00b4dd;background-color: #ffffff;border-color: #ffffff\" class=\"edgtf-btn edgtf-btn-large edgtf-btn-solid edgtf-btn-custom-hover-bg edgtf-btn-custom-border-hover edgtf-btn-custom-hover-color\" data-hover-bg-color=\"#00b4dd\" data-hover-color=\"#ffffff\" data-hover-border-color=\"#ffffff\" >\t<span class=\"edgtf-btn-text\">mehr erfahren<\/span>    <\/a>\t\t\t\t\t<\/div>\n\t\t\t\t\t\t\t<\/div>\n\t\t\t<\/div>\n[\/vc_column][\/vc_row]<\/p>\n<\/div>","protected":false},"excerpt":{"rendered":"<p>[vc_row content_width=&#8221;grid&#8221;][vc_column][vc_column_text css=&#8221;&#8221;] Rare Disease Day 2026 [\/vc_column_text][vc_empty_space height=&#8221;14px&#8221;][vc_empty_space height=&#8221;14px&#8221;][\/vc_column][\/vc_row][vc_row][vc_column][vc_column_text css=&#8221;&#8221;]Am 28. Februar 2026 findet der 19. Rare Disease Day (Internationaler Tag der seltenen Erkrankungen) statt. Hauptziel dieser internationalen Kampagne&#8230;<\/p>\n","protected":false},"author":2,"featured_media":0,"parent":0,"menu_order":0,"comment_status":"closed","ping_status":"closed","template":"","meta":{"give_campaign_id":0,"inline_featured_image":false,"footnotes":""},"class_list":["post-31105","page","type-page","status-publish","hentry"],"yoast_head":"<!-- This site is optimized with the Yoast SEO plugin v26.9 - https:\/\/yoast.com\/product\/yoast-seo-wordpress\/ -->\n<title>Rare Disease Day 2026, - ALAN<\/title>\n<meta name=\"description\" content=\"Im Rahemn des Rare Disease Day 2026 organis\u00e9iert ALAN \u201eRare Voices\u201c: eine Feier der Resilienz der Gemeinschaft der seltenen Erkrankungen\" \/>\n<meta name=\"robots\" content=\"noindex, follow\" \/>\n<meta property=\"og:locale\" content=\"de_DE\" \/>\n<meta property=\"og:type\" content=\"article\" \/>\n<meta property=\"og:title\" content=\"Rare Disease Day 2026, - ALAN\" \/>\n<meta property=\"og:description\" content=\"Im Rahemn des Rare Disease Day 2026 organis\u00e9iert ALAN \u201eRare Voices\u201c: eine Feier der Resilienz der Gemeinschaft der seltenen Erkrankungen\" \/>\n<meta property=\"og:url\" content=\"https:\/\/alan.lu\/de\/rarediseaseday2026\/\" \/>\n<meta property=\"og:site_name\" content=\"ALAN\" \/>\n<meta property=\"article:modified_time\" content=\"2026-03-02T09:57:22+00:00\" \/>\n<meta name=\"twitter:card\" content=\"summary_large_image\" \/>\n<meta name=\"twitter:label1\" content=\"Gesch\u00e4tzte Lesezeit\" \/>\n\t<meta name=\"twitter:data1\" content=\"3\u00a0Minuten\" \/>\n<script type=\"application\/ld+json\" class=\"yoast-schema-graph\">{\"@context\":\"https:\/\/schema.org\",\"@graph\":[{\"@type\":\"WebPage\",\"@id\":\"https:\/\/alan.lu\/de\/rarediseaseday2026\/\",\"url\":\"https:\/\/alan.lu\/de\/rarediseaseday2026\/\",\"name\":\"Rare Disease Day 2026, - ALAN\",\"isPartOf\":{\"@id\":\"https:\/\/alan.lu\/de\/#website\"},\"datePublished\":\"2026-01-23T11:59:20+00:00\",\"dateModified\":\"2026-03-02T09:57:22+00:00\",\"description\":\"Im Rahemn des Rare Disease Day 2026 organis\u00e9iert ALAN \u201eRare Voices\u201c: eine Feier der Resilienz der Gemeinschaft der seltenen Erkrankungen\",\"breadcrumb\":{\"@id\":\"https:\/\/alan.lu\/de\/rarediseaseday2026\/#breadcrumb\"},\"inLanguage\":\"de\",\"potentialAction\":[{\"@type\":\"ReadAction\",\"target\":[\"https:\/\/alan.lu\/de\/rarediseaseday2026\/\"]}]},{\"@type\":\"BreadcrumbList\",\"@id\":\"https:\/\/alan.lu\/de\/rarediseaseday2026\/#breadcrumb\",\"itemListElement\":[{\"@type\":\"ListItem\",\"position\":1,\"name\":\"Accueil\",\"item\":\"https:\/\/alan.lu\/de\/\"},{\"@type\":\"ListItem\",\"position\":2,\"name\":\"Rare Disease Day 2026\"}]},{\"@type\":\"WebSite\",\"@id\":\"https:\/\/alan.lu\/de\/#website\",\"url\":\"https:\/\/alan.lu\/de\/\",\"name\":\"ALAN\",\"description\":\"Rare Diseases Luxembourg\",\"potentialAction\":[{\"@type\":\"SearchAction\",\"target\":{\"@type\":\"EntryPoint\",\"urlTemplate\":\"https:\/\/alan.lu\/de\/?s={search_term_string}\"},\"query-input\":{\"@type\":\"PropertyValueSpecification\",\"valueRequired\":true,\"valueName\":\"search_term_string\"}}],\"inLanguage\":\"de\"}]}<\/script>\n<!-- \/ Yoast SEO plugin. -->","yoast_head_json":{"title":"Rare Disease Day 2026, - ALAN","description":"Im Rahemn des Rare Disease Day 2026 organis\u00e9iert ALAN \u201eRare Voices\u201c: eine Feier der Resilienz der Gemeinschaft der seltenen Erkrankungen","robots":{"index":"noindex","follow":"follow"},"og_locale":"de_DE","og_type":"article","og_title":"Rare Disease Day 2026, - ALAN","og_description":"Im Rahemn des Rare Disease Day 2026 organis\u00e9iert ALAN \u201eRare Voices\u201c: eine Feier der Resilienz der Gemeinschaft der seltenen Erkrankungen","og_url":"https:\/\/alan.lu\/de\/rarediseaseday2026\/","og_site_name":"ALAN","article_modified_time":"2026-03-02T09:57:22+00:00","twitter_card":"summary_large_image","twitter_misc":{"Gesch\u00e4tzte Lesezeit":"3\u00a0Minuten"},"schema":{"@context":"https:\/\/schema.org","@graph":[{"@type":"WebPage","@id":"https:\/\/alan.lu\/de\/rarediseaseday2026\/","url":"https:\/\/alan.lu\/de\/rarediseaseday2026\/","name":"Rare Disease Day 2026, - ALAN","isPartOf":{"@id":"https:\/\/alan.lu\/de\/#website"},"datePublished":"2026-01-23T11:59:20+00:00","dateModified":"2026-03-02T09:57:22+00:00","description":"Im Rahemn des Rare Disease Day 2026 organis\u00e9iert ALAN \u201eRare Voices\u201c: eine Feier der Resilienz der Gemeinschaft der seltenen Erkrankungen","breadcrumb":{"@id":"https:\/\/alan.lu\/de\/rarediseaseday2026\/#breadcrumb"},"inLanguage":"de","potentialAction":[{"@type":"ReadAction","target":["https:\/\/alan.lu\/de\/rarediseaseday2026\/"]}]},{"@type":"BreadcrumbList","@id":"https:\/\/alan.lu\/de\/rarediseaseday2026\/#breadcrumb","itemListElement":[{"@type":"ListItem","position":1,"name":"Accueil","item":"https:\/\/alan.lu\/de\/"},{"@type":"ListItem","position":2,"name":"Rare Disease Day 2026"}]},{"@type":"WebSite","@id":"https:\/\/alan.lu\/de\/#website","url":"https:\/\/alan.lu\/de\/","name":"ALAN","description":"Rare Diseases Luxembourg","potentialAction":[{"@type":"SearchAction","target":{"@type":"EntryPoint","urlTemplate":"https:\/\/alan.lu\/de\/?s={search_term_string}"},"query-input":{"@type":"PropertyValueSpecification","valueRequired":true,"valueName":"search_term_string"}}],"inLanguage":"de"}]}},"campaignId":"","_links":{"self":[{"href":"https:\/\/alan.lu\/de\/wp-json\/wp\/v2\/pages\/31105","targetHints":{"allow":["GET"]}}],"collection":[{"href":"https:\/\/alan.lu\/de\/wp-json\/wp\/v2\/pages"}],"about":[{"href":"https:\/\/alan.lu\/de\/wp-json\/wp\/v2\/types\/page"}],"author":[{"embeddable":true,"href":"https:\/\/alan.lu\/de\/wp-json\/wp\/v2\/users\/2"}],"replies":[{"embeddable":true,"href":"https:\/\/alan.lu\/de\/wp-json\/wp\/v2\/comments?post=31105"}],"version-history":[{"count":19,"href":"https:\/\/alan.lu\/de\/wp-json\/wp\/v2\/pages\/31105\/revisions"}],"predecessor-version":[{"id":31241,"href":"https:\/\/alan.lu\/de\/wp-json\/wp\/v2\/pages\/31105\/revisions\/31241"}],"wp:attachment":[{"href":"https:\/\/alan.lu\/de\/wp-json\/wp\/v2\/media?parent=31105"}],"curies":[{"name":"wp","href":"https:\/\/api.w.org\/{rel}","templated":true}]}}