{"id":20647,"date":"2020-08-27T16:33:27","date_gmt":"2020-08-27T14:33:27","guid":{"rendered":"https:\/\/alan.wearequattro.com\/living-with-a-rare-disease\/"},"modified":"2025-10-07T10:55:21","modified_gmt":"2025-10-07T08:55:21","slug":"vivre-avec-une-maladie-rare","status":"publish","type":"page","link":"https:\/\/alan.lu\/fr\/vivre-avec-une-maladie-rare\/","title":{"rendered":"Vivre avec une maladie rare"},"content":{"rendered":"<div class=\"wpb-content-wrapper\"><p>[vc_row content_width=&#8221;grid&#8221;][vc_column][vc_column_text]<\/p>\n<h2 style=\"text-align: center;\">D\u00e9fis communs de la vie<\/h2>\n<p>[\/vc_column_text][vc_empty_space height=&#8221;14px&#8221;]\n<p class=\"edgtf-section-subtitle\" style=\"text-align:center;color:#58595b\">\n\tM\u00eame si les maladies rares varient consid\u00e9rablement dans leurs sympt\u00f4mes, leur traitement et leurs soins, elles ont un aspect fondamental en commun: les D\u00c9FIS DE LA VIE qu&#039;elles entra\u00eenent. De nombreuses personnes et familles confront\u00e9es \u00e0 une maladie rare conna\u00eetront \u00e0 un moment donn\u00e9 une des situations suivantes.<\/p><div class=\"edgtf-separator-holder clearfix  edgtf-separator-center\">\n\t<div class=\"edgtf-separator\" style=\"border-color: #00bcdf;width: 50px;border-bottom-width: 3px;margin-top: 25px;margin-bottom: 25px\"><\/div>\n<\/div>\n[vc_empty_space height=&#8221;50px&#8221;][\/vc_column][\/vc_row][vc_row][vc_column][vc_row_inner][vc_column_inner width=&#8221;1\/2&#8243;][vc_single_image image=&#8221;22030&#8243; img_size=&#8221;full&#8221;][vc_empty_space height=&#8221;50px&#8221;][\/vc_column_inner][vc_column_inner width=&#8221;1\/2&#8243;][vc_column_text]<\/p>\n<h3 style=\"text-align: left;\">Odyss\u00e9e diagnostique<\/h3>\n<p>[\/vc_column_text][vc_empty_space height=&#8221;35px&#8221;][vc_column_text]Il faut en moyenne 5 ans \u00e0 une personne atteinte d&#8217;une maladie rare pour recevoir un diagnostic correct. Souvent, les sympt\u00f4mes ne sont initialement pas pris au s\u00e9rieux lorsque les m\u00e9decins ne parviennent pas \u00e0 \u00e9tablir un diagnostic clair. S\u2019ensuivent alors des ann\u00e9es de visites chez des sp\u00e9cialistes, d&#8217;innombrables tests et parfois des diagnostics erron\u00e9s. Cela retarde \u00e9videmment le traitement, les soins et la th\u00e9rapie appropri\u00e9s.<\/p>\n<p>Le phase pr\u00e9c\u00e9dant le diagnostic correct est une p\u00e9riode d&#8217;incertitude, d&#8217;anxi\u00e9t\u00e9, de col\u00e8re et de frustration pour de nombreuses personnes atteintes de la maladie et leurs familles.[\/vc_column_text][vc_empty_space height=&#8221;50px&#8221;][\/vc_column_inner][\/vc_row_inner][vc_row_inner][vc_column_inner width=&#8221;1\/2&#8243;][vc_column_text]<\/p>\n<h3 style=\"text-align: left;\">Isolement<\/h3>\n<p>[\/vc_column_text][vc_empty_space height=&#8221;35px&#8221;][vc_column_text]Beaucoup de personnes vivant avec une maladie rare se sentent isol\u00e9es et laiss\u00e9es pour compte \u00e0 cause du manque d\u2019information, du d\u00e9faut d\u2019expertise dans le secteur des soins sant\u00e9 et de la m\u00e9compr\u00e9hension de leur entourage.<\/p>\n<p>Beaucoup sont confront\u00e9s \u00e0 la discrimination, l&#8217;exclusion et la stigmatisation au travail, \u00e0 l&#8217;\u00e9cole ou dans leurs interactions sociales. Cela ne concerne pas seulement les personnes vivant avec une d\u00e9ficience apparente, mais aussi et surtout celles qui pr\u00e9sentent des sympt\u00f4mes invisibles et variables d&#8217;un jour \u00e0 l&#8217;autre.[\/vc_column_text][vc_empty_space height=&#8221;50px&#8221;][\/vc_column_inner][vc_column_inner width=&#8221;1\/2&#8243;][vc_single_image image=&#8221;20657&#8243; img_size=&#8221;full&#8221;][vc_empty_space height=&#8221;50px&#8221;][\/vc_column_inner][\/vc_row_inner][vc_row_inner][vc_column_inner width=&#8221;1\/2&#8243;][vc_single_image image=&#8221;20656&#8243; img_size=&#8221;full&#8221;][vc_empty_space height=&#8221;50px&#8221;][\/vc_column_inner][vc_column_inner width=&#8221;1\/2&#8243;][vc_column_text]<\/p>\n<h3 style=\"text-align: left;\">Peu d&#8217;options de traitement<\/h3>\n<p>[\/vc_column_text][vc_empty_space height=&#8221;35px&#8221;][vc_column_text]Pour la plupart des maladies rares, les options de traitement sont tr\u00e8s limit\u00e9es et abordent principalement les sympt\u00f4mes et non les causes. Une raison principale est que, par d\u00e9finition, une maladie rare sp\u00e9cifique n&#8217;affecte que peu de personnes. Ceci complique la r\u00e9alisation d\u2019essais cliniques qui n\u00e9cessitent g\u00e9n\u00e9ralement la participation de nombreux patients. D\u2019autre part, face \u00e0 un march\u00e9 limit\u00e9, les entreprises pharmaceutiques voient g\u00e9n\u00e9ralement peu d\u2019int\u00e9r\u00eat \u00e0 investir dans le d\u00e9veloppement couteux de nouveaux traitements.<\/p>\n<p>Si un traitement pour une maladie rare est disponible, d&#8217;autres obstacles doivent \u00eatre surmont\u00e9s. Les traitements disponibles sont souvent complexes et co\u00fbteux. L&#8217;acc\u00e8s au Luxembourg n&#8217;est pas toujours possible et de nombreux patients sont confront\u00e9s \u00e0 des probl\u00e8mes administratifs.[\/vc_column_text][vc_empty_space height=&#8221;50px&#8221;][\/vc_column_inner][\/vc_row_inner][vc_row_inner][vc_column_inner width=&#8221;1\/2&#8243;][vc_column_text]<\/p>\n<h3 style=\"text-align: left;\">Adaptation du parcours professionnel ou \u00e9ducatif<\/h3>\n<p>[\/vc_column_text][vc_empty_space height=&#8221;35px&#8221;][vc_column_text css=&#8221;&#8221;]Les sympt\u00f4mes provoqu\u00e9s par les maladies rares entra\u00eenent souvent une perte d&#8217;ind\u00e9pendance fonctionnelle. Selon une enqu\u00eate r\u00e9cente d&#8217;<a href=\"http:\/\/download2.eurordis.org.s3.amazonaws.com\/rbv\/2017_05_09_Social%20survey%20leaflet%20final.pdf\">EURORDIS<\/a> (Rare Diseases Europe), 8 sur 10 patients et soignants confront\u00e9s \u00e0 une maladie rare ont des difficult\u00e9s \u00e0 effectuer des activit\u00e9s quotidiennes telles que les t\u00e2ches m\u00e9nag\u00e8res. Selon la gravit\u00e9 de la maladie, de nombreux probl\u00e8mes pratiques surgissent, tels que l&#8217;acc\u00e8s aux aides techniques, les co\u00fbts des adaptations du domicile ou le r\u00e9am\u00e9nagement du lieu de travail (si la possibilit\u00e9 existe). De nombreux enfants vivant avec une maladie rare ont des besoins sp\u00e9cifiques pour pouvoir s&#8217;\u00e9panouir \u00e0 l&#8217;\u00e9cole. Les personnes concern\u00e9es et les membres de leur famille sont souvent oblig\u00e9s d\u2019adapter, de r\u00e9duire ou d\u2019arr\u00eater leur activit\u00e9 professionnelle pour g\u00e9rer les nombreuses cons\u00e9quences de la maladie sur leurs activit\u00e9s de la vie journali\u00e8re.[\/vc_column_text][vc_empty_space height=&#8221;50px&#8221;][\/vc_column_inner][vc_column_inner width=&#8221;1\/2&#8243;][vc_single_image image=&#8221;22033&#8243; img_size=&#8221;full&#8221;][vc_empty_space height=&#8221;50px&#8221;][\/vc_column_inner][\/vc_row_inner][vc_row_inner][vc_column_inner width=&#8221;1\/2&#8243;][vc_single_image image=&#8221;20658&#8243; img_size=&#8221;full&#8221;][vc_empty_space height=&#8221;50px&#8221;][\/vc_column_inner][vc_column_inner width=&#8221;1\/2&#8243;][vc_column_text]<\/p>\n<h3 style=\"text-align: left;\">Risque de probl\u00e8mes de sant\u00e9 mentale<\/h3>\n<p>[\/vc_column_text][vc_empty_space height=&#8221;35px&#8221;][vc_column_text css=&#8221;&#8221;]L\u2019impact \u00e9motionnel lors de l&#8217;odyss\u00e9e diagnostique, l&#8217;isolement, le manque de rem\u00e8des et la perte d&#8217;ind\u00e9pendance, associ\u00e9s aux sympt\u00f4mes physiques, exposent les personnes atteintes d&#8217;une maladie rare \u00e0 un risque plus \u00e9lev\u00e9 de d\u00e9velopper des troubles de la sant\u00e9 mentale. Par exemple, selon l&#8217;enqu\u00eate <a href=\"http:\/\/download2.eurordis.org.s3.amazonaws.com\/rbv\/2017_05_09_Social%20survey%20leaflet%20final.pdf\" target=\"_blank\" rel=\"noopener noreferrer\">EURORDIS<\/a>, les personnes vivant avec une maladie rare et leurs aidants sont 3 fois plus susceptibles de d\u00e9clarer \u00eatre malheureux et d\u00e9prim\u00e9s que la population g\u00e9n\u00e9rale.[\/vc_column_text][vc_empty_space height=&#8221;50px&#8221;][\/vc_column_inner][\/vc_row_inner][vc_empty_space height=&#8221;50px&#8221;][vc_column_text]<\/p>\n<p style=\"text-align: center;\"><strong>La vie avec une maladie rare peut \u00eatre complexe et pr\u00e9senter de nombreux d\u00e9fis, mais c&#8217;est aussi une vie marqu\u00e9e par la r\u00e9silience, la force, l&#8217;espoir, la gratitude, l&#8217;\u00e9panouissement et la joie. Lisez les <a href=\"\/fr\/temoignages\/\">t\u00e9moignages <\/a> de huit personnes courageuses qui racontent leur histoire, surmontent leurs d\u00e9fis et trouvent la joie de vivre.<\/strong><\/p>\n<p style=\"text-align: center;\"><strong>Si vous rencontrez des difficult\u00e9s face aux d\u00e9fis de la vie ou si vous avez une question particuli\u00e8re, notre service de <a href=\"\/fr\/consultations-et-soutien\/\" target=\"_self\" rel=\"noopener noreferrer\">consultation<\/a> peut vous aider gratuitement. Prenez contact avec nous gr\u00e2ce \u00e0 l&#8217;<a href=\"\/fr\/contactez-nous\/\">Infoline<\/a>. Nous sommes l\u00e0 pour vous guider et vous accompagner \u00e0 chaque \u00e9tape de votre chemin.<\/strong><\/p>\n<p>[\/vc_column_text][vc_empty_space height=&#8221;80px&#8221;][\/vc_column][\/vc_row][vc_row content_width=&#8221;grid&#8221; css=&#8221;.vc_custom_1603354399161{padding-top: 36px !important;padding-bottom: 41px !important;}&#8221; el_id=&#8221;wrapper-contact-next-btn&#8221;][vc_column width=&#8221;1\/2&#8243; el_id=&#8221;wrapper-contact-next-col-1&#8243;]\t<div class=\"edgtf-call-to-action normal\" style=\"background-color: #ee3f75;\">\n\n\t\t\t\t\t<div class=\"edgtf-call-to-action-row-75-25 clearfix\" style=\"padding: 55px 15px;\">\n\t\t\t\t\t\t<div class=\"edgtf-text-wrapper edgtf-call-to-action-column1 edgtf-call-to-action-cell left\">\n\t\t\t\t\t<div class=\"edgtf-call-to-action-text\" style=\"text-align: left\"><span class=\"wrapper-contact-next-btn-text\">Contactez-nous en cas de questions ou besoin d\u2019assistance<\/span>\t\t\t\t\t\t\t\t\t\t\t<\/div>\n\t\t\t\t<\/div>\n\n\t\t\t\t\t\t\t\t\t<div class=\"edgtf-button-wrapper edgtf-call-to-action-column2 edgtf-call-to-action-cell\" style =\"text-align: right ;\">\n\t\t\t\t\t\t<a itemprop=\"url\" href=\"\/fr\/contactez-nous\/\" target=\"_self\" style=\"color: #ee3f75;background-color: #ffffff;border-color: #ffffff\" class=\"edgtf-btn edgtf-btn-large edgtf-btn-solid edgtf-btn-custom-hover-bg edgtf-btn-custom-border-hover edgtf-btn-custom-hover-color\" data-hover-bg-color=\"#ee3f75\" data-hover-color=\"#ffffff\" data-hover-border-color=\"#ffffff\" >\t<span class=\"edgtf-btn-text\">Contact<\/span>    <\/a>\t\t\t\t\t<\/div>\n\t\t\t\t\t\t\t<\/div>\n\t\t\t<\/div>\n[\/vc_column][vc_column width=&#8221;1\/2&#8243;]\t<div class=\"edgtf-call-to-action normal\" style=\"background-color: #00bcdf;\">\n\n\t\t\t\t\t<div class=\"edgtf-call-to-action-row-75-25 clearfix\" style=\"padding: 55px 15px;\">\n\t\t\t\t\t\t<div class=\"edgtf-text-wrapper edgtf-call-to-action-column1 edgtf-call-to-action-cell left\">\n\t\t\t\t\t<div class=\"edgtf-call-to-action-text\" style=\"text-align: left\"><span class=\"wrapper-contact-next-btn-text\">D\u00e9couvrez notre service de consultation<\/span>\t\t\t\t\t\t\t\t\t\t\t<\/div>\n\t\t\t\t<\/div>\n\n\t\t\t\t\t\t\t\t\t<div class=\"edgtf-button-wrapper edgtf-call-to-action-column2 edgtf-call-to-action-cell\" style =\"text-align: right ;\">\n\t\t\t\t\t\t<a itemprop=\"url\" href=\"\/fr\/consultations-et-soutien\/\" target=\"_self\" style=\"color: #00bcdf;background-color: #ffffff;border-color: #ffffff\" class=\"edgtf-btn edgtf-btn-large edgtf-btn-solid edgtf-btn-custom-hover-bg edgtf-btn-custom-border-hover edgtf-btn-custom-hover-color\" data-hover-bg-color=\"#00bcdf\" data-hover-color=\"#ffffff\" data-hover-border-color=\"#ffffff\" >\t<span class=\"edgtf-btn-text\">En savoir plus<\/span>    <\/a>\t\t\t\t\t<\/div>\n\t\t\t\t\t\t\t<\/div>\n\t\t\t<\/div>\n[\/vc_column][\/vc_row]<\/p>\n<\/div>","protected":false},"excerpt":{"rendered":"<p>[vc_row content_width=&#8221;grid&#8221;][vc_column][vc_column_text] D\u00e9fis communs de la vie [\/vc_column_text][vc_empty_space height=&#8221;14px&#8221;][vc_empty_space height=&#8221;50px&#8221;][\/vc_column][\/vc_row][vc_row][vc_column][vc_row_inner][vc_column_inner width=&#8221;1\/2&#8243;][vc_single_image image=&#8221;22030&#8243; img_size=&#8221;full&#8221;][vc_empty_space height=&#8221;50px&#8221;][\/vc_column_inner][vc_column_inner width=&#8221;1\/2&#8243;][vc_column_text] Odyss\u00e9e diagnostique [\/vc_column_text][vc_empty_space height=&#8221;35px&#8221;][vc_column_text]Il faut en moyenne 5 ans \u00e0 une personne atteinte d&#8217;une maladie&#8230;<\/p>\n","protected":false},"author":1,"featured_media":0,"parent":0,"menu_order":0,"comment_status":"closed","ping_status":"closed","template":"","meta":{"give_campaign_id":0,"inline_featured_image":false,"footnotes":""},"class_list":["post-20647","page","type-page","status-publish","hentry"],"yoast_head":"<!-- This site is optimized with the Yoast SEO plugin v26.9 - https:\/\/yoast.com\/product\/yoast-seo-wordpress\/ -->\n<title>Vivre avec une maladie rare, d\u00e9couvrez les d\u00e9fis communs de la vie - ALAN<\/title>\n<meta name=\"description\" content=\"M\u00eame si les maladies rares varient consid\u00e9rablement dans leurs sympt\u00f4mes, leur traitement et leurs soins, elles ont un aspect fondamental en commun: les d\u00e9fis de la vie qu&#039;elles entra\u00eenent\" \/>\n<meta name=\"robots\" content=\"index, follow, max-snippet:-1, max-image-preview:large, max-video-preview:-1\" \/>\n<link rel=\"canonical\" href=\"https:\/\/alan.lu\/fr\/vivre-avec-une-maladie-rare\/\" \/>\n<meta property=\"og:locale\" content=\"fr_FR\" \/>\n<meta property=\"og:type\" content=\"article\" \/>\n<meta property=\"og:title\" content=\"Vivre avec une maladie rare, d\u00e9couvrez les d\u00e9fis communs de la vie - ALAN\" \/>\n<meta property=\"og:description\" content=\"M\u00eame si les maladies rares varient consid\u00e9rablement dans leurs sympt\u00f4mes, leur traitement et leurs soins, elles ont un aspect fondamental en commun: les d\u00e9fis de la vie qu&#039;elles entra\u00eenent\" \/>\n<meta property=\"og:url\" content=\"https:\/\/alan.lu\/fr\/vivre-avec-une-maladie-rare\/\" \/>\n<meta property=\"og:site_name\" content=\"ALAN\" \/>\n<meta property=\"article:modified_time\" content=\"2025-10-07T08:55:21+00:00\" \/>\n<meta name=\"twitter:card\" content=\"summary_large_image\" \/>\n<meta name=\"twitter:label1\" content=\"Dur\u00e9e de lecture estim\u00e9e\" \/>\n\t<meta name=\"twitter:data1\" content=\"5 minutes\" \/>\n<script type=\"application\/ld+json\" class=\"yoast-schema-graph\">{\"@context\":\"https:\/\/schema.org\",\"@graph\":[{\"@type\":\"WebPage\",\"@id\":\"https:\/\/alan.lu\/fr\/vivre-avec-une-maladie-rare\/\",\"url\":\"https:\/\/alan.lu\/fr\/vivre-avec-une-maladie-rare\/\",\"name\":\"Vivre avec une maladie rare, d\u00e9couvrez les d\u00e9fis communs de la vie - ALAN\",\"isPartOf\":{\"@id\":\"https:\/\/alan.lu\/fr\/#website\"},\"datePublished\":\"2020-08-27T14:33:27+00:00\",\"dateModified\":\"2025-10-07T08:55:21+00:00\",\"description\":\"M\u00eame si les maladies rares varient consid\u00e9rablement dans leurs sympt\u00f4mes, leur traitement et leurs soins, elles ont un aspect fondamental en commun: les d\u00e9fis de la vie qu'elles entra\u00eenent\",\"breadcrumb\":{\"@id\":\"https:\/\/alan.lu\/fr\/vivre-avec-une-maladie-rare\/#breadcrumb\"},\"inLanguage\":\"fr-FR\",\"potentialAction\":[{\"@type\":\"ReadAction\",\"target\":[\"https:\/\/alan.lu\/fr\/vivre-avec-une-maladie-rare\/\"]}]},{\"@type\":\"BreadcrumbList\",\"@id\":\"https:\/\/alan.lu\/fr\/vivre-avec-une-maladie-rare\/#breadcrumb\",\"itemListElement\":[{\"@type\":\"ListItem\",\"position\":1,\"name\":\"Accueil\",\"item\":\"https:\/\/alan.lu\/fr\/\"},{\"@type\":\"ListItem\",\"position\":2,\"name\":\"Vivre avec une maladie rare\"}]},{\"@type\":\"WebSite\",\"@id\":\"https:\/\/alan.lu\/fr\/#website\",\"url\":\"https:\/\/alan.lu\/fr\/\",\"name\":\"ALAN\",\"description\":\"Rare Diseases Luxembourg\",\"potentialAction\":[{\"@type\":\"SearchAction\",\"target\":{\"@type\":\"EntryPoint\",\"urlTemplate\":\"https:\/\/alan.lu\/fr\/?s={search_term_string}\"},\"query-input\":{\"@type\":\"PropertyValueSpecification\",\"valueRequired\":true,\"valueName\":\"search_term_string\"}}],\"inLanguage\":\"fr-FR\"}]}<\/script>\n<!-- \/ Yoast SEO plugin. -->","yoast_head_json":{"title":"Vivre avec une maladie rare, d\u00e9couvrez les d\u00e9fis communs de la vie - ALAN","description":"M\u00eame si les maladies rares varient consid\u00e9rablement dans leurs sympt\u00f4mes, leur traitement et leurs soins, elles ont un aspect fondamental en commun: les d\u00e9fis de la vie qu'elles entra\u00eenent","robots":{"index":"index","follow":"follow","max-snippet":"max-snippet:-1","max-image-preview":"max-image-preview:large","max-video-preview":"max-video-preview:-1"},"canonical":"https:\/\/alan.lu\/fr\/vivre-avec-une-maladie-rare\/","og_locale":"fr_FR","og_type":"article","og_title":"Vivre avec une maladie rare, d\u00e9couvrez les d\u00e9fis communs de la vie - ALAN","og_description":"M\u00eame si les maladies rares varient consid\u00e9rablement dans leurs sympt\u00f4mes, leur traitement et leurs soins, elles ont un aspect fondamental en commun: les d\u00e9fis de la vie qu'elles entra\u00eenent","og_url":"https:\/\/alan.lu\/fr\/vivre-avec-une-maladie-rare\/","og_site_name":"ALAN","article_modified_time":"2025-10-07T08:55:21+00:00","twitter_card":"summary_large_image","twitter_misc":{"Dur\u00e9e de lecture estim\u00e9e":"5 minutes"},"schema":{"@context":"https:\/\/schema.org","@graph":[{"@type":"WebPage","@id":"https:\/\/alan.lu\/fr\/vivre-avec-une-maladie-rare\/","url":"https:\/\/alan.lu\/fr\/vivre-avec-une-maladie-rare\/","name":"Vivre avec une maladie rare, d\u00e9couvrez les d\u00e9fis communs de la vie - ALAN","isPartOf":{"@id":"https:\/\/alan.lu\/fr\/#website"},"datePublished":"2020-08-27T14:33:27+00:00","dateModified":"2025-10-07T08:55:21+00:00","description":"M\u00eame si les maladies rares varient consid\u00e9rablement dans leurs sympt\u00f4mes, leur traitement et leurs soins, elles ont un aspect fondamental en commun: les d\u00e9fis de la vie qu'elles entra\u00eenent","breadcrumb":{"@id":"https:\/\/alan.lu\/fr\/vivre-avec-une-maladie-rare\/#breadcrumb"},"inLanguage":"fr-FR","potentialAction":[{"@type":"ReadAction","target":["https:\/\/alan.lu\/fr\/vivre-avec-une-maladie-rare\/"]}]},{"@type":"BreadcrumbList","@id":"https:\/\/alan.lu\/fr\/vivre-avec-une-maladie-rare\/#breadcrumb","itemListElement":[{"@type":"ListItem","position":1,"name":"Accueil","item":"https:\/\/alan.lu\/fr\/"},{"@type":"ListItem","position":2,"name":"Vivre avec une maladie rare"}]},{"@type":"WebSite","@id":"https:\/\/alan.lu\/fr\/#website","url":"https:\/\/alan.lu\/fr\/","name":"ALAN","description":"Rare Diseases Luxembourg","potentialAction":[{"@type":"SearchAction","target":{"@type":"EntryPoint","urlTemplate":"https:\/\/alan.lu\/fr\/?s={search_term_string}"},"query-input":{"@type":"PropertyValueSpecification","valueRequired":true,"valueName":"search_term_string"}}],"inLanguage":"fr-FR"}]}},"campaignId":"","_links":{"self":[{"href":"https:\/\/alan.lu\/fr\/wp-json\/wp\/v2\/pages\/20647","targetHints":{"allow":["GET"]}}],"collection":[{"href":"https:\/\/alan.lu\/fr\/wp-json\/wp\/v2\/pages"}],"about":[{"href":"https:\/\/alan.lu\/fr\/wp-json\/wp\/v2\/types\/page"}],"author":[{"embeddable":true,"href":"https:\/\/alan.lu\/fr\/wp-json\/wp\/v2\/users\/1"}],"replies":[{"embeddable":true,"href":"https:\/\/alan.lu\/fr\/wp-json\/wp\/v2\/comments?post=20647"}],"version-history":[{"count":10,"href":"https:\/\/alan.lu\/fr\/wp-json\/wp\/v2\/pages\/20647\/revisions"}],"predecessor-version":[{"id":30807,"href":"https:\/\/alan.lu\/fr\/wp-json\/wp\/v2\/pages\/20647\/revisions\/30807"}],"wp:attachment":[{"href":"https:\/\/alan.lu\/fr\/wp-json\/wp\/v2\/media?parent=20647"}],"curies":[{"name":"wp","href":"https:\/\/api.w.org\/{rel}","templated":true}]}}