{"id":20662,"date":"2020-08-27T16:34:24","date_gmt":"2020-08-27T14:34:24","guid":{"rendered":"https:\/\/alan.wearequattro.com\/national-plan\/"},"modified":"2024-09-04T11:19:39","modified_gmt":"2024-09-04T09:19:39","slug":"plan-national","status":"publish","type":"page","link":"https:\/\/alan.lu\/fr\/plan-national\/","title":{"rendered":"Plan National"},"content":{"rendered":"<div class=\"wpb-content-wrapper\"><p>[vc_row][vc_column][vc_column_text]<\/p>\n<h2 style=\"text-align: center;\">Le Plan National Maladies Rares<\/h2>\n<p>[\/vc_column_text]<div class=\"edgtf-separator-holder clearfix  edgtf-separator-center\">\n\t<div class=\"edgtf-separator\" style=\"border-color: #00bcdf;width: 50px;border-bottom-width: 3px;margin-top: 25px;margin-bottom: 25px\"><\/div>\n<\/div>\n[\/vc_column][\/vc_row][vc_row content_width=&#8221;grid&#8221;][vc_column width=&#8221;1\/2&#8243;][vc_column_text css=&#8221;&#8221;]Le Luxembourg anticipe actuellement la mise en \u0153uvre de son deuxi\u00e8me Plan National Maladies Rares (PNMR). Le permier PNMR a \u00e9t\u00e9 pr\u00e9sent\u00e9 au public le 7 mai 2018 par la Ministre de la Sant\u00e9, Lydia Mutsch. Il est le fruit d\u2019un travail collaboratif de 70 experts des diff\u00e9rents secteurs li\u00e9s aux maladies rares, notamment la sant\u00e9, le domaine psycho-social, l\u2019\u00e9ducation, la recherche et les associations de patients. Ce premier Plan National Maladies Rares couvrait la p\u00e9riode 2018-2023.<\/p>\n<p>Le but de ce plan est de mieux r\u00e9pondre aux besoins et attentes des patients et de leur famille, donc de mieux orienter, coordonner et structurer les actions relevant du domaine des maladies rares. Cinq axes strat\u00e9giques ont \u00e9t\u00e9 d\u00e9velopp\u00e9s, afin de r\u00e9pondre \u00e0 cet objectif :[\/vc_column_text][vc_empty_space height=&#8221;15px&#8221;]<div class= \"edgtf-ordered-list\" >\n<ol>\n<li><span style=\"font-weight: 400;\">Gouvernance et gestion du plan (axe g\u00e9n\u00e9ral)<\/span>,<\/li>\n<li>Am\u00e9liorer le syst\u00e8me de soins et de prise en charge (Axe A),<\/li>\n<li>Faciliter l\u2019acc\u00e8s \u00e0 l\u2019information sur les maladies rares, par la cr\u00e9ation d\u2019une plateforme nationale (Axe B),<\/li>\n<li>Mieux reconna\u00eetre la sp\u00e9cificit\u00e9 des maladies rares et en promouvoir la recherche (Axe C),<\/li>\n<li>R\u00e9pondre aux besoins d\u2019accompagnement psycho-social des patients et de leur entourage (Axe D).<\/li>\n<\/ol>\n<\/div>[\/vc_column][vc_column width=&#8221;1\/2&#8243;][vc_column_text]Le Plan National Maladies Rares et sa mise en \u0153uvre doivent d\u00e9finir et garantir l&#8217;\u00e9galit\u00e9 d&#8217;acc\u00e8s au diagnostic, \u00e0 la th\u00e9rapie et aux soins pour toutes les personnes atteintes d&#8217;une maladie rare.[\/vc_column_text][vc_single_image image=&#8221;20663&#8243; img_size=&#8221;medium&#8221; alignment=&#8221;center&#8221;][vc_column_text]En 2019, le service \u00ab Infoline Maladies Rares Luxembourg \u00bb a \u00e9t\u00e9 lanc\u00e9 dans le cadre du premier Plan National Maladies Rares. Il s&#8217;agit d&#8217;une premi\u00e8re ligne de support, d\u2019information et de consultation pour les personnes touch\u00e9es par une maladie rare, leur entourage et les professionnels de la sant\u00e9.<\/p>\n<p>En janvier 2022, le \u00ab\u00a0<a href=\"https:\/\/alan.lu\/wp-content\/uploads\/2022\/01\/guide_pratique_des_maladies_rares.pdf\">Guide d&#8217;orientation luxembourgeois pour les personnes vivant avec une maladie rare<\/a>\u00a0\u00bb a \u00e9t\u00e9 publi\u00e9. Le guide propose aux personnes et familles concern\u00e9es par une maladie rare, un recensement des services disponibles dans les diff\u00e9rents domaines (m\u00e9decine, s\u00e9curit\u00e9 sociale, \u00e9cole, finances, etc.), ainsi qu\u2019un soutien pour les orienter et aider dans les diff\u00e9rentes d\u00e9marches.<\/p>\n<p>En savoir plus sur l&#8217;<a href=\"\/fr\/consultations-et-soutien\/\" target=\"_self\" rel=\"noopener noreferrer\">Infoline<\/a>.<\/p>\n<p>En savoir plus sur le <a href=\"http:\/\/www.maladiesrares.lu\" target=\"_blank\" rel=\"noopener noreferrer\">Plan National Maladies Rares<\/a>.[\/vc_column_text][\/vc_column][\/vc_row][vc_row][vc_column][vc_empty_space height=&#8221;50px&#8221;][\/vc_column][\/vc_row][vc_row content_width=&#8221;grid&#8221; css=&#8221;.vc_custom_1601640129370{padding-top: 36px !important;padding-bottom: 41px !important;}&#8221; el_id=&#8221;wrapper-contact-next-btn&#8221;][vc_column width=&#8221;1\/2&#8243; el_id=&#8221;wrapper-contact-next-col-1&#8243;]\t<div class=\"edgtf-call-to-action normal\" style=\"background-color: #ee3f75;\">\n\n\t\t\t\t\t<div class=\"edgtf-call-to-action-row-75-25 clearfix\" style=\"padding: 55px 15px;\">\n\t\t\t\t\t\t<div class=\"edgtf-text-wrapper edgtf-call-to-action-column1 edgtf-call-to-action-cell left\">\n\t\t\t\t\t<div class=\"edgtf-call-to-action-text\" style=\"text-align: left\"><span class=\"wrapper-contact-next-btn-text\">Contactez-nous en cas de questions ou besoin d\u2019assistance<\/span>\t\t\t\t\t\t\t\t\t\t\t<\/div>\n\t\t\t\t<\/div>\n\n\t\t\t\t\t\t\t\t\t<div class=\"edgtf-button-wrapper edgtf-call-to-action-column2 edgtf-call-to-action-cell\" style =\"text-align: right ;\">\n\t\t\t\t\t\t<a itemprop=\"url\" href=\"\/fr\/contactez-nous\/\" target=\"_self\" style=\"color: #ee3f75;background-color: #ffffff;border-color: #ffffff\" class=\"edgtf-btn edgtf-btn-large edgtf-btn-solid edgtf-btn-custom-hover-bg edgtf-btn-custom-border-hover edgtf-btn-custom-hover-color\" data-hover-bg-color=\"#ee3f75\" data-hover-color=\"#ffffff\" data-hover-border-color=\"#ffffff\" >\t<span class=\"edgtf-btn-text\">Contact<\/span>    <\/a>\t\t\t\t\t<\/div>\n\t\t\t\t\t\t\t<\/div>\n\t\t\t<\/div>\n[\/vc_column][vc_column width=&#8221;1\/2&#8243;]\t<div class=\"edgtf-call-to-action normal\" style=\"background-color: #00bcdf;\">\n\n\t\t\t\t\t<div class=\"edgtf-call-to-action-row-75-25 clearfix\" style=\"padding: 55px 15px;\">\n\t\t\t\t\t\t<div class=\"edgtf-text-wrapper edgtf-call-to-action-column1 edgtf-call-to-action-cell left\">\n\t\t\t\t\t<div class=\"edgtf-call-to-action-text\" style=\"text-align: left\"><span class=\"wrapper-contact-next-btn-text\">Qu&#8217;est-ce qu&#8217;une maladie rare ?<\/span>\t\t\t\t\t\t\t\t\t\t\t<\/div>\n\t\t\t\t<\/div>\n\n\t\t\t\t\t\t\t\t\t<div class=\"edgtf-button-wrapper edgtf-call-to-action-column2 edgtf-call-to-action-cell\" style =\"text-align: right ;\">\n\t\t\t\t\t\t<a itemprop=\"url\" href=\"\/fr\/qu-est-ce-qu-une-maladie-rare\/\" target=\"_self\" style=\"color: #00bcdf;background-color: #ffffff;border-color: #ffffff\" class=\"edgtf-btn edgtf-btn-large edgtf-btn-solid edgtf-btn-custom-hover-bg edgtf-btn-custom-border-hover edgtf-btn-custom-hover-color\" data-hover-bg-color=\"#00bcdf\" data-hover-color=\"#ffffff\" data-hover-border-color=\"#ffffff\" >\t<span class=\"edgtf-btn-text\">En savoir plus<\/span>    <\/a>\t\t\t\t\t<\/div>\n\t\t\t\t\t\t\t<\/div>\n\t\t\t<\/div>\n[\/vc_column][\/vc_row]<\/p>\n<\/div>","protected":false},"excerpt":{"rendered":"<p>[vc_row][vc_column][vc_column_text] Le Plan National Maladies Rares [\/vc_column_text][\/vc_column][\/vc_row][vc_row content_width=&#8221;grid&#8221;][vc_column width=&#8221;1\/2&#8243;][vc_column_text css=&#8221;&#8221;]Le Luxembourg anticipe actuellement la mise en \u0153uvre de son deuxi\u00e8me Plan National Maladies Rares (PNMR). Le permier PNMR a \u00e9t\u00e9&#8230;<\/p>\n","protected":false},"author":1,"featured_media":0,"parent":0,"menu_order":0,"comment_status":"closed","ping_status":"closed","template":"","meta":{"give_campaign_id":0,"inline_featured_image":false,"footnotes":""},"class_list":["post-20662","page","type-page","status-publish","hentry"],"yoast_head":"<!-- This site is optimized with the Yoast SEO plugin v26.9 - https:\/\/yoast.com\/product\/yoast-seo-wordpress\/ -->\n<title>Plan National Maladies Rares Luxembourg - ALAN<\/title>\n<meta name=\"description\" content=\"Le Plan National Maladies Rares et sa mise en \u0153uvre doivent d\u00e9finir et garantir l\u2019\u00e9galit\u00e9 d\u2019acc\u00e8s au diagnostic, \u00e0 la th\u00e9rapie et aux soins pour toutes les personnes atteintes d\u2019une maladie rare.\" \/>\n<meta name=\"robots\" content=\"index, follow, max-snippet:-1, max-image-preview:large, max-video-preview:-1\" \/>\n<link rel=\"canonical\" href=\"https:\/\/alan.lu\/fr\/plan-national\/\" \/>\n<meta property=\"og:locale\" content=\"fr_FR\" \/>\n<meta property=\"og:type\" content=\"article\" \/>\n<meta property=\"og:title\" content=\"Plan National Maladies Rares Luxembourg - ALAN\" \/>\n<meta property=\"og:description\" content=\"Le Plan National Maladies Rares et sa mise en \u0153uvre doivent d\u00e9finir et garantir l\u2019\u00e9galit\u00e9 d\u2019acc\u00e8s au diagnostic, \u00e0 la th\u00e9rapie et aux soins pour toutes les personnes atteintes d\u2019une maladie rare.\" \/>\n<meta property=\"og:url\" content=\"https:\/\/alan.lu\/fr\/plan-national\/\" \/>\n<meta property=\"og:site_name\" content=\"ALAN\" \/>\n<meta property=\"article:modified_time\" content=\"2024-09-04T09:19:39+00:00\" \/>\n<meta name=\"twitter:card\" content=\"summary_large_image\" \/>\n<meta name=\"twitter:label1\" content=\"Dur\u00e9e de lecture estim\u00e9e\" \/>\n\t<meta name=\"twitter:data1\" content=\"3 minutes\" \/>\n<script type=\"application\/ld+json\" class=\"yoast-schema-graph\">{\"@context\":\"https:\/\/schema.org\",\"@graph\":[{\"@type\":\"WebPage\",\"@id\":\"https:\/\/alan.lu\/fr\/plan-national\/\",\"url\":\"https:\/\/alan.lu\/fr\/plan-national\/\",\"name\":\"Plan National Maladies Rares Luxembourg - ALAN\",\"isPartOf\":{\"@id\":\"https:\/\/alan.lu\/fr\/#website\"},\"datePublished\":\"2020-08-27T14:34:24+00:00\",\"dateModified\":\"2024-09-04T09:19:39+00:00\",\"description\":\"Le Plan National Maladies Rares et sa mise en \u0153uvre doivent d\u00e9finir et garantir l\u2019\u00e9galit\u00e9 d\u2019acc\u00e8s au diagnostic, \u00e0 la th\u00e9rapie et aux soins pour toutes les personnes atteintes d\u2019une maladie rare.\",\"breadcrumb\":{\"@id\":\"https:\/\/alan.lu\/fr\/plan-national\/#breadcrumb\"},\"inLanguage\":\"fr-FR\",\"potentialAction\":[{\"@type\":\"ReadAction\",\"target\":[\"https:\/\/alan.lu\/fr\/plan-national\/\"]}]},{\"@type\":\"BreadcrumbList\",\"@id\":\"https:\/\/alan.lu\/fr\/plan-national\/#breadcrumb\",\"itemListElement\":[{\"@type\":\"ListItem\",\"position\":1,\"name\":\"Accueil\",\"item\":\"https:\/\/alan.lu\/fr\/\"},{\"@type\":\"ListItem\",\"position\":2,\"name\":\"Plan National\"}]},{\"@type\":\"WebSite\",\"@id\":\"https:\/\/alan.lu\/fr\/#website\",\"url\":\"https:\/\/alan.lu\/fr\/\",\"name\":\"ALAN\",\"description\":\"Rare Diseases Luxembourg\",\"potentialAction\":[{\"@type\":\"SearchAction\",\"target\":{\"@type\":\"EntryPoint\",\"urlTemplate\":\"https:\/\/alan.lu\/fr\/?s={search_term_string}\"},\"query-input\":{\"@type\":\"PropertyValueSpecification\",\"valueRequired\":true,\"valueName\":\"search_term_string\"}}],\"inLanguage\":\"fr-FR\"}]}<\/script>\n<!-- \/ Yoast SEO plugin. -->","yoast_head_json":{"title":"Plan National Maladies Rares Luxembourg - ALAN","description":"Le Plan National Maladies Rares et sa mise en \u0153uvre doivent d\u00e9finir et garantir l\u2019\u00e9galit\u00e9 d\u2019acc\u00e8s au diagnostic, \u00e0 la th\u00e9rapie et aux soins pour toutes les personnes atteintes d\u2019une maladie rare.","robots":{"index":"index","follow":"follow","max-snippet":"max-snippet:-1","max-image-preview":"max-image-preview:large","max-video-preview":"max-video-preview:-1"},"canonical":"https:\/\/alan.lu\/fr\/plan-national\/","og_locale":"fr_FR","og_type":"article","og_title":"Plan National Maladies Rares Luxembourg - ALAN","og_description":"Le Plan National Maladies Rares et sa mise en \u0153uvre doivent d\u00e9finir et garantir l\u2019\u00e9galit\u00e9 d\u2019acc\u00e8s au diagnostic, \u00e0 la th\u00e9rapie et aux soins pour toutes les personnes atteintes d\u2019une maladie rare.","og_url":"https:\/\/alan.lu\/fr\/plan-national\/","og_site_name":"ALAN","article_modified_time":"2024-09-04T09:19:39+00:00","twitter_card":"summary_large_image","twitter_misc":{"Dur\u00e9e de lecture estim\u00e9e":"3 minutes"},"schema":{"@context":"https:\/\/schema.org","@graph":[{"@type":"WebPage","@id":"https:\/\/alan.lu\/fr\/plan-national\/","url":"https:\/\/alan.lu\/fr\/plan-national\/","name":"Plan National Maladies Rares Luxembourg - ALAN","isPartOf":{"@id":"https:\/\/alan.lu\/fr\/#website"},"datePublished":"2020-08-27T14:34:24+00:00","dateModified":"2024-09-04T09:19:39+00:00","description":"Le Plan National Maladies Rares et sa mise en \u0153uvre doivent d\u00e9finir et garantir l\u2019\u00e9galit\u00e9 d\u2019acc\u00e8s au diagnostic, \u00e0 la th\u00e9rapie et aux soins pour toutes les personnes atteintes d\u2019une maladie rare.","breadcrumb":{"@id":"https:\/\/alan.lu\/fr\/plan-national\/#breadcrumb"},"inLanguage":"fr-FR","potentialAction":[{"@type":"ReadAction","target":["https:\/\/alan.lu\/fr\/plan-national\/"]}]},{"@type":"BreadcrumbList","@id":"https:\/\/alan.lu\/fr\/plan-national\/#breadcrumb","itemListElement":[{"@type":"ListItem","position":1,"name":"Accueil","item":"https:\/\/alan.lu\/fr\/"},{"@type":"ListItem","position":2,"name":"Plan National"}]},{"@type":"WebSite","@id":"https:\/\/alan.lu\/fr\/#website","url":"https:\/\/alan.lu\/fr\/","name":"ALAN","description":"Rare Diseases Luxembourg","potentialAction":[{"@type":"SearchAction","target":{"@type":"EntryPoint","urlTemplate":"https:\/\/alan.lu\/fr\/?s={search_term_string}"},"query-input":{"@type":"PropertyValueSpecification","valueRequired":true,"valueName":"search_term_string"}}],"inLanguage":"fr-FR"}]}},"campaignId":"","_links":{"self":[{"href":"https:\/\/alan.lu\/fr\/wp-json\/wp\/v2\/pages\/20662","targetHints":{"allow":["GET"]}}],"collection":[{"href":"https:\/\/alan.lu\/fr\/wp-json\/wp\/v2\/pages"}],"about":[{"href":"https:\/\/alan.lu\/fr\/wp-json\/wp\/v2\/types\/page"}],"author":[{"embeddable":true,"href":"https:\/\/alan.lu\/fr\/wp-json\/wp\/v2\/users\/1"}],"replies":[{"embeddable":true,"href":"https:\/\/alan.lu\/fr\/wp-json\/wp\/v2\/comments?post=20662"}],"version-history":[{"count":10,"href":"https:\/\/alan.lu\/fr\/wp-json\/wp\/v2\/pages\/20662\/revisions"}],"predecessor-version":[{"id":29580,"href":"https:\/\/alan.lu\/fr\/wp-json\/wp\/v2\/pages\/20662\/revisions\/29580"}],"wp:attachment":[{"href":"https:\/\/alan.lu\/fr\/wp-json\/wp\/v2\/media?parent=20662"}],"curies":[{"name":"wp","href":"https:\/\/api.w.org\/{rel}","templated":true}]}}