{"id":20674,"date":"2020-10-07T17:16:39","date_gmt":"2020-10-07T15:16:39","guid":{"rendered":"https:\/\/alan.wearequattro.com\/resources\/"},"modified":"2024-11-04T08:41:24","modified_gmt":"2024-11-04T07:41:24","slug":"resources","status":"publish","type":"page","link":"https:\/\/alan.lu\/fr\/resources\/","title":{"rendered":"Ressources"},"content":{"rendered":"<div class=\"wpb-content-wrapper\"><p>[vc_row][vc_column][vc_column_text]<\/p>\n<h2 style=\"text-align: center;\">Ressources sp\u00e9cifiques<\/h2>\n<p>[\/vc_column_text]<div class=\"edgtf-separator-holder clearfix  edgtf-separator-center\">\n\t<div class=\"edgtf-separator\" style=\"border-color: #00bcdf;width: 50px;border-bottom-width: 3px;margin-top: 25px;margin-bottom: 25px\"><\/div>\n<\/div>\n[vc_empty_space height=&#8221;50px&#8221;][\/vc_column][\/vc_row][vc_row content_width=&#8221;grid&#8221;][vc_column][vc_column_text]<\/p>\n<h3 style=\"text-align: left;\">GUIDE D&#8217;ORIENTATION<\/h3>\n<p>[\/vc_column_text][vc_empty_space height=&#8221;35px&#8221;][vc_column_text]<span style=\"font-weight: 400;\">Le \u00ab Guide d&#8217;orientation luxembourgeois pour les personnes vivant avec une maladie rare \u00bb propose aux personnes et familles concern\u00e9es par une maladie rare, un recensement des services disponibles dans les diff\u00e9rents domaines (m\u00e9decine, s\u00e9curit\u00e9 sociale, \u00e9cole, finances, etc.), ainsi qu\u2019un soutien pour les orienter et aider dans les diff\u00e9rentes d\u00e9marches.<\/span><\/p>\n<p><a href=\"https:\/\/alan.lu\/wp-content\/uploads\/2022\/01\/guide_pratique_des_maladies_rares.pdf\" target=\"_blank\" rel=\"noopener noreferrer\">consulter le guide<\/a>[\/vc_column_text][vc_empty_space height=&#8221;50px&#8221;][\/vc_column][\/vc_row][vc_row content_width=&#8221;grid&#8221;][vc_column width=&#8221;1\/3&#8243;][vc_column_text]<\/p>\n<h3 style=\"text-align: left;\">AFM-TELETHON<\/h3>\n<p>[\/vc_column_text][vc_empty_space height=&#8221;35px&#8221;][vc_column_text]<a href=\"http:\/\/www.afm-telethon.com\/\" target=\"_blank\" rel=\"noopener noreferrer\">www.afm-telethon.com<\/a><\/p>\n<p>L&#8217;Association Fran\u00e7aise contre les Myopathies (AFM-T\u00e9l\u00e9thon) est une association de parents et de malades qui m\u00e8ne un combat sans rel\u00e2che contre des maladies g\u00e9n\u00e9tiques, rares et lourdement invalidantes.[\/vc_column_text][vc_empty_space height=&#8221;50px&#8221;][\/vc_column][vc_column width=&#8221;1\/3&#8243;][vc_column_text]<\/p>\n<h3 style=\"text-align: left;\">EUPATI<\/h3>\n<p>[\/vc_column_text][vc_empty_space height=&#8221;35px&#8221;][vc_column_text]<a href=\"https:\/\/eupati.eu\/\" target=\"_blank\" rel=\"noopener noreferrer\">www.eupati.eu<\/a><\/p>\n<p>EUPATI (European Patients\u2019 Academy on Therapeutic Innovation) est un partenariat public-priv\u00e9 multipartite. EUPATI propose des formations pour renforcer les capacit\u00e9s des patients et des repr\u00e9sentants des patients \u00e0 comprendre et \u00e0 contribuer de mani\u00e8re significative \u00e0 la recherche et au d\u00e9veloppement de m\u00e9dicaments, et pour am\u00e9liorer la disponibilit\u00e9 des informations m\u00e9dicales pour les patients et autres parties prenantes.[\/vc_column_text][vc_empty_space height=&#8221;50px&#8221;][\/vc_column][vc_column width=&#8221;1\/3&#8243;][vc_column_text]<\/p>\n<h3 style=\"text-align: left;\">EURORDIS<\/h3>\n<p>[\/vc_column_text][vc_empty_space height=&#8221;35px&#8221;][vc_column_text]<a href=\"http:\/\/www.eurordis.org\/\" target=\"_blank\" rel=\"noopener noreferrer\">www.eurordis.org<\/a><\/p>\n<p>Alliance \u00e0 but non lucratif, EURORDIS-Rare Diseases Europe regroupe 944 associations de patients atteints de maladie rare, repr\u00e9sentant 73 pays. EURORDIS vise \u00e0 am\u00e9liorer la qualit\u00e9 de vie des personnes vivant avec des maladies rares en Europe \u00e0 travers un plaidoyer pour des changements politiques au niveau europ\u00e9en, un soutien pour la recherche et le d\u00e9veloppement de m\u00e9dicaments, des actions de sensibilisation et en facilitant la mise en r\u00e9seau entre les groupes de patients.[\/vc_column_text][vc_empty_space height=&#8221;50px&#8221;][\/vc_column][\/vc_row][vc_row content_width=&#8221;grid&#8221;][vc_column width=&#8221;1\/3&#8243;][vc_column_text]<\/p>\n<h3 style=\"text-align: left;\">MYOBASE<\/h3>\n<p>[\/vc_column_text][vc_empty_space height=&#8221;35px&#8221;][vc_column_text]<a href=\"http:\/\/www.myobase.org\/\" target=\"_blank\" rel=\"noopener noreferrer\">www.myobase.org<\/a><\/p>\n<p><span style=\"font-weight: 400;\">Myobase est un portail documentaire sur les maladies neuromusculaires, cr\u00e9e par AFM-T\u00e9l\u00e9thon.<\/span>[\/vc_column_text][vc_empty_space height=&#8221;50px&#8221;][\/vc_column][vc_column width=&#8221;1\/3&#8243;][vc_column_text]<\/p>\n<h3 style=\"text-align: left;\">ORPHANET<\/h3>\n<p>[\/vc_column_text][vc_empty_space height=&#8221;35px&#8221;][vc_column_text]<a href=\"http:\/\/www.orpha.net\/\" target=\"_blank\" rel=\"noopener noreferrer\">www.orpha.net<\/a><\/p>\n<p><span style=\"font-weight: 400;\">Le portail europ\u00e9en des maladies rares et des m\u00e9dicaments orphelins. Orphanet est une ressource unique, rassemblant et am\u00e9liorant la connaissance sur les maladies rares, afin de faciliter et de perfectionner le diagnostic, le soin et le traitement des patients atteints de maladies rares. La plateforme Orphanet contient des r\u00e9pertoires des maladies rares, des centres experts, des essais cliniques, des registres, des m\u00e9dicaments orphelins et beaucoup plus.<\/span>[\/vc_column_text][vc_empty_space height=&#8221;50px&#8221;][\/vc_column][vc_column width=&#8221;1\/3&#8243;][vc_column_text css=&#8221;&#8221;]<\/p>\n<h3 style=\"text-align: left;\">JARDIN<\/h3>\n<p>[\/vc_column_text][vc_empty_space height=&#8221;35px&#8221;][vc_column_text css=&#8221;&#8221;]<a href=\"https:\/\/jardin-ern.eu\/\" target=\"_blank\" rel=\"noopener noreferrer\">www.jardin-ern.eu\/<\/a><\/p>\n<p><span style=\"font-weight: 400;\">JARDIN est une \u00ab Joint Action \u00bb europ\u00e9enne visant \u00e0 am\u00e9liorer l&#8217;accessibilit\u00e9 aux r\u00e9seaux europ\u00e9ens de r\u00e9f\u00e9rence (ERN) en les int\u00e9grant dans les syst\u00e8mes nationaux de sant\u00e9.<\/span>[\/vc_column_text][vc_empty_space height=&#8221;50px&#8221;][\/vc_column][\/vc_row][vc_row][vc_column][vc_empty_space height=&#8221;50px&#8221;][vc_column_text]<\/p>\n<h2 style=\"text-align: center;\">Ressources g\u00e9n\u00e9rales<\/h2>\n<p>[\/vc_column_text]<div class=\"edgtf-separator-holder clearfix  edgtf-separator-center\">\n\t<div class=\"edgtf-separator\" style=\"border-color: #00bcdf;width: 50px;border-bottom-width: 3px;margin-top: 25px;margin-bottom: 25px\"><\/div>\n<\/div>\n[vc_empty_space height=&#8221;50px&#8221;][\/vc_column][\/vc_row][vc_row content_width=&#8221;grid&#8221;][vc_column width=&#8221;1\/3&#8243;][vc_column_text]<\/p>\n<h3 style=\"text-align: left;\">INFO-HANDICAP LUXEMBOURG<\/h3>\n<p>[\/vc_column_text][vc_empty_space height=&#8221;35px&#8221;][vc_column_text]<a href=\"https:\/\/info-handicap.lu\/\" target=\"_blank\" rel=\"noopener noreferrer\">info-handicap.lu<\/a><\/p>\n<p><span style=\"font-weight: 400;\">Depuis 1993, le Centre National d\u2019Information et de Rencontre du Handicap est \u00e0 l\u2019\u00e9coute des personnes handicap\u00e9es, de leurs familles, des professionnels et, d\u2019une fa\u00e7on g\u00e9n\u00e9rale, de toute personne \u00e0 la recherche de renseignements sp\u00e9cifiques.<\/span>[\/vc_column_text][vc_empty_space height=&#8221;50px&#8221;][\/vc_column][vc_column width=&#8221;1\/3&#8243;][vc_column_text]<\/p>\n<h3 style=\"text-align: left;\">SANTE.LU<\/h3>\n<p>[\/vc_column_text][vc_empty_space height=&#8221;35px&#8221;][vc_column_text]<a href=\"http:\/\/www.sante.public.lu\/\" target=\"_blank\" rel=\"noopener noreferrer\">www.sante.public.lu<\/a><\/p>\n<p><span style=\"font-weight: 400;\">Le site officiel du Minist\u00e8re de la Sant\u00e9 luxembourgeois.<\/span>[\/vc_column_text][vc_empty_space height=&#8221;50px&#8221;][\/vc_column][vc_column width=&#8221;1\/3&#8243;][vc_column_text]<\/p>\n<h3 style=\"text-align: left;\">TELETHON LUXEMBOURG<\/h3>\n<p>[\/vc_column_text][vc_empty_space height=&#8221;35px&#8221;][vc_column_text]<a href=\"http:\/\/www.telethon.lu\/\" target=\"_blank\" rel=\"noopener noreferrer\">www.telethon.lu<\/a><\/p>\n<p><span style=\"font-weight: 400;\">Le T\u00e9l\u00e9thon Luxembourg collecte des fonds pour la recherche sur les maladies rares et le soutien psychosocial des personnes vivant avec une maladie rare. Il est organis\u00e9 par la Fondation Lions District 113 Luxembourg.<\/span>[\/vc_column_text][vc_empty_space height=&#8221;50px&#8221;][\/vc_column][\/vc_row][vc_row][vc_column][vc_empty_space height=&#8221;50px&#8221;][\/vc_column][\/vc_row][vc_row content_width=&#8221;grid&#8221; css=&#8221;.vc_custom_1596118384380{padding-top: 36px !important;padding-bottom: 41px !important;background-color: #ee3f75 !important;}&#8221;][vc_column css=&#8221;.vc_custom_1492609383973{padding-top: 2px !important;}&#8221;]\t<div class=\"edgtf-call-to-action normal\" style=\"background-color: #ee3f75;\">\n\n\t\t\t\t<div class=\"edgtf-container-inner\">\n\t\t\t\t\t<div class=\"edgtf-call-to-action-row-75-25 clearfix\" style=\"padding: 20px;\">\n\t\t\t\t\t\t<div class=\"edgtf-text-wrapper edgtf-call-to-action-column1 edgtf-call-to-action-cell left\">\n\t\t\t\t\t<div class=\"edgtf-call-to-action-text\" style=\"text-align: left\">\n<h2><span style=\"color: #ffffff;\">Contactez-nous en cas de questions ou besoin d\u2019assistance<\/span><\/h2>\n\t\t\t\t\t\t\t\t\t\t\t<\/div>\n\t\t\t\t<\/div>\n\n\t\t\t\t\t\t\t\t\t<div class=\"edgtf-button-wrapper edgtf-call-to-action-column2 edgtf-call-to-action-cell\" style =\"text-align: right ;\">\n\t\t\t\t\t\t<a itemprop=\"url\" href=\"\/fr\/contactez-nous\/\" target=\"_self\" style=\"color: #ee3f75;background-color: #ffffff;border-color: #ffffff\" class=\"edgtf-btn edgtf-btn-large edgtf-btn-solid edgtf-btn-custom-hover-bg edgtf-btn-custom-border-hover edgtf-btn-custom-hover-color\" data-hover-bg-color=\"#ee3f75\" data-hover-color=\"#ffffff\" data-hover-border-color=\"#ffffff\" >\t<span class=\"edgtf-btn-text\">Contact<\/span>    <\/a>\t\t\t\t\t<\/div>\n\t\t\t\t\t\t\t<\/div>\n\t\t\t\t<\/div>\n\t\t\t<\/div>\n[\/vc_column][\/vc_row]<\/p>\n<\/div>","protected":false},"excerpt":{"rendered":"<p>[vc_row][vc_column][vc_column_text] Ressources sp\u00e9cifiques [\/vc_column_text][vc_empty_space height=&#8221;50px&#8221;][\/vc_column][\/vc_row][vc_row content_width=&#8221;grid&#8221;][vc_column][vc_column_text] GUIDE D&#8217;ORIENTATION [\/vc_column_text][vc_empty_space height=&#8221;35px&#8221;][vc_column_text]Le \u00ab Guide d&#8217;orientation luxembourgeois pour les personnes vivant avec une maladie rare \u00bb propose aux personnes et familles concern\u00e9es par&#8230;<\/p>\n","protected":false},"author":1,"featured_media":0,"parent":0,"menu_order":0,"comment_status":"closed","ping_status":"closed","template":"","meta":{"give_campaign_id":0,"inline_featured_image":false,"footnotes":""},"class_list":["post-20674","page","type-page","status-publish","hentry"],"yoast_head":"<!-- This site is optimized with the Yoast SEO plugin v26.9 - https:\/\/yoast.com\/product\/yoast-seo-wordpress\/ -->\n<title>Ressources: more than a plan, a collaboration - ALAN<\/title>\n<meta name=\"description\" content=\"The National Plan for Rare Diseases is critical to guarantee equal access to diagnostics, therapy, care and research for all rare disease patients.\" \/>\n<meta name=\"robots\" content=\"index, follow, max-snippet:-1, max-image-preview:large, max-video-preview:-1\" \/>\n<link rel=\"canonical\" href=\"https:\/\/alan.lu\/fr\/resources\/\" \/>\n<meta property=\"og:locale\" content=\"fr_FR\" \/>\n<meta property=\"og:type\" content=\"article\" \/>\n<meta property=\"og:title\" content=\"Ressources: more than a plan, a collaboration - ALAN\" \/>\n<meta property=\"og:description\" content=\"The National Plan for Rare Diseases is critical to guarantee equal access to diagnostics, therapy, care and research for all rare disease patients.\" \/>\n<meta property=\"og:url\" content=\"https:\/\/alan.lu\/fr\/resources\/\" \/>\n<meta property=\"og:site_name\" content=\"ALAN\" \/>\n<meta property=\"article:modified_time\" content=\"2024-11-04T07:41:24+00:00\" \/>\n<meta name=\"twitter:card\" content=\"summary_large_image\" \/>\n<meta name=\"twitter:label1\" content=\"Dur\u00e9e de lecture estim\u00e9e\" \/>\n\t<meta name=\"twitter:data1\" content=\"3 minutes\" \/>\n<script type=\"application\/ld+json\" class=\"yoast-schema-graph\">{\"@context\":\"https:\/\/schema.org\",\"@graph\":[{\"@type\":\"WebPage\",\"@id\":\"https:\/\/alan.lu\/fr\/resources\/\",\"url\":\"https:\/\/alan.lu\/fr\/resources\/\",\"name\":\"Ressources: more than a plan, a collaboration - ALAN\",\"isPartOf\":{\"@id\":\"https:\/\/alan.lu\/fr\/#website\"},\"datePublished\":\"2020-10-07T15:16:39+00:00\",\"dateModified\":\"2024-11-04T07:41:24+00:00\",\"description\":\"The National Plan for Rare Diseases is critical to guarantee equal access to diagnostics, therapy, care and research for all rare disease patients.\",\"breadcrumb\":{\"@id\":\"https:\/\/alan.lu\/fr\/resources\/#breadcrumb\"},\"inLanguage\":\"fr-FR\",\"potentialAction\":[{\"@type\":\"ReadAction\",\"target\":[\"https:\/\/alan.lu\/fr\/resources\/\"]}]},{\"@type\":\"BreadcrumbList\",\"@id\":\"https:\/\/alan.lu\/fr\/resources\/#breadcrumb\",\"itemListElement\":[{\"@type\":\"ListItem\",\"position\":1,\"name\":\"Accueil\",\"item\":\"https:\/\/alan.lu\/fr\/\"},{\"@type\":\"ListItem\",\"position\":2,\"name\":\"Ressources\"}]},{\"@type\":\"WebSite\",\"@id\":\"https:\/\/alan.lu\/fr\/#website\",\"url\":\"https:\/\/alan.lu\/fr\/\",\"name\":\"ALAN\",\"description\":\"Rare Diseases Luxembourg\",\"potentialAction\":[{\"@type\":\"SearchAction\",\"target\":{\"@type\":\"EntryPoint\",\"urlTemplate\":\"https:\/\/alan.lu\/fr\/?s={search_term_string}\"},\"query-input\":{\"@type\":\"PropertyValueSpecification\",\"valueRequired\":true,\"valueName\":\"search_term_string\"}}],\"inLanguage\":\"fr-FR\"}]}<\/script>\n<!-- \/ Yoast SEO plugin. -->","yoast_head_json":{"title":"Ressources: more than a plan, a collaboration - ALAN","description":"The National Plan for Rare Diseases is critical to guarantee equal access to diagnostics, therapy, care and research for all rare disease patients.","robots":{"index":"index","follow":"follow","max-snippet":"max-snippet:-1","max-image-preview":"max-image-preview:large","max-video-preview":"max-video-preview:-1"},"canonical":"https:\/\/alan.lu\/fr\/resources\/","og_locale":"fr_FR","og_type":"article","og_title":"Ressources: more than a plan, a collaboration - ALAN","og_description":"The National Plan for Rare Diseases is critical to guarantee equal access to diagnostics, therapy, care and research for all rare disease patients.","og_url":"https:\/\/alan.lu\/fr\/resources\/","og_site_name":"ALAN","article_modified_time":"2024-11-04T07:41:24+00:00","twitter_card":"summary_large_image","twitter_misc":{"Dur\u00e9e de lecture estim\u00e9e":"3 minutes"},"schema":{"@context":"https:\/\/schema.org","@graph":[{"@type":"WebPage","@id":"https:\/\/alan.lu\/fr\/resources\/","url":"https:\/\/alan.lu\/fr\/resources\/","name":"Ressources: more than a plan, a collaboration - ALAN","isPartOf":{"@id":"https:\/\/alan.lu\/fr\/#website"},"datePublished":"2020-10-07T15:16:39+00:00","dateModified":"2024-11-04T07:41:24+00:00","description":"The National Plan for Rare Diseases is critical to guarantee equal access to diagnostics, therapy, care and research for all rare disease patients.","breadcrumb":{"@id":"https:\/\/alan.lu\/fr\/resources\/#breadcrumb"},"inLanguage":"fr-FR","potentialAction":[{"@type":"ReadAction","target":["https:\/\/alan.lu\/fr\/resources\/"]}]},{"@type":"BreadcrumbList","@id":"https:\/\/alan.lu\/fr\/resources\/#breadcrumb","itemListElement":[{"@type":"ListItem","position":1,"name":"Accueil","item":"https:\/\/alan.lu\/fr\/"},{"@type":"ListItem","position":2,"name":"Ressources"}]},{"@type":"WebSite","@id":"https:\/\/alan.lu\/fr\/#website","url":"https:\/\/alan.lu\/fr\/","name":"ALAN","description":"Rare Diseases Luxembourg","potentialAction":[{"@type":"SearchAction","target":{"@type":"EntryPoint","urlTemplate":"https:\/\/alan.lu\/fr\/?s={search_term_string}"},"query-input":{"@type":"PropertyValueSpecification","valueRequired":true,"valueName":"search_term_string"}}],"inLanguage":"fr-FR"}]}},"campaignId":"","_links":{"self":[{"href":"https:\/\/alan.lu\/fr\/wp-json\/wp\/v2\/pages\/20674","targetHints":{"allow":["GET"]}}],"collection":[{"href":"https:\/\/alan.lu\/fr\/wp-json\/wp\/v2\/pages"}],"about":[{"href":"https:\/\/alan.lu\/fr\/wp-json\/wp\/v2\/types\/page"}],"author":[{"embeddable":true,"href":"https:\/\/alan.lu\/fr\/wp-json\/wp\/v2\/users\/1"}],"replies":[{"embeddable":true,"href":"https:\/\/alan.lu\/fr\/wp-json\/wp\/v2\/comments?post=20674"}],"version-history":[{"count":12,"href":"https:\/\/alan.lu\/fr\/wp-json\/wp\/v2\/pages\/20674\/revisions"}],"predecessor-version":[{"id":29868,"href":"https:\/\/alan.lu\/fr\/wp-json\/wp\/v2\/pages\/20674\/revisions\/29868"}],"wp:attachment":[{"href":"https:\/\/alan.lu\/fr\/wp-json\/wp\/v2\/media?parent=20674"}],"curies":[{"name":"wp","href":"https:\/\/api.w.org\/{rel}","templated":true}]}}