{"id":20693,"date":"2020-09-23T14:00:59","date_gmt":"2020-09-23T12:00:59","guid":{"rendered":"https:\/\/alan.wearequattro.com\/testimonials\/testimonials-jessica\/"},"modified":"2021-01-27T14:12:01","modified_gmt":"2021-01-27T13:12:01","slug":"temoignages-jessica","status":"publish","type":"page","link":"https:\/\/alan.lu\/fr\/temoignages\/temoignages-jessica\/","title":{"rendered":"T\u00e9moignages"},"content":{"rendered":"<div class=\"wpb-content-wrapper\"><p>[vc_row content_width=&#8221;grid&#8221; css=&#8221;.vc_custom_1492696696810{padding-top: 130px !important;padding-bottom: 90px !important;}&#8221;][vc_column offset=&#8221;vc_col-lg-6 vc_col-md-6 vc_col-xs-12&#8243;][vc_single_image image=&#8221;20668&#8243; img_size=&#8221;full&#8221;][vc_empty_space height=&#8221;35px&#8221;][\/vc_column][vc_column offset=&#8221;vc_col-lg-6 vc_col-md-6 vc_col-xs-12&#8243;]<div class=\"edgtf-elements-holder edgtf-responsive-mode-768\" ><div class=\"edgtf-elements-holder-item \" data-item-class=\"edgtf-elements-holder-custom-475779\" data-1280-1600=\"2% 7% 2% 5%\" data-1024-1280=\"2% 7% 2% 5%\" data-768-1024=\"2% 0% 2% 3%\" data-600-768=\"5% 0% 1% 0%\" >\n\t\t<div class=\"edgtf-elements-holder-item-inner\">\n\t\t<div class=\"edgtf-elements-holder-item-content edgtf-elements-holder-custom-475779\" style=\"padding: 2% 7% 2% 5%\">\n\t\t\t[vc_column_text]<\/p>\n<h2>Jessica<\/h2>\n<p>[\/vc_column_text][vc_column_text]<strong style=\"color: #ee3f75;\">37 ans, vit avec le syndrome d&#8217;Ehlers-Danlos<\/strong>[\/vc_column_text][vc_empty_space height=&#8221;35px&#8221;][vc_column_text]&#8221;Depuis ma naissance, j&#8217;ai de l&#8217;asthme et beaucoup d&#8217;allergies. \u00c0 6 ans, j&#8217;ai commenc\u00e9 \u00e0 avoir mal au dos et aux \u00e9paules. Mais comme vous l\u2019avez probablement devin\u00e9, les m\u00e9decins ne m\u2019ont pas pris au s\u00e9rieux. Chaque fois que je devais soulever quelque chose de lourd, je me disloquais l&#8217;\u00e9paule.<\/p>\n<p>Pendant ma pubert\u00e9, j&#8217;ai eu multiples entorses de genoux en faisant du sport. Alors, j&#8217;ai arr\u00eat\u00e9 de faire du sport. Mais ce n\u2019\u00e9tait pas suffisant. M\u00eame marcher avec des chaussures plates posait un probl\u00e8me : je n&#8217;arr\u00eatais pas de me tordre la cheville et faire des entorses du pied. De l\u00e0, les probl\u00e8mes avec mes articulations se sont multipli\u00e9s : poignets, hanches, etc.<\/p>\n<p>Apr\u00e8s avoir eu mon deuxi\u00e8me enfant, ma sant\u00e9 a d\u00e9clin\u00e9. Mais je sentais que je ne pouvais le dire \u00e0 personne parce que jusque-l\u00e0 personne n\u2019avait cru que la douleur \u00e9tait r\u00e9elle. C&#8217;\u00e9tait de ma faute parce que je bouge et rigole trop. Pourtant je pleure aussi &#8211; de douleur. Mais seulement quand je suis seule. \u00c0 33 ans, j&#8217;ai eu un cancer. \u00c0 35 ans, j&#8217;ai subi une op\u00e9ration au genou rat\u00e9e. \u00c0 36 ans, j&#8217;ai subi une chirurgie du dos et de la nuque. Puis, sur recommandation, j\u2019ai vu un m\u00e9decin formidable qui a finalement poser le diagnostic de Syndrome d&#8217;Ehlers-Danlos (EDS), une maladie g\u00e9n\u00e9tique affectant le tissu conjonctif. J&#8217;\u00e9tais tellement soulag\u00e9e d&#8217;avoir enfin un nom qui explique mes sympt\u00f4mes !!! J&#8217;ai commenc\u00e9 \u00e0 \u00e9changer avec d&#8217;autres personnes vivant avec EDS et je ne me sentais moins seule.<\/p>\n<p>J&#8217;ai re\u00e7u du soutien psychologique d&#8217;ALAN, ce qui m&#8217;a aid\u00e9 \u00e0 g\u00e9rer un certain nombre de probl\u00e8mes. La douleur chronique et les traumatismes infantiles non trait\u00e9s sont un m\u00e9lange toxique.<\/p>\n<p>Actuellement, mon corps est maintenu par des produits orthop\u00e9diques, des gants et bas de compression tr\u00e8s sexy. J&#8217;utilise un b\u00e2ton pour marcher et peut-\u00eatre bient\u00f4t un fauteuil roulant. La maladie a aussi provoqu\u00e9 des probl\u00e8mes de digestion, des vaisseaux sanguins et de la peau.<\/p>\n<p>Malheureusement, mes enfants commencent \u00e9galement \u00e0 pr\u00e9senter des sympt\u00f4mes. Mais au moins on sait pourquoi. Quand j&#8217;avais leur \u00e2ge, personne ne me croyait. Au d\u00e9but, j&#8217;ai toujours ressenti le besoin d&#8217;expliquer pourquoi je ne me sentais pas bien ou pourquoi je boitais, etc. Mais maintenant je m&#8217;en fiche. La maladie est l\u00e0 et elle ne va nulle part.<\/p>\n<p>Les derni\u00e8res ann\u00e9es n&#8217;ont pas \u00e9t\u00e9 faciles. Mais j&#8217;ai un partenaire de vie et des enfants incroyables qui me soutiennent et me donnent toute la force dont j&#8217;ai besoin pour continuer \u00e0 me battre. Ensemble, nous pouvons tout surmonter.&#8221;[\/vc_column_text]\t\t<\/div>\n\t<\/div>\n\t<\/div><\/div>[\/vc_column][\/vc_row][vc_row content_width=&#8221;grid&#8221; css=&#8221;.vc_custom_1596118384380{padding-top: 36px !important;padding-bottom: 41px !important;background-color: #ee3f75 !important;}&#8221;][vc_column css=&#8221;.vc_custom_1492609383973{padding-top: 2px !important;}&#8221;]\t<div class=\"edgtf-call-to-action normal\" style=\"background-color: #ee3f75;\">\n\n\t\t\t\t<div class=\"edgtf-container-inner\">\n\t\t\t\t\t<div class=\"edgtf-call-to-action-row-75-25 clearfix\" style=\"padding: 20px;\">\n\t\t\t\t\t\t<div class=\"edgtf-text-wrapper edgtf-call-to-action-column1 edgtf-call-to-action-cell left\">\n\t\t\t\t\t<div class=\"edgtf-call-to-action-text\" style=\"text-align: left\">\n<h2><span style=\"color: #ffffff;\">Contactez-nous en cas de questions ou besoin d\u2019assistance<\/span><\/h2>\n\t\t\t\t\t\t\t\t\t\t\t<\/div>\n\t\t\t\t<\/div>\n\n\t\t\t\t\t\t\t\t\t<div class=\"edgtf-button-wrapper edgtf-call-to-action-column2 edgtf-call-to-action-cell\" style =\"text-align: right ;\">\n\t\t\t\t\t\t<a itemprop=\"url\" href=\"\/fr\/contactez-nous\/\" target=\"_self\" style=\"color: #ee3f75;background-color: #ffffff;border-color: #ffffff\" class=\"edgtf-btn edgtf-btn-large edgtf-btn-solid edgtf-btn-custom-hover-bg edgtf-btn-custom-border-hover edgtf-btn-custom-hover-color\" data-hover-bg-color=\"#ee3f75\" data-hover-color=\"#ffffff\" data-hover-border-color=\"#ffffff\" >\t<span class=\"edgtf-btn-text\">Contact<\/span>    <\/a>\t\t\t\t\t<\/div>\n\t\t\t\t\t\t\t<\/div>\n\t\t\t\t<\/div>\n\t\t\t<\/div>\n[\/vc_column][\/vc_row]<\/p>\n<\/div>","protected":false},"excerpt":{"rendered":"<p>[vc_row content_width=&#8221;grid&#8221; css=&#8221;.vc_custom_1492696696810{padding-top: 130px !important;padding-bottom: 90px !important;}&#8221;][vc_column offset=&#8221;vc_col-lg-6 vc_col-md-6 vc_col-xs-12&#8243;][vc_single_image image=&#8221;20668&#8243; img_size=&#8221;full&#8221;][vc_empty_space height=&#8221;35px&#8221;][\/vc_column][vc_column offset=&#8221;vc_col-lg-6 vc_col-md-6 vc_col-xs-12&#8243;][\/vc_column][\/vc_row][vc_row content_width=&#8221;grid&#8221; css=&#8221;.vc_custom_1596118384380{padding-top: 36px !important;padding-bottom: 41px !important;background-color: #ee3f75 !important;}&#8221;][vc_column css=&#8221;.vc_custom_1492609383973{padding-top: 2px !important;}&#8221;][\/vc_column][\/vc_row]<\/p>\n","protected":false},"author":1,"featured_media":0,"parent":20667,"menu_order":0,"comment_status":"closed","ping_status":"closed","template":"","meta":{"give_campaign_id":0,"inline_featured_image":false,"footnotes":""},"class_list":["post-20693","page","type-page","status-publish","hentry"],"yoast_head":"<!-- This site is optimized with the Yoast SEO plugin v26.9 - https:\/\/yoast.com\/product\/yoast-seo-wordpress\/ -->\n<title>T\u00e9moignages - ALAN<\/title>\n<meta name=\"robots\" content=\"index, follow, max-snippet:-1, max-image-preview:large, max-video-preview:-1\" \/>\n<link rel=\"canonical\" href=\"https:\/\/alan.lu\/fr\/temoignages\/temoignages-jessica\/\" \/>\n<meta property=\"og:locale\" content=\"fr_FR\" \/>\n<meta property=\"og:type\" content=\"article\" \/>\n<meta property=\"og:title\" content=\"T\u00e9moignages - ALAN\" \/>\n<meta property=\"og:description\" content=\"[vc_row content_width=&#8221;grid&#8221; css=&#8221;.vc_custom_1492696696810{padding-top: 130px !important;padding-bottom: 90px !important;}&#8221;][vc_column offset=&#8221;vc_col-lg-6 vc_col-md-6 vc_col-xs-12&#8243;][vc_single_image image=&#8221;20668&#8243; img_size=&#8221;full&#8221;][vc_empty_space height=&#8221;35px&#8221;][\/vc_column][vc_column offset=&#8221;vc_col-lg-6 vc_col-md-6 vc_col-xs-12&#8243;][\/vc_column][\/vc_row][vc_row content_width=&#8221;grid&#8221; css=&#8221;.vc_custom_1596118384380{padding-top: 36px !important;padding-bottom: 41px !important;background-color: #ee3f75 !important;}&#8221;][vc_column css=&#8221;.vc_custom_1492609383973{padding-top: 2px !important;}&#8221;][\/vc_column][\/vc_row]\" \/>\n<meta property=\"og:url\" content=\"https:\/\/alan.lu\/fr\/temoignages\/temoignages-jessica\/\" \/>\n<meta property=\"og:site_name\" content=\"ALAN\" \/>\n<meta property=\"article:modified_time\" content=\"2021-01-27T13:12:01+00:00\" \/>\n<meta name=\"twitter:card\" content=\"summary_large_image\" \/>\n<meta name=\"twitter:label1\" content=\"Dur\u00e9e de lecture estim\u00e9e\" \/>\n\t<meta name=\"twitter:data1\" content=\"3 minutes\" \/>\n<script type=\"application\/ld+json\" class=\"yoast-schema-graph\">{\"@context\":\"https:\/\/schema.org\",\"@graph\":[{\"@type\":\"WebPage\",\"@id\":\"https:\/\/alan.lu\/fr\/temoignages\/temoignages-jessica\/\",\"url\":\"https:\/\/alan.lu\/fr\/temoignages\/temoignages-jessica\/\",\"name\":\"T\u00e9moignages - ALAN\",\"isPartOf\":{\"@id\":\"https:\/\/alan.lu\/fr\/#website\"},\"datePublished\":\"2020-09-23T12:00:59+00:00\",\"dateModified\":\"2021-01-27T13:12:01+00:00\",\"breadcrumb\":{\"@id\":\"https:\/\/alan.lu\/fr\/temoignages\/temoignages-jessica\/#breadcrumb\"},\"inLanguage\":\"fr-FR\",\"potentialAction\":[{\"@type\":\"ReadAction\",\"target\":[\"https:\/\/alan.lu\/fr\/temoignages\/temoignages-jessica\/\"]}]},{\"@type\":\"BreadcrumbList\",\"@id\":\"https:\/\/alan.lu\/fr\/temoignages\/temoignages-jessica\/#breadcrumb\",\"itemListElement\":[{\"@type\":\"ListItem\",\"position\":1,\"name\":\"Accueil\",\"item\":\"https:\/\/alan.lu\/fr\/\"},{\"@type\":\"ListItem\",\"position\":2,\"name\":\"T\u00e9moignages\",\"item\":\"https:\/\/alan.lu\/fr\/temoignages\/\"},{\"@type\":\"ListItem\",\"position\":3,\"name\":\"T\u00e9moignages\"}]},{\"@type\":\"WebSite\",\"@id\":\"https:\/\/alan.lu\/fr\/#website\",\"url\":\"https:\/\/alan.lu\/fr\/\",\"name\":\"ALAN\",\"description\":\"Rare Diseases Luxembourg\",\"potentialAction\":[{\"@type\":\"SearchAction\",\"target\":{\"@type\":\"EntryPoint\",\"urlTemplate\":\"https:\/\/alan.lu\/fr\/?s={search_term_string}\"},\"query-input\":{\"@type\":\"PropertyValueSpecification\",\"valueRequired\":true,\"valueName\":\"search_term_string\"}}],\"inLanguage\":\"fr-FR\"}]}<\/script>\n<!-- \/ Yoast SEO plugin. -->","yoast_head_json":{"title":"T\u00e9moignages - ALAN","robots":{"index":"index","follow":"follow","max-snippet":"max-snippet:-1","max-image-preview":"max-image-preview:large","max-video-preview":"max-video-preview:-1"},"canonical":"https:\/\/alan.lu\/fr\/temoignages\/temoignages-jessica\/","og_locale":"fr_FR","og_type":"article","og_title":"T\u00e9moignages - ALAN","og_description":"[vc_row content_width=&#8221;grid&#8221; css=&#8221;.vc_custom_1492696696810{padding-top: 130px !important;padding-bottom: 90px !important;}&#8221;][vc_column offset=&#8221;vc_col-lg-6 vc_col-md-6 vc_col-xs-12&#8243;][vc_single_image image=&#8221;20668&#8243; img_size=&#8221;full&#8221;][vc_empty_space height=&#8221;35px&#8221;][\/vc_column][vc_column offset=&#8221;vc_col-lg-6 vc_col-md-6 vc_col-xs-12&#8243;][\/vc_column][\/vc_row][vc_row content_width=&#8221;grid&#8221; css=&#8221;.vc_custom_1596118384380{padding-top: 36px !important;padding-bottom: 41px !important;background-color: #ee3f75 !important;}&#8221;][vc_column css=&#8221;.vc_custom_1492609383973{padding-top: 2px !important;}&#8221;][\/vc_column][\/vc_row]","og_url":"https:\/\/alan.lu\/fr\/temoignages\/temoignages-jessica\/","og_site_name":"ALAN","article_modified_time":"2021-01-27T13:12:01+00:00","twitter_card":"summary_large_image","twitter_misc":{"Dur\u00e9e de lecture estim\u00e9e":"3 minutes"},"schema":{"@context":"https:\/\/schema.org","@graph":[{"@type":"WebPage","@id":"https:\/\/alan.lu\/fr\/temoignages\/temoignages-jessica\/","url":"https:\/\/alan.lu\/fr\/temoignages\/temoignages-jessica\/","name":"T\u00e9moignages - ALAN","isPartOf":{"@id":"https:\/\/alan.lu\/fr\/#website"},"datePublished":"2020-09-23T12:00:59+00:00","dateModified":"2021-01-27T13:12:01+00:00","breadcrumb":{"@id":"https:\/\/alan.lu\/fr\/temoignages\/temoignages-jessica\/#breadcrumb"},"inLanguage":"fr-FR","potentialAction":[{"@type":"ReadAction","target":["https:\/\/alan.lu\/fr\/temoignages\/temoignages-jessica\/"]}]},{"@type":"BreadcrumbList","@id":"https:\/\/alan.lu\/fr\/temoignages\/temoignages-jessica\/#breadcrumb","itemListElement":[{"@type":"ListItem","position":1,"name":"Accueil","item":"https:\/\/alan.lu\/fr\/"},{"@type":"ListItem","position":2,"name":"T\u00e9moignages","item":"https:\/\/alan.lu\/fr\/temoignages\/"},{"@type":"ListItem","position":3,"name":"T\u00e9moignages"}]},{"@type":"WebSite","@id":"https:\/\/alan.lu\/fr\/#website","url":"https:\/\/alan.lu\/fr\/","name":"ALAN","description":"Rare Diseases Luxembourg","potentialAction":[{"@type":"SearchAction","target":{"@type":"EntryPoint","urlTemplate":"https:\/\/alan.lu\/fr\/?s={search_term_string}"},"query-input":{"@type":"PropertyValueSpecification","valueRequired":true,"valueName":"search_term_string"}}],"inLanguage":"fr-FR"}]}},"campaignId":"","_links":{"self":[{"href":"https:\/\/alan.lu\/fr\/wp-json\/wp\/v2\/pages\/20693","targetHints":{"allow":["GET"]}}],"collection":[{"href":"https:\/\/alan.lu\/fr\/wp-json\/wp\/v2\/pages"}],"about":[{"href":"https:\/\/alan.lu\/fr\/wp-json\/wp\/v2\/types\/page"}],"author":[{"embeddable":true,"href":"https:\/\/alan.lu\/fr\/wp-json\/wp\/v2\/users\/1"}],"replies":[{"embeddable":true,"href":"https:\/\/alan.lu\/fr\/wp-json\/wp\/v2\/comments?post=20693"}],"version-history":[{"count":7,"href":"https:\/\/alan.lu\/fr\/wp-json\/wp\/v2\/pages\/20693\/revisions"}],"predecessor-version":[{"id":22074,"href":"https:\/\/alan.lu\/fr\/wp-json\/wp\/v2\/pages\/20693\/revisions\/22074"}],"up":[{"embeddable":true,"href":"https:\/\/alan.lu\/fr\/wp-json\/wp\/v2\/pages\/20667"}],"wp:attachment":[{"href":"https:\/\/alan.lu\/fr\/wp-json\/wp\/v2\/media?parent=20693"}],"curies":[{"name":"wp","href":"https:\/\/api.w.org\/{rel}","templated":true}]}}