{"id":20697,"date":"2020-09-23T14:07:56","date_gmt":"2020-09-23T12:07:56","guid":{"rendered":"https:\/\/alan.wearequattro.com\/testimonials\/testimonials-nataliia\/"},"modified":"2021-01-27T14:12:01","modified_gmt":"2021-01-27T13:12:01","slug":"temoignages-nataliia","status":"publish","type":"page","link":"https:\/\/alan.lu\/fr\/temoignages\/temoignages-nataliia\/","title":{"rendered":"T\u00e9moignages"},"content":{"rendered":"<div class=\"wpb-content-wrapper\"><p>[vc_row content_width=&#8221;grid&#8221; css=&#8221;.vc_custom_1492696696810{padding-top: 130px !important;padding-bottom: 90px !important;}&#8221;][vc_column offset=&#8221;vc_col-lg-6 vc_col-md-6 vc_col-xs-12&#8243;][vc_single_image image=&#8221;20672&#8243; img_size=&#8221;full&#8221;][vc_empty_space height=&#8221;35px&#8221;][\/vc_column][vc_column offset=&#8221;vc_col-lg-6 vc_col-md-6 vc_col-xs-12&#8243;]<div class=\"edgtf-elements-holder edgtf-responsive-mode-768\" ><div class=\"edgtf-elements-holder-item \" data-item-class=\"edgtf-elements-holder-custom-433174\" data-1280-1600=\"2% 7% 2% 5%\" data-1024-1280=\"2% 7% 2% 5%\" data-768-1024=\"2% 0% 2% 3%\" data-600-768=\"5% 0% 1% 0%\" >\n\t\t<div class=\"edgtf-elements-holder-item-inner\">\n\t\t<div class=\"edgtf-elements-holder-item-content edgtf-elements-holder-custom-433174\" style=\"padding: 2% 7% 2% 5%\">\n\t\t\t[vc_column_text]<\/p>\n<h2>Nataliia<\/h2>\n<p>[\/vc_column_text][vc_column_text]<strong style=\"color: #ee3f75;\">m\u00e8re d\u2019un gar\u00e7on d\u20191 an vivant avec le syndrome d&#8217;Angelman<\/strong>[\/vc_column_text][vc_empty_space height=&#8221;35px&#8221;][vc_column_text]&#8221;Daniel est n\u00e9 en mai 2019. La grossesse \u00e9tait parfaite. J&#8217;\u00e9tais la femme la plus heureuse du monde ! Oui, pendant les premiers mois, Daniel a eu des probl\u00e8mes d&#8217;alimentation, un petit blocage dans la gorge, une t\u00eate un peu plate, du strabisme, des probl\u00e8mes de reflux. Ces probl\u00e8mes semblaient mineurs, vu que beaucoup de b\u00e9b\u00e9s peuvent \u00eatre affect\u00e9s par l\u2019un ou l\u2019autre de ces sympt\u00f4mes. Quand Daniel avait 3 mois, il a \u00e9t\u00e9 hospitalis\u00e9 pour exclure une origine neurologique et les r\u00e9sultats des tests g\u00e9n\u00e9tiques ont montr\u00e9 une microd\u00e9l\u00e9tion sur le chromosome 15, ce qui correspond au syndrome d&#8217;Angelman. Choc. Douleur. Larmes.<\/p>\n<p>Le syndrome d&#8217;Angelman est une maladie rare caus\u00e9e par des anomalies chromosomiques affectant environ 1 nouveau-n\u00e9 sur 15000. Les enfants ont un retard intellectuel et neurologique d\u00e8s les premi\u00e8res ann\u00e9es de leur vie. La maladie provoque aussi des convulsions, des troubles du sommeil, des rires fr\u00e9quents et une absence de langage oral. Il s&#8217;agit d&#8217;une anomalie g\u00e9n\u00e9tique et il n\u2019existe pas encore de rem\u00e8de.<\/p>\n<p>Je pleurais, mais je voulais aussi faire tout en mon pouvoir pour aider mon fils. Nous avons contact\u00e9 de nombreuses organisations pour le syndrome d&#8217;Angelman qui nous ont soutenus sur notre chemin ! La routine hebdomadaire de Daniel comprend de la physioth\u00e9rapie, de l&#8217;ergoth\u00e9rapie, de l&#8217;orthophonie, de la piscine, des exercices de d\u00e9veloppement de la vision et des visites d&#8217;ost\u00e9opathe. Tous les 3-4 mois, nous essayons de suivre une th\u00e9rapie intensive dans des centres de r\u00e9\u00e9ducation et nous faisons beaucoup d&#8217;exercices \u00e0 la maison. Il est extr\u00eamement rare que la maladie ait \u00e9t\u00e9 d\u00e9couverte si t\u00f4t, \u00e0 3 mois. Le diagnostic est g\u00e9n\u00e9ralement pos\u00e9 vers l&#8217;\u00e2ge d&#8217;un \u00e0 deux ans car le syndrome d&#8217;Angelman ne peut pas \u00eatre d\u00e9tect\u00e9 par des tests standard pendant la grossesse.<\/p>\n<p>Si vous cherchez en ligne, Daniel correspond bien \u00e0 la description des enfants vivant avec le syndrome d&#8217;Angelman. Mais ce qui n&#8217;est pas \u00e9crit en ligne, c&#8217;est que chaque enfant est diff\u00e9rent et a sa propre personnalit\u00e9. Daniel m&#8217;a appris \u00e0 appr\u00e9cier les choses simples, que nous tenons parfois pour acquises.<\/p>\n<p>Aujourd&#8217;hui, nous sommes pleins d&#8217;espoir, car les scientifiques sont sur le point de commencer les premiers essais cliniques pour le traitement de la cause du syndrome d&#8217;Angelman. J\u2019esp\u00e8re que la nouvelle th\u00e9rapie pourra am\u00e9liorer la sant\u00e9 et les capacit\u00e9s d&#8217;apprentissage de Daniel. Il pourra alors aller \u00e0 une \u00e9cole ordinaire et je ne serai m\u00eame pas f\u00e2ch\u00e9e s\u2019il obtient de mauvaises notes. Il aura des amis et de l&#8217;amour. Une enfance ordinaire.&#8221;<br \/>\n[\/vc_column_text]\t\t<\/div>\n\t<\/div>\n\t<\/div><\/div>[\/vc_column][\/vc_row][vc_row content_width=&#8221;grid&#8221; css=&#8221;.vc_custom_1596118384380{padding-top: 36px !important;padding-bottom: 41px !important;background-color: #ee3f75 !important;}&#8221;][vc_column css=&#8221;.vc_custom_1492609383973{padding-top: 2px !important;}&#8221;]\t<div class=\"edgtf-call-to-action normal\" style=\"background-color: #ee3f75;\">\n\n\t\t\t\t<div class=\"edgtf-container-inner\">\n\t\t\t\t\t<div class=\"edgtf-call-to-action-row-75-25 clearfix\" style=\"padding: 20px;\">\n\t\t\t\t\t\t<div class=\"edgtf-text-wrapper edgtf-call-to-action-column1 edgtf-call-to-action-cell left\">\n\t\t\t\t\t<div class=\"edgtf-call-to-action-text\" style=\"text-align: left\">\n<h2><span style=\"color: #ffffff;\">Contactez-nous en cas de questions ou besoin d\u2019assistance<\/span><\/h2>\n\t\t\t\t\t\t\t\t\t\t\t<\/div>\n\t\t\t\t<\/div>\n\n\t\t\t\t\t\t\t\t\t<div class=\"edgtf-button-wrapper edgtf-call-to-action-column2 edgtf-call-to-action-cell\" style =\"text-align: right ;\">\n\t\t\t\t\t\t<a itemprop=\"url\" href=\"\/fr\/contactez-nous\/\" target=\"_self\" style=\"color: #ee3f75;background-color: #ffffff;border-color: #ffffff\" class=\"edgtf-btn edgtf-btn-large edgtf-btn-solid edgtf-btn-custom-hover-bg edgtf-btn-custom-border-hover edgtf-btn-custom-hover-color\" data-hover-bg-color=\"#ee3f75\" data-hover-color=\"#ffffff\" data-hover-border-color=\"#ffffff\" >\t<span class=\"edgtf-btn-text\">Contact<\/span>    <\/a>\t\t\t\t\t<\/div>\n\t\t\t\t\t\t\t<\/div>\n\t\t\t\t<\/div>\n\t\t\t<\/div>\n[\/vc_column][\/vc_row]<\/p>\n<\/div>","protected":false},"excerpt":{"rendered":"<p>[vc_row content_width=&#8221;grid&#8221; css=&#8221;.vc_custom_1492696696810{padding-top: 130px !important;padding-bottom: 90px !important;}&#8221;][vc_column offset=&#8221;vc_col-lg-6 vc_col-md-6 vc_col-xs-12&#8243;][vc_single_image image=&#8221;20672&#8243; img_size=&#8221;full&#8221;][vc_empty_space height=&#8221;35px&#8221;][\/vc_column][vc_column offset=&#8221;vc_col-lg-6 vc_col-md-6 vc_col-xs-12&#8243;][\/vc_column][\/vc_row][vc_row content_width=&#8221;grid&#8221; css=&#8221;.vc_custom_1596118384380{padding-top: 36px !important;padding-bottom: 41px !important;background-color: #ee3f75 !important;}&#8221;][vc_column css=&#8221;.vc_custom_1492609383973{padding-top: 2px !important;}&#8221;][\/vc_column][\/vc_row]<\/p>\n","protected":false},"author":1,"featured_media":0,"parent":20667,"menu_order":0,"comment_status":"closed","ping_status":"closed","template":"","meta":{"give_campaign_id":0,"inline_featured_image":false,"footnotes":""},"class_list":["post-20697","page","type-page","status-publish","hentry"],"yoast_head":"<!-- This site is optimized with the Yoast SEO plugin v26.9 - https:\/\/yoast.com\/product\/yoast-seo-wordpress\/ -->\n<title>T\u00e9moignages - ALAN<\/title>\n<meta name=\"robots\" content=\"index, follow, max-snippet:-1, max-image-preview:large, max-video-preview:-1\" \/>\n<link rel=\"canonical\" href=\"https:\/\/alan.lu\/fr\/temoignages\/temoignages-nataliia\/\" \/>\n<meta property=\"og:locale\" content=\"fr_FR\" \/>\n<meta property=\"og:type\" content=\"article\" \/>\n<meta property=\"og:title\" content=\"T\u00e9moignages - ALAN\" \/>\n<meta property=\"og:description\" content=\"[vc_row content_width=&#8221;grid&#8221; css=&#8221;.vc_custom_1492696696810{padding-top: 130px !important;padding-bottom: 90px !important;}&#8221;][vc_column offset=&#8221;vc_col-lg-6 vc_col-md-6 vc_col-xs-12&#8243;][vc_single_image image=&#8221;20672&#8243; img_size=&#8221;full&#8221;][vc_empty_space height=&#8221;35px&#8221;][\/vc_column][vc_column offset=&#8221;vc_col-lg-6 vc_col-md-6 vc_col-xs-12&#8243;][\/vc_column][\/vc_row][vc_row content_width=&#8221;grid&#8221; css=&#8221;.vc_custom_1596118384380{padding-top: 36px !important;padding-bottom: 41px !important;background-color: #ee3f75 !important;}&#8221;][vc_column css=&#8221;.vc_custom_1492609383973{padding-top: 2px !important;}&#8221;][\/vc_column][\/vc_row]\" \/>\n<meta property=\"og:url\" content=\"https:\/\/alan.lu\/fr\/temoignages\/temoignages-nataliia\/\" \/>\n<meta property=\"og:site_name\" content=\"ALAN\" \/>\n<meta property=\"article:modified_time\" content=\"2021-01-27T13:12:01+00:00\" \/>\n<meta name=\"twitter:card\" content=\"summary_large_image\" \/>\n<meta name=\"twitter:label1\" content=\"Dur\u00e9e de lecture estim\u00e9e\" \/>\n\t<meta name=\"twitter:data1\" content=\"3 minutes\" \/>\n<script type=\"application\/ld+json\" class=\"yoast-schema-graph\">{\"@context\":\"https:\/\/schema.org\",\"@graph\":[{\"@type\":\"WebPage\",\"@id\":\"https:\/\/alan.lu\/fr\/temoignages\/temoignages-nataliia\/\",\"url\":\"https:\/\/alan.lu\/fr\/temoignages\/temoignages-nataliia\/\",\"name\":\"T\u00e9moignages - ALAN\",\"isPartOf\":{\"@id\":\"https:\/\/alan.lu\/fr\/#website\"},\"datePublished\":\"2020-09-23T12:07:56+00:00\",\"dateModified\":\"2021-01-27T13:12:01+00:00\",\"breadcrumb\":{\"@id\":\"https:\/\/alan.lu\/fr\/temoignages\/temoignages-nataliia\/#breadcrumb\"},\"inLanguage\":\"fr-FR\",\"potentialAction\":[{\"@type\":\"ReadAction\",\"target\":[\"https:\/\/alan.lu\/fr\/temoignages\/temoignages-nataliia\/\"]}]},{\"@type\":\"BreadcrumbList\",\"@id\":\"https:\/\/alan.lu\/fr\/temoignages\/temoignages-nataliia\/#breadcrumb\",\"itemListElement\":[{\"@type\":\"ListItem\",\"position\":1,\"name\":\"Accueil\",\"item\":\"https:\/\/alan.lu\/fr\/\"},{\"@type\":\"ListItem\",\"position\":2,\"name\":\"T\u00e9moignages\",\"item\":\"https:\/\/alan.lu\/fr\/temoignages\/\"},{\"@type\":\"ListItem\",\"position\":3,\"name\":\"T\u00e9moignages\"}]},{\"@type\":\"WebSite\",\"@id\":\"https:\/\/alan.lu\/fr\/#website\",\"url\":\"https:\/\/alan.lu\/fr\/\",\"name\":\"ALAN\",\"description\":\"Rare Diseases Luxembourg\",\"potentialAction\":[{\"@type\":\"SearchAction\",\"target\":{\"@type\":\"EntryPoint\",\"urlTemplate\":\"https:\/\/alan.lu\/fr\/?s={search_term_string}\"},\"query-input\":{\"@type\":\"PropertyValueSpecification\",\"valueRequired\":true,\"valueName\":\"search_term_string\"}}],\"inLanguage\":\"fr-FR\"}]}<\/script>\n<!-- \/ Yoast SEO plugin. -->","yoast_head_json":{"title":"T\u00e9moignages - ALAN","robots":{"index":"index","follow":"follow","max-snippet":"max-snippet:-1","max-image-preview":"max-image-preview:large","max-video-preview":"max-video-preview:-1"},"canonical":"https:\/\/alan.lu\/fr\/temoignages\/temoignages-nataliia\/","og_locale":"fr_FR","og_type":"article","og_title":"T\u00e9moignages - ALAN","og_description":"[vc_row content_width=&#8221;grid&#8221; css=&#8221;.vc_custom_1492696696810{padding-top: 130px !important;padding-bottom: 90px !important;}&#8221;][vc_column offset=&#8221;vc_col-lg-6 vc_col-md-6 vc_col-xs-12&#8243;][vc_single_image image=&#8221;20672&#8243; img_size=&#8221;full&#8221;][vc_empty_space height=&#8221;35px&#8221;][\/vc_column][vc_column offset=&#8221;vc_col-lg-6 vc_col-md-6 vc_col-xs-12&#8243;][\/vc_column][\/vc_row][vc_row content_width=&#8221;grid&#8221; css=&#8221;.vc_custom_1596118384380{padding-top: 36px !important;padding-bottom: 41px !important;background-color: #ee3f75 !important;}&#8221;][vc_column css=&#8221;.vc_custom_1492609383973{padding-top: 2px !important;}&#8221;][\/vc_column][\/vc_row]","og_url":"https:\/\/alan.lu\/fr\/temoignages\/temoignages-nataliia\/","og_site_name":"ALAN","article_modified_time":"2021-01-27T13:12:01+00:00","twitter_card":"summary_large_image","twitter_misc":{"Dur\u00e9e de lecture estim\u00e9e":"3 minutes"},"schema":{"@context":"https:\/\/schema.org","@graph":[{"@type":"WebPage","@id":"https:\/\/alan.lu\/fr\/temoignages\/temoignages-nataliia\/","url":"https:\/\/alan.lu\/fr\/temoignages\/temoignages-nataliia\/","name":"T\u00e9moignages - ALAN","isPartOf":{"@id":"https:\/\/alan.lu\/fr\/#website"},"datePublished":"2020-09-23T12:07:56+00:00","dateModified":"2021-01-27T13:12:01+00:00","breadcrumb":{"@id":"https:\/\/alan.lu\/fr\/temoignages\/temoignages-nataliia\/#breadcrumb"},"inLanguage":"fr-FR","potentialAction":[{"@type":"ReadAction","target":["https:\/\/alan.lu\/fr\/temoignages\/temoignages-nataliia\/"]}]},{"@type":"BreadcrumbList","@id":"https:\/\/alan.lu\/fr\/temoignages\/temoignages-nataliia\/#breadcrumb","itemListElement":[{"@type":"ListItem","position":1,"name":"Accueil","item":"https:\/\/alan.lu\/fr\/"},{"@type":"ListItem","position":2,"name":"T\u00e9moignages","item":"https:\/\/alan.lu\/fr\/temoignages\/"},{"@type":"ListItem","position":3,"name":"T\u00e9moignages"}]},{"@type":"WebSite","@id":"https:\/\/alan.lu\/fr\/#website","url":"https:\/\/alan.lu\/fr\/","name":"ALAN","description":"Rare Diseases Luxembourg","potentialAction":[{"@type":"SearchAction","target":{"@type":"EntryPoint","urlTemplate":"https:\/\/alan.lu\/fr\/?s={search_term_string}"},"query-input":{"@type":"PropertyValueSpecification","valueRequired":true,"valueName":"search_term_string"}}],"inLanguage":"fr-FR"}]}},"campaignId":"","_links":{"self":[{"href":"https:\/\/alan.lu\/fr\/wp-json\/wp\/v2\/pages\/20697","targetHints":{"allow":["GET"]}}],"collection":[{"href":"https:\/\/alan.lu\/fr\/wp-json\/wp\/v2\/pages"}],"about":[{"href":"https:\/\/alan.lu\/fr\/wp-json\/wp\/v2\/types\/page"}],"author":[{"embeddable":true,"href":"https:\/\/alan.lu\/fr\/wp-json\/wp\/v2\/users\/1"}],"replies":[{"embeddable":true,"href":"https:\/\/alan.lu\/fr\/wp-json\/wp\/v2\/comments?post=20697"}],"version-history":[{"count":7,"href":"https:\/\/alan.lu\/fr\/wp-json\/wp\/v2\/pages\/20697\/revisions"}],"predecessor-version":[{"id":22071,"href":"https:\/\/alan.lu\/fr\/wp-json\/wp\/v2\/pages\/20697\/revisions\/22071"}],"up":[{"embeddable":true,"href":"https:\/\/alan.lu\/fr\/wp-json\/wp\/v2\/pages\/20667"}],"wp:attachment":[{"href":"https:\/\/alan.lu\/fr\/wp-json\/wp\/v2\/media?parent=20697"}],"curies":[{"name":"wp","href":"https:\/\/api.w.org\/{rel}","templated":true}]}}