{"id":20699,"date":"2020-09-23T14:09:54","date_gmt":"2020-09-23T12:09:54","guid":{"rendered":"https:\/\/alan.wearequattro.com\/testimonials\/testimonials-noemie\/"},"modified":"2021-01-27T14:12:01","modified_gmt":"2021-01-27T13:12:01","slug":"temoignages-noemie","status":"publish","type":"page","link":"https:\/\/alan.lu\/fr\/temoignages\/temoignages-noemie\/","title":{"rendered":"T\u00e9moignages"},"content":{"rendered":"<div class=\"wpb-content-wrapper\"><p>[vc_row content_width=&#8221;grid&#8221; css=&#8221;.vc_custom_1492696696810{padding-top: 130px !important;padding-bottom: 90px !important;}&#8221;][vc_column offset=&#8221;vc_col-lg-6 vc_col-md-6 vc_col-xs-12&#8243;][vc_single_image image=&#8221;20673&#8243; img_size=&#8221;full&#8221;][vc_empty_space height=&#8221;35px&#8221;][\/vc_column][vc_column offset=&#8221;vc_col-lg-6 vc_col-md-6 vc_col-xs-12&#8243;]<div class=\"edgtf-elements-holder edgtf-responsive-mode-768\" ><div class=\"edgtf-elements-holder-item \" data-item-class=\"edgtf-elements-holder-custom-133176\" data-1280-1600=\"2% 7% 2% 5%\" data-1024-1280=\"2% 7% 2% 5%\" data-768-1024=\"2% 0% 2% 3%\" data-600-768=\"5% 0% 1% 0%\" >\n\t\t<div class=\"edgtf-elements-holder-item-inner\">\n\t\t<div class=\"edgtf-elements-holder-item-content edgtf-elements-holder-custom-133176\" style=\"padding: 2% 7% 2% 5%\">\n\t\t\t[vc_column_text]<\/p>\n<h2>No\u00e9mie<\/h2>\n<p>[\/vc_column_text][vc_column_text]<strong style=\"color: #ee3f75;\">43 ans, vit avec la scl\u00e9rose lat\u00e9rale amyotrophique (SLA)<\/strong>[\/vc_column_text][vc_empty_space height=&#8221;35px&#8221;][vc_column_text]&#8221;Je suis No\u00e9mie. J\u2019ai 43 ans et je suis maman de 4 enfants. Depuis quelques ann\u00e9es je vis avec la SLA. SLA ou \u00ab scl\u00e9rose lat\u00e9rale amyotrophique \u00bb est une maladie neuromusculaire incurable qui m\u00e8ne peu \u00e0 peu \u00e0 la paralysie de tous les muscles du corps, y compris les jambes, les bras, le tronc, le visage et la langue. De m\u00eame, les muscles n\u00e9cessaires \u00e0 la d\u00e9glutition, \u00e0 la parole et malheureusement aussi ceux n\u00e9cessaires \u00e0 la respiration cessent lentement de fonctionner.<\/p>\n<p>Au stade final, vous devez compter sur l\u2019aide d\u2019autres personnes et avez besoin d\u2019une sonde gastrique et d\u2019un ventilateur. Pour environ 90% des patients atteints de SLA, la maladie \u00e9volue rapidement avec une survie moyenne de 3 \u00e0 5 ans apr\u00e8s le d\u00e9but de la maladie, sauf si on est nourri et ventil\u00e9 artificiellement.<\/p>\n<p>J&#8217;ai la chance d&#8217;\u00eatre parmi les 10% des patients dont la maladie \u00e9volue tr\u00e8s lentement. Le c\u00e9l\u00e8bre astrophysicien Stephen Hawking \u00e9tait aussi atteint de cette forme de SLA. Il a v\u00e9cu plus de 50 ans avec la SLA jusqu&#8217;\u00e0 son d\u00e9c\u00e8s en 2018.<\/p>\n<p>Il est tr\u00e8s important pour moi de vivre une vie aussi \u00ab normale \u00bb que possible. M\u00eame si je dois utiliser un fauteuil roulant et un ventilateur pour m&#8217;aider \u00e0 respirer la nuit, je suis capable de vivre une vie assez normale. Evidemment, ma \u00ab nouvelle \u00bb vie est diff\u00e9rente, mais elle est toujours belle et absolument digne d&#8217;\u00eatre v\u00e9cue. Je ne peux plus monter \u00e0 cheval, faire du ski ou des randonn\u00e9es dans les Alpes. Mais je peux faire la course sur les pistes cyclables avec mon fauteuil roulant \u00e9lectrique qui est tr\u00e8s sportif et rapide ?<\/p>\n<p>En tant que chanteuse d&#8217;op\u00e9ra, je suis \u00e9videmment tr\u00e8s heureuse d&#8217;avoir pu garder ma voix jusqu&#8217;\u00e0 maintenant. Je peux toujours chanter de tout mon c\u0153ur, de toute mon \u00e2me. Je le fais simplement assis dans mon fauteuil roulant.<\/p>\n<p>Je suis \u00e9galement tr\u00e8s heureuse de pouvoir encore parler et manger par moi-m\u00eame. Bien s\u00fbr, j&#8217;ai peur du progr\u00e8s de la maladie. J&#8217;essaie de ne pas trop y penser, mais de vivre au pr\u00e9sent, en suivant la devise \u00ab Carpe Diem\u00bb &#8211; cueille le jour. Ne regardez pas en arri\u00e8re sur les choses que vous ne pouvez plus faire, et ne regardez pas trop loin dans un avenir qui vous fait peur.<\/p>\n<p>Ma strat\u00e9gie : vivre dans le PRESENT et profiter au maximum.<\/p>\n<p>J&#8217;esp\u00e8re que je pourrai garder ma voix le plus longtemps possible et que la maladie continuera de progresser aussi lentement.<\/p>\n<p>CARPE DIEM et NEVER GIVE UP&#8221;[\/vc_column_text]\t\t<\/div>\n\t<\/div>\n\t<\/div><\/div>[\/vc_column][\/vc_row][vc_row content_width=&#8221;grid&#8221; css=&#8221;.vc_custom_1596118384380{padding-top: 36px !important;padding-bottom: 41px !important;background-color: #ee3f75 !important;}&#8221;][vc_column css=&#8221;.vc_custom_1492609383973{padding-top: 2px !important;}&#8221;]\t<div class=\"edgtf-call-to-action normal\" style=\"background-color: #ee3f75;\">\n\n\t\t\t\t<div class=\"edgtf-container-inner\">\n\t\t\t\t\t<div class=\"edgtf-call-to-action-row-75-25 clearfix\" style=\"padding: 20px;\">\n\t\t\t\t\t\t<div class=\"edgtf-text-wrapper edgtf-call-to-action-column1 edgtf-call-to-action-cell left\">\n\t\t\t\t\t<div class=\"edgtf-call-to-action-text\" style=\"text-align: left\">\n<h2><span style=\"color: #ffffff;\">Contactez-nous en cas de questions ou besoin d\u2019assistance<\/span><\/h2>\n\t\t\t\t\t\t\t\t\t\t\t<\/div>\n\t\t\t\t<\/div>\n\n\t\t\t\t\t\t\t\t\t<div class=\"edgtf-button-wrapper edgtf-call-to-action-column2 edgtf-call-to-action-cell\" style =\"text-align: right ;\">\n\t\t\t\t\t\t<a itemprop=\"url\" href=\"\/fr\/contactez-nous\/\" target=\"_self\" style=\"color: #ee3f75;background-color: #ffffff;border-color: #ffffff\" class=\"edgtf-btn edgtf-btn-large edgtf-btn-solid edgtf-btn-custom-hover-bg edgtf-btn-custom-border-hover edgtf-btn-custom-hover-color\" data-hover-bg-color=\"#ee3f75\" data-hover-color=\"#ffffff\" data-hover-border-color=\"#ffffff\" >\t<span class=\"edgtf-btn-text\">Contact<\/span>    <\/a>\t\t\t\t\t<\/div>\n\t\t\t\t\t\t\t<\/div>\n\t\t\t\t<\/div>\n\t\t\t<\/div>\n[\/vc_column][\/vc_row]<\/p>\n<\/div>","protected":false},"excerpt":{"rendered":"<p>[vc_row content_width=&#8221;grid&#8221; css=&#8221;.vc_custom_1492696696810{padding-top: 130px !important;padding-bottom: 90px !important;}&#8221;][vc_column offset=&#8221;vc_col-lg-6 vc_col-md-6 vc_col-xs-12&#8243;][vc_single_image image=&#8221;20673&#8243; img_size=&#8221;full&#8221;][vc_empty_space height=&#8221;35px&#8221;][\/vc_column][vc_column offset=&#8221;vc_col-lg-6 vc_col-md-6 vc_col-xs-12&#8243;][\/vc_column][\/vc_row][vc_row content_width=&#8221;grid&#8221; css=&#8221;.vc_custom_1596118384380{padding-top: 36px !important;padding-bottom: 41px !important;background-color: #ee3f75 !important;}&#8221;][vc_column css=&#8221;.vc_custom_1492609383973{padding-top: 2px !important;}&#8221;][\/vc_column][\/vc_row]<\/p>\n","protected":false},"author":1,"featured_media":0,"parent":20667,"menu_order":0,"comment_status":"closed","ping_status":"closed","template":"","meta":{"give_campaign_id":0,"inline_featured_image":false,"footnotes":""},"class_list":["post-20699","page","type-page","status-publish","hentry"],"yoast_head":"<!-- This site is optimized with the Yoast SEO plugin v27.4 - https:\/\/yoast.com\/product\/yoast-seo-wordpress\/ -->\n<title>T\u00e9moignages - ALAN<\/title>\n<meta name=\"robots\" content=\"index, follow, max-snippet:-1, max-image-preview:large, max-video-preview:-1\" \/>\n<link rel=\"canonical\" href=\"https:\/\/alan.lu\/fr\/temoignages\/temoignages-noemie\/\" \/>\n<meta property=\"og:locale\" content=\"fr_FR\" \/>\n<meta property=\"og:type\" content=\"article\" \/>\n<meta property=\"og:title\" content=\"T\u00e9moignages - ALAN\" \/>\n<meta property=\"og:description\" content=\"[vc_row content_width=&#8221;grid&#8221; css=&#8221;.vc_custom_1492696696810{padding-top: 130px !important;padding-bottom: 90px !important;}&#8221;][vc_column offset=&#8221;vc_col-lg-6 vc_col-md-6 vc_col-xs-12&#8243;][vc_single_image image=&#8221;20673&#8243; img_size=&#8221;full&#8221;][vc_empty_space height=&#8221;35px&#8221;][\/vc_column][vc_column offset=&#8221;vc_col-lg-6 vc_col-md-6 vc_col-xs-12&#8243;][\/vc_column][\/vc_row][vc_row content_width=&#8221;grid&#8221; css=&#8221;.vc_custom_1596118384380{padding-top: 36px !important;padding-bottom: 41px !important;background-color: #ee3f75 !important;}&#8221;][vc_column css=&#8221;.vc_custom_1492609383973{padding-top: 2px !important;}&#8221;][\/vc_column][\/vc_row]\" \/>\n<meta property=\"og:url\" content=\"https:\/\/alan.lu\/fr\/temoignages\/temoignages-noemie\/\" \/>\n<meta property=\"og:site_name\" content=\"ALAN\" \/>\n<meta property=\"article:modified_time\" content=\"2021-01-27T13:12:01+00:00\" \/>\n<meta name=\"twitter:card\" content=\"summary_large_image\" \/>\n<meta name=\"twitter:label1\" content=\"Dur\u00e9e de lecture estim\u00e9e\" \/>\n\t<meta name=\"twitter:data1\" content=\"3 minutes\" \/>\n<script type=\"application\/ld+json\" class=\"yoast-schema-graph\">{\"@context\":\"https:\\\/\\\/schema.org\",\"@graph\":[{\"@type\":\"WebPage\",\"@id\":\"https:\\\/\\\/alan.lu\\\/fr\\\/temoignages\\\/temoignages-noemie\\\/\",\"url\":\"https:\\\/\\\/alan.lu\\\/fr\\\/temoignages\\\/temoignages-noemie\\\/\",\"name\":\"T\u00e9moignages - ALAN\",\"isPartOf\":{\"@id\":\"https:\\\/\\\/alan.lu\\\/fr\\\/#website\"},\"datePublished\":\"2020-09-23T12:09:54+00:00\",\"dateModified\":\"2021-01-27T13:12:01+00:00\",\"breadcrumb\":{\"@id\":\"https:\\\/\\\/alan.lu\\\/fr\\\/temoignages\\\/temoignages-noemie\\\/#breadcrumb\"},\"inLanguage\":\"fr-FR\",\"potentialAction\":[{\"@type\":\"ReadAction\",\"target\":[\"https:\\\/\\\/alan.lu\\\/fr\\\/temoignages\\\/temoignages-noemie\\\/\"]}]},{\"@type\":\"BreadcrumbList\",\"@id\":\"https:\\\/\\\/alan.lu\\\/fr\\\/temoignages\\\/temoignages-noemie\\\/#breadcrumb\",\"itemListElement\":[{\"@type\":\"ListItem\",\"position\":1,\"name\":\"Accueil\",\"item\":\"https:\\\/\\\/alan.lu\\\/fr\\\/\"},{\"@type\":\"ListItem\",\"position\":2,\"name\":\"T\u00e9moignages\",\"item\":\"https:\\\/\\\/alan.lu\\\/fr\\\/temoignages\\\/\"},{\"@type\":\"ListItem\",\"position\":3,\"name\":\"T\u00e9moignages\"}]},{\"@type\":\"WebSite\",\"@id\":\"https:\\\/\\\/alan.lu\\\/fr\\\/#website\",\"url\":\"https:\\\/\\\/alan.lu\\\/fr\\\/\",\"name\":\"ALAN\",\"description\":\"Rare Diseases Luxembourg\",\"potentialAction\":[{\"@type\":\"SearchAction\",\"target\":{\"@type\":\"EntryPoint\",\"urlTemplate\":\"https:\\\/\\\/alan.lu\\\/fr\\\/?s={search_term_string}\"},\"query-input\":{\"@type\":\"PropertyValueSpecification\",\"valueRequired\":true,\"valueName\":\"search_term_string\"}}],\"inLanguage\":\"fr-FR\"}]}<\/script>\n<!-- \/ Yoast SEO plugin. -->","yoast_head_json":{"title":"T\u00e9moignages - ALAN","robots":{"index":"index","follow":"follow","max-snippet":"max-snippet:-1","max-image-preview":"max-image-preview:large","max-video-preview":"max-video-preview:-1"},"canonical":"https:\/\/alan.lu\/fr\/temoignages\/temoignages-noemie\/","og_locale":"fr_FR","og_type":"article","og_title":"T\u00e9moignages - ALAN","og_description":"[vc_row content_width=&#8221;grid&#8221; css=&#8221;.vc_custom_1492696696810{padding-top: 130px !important;padding-bottom: 90px !important;}&#8221;][vc_column offset=&#8221;vc_col-lg-6 vc_col-md-6 vc_col-xs-12&#8243;][vc_single_image image=&#8221;20673&#8243; img_size=&#8221;full&#8221;][vc_empty_space height=&#8221;35px&#8221;][\/vc_column][vc_column offset=&#8221;vc_col-lg-6 vc_col-md-6 vc_col-xs-12&#8243;][\/vc_column][\/vc_row][vc_row content_width=&#8221;grid&#8221; css=&#8221;.vc_custom_1596118384380{padding-top: 36px !important;padding-bottom: 41px !important;background-color: #ee3f75 !important;}&#8221;][vc_column css=&#8221;.vc_custom_1492609383973{padding-top: 2px !important;}&#8221;][\/vc_column][\/vc_row]","og_url":"https:\/\/alan.lu\/fr\/temoignages\/temoignages-noemie\/","og_site_name":"ALAN","article_modified_time":"2021-01-27T13:12:01+00:00","twitter_card":"summary_large_image","twitter_misc":{"Dur\u00e9e de lecture estim\u00e9e":"3 minutes"},"schema":{"@context":"https:\/\/schema.org","@graph":[{"@type":"WebPage","@id":"https:\/\/alan.lu\/fr\/temoignages\/temoignages-noemie\/","url":"https:\/\/alan.lu\/fr\/temoignages\/temoignages-noemie\/","name":"T\u00e9moignages - ALAN","isPartOf":{"@id":"https:\/\/alan.lu\/fr\/#website"},"datePublished":"2020-09-23T12:09:54+00:00","dateModified":"2021-01-27T13:12:01+00:00","breadcrumb":{"@id":"https:\/\/alan.lu\/fr\/temoignages\/temoignages-noemie\/#breadcrumb"},"inLanguage":"fr-FR","potentialAction":[{"@type":"ReadAction","target":["https:\/\/alan.lu\/fr\/temoignages\/temoignages-noemie\/"]}]},{"@type":"BreadcrumbList","@id":"https:\/\/alan.lu\/fr\/temoignages\/temoignages-noemie\/#breadcrumb","itemListElement":[{"@type":"ListItem","position":1,"name":"Accueil","item":"https:\/\/alan.lu\/fr\/"},{"@type":"ListItem","position":2,"name":"T\u00e9moignages","item":"https:\/\/alan.lu\/fr\/temoignages\/"},{"@type":"ListItem","position":3,"name":"T\u00e9moignages"}]},{"@type":"WebSite","@id":"https:\/\/alan.lu\/fr\/#website","url":"https:\/\/alan.lu\/fr\/","name":"ALAN","description":"Rare Diseases Luxembourg","potentialAction":[{"@type":"SearchAction","target":{"@type":"EntryPoint","urlTemplate":"https:\/\/alan.lu\/fr\/?s={search_term_string}"},"query-input":{"@type":"PropertyValueSpecification","valueRequired":true,"valueName":"search_term_string"}}],"inLanguage":"fr-FR"}]}},"campaignId":"","_links":{"self":[{"href":"https:\/\/alan.lu\/fr\/wp-json\/wp\/v2\/pages\/20699","targetHints":{"allow":["GET"]}}],"collection":[{"href":"https:\/\/alan.lu\/fr\/wp-json\/wp\/v2\/pages"}],"about":[{"href":"https:\/\/alan.lu\/fr\/wp-json\/wp\/v2\/types\/page"}],"author":[{"embeddable":true,"href":"https:\/\/alan.lu\/fr\/wp-json\/wp\/v2\/users\/1"}],"replies":[{"embeddable":true,"href":"https:\/\/alan.lu\/fr\/wp-json\/wp\/v2\/comments?post=20699"}],"version-history":[{"count":7,"href":"https:\/\/alan.lu\/fr\/wp-json\/wp\/v2\/pages\/20699\/revisions"}],"predecessor-version":[{"id":22070,"href":"https:\/\/alan.lu\/fr\/wp-json\/wp\/v2\/pages\/20699\/revisions\/22070"}],"up":[{"embeddable":true,"href":"https:\/\/alan.lu\/fr\/wp-json\/wp\/v2\/pages\/20667"}],"wp:attachment":[{"href":"https:\/\/alan.lu\/fr\/wp-json\/wp\/v2\/media?parent=20699"}],"curies":[{"name":"wp","href":"https:\/\/api.w.org\/{rel}","templated":true}]}}