{"id":20738,"date":"2020-10-23T09:06:30","date_gmt":"2020-10-23T07:06:30","guid":{"rendered":"https:\/\/alan.wearequattro.com\/advocacy\/"},"modified":"2024-11-04T13:50:53","modified_gmt":"2024-11-04T12:50:53","slug":"mobilisation","status":"publish","type":"page","link":"https:\/\/alan.lu\/fr\/mobilisation\/","title":{"rendered":"Mobilisation"},"content":{"rendered":"<div class=\"wpb-content-wrapper\"><p>[vc_row content_width=&#8221;grid&#8221;][vc_column][vc_column_text]<\/p>\n<h2 style=\"text-align: center;\"><strong>Faire entendre vos voix et rencontrer vos besoins<\/strong><\/h2>\n<p>[\/vc_column_text][vc_empty_space height=&#8221;14px&#8221;][vc_column_text css=&#8221;&#8221;]R\u00e9aliser notre vision d&#8217;un environnement o\u00f9 les personnes atteintes d&#8217;une maladie rare peuvent r\u00e9aliser leur plein potentiel n&#8217;est possible que gr\u00e2ce \u00e0 un travail de plaidoyer intense. Pour remplir sa mission en tant qu&#8217;<a href=\"https:\/\/alan.lu\/fr\/alliance-nationale-maladies-rares\/\">Alliance Nationale Maladies Rares<\/a>, ALAN se concentre sur les aspects suivants pour revendiquer une meilleure reconnaissance, l&#8217;\u00e9galit\u00e9 des chances et des changements politiques qui am\u00e9liorent la qualit\u00e9 de vie des personnes vivant avec une maladie rare :[\/vc_column_text]<div class=\"edgtf-separator-holder clearfix  edgtf-separator-center\">\n\t<div class=\"edgtf-separator\" style=\"border-color: #00bcdf;width: 50px;border-bottom-width: 3px;margin-top: 25px;margin-bottom: 25px\"><\/div>\n<\/div>\n[vc_empty_space height=&#8221;50px&#8221;][\/vc_column][\/vc_row][vc_row][vc_column][vc_row_inner][vc_column_inner width=&#8221;1\/2&#8243;][vc_single_image image=&#8221;22024&#8243; img_size=&#8221;full&#8221;][vc_empty_space height=&#8221;50px&#8221;][\/vc_column_inner][vc_column_inner width=&#8221;1\/2&#8243;][vc_column_text]<\/p>\n<h3 style=\"text-align: left;\"><strong>Plaidoyer national<\/strong><\/h3>\n<p>[\/vc_column_text][vc_empty_space height=&#8221;35px&#8221;][vc_column_text]ALAN participe activement \u00e0 la mise en \u0153uvre du <strong>Plan National des Maladies Rares<\/strong>. Plusieurs membres de l\u2019\u00e9quipe op\u00e9rationnelle et du Conseil d\u2019administration d\u2019ALAN si\u00e8gent au <strong>Comit\u00e9 national des maladies rares<\/strong>. En outre, ils sont impliqu\u00e9s dans pas moins de 12 groupes de travail diff\u00e9rents au sein du Plan National, concernant, par exemple, l&#8217;\u00e9tablissement d&#8217;un registre national des maladies rares, la cr\u00e9ation d&#8217;une cellule d&#8217;orientation pour les maladies rares et le remboursement des m\u00e9dicaments.<\/p>\n<p>ALAN se coordonne avec les responsables gouvernementaux et publie des d\u00e9clarations pour attirer leur attention sur des probl\u00e8mes sp\u00e9cifiques, tels que l&#8217;acc\u00e8s au traitement pendant la pand\u00e9mie de la <strong>COVID-19<\/strong> ou le transport scolaire pour les enfants ayant des besoins sp\u00e9cifiques. De plus, ALAN organise et participe \u00e0 des conf\u00e9rences nationales, des ateliers et des tables rondes pour sensibiliser sp\u00e9cifiquement aux maladies rares dans les secteurs des soins de sant\u00e9, social et \u00e9ducatif.[\/vc_column_text][vc_empty_space height=&#8221;50px&#8221;][\/vc_column_inner][\/vc_row_inner][vc_row_inner][vc_column_inner width=&#8221;1\/2&#8243;][vc_column_text]<\/p>\n<h3><strong>Partenariats internationaux<\/strong><\/h3>\n<p>[\/vc_column_text][vc_empty_space height=&#8221;35px&#8221;][vc_column_text]Pour d\u00e9fendre les int\u00e9r\u00eats de toutes les personnes touch\u00e9es par une maladie rare, ainsi que leurs associations respectives, tant au niveau national qu&#8217;international, ALAN d\u00e9veloppe et entretient de nombreux partenariats transfrontaliers. ALAN collabore avec des organisations internationales ayant des objectifs similaires telles que l&#8217;<strong>AFM-T\u00e9l\u00e9thon<\/strong>, l&#8217;Alliance fran\u00e7aise pour les maladies rares ou encore <strong>EURORDIS<\/strong>, une alliance internationale regroupant plus de 900 associations de patients atteints de maladies rares. Depuis 2005, ALAN est reconnue comme l&#8217;alliance nationale luxembourgeoise par EURORDIS et participe activement aux r\u00e9unions semestrielles du \u00ab Conseil des alliances nationales \u00bb ainsi qu&#8217;aux projets internationaux, telle que le projet \u00ab <a href=\"https:\/\/www.rare2030.eu\/\" target=\"_blank\" rel=\"noopener noreferrer\">Rare 2030<\/a> \u00bb campagnes de sensibilisation et congr\u00e8s.[\/vc_column_text][vc_empty_space height=&#8221;50px&#8221;][\/vc_column_inner][vc_column_inner width=&#8221;1\/2&#8243;][vc_single_image image=&#8221;22021&#8243; img_size=&#8221;full&#8221;][vc_empty_space height=&#8221;50px&#8221;][\/vc_column_inner][\/vc_row_inner][vc_row_inner][vc_column_inner width=&#8221;1\/2&#8243;][vc_single_image image=&#8221;20747&#8243; img_size=&#8221;full&#8221;][vc_empty_space height=&#8221;50px&#8221;][\/vc_column_inner][vc_column_inner width=&#8221;1\/2&#8243;][vc_column_text]<\/p>\n<h3><strong>Sensibilisation<\/strong><\/h3>\n<p>[\/vc_column_text][vc_empty_space height=&#8221;35px&#8221;][vc_column_text]La sensibilisation du grand public, des d\u00e9cideurs politiques, des professionnels de la sant\u00e9, des \u00e9tablissements d\u2019enseignement et des organisations sociales aux maladies rares a toujours fait partie int\u00e9grante de la mission d\u2019ALAN. Chaque ann\u00e9e, ALAN participe \u00e0 de nombreux \u00e9v\u00e9nements grand public \u00e0 travers des stands d&#8217;information ou des pr\u00e9sentations. L\u2019\u00e9quipe de consultation d\u2019ALAN propose \u00e9galement des visites dans les \u00e9coles accueillant un enfant atteint d\u2019une maladie rare, aidant ainsi les enseignants et les camarades de classe \u00e0 comprendre l\u2019impact de la maladie sur l\u2019enfant. Enfin, ALAN lance r\u00e9guli\u00e8rement des campagnes de communication via les m\u00e9dias traditionnels et sociaux. Le but de ces campagnes est de faire prendre conscience, de faciliter la compr\u00e9hension et de provoquer des r\u00e9actions.[\/vc_column_text][vc_empty_space height=&#8221;50px&#8221;][\/vc_column_inner][\/vc_row_inner][vc_row_inner][vc_column_inner width=&#8221;1\/2&#8243;][vc_column_text]<\/p>\n<h3><strong>Autonomisation des patients<\/strong><\/h3>\n<p>[\/vc_column_text][vc_empty_space height=&#8221;35px&#8221;][vc_column_text]ALAN vise \u00e0 faire en sorte que les personnes atteintes d&#8217;une maladie rare trouvent les ressources personnelles et la confiance n\u00e9cessaires pour prendre les d\u00e9cisions et les actions affectant leur sant\u00e9 et leur bien-\u00eatre. Ainsi, ALAN organise r\u00e9guli\u00e8rement des sessions d&#8217;information, des formations p\u00e9dagogiques et des ateliers int\u00e9ressant la communaut\u00e9 des maladies rares. ALAN encourage \u00e9galement la participation \u00e0 certaines enqu\u00eates internationales aupr\u00e8s des patients pour orienter les changements de politique, comme les enqu\u00eates Rare Barometer Voices d&#8217;EURORDIS.[\/vc_column_text][vc_empty_space height=&#8221;50px&#8221;][\/vc_column_inner][vc_column_inner width=&#8221;1\/2&#8243;][vc_single_image image=&#8221;22015&#8243; img_size=&#8221;full&#8221;][vc_empty_space height=&#8221;50px&#8221;][\/vc_column_inner][\/vc_row_inner][\/vc_column][\/vc_row][vc_row content_width=&#8221;grid&#8221; css=&#8221;.vc_custom_1596118384380{padding-top: 36px !important;padding-bottom: 41px !important;background-color: #ee3f75 !important;}&#8221;][vc_column css=&#8221;.vc_custom_1492609383973{padding-top: 2px !important;}&#8221;]\t<div class=\"edgtf-call-to-action normal\" style=\"background-color: #ee3f75;\">\n\n\t\t\t\t<div class=\"edgtf-container-inner\">\n\t\t\t\t\t<div class=\"edgtf-call-to-action-row-75-25 clearfix\" style=\"padding: 20px;\">\n\t\t\t\t\t\t<div class=\"edgtf-text-wrapper edgtf-call-to-action-column1 edgtf-call-to-action-cell left\">\n\t\t\t\t\t<div class=\"edgtf-call-to-action-text\" style=\"text-align: left\">\n<h2><span style=\"color: #ffffff;\">Contactez-nous en cas de questions ou besoin d\u2019assistance<\/span><\/h2>\n\t\t\t\t\t\t\t\t\t\t\t<\/div>\n\t\t\t\t<\/div>\n\n\t\t\t\t\t\t\t\t\t<div class=\"edgtf-button-wrapper edgtf-call-to-action-column2 edgtf-call-to-action-cell\" style =\"text-align: right ;\">\n\t\t\t\t\t\t<a itemprop=\"url\" href=\"\/fr\/contactez-nous\/\" target=\"_blank\" style=\"color: #ee3f75;background-color: #ffffff;border-color: #ffffff\" class=\"edgtf-btn edgtf-btn-large edgtf-btn-solid edgtf-btn-custom-hover-bg edgtf-btn-custom-border-hover edgtf-btn-custom-hover-color\" data-hover-bg-color=\"#ee3f75\" data-hover-color=\"#ffffff\" data-hover-border-color=\"#ffffff\" >\t<span class=\"edgtf-btn-text\">Contact<\/span>    <\/a>\t\t\t\t\t<\/div>\n\t\t\t\t\t\t\t<\/div>\n\t\t\t\t<\/div>\n\t\t\t<\/div>\n[\/vc_column][\/vc_row]<\/p>\n<\/div>","protected":false},"excerpt":{"rendered":"<p>[vc_row content_width=&#8221;grid&#8221;][vc_column][vc_column_text] Faire entendre vos voix et rencontrer vos besoins [\/vc_column_text][vc_empty_space height=&#8221;14px&#8221;][vc_column_text css=&#8221;&#8221;]R\u00e9aliser notre vision d&#8217;un environnement o\u00f9 les personnes atteintes d&#8217;une maladie rare peuvent r\u00e9aliser leur plein potentiel n&#8217;est&#8230;<\/p>\n","protected":false},"author":1,"featured_media":0,"parent":0,"menu_order":0,"comment_status":"closed","ping_status":"closed","template":"","meta":{"give_campaign_id":0,"inline_featured_image":false,"footnotes":""},"class_list":["post-20738","page","type-page","status-publish","hentry"],"yoast_head":"<!-- This site is optimized with the Yoast SEO plugin v26.9 - https:\/\/yoast.com\/product\/yoast-seo-wordpress\/ -->\n<title>Mobilisation, discover the daily challenges - ALAN<\/title>\n<meta name=\"description\" content=\"Living with a rare disease can bring out various life challenges, even though rare diseases vary widely in their symptoms, treatment and care.\" \/>\n<meta name=\"robots\" content=\"index, follow, max-snippet:-1, max-image-preview:large, max-video-preview:-1\" \/>\n<link rel=\"canonical\" href=\"https:\/\/alan.lu\/fr\/mobilisation\/\" \/>\n<meta property=\"og:locale\" content=\"fr_FR\" \/>\n<meta property=\"og:type\" content=\"article\" \/>\n<meta property=\"og:title\" content=\"Mobilisation, discover the daily challenges - ALAN\" \/>\n<meta property=\"og:description\" content=\"Living with a rare disease can bring out various life challenges, even though rare diseases vary widely in their symptoms, treatment and care.\" \/>\n<meta property=\"og:url\" content=\"https:\/\/alan.lu\/fr\/mobilisation\/\" \/>\n<meta property=\"og:site_name\" content=\"ALAN\" \/>\n<meta property=\"article:modified_time\" content=\"2024-11-04T12:50:53+00:00\" \/>\n<meta name=\"twitter:card\" content=\"summary_large_image\" \/>\n<meta name=\"twitter:label1\" content=\"Dur\u00e9e de lecture estim\u00e9e\" \/>\n\t<meta name=\"twitter:data1\" content=\"5 minutes\" \/>\n<script type=\"application\/ld+json\" class=\"yoast-schema-graph\">{\"@context\":\"https:\/\/schema.org\",\"@graph\":[{\"@type\":\"WebPage\",\"@id\":\"https:\/\/alan.lu\/fr\/mobilisation\/\",\"url\":\"https:\/\/alan.lu\/fr\/mobilisation\/\",\"name\":\"Mobilisation, discover the daily challenges - ALAN\",\"isPartOf\":{\"@id\":\"https:\/\/alan.lu\/fr\/#website\"},\"datePublished\":\"2020-10-23T07:06:30+00:00\",\"dateModified\":\"2024-11-04T12:50:53+00:00\",\"description\":\"Living with a rare disease can bring out various life challenges, even though rare diseases vary widely in their symptoms, treatment and care.\",\"breadcrumb\":{\"@id\":\"https:\/\/alan.lu\/fr\/mobilisation\/#breadcrumb\"},\"inLanguage\":\"fr-FR\",\"potentialAction\":[{\"@type\":\"ReadAction\",\"target\":[\"https:\/\/alan.lu\/fr\/mobilisation\/\"]}]},{\"@type\":\"BreadcrumbList\",\"@id\":\"https:\/\/alan.lu\/fr\/mobilisation\/#breadcrumb\",\"itemListElement\":[{\"@type\":\"ListItem\",\"position\":1,\"name\":\"Accueil\",\"item\":\"https:\/\/alan.lu\/fr\/\"},{\"@type\":\"ListItem\",\"position\":2,\"name\":\"Mobilisation\"}]},{\"@type\":\"WebSite\",\"@id\":\"https:\/\/alan.lu\/fr\/#website\",\"url\":\"https:\/\/alan.lu\/fr\/\",\"name\":\"ALAN\",\"description\":\"Rare Diseases Luxembourg\",\"potentialAction\":[{\"@type\":\"SearchAction\",\"target\":{\"@type\":\"EntryPoint\",\"urlTemplate\":\"https:\/\/alan.lu\/fr\/?s={search_term_string}\"},\"query-input\":{\"@type\":\"PropertyValueSpecification\",\"valueRequired\":true,\"valueName\":\"search_term_string\"}}],\"inLanguage\":\"fr-FR\"}]}<\/script>\n<!-- \/ Yoast SEO plugin. -->","yoast_head_json":{"title":"Mobilisation, discover the daily challenges - ALAN","description":"Living with a rare disease can bring out various life challenges, even though rare diseases vary widely in their symptoms, treatment and care.","robots":{"index":"index","follow":"follow","max-snippet":"max-snippet:-1","max-image-preview":"max-image-preview:large","max-video-preview":"max-video-preview:-1"},"canonical":"https:\/\/alan.lu\/fr\/mobilisation\/","og_locale":"fr_FR","og_type":"article","og_title":"Mobilisation, discover the daily challenges - ALAN","og_description":"Living with a rare disease can bring out various life challenges, even though rare diseases vary widely in their symptoms, treatment and care.","og_url":"https:\/\/alan.lu\/fr\/mobilisation\/","og_site_name":"ALAN","article_modified_time":"2024-11-04T12:50:53+00:00","twitter_card":"summary_large_image","twitter_misc":{"Dur\u00e9e de lecture estim\u00e9e":"5 minutes"},"schema":{"@context":"https:\/\/schema.org","@graph":[{"@type":"WebPage","@id":"https:\/\/alan.lu\/fr\/mobilisation\/","url":"https:\/\/alan.lu\/fr\/mobilisation\/","name":"Mobilisation, discover the daily challenges - ALAN","isPartOf":{"@id":"https:\/\/alan.lu\/fr\/#website"},"datePublished":"2020-10-23T07:06:30+00:00","dateModified":"2024-11-04T12:50:53+00:00","description":"Living with a rare disease can bring out various life challenges, even though rare diseases vary widely in their symptoms, treatment and care.","breadcrumb":{"@id":"https:\/\/alan.lu\/fr\/mobilisation\/#breadcrumb"},"inLanguage":"fr-FR","potentialAction":[{"@type":"ReadAction","target":["https:\/\/alan.lu\/fr\/mobilisation\/"]}]},{"@type":"BreadcrumbList","@id":"https:\/\/alan.lu\/fr\/mobilisation\/#breadcrumb","itemListElement":[{"@type":"ListItem","position":1,"name":"Accueil","item":"https:\/\/alan.lu\/fr\/"},{"@type":"ListItem","position":2,"name":"Mobilisation"}]},{"@type":"WebSite","@id":"https:\/\/alan.lu\/fr\/#website","url":"https:\/\/alan.lu\/fr\/","name":"ALAN","description":"Rare Diseases Luxembourg","potentialAction":[{"@type":"SearchAction","target":{"@type":"EntryPoint","urlTemplate":"https:\/\/alan.lu\/fr\/?s={search_term_string}"},"query-input":{"@type":"PropertyValueSpecification","valueRequired":true,"valueName":"search_term_string"}}],"inLanguage":"fr-FR"}]}},"campaignId":"","_links":{"self":[{"href":"https:\/\/alan.lu\/fr\/wp-json\/wp\/v2\/pages\/20738","targetHints":{"allow":["GET"]}}],"collection":[{"href":"https:\/\/alan.lu\/fr\/wp-json\/wp\/v2\/pages"}],"about":[{"href":"https:\/\/alan.lu\/fr\/wp-json\/wp\/v2\/types\/page"}],"author":[{"embeddable":true,"href":"https:\/\/alan.lu\/fr\/wp-json\/wp\/v2\/users\/1"}],"replies":[{"embeddable":true,"href":"https:\/\/alan.lu\/fr\/wp-json\/wp\/v2\/comments?post=20738"}],"version-history":[{"count":9,"href":"https:\/\/alan.lu\/fr\/wp-json\/wp\/v2\/pages\/20738\/revisions"}],"predecessor-version":[{"id":29895,"href":"https:\/\/alan.lu\/fr\/wp-json\/wp\/v2\/pages\/20738\/revisions\/29895"}],"wp:attachment":[{"href":"https:\/\/alan.lu\/fr\/wp-json\/wp\/v2\/media?parent=20738"}],"curies":[{"name":"wp","href":"https:\/\/api.w.org\/{rel}","templated":true}]}}