{"id":20822,"date":"2020-09-11T12:44:09","date_gmt":"2020-09-11T10:44:09","guid":{"rendered":"https:\/\/alan.wearequattro.com\/about-us\/board-of-directors\/board-of-directors-jos-even\/"},"modified":"2021-01-27T14:11:46","modified_gmt":"2021-01-27T13:11:46","slug":"conseil-administration-jos-even","status":"publish","type":"page","link":"https:\/\/alan.lu\/fr\/a-propos\/conseil-administration\/conseil-administration-jos-even\/","title":{"rendered":"Conseil d\u2019Administration"},"content":{"rendered":"<div class=\"wpb-content-wrapper\"><p>[vc_row content_width=&#8221;grid&#8221; css=&#8221;.vc_custom_1492696696810{padding-top: 130px !important;padding-bottom: 90px !important;}&#8221;][vc_column offset=&#8221;vc_col-lg-6 vc_col-md-6 vc_col-xs-12&#8243;][vc_single_image image=&#8221;18820&#8243; img_size=&#8221;full&#8221;][vc_empty_space height=&#8221;35px&#8221;][\/vc_column][vc_column offset=&#8221;vc_col-lg-6 vc_col-md-6 vc_col-xs-12&#8243;]<div class=\"edgtf-elements-holder edgtf-responsive-mode-768\" ><div class=\"edgtf-elements-holder-item \" data-item-class=\"edgtf-elements-holder-custom-756235\" data-1280-1600=\"2% 7% 2% 5%\" data-1024-1280=\"2% 7% 2% 5%\" data-768-1024=\"2% 0% 2% 3%\" data-600-768=\"5% 0% 1% 0%\" >\n\t\t<div class=\"edgtf-elements-holder-item-inner\">\n\t\t<div class=\"edgtf-elements-holder-item-content edgtf-elements-holder-custom-756235\" style=\"padding: 2% 7% 2% 5%\">\n\t\t\t[vc_column_text]<\/p>\n<h2>Jos Even<\/h2>\n<p>[\/vc_column_text][vc_column_text]<strong style=\"color: #ee3f75;\">Vice-pr\u00e9sident<\/strong>[\/vc_column_text][vc_empty_space height=&#8221;35px&#8221;][vc_column_text]M\u00e9decin Microbiologiste e.r., membre du Conseil d\u2019Administration d\u2019ALAN depuis 2012, pr\u00e9sident du Comit\u00e9 National Maladies Rares et pr\u00e9sident de la \u00abLuxembourg Society for Microbiology\u00bb.[\/vc_column_text][vc_empty_space height=&#8221;35px&#8221;][vc_column_text]Jos Even a fait ses \u00e9tudes \u00e0 Paris o\u00f9 il a obtenu un doctorat en m\u00e9decine \u00e0 l&#8217;universit\u00e9 Pierre et Marie Curie, un master en biochimie \u00e0 l&#8217;universit\u00e9 Denis Diderot et des dipl\u00f4mes en microbiologie et immunologie \u00e0 l&#8217;Institut Pasteur. Apr\u00e8s des stages post-doctoraux au \u00abNational Cancer Institut\u00bb \u00e0 Bethesda aux USA et au \u00abLaboratory of Molecular Biology\u00bb du MRC \u00e0 Cambridge en Grande-Bretagne il a travaill\u00e9 comme chercheur en immunologie mol\u00e9culaire aux CNRS en France. De 2005 jusqu&#8217;\u00e0 sa retraite il \u00e9tait chef de service au Laboratoire Nationale de Sant\u00e9 (LNS) au Luxembourg.[\/vc_column_text][vc_empty_space height=&#8221;35px&#8221;]\t\t<\/div>\n\t<\/div>\n\t<\/div><\/div>[\/vc_column][\/vc_row][vc_row content_width=&#8221;grid&#8221; css=&#8221;.vc_custom_1596118384380{padding-top: 36px !important;padding-bottom: 41px !important;background-color: #ee3f75 !important;}&#8221;][vc_column css=&#8221;.vc_custom_1492609383973{padding-top: 2px !important;}&#8221;]\t<div class=\"edgtf-call-to-action normal\" style=\"background-color: #ee3f75;\">\n\n\t\t\t\t<div class=\"edgtf-container-inner\">\n\t\t\t\t\t<div class=\"edgtf-call-to-action-row-75-25 clearfix\" style=\"padding: 20px;\">\n\t\t\t\t\t\t<div class=\"edgtf-text-wrapper edgtf-call-to-action-column1 edgtf-call-to-action-cell left\">\n\t\t\t\t\t<div class=\"edgtf-call-to-action-text\" style=\"text-align: left\">\n<h2><span style=\"color: #ffffff;\">Contactez-nous en cas de questions ou besoin d\u2019assistance<\/span><\/h2>\n\t\t\t\t\t\t\t\t\t\t\t<\/div>\n\t\t\t\t<\/div>\n\n\t\t\t\t\t\t\t\t\t<div class=\"edgtf-button-wrapper edgtf-call-to-action-column2 edgtf-call-to-action-cell\" style =\"text-align: right ;\">\n\t\t\t\t\t\t<a itemprop=\"url\" href=\"\/fr\/contactez-nous\/\" target=\"_self\" style=\"color: #ee3f75;background-color: #ffffff;border-color: #ffffff\" class=\"edgtf-btn edgtf-btn-large edgtf-btn-solid edgtf-btn-custom-hover-bg edgtf-btn-custom-border-hover edgtf-btn-custom-hover-color\" data-hover-bg-color=\"#ee3f75\" data-hover-color=\"#ffffff\" data-hover-border-color=\"#ffffff\" >\t<span class=\"edgtf-btn-text\">Contact<\/span>    <\/a>\t\t\t\t\t<\/div>\n\t\t\t\t\t\t\t<\/div>\n\t\t\t\t<\/div>\n\t\t\t<\/div>\n[\/vc_column][\/vc_row]<\/p>\n<\/div>","protected":false},"excerpt":{"rendered":"<p>[vc_row content_width=&#8221;grid&#8221; css=&#8221;.vc_custom_1492696696810{padding-top: 130px !important;padding-bottom: 90px !important;}&#8221;][vc_column offset=&#8221;vc_col-lg-6 vc_col-md-6 vc_col-xs-12&#8243;][vc_single_image image=&#8221;18820&#8243; img_size=&#8221;full&#8221;][vc_empty_space height=&#8221;35px&#8221;][\/vc_column][vc_column offset=&#8221;vc_col-lg-6 vc_col-md-6 vc_col-xs-12&#8243;][\/vc_column][\/vc_row][vc_row content_width=&#8221;grid&#8221; css=&#8221;.vc_custom_1596118384380{padding-top: 36px !important;padding-bottom: 41px !important;background-color: #ee3f75 !important;}&#8221;][vc_column css=&#8221;.vc_custom_1492609383973{padding-top: 2px !important;}&#8221;][\/vc_column][\/vc_row]<\/p>\n","protected":false},"author":1,"featured_media":0,"parent":20804,"menu_order":0,"comment_status":"closed","ping_status":"closed","template":"","meta":{"give_campaign_id":0,"inline_featured_image":false,"footnotes":""},"class_list":["post-20822","page","type-page","status-publish","hentry"],"yoast_head":"<!-- This site is optimized with the Yoast SEO plugin v26.9 - https:\/\/yoast.com\/product\/yoast-seo-wordpress\/ -->\n<title>Conseil d\u2019Administration - ALAN<\/title>\n<meta name=\"robots\" content=\"index, follow, max-snippet:-1, max-image-preview:large, max-video-preview:-1\" \/>\n<link rel=\"canonical\" href=\"https:\/\/alan.lu\/fr\/a-propos\/conseil-administration\/conseil-administration-jos-even\/\" \/>\n<meta property=\"og:locale\" content=\"fr_FR\" \/>\n<meta property=\"og:type\" content=\"article\" \/>\n<meta property=\"og:title\" content=\"Conseil d\u2019Administration - ALAN\" \/>\n<meta property=\"og:description\" content=\"[vc_row content_width=&#8221;grid&#8221; css=&#8221;.vc_custom_1492696696810{padding-top: 130px !important;padding-bottom: 90px !important;}&#8221;][vc_column offset=&#8221;vc_col-lg-6 vc_col-md-6 vc_col-xs-12&#8243;][vc_single_image image=&#8221;18820&#8243; img_size=&#8221;full&#8221;][vc_empty_space height=&#8221;35px&#8221;][\/vc_column][vc_column offset=&#8221;vc_col-lg-6 vc_col-md-6 vc_col-xs-12&#8243;][\/vc_column][\/vc_row][vc_row content_width=&#8221;grid&#8221; css=&#8221;.vc_custom_1596118384380{padding-top: 36px !important;padding-bottom: 41px !important;background-color: #ee3f75 !important;}&#8221;][vc_column css=&#8221;.vc_custom_1492609383973{padding-top: 2px !important;}&#8221;][\/vc_column][\/vc_row]\" \/>\n<meta property=\"og:url\" content=\"https:\/\/alan.lu\/fr\/a-propos\/conseil-administration\/conseil-administration-jos-even\/\" \/>\n<meta property=\"og:site_name\" content=\"ALAN\" \/>\n<meta property=\"article:modified_time\" content=\"2021-01-27T13:11:46+00:00\" \/>\n<meta name=\"twitter:card\" content=\"summary_large_image\" \/>\n<meta name=\"twitter:label1\" content=\"Dur\u00e9e de lecture estim\u00e9e\" \/>\n\t<meta name=\"twitter:data1\" content=\"2 minutes\" \/>\n<script type=\"application\/ld+json\" class=\"yoast-schema-graph\">{\"@context\":\"https:\/\/schema.org\",\"@graph\":[{\"@type\":\"WebPage\",\"@id\":\"https:\/\/alan.lu\/fr\/a-propos\/conseil-administration\/conseil-administration-jos-even\/\",\"url\":\"https:\/\/alan.lu\/fr\/a-propos\/conseil-administration\/conseil-administration-jos-even\/\",\"name\":\"Conseil d\u2019Administration - ALAN\",\"isPartOf\":{\"@id\":\"https:\/\/alan.lu\/fr\/#website\"},\"datePublished\":\"2020-09-11T10:44:09+00:00\",\"dateModified\":\"2021-01-27T13:11:46+00:00\",\"breadcrumb\":{\"@id\":\"https:\/\/alan.lu\/fr\/a-propos\/conseil-administration\/conseil-administration-jos-even\/#breadcrumb\"},\"inLanguage\":\"fr-FR\",\"potentialAction\":[{\"@type\":\"ReadAction\",\"target\":[\"https:\/\/alan.lu\/fr\/a-propos\/conseil-administration\/conseil-administration-jos-even\/\"]}]},{\"@type\":\"BreadcrumbList\",\"@id\":\"https:\/\/alan.lu\/fr\/a-propos\/conseil-administration\/conseil-administration-jos-even\/#breadcrumb\",\"itemListElement\":[{\"@type\":\"ListItem\",\"position\":1,\"name\":\"Accueil\",\"item\":\"https:\/\/alan.lu\/fr\/\"},{\"@type\":\"ListItem\",\"position\":2,\"name\":\"\u00c0 propos\",\"item\":\"https:\/\/alan.lu\/fr\/a-propos\/\"},{\"@type\":\"ListItem\",\"position\":3,\"name\":\"Conseil d\u2019Administration\",\"item\":\"https:\/\/alan.lu\/fr\/a-propos\/conseil-administration\/\"},{\"@type\":\"ListItem\",\"position\":4,\"name\":\"Conseil d\u2019Administration\"}]},{\"@type\":\"WebSite\",\"@id\":\"https:\/\/alan.lu\/fr\/#website\",\"url\":\"https:\/\/alan.lu\/fr\/\",\"name\":\"ALAN\",\"description\":\"Rare Diseases Luxembourg\",\"potentialAction\":[{\"@type\":\"SearchAction\",\"target\":{\"@type\":\"EntryPoint\",\"urlTemplate\":\"https:\/\/alan.lu\/fr\/?s={search_term_string}\"},\"query-input\":{\"@type\":\"PropertyValueSpecification\",\"valueRequired\":true,\"valueName\":\"search_term_string\"}}],\"inLanguage\":\"fr-FR\"}]}<\/script>\n<!-- \/ Yoast SEO plugin. -->","yoast_head_json":{"title":"Conseil d\u2019Administration - ALAN","robots":{"index":"index","follow":"follow","max-snippet":"max-snippet:-1","max-image-preview":"max-image-preview:large","max-video-preview":"max-video-preview:-1"},"canonical":"https:\/\/alan.lu\/fr\/a-propos\/conseil-administration\/conseil-administration-jos-even\/","og_locale":"fr_FR","og_type":"article","og_title":"Conseil d\u2019Administration - ALAN","og_description":"[vc_row content_width=&#8221;grid&#8221; css=&#8221;.vc_custom_1492696696810{padding-top: 130px !important;padding-bottom: 90px !important;}&#8221;][vc_column offset=&#8221;vc_col-lg-6 vc_col-md-6 vc_col-xs-12&#8243;][vc_single_image image=&#8221;18820&#8243; img_size=&#8221;full&#8221;][vc_empty_space height=&#8221;35px&#8221;][\/vc_column][vc_column offset=&#8221;vc_col-lg-6 vc_col-md-6 vc_col-xs-12&#8243;][\/vc_column][\/vc_row][vc_row content_width=&#8221;grid&#8221; css=&#8221;.vc_custom_1596118384380{padding-top: 36px !important;padding-bottom: 41px !important;background-color: #ee3f75 !important;}&#8221;][vc_column css=&#8221;.vc_custom_1492609383973{padding-top: 2px !important;}&#8221;][\/vc_column][\/vc_row]","og_url":"https:\/\/alan.lu\/fr\/a-propos\/conseil-administration\/conseil-administration-jos-even\/","og_site_name":"ALAN","article_modified_time":"2021-01-27T13:11:46+00:00","twitter_card":"summary_large_image","twitter_misc":{"Dur\u00e9e de lecture estim\u00e9e":"2 minutes"},"schema":{"@context":"https:\/\/schema.org","@graph":[{"@type":"WebPage","@id":"https:\/\/alan.lu\/fr\/a-propos\/conseil-administration\/conseil-administration-jos-even\/","url":"https:\/\/alan.lu\/fr\/a-propos\/conseil-administration\/conseil-administration-jos-even\/","name":"Conseil d\u2019Administration - ALAN","isPartOf":{"@id":"https:\/\/alan.lu\/fr\/#website"},"datePublished":"2020-09-11T10:44:09+00:00","dateModified":"2021-01-27T13:11:46+00:00","breadcrumb":{"@id":"https:\/\/alan.lu\/fr\/a-propos\/conseil-administration\/conseil-administration-jos-even\/#breadcrumb"},"inLanguage":"fr-FR","potentialAction":[{"@type":"ReadAction","target":["https:\/\/alan.lu\/fr\/a-propos\/conseil-administration\/conseil-administration-jos-even\/"]}]},{"@type":"BreadcrumbList","@id":"https:\/\/alan.lu\/fr\/a-propos\/conseil-administration\/conseil-administration-jos-even\/#breadcrumb","itemListElement":[{"@type":"ListItem","position":1,"name":"Accueil","item":"https:\/\/alan.lu\/fr\/"},{"@type":"ListItem","position":2,"name":"\u00c0 propos","item":"https:\/\/alan.lu\/fr\/a-propos\/"},{"@type":"ListItem","position":3,"name":"Conseil d\u2019Administration","item":"https:\/\/alan.lu\/fr\/a-propos\/conseil-administration\/"},{"@type":"ListItem","position":4,"name":"Conseil d\u2019Administration"}]},{"@type":"WebSite","@id":"https:\/\/alan.lu\/fr\/#website","url":"https:\/\/alan.lu\/fr\/","name":"ALAN","description":"Rare Diseases Luxembourg","potentialAction":[{"@type":"SearchAction","target":{"@type":"EntryPoint","urlTemplate":"https:\/\/alan.lu\/fr\/?s={search_term_string}"},"query-input":{"@type":"PropertyValueSpecification","valueRequired":true,"valueName":"search_term_string"}}],"inLanguage":"fr-FR"}]}},"campaignId":"","_links":{"self":[{"href":"https:\/\/alan.lu\/fr\/wp-json\/wp\/v2\/pages\/20822","targetHints":{"allow":["GET"]}}],"collection":[{"href":"https:\/\/alan.lu\/fr\/wp-json\/wp\/v2\/pages"}],"about":[{"href":"https:\/\/alan.lu\/fr\/wp-json\/wp\/v2\/types\/page"}],"author":[{"embeddable":true,"href":"https:\/\/alan.lu\/fr\/wp-json\/wp\/v2\/users\/1"}],"replies":[{"embeddable":true,"href":"https:\/\/alan.lu\/fr\/wp-json\/wp\/v2\/comments?post=20822"}],"version-history":[{"count":7,"href":"https:\/\/alan.lu\/fr\/wp-json\/wp\/v2\/pages\/20822\/revisions"}],"predecessor-version":[{"id":22104,"href":"https:\/\/alan.lu\/fr\/wp-json\/wp\/v2\/pages\/20822\/revisions\/22104"}],"up":[{"embeddable":true,"href":"https:\/\/alan.lu\/fr\/wp-json\/wp\/v2\/pages\/20804"}],"wp:attachment":[{"href":"https:\/\/alan.lu\/fr\/wp-json\/wp\/v2\/media?parent=20822"}],"curies":[{"name":"wp","href":"https:\/\/api.w.org\/{rel}","templated":true}]}}