{"id":20981,"date":"2020-09-04T11:50:59","date_gmt":"2020-09-04T09:50:59","guid":{"rendered":"https:\/\/alan.wearequattro.com\/become-a-member\/"},"modified":"2024-10-14T09:44:08","modified_gmt":"2024-10-14T07:44:08","slug":"devenez-membre","status":"publish","type":"page","link":"https:\/\/alan.lu\/fr\/devenez-membre\/","title":{"rendered":"Devenez membre"},"content":{"rendered":"<div class=\"wpb-content-wrapper\"><p>[vc_row css=&#8221;.vc_custom_1599751555902{padding-top: 15px !important;padding-bottom: 0px !important;background-image: url(https:\/\/alan.lu\/wp-content\/uploads\/2020\/09\/Blue-White-background.jpg?id=18806) !important;background-position: center !important;background-repeat: no-repeat !important;background-size: cover !important;}&#8221;][vc_column][vc_empty_space height=&#8221;35px&#8221;][vc_column_text]<\/p>\n<h2 style=\"text-align: center;\"><span style=\"color: #000000;\">Devenez membre<\/span><\/h2>\n<p>[\/vc_column_text][vc_empty_space height=&#8221;14px&#8221;]\n<p class=\"edgtf-section-subtitle\" style=\"text-align:center\">\n\tA ce jour, ALAN compte plus de 300 membres; la plupart d&#039;entre eux sont concern\u00e9s par une maladie rare, les autres membres \u00e9tant souvent leurs proches, des personnes morales, des b\u00e9n\u00e9voles ainsi que des m\u00e9c\u00e8nes.<\/p>[vc_row_inner content_aligment=&#8221;center&#8221; el_class=&#8221;show-below-md&#8221;][vc_column_inner][vc_empty_space height=&#8221;20px&#8221; el_class=&#8221;display-block&#8221;]<a itemprop=\"url\" href=\"#become-member-section\" target=\"_self\" style=\"color: #ffffff;background-color: #00bcdf;border-color: #00bcdf;font-weight: 600\" class=\"edgtf-btn edgtf-btn-medium edgtf-btn-solid edgtf-btn-custom-hover-bg edgtf-btn-custom-border-hover edgtf-btn-custom-hover-color scroll-to-anchor\" data-hover-bg-color=\"#ffffff\" data-hover-color=\"#00bcdf\" data-hover-border-color=\"#00bcdf\" >\n\t<span class=\"edgtf-btn-text\">Devenez membre<\/span>\n    <\/a>[\/vc_column_inner][\/vc_row_inner]<div class=\"edgtf-separator-holder clearfix  edgtf-separator-center\">\n\t<div class=\"edgtf-separator\" style=\"border-color: #00bcdf;width: 55px;border-bottom-width: 3px;margin-top: 25px;margin-bottom: 0px\"><\/div>\n<\/div>\n<div class=\"edgtf-elements-holder edgtf-two-columns edgtf-responsive-mode-1024\" ><div class=\"edgtf-elements-holder-item edgtf-vertical-alignment-top\" data-item-class=\"edgtf-elements-holder-custom-644637\" data-1280-1600=\"6% 3%\" data-1024-1280=\"6% 3%\" data-768-1024=\"4% 3%\" data-600-768=\"4% 3%\" data-480-600=\"3% 2%\" data-480=\"3% 2%\" >\n\t\t<div class=\"edgtf-elements-holder-item-inner\">\n\t\t<div class=\"edgtf-elements-holder-item-content edgtf-elements-holder-custom-644637\" style=\"padding: 6% 3%\">\n\t\t\t[vc_column_text]<\/p>\n<h3>Pourquoi devenir membre ?<\/h3>\n<p>[\/vc_column_text][vc_empty_space height=&#8221;35px&#8221;][vc_column_text]ALAN est un collectif reconnu comme porte-parole des patients atteints de maladies rares ainsi que des associations qui les repr\u00e9sentent au Luxembourg.<\/p>\n<p>En devenant membre d\u2019ALAN :[\/vc_column_text][vc_empty_space height=&#8221;35px&#8221;]<div class=\"edgtf-icon-list-item\">\n\t<div class=\"edgtf-icon-list-icon-holder\">\n        <div class=\"edgtf-icon-list-icon-holder-inner clearfix\">\n\t\t\t<i class=\"edgtf-icon-font-awesome fa fa-check \" style=\"\" ><\/i>\t\t<\/div>\n\t<\/div>\n\t<p class=\"edgtf-icon-list-text\"  > Vous faites partie d\u2019un r\u00e9seau national et international (EURORDIS) d\u00e9di\u00e9 aux maladies rares.<\/p>\n<\/div><div class=\"edgtf-icon-list-item\">\n\t<div class=\"edgtf-icon-list-icon-holder\">\n        <div class=\"edgtf-icon-list-icon-holder-inner clearfix\">\n\t\t\t<i class=\"edgtf-icon-font-awesome fa fa-check \" style=\"\" ><\/i>\t\t<\/div>\n\t<\/div>\n\t<p class=\"edgtf-icon-list-text\"  > Vous recevez r\u00e9guli\u00e8rement des informations sur les activit\u00e9s de l\u2019association et sur les nouveaut\u00e9s dans le domaine des maladies rares au Luxembourg.<\/p>\n<\/div><div class=\"edgtf-icon-list-item\">\n\t<div class=\"edgtf-icon-list-icon-holder\">\n        <div class=\"edgtf-icon-list-icon-holder-inner clearfix\">\n\t\t\t<i class=\"edgtf-icon-font-awesome fa fa-check \" style=\"\" ><\/i>\t\t<\/div>\n\t<\/div>\n\t<p class=\"edgtf-icon-list-text\"  > Vous \u00eates invit\u00e9s aux activit\u00e9s sportives et r\u00e9cr\u00e9atives d\u2019ALAN si vous vivez avec une maladie rare.<\/p>\n<\/div><div class=\"edgtf-icon-list-item\">\n\t<div class=\"edgtf-icon-list-icon-holder\">\n        <div class=\"edgtf-icon-list-icon-holder-inner clearfix\">\n\t\t\t<i class=\"edgtf-icon-font-awesome fa fa-check \" style=\"\" ><\/i>\t\t<\/div>\n\t<\/div>\n\t<p class=\"edgtf-icon-list-text\"  > Vous apportez une contribution pr\u00e9cieuse \u00e0 une meilleure reconnaissance des pr\u00e9occupations des personnes affect\u00e9es par une maladie rare.<\/p>\n<\/div><div class=\"edgtf-icon-list-item\">\n\t<div class=\"edgtf-icon-list-icon-holder\">\n        <div class=\"edgtf-icon-list-icon-holder-inner clearfix\">\n\t\t\t<i class=\"edgtf-icon-font-awesome fa fa-check \" style=\"\" ><\/i>\t\t<\/div>\n\t<\/div>\n\t<p class=\"edgtf-icon-list-text\"  > Vous soutenez financi\u00e8rement une association qui aide et soutient les personnes et familles atteintes d&#039;une maladie rare au Luxembourg.<\/p>\n<\/div>\t\t<\/div>\n\t<\/div>\n\t<\/div><div class=\"edgtf-elements-holder-item edgtf-vertical-alignment-top\" data-item-class=\"edgtf-elements-holder-custom-102782\" data-1280-1600=\"6% 3%\" data-1024-1280=\"6% 3%\" data-768-1024=\"4% 3%\" data-600-768=\"4% 3%\" data-480-600=\"3% 2%\" data-480=\"3% 2%\" >\n\t\t<div class=\"edgtf-elements-holder-item-inner\">\n\t\t<div class=\"edgtf-elements-holder-item-content edgtf-elements-holder-custom-102782\" style=\"padding: 6% 3%\">\n\t\t\t[vc_column_text]<\/p>\n<h3>Types d\u2019affiliation<\/h3>\n<p>[\/vc_column_text][vc_empty_space height=&#8221;35px&#8221;][vc_column_text css=&#8221;&#8221;]Pour les personnes physiques, les affiliations d\u2019ALAN sont \u00e0 titre personnel ou au titre de la famille enti\u00e8re. Cette derni\u00e8re permet aux membres de famille directs de participer aux activit\u00e9s sportives et r\u00e9cr\u00e9atives d\u2019ALAN.<\/p>\n<p>Toute personne physique ou morale qui remplit la fiche d\u2019inscription et qui paie sa cotisation annuelle devient automatiquement <strong>Membre affili\u00e9 \u00ab sympathisant \u00bb<\/strong>. Elle peut participer \u00e0 l\u2019Assembl\u00e9e G\u00e9n\u00e9rale et\/ou Extraordinaire, mais n&#8217;a pas de droit de vote.<\/p>\n<p>Un membre affili\u00e9 peut devenir \u00ab <strong>Membre Actif<\/strong> \u00bb en envoyant sa lettre de motivation au Pr\u00e9sident du Conseil d\u2019Administration. Il participe activement \u00e0 l\u2019Assembl\u00e9e G\u00e9n\u00e9rale et\/ou Extraordinaire et il b\u00e9n\u00e9ficie du droit de vote. Il est \u00e9ligible et peut poser sa candidature pour devenir membre du Conseil d\u2019Administration.<\/p>\n<p>A travers son adh\u00e9sion, chaque membre s\u2019engage \u00e0 prendre connaissance de la <a href=\"https:\/\/alan.lu\/wp-content\/uploads\/2024\/10\/Charte-dadhesion-a-ALAN_2024_FR-1.pdf\"><u>charte d&#8217;adh\u00e9sion<\/u><\/a> et des <a href=\"https:\/\/alan.lu\/wp-content\/uploads\/2024\/10\/Statuts-dALAN-2024.pdf\" target=\"_blank\" rel=\"noopener noreferrer\"><u>statuts<\/u><\/a> d&#8217;ALAN et \u00e0 les respecter.[\/vc_column_text][vc_empty_space height=&#8221;35px&#8221;]\t\t<\/div>\n\t<\/div>\n\t<\/div><\/div><div class=\"edgtf-elements-holder edgtf-two-columns edgtf-responsive-mode-1024\" ><div class=\"edgtf-elements-holder-item edgtf-vertical-alignment-top\" data-item-class=\"edgtf-elements-holder-custom-861524\" data-1280-1600=\"6% 3%\" data-1024-1280=\"6% 3%\" data-768-1024=\"4% 3%\" data-600-768=\"4% 3%\" data-480-600=\"3% 2%\" data-480=\"3% 2%\" >\n\t\t<div class=\"edgtf-elements-holder-item-inner\">\n\t\t<div class=\"edgtf-elements-holder-item-content edgtf-elements-holder-custom-861524\" style=\"padding: 6% 3%\">\n\t\t\t[vc_column_text el_id=&#8221;become-member-section&#8221;]<\/p>\n<h3>Comment devenir membre ?<\/h3>\n<p>[\/vc_column_text][vc_empty_space height=&#8221;35px&#8221;][vc_column_text css=&#8221;&#8221;]Vous pouvez rejoindre ALAN en tant que membre personnel ou familial en remplissant notre formulaire en ligne et en payant la cotisation annuelle de <strong>20 \u20ac<\/strong> pour une carte de membre personnelle ou <strong>30 \u20ac<\/strong> pour une carte de membre familiale.<\/p>\n<p>Les paiements peuvent \u00eatre effectu\u00e9s via PayPal, carte de cr\u00e9dit ou virement bancaire classique. Pour remplir le formulaire et \/ ou payer en ligne, veuillez simplement cliquer sur le bouton ci-dessous.[\/vc_column_text]\t\t<\/div>\n\t<\/div>\n\t<\/div><div class=\"edgtf-elements-holder-item edgtf-vertical-alignment-top\" data-item-class=\"edgtf-elements-holder-custom-735751\" data-1280-1600=\"6% 10% 10% 3%\" data-1024-1280=\"7% 13% 10% 6%\" data-768-1024=\"4% 9% 1% 9%\" data-600-768=\"3% 4% 3% 6%\" data-480-600=\"3% 2% 2% 4%\" data-480=\"3% 2% 2% 4%\" >\n\t\t<div class=\"edgtf-elements-holder-item-inner\">\n\t\t<div class=\"edgtf-elements-holder-item-content edgtf-elements-holder-custom-735751\" style=\"padding: 6% 15% 10% 14%\">\n\t\t\t[vc_empty_space height=&#8221;65px&#8221; el_class=&#8221;ld-display-block&#8221;][vc_column_text]Si vous souhaitez rejoindre ALAN en tant que personne morale, nous vous invitons \u00e0 remplir ce <a href=\"\/wp-content\/uploads\/2020\/09\/legal_entity_fr.pdf\" target=\"_blank\" rel=\"noopener noreferrer\">formulaire <\/a> \u00e0 l&#8217;envoyer \u00e0 ALAN et \u00e0 transf\u00e9rer la cotisation annuelle de <strong>50 \u20ac<\/strong> pour personnes morales sur l\u2019un de nos comptes bancaires.[\/vc_column_text]\t\t<\/div>\n\t<\/div>\n\t<\/div><\/div><div class=\"edgtf-elements-holder edgtf-responsive-mode-768\" ><div class=\"edgtf-elements-holder-item \" data-item-class=\"edgtf-elements-holder-custom-306818\" >\n\t\t<div class=\"edgtf-elements-holder-item-inner\">\n\t\t<div class=\"edgtf-elements-holder-item-content edgtf-elements-holder-custom-306818\" >\n\t\t\t[vc_row_inner content_aligment=&#8221;center&#8221;][vc_column_inner el_class=&#8221;ld-display-none&#8221;][vc_empty_space height=&#8221;25px&#8221; css=&#8221;.vc_custom_1603976676672{padding-left: 50px !important;}&#8221; el_class=&#8221;ld-display-none&#8221;][\/vc_column_inner][\/vc_row_inner]\t\t<\/div>\n\t<\/div>\n\t<\/div><\/div><div class=\"edgtf-elements-holder edgtf-responsive-mode-768\" ><div class=\"edgtf-elements-holder-item \" data-item-class=\"edgtf-elements-holder-custom-989385\" >\n\t\t<div class=\"edgtf-elements-holder-item-inner\">\n\t\t<div class=\"edgtf-elements-holder-item-content edgtf-elements-holder-custom-989385\" >\n\t\t\t[vc_row_inner content_aligment=&#8221;center&#8221;][vc_column_inner][vc_column_text el_class=&#8221;display-inline-block&#8221;]<a itemprop=\"url\" href=\"https:\/\/alan.lu\/fr\/checkout\/?add-to-cart=30818\" target=\"_self\" style=\"color: white; background-color: #00bcdf; border-color: #00bcdf; font-weight: 600;\" class=\"edgtf-btn edgtf-btn-medium edgtf-btn-solid edgtf-btn-custom-hover-bg edgtf-btn-custom-border-hover edgtf-btn-custom-hover-color\" data-hover-bg-color=\"#ffffff\" data-hover-color=\"#00bcdf\" data-hover-border-color=\"#00bcdf\" data-wahfont=\"15\" role=\"link\">\n\t<span class=\"edgtf-btn-text\" data-wahfont=\"15\">Carte de membre personnelle<\/span>\n    <\/a>[\/vc_column_text][vc_empty_space height=&#8221;20px&#8221; css=&#8221;.vc_custom_1604262046222{padding-left: 50px !important;}&#8221; el_class=&#8221;display-inline-block sd-display-block&#8221;][vc_column_text el_class=&#8221;display-inline-block&#8221;]<a itemprop=\"url\" href=\"https:\/\/alan.lu\/fr\/checkout\/?add-to-cart=30819\" target=\"_self\" style=\"color: white; background-color: #ee3f75; border-color: #ee3f75; font-weight: 600;\" class=\"edgtf-btn edgtf-btn-medium edgtf-btn-solid edgtf-btn-custom-hover-bg edgtf-btn-custom-border-hover edgtf-btn-custom-hover-color\" data-hover-bg-color=\"#ffffff\" data-hover-color=\"#ee3f75\" data-hover-border-color=\"#ee3f75\" data-wahfont=\"15\" role=\"link\">\n\t<span class=\"edgtf-btn-text\" data-wahfont=\"15\">Carte de membre familiale<\/span>\n    <\/a>[\/vc_column_text][\/vc_column_inner][\/vc_row_inner]\t\t<\/div>\n\t<\/div>\n\t<\/div><\/div><div class=\"edgtf-elements-holder edgtf-responsive-mode-768\" ><div class=\"edgtf-elements-holder-item \" data-item-class=\"edgtf-elements-holder-custom-817348\" >\n\t\t<div class=\"edgtf-elements-holder-item-inner\">\n\t\t<div class=\"edgtf-elements-holder-item-content edgtf-elements-holder-custom-817348\" >\n\t\t\t[vc_row_inner content_aligment=&#8221;center&#8221;][vc_column_inner][vc_empty_space height=&#8221;25px&#8221; css=&#8221;.vc_custom_1603977220441{padding-left: 50px !important;}&#8221;][\/vc_column_inner][\/vc_row_inner]\t\t<\/div>\n\t<\/div>\n\t<\/div><\/div><div class=\"edgtf-elements-holder edgtf-responsive-mode-768\" ><div class=\"edgtf-elements-holder-item \" data-item-class=\"edgtf-elements-holder-custom-228012\" >\n\t\t<div class=\"edgtf-elements-holder-item-inner\">\n\t\t<div class=\"edgtf-elements-holder-item-content edgtf-elements-holder-custom-228012\" >\n\t\t\t[vc_row_inner][vc_column_inner][vc_empty_space height=&#8221;30px&#8221;][vc_column_text]<\/p>\n<h2 style=\"color: #00b5dd;\">Ensemble, nous sommes plus forts. Merci !<\/h2>\n<p>[\/vc_column_text][vc_empty_space height=&#8221;60px&#8221;][\/vc_column_inner][\/vc_row_inner]\t\t<\/div>\n\t<\/div>\n\t<\/div><\/div>[\/vc_column][\/vc_row][vc_row content_width=&#8221;grid&#8221; css=&#8221;.vc_custom_1604258833876{padding-top: 0px !important;padding-bottom: 0px !important;}&#8221;][vc_column][vc_empty_space height=&#8221;50px&#8221;][\/vc_column][\/vc_row][vc_row content_width=&#8221;grid&#8221; css=&#8221;.vc_custom_1604262348985{padding-top: 0px !important;padding-bottom: 30px !important;}&#8221;][vc_column width=&#8221;1\/2&#8243; css=&#8221;.vc_custom_1604261954095{padding-bottom: 30px !important;}&#8221;]<div class=\"edgtf-banner\">\n\t\t<div class=\"edgtf-banner-image\">\n\t\t\t<img decoding=\"async\" src=\"https:\/\/alan.lu\/wp-content\/uploads\/2020\/07\/pattern-support-volunteer.png\" alt=\"Image2\" \/>\n\t<\/div>\n\t<div class=\"edgtf-banner-text-holder\">\n\t\t<div class=\"edgtf-banner-text-table\">\n\t\t\t<div class=\"edgtf-banner-text-cell\">\n\t\t\t\t\t\t\t\t\t\t\t\t\t<h3 class=\"edgtf-banner-title\" style=\"color:#ffffff\">\n\t\t\t\t\t\t<span>Un enrichissement personnel<\/span>\n\t\t\t\t\t<\/h3>\n\t\t\t\t\t\t\t\t\t\t\t\t\t<a href=\"\/fr\/devenez-benevole\/\" target=\"_self\" class=\"edgtf-banner-read-more\" style=\"color:#39bb9d\">Devenez b\u00e9n\u00e9vole<\/a>\n\t\t\t\t\t\t\t<\/div>\n\t\t<\/div>\n\t<\/div>\n\t<\/div>[\/vc_column][vc_column width=&#8221;1\/2&#8243; css=&#8221;.vc_custom_1604262354245{padding-bottom: 30px !important;}&#8221;]<div class=\"edgtf-banner\">\n\t\t<div class=\"edgtf-banner-image\">\n\t\t\t<img decoding=\"async\" src=\"https:\/\/alan.lu\/wp-content\/uploads\/2020\/07\/pattern-support-donate.png\" alt=\"Image2\" \/>\n\t<\/div>\n\t<div class=\"edgtf-banner-text-holder\">\n\t\t<div class=\"edgtf-banner-text-table\">\n\t\t\t<div class=\"edgtf-banner-text-cell\">\n\t\t\t\t\t\t\t\t\t\t\t\t\t<h3 class=\"edgtf-banner-title\" style=\"color:#ffffff\">\n\t\t\t\t\t\t<span>Chaque don compte<\/span>\n\t\t\t\t\t<\/h3>\n\t\t\t\t\t\t\t\t\t\t\t\t\t<a href=\"\/fr\/dons\" target=\"_self\" class=\"edgtf-banner-read-more\" style=\"color:#ee3f75\">Faites un don<\/a>\n\t\t\t\t\t\t\t<\/div>\n\t\t<\/div>\n\t<\/div>\n\t<\/div>[\/vc_column][\/vc_row][vc_row content_width=&#8221;grid&#8221; css=&#8221;.vc_custom_1596118384380{padding-top: 36px !important;padding-bottom: 41px !important;background-color: #ee3f75 !important;}&#8221;][vc_column css=&#8221;.vc_custom_1492609383973{padding-top: 2px !important;}&#8221;]\t<div class=\"edgtf-call-to-action normal\" style=\"background-color: #ee3f75;\">\n\n\t\t\t\t<div class=\"edgtf-container-inner\">\n\t\t\t\t\t<div class=\"edgtf-call-to-action-row-75-25 clearfix\" style=\"padding: 20px;\">\n\t\t\t\t\t\t<div class=\"edgtf-text-wrapper edgtf-call-to-action-column1 edgtf-call-to-action-cell left\">\n\t\t\t\t\t<div class=\"edgtf-call-to-action-text\" style=\"text-align: left\">\n<h2><span style=\"color: #ffffff;\">Contactez-nous en cas de questions ou besoin d\u2019assistance<\/span><\/h2>\n\t\t\t\t\t\t\t\t\t\t\t<\/div>\n\t\t\t\t<\/div>\n\n\t\t\t\t\t\t\t\t\t<div class=\"edgtf-button-wrapper edgtf-call-to-action-column2 edgtf-call-to-action-cell\" style =\"text-align: right ;\">\n\t\t\t\t\t\t<a itemprop=\"url\" href=\"\/fr\/contactez-nous\/\" target=\"_self\" style=\"color: #ee3f75;background-color: #ffffff;border-color: #ffffff\" class=\"edgtf-btn edgtf-btn-large edgtf-btn-solid edgtf-btn-custom-hover-bg edgtf-btn-custom-border-hover edgtf-btn-custom-hover-color\" data-hover-bg-color=\"#ee3f75\" data-hover-color=\"#ffffff\" data-hover-border-color=\"#ffffff\" >\t<span class=\"edgtf-btn-text\">Contact<\/span>    <\/a>\t\t\t\t\t<\/div>\n\t\t\t\t\t\t\t<\/div>\n\t\t\t\t<\/div>\n\t\t\t<\/div>\n[\/vc_column][\/vc_row]<\/p>\n<\/div>","protected":false},"excerpt":{"rendered":"<p>[vc_row css=&#8221;.vc_custom_1599751555902{padding-top: 15px !important;padding-bottom: 0px !important;background-image: url(https:\/\/alan.lu\/wp-content\/uploads\/2020\/09\/Blue-White-background.jpg?id=18806) !important;background-position: center !important;background-repeat: no-repeat !important;background-size: cover !important;}&#8221;][vc_column][vc_empty_space height=&#8221;35px&#8221;][vc_column_text] Devenez membre [\/vc_column_text][vc_empty_space height=&#8221;14px&#8221;][vc_row_inner content_aligment=&#8221;center&#8221; el_class=&#8221;show-below-md&#8221;][vc_column_inner][vc_empty_space height=&#8221;20px&#8221; el_class=&#8221;display-block&#8221;][\/vc_column_inner][\/vc_row_inner][\/vc_column][\/vc_row][vc_row content_width=&#8221;grid&#8221; css=&#8221;.vc_custom_1604258833876{padding-top: 0px !important;padding-bottom: 0px !important;}&#8221;][vc_column][vc_empty_space height=&#8221;50px&#8221;][\/vc_column][\/vc_row][vc_row&#8230;<\/p>\n","protected":false},"author":1,"featured_media":0,"parent":0,"menu_order":0,"comment_status":"closed","ping_status":"closed","template":"","meta":{"give_campaign_id":0,"inline_featured_image":false,"footnotes":""},"class_list":["post-20981","page","type-page","status-publish","hentry"],"yoast_head":"<!-- This site is optimized with the Yoast SEO plugin v26.9 - https:\/\/yoast.com\/product\/yoast-seo-wordpress\/ -->\n<title>Devenez membre de l&#039;association pour maladies rares ALAN - ALAN<\/title>\n<meta name=\"description\" content=\"Devenez membre d&#039;ALAN et rejoignez notre communaut\u00e9 de patients vivant avec une maladie rare, de familles et amis, d&#039;associations, de b\u00e9n\u00e9voles et de sympathisants.\" \/>\n<meta name=\"robots\" content=\"index, follow, max-snippet:-1, max-image-preview:large, max-video-preview:-1\" \/>\n<link rel=\"canonical\" href=\"https:\/\/alan.lu\/fr\/devenez-membre\/\" \/>\n<meta property=\"og:locale\" content=\"fr_FR\" \/>\n<meta property=\"og:type\" content=\"article\" \/>\n<meta property=\"og:title\" content=\"Devenez membre de l&#039;association pour maladies rares ALAN - ALAN\" \/>\n<meta property=\"og:description\" content=\"Devenez membre d&#039;ALAN et rejoignez notre communaut\u00e9 de patients vivant avec une maladie rare, de familles et amis, d&#039;associations, de b\u00e9n\u00e9voles et de sympathisants.\" \/>\n<meta property=\"og:url\" content=\"https:\/\/alan.lu\/fr\/devenez-membre\/\" \/>\n<meta property=\"og:site_name\" content=\"ALAN\" \/>\n<meta property=\"article:modified_time\" content=\"2024-10-14T07:44:08+00:00\" \/>\n<meta name=\"twitter:card\" content=\"summary_large_image\" \/>\n<meta name=\"twitter:label1\" content=\"Dur\u00e9e de lecture estim\u00e9e\" \/>\n\t<meta name=\"twitter:data1\" content=\"3 minutes\" \/>\n<script type=\"application\/ld+json\" class=\"yoast-schema-graph\">{\"@context\":\"https:\/\/schema.org\",\"@graph\":[{\"@type\":\"WebPage\",\"@id\":\"https:\/\/alan.lu\/fr\/devenez-membre\/\",\"url\":\"https:\/\/alan.lu\/fr\/devenez-membre\/\",\"name\":\"Devenez membre de l'association pour maladies rares ALAN - ALAN\",\"isPartOf\":{\"@id\":\"https:\/\/alan.lu\/fr\/#website\"},\"datePublished\":\"2020-09-04T09:50:59+00:00\",\"dateModified\":\"2024-10-14T07:44:08+00:00\",\"description\":\"Devenez membre d'ALAN et rejoignez notre communaut\u00e9 de patients vivant avec une maladie rare, de familles et amis, d'associations, de b\u00e9n\u00e9voles et de sympathisants.\",\"breadcrumb\":{\"@id\":\"https:\/\/alan.lu\/fr\/devenez-membre\/#breadcrumb\"},\"inLanguage\":\"fr-FR\",\"potentialAction\":[{\"@type\":\"ReadAction\",\"target\":[\"https:\/\/alan.lu\/fr\/devenez-membre\/\"]}]},{\"@type\":\"BreadcrumbList\",\"@id\":\"https:\/\/alan.lu\/fr\/devenez-membre\/#breadcrumb\",\"itemListElement\":[{\"@type\":\"ListItem\",\"position\":1,\"name\":\"Accueil\",\"item\":\"https:\/\/alan.lu\/fr\/\"},{\"@type\":\"ListItem\",\"position\":2,\"name\":\"Devenez membre\"}]},{\"@type\":\"WebSite\",\"@id\":\"https:\/\/alan.lu\/fr\/#website\",\"url\":\"https:\/\/alan.lu\/fr\/\",\"name\":\"ALAN\",\"description\":\"Rare Diseases Luxembourg\",\"potentialAction\":[{\"@type\":\"SearchAction\",\"target\":{\"@type\":\"EntryPoint\",\"urlTemplate\":\"https:\/\/alan.lu\/fr\/?s={search_term_string}\"},\"query-input\":{\"@type\":\"PropertyValueSpecification\",\"valueRequired\":true,\"valueName\":\"search_term_string\"}}],\"inLanguage\":\"fr-FR\"}]}<\/script>\n<!-- \/ Yoast SEO plugin. -->","yoast_head_json":{"title":"Devenez membre de l'association pour maladies rares ALAN - ALAN","description":"Devenez membre d'ALAN et rejoignez notre communaut\u00e9 de patients vivant avec une maladie rare, de familles et amis, d'associations, de b\u00e9n\u00e9voles et de sympathisants.","robots":{"index":"index","follow":"follow","max-snippet":"max-snippet:-1","max-image-preview":"max-image-preview:large","max-video-preview":"max-video-preview:-1"},"canonical":"https:\/\/alan.lu\/fr\/devenez-membre\/","og_locale":"fr_FR","og_type":"article","og_title":"Devenez membre de l'association pour maladies rares ALAN - ALAN","og_description":"Devenez membre d'ALAN et rejoignez notre communaut\u00e9 de patients vivant avec une maladie rare, de familles et amis, d'associations, de b\u00e9n\u00e9voles et de sympathisants.","og_url":"https:\/\/alan.lu\/fr\/devenez-membre\/","og_site_name":"ALAN","article_modified_time":"2024-10-14T07:44:08+00:00","twitter_card":"summary_large_image","twitter_misc":{"Dur\u00e9e de lecture estim\u00e9e":"3 minutes"},"schema":{"@context":"https:\/\/schema.org","@graph":[{"@type":"WebPage","@id":"https:\/\/alan.lu\/fr\/devenez-membre\/","url":"https:\/\/alan.lu\/fr\/devenez-membre\/","name":"Devenez membre de l'association pour maladies rares ALAN - ALAN","isPartOf":{"@id":"https:\/\/alan.lu\/fr\/#website"},"datePublished":"2020-09-04T09:50:59+00:00","dateModified":"2024-10-14T07:44:08+00:00","description":"Devenez membre d'ALAN et rejoignez notre communaut\u00e9 de patients vivant avec une maladie rare, de familles et amis, d'associations, de b\u00e9n\u00e9voles et de sympathisants.","breadcrumb":{"@id":"https:\/\/alan.lu\/fr\/devenez-membre\/#breadcrumb"},"inLanguage":"fr-FR","potentialAction":[{"@type":"ReadAction","target":["https:\/\/alan.lu\/fr\/devenez-membre\/"]}]},{"@type":"BreadcrumbList","@id":"https:\/\/alan.lu\/fr\/devenez-membre\/#breadcrumb","itemListElement":[{"@type":"ListItem","position":1,"name":"Accueil","item":"https:\/\/alan.lu\/fr\/"},{"@type":"ListItem","position":2,"name":"Devenez membre"}]},{"@type":"WebSite","@id":"https:\/\/alan.lu\/fr\/#website","url":"https:\/\/alan.lu\/fr\/","name":"ALAN","description":"Rare Diseases Luxembourg","potentialAction":[{"@type":"SearchAction","target":{"@type":"EntryPoint","urlTemplate":"https:\/\/alan.lu\/fr\/?s={search_term_string}"},"query-input":{"@type":"PropertyValueSpecification","valueRequired":true,"valueName":"search_term_string"}}],"inLanguage":"fr-FR"}]}},"campaignId":"","_links":{"self":[{"href":"https:\/\/alan.lu\/fr\/wp-json\/wp\/v2\/pages\/20981","targetHints":{"allow":["GET"]}}],"collection":[{"href":"https:\/\/alan.lu\/fr\/wp-json\/wp\/v2\/pages"}],"about":[{"href":"https:\/\/alan.lu\/fr\/wp-json\/wp\/v2\/types\/page"}],"author":[{"embeddable":true,"href":"https:\/\/alan.lu\/fr\/wp-json\/wp\/v2\/users\/1"}],"replies":[{"embeddable":true,"href":"https:\/\/alan.lu\/fr\/wp-json\/wp\/v2\/comments?post=20981"}],"version-history":[{"count":19,"href":"https:\/\/alan.lu\/fr\/wp-json\/wp\/v2\/pages\/20981\/revisions"}],"predecessor-version":[{"id":29813,"href":"https:\/\/alan.lu\/fr\/wp-json\/wp\/v2\/pages\/20981\/revisions\/29813"}],"wp:attachment":[{"href":"https:\/\/alan.lu\/fr\/wp-json\/wp\/v2\/media?parent=20981"}],"curies":[{"name":"wp","href":"https:\/\/api.w.org\/{rel}","templated":true}]}}