{"id":21705,"date":"2020-10-28T13:32:54","date_gmt":"2020-10-28T12:32:54","guid":{"rendered":"https:\/\/alan.wearequattro.com\/newsletter-subscription\/"},"modified":"2021-01-27T14:11:37","modified_gmt":"2021-01-27T13:11:37","slug":"newsletter-subscription","status":"publish","type":"page","link":"https:\/\/alan.lu\/fr\/newsletter-subscription\/","title":{"rendered":"Inscription \u00e0 la newsletter"},"content":{"rendered":"<p>Si vous avez chang\u00e9 d&#8217;avis concernant la r\u00e9ception de notre newsletter, veuillez indiquer votre pr\u00e9f\u00e9rence en cochant \/ d\u00e9cochant la case ci-dessous. Veuillez noter que tous nos membres re\u00e7oivent des invitations \u00e0 nos \u00e9v\u00e9nements et activit\u00e9s, ind\u00e9pendamment de leur choix concernant la newsletter. Si vous ne souhaitez plus \u00eatre membre d&#8217;ALAN et souhaitez \u00eatre retir\u00e9 de notre liste de membres, veuillez nous <a href=\"https:\/\/alan.lu\/fr\/contactez-nous\/\">contacter directement<\/a>.<\/p>\n","protected":false},"excerpt":{"rendered":"<p>Si vous avez chang\u00e9 d&#8217;avis concernant la r\u00e9ception de notre newsletter, veuillez indiquer votre pr\u00e9f\u00e9rence en cochant \/ d\u00e9cochant la case ci-dessous. Veuillez noter que tous nos membres re\u00e7oivent des&#8230;<\/p>\n","protected":false},"author":1,"featured_media":0,"parent":0,"menu_order":0,"comment_status":"closed","ping_status":"closed","template":"","meta":{"give_campaign_id":0,"inline_featured_image":false,"footnotes":""},"class_list":["post-21705","page","type-page","status-publish","hentry"],"yoast_head":"<!-- This site is optimized with the Yoast SEO plugin v26.9 - https:\/\/yoast.com\/product\/yoast-seo-wordpress\/ -->\n<title>Inscription \u00e0 la newsletter - ALAN<\/title>\n<meta name=\"robots\" content=\"index, follow, max-snippet:-1, max-image-preview:large, max-video-preview:-1\" \/>\n<link rel=\"canonical\" href=\"https:\/\/alan.lu\/fr\/newsletter-subscription\/\" \/>\n<meta property=\"og:locale\" content=\"fr_FR\" \/>\n<meta property=\"og:type\" content=\"article\" \/>\n<meta property=\"og:title\" content=\"Inscription \u00e0 la newsletter - ALAN\" \/>\n<meta property=\"og:description\" content=\"Si vous avez chang\u00e9 d&#8217;avis concernant la r\u00e9ception de notre newsletter, veuillez indiquer votre pr\u00e9f\u00e9rence en cochant \/ d\u00e9cochant la case ci-dessous. Veuillez noter que tous nos membres re\u00e7oivent des...\" \/>\n<meta property=\"og:url\" content=\"https:\/\/alan.lu\/fr\/newsletter-subscription\/\" \/>\n<meta property=\"og:site_name\" content=\"ALAN\" \/>\n<meta property=\"article:modified_time\" content=\"2021-01-27T13:11:37+00:00\" \/>\n<meta name=\"twitter:card\" content=\"summary_large_image\" \/>\n<meta name=\"twitter:label1\" content=\"Dur\u00e9e de lecture estim\u00e9e\" \/>\n\t<meta name=\"twitter:data1\" content=\"1 minute\" \/>\n<script type=\"application\/ld+json\" class=\"yoast-schema-graph\">{\"@context\":\"https:\/\/schema.org\",\"@graph\":[{\"@type\":\"WebPage\",\"@id\":\"https:\/\/alan.lu\/fr\/newsletter-subscription\/\",\"url\":\"https:\/\/alan.lu\/fr\/newsletter-subscription\/\",\"name\":\"Inscription \u00e0 la newsletter - ALAN\",\"isPartOf\":{\"@id\":\"https:\/\/alan.lu\/fr\/#website\"},\"datePublished\":\"2020-10-28T12:32:54+00:00\",\"dateModified\":\"2021-01-27T13:11:37+00:00\",\"breadcrumb\":{\"@id\":\"https:\/\/alan.lu\/fr\/newsletter-subscription\/#breadcrumb\"},\"inLanguage\":\"fr-FR\",\"potentialAction\":[{\"@type\":\"ReadAction\",\"target\":[\"https:\/\/alan.lu\/fr\/newsletter-subscription\/\"]}]},{\"@type\":\"BreadcrumbList\",\"@id\":\"https:\/\/alan.lu\/fr\/newsletter-subscription\/#breadcrumb\",\"itemListElement\":[{\"@type\":\"ListItem\",\"position\":1,\"name\":\"Accueil\",\"item\":\"https:\/\/alan.lu\/fr\/\"},{\"@type\":\"ListItem\",\"position\":2,\"name\":\"Inscription \u00e0 la newsletter\"}]},{\"@type\":\"WebSite\",\"@id\":\"https:\/\/alan.lu\/fr\/#website\",\"url\":\"https:\/\/alan.lu\/fr\/\",\"name\":\"ALAN\",\"description\":\"Rare Diseases Luxembourg\",\"potentialAction\":[{\"@type\":\"SearchAction\",\"target\":{\"@type\":\"EntryPoint\",\"urlTemplate\":\"https:\/\/alan.lu\/fr\/?s={search_term_string}\"},\"query-input\":{\"@type\":\"PropertyValueSpecification\",\"valueRequired\":true,\"valueName\":\"search_term_string\"}}],\"inLanguage\":\"fr-FR\"}]}<\/script>\n<!-- \/ Yoast SEO plugin. -->","yoast_head_json":{"title":"Inscription \u00e0 la newsletter - ALAN","robots":{"index":"index","follow":"follow","max-snippet":"max-snippet:-1","max-image-preview":"max-image-preview:large","max-video-preview":"max-video-preview:-1"},"canonical":"https:\/\/alan.lu\/fr\/newsletter-subscription\/","og_locale":"fr_FR","og_type":"article","og_title":"Inscription \u00e0 la newsletter - ALAN","og_description":"Si vous avez chang\u00e9 d&#8217;avis concernant la r\u00e9ception de notre newsletter, veuillez indiquer votre pr\u00e9f\u00e9rence en cochant \/ d\u00e9cochant la case ci-dessous. Veuillez noter que tous nos membres re\u00e7oivent des...","og_url":"https:\/\/alan.lu\/fr\/newsletter-subscription\/","og_site_name":"ALAN","article_modified_time":"2021-01-27T13:11:37+00:00","twitter_card":"summary_large_image","twitter_misc":{"Dur\u00e9e de lecture estim\u00e9e":"1 minute"},"schema":{"@context":"https:\/\/schema.org","@graph":[{"@type":"WebPage","@id":"https:\/\/alan.lu\/fr\/newsletter-subscription\/","url":"https:\/\/alan.lu\/fr\/newsletter-subscription\/","name":"Inscription \u00e0 la newsletter - ALAN","isPartOf":{"@id":"https:\/\/alan.lu\/fr\/#website"},"datePublished":"2020-10-28T12:32:54+00:00","dateModified":"2021-01-27T13:11:37+00:00","breadcrumb":{"@id":"https:\/\/alan.lu\/fr\/newsletter-subscription\/#breadcrumb"},"inLanguage":"fr-FR","potentialAction":[{"@type":"ReadAction","target":["https:\/\/alan.lu\/fr\/newsletter-subscription\/"]}]},{"@type":"BreadcrumbList","@id":"https:\/\/alan.lu\/fr\/newsletter-subscription\/#breadcrumb","itemListElement":[{"@type":"ListItem","position":1,"name":"Accueil","item":"https:\/\/alan.lu\/fr\/"},{"@type":"ListItem","position":2,"name":"Inscription \u00e0 la newsletter"}]},{"@type":"WebSite","@id":"https:\/\/alan.lu\/fr\/#website","url":"https:\/\/alan.lu\/fr\/","name":"ALAN","description":"Rare Diseases Luxembourg","potentialAction":[{"@type":"SearchAction","target":{"@type":"EntryPoint","urlTemplate":"https:\/\/alan.lu\/fr\/?s={search_term_string}"},"query-input":{"@type":"PropertyValueSpecification","valueRequired":true,"valueName":"search_term_string"}}],"inLanguage":"fr-FR"}]}},"campaignId":"","_links":{"self":[{"href":"https:\/\/alan.lu\/fr\/wp-json\/wp\/v2\/pages\/21705","targetHints":{"allow":["GET"]}}],"collection":[{"href":"https:\/\/alan.lu\/fr\/wp-json\/wp\/v2\/pages"}],"about":[{"href":"https:\/\/alan.lu\/fr\/wp-json\/wp\/v2\/types\/page"}],"author":[{"embeddable":true,"href":"https:\/\/alan.lu\/fr\/wp-json\/wp\/v2\/users\/1"}],"replies":[{"embeddable":true,"href":"https:\/\/alan.lu\/fr\/wp-json\/wp\/v2\/comments?post=21705"}],"version-history":[{"count":3,"href":"https:\/\/alan.lu\/fr\/wp-json\/wp\/v2\/pages\/21705\/revisions"}],"predecessor-version":[{"id":22255,"href":"https:\/\/alan.lu\/fr\/wp-json\/wp\/v2\/pages\/21705\/revisions\/22255"}],"wp:attachment":[{"href":"https:\/\/alan.lu\/fr\/wp-json\/wp\/v2\/media?parent=21705"}],"curies":[{"name":"wp","href":"https:\/\/api.w.org\/{rel}","templated":true}]}}