{"id":22478,"date":"2021-02-24T17:00:52","date_gmt":"2021-02-24T16:00:52","guid":{"rendered":"https:\/\/alan.lu\/?page_id=22478"},"modified":"2021-02-24T17:00:52","modified_gmt":"2021-02-24T16:00:52","slug":"temoignages-jean-claude","status":"publish","type":"page","link":"https:\/\/alan.lu\/fr\/temoignages\/temoignages-jean-claude\/","title":{"rendered":"T\u00e9moignages"},"content":{"rendered":"<div class=\"wpb-content-wrapper\"><p>[vc_row content_width=&#8221;grid&#8221; css=&#8221;.vc_custom_1492696696810{padding-top: 130px !important;padding-bottom: 90px !important;}&#8221;][vc_column offset=&#8221;vc_col-lg-6 vc_col-md-6 vc_col-xs-12&#8243;][vc_single_image image=&#8221;22482&#8243; img_size=&#8221;full&#8221;][vc_empty_space height=&#8221;35px&#8221;][\/vc_column][vc_column offset=&#8221;vc_col-lg-6 vc_col-md-6 vc_col-xs-12&#8243;]<div class=\"edgtf-elements-holder edgtf-responsive-mode-768\" ><div class=\"edgtf-elements-holder-item \" data-item-class=\"edgtf-elements-holder-custom-732059\" data-1280-1600=\"2% 7% 2% 5%\" data-1024-1280=\"2% 7% 2% 5%\" data-768-1024=\"2% 0% 2% 3%\" data-600-768=\"5% 0% 1% 0%\" >\n\t\t<div class=\"edgtf-elements-holder-item-inner\">\n\t\t<div class=\"edgtf-elements-holder-item-content edgtf-elements-holder-custom-732059\" style=\"padding: 2% 7% 2% 5%\">\n\t\t\t[vc_column_text]<\/p>\n<h2>Jean-Claude<\/h2>\n<p>[\/vc_column_text][vc_column_text]<strong style=\"color: #ee3f75;\">53 ans, vit avec la maladie de MoyaMoya<\/strong>[\/vc_column_text][vc_empty_space height=&#8221;35px&#8221;][vc_column_text]&#8221;Je m&#8217;appelle Jean-Claude, j&#8217;ai 53 ans, mari\u00e9. Et j&#8217;ai deux filles avec Fiona,\u00a0 mon \u00e9pouse.<\/p>\n<p>Un matin, fin mars il y a dix ans, mon \u00e9pouse a insist\u00e9 que j&#8217;avais fait un accident vasculaire c\u00e9r\u00e9bral (AVC) durant la nuit. Pour elle, les deux moiti\u00e9s de mon visage \u00e9taient d\u00e9synchronis\u00e9es. Je m&#8217;\u00e9tais senti un peu \u00e9tourdi au r\u00e9veil, mais \u00e9tant diab\u00e9tique depuis l&#8217;adolescence, je pensais \u00e0 une hypoglyc\u00e9mie non d\u00e9tect\u00e9e.<\/p>\n<p>Cependant, \u00e0 l&#8217;h\u00f4pital, nous recevions la confirmation que j&#8217;avais bien fait un mini AVC. On mentionnait le mot \u00abMoyaMoya\u00bb pour la premi\u00e8re fois \u00e0 mon \u00e9pouse.<\/p>\n<p>Deux jours apr\u00e8s mon retour \u00e0 la maison, j&#8217;ai eu mon deuxi\u00e8me AVC. Cette fois j&#8217;ai ressenti une douleur du c\u00f4t\u00e9 gauche du cerveau. Apr\u00e8s, j&#8217;\u00e9tais paralys\u00e9 du c\u00f4t\u00e9 droit et j&#8217;avais des difficult\u00e9s \u00e0 parler.<\/p>\n<p>Je passais 5 semaines \u00e0 l&#8217;h\u00f4pital, suivi de quelques mois de r\u00e9\u00e9ducation. Mon s\u00e9jour prolong\u00e9 avait permis aux neurologues de confirmer l&#8217;hypoth\u00e8se de MoyaMoya.<\/p>\n<p>MoyaMoya est une maladie neurologique rare, o\u00f9 les vaisseaux sanguins dans le cerveau se ferment. Le cerveau compense cela en d\u00e9veloppant une multitude de vaisseaux sanguins microscopiques, invisibles sur un scan normal. Ces vaisseaux sont cependant sujets \u00e0 des h\u00e9morragies c\u00e9r\u00e9brales et donc \u00e0 des AVC.<\/p>\n<p>J&#8217;ai subi ma premi\u00e8re op\u00e9ration durant la derni\u00e8re semaine de juin. Appel\u00e9e \u00ab\u00a0Burr holes\u00a0, elle consistait \u00e0 percer une multitude de petits trous dans mon cr\u00e2ne, de sorte que les vaisseaux sanguins sous le cuir chevelu puissent s\u2019infiltrer lentement \u00e0 l&#8217;int\u00e9rieur de mon cerveau pour compenser la circulation sanguine r\u00e9duite.<\/p>\n<p>Deux semaines plus tard, j&#8217;ai eu mon deuxi\u00e8me mini-AVC, cette fois du c\u00f4t\u00e9 droit du cerveau. Comme en mars, trois jours \u00e0 l&#8217;h\u00f4pital pour observation. Cela avait prouv\u00e9 que \u00ab\u00a0mon\u00a0\u00bb MoyaMoya touchait les deux c\u00f4t\u00e9s du cerveau, contrairement \u00e0 ce qu\u2019on pensait au d\u00e9but. J&#8217;ai donc subi mi-septembre de la m\u00eame ann\u00e9e la deuxi\u00e8me op\u00e9ration \u00ab\u00a0Burr holes\u00a0\u00bb, mais cette fois-ci sur le c\u00f4t\u00e9 droit du crane.<\/p>\n<p>Depuis, je n&#8217;ai plus la m\u00eame (disons) \u00abendurance d&#8217;utilisation du cerveau\u00bb, je ressens en permanence une fatigue l\u00e9g\u00e8re \u00e0 forte (\u00c0 cause du MoyaMoya, de mes trois AVC, ou des deux, je ne pourrais le dire) et j\u2019ai des difficult\u00e9s avec l\u2019\u00e9criture. Mais j&#8217;ai r\u00e9ussi \u00e0 progresser professionnellement, quoiqu\u2019avec des accommodements.<\/p>\n<p>J&#8217;ai rejoint ALAN car je pense qu&#8217;il est n\u00e9cessaire de se regrouper et de montrer que les maladies rares peuvent \u00eatre \u00abd\u00e9couvertes\u00bb \u00e0 tout \u00e2ge, sous toutes les formes, visibles de l&#8217;ext\u00e9rieur ou non. Et il faut pouvoir en parler ouvertement, sans crainte de rejet ou de discrimination.&#8221;[\/vc_column_text]\t\t<\/div>\n\t<\/div>\n\t<\/div><\/div>[\/vc_column][\/vc_row][vc_row content_width=&#8221;grid&#8221; css=&#8221;.vc_custom_1596118384380{padding-top: 36px !important;padding-bottom: 41px !important;background-color: #ee3f75 !important;}&#8221;][vc_column css=&#8221;.vc_custom_1492609383973{padding-top: 2px !important;}&#8221;]\t<div class=\"edgtf-call-to-action normal\" style=\"background-color: #ee3f75;\">\n\n\t\t\t\t<div class=\"edgtf-container-inner\">\n\t\t\t\t\t<div class=\"edgtf-call-to-action-row-75-25 clearfix\" style=\"padding: 20px;\">\n\t\t\t\t\t\t<div class=\"edgtf-text-wrapper edgtf-call-to-action-column1 edgtf-call-to-action-cell left\">\n\t\t\t\t\t<div class=\"edgtf-call-to-action-text\" style=\"text-align: left\">\n<h2><span style=\"color: #ffffff;\">Contactez-nous en cas de questions ou besoin d\u2019assistance<\/span><\/h2>\n\t\t\t\t\t\t\t\t\t\t\t<\/div>\n\t\t\t\t<\/div>\n\n\t\t\t\t\t\t\t\t\t<div class=\"edgtf-button-wrapper edgtf-call-to-action-column2 edgtf-call-to-action-cell\" style =\"text-align: right ;\">\n\t\t\t\t\t\t<a itemprop=\"url\" href=\"\/fr\/contactez-nous\/\" target=\"_self\" style=\"color: #ee3f75;background-color: #ffffff;border-color: #ffffff\" class=\"edgtf-btn edgtf-btn-large edgtf-btn-solid edgtf-btn-custom-hover-bg edgtf-btn-custom-border-hover edgtf-btn-custom-hover-color\" data-hover-bg-color=\"#ee3f75\" data-hover-color=\"#ffffff\" data-hover-border-color=\"#ffffff\" >\t<span class=\"edgtf-btn-text\">Contact<\/span>    <\/a>\t\t\t\t\t<\/div>\n\t\t\t\t\t\t\t<\/div>\n\t\t\t\t<\/div>\n\t\t\t<\/div>\n[\/vc_column][\/vc_row]<\/p>\n<\/div>","protected":false},"excerpt":{"rendered":"<p>[vc_row content_width=&#8221;grid&#8221; css=&#8221;.vc_custom_1492696696810{padding-top: 130px !important;padding-bottom: 90px !important;}&#8221;][vc_column offset=&#8221;vc_col-lg-6 vc_col-md-6 vc_col-xs-12&#8243;][vc_single_image image=&#8221;22482&#8243; img_size=&#8221;full&#8221;][vc_empty_space height=&#8221;35px&#8221;][\/vc_column][vc_column offset=&#8221;vc_col-lg-6 vc_col-md-6 vc_col-xs-12&#8243;][\/vc_column][\/vc_row][vc_row content_width=&#8221;grid&#8221; css=&#8221;.vc_custom_1596118384380{padding-top: 36px !important;padding-bottom: 41px !important;background-color: #ee3f75 !important;}&#8221;][vc_column css=&#8221;.vc_custom_1492609383973{padding-top: 2px !important;}&#8221;][\/vc_column][\/vc_row]<\/p>\n","protected":false},"author":2,"featured_media":0,"parent":20667,"menu_order":0,"comment_status":"closed","ping_status":"closed","template":"","meta":{"give_campaign_id":0,"inline_featured_image":false,"footnotes":""},"class_list":["post-22478","page","type-page","status-publish","hentry"],"yoast_head":"<!-- This site is optimized with the Yoast SEO plugin v26.9 - https:\/\/yoast.com\/product\/yoast-seo-wordpress\/ -->\n<title>T\u00e9moignages - ALAN<\/title>\n<meta name=\"robots\" content=\"index, follow, max-snippet:-1, max-image-preview:large, max-video-preview:-1\" \/>\n<link rel=\"canonical\" href=\"https:\/\/alan.lu\/fr\/temoignages\/temoignages-jean-claude\/\" \/>\n<meta property=\"og:locale\" content=\"fr_FR\" \/>\n<meta property=\"og:type\" content=\"article\" \/>\n<meta property=\"og:title\" content=\"T\u00e9moignages - ALAN\" \/>\n<meta property=\"og:description\" content=\"[vc_row content_width=&#8221;grid&#8221; css=&#8221;.vc_custom_1492696696810{padding-top: 130px !important;padding-bottom: 90px !important;}&#8221;][vc_column offset=&#8221;vc_col-lg-6 vc_col-md-6 vc_col-xs-12&#8243;][vc_single_image image=&#8221;22482&#8243; img_size=&#8221;full&#8221;][vc_empty_space height=&#8221;35px&#8221;][\/vc_column][vc_column offset=&#8221;vc_col-lg-6 vc_col-md-6 vc_col-xs-12&#8243;][\/vc_column][\/vc_row][vc_row content_width=&#8221;grid&#8221; css=&#8221;.vc_custom_1596118384380{padding-top: 36px !important;padding-bottom: 41px !important;background-color: #ee3f75 !important;}&#8221;][vc_column css=&#8221;.vc_custom_1492609383973{padding-top: 2px !important;}&#8221;][\/vc_column][\/vc_row]\" \/>\n<meta property=\"og:url\" content=\"https:\/\/alan.lu\/fr\/temoignages\/temoignages-jean-claude\/\" \/>\n<meta property=\"og:site_name\" content=\"ALAN\" \/>\n<meta name=\"twitter:card\" content=\"summary_large_image\" \/>\n<meta name=\"twitter:label1\" content=\"Dur\u00e9e de lecture estim\u00e9e\" \/>\n\t<meta name=\"twitter:data1\" content=\"3 minutes\" \/>\n<script type=\"application\/ld+json\" class=\"yoast-schema-graph\">{\"@context\":\"https:\/\/schema.org\",\"@graph\":[{\"@type\":\"WebPage\",\"@id\":\"https:\/\/alan.lu\/fr\/temoignages\/temoignages-jean-claude\/\",\"url\":\"https:\/\/alan.lu\/fr\/temoignages\/temoignages-jean-claude\/\",\"name\":\"T\u00e9moignages - ALAN\",\"isPartOf\":{\"@id\":\"https:\/\/alan.lu\/fr\/#website\"},\"datePublished\":\"2021-02-24T16:00:52+00:00\",\"breadcrumb\":{\"@id\":\"https:\/\/alan.lu\/fr\/temoignages\/temoignages-jean-claude\/#breadcrumb\"},\"inLanguage\":\"fr-FR\",\"potentialAction\":[{\"@type\":\"ReadAction\",\"target\":[\"https:\/\/alan.lu\/fr\/temoignages\/temoignages-jean-claude\/\"]}]},{\"@type\":\"BreadcrumbList\",\"@id\":\"https:\/\/alan.lu\/fr\/temoignages\/temoignages-jean-claude\/#breadcrumb\",\"itemListElement\":[{\"@type\":\"ListItem\",\"position\":1,\"name\":\"Accueil\",\"item\":\"https:\/\/alan.lu\/fr\/\"},{\"@type\":\"ListItem\",\"position\":2,\"name\":\"T\u00e9moignages\",\"item\":\"https:\/\/alan.lu\/fr\/temoignages\/\"},{\"@type\":\"ListItem\",\"position\":3,\"name\":\"T\u00e9moignages\"}]},{\"@type\":\"WebSite\",\"@id\":\"https:\/\/alan.lu\/fr\/#website\",\"url\":\"https:\/\/alan.lu\/fr\/\",\"name\":\"ALAN\",\"description\":\"Rare Diseases Luxembourg\",\"potentialAction\":[{\"@type\":\"SearchAction\",\"target\":{\"@type\":\"EntryPoint\",\"urlTemplate\":\"https:\/\/alan.lu\/fr\/?s={search_term_string}\"},\"query-input\":{\"@type\":\"PropertyValueSpecification\",\"valueRequired\":true,\"valueName\":\"search_term_string\"}}],\"inLanguage\":\"fr-FR\"}]}<\/script>\n<!-- \/ Yoast SEO plugin. -->","yoast_head_json":{"title":"T\u00e9moignages - ALAN","robots":{"index":"index","follow":"follow","max-snippet":"max-snippet:-1","max-image-preview":"max-image-preview:large","max-video-preview":"max-video-preview:-1"},"canonical":"https:\/\/alan.lu\/fr\/temoignages\/temoignages-jean-claude\/","og_locale":"fr_FR","og_type":"article","og_title":"T\u00e9moignages - ALAN","og_description":"[vc_row content_width=&#8221;grid&#8221; css=&#8221;.vc_custom_1492696696810{padding-top: 130px !important;padding-bottom: 90px !important;}&#8221;][vc_column offset=&#8221;vc_col-lg-6 vc_col-md-6 vc_col-xs-12&#8243;][vc_single_image image=&#8221;22482&#8243; img_size=&#8221;full&#8221;][vc_empty_space height=&#8221;35px&#8221;][\/vc_column][vc_column offset=&#8221;vc_col-lg-6 vc_col-md-6 vc_col-xs-12&#8243;][\/vc_column][\/vc_row][vc_row content_width=&#8221;grid&#8221; css=&#8221;.vc_custom_1596118384380{padding-top: 36px !important;padding-bottom: 41px !important;background-color: #ee3f75 !important;}&#8221;][vc_column css=&#8221;.vc_custom_1492609383973{padding-top: 2px !important;}&#8221;][\/vc_column][\/vc_row]","og_url":"https:\/\/alan.lu\/fr\/temoignages\/temoignages-jean-claude\/","og_site_name":"ALAN","twitter_card":"summary_large_image","twitter_misc":{"Dur\u00e9e de lecture estim\u00e9e":"3 minutes"},"schema":{"@context":"https:\/\/schema.org","@graph":[{"@type":"WebPage","@id":"https:\/\/alan.lu\/fr\/temoignages\/temoignages-jean-claude\/","url":"https:\/\/alan.lu\/fr\/temoignages\/temoignages-jean-claude\/","name":"T\u00e9moignages - ALAN","isPartOf":{"@id":"https:\/\/alan.lu\/fr\/#website"},"datePublished":"2021-02-24T16:00:52+00:00","breadcrumb":{"@id":"https:\/\/alan.lu\/fr\/temoignages\/temoignages-jean-claude\/#breadcrumb"},"inLanguage":"fr-FR","potentialAction":[{"@type":"ReadAction","target":["https:\/\/alan.lu\/fr\/temoignages\/temoignages-jean-claude\/"]}]},{"@type":"BreadcrumbList","@id":"https:\/\/alan.lu\/fr\/temoignages\/temoignages-jean-claude\/#breadcrumb","itemListElement":[{"@type":"ListItem","position":1,"name":"Accueil","item":"https:\/\/alan.lu\/fr\/"},{"@type":"ListItem","position":2,"name":"T\u00e9moignages","item":"https:\/\/alan.lu\/fr\/temoignages\/"},{"@type":"ListItem","position":3,"name":"T\u00e9moignages"}]},{"@type":"WebSite","@id":"https:\/\/alan.lu\/fr\/#website","url":"https:\/\/alan.lu\/fr\/","name":"ALAN","description":"Rare Diseases Luxembourg","potentialAction":[{"@type":"SearchAction","target":{"@type":"EntryPoint","urlTemplate":"https:\/\/alan.lu\/fr\/?s={search_term_string}"},"query-input":{"@type":"PropertyValueSpecification","valueRequired":true,"valueName":"search_term_string"}}],"inLanguage":"fr-FR"}]}},"campaignId":"","_links":{"self":[{"href":"https:\/\/alan.lu\/fr\/wp-json\/wp\/v2\/pages\/22478","targetHints":{"allow":["GET"]}}],"collection":[{"href":"https:\/\/alan.lu\/fr\/wp-json\/wp\/v2\/pages"}],"about":[{"href":"https:\/\/alan.lu\/fr\/wp-json\/wp\/v2\/types\/page"}],"author":[{"embeddable":true,"href":"https:\/\/alan.lu\/fr\/wp-json\/wp\/v2\/users\/2"}],"replies":[{"embeddable":true,"href":"https:\/\/alan.lu\/fr\/wp-json\/wp\/v2\/comments?post=22478"}],"version-history":[{"count":2,"href":"https:\/\/alan.lu\/fr\/wp-json\/wp\/v2\/pages\/22478\/revisions"}],"predecessor-version":[{"id":22485,"href":"https:\/\/alan.lu\/fr\/wp-json\/wp\/v2\/pages\/22478\/revisions\/22485"}],"up":[{"embeddable":true,"href":"https:\/\/alan.lu\/fr\/wp-json\/wp\/v2\/pages\/20667"}],"wp:attachment":[{"href":"https:\/\/alan.lu\/fr\/wp-json\/wp\/v2\/media?parent=22478"}],"curies":[{"name":"wp","href":"https:\/\/api.w.org\/{rel}","templated":true}]}}