{"id":23073,"date":"2021-08-26T08:54:34","date_gmt":"2021-08-26T06:54:34","guid":{"rendered":"https:\/\/alan.lu\/?page_id=23073"},"modified":"2021-09-20T10:14:11","modified_gmt":"2021-09-20T08:14:11","slug":"heros-invisibles","status":"publish","type":"page","link":"https:\/\/alan.lu\/fr\/heros-invisibles\/","title":{"rendered":"Campagne \u00ab H\u00e9ros invisibles \u00bb"},"content":{"rendered":"<div class=\"wpb-content-wrapper\"><p>[vc_row content_width=&#8221;grid&#8221;][vc_column][vc_column_text]<\/p>\n<h2 style=\"text-align: center;\">Campagne \u00ab H\u00e9ros invisibles \u00bb<\/h2>\n<p>[\/vc_column_text][vc_empty_space height=&#8221;14px&#8221;]\n<p class=\"edgtf-section-subtitle\" style=\"text-align:center;color:#58595b\">\n\tLa force d&#039;un vrai super-h\u00e9ros est invisible. Tout comme beaucoup de maladies rares.<\/p><div class=\"edgtf-separator-holder clearfix  edgtf-separator-center\">\n\t<div class=\"edgtf-separator\" style=\"border-color: #00bcdf;width: 50px;border-bottom-width: 3px;margin-top: 25px;margin-bottom: 25px\"><\/div>\n<\/div>\n[vc_empty_space height=&#8221;14px&#8221;][\/vc_column][\/vc_row][vc_row][vc_column][vc_column_text]Les a.s.b.l. <a href=\"https:\/\/edsletzebuerg.lu\/\" target=\"_blank\" rel=\"noopener\">EDS L\u00ebtzebuerg<\/a>\u00a0et ALAN &#8211; Maladies Rares Luxembourg se sont associ\u00e9es pour lancer une campagne de sensibilisation aux maladies rares et invisibles.<\/p>\n<p>Ensemble avec les 14 h\u00e9ros de la campagne, nous souhaitons montrer que :[\/vc_column_text][vc_empty_space height=&#8221;20px&#8221;]<div class=\"edgtf-unordered-list  edgtf-square\" style=\"font-size: 18px\">\n<ul>\n<li>les maladies rares ne sont <strong>pas toujours visibles<\/strong><\/li>\n<li>m\u00eame si quelqu&#8217;un a l&#8217;air \u00ab bien \u00bb, il se peut qu&#8217;il\/elle <strong>vit avec une maladie chronique<\/strong>, qui provoque des douleurs constantes, de la fatigue, des naus\u00e9es, etc.<\/li>\n<li>il faut <strong>de la force et du courage<\/strong> au quotidien pour relever les d\u00e9fis de la vie avec une maladie rare, mais encore plus pour affronter les pr\u00e9jug\u00e9s des gens<\/li>\n<li>une maladie rare change votre vie, mais elle <strong>ne vous d\u00e9finit pas<\/strong><\/li>\n<li>les personnes avec une maladie rare et invisible ne sont pas \u00e0 la recherche de votre piti\u00e9, mais de <strong>votre compr\u00e9hension<\/strong>.<strong><br \/>\n<\/strong>Vous pouvez les soutenir : en les croyant, en les \u00e9coutant, en \u00e9vitant de comparer votre situation \u00e0 la leur, en \u00e9tant ouvert et sans jugement, en partageant cette campagne et en rejoignant la discussion sur <a href=\"https:\/\/www.facebook.com\/alanmaladiesraresluxembourg\" target=\"_blank\" rel=\"noopener\">Facebook<\/a> &amp; <a href=\"https:\/\/www.instagram.com\/alanmaladiesraresluxembourg\/\" target=\"_blank\" rel=\"noopener\">Instagram<\/a> !<\/li>\n<\/ul>\n<\/div>[vc_empty_space height=&#8221;20px&#8221;][\/vc_column][\/vc_row][vc_row][vc_column][vc_column_text]Un tr\u00e8s grand MERCI aux h\u00e9ros de cette campagne, qui nous montrent que m\u00eame avec une maladie rare on peut profiter pleinement de la vie et s&#8217;amuser.<\/p>\n<p>Si vous souhaitez en savoir plus sur les d\u00e9fis qu\u2019une maladie rare peut entra\u00eener, veuillez consulter <a href=\"https:\/\/alan.lu\/fr\/vivre-avec-une-maladie-rare\/\" target=\"_blank\" rel=\"noopener\">notre page web d\u00e9di\u00e9e<\/a>.[\/vc_column_text][\/vc_column][\/vc_row][vc_row][vc_column][vc_empty_space height=&#8221;50px&#8221;][vc_single_image image=&#8221;23130&#8243; img_size=&#8221;full&#8221; alignment=&#8221;center&#8221; el_class=&#8221;img-graph-horizontal&#8221;][vc_empty_space height=&#8221;80px&#8221;][\/vc_column][\/vc_row][vc_row content_width=&#8221;grid&#8221;][vc_column][vc_column_text]<\/p>\n<h2 style=\"text-align: center;\">Nos h\u00e9ros<\/h2>\n<p>[\/vc_column_text][vc_empty_space height=&#8221;14px&#8221;]<div class=\"edgtf-separator-holder clearfix  edgtf-separator-center\">\n\t<div class=\"edgtf-separator\" style=\"border-color: #00bcdf;width: 50px;border-bottom-width: 3px;margin-top: 25px;margin-bottom: 25px\"><\/div>\n<\/div>\n[vc_empty_space height=&#8221;14px&#8221;][\/vc_column][\/vc_row][vc_row][vc_column][vc_row_inner][vc_column_inner width=&#8221;1\/2&#8243;][vc_single_image image=&#8221;23121&#8243; img_size=&#8221;full&#8221;][vc_empty_space height=&#8221;50px&#8221;][\/vc_column_inner][vc_column_inner width=&#8221;1\/2&#8243;][vc_column_text]<\/p>\n<h3 style=\"text-align: left;\">Jessica alias Babbelk\u00ebscht (Bavarde)<\/h3>\n<p>[\/vc_column_text][vc_empty_space height=&#8221;35px&#8221;][vc_column_text]<strong>\u00c2ge : <\/strong>38<\/p>\n<p><strong>Maladie : <\/strong>Syndrome d\u2019Ehlers-Danlos<\/p>\n<p><strong>Sympt\u00f4mes : <\/strong>hyperlaxit\u00e9, luxations, douleurs articulaires, migraines, distensions, arthrose, asthme, allergies, sensibilit\u00e9 \u00e0 la lumi\u00e8re et \u00e0 l&#8217;odorat, probl\u00e8mes digestifs<\/p>\n<p><strong>Superpuissance : <\/strong>rire aga\u00e7ant<\/p>\n<p><strong>Devise : <\/strong>Vivre et laisser vivre<\/p>\n<p><strong>Plus grand souhait : <\/strong>plus de compr\u00e9hension de la part des m\u00e9decins et aussi des autres gens[\/vc_column_text][vc_empty_space height=&#8221;50px&#8221;][\/vc_column_inner][\/vc_row_inner][vc_row_inner][vc_column_inner width=&#8221;1\/2&#8243;][vc_single_image image=&#8221;23124&#8243; img_size=&#8221;full&#8221;][vc_empty_space height=&#8221;50px&#8221;][\/vc_column_inner][vc_column_inner width=&#8221;1\/2&#8243;][vc_column_text]<\/p>\n<h3 style=\"text-align: left;\">Lynn alias SuperMOM<\/h3>\n<p>[\/vc_column_text][vc_empty_space height=&#8221;35px&#8221;][vc_column_text]<strong>\u00c2ge : <\/strong>33<\/p>\n<p><strong>Maladie : <\/strong>Maladie de Beh\u00e7et<\/p>\n<p><strong>Sympt\u00f4mes : <\/strong>aphtes buccaux, inflammation du tractus gastro-intestinal, inflammation des articulations, thrombophl\u00e9bite<\/p>\n<p><strong>Superpuissance : <\/strong>Power of Endurance<\/p>\n<p><strong>Devise : <\/strong>Celui qui combat peut perdre, mais celui qui ne combat pas a d\u00e9j\u00e0 perdu<\/p>\n<p><strong>Plus grand souhait : <\/strong>une bonne sant\u00e9 pour ma famille[\/vc_column_text][vc_empty_space height=&#8221;50px&#8221;][\/vc_column_inner][\/vc_row_inner][vc_empty_space height=&#8221;14px&#8221;][vc_row_inner][vc_column_inner width=&#8221;1\/2&#8243;][vc_single_image image=&#8221;23142&#8243; img_size=&#8221;full&#8221;][vc_empty_space height=&#8221;50px&#8221;][\/vc_column_inner][vc_column_inner width=&#8221;1\/2&#8243;][vc_column_text]<\/p>\n<h3 style=\"text-align: left;\">Abby alias Sunshine Girl<\/h3>\n<p>[\/vc_column_text][vc_empty_space height=&#8221;35px&#8221;][vc_column_text]<strong>\u00c2ge : <\/strong>11<\/p>\n<p><strong>Maladie : <\/strong>Anomalie g\u00e9n\u00e9tique rare TPI1<\/p>\n<p><strong>Sympt\u00f4mes : <\/strong>dystonie, fatigue, douleur<\/p>\n<p><strong>Superpuissance : <\/strong>toujours rayonnante &amp; heureuse<\/p>\n<p><strong>Devise : <\/strong>Always smile no matter what<\/p>\n<p><strong>Plus grand souhait : <\/strong>de pouvoir aller o\u00f9 je veux, quand je veux, sans aide[\/vc_column_text][vc_empty_space height=&#8221;50px&#8221;][\/vc_column_inner][\/vc_row_inner][vc_empty_space height=&#8221;14px&#8221;][vc_row_inner][vc_column_inner width=&#8221;1\/2&#8243;][vc_single_image image=&#8221;23145&#8243; img_size=&#8221;full&#8221;][vc_empty_space height=&#8221;50px&#8221;][\/vc_column_inner][vc_column_inner width=&#8221;1\/2&#8243;][vc_column_text]<\/p>\n<h3 style=\"text-align: left;\">Stephanie alias Roude Bl\u00ebtz (<strong>\u00c9clair rouge<\/strong>)<\/h3>\n<p>[\/vc_column_text][vc_empty_space height=&#8221;35px&#8221;][vc_column_text]<strong>\u00c2ge : <\/strong>38<\/p>\n<p><strong>Maladie : <\/strong>Maladie d\u2019Addison<\/p>\n<p><strong>Sympt\u00f4mes : <\/strong>fatigue, \u00e9vanouissement, naus\u00e9es, perte d&#8217;app\u00e9tit, douleurs articulaires<\/p>\n<p><strong>Superpuissance : <\/strong>je me rel\u00e8ve toujours<\/p>\n<p><strong>Devise : <\/strong>Prends la vie comme elle vient <strong>\u00a0<\/strong><\/p>\n<p><strong>Plus grand souhait : <\/strong>de ne pas \u00eatre catalogu\u00e9[\/vc_column_text][vc_empty_space height=&#8221;50px&#8221;][\/vc_column_inner][\/vc_row_inner][vc_empty_space height=&#8221;14px&#8221;][vc_row_inner][vc_column_inner width=&#8221;1\/2&#8243;][vc_single_image image=&#8221;23112&#8243; img_size=&#8221;full&#8221;][vc_empty_space height=&#8221;50px&#8221;][\/vc_column_inner][vc_column_inner width=&#8221;1\/2&#8243;][vc_column_text]<\/p>\n<h3 style=\"text-align: left;\">Ben alias Super Bo<\/h3>\n<p>[\/vc_column_text][vc_empty_space height=&#8221;35px&#8221;][vc_column_text]<strong>\u00c2ge : 8<\/strong><\/p>\n<p><strong>Maladie : Syndrome d\u2019Ehlers-Danlos<\/strong><\/p>\n<p><strong>Sympt\u00f4mes :<\/strong> douleurs abdominales, hyperlaxit\u00e9, maladresse<\/p>\n<p><strong>Superpuissance :<\/strong> agacer<\/p>\n<p><strong>Devise :<\/strong> \u00catre fort, c&#8217;est se relever encore et encore<\/p>\n<p><strong>Plus grand souhait :<\/strong> que je me sente mieux[\/vc_column_text][vc_empty_space height=&#8221;50px&#8221;][\/vc_column_inner][\/vc_row_inner][vc_empty_space height=&#8221;14px&#8221;][vc_row_inner][vc_column_inner width=&#8221;1\/2&#8243;][vc_single_image image=&#8221;23109&#8243; img_size=&#8221;full&#8221;][vc_empty_space height=&#8221;50px&#8221;][\/vc_column_inner][vc_column_inner width=&#8221;1\/2&#8243;][vc_column_text]<\/p>\n<h3 style=\"text-align: left;\">Alexandra alias Ninja<\/h3>\n<p>[\/vc_column_text][vc_empty_space height=&#8221;35px&#8221;][vc_column_text]<strong>\u00c2ge : 33<\/strong><\/p>\n<p><strong>Maladie : <\/strong>narcolepsie avec cataplexie et le syndrome des jambes sans repos<\/p>\n<p><strong>Sympt\u00f4mes : <\/strong>fatigue excessive et soudaine, perte soudaine du tonus musculaire, paralysie du sommeil avec hallucinations, mauvaise qualit\u00e9 du sommeil avec cauchemars astraux s\u00e9v\u00e8res&#8230;<\/p>\n<p><strong>Superpuissance : <\/strong>surmonter toutes sortes d&#8217;obstacles gr\u00e2ce \u00e0 la course, l&#8217;escalade, le balancement, l&#8217;acrobatie et la pr\u00e9cision (adr\u00e9naline)<\/p>\n<p><strong>Devise : <\/strong>Only the sky is my limit<\/p>\n<p><strong>Plus grand souhait : <\/strong>un rem\u00e8de pour gu\u00e9rir la maladie, plus de sensibilisation, une simplification des d\u00e9marches administratives, que l\u2019Etat reconnait qu\u2019il ne convient pas de m\u00e9langer tout le monde dans un m\u00eame lot[\/vc_column_text][vc_empty_space height=&#8221;50px&#8221;][\/vc_column_inner][\/vc_row_inner][vc_empty_space height=&#8221;14px&#8221;][vc_row_inner][vc_column_inner width=&#8221;1\/2&#8243;][vc_single_image image=&#8221;23106&#8243; img_size=&#8221;full&#8221;][vc_empty_space height=&#8221;50px&#8221;][\/vc_column_inner][vc_column_inner width=&#8221;1\/2&#8243;][vc_column_text]<\/p>\n<h3 style=\"text-align: left;\">Sylvie alias Super Moma<\/h3>\n<p>[\/vc_column_text][vc_empty_space height=&#8221;35px&#8221;][vc_column_text]<strong>\u00c2ge : <\/strong>57<\/p>\n<p><strong>Maladie : <\/strong>EPP (Protoporphyrie \u00e9rythropo\u00ef\u00e9tique)<\/p>\n<p><strong>Sympt\u00f4mes : <\/strong>douleur extr\u00eame lorsque je m&#8217;expose au soleil, pendant toute l&#8217;ann\u00e9e<\/p>\n<p><strong>Superpuissance : <\/strong>\u00eatre humain<\/p>\n<p><strong>Devise : <\/strong>Ne perdez jamais courage !<\/p>\n<p><strong>Plus grand souhait : <\/strong>Plus de moyens financiers pour la recherche sur les maladies rares[\/vc_column_text][vc_empty_space height=&#8221;50px&#8221;][\/vc_column_inner][\/vc_row_inner][vc_empty_space height=&#8221;14px&#8221;][vc_row_inner][vc_column_inner width=&#8221;1\/2&#8243;][vc_single_image image=&#8221;23133&#8243; img_size=&#8221;full&#8221;][vc_empty_space height=&#8221;50px&#8221;][\/vc_column_inner][vc_column_inner width=&#8221;1\/2&#8243;][vc_column_text]<\/p>\n<h3 style=\"text-align: left;\">Samantha alias Wondergirl<\/h3>\n<p>[\/vc_column_text][vc_empty_space height=&#8221;35px&#8221;][vc_column_text]<strong>\u00c2ge : <\/strong>10<\/p>\n<p><strong>Maladie :<\/strong> Syndrome d\u2019Ehlers-Danlos<\/p>\n<p><strong>Sympt\u00f4mes :<\/strong> Hyperlaxit\u00e9, luxations, ecchymoses, scoliose, asthme\u2026<\/p>\n<p><strong>Superpuissance :<\/strong> Poser des questions stupides<\/p>\n<p><strong>Devise de la vie :<\/strong> Ne vous cassez pas la t\u00eate, vous n&#8217;en avez qu&#8217;une<\/p>\n<p><strong>Plus grand souhait<\/strong> : un rem\u00e8de[\/vc_column_text][vc_empty_space height=&#8221;50px&#8221;][\/vc_column_inner][\/vc_row_inner][vc_empty_space height=&#8221;14px&#8221;][vc_row_inner][vc_column_inner width=&#8221;1\/2&#8243;][vc_single_image image=&#8221;23127&#8243; img_size=&#8221;full&#8221;][vc_empty_space height=&#8221;50px&#8221;][\/vc_column_inner][vc_column_inner width=&#8221;1\/2&#8243;][vc_column_text]<\/p>\n<h3 style=\"text-align: left;\">Marielle alias Beiekinnigin (<strong>Reine des abeilles<\/strong>)<\/h3>\n<p>[\/vc_column_text][vc_empty_space height=&#8221;35px&#8221;][vc_column_text]<strong>\u00c2ge : <\/strong>31<\/p>\n<p><strong>Maladie : <\/strong>Charcot-Marie-Tooth<\/p>\n<p><strong>Sympt\u00f4mes : <\/strong>faiblesse musculaire (atrophie progressive), douleur, perte de sensation tactile dans les jambes, les pieds, les orteils et les doigts, probl\u00e8mes d&#8217;\u00e9quilibre, \u00e9puisement rapide des activit\u00e9s quotidiennes, chutes r\u00e9guli\u00e8res<\/p>\n<p><strong>Superpuissance : <\/strong>mon sourire, mon empathie, ma voix chant\u00e9e<\/p>\n<p><strong>Devise : <\/strong>Throw kindness around like confetti !<\/p>\n<p><strong>Plus grand souhait : <\/strong>d\u2019\u00eatre plus fort physiquement \u00e0 l&#8217;avenir pour que la vie soit un peu plus facile[\/vc_column_text][vc_empty_space height=&#8221;50px&#8221;][\/vc_column_inner][\/vc_row_inner][vc_empty_space height=&#8221;14px&#8221;][vc_row_inner][vc_column_inner width=&#8221;1\/2&#8243;][vc_single_image image=&#8221;23148&#8243; img_size=&#8221;full&#8221;][vc_empty_space height=&#8221;50px&#8221;][\/vc_column_inner][vc_column_inner width=&#8221;1\/2&#8243;][vc_column_text]<\/p>\n<h3 style=\"text-align: left;\">Samantha alias Phoenizia<\/h3>\n<p>[\/vc_column_text][vc_empty_space height=&#8221;35px&#8221;][vc_column_text]<strong>\u00c2ge : <\/strong>34<\/p>\n<p><strong>Maladie : <\/strong>Myasthenia Gravis<\/p>\n<p><strong>Sympt\u00f4mes : <\/strong>faiblesse musculaire, troubles de la vision et de la d\u00e9glutition, probl\u00e8mes respiratoires, difficult\u00e9s \u00e0 marcher<\/p>\n<p><strong>Superpuissance : <\/strong>\u00ab Le pouvoir de rena\u00eetre de ses cendres apr\u00e8s s\u2019\u00eatre consum\u00e9. \u00bb<\/p>\n<p><strong>Devise : <\/strong>Celui qui combat peut perdre, mais celui qui ne combat pas a d\u00e9j\u00e0 perdu<\/p>\n<p><strong>Plus grand souhait : <\/strong>\u00eatre l\u00e0 pour mes enfants le plus longtemps possible[\/vc_column_text][vc_empty_space height=&#8221;50px&#8221;][\/vc_column_inner][\/vc_row_inner][vc_empty_space height=&#8221;14px&#8221;][vc_row_inner][vc_column_inner width=&#8221;1\/2&#8243;][vc_single_image image=&#8221;23118&#8243; img_size=&#8221;full&#8221;][vc_empty_space height=&#8221;50px&#8221;][\/vc_column_inner][vc_column_inner width=&#8221;1\/2&#8243;][vc_column_text]<\/p>\n<h3 style=\"text-align: left;\">Jean-Paul alias Chiari Warrior<\/h3>\n<p>[\/vc_column_text][vc_empty_space height=&#8221;35px&#8221;][vc_column_text]<strong>\u00c2ge : <\/strong>56<\/p>\n<p><strong>Maladie : <\/strong>Malformation d&#8217;Arnold-Chiari type I<\/p>\n<p><strong>Sympt\u00f4mes : <\/strong>douleur, \u00e9tourdissements, fatigue, trouble de la d\u00e9glutition, scoliose, compression des nerfs et de la moelle \u00e9pini\u00e8re, hernie discale<\/p>\n<p><strong>Superpuissance : <\/strong>ma famille &amp; la nature<\/p>\n<p><strong>Devise : <\/strong>Une journ\u00e9e sans rire, est une journ\u00e9e perdue<\/p>\n<p><strong>Plus grand souhait : <\/strong>compr\u00e9hension de la part des m\u00e9decins et des autres gens[\/vc_column_text][vc_empty_space height=&#8221;50px&#8221;][\/vc_column_inner][\/vc_row_inner][vc_empty_space height=&#8221;80px&#8221;][\/vc_column][\/vc_row][vc_row content_width=&#8221;grid&#8221; css=&#8221;.vc_custom_1603354399161{padding-top: 36px !important;padding-bottom: 41px !important;}&#8221; el_id=&#8221;wrapper-contact-next-btn&#8221;][vc_column width=&#8221;1\/3&#8243;]\t<div class=\"edgtf-call-to-action normal\" style=\"background-color: #00b4dd;\">\n\n\t\t\t\t\t<div class=\"edgtf-call-to-action-row-75-25 clearfix\" style=\"padding: 55px 15px;\">\n\t\t\t\t\t\t<div class=\"edgtf-text-wrapper edgtf-call-to-action-column1 edgtf-call-to-action-cell left\">\n\t\t\t\t\t<div class=\"edgtf-call-to-action-text\" style=\"text-align: left\"><span class=\"wrapper-contact-next-btn-text\">Soutenez la campagne<\/span>\t\t\t\t\t\t\t\t\t\t\t<\/div>\n\t\t\t\t<\/div>\n\n\t\t\t\t\t\t\t\t\t<div class=\"edgtf-button-wrapper edgtf-call-to-action-column2 edgtf-call-to-action-cell\" style =\"text-align: right ;\">\n\t\t\t\t\t\t<a itemprop=\"url\" href=\"https:\/\/www.facebook.com\/alanmaladiesraresluxembourg\" target=\"_self\" style=\"color: #00b4dd;background-color: #ffffff;border-color: #ffffff\" class=\"edgtf-btn edgtf-btn-large edgtf-btn-solid edgtf-btn-custom-hover-bg edgtf-btn-custom-border-hover edgtf-btn-custom-hover-color\" data-hover-bg-color=\"#00b4dd\" data-hover-color=\"#ffffff\" data-hover-border-color=\"#ffffff\" >\t<span class=\"edgtf-btn-text\">Facebook<\/span>    <\/a>\t\t\t\t\t<\/div>\n\t\t\t\t\t\t\t<\/div>\n\t\t\t<\/div>\n[\/vc_column][vc_column width=&#8221;1\/3&#8243;]\t<div class=\"edgtf-call-to-action normal\" style=\"background-color: #ee3f76;\">\n\n\t\t\t\t\t<div class=\"edgtf-call-to-action-row-75-25 clearfix\" style=\"padding: 55px 15px;\">\n\t\t\t\t\t\t<div class=\"edgtf-text-wrapper edgtf-call-to-action-column1 edgtf-call-to-action-cell left\">\n\t\t\t\t\t<div class=\"edgtf-call-to-action-text\" style=\"text-align: left\"><span class=\"wrapper-contact-next-btn-text\">Soutenez la campagne<\/span>\t\t\t\t\t\t\t\t\t\t\t<\/div>\n\t\t\t\t<\/div>\n\n\t\t\t\t\t\t\t\t\t<div class=\"edgtf-button-wrapper edgtf-call-to-action-column2 edgtf-call-to-action-cell\" style =\"text-align: right ;\">\n\t\t\t\t\t\t<a itemprop=\"url\" href=\"https:\/\/www.instagram.com\/alanmaladiesraresluxembourg\/\" target=\"_self\" style=\"color: #ee3f76;background-color: #ffffff;border-color: #ffffff\" class=\"edgtf-btn edgtf-btn-large edgtf-btn-solid edgtf-btn-custom-hover-bg edgtf-btn-custom-border-hover edgtf-btn-custom-hover-color\" data-hover-bg-color=\"#ee3f76\" data-hover-color=\"#ffffff\" data-hover-border-color=\"#ffffff\" >\t<span class=\"edgtf-btn-text\">Instagram<\/span>    <\/a>\t\t\t\t\t<\/div>\n\t\t\t\t\t\t\t<\/div>\n\t\t\t<\/div>\n[\/vc_column][vc_column width=&#8221;1\/3&#8243;]\t<div class=\"edgtf-call-to-action normal\" style=\"background-color: #03b499;\">\n\n\t\t\t\t\t<div class=\"edgtf-call-to-action-row-75-25 clearfix\" style=\"padding: 55px 15px;\">\n\t\t\t\t\t\t<div class=\"edgtf-text-wrapper edgtf-call-to-action-column1 edgtf-call-to-action-cell left\">\n\t\t\t\t\t<div class=\"edgtf-call-to-action-text\" style=\"text-align: left\"><span class=\"wrapper-contact-next-btn-text\">EDS L\u00ebtzebuerg<\/span>\t\t\t\t\t\t\t\t\t\t\t<\/div>\n\t\t\t\t<\/div>\n\n\t\t\t\t\t\t\t\t\t<div class=\"edgtf-button-wrapper edgtf-call-to-action-column2 edgtf-call-to-action-cell\" style =\"text-align: right ;\">\n\t\t\t\t\t\t<a itemprop=\"url\" href=\"https:\/\/edsletzebuerg.lu\/\" target=\"_self\" style=\"color: #03b499;background-color: #ffffff;border-color: #ffffff\" class=\"edgtf-btn edgtf-btn-large edgtf-btn-solid edgtf-btn-custom-hover-bg edgtf-btn-custom-border-hover edgtf-btn-custom-hover-color\" data-hover-bg-color=\"#03b499\" data-hover-color=\"#ffffff\" data-hover-border-color=\"#ffffff\" >\t<span class=\"edgtf-btn-text\">D\u00e9couvrir<\/span>    <\/a>\t\t\t\t\t<\/div>\n\t\t\t\t\t\t\t<\/div>\n\t\t\t<\/div>\n[\/vc_column][\/vc_row]<\/p>\n<\/div>","protected":false},"excerpt":{"rendered":"<p>[vc_row content_width=&#8221;grid&#8221;][vc_column][vc_column_text] Campagne \u00ab H\u00e9ros invisibles \u00bb [\/vc_column_text][vc_empty_space height=&#8221;14px&#8221;][vc_empty_space height=&#8221;14px&#8221;][\/vc_column][\/vc_row][vc_row][vc_column][vc_column_text]Les a.s.b.l. EDS L\u00ebtzebuerg\u00a0et ALAN &#8211; Maladies Rares Luxembourg se sont associ\u00e9es pour lancer une campagne de sensibilisation aux maladies rares&#8230;<\/p>\n","protected":false},"author":2,"featured_media":0,"parent":0,"menu_order":0,"comment_status":"closed","ping_status":"closed","template":"","meta":{"give_campaign_id":0,"inline_featured_image":false,"footnotes":""},"class_list":["post-23073","page","type-page","status-publish","hentry"],"yoast_head":"<!-- This site is optimized with the Yoast SEO plugin v26.9 - https:\/\/yoast.com\/product\/yoast-seo-wordpress\/ -->\n<title>Campagne \u00ab H\u00e9ros invisibles \u00bb, - ALAN<\/title>\n<meta name=\"description\" content=\"La force d&#039;un vrai super-h\u00e9ros est invisible. Tout comme beaucoup de maladies rares.\" \/>\n<meta name=\"robots\" content=\"noindex, follow\" \/>\n<meta property=\"og:locale\" content=\"fr_FR\" \/>\n<meta property=\"og:type\" content=\"article\" \/>\n<meta property=\"og:title\" content=\"Campagne \u00ab H\u00e9ros invisibles \u00bb, - ALAN\" \/>\n<meta property=\"og:description\" content=\"La force d&#039;un vrai super-h\u00e9ros est invisible. Tout comme beaucoup de maladies rares.\" \/>\n<meta property=\"og:url\" content=\"https:\/\/alan.lu\/fr\/heros-invisibles\/\" \/>\n<meta property=\"og:site_name\" content=\"ALAN\" \/>\n<meta property=\"article:modified_time\" content=\"2021-09-20T08:14:11+00:00\" \/>\n<meta name=\"twitter:card\" content=\"summary_large_image\" \/>\n<meta name=\"twitter:label1\" content=\"Dur\u00e9e de lecture estim\u00e9e\" \/>\n\t<meta name=\"twitter:data1\" content=\"5 minutes\" \/>\n<script type=\"application\/ld+json\" class=\"yoast-schema-graph\">{\"@context\":\"https:\/\/schema.org\",\"@graph\":[{\"@type\":\"WebPage\",\"@id\":\"https:\/\/alan.lu\/fr\/heros-invisibles\/\",\"url\":\"https:\/\/alan.lu\/fr\/heros-invisibles\/\",\"name\":\"Campagne \u00ab H\u00e9ros invisibles \u00bb, - ALAN\",\"isPartOf\":{\"@id\":\"https:\/\/alan.lu\/fr\/#website\"},\"datePublished\":\"2021-08-26T06:54:34+00:00\",\"dateModified\":\"2021-09-20T08:14:11+00:00\",\"description\":\"La force d'un vrai super-h\u00e9ros est invisible. Tout comme beaucoup de maladies rares.\",\"breadcrumb\":{\"@id\":\"https:\/\/alan.lu\/fr\/heros-invisibles\/#breadcrumb\"},\"inLanguage\":\"fr-FR\",\"potentialAction\":[{\"@type\":\"ReadAction\",\"target\":[\"https:\/\/alan.lu\/fr\/heros-invisibles\/\"]}]},{\"@type\":\"BreadcrumbList\",\"@id\":\"https:\/\/alan.lu\/fr\/heros-invisibles\/#breadcrumb\",\"itemListElement\":[{\"@type\":\"ListItem\",\"position\":1,\"name\":\"Accueil\",\"item\":\"https:\/\/alan.lu\/fr\/\"},{\"@type\":\"ListItem\",\"position\":2,\"name\":\"Campagne \u00ab H\u00e9ros invisibles \u00bb\"}]},{\"@type\":\"WebSite\",\"@id\":\"https:\/\/alan.lu\/fr\/#website\",\"url\":\"https:\/\/alan.lu\/fr\/\",\"name\":\"ALAN\",\"description\":\"Rare Diseases Luxembourg\",\"potentialAction\":[{\"@type\":\"SearchAction\",\"target\":{\"@type\":\"EntryPoint\",\"urlTemplate\":\"https:\/\/alan.lu\/fr\/?s={search_term_string}\"},\"query-input\":{\"@type\":\"PropertyValueSpecification\",\"valueRequired\":true,\"valueName\":\"search_term_string\"}}],\"inLanguage\":\"fr-FR\"}]}<\/script>\n<!-- \/ Yoast SEO plugin. -->","yoast_head_json":{"title":"Campagne \u00ab H\u00e9ros invisibles \u00bb, - ALAN","description":"La force d'un vrai super-h\u00e9ros est invisible. Tout comme beaucoup de maladies rares.","robots":{"index":"noindex","follow":"follow"},"og_locale":"fr_FR","og_type":"article","og_title":"Campagne \u00ab H\u00e9ros invisibles \u00bb, - ALAN","og_description":"La force d'un vrai super-h\u00e9ros est invisible. Tout comme beaucoup de maladies rares.","og_url":"https:\/\/alan.lu\/fr\/heros-invisibles\/","og_site_name":"ALAN","article_modified_time":"2021-09-20T08:14:11+00:00","twitter_card":"summary_large_image","twitter_misc":{"Dur\u00e9e de lecture estim\u00e9e":"5 minutes"},"schema":{"@context":"https:\/\/schema.org","@graph":[{"@type":"WebPage","@id":"https:\/\/alan.lu\/fr\/heros-invisibles\/","url":"https:\/\/alan.lu\/fr\/heros-invisibles\/","name":"Campagne \u00ab H\u00e9ros invisibles \u00bb, - ALAN","isPartOf":{"@id":"https:\/\/alan.lu\/fr\/#website"},"datePublished":"2021-08-26T06:54:34+00:00","dateModified":"2021-09-20T08:14:11+00:00","description":"La force d'un vrai super-h\u00e9ros est invisible. Tout comme beaucoup de maladies rares.","breadcrumb":{"@id":"https:\/\/alan.lu\/fr\/heros-invisibles\/#breadcrumb"},"inLanguage":"fr-FR","potentialAction":[{"@type":"ReadAction","target":["https:\/\/alan.lu\/fr\/heros-invisibles\/"]}]},{"@type":"BreadcrumbList","@id":"https:\/\/alan.lu\/fr\/heros-invisibles\/#breadcrumb","itemListElement":[{"@type":"ListItem","position":1,"name":"Accueil","item":"https:\/\/alan.lu\/fr\/"},{"@type":"ListItem","position":2,"name":"Campagne \u00ab H\u00e9ros invisibles \u00bb"}]},{"@type":"WebSite","@id":"https:\/\/alan.lu\/fr\/#website","url":"https:\/\/alan.lu\/fr\/","name":"ALAN","description":"Rare Diseases Luxembourg","potentialAction":[{"@type":"SearchAction","target":{"@type":"EntryPoint","urlTemplate":"https:\/\/alan.lu\/fr\/?s={search_term_string}"},"query-input":{"@type":"PropertyValueSpecification","valueRequired":true,"valueName":"search_term_string"}}],"inLanguage":"fr-FR"}]}},"campaignId":"","_links":{"self":[{"href":"https:\/\/alan.lu\/fr\/wp-json\/wp\/v2\/pages\/23073","targetHints":{"allow":["GET"]}}],"collection":[{"href":"https:\/\/alan.lu\/fr\/wp-json\/wp\/v2\/pages"}],"about":[{"href":"https:\/\/alan.lu\/fr\/wp-json\/wp\/v2\/types\/page"}],"author":[{"embeddable":true,"href":"https:\/\/alan.lu\/fr\/wp-json\/wp\/v2\/users\/2"}],"replies":[{"embeddable":true,"href":"https:\/\/alan.lu\/fr\/wp-json\/wp\/v2\/comments?post=23073"}],"version-history":[{"count":11,"href":"https:\/\/alan.lu\/fr\/wp-json\/wp\/v2\/pages\/23073\/revisions"}],"predecessor-version":[{"id":23275,"href":"https:\/\/alan.lu\/fr\/wp-json\/wp\/v2\/pages\/23073\/revisions\/23275"}],"wp:attachment":[{"href":"https:\/\/alan.lu\/fr\/wp-json\/wp\/v2\/media?parent=23073"}],"curies":[{"name":"wp","href":"https:\/\/api.w.org\/{rel}","templated":true}]}}