{"id":23461,"date":"2021-11-15T09:53:59","date_gmt":"2021-11-15T08:53:59","guid":{"rendered":"https:\/\/alan.lu\/?page_id=23461"},"modified":"2025-11-18T08:58:34","modified_gmt":"2025-11-18T07:58:34","slug":"jobs","status":"publish","type":"page","link":"https:\/\/alan.lu\/fr\/jobs\/","title":{"rendered":"Assistant social \/Assistant d\u2019hygi\u00e8ne social (m\/w\/d)"},"content":{"rendered":"<div class=\"wpb-content-wrapper\"><p>[vc_row][vc_column][vc_column_text css=&#8221;&#8221;]<\/p>\n<h2 style=\"text-align: center;\">Assistant social \/Assistant d\u2019hygi\u00e8ne social (m\/w\/d)<\/h2>\n<p>[\/vc_column_text]<div class=\"edgtf-separator-holder clearfix  edgtf-separator-center\">\n\t<div class=\"edgtf-separator\" style=\"border-color: #00bcdf;width: 50px;border-bottom-width: 3px;margin-top: 25px;margin-bottom: 25px\"><\/div>\n<\/div>\n[\/vc_column][\/vc_row][vc_row content_width=&#8221;grid&#8221;][vc_column][vc_empty_space height=&#8221;50px&#8221;][vc_column_text css=&#8221;&#8221;]D\u2019a.s.b.l. <em>ALAN \u2013 Maladies Rares Luxembourg<\/em> sicht fir ee Cong\u00e9 Maternit\u00e9\/Parental ze ersetzen een<\/p>\n<p style=\"text-align: center;\"><strong>Assistant social \/Assistant d\u2019hygi\u00e8ne social (m\/w\/d)<\/strong><\/p>\n<p style=\"text-align: center;\"><strong>CDD (30-40 St\/W) vun M\u00e4erz 2026 bis M\u00e4erz 2027<\/strong><\/p>\n<p style=\"text-align: center;\"><strong>Engagement no der CCT SAS<\/strong><\/p>\n<p><strong>\u00a0<\/strong><\/p>\n<p><u>\u00c4r Missiounen\u00a0:<\/u><\/p>\n<ul>\n<li>Berodung a Begleedung vu Persoune\/Famillje mat enger rarer Krankheet<\/li>\n<li>Suivi a Gestioun vun den Dossieren<\/li>\n<li>Professionellen Austausch mat alle Partner aus dem medezinesch-soziale Ber\u00e4ich<\/li>\n<li>Bedeelegung un internen a nationalen Projeten<\/li>\n<\/ul>\n<p>&nbsp;<\/p>\n<p><u>\u00c4re Profil\u00a0:<\/u><\/p>\n<ul>\n<li>Autorisatioun fir als Assistant(e) (d\u2019hygi\u00e8ne) social(e) zu L\u00ebtzebuerg ze schaffen<\/li>\n<li>Beruffserfarung am medezinesch-soziale Ber\u00e4ich zu L\u00ebtzebuerg ass vu Virdeel<\/li>\n<li>Ganz gutt Kenntnisser am L\u00ebtzebuergeschen, D\u00e4itschen a Frans\u00e9ischen. All zous\u00e4tzlech Sprooch ass vu Virdeel<\/li>\n<li>Diskretioun, Flexibilit\u00e9it an Teamgeescht<\/li>\n<li>Organisatiounss\u00ebnn an Autonomie<\/li>\n<li>F\u00fchrersch\u00e4in Klass B<\/li>\n<\/ul>\n<p>&nbsp;<\/p>\n<p><u>Mir bidden\u00a0: <\/u><\/p>\n<ul>\n<li>Ee Posten den \u00ebnnert dem CCT-SAS Kollektivvertrag konvention\u00e9iert ass<\/li>\n<li>Flexibel Aarbechtskonditiounen<\/li>\n<li>Eng enk Zesummenaarbecht am interdisziplin\u00e4ren Team<\/li>\n<li>En dynamescht a kreatiivt \u00cbmfeld, gedriwwe vun enger gemeinsamer Passioun<\/li>\n<li>M\u00e9iglechkeete fir pers\u00e9inlech a berufflech Entw\u00e9cklung<\/li>\n<\/ul>\n<p>&nbsp;<\/p>\n<p>Sch\u00e9ckt \u00c4ren Dossier mat Liewenslaf, Motivatiounsbr\u00e9if, Foto, Kopi\u00eb vun den Diplomer, Zertifikater a Referenze bis den 7. Dezember 2025 un: Gwenna\u00eblle Crohin, <strong>ALAN &#8211; Maladies Rares Luxembourg <\/strong>; Parc Luxite, 13, rue de l\u2019Innovation, L-1896 Kockelscheuer oder <a href=\"mailto:gwenn.crohin@alan.lu\">gwenn.crohin@alan.lu<\/a><\/p>\n<p>Virum \u00cbnnerschreiwe vum Aarbechtskontrakt froe mir e rezenten Extrait aus dem Casier Judiciaire (Bulletin n\u00b03 &amp; n\u00b05).<\/p>\n<p style=\"text-align: center;\"><strong>D\u00e9lai : 7. Dezember 2025<\/strong><\/p>\n<p>[\/vc_column_text][\/vc_column][\/vc_row][vc_row][vc_column][vc_empty_space height=&#8221;50px&#8221;][\/vc_column][\/vc_row][vc_row content_width=&#8221;grid&#8221; css=&#8221;.vc_custom_1601640129370{padding-top: 36px !important;padding-bottom: 41px !important;}&#8221; el_id=&#8221;wrapper-contact-next-btn&#8221;][vc_column width=&#8221;1\/2&#8243; el_id=&#8221;wrapper-contact-next-col-1&#8243;]\t<div class=\"edgtf-call-to-action normal\" style=\"background-color: #ee3f75;\">\n\n\t\t\t\t\t<div class=\"edgtf-call-to-action-row-75-25 clearfix\" style=\"padding: 55px 15px;\">\n\t\t\t\t\t\t<div class=\"edgtf-text-wrapper edgtf-call-to-action-column1 edgtf-call-to-action-cell left\">\n\t\t\t\t\t<div class=\"edgtf-call-to-action-text\" style=\"text-align: left\"><span class=\"wrapper-contact-next-btn-text\">Get in touch if you have questions or need support<\/span>\t\t\t\t\t\t\t\t\t\t\t<\/div>\n\t\t\t\t<\/div>\n\n\t\t\t\t\t\t\t\t\t<div class=\"edgtf-button-wrapper edgtf-call-to-action-column2 edgtf-call-to-action-cell\" style =\"text-align: right ;\">\n\t\t\t\t\t\t<a itemprop=\"url\" href=\"\/contact-us\/\" target=\"_self\" style=\"color: #ee3f75;background-color: #ffffff;border-color: #ffffff\" class=\"edgtf-btn edgtf-btn-large edgtf-btn-solid edgtf-btn-custom-hover-bg edgtf-btn-custom-border-hover edgtf-btn-custom-hover-color\" data-hover-bg-color=\"#ee3f75\" data-hover-color=\"#ffffff\" data-hover-border-color=\"#ffffff\" >\t<span class=\"edgtf-btn-text\">Contact us<\/span>    <\/a>\t\t\t\t\t<\/div>\n\t\t\t\t\t\t\t<\/div>\n\t\t\t<\/div>\n[\/vc_column][vc_column width=&#8221;1\/2&#8243;]\t<div class=\"edgtf-call-to-action normal\" style=\"background-color: #00bcdf;\">\n\n\t\t\t\t\t<div class=\"edgtf-call-to-action-row-75-25 clearfix\" style=\"padding: 55px 15px;\">\n\t\t\t\t\t\t<div class=\"edgtf-text-wrapper edgtf-call-to-action-column1 edgtf-call-to-action-cell left\">\n\t\t\t\t\t<div class=\"edgtf-call-to-action-text\" style=\"text-align: left\"><span class=\"wrapper-contact-next-btn-text\">About ALAN<\/span>\t\t\t\t\t\t\t\t\t\t\t<\/div>\n\t\t\t\t<\/div>\n\n\t\t\t\t\t\t\t\t\t<div class=\"edgtf-button-wrapper edgtf-call-to-action-column2 edgtf-call-to-action-cell\" style =\"text-align: right ;\">\n\t\t\t\t\t\t<a itemprop=\"url\" href=\"https:\/\/alan.lu\/about-us\/vision-mission-values\/\" target=\"_self\" style=\"color: #00bcdf;background-color: #ffffff;border-color: #ffffff\" class=\"edgtf-btn edgtf-btn-large edgtf-btn-solid edgtf-btn-custom-hover-bg edgtf-btn-custom-border-hover edgtf-btn-custom-hover-color\" data-hover-bg-color=\"#00bcdf\" data-hover-color=\"#ffffff\" data-hover-border-color=\"#ffffff\" >\t<span class=\"edgtf-btn-text\">Read more<\/span>    <\/a>\t\t\t\t\t<\/div>\n\t\t\t\t\t\t\t<\/div>\n\t\t\t<\/div>\n[\/vc_column][\/vc_row]<\/p>\n<\/div>","protected":false},"excerpt":{"rendered":"<p>[vc_row][vc_column][vc_column_text css=&#8221;&#8221;] Assistant social \/Assistant d\u2019hygi\u00e8ne social (m\/w\/d) [\/vc_column_text][\/vc_column][\/vc_row][vc_row content_width=&#8221;grid&#8221;][vc_column][vc_empty_space height=&#8221;50px&#8221;][vc_column_text css=&#8221;&#8221;]D\u2019a.s.b.l. ALAN \u2013 Maladies Rares Luxembourg sicht fir ee Cong\u00e9 Maternit\u00e9\/Parental ze ersetzen een Assistant social \/Assistant d\u2019hygi\u00e8ne social&#8230;<\/p>\n","protected":false},"author":2,"featured_media":0,"parent":0,"menu_order":0,"comment_status":"closed","ping_status":"closed","template":"","meta":{"give_campaign_id":0,"inline_featured_image":false,"footnotes":""},"class_list":["post-23461","page","type-page","status-publish","hentry"],"yoast_head":"<!-- This site is optimized with the Yoast SEO plugin v26.9 - https:\/\/yoast.com\/product\/yoast-seo-wordpress\/ -->\n<title>Assistant social \/Assistant d\u2019hygi\u00e8ne social (m\/w\/d) for Rare Diseases Luxembourg - ALAN<\/title>\n<meta name=\"description\" content=\"Pour renfoncer son \u00e9quipe l\u2019a.s.b.l. ALAN recherche un(e) :Coordinateur de l\u2019alliance nationale maladies rares (m\/f), CDI (40 h\/s), Engagement selon la CCT SAS\" \/>\n<meta name=\"robots\" content=\"index, follow, max-snippet:-1, max-image-preview:large, max-video-preview:-1\" \/>\n<link rel=\"canonical\" href=\"https:\/\/alan.lu\/fr\/jobs\/\" \/>\n<meta property=\"og:locale\" content=\"fr_FR\" \/>\n<meta property=\"og:type\" content=\"article\" \/>\n<meta property=\"og:title\" content=\"Assistant social \/Assistant d\u2019hygi\u00e8ne social (m\/w\/d) for Rare Diseases Luxembourg - ALAN\" \/>\n<meta property=\"og:description\" content=\"Pour renfoncer son \u00e9quipe l\u2019a.s.b.l. ALAN recherche un(e) :Coordinateur de l\u2019alliance nationale maladies rares (m\/f), CDI (40 h\/s), Engagement selon la CCT SAS\" \/>\n<meta property=\"og:url\" content=\"https:\/\/alan.lu\/fr\/jobs\/\" \/>\n<meta property=\"og:site_name\" content=\"ALAN\" \/>\n<meta property=\"article:modified_time\" content=\"2025-11-18T07:58:34+00:00\" \/>\n<meta name=\"twitter:card\" content=\"summary_large_image\" \/>\n<meta name=\"twitter:label1\" content=\"Dur\u00e9e de lecture estim\u00e9e\" \/>\n\t<meta name=\"twitter:data1\" content=\"2 minutes\" \/>\n<script type=\"application\/ld+json\" class=\"yoast-schema-graph\">{\"@context\":\"https:\/\/schema.org\",\"@graph\":[{\"@type\":\"WebPage\",\"@id\":\"https:\/\/alan.lu\/fr\/jobs\/\",\"url\":\"https:\/\/alan.lu\/fr\/jobs\/\",\"name\":\"Assistant social \/Assistant d\u2019hygi\u00e8ne social (m\/w\/d) for Rare Diseases Luxembourg - ALAN\",\"isPartOf\":{\"@id\":\"https:\/\/alan.lu\/fr\/#website\"},\"datePublished\":\"2021-11-15T08:53:59+00:00\",\"dateModified\":\"2025-11-18T07:58:34+00:00\",\"description\":\"Pour renfoncer son \u00e9quipe l\u2019a.s.b.l. ALAN recherche un(e) :Coordinateur de l\u2019alliance nationale maladies rares (m\/f), CDI (40 h\/s), Engagement selon la CCT SAS\",\"breadcrumb\":{\"@id\":\"https:\/\/alan.lu\/fr\/jobs\/#breadcrumb\"},\"inLanguage\":\"fr-FR\",\"potentialAction\":[{\"@type\":\"ReadAction\",\"target\":[\"https:\/\/alan.lu\/fr\/jobs\/\"]}]},{\"@type\":\"BreadcrumbList\",\"@id\":\"https:\/\/alan.lu\/fr\/jobs\/#breadcrumb\",\"itemListElement\":[{\"@type\":\"ListItem\",\"position\":1,\"name\":\"Accueil\",\"item\":\"https:\/\/alan.lu\/fr\/\"},{\"@type\":\"ListItem\",\"position\":2,\"name\":\"Assistant social \/Assistant d\u2019hygi\u00e8ne social (m\/w\/d)\"}]},{\"@type\":\"WebSite\",\"@id\":\"https:\/\/alan.lu\/fr\/#website\",\"url\":\"https:\/\/alan.lu\/fr\/\",\"name\":\"ALAN\",\"description\":\"Rare Diseases Luxembourg\",\"potentialAction\":[{\"@type\":\"SearchAction\",\"target\":{\"@type\":\"EntryPoint\",\"urlTemplate\":\"https:\/\/alan.lu\/fr\/?s={search_term_string}\"},\"query-input\":{\"@type\":\"PropertyValueSpecification\",\"valueRequired\":true,\"valueName\":\"search_term_string\"}}],\"inLanguage\":\"fr-FR\"}]}<\/script>\n<!-- \/ Yoast SEO plugin. -->","yoast_head_json":{"title":"Assistant social \/Assistant d\u2019hygi\u00e8ne social (m\/w\/d) for Rare Diseases Luxembourg - ALAN","description":"Pour renfoncer son \u00e9quipe l\u2019a.s.b.l. ALAN recherche un(e) :Coordinateur de l\u2019alliance nationale maladies rares (m\/f), CDI (40 h\/s), Engagement selon la CCT SAS","robots":{"index":"index","follow":"follow","max-snippet":"max-snippet:-1","max-image-preview":"max-image-preview:large","max-video-preview":"max-video-preview:-1"},"canonical":"https:\/\/alan.lu\/fr\/jobs\/","og_locale":"fr_FR","og_type":"article","og_title":"Assistant social \/Assistant d\u2019hygi\u00e8ne social (m\/w\/d) for Rare Diseases Luxembourg - ALAN","og_description":"Pour renfoncer son \u00e9quipe l\u2019a.s.b.l. ALAN recherche un(e) :Coordinateur de l\u2019alliance nationale maladies rares (m\/f), CDI (40 h\/s), Engagement selon la CCT SAS","og_url":"https:\/\/alan.lu\/fr\/jobs\/","og_site_name":"ALAN","article_modified_time":"2025-11-18T07:58:34+00:00","twitter_card":"summary_large_image","twitter_misc":{"Dur\u00e9e de lecture estim\u00e9e":"2 minutes"},"schema":{"@context":"https:\/\/schema.org","@graph":[{"@type":"WebPage","@id":"https:\/\/alan.lu\/fr\/jobs\/","url":"https:\/\/alan.lu\/fr\/jobs\/","name":"Assistant social \/Assistant d\u2019hygi\u00e8ne social (m\/w\/d) for Rare Diseases Luxembourg - ALAN","isPartOf":{"@id":"https:\/\/alan.lu\/fr\/#website"},"datePublished":"2021-11-15T08:53:59+00:00","dateModified":"2025-11-18T07:58:34+00:00","description":"Pour renfoncer son \u00e9quipe l\u2019a.s.b.l. ALAN recherche un(e) :Coordinateur de l\u2019alliance nationale maladies rares (m\/f), CDI (40 h\/s), Engagement selon la CCT SAS","breadcrumb":{"@id":"https:\/\/alan.lu\/fr\/jobs\/#breadcrumb"},"inLanguage":"fr-FR","potentialAction":[{"@type":"ReadAction","target":["https:\/\/alan.lu\/fr\/jobs\/"]}]},{"@type":"BreadcrumbList","@id":"https:\/\/alan.lu\/fr\/jobs\/#breadcrumb","itemListElement":[{"@type":"ListItem","position":1,"name":"Accueil","item":"https:\/\/alan.lu\/fr\/"},{"@type":"ListItem","position":2,"name":"Assistant social \/Assistant d\u2019hygi\u00e8ne social (m\/w\/d)"}]},{"@type":"WebSite","@id":"https:\/\/alan.lu\/fr\/#website","url":"https:\/\/alan.lu\/fr\/","name":"ALAN","description":"Rare Diseases Luxembourg","potentialAction":[{"@type":"SearchAction","target":{"@type":"EntryPoint","urlTemplate":"https:\/\/alan.lu\/fr\/?s={search_term_string}"},"query-input":{"@type":"PropertyValueSpecification","valueRequired":true,"valueName":"search_term_string"}}],"inLanguage":"fr-FR"}]}},"campaignId":"","_links":{"self":[{"href":"https:\/\/alan.lu\/fr\/wp-json\/wp\/v2\/pages\/23461","targetHints":{"allow":["GET"]}}],"collection":[{"href":"https:\/\/alan.lu\/fr\/wp-json\/wp\/v2\/pages"}],"about":[{"href":"https:\/\/alan.lu\/fr\/wp-json\/wp\/v2\/types\/page"}],"author":[{"embeddable":true,"href":"https:\/\/alan.lu\/fr\/wp-json\/wp\/v2\/users\/2"}],"replies":[{"embeddable":true,"href":"https:\/\/alan.lu\/fr\/wp-json\/wp\/v2\/comments?post=23461"}],"version-history":[{"count":12,"href":"https:\/\/alan.lu\/fr\/wp-json\/wp\/v2\/pages\/23461\/revisions"}],"predecessor-version":[{"id":30959,"href":"https:\/\/alan.lu\/fr\/wp-json\/wp\/v2\/pages\/23461\/revisions\/30959"}],"wp:attachment":[{"href":"https:\/\/alan.lu\/fr\/wp-json\/wp\/v2\/media?parent=23461"}],"curies":[{"name":"wp","href":"https:\/\/api.w.org\/{rel}","templated":true}]}}