{"id":23661,"date":"2022-02-03T10:16:28","date_gmt":"2022-02-03T09:16:28","guid":{"rendered":"https:\/\/alan.lu\/?page_id=23661"},"modified":"2022-02-03T10:16:29","modified_gmt":"2022-02-03T09:16:29","slug":"temoignages-hannah-s","status":"publish","type":"page","link":"https:\/\/alan.lu\/fr\/temoignages\/temoignages-hannah-s\/","title":{"rendered":"T\u00e9moignages"},"content":{"rendered":"<div class=\"wpb-content-wrapper\"><p>[vc_row content_width=&#8221;grid&#8221; css=&#8221;.vc_custom_1492696696810{padding-top: 130px !important;padding-bottom: 90px !important;}&#8221;][vc_column offset=&#8221;vc_col-lg-6 vc_col-md-6 vc_col-xs-12&#8243;][vc_single_image image=&#8221;23665&#8243; img_size=&#8221;full&#8221;][vc_empty_space height=&#8221;35px&#8221;][\/vc_column][vc_column offset=&#8221;vc_col-lg-6 vc_col-md-6 vc_col-xs-12&#8243;]<div class=\"edgtf-elements-holder edgtf-responsive-mode-768\" ><div class=\"edgtf-elements-holder-item \" data-item-class=\"edgtf-elements-holder-custom-928912\" data-1280-1600=\"2% 7% 2% 5%\" data-1024-1280=\"2% 7% 2% 5%\" data-768-1024=\"2% 0% 2% 3%\" data-600-768=\"5% 0% 1% 0%\" >\n\t\t<div class=\"edgtf-elements-holder-item-inner\">\n\t\t<div class=\"edgtf-elements-holder-item-content edgtf-elements-holder-custom-928912\" style=\"padding: 2% 7% 2% 5%\">\n\t\t\t[vc_column_text]<\/p>\n<h2>Hannah<\/h2>\n<p>[\/vc_column_text][vc_column_text]<strong style=\"color: #ee3f75;\">42 ans, vit avec une neurosarko\u00efdose<\/strong>[\/vc_column_text][vc_empty_space height=&#8221;35px&#8221;][vc_column_text]\u00ab\u00a0Bonjour ! Je m&#8217;appelle Hannah Siedek. J&#8217;ai 42 ans. Je suis pacs\u00e9e et maman de deux enfants\u00a0: Hugo et Sophia, 4 ans et 8 mois.<\/p>\n<p>Je suis atteinte d&#8217;une maladie rare appel\u00e9e Neurosarco\u00efdose, qui est en gros une m\u00e9ningite chronique. J&#8217;\u00e9tais en bonne sant\u00e9, sportive et \u00e9nergique, jusqu&#8217;en 2012, quand j\u2019ai eu de forts vertiges, un nerf optique entrav\u00e9 \u00e0 l&#8217;\u0153il gauche, des acouph\u00e8nes et une tr\u00e8s forte fatigue. La maladie est apparue du jour au lendemain et j&#8217;ai pass\u00e9 une p\u00e9riode de 8 mois \u00e0 visiter l&#8217;h\u00f4pital de Francfort car c&#8217;\u00e9tait compliqu\u00e9 de trouver un diagnostic. Fin 2013, j&#8217;ai eu un l\u00e9ger accident vasculaire c\u00e9r\u00e9bral (AVC) et les m\u00e9decins m\u2019ont sugg\u00e9r\u00e9 de faire une biopsie, c&#8217;est-\u00e0-dire d\u2019ouvrir mon cr\u00e2ne pour analyser l\u2019inflammation de mes m\u00e9ninges. Avant, j&#8217;avais h\u00e9sit\u00e9 de donner mon accord, car je ne me sentais pas assez malade pour justifier l&#8217;ouverture de mon cr\u00e2ne. Pourtant, apr\u00e8s l&#8217;AVC, j&#8217;ai ressenti un besoin de comprendre ce qui m\u2019arrivait. Aussi, parce que l&#8217;homme de ma vie, Kaspar, qui a pass\u00e9 des jours \u00e0 travailler depuis ma chambre d&#8217;h\u00f4pital, avait besoin d&#8217;un peu d\u2019espoir qu&#8217;\u00e0 un moment donn\u00e9, sa petite amie\/femme serait de nouveau en bonne sant\u00e9.<\/p>\n<p>Sur la base des r\u00e9sultats de la biopsie, un neurologue luxembourgeois au CHL a pu diagnostiquer la neurosarko\u00efdose et commencer mon traitement \u00e0 base de cortisone et de d\u2019autres m\u00e9dicaments (\u00ab\u00a0enhancers\u00a0\u00bb).<\/p>\n<p>Mais, je ne veux pas vous parler de ma maladie, mais plut\u00f4t de l&#8217;impact qu&#8217;elle a eu sur moi. \u00c7a semble bizarre, mais je suis presque heureuse que ce soit arriv\u00e9. Avant, je travaillais tr\u00e8s (!) dur, je n\u00e9gligeais mes amis et ma famille. Je suppose que j&#8217;avais besoin de cette gifle pour d\u00e9finir mes priorit\u00e9s.<\/p>\n<p>Avoir une maladie rare est effrayant, car les m\u00e9decins ne savent pas \u00e0 100% comment vous traiter. En plus, il y a peu, ou pas, de cas de r\u00e9f\u00e9rence avec lesquels vous pouvez vous comparer.<\/p>\n<p>Il y a toujours la question \u00ab\u00a0pourquoi moi\u00a0?\u00a0\u00bb et m\u00eame si je sais que c&#8217;est une question stupide, je la pose encore aujourd&#8217;hui. Pendant un certain temps, j&#8217;ai eu l&#8217;impression d&#8217;\u00eatre puni pour quelque chose que j&#8217;avais fait. \u00c9videmment, c&#8217;est n&#8217;importe quoi, mais c&#8217;est difficile d&#8217;accepter que la maladie \u00ab soit tomb\u00e9e \u00bb sur moi\u2026 et pas sur vous.<\/p>\n<p>Aujourd&#8217;hui, j&#8217;ai la chance de pouvoir mener une vie normale. Je dois encore faire mon examen IRM annuel et prendre ma pilule de cortisone de 5 mg tous les matins, mais ce sont les seules choses qui me rappellent que je suis atteinte d\u2019une neurosarko\u00efdose.<\/p>\n<p>Gr\u00e2ce \u00e0 mes m\u00e9decins, au Luxembourg et \u00e0 Paris, j&#8217;ai pu avoir deux enfants avec Kaspar et nous vivons une vie tr\u00e8s, tr\u00e8s normale au Luxembourg, \u00e0 part les nuits sans sommeil, les petits d\u00e9jeuners tr\u00e8s t\u00f4t et un salon en d\u00e9sordre, mais ces choses ne sont pas dus \u00e0 ma maladie mais plut\u00f4t \u00e0 mes deux petits bouts de chou.\u00a0\u00bb[\/vc_column_text]\t\t<\/div>\n\t<\/div>\n\t<\/div><\/div>[\/vc_column][\/vc_row][vc_row content_width=&#8221;grid&#8221; css=&#8221;.vc_custom_1596118384380{padding-top: 36px !important;padding-bottom: 41px !important;background-color: #ee3f75 !important;}&#8221;][vc_column css=&#8221;.vc_custom_1492609383973{padding-top: 2px !important;}&#8221;]\t<div class=\"edgtf-call-to-action normal\" style=\"background-color: #ee3f75;\">\n\n\t\t\t\t<div class=\"edgtf-container-inner\">\n\t\t\t\t\t<div class=\"edgtf-call-to-action-row-75-25 clearfix\" style=\"padding: 20px;\">\n\t\t\t\t\t\t<div class=\"edgtf-text-wrapper edgtf-call-to-action-column1 edgtf-call-to-action-cell left\">\n\t\t\t\t\t<div class=\"edgtf-call-to-action-text\" style=\"text-align: left\">\n<h2><span style=\"color: #ffffff;\">Contactez-nous en cas de questions ou besoin d\u2019assistance<\/span><\/h2>\n\t\t\t\t\t\t\t\t\t\t\t<\/div>\n\t\t\t\t<\/div>\n\n\t\t\t\t\t\t\t\t\t<div class=\"edgtf-button-wrapper edgtf-call-to-action-column2 edgtf-call-to-action-cell\" style =\"text-align: right ;\">\n\t\t\t\t\t\t<a itemprop=\"url\" href=\"\/fr\/contactez-nous\/\" target=\"_self\" style=\"color: #ee3f75;background-color: #ffffff;border-color: #ffffff\" class=\"edgtf-btn edgtf-btn-large edgtf-btn-solid edgtf-btn-custom-hover-bg edgtf-btn-custom-border-hover edgtf-btn-custom-hover-color\" data-hover-bg-color=\"#ee3f75\" data-hover-color=\"#ffffff\" data-hover-border-color=\"#ffffff\" >\t<span class=\"edgtf-btn-text\">Contact<\/span>    <\/a>\t\t\t\t\t<\/div>\n\t\t\t\t\t\t\t<\/div>\n\t\t\t\t<\/div>\n\t\t\t<\/div>\n[\/vc_column][\/vc_row]<\/p>\n<\/div>","protected":false},"excerpt":{"rendered":"<p>[vc_row content_width=&#8221;grid&#8221; css=&#8221;.vc_custom_1492696696810{padding-top: 130px !important;padding-bottom: 90px !important;}&#8221;][vc_column offset=&#8221;vc_col-lg-6 vc_col-md-6 vc_col-xs-12&#8243;][vc_single_image image=&#8221;23665&#8243; img_size=&#8221;full&#8221;][vc_empty_space height=&#8221;35px&#8221;][\/vc_column][vc_column offset=&#8221;vc_col-lg-6 vc_col-md-6 vc_col-xs-12&#8243;][\/vc_column][\/vc_row][vc_row content_width=&#8221;grid&#8221; css=&#8221;.vc_custom_1596118384380{padding-top: 36px !important;padding-bottom: 41px !important;background-color: #ee3f75 !important;}&#8221;][vc_column css=&#8221;.vc_custom_1492609383973{padding-top: 2px !important;}&#8221;][\/vc_column][\/vc_row]<\/p>\n","protected":false},"author":2,"featured_media":0,"parent":20667,"menu_order":0,"comment_status":"closed","ping_status":"closed","template":"","meta":{"give_campaign_id":0,"inline_featured_image":false,"footnotes":""},"class_list":["post-23661","page","type-page","status-publish","hentry"],"yoast_head":"<!-- This site is optimized with the Yoast SEO plugin v26.9 - https:\/\/yoast.com\/product\/yoast-seo-wordpress\/ -->\n<title>T\u00e9moignages - ALAN<\/title>\n<meta name=\"robots\" content=\"index, follow, max-snippet:-1, max-image-preview:large, max-video-preview:-1\" \/>\n<link rel=\"canonical\" href=\"https:\/\/alan.lu\/fr\/temoignages\/temoignages-hannah-s\/\" \/>\n<meta property=\"og:locale\" content=\"fr_FR\" \/>\n<meta property=\"og:type\" content=\"article\" \/>\n<meta property=\"og:title\" content=\"T\u00e9moignages - ALAN\" \/>\n<meta property=\"og:description\" content=\"[vc_row content_width=&#8221;grid&#8221; css=&#8221;.vc_custom_1492696696810{padding-top: 130px !important;padding-bottom: 90px !important;}&#8221;][vc_column offset=&#8221;vc_col-lg-6 vc_col-md-6 vc_col-xs-12&#8243;][vc_single_image image=&#8221;23665&#8243; img_size=&#8221;full&#8221;][vc_empty_space height=&#8221;35px&#8221;][\/vc_column][vc_column offset=&#8221;vc_col-lg-6 vc_col-md-6 vc_col-xs-12&#8243;][\/vc_column][\/vc_row][vc_row content_width=&#8221;grid&#8221; css=&#8221;.vc_custom_1596118384380{padding-top: 36px !important;padding-bottom: 41px !important;background-color: #ee3f75 !important;}&#8221;][vc_column css=&#8221;.vc_custom_1492609383973{padding-top: 2px !important;}&#8221;][\/vc_column][\/vc_row]\" \/>\n<meta property=\"og:url\" content=\"https:\/\/alan.lu\/fr\/temoignages\/temoignages-hannah-s\/\" \/>\n<meta property=\"og:site_name\" content=\"ALAN\" \/>\n<meta property=\"article:modified_time\" content=\"2022-02-03T09:16:29+00:00\" \/>\n<meta name=\"twitter:card\" content=\"summary_large_image\" \/>\n<meta name=\"twitter:label1\" content=\"Dur\u00e9e de lecture estim\u00e9e\" \/>\n\t<meta name=\"twitter:data1\" content=\"3 minutes\" \/>\n<script type=\"application\/ld+json\" class=\"yoast-schema-graph\">{\"@context\":\"https:\/\/schema.org\",\"@graph\":[{\"@type\":\"WebPage\",\"@id\":\"https:\/\/alan.lu\/fr\/temoignages\/temoignages-hannah-s\/\",\"url\":\"https:\/\/alan.lu\/fr\/temoignages\/temoignages-hannah-s\/\",\"name\":\"T\u00e9moignages - ALAN\",\"isPartOf\":{\"@id\":\"https:\/\/alan.lu\/fr\/#website\"},\"datePublished\":\"2022-02-03T09:16:28+00:00\",\"dateModified\":\"2022-02-03T09:16:29+00:00\",\"breadcrumb\":{\"@id\":\"https:\/\/alan.lu\/fr\/temoignages\/temoignages-hannah-s\/#breadcrumb\"},\"inLanguage\":\"fr-FR\",\"potentialAction\":[{\"@type\":\"ReadAction\",\"target\":[\"https:\/\/alan.lu\/fr\/temoignages\/temoignages-hannah-s\/\"]}]},{\"@type\":\"BreadcrumbList\",\"@id\":\"https:\/\/alan.lu\/fr\/temoignages\/temoignages-hannah-s\/#breadcrumb\",\"itemListElement\":[{\"@type\":\"ListItem\",\"position\":1,\"name\":\"Accueil\",\"item\":\"https:\/\/alan.lu\/fr\/\"},{\"@type\":\"ListItem\",\"position\":2,\"name\":\"T\u00e9moignages\",\"item\":\"https:\/\/alan.lu\/fr\/temoignages\/\"},{\"@type\":\"ListItem\",\"position\":3,\"name\":\"T\u00e9moignages\"}]},{\"@type\":\"WebSite\",\"@id\":\"https:\/\/alan.lu\/fr\/#website\",\"url\":\"https:\/\/alan.lu\/fr\/\",\"name\":\"ALAN\",\"description\":\"Rare Diseases Luxembourg\",\"potentialAction\":[{\"@type\":\"SearchAction\",\"target\":{\"@type\":\"EntryPoint\",\"urlTemplate\":\"https:\/\/alan.lu\/fr\/?s={search_term_string}\"},\"query-input\":{\"@type\":\"PropertyValueSpecification\",\"valueRequired\":true,\"valueName\":\"search_term_string\"}}],\"inLanguage\":\"fr-FR\"}]}<\/script>\n<!-- \/ Yoast SEO plugin. -->","yoast_head_json":{"title":"T\u00e9moignages - ALAN","robots":{"index":"index","follow":"follow","max-snippet":"max-snippet:-1","max-image-preview":"max-image-preview:large","max-video-preview":"max-video-preview:-1"},"canonical":"https:\/\/alan.lu\/fr\/temoignages\/temoignages-hannah-s\/","og_locale":"fr_FR","og_type":"article","og_title":"T\u00e9moignages - ALAN","og_description":"[vc_row content_width=&#8221;grid&#8221; css=&#8221;.vc_custom_1492696696810{padding-top: 130px !important;padding-bottom: 90px !important;}&#8221;][vc_column offset=&#8221;vc_col-lg-6 vc_col-md-6 vc_col-xs-12&#8243;][vc_single_image image=&#8221;23665&#8243; img_size=&#8221;full&#8221;][vc_empty_space height=&#8221;35px&#8221;][\/vc_column][vc_column offset=&#8221;vc_col-lg-6 vc_col-md-6 vc_col-xs-12&#8243;][\/vc_column][\/vc_row][vc_row content_width=&#8221;grid&#8221; css=&#8221;.vc_custom_1596118384380{padding-top: 36px !important;padding-bottom: 41px !important;background-color: #ee3f75 !important;}&#8221;][vc_column css=&#8221;.vc_custom_1492609383973{padding-top: 2px !important;}&#8221;][\/vc_column][\/vc_row]","og_url":"https:\/\/alan.lu\/fr\/temoignages\/temoignages-hannah-s\/","og_site_name":"ALAN","article_modified_time":"2022-02-03T09:16:29+00:00","twitter_card":"summary_large_image","twitter_misc":{"Dur\u00e9e de lecture estim\u00e9e":"3 minutes"},"schema":{"@context":"https:\/\/schema.org","@graph":[{"@type":"WebPage","@id":"https:\/\/alan.lu\/fr\/temoignages\/temoignages-hannah-s\/","url":"https:\/\/alan.lu\/fr\/temoignages\/temoignages-hannah-s\/","name":"T\u00e9moignages - ALAN","isPartOf":{"@id":"https:\/\/alan.lu\/fr\/#website"},"datePublished":"2022-02-03T09:16:28+00:00","dateModified":"2022-02-03T09:16:29+00:00","breadcrumb":{"@id":"https:\/\/alan.lu\/fr\/temoignages\/temoignages-hannah-s\/#breadcrumb"},"inLanguage":"fr-FR","potentialAction":[{"@type":"ReadAction","target":["https:\/\/alan.lu\/fr\/temoignages\/temoignages-hannah-s\/"]}]},{"@type":"BreadcrumbList","@id":"https:\/\/alan.lu\/fr\/temoignages\/temoignages-hannah-s\/#breadcrumb","itemListElement":[{"@type":"ListItem","position":1,"name":"Accueil","item":"https:\/\/alan.lu\/fr\/"},{"@type":"ListItem","position":2,"name":"T\u00e9moignages","item":"https:\/\/alan.lu\/fr\/temoignages\/"},{"@type":"ListItem","position":3,"name":"T\u00e9moignages"}]},{"@type":"WebSite","@id":"https:\/\/alan.lu\/fr\/#website","url":"https:\/\/alan.lu\/fr\/","name":"ALAN","description":"Rare Diseases Luxembourg","potentialAction":[{"@type":"SearchAction","target":{"@type":"EntryPoint","urlTemplate":"https:\/\/alan.lu\/fr\/?s={search_term_string}"},"query-input":{"@type":"PropertyValueSpecification","valueRequired":true,"valueName":"search_term_string"}}],"inLanguage":"fr-FR"}]}},"campaignId":"","_links":{"self":[{"href":"https:\/\/alan.lu\/fr\/wp-json\/wp\/v2\/pages\/23661","targetHints":{"allow":["GET"]}}],"collection":[{"href":"https:\/\/alan.lu\/fr\/wp-json\/wp\/v2\/pages"}],"about":[{"href":"https:\/\/alan.lu\/fr\/wp-json\/wp\/v2\/types\/page"}],"author":[{"embeddable":true,"href":"https:\/\/alan.lu\/fr\/wp-json\/wp\/v2\/users\/2"}],"replies":[{"embeddable":true,"href":"https:\/\/alan.lu\/fr\/wp-json\/wp\/v2\/comments?post=23661"}],"version-history":[{"count":2,"href":"https:\/\/alan.lu\/fr\/wp-json\/wp\/v2\/pages\/23661\/revisions"}],"predecessor-version":[{"id":23668,"href":"https:\/\/alan.lu\/fr\/wp-json\/wp\/v2\/pages\/23661\/revisions\/23668"}],"up":[{"embeddable":true,"href":"https:\/\/alan.lu\/fr\/wp-json\/wp\/v2\/pages\/20667"}],"wp:attachment":[{"href":"https:\/\/alan.lu\/fr\/wp-json\/wp\/v2\/media?parent=23661"}],"curies":[{"name":"wp","href":"https:\/\/api.w.org\/{rel}","templated":true}]}}