{"id":24047,"date":"2022-02-25T10:52:54","date_gmt":"2022-02-25T09:52:54","guid":{"rendered":"https:\/\/alan.lu\/?page_id=24047"},"modified":"2022-02-25T10:53:17","modified_gmt":"2022-02-25T09:53:17","slug":"rareflections-vernissage","status":"publish","type":"page","link":"https:\/\/alan.lu\/fr\/galerie\/rareflections-vernissage\/","title":{"rendered":"RaReflections Vernissage"},"content":{"rendered":"<div class=\"wpb-content-wrapper\"><p>[vc_row content_width=&#8221;grid&#8221;][vc_column]\n<p class=\"edgtf-section-subtitle\" style=\"text-align:center;color:#58595b\">\n\tDans le cadre du Rare Disease Day 2022, ALAN, en collaboration avec la photographe, Sophie Margue, pr\u00e9sente une exposition de photos intitul\u00e9e \u00ab RaReflections \u00bb . Le vernissage de l\u2019exposition a eu lieu le 24 f\u00e9vrier 2022 \u00e0 la Gare Centrale de Luxembourg en pr\u00e9sence de Monsieur Maurice Bauer, \u00e9chevin de la Ville de Luxembourg, et de Dr Fran\u00e7oise Berthet, Directeur Adjoint de la Direction de la sant\u00e9. (c) ALAN \/ Henri Goergen<\/p><div class=\"edgtf-separator-holder clearfix  edgtf-separator-center\">\n\t<div class=\"edgtf-separator\" style=\"border-color: #00bcdf;width: 50px;border-bottom-width: 3px;margin-top: 25px;margin-bottom: 25px\"><\/div>\n<\/div>\n[vc_column_text]<script type='text\/javascript'>document.addEventListener('DOMContentLoaded', function(event) {FWDVRLUtils.checkIfHasTransofrms();window.fwdvugp0 = new FWDVUGP({gridType:'classicVertical',displayType:'responsive',rightClickContextMenu:'default',parentId:'FWDVUGPDiv0',instanceName:'FWDVUGP0',mainFolderPath:'https:\/\/alan.lu\/wp-content\/plugins\/fwdvugp\/load',lightboxSkinPath:'lightbox_skin_modern', gridSkinPath:'grid_skin_modern', lightboxSkinPath:'lightbox_skin_modern', playlistId:'FWDVUGPPlaylistRaReflections-vernissage', allCategoriesLabel:'ALL GALLERIES', useVectorIcons:'no',showAllCategories:'no',initializeOnlyWhenVisible:'no',randomizeCategories:'no',zIndex:999, itemOffsetHeight:'50',startAtCategory:0,backgroundColor:'#ffffff',menuType:'list',showMenu:'no',\tmenuPosition:'left',animateParent:'no',\tmultipleCategorySelection:'yes',\tshowMenuButtonsSpacers:'no',\tshowSearchBox:'yes',centerNoSearchFoundLabelWithMenu:'yes',comboboxSelectorLabel:'SELECT GALLERIES',\tshowSearchBox:'yes',showTotalThumbnailsPerCategory:'yes',fitToViewportHeight:'no',offsetFirstThumbnail:'no',searchLabel:'search',searchNotFoundLabel:'NOTHING FOUND!',comboboxArrowNormalColor:'#ffffff',comboboxArrowSelectedColor:'#000000',menuButtonSpacerWidth:1,slideshowBackgroundColor:'#ffffff',slideshowFillColor:'#000000',slideshowStrokeSize:3,menuButtonSpacerHeight:20,menuButtonsSapcerLeftAndRight:10,menuOffsetTop:25,\tmenuOffsetBottom:25,horizontalSpaceBetweenMenuButtons:10,\tmenuMaxWidth:920,verticalSpaceBetweenMenuButtons:10,thumbnailLoadingType:'loadMoreOnScroll',hideAndShowTransitionType:'scale', thumbanilBoxShadow:'none',disableThumbnails:'no',inverseButtonsIcons:'no',thumbnailBackgroundColor:'#ffffff',thumbnailBorderNormalColor:'#ffffff',thumbnailBorderSelectedColor:'#ffffff',howManyThumbnailsToDisplayPerSet:15,thumbnailsVerticalOffset:0, thumbnailsVerticalOffset:0,thumbnailMaxWidth:278,thumbnailMaxHeight:188,horizontalSpaceBetweenThumbnails:0,verticalSpaceBetweenThumbnails:0,thumbnailBorderSize:5,thumbnailBorderRadius:0,loadMoreButtonLabel:'LOAD MORE THUMBNAILS',loadMoreButtonOffsetTop:25,\tloadMoreButtonOffsetBottom:25,preset:'animtext',textVerticalAlign:'center',textAnimationType:'opacity',useIconButtons:'no',thumbnailOverlayColor:'#ee3f75',thumbnailOverlayOpacity:0.5,thumbnailIconWidth:30,thumbnailIconHeight:29,spaceBetweenThumbanilIcons:12,spaceBetweenTextAndIcons:10,buttonsAlignment:'in',itemBoxShadow:'none',descriptionWindowAnimationType:'motion',descriptionWindowPosition:'bottom',slideShowAutoPlay:'no',addKeyboardSupport:'yes',showCloseButton:'yes',showShareButton:'no',showZoomButton:'no',showSlideShowButton:'no',showSlideShowAnimation:'no',showDescriptionButton:'yes',showNextAndPrevButtons:'yes',showNextAndPrevButtonsOnMobile:'yes',showDescriptionByDefault:'no',videoShowFullScreenButton:'yes',videoAutoPlay:'no',nextVideoOrAudioAutoPlay:'yes',videoLoop:'no',audioAutoPlay:'no',audioLoop:'no',backgroundOpacity:0.9,descriptionWindowBackgroundOpacity:0.95,buttonsHideDelay:3,slideShowDelay:4,defaultItemWidth:640,defaultItemHeight:550,spaceBetweenButtons:1,buttonsOffsetIn:2,buttonsOffsetOut:5,itemBorderSize:0,itemBorderRadius:0,itemBackgroundColor:'#333333',itemBorderColor:'#333333',lightBoxBackgroundColor:'#000000',descriptionWindowBackgroundColor:'#ffffff',videoPosterBackgroundColor:'#0099ff',videoControllerBackgroundColor:'#ffffff',audioControllerBackgroundColor:'#ffffff',soundCloudTitleClassName:'soundCloudTitle1',soundCloudTrackClassName:'soundCloudTrack1',showSoundCloudTitle:'yes',showSoundCloudTrack:'yes',ytbTitleClassName:'youtubeTitle1',ytbDescriptionClassName:'youtubeDescription1',showYtbTitle:'yes',showYtbDescription:'yes',ytbTitleMaxLength:100,flickrAppId:'8b8bea6be401b521615b9b74c12131f2',flickrTitleClassName:'flickrTitle',showFlickrDescription:'yes',showAsExtraText:'no',flickrDescriptionMaxLength:100,pintrestDescriptionClassName:'pinterestDescription2',showPintrestDescription:'yes',usePinIconButton:'yes',facebookTitleClassName:'facebookTitle',facebookDescriptionClassName:'facebookDescription',showFacebookTitle:'yes',showFacebookDescription:'yes',TitleMaxLength:100,timeColor:'#000000'})});<\/script><div id='FWDVUGPDiv0' class='fwdvugp fwd-hide'><\/div><div id='FWDVUGPPlaylistRaReflections-vernissage' style='display: none;'><ul data-category-name='RaReflections-vernissage' data-flickr-album-url='https:\/\/www.flickr.com\/photos\/190216581@N05\/albums\/72177720296944528'><\/ul><\/div>[\/vc_column_text][vc_empty_space height=&#8221;50px&#8221;][\/vc_column][\/vc_row][vc_row content_width=&#8221;grid&#8221; css=&#8221;.vc_custom_1596118384380{padding-top: 36px !important;padding-bottom: 41px !important;background-color: #ee3f75 !important;}&#8221;][vc_column css=&#8221;.vc_custom_1492609383973{padding-top: 2px !important;}&#8221;]\t<div class=\"edgtf-call-to-action normal\" style=\"background-color: #ee3f75;\">\n\n\t\t\t\t<div class=\"edgtf-container-inner\">\n\t\t\t\t\t<div class=\"edgtf-call-to-action-row-75-25 clearfix\" style=\"padding: 20px;\">\n\t\t\t\t\t\t<div class=\"edgtf-text-wrapper edgtf-call-to-action-column1 edgtf-call-to-action-cell left\">\n\t\t\t\t\t<div class=\"edgtf-call-to-action-text\" style=\"text-align: left\">\n<h2><span style=\"color: #ffffff;\">Get in touch to tell us your story<\/span><\/h2>\n\t\t\t\t\t\t\t\t\t\t\t<\/div>\n\t\t\t\t<\/div>\n\n\t\t\t\t\t\t\t\t\t<div class=\"edgtf-button-wrapper edgtf-call-to-action-column2 edgtf-call-to-action-cell\" style =\"text-align: right ;\">\n\t\t\t\t\t\t<a itemprop=\"url\" href=\"\/contact-us\/\" target=\"_self\" style=\"color: #ee3f75;background-color: #ffffff;border-color: #ffffff\" class=\"edgtf-btn edgtf-btn-large edgtf-btn-solid edgtf-btn-custom-hover-bg edgtf-btn-custom-border-hover edgtf-btn-custom-hover-color\" data-hover-bg-color=\"#ee3f75\" data-hover-color=\"#ffffff\" data-hover-border-color=\"#ffffff\" >\t<span class=\"edgtf-btn-text\">Contact us<\/span>    <\/a>\t\t\t\t\t<\/div>\n\t\t\t\t\t\t\t<\/div>\n\t\t\t\t<\/div>\n\t\t\t<\/div>\n[\/vc_column][\/vc_row]<\/p>\n<\/div>","protected":false},"excerpt":{"rendered":"<p>[vc_row content_width=&#8221;grid&#8221;][vc_column][vc_column_text][\/vc_column_text][vc_empty_space height=&#8221;50px&#8221;][\/vc_column][\/vc_row][vc_row content_width=&#8221;grid&#8221; css=&#8221;.vc_custom_1596118384380{padding-top: 36px !important;padding-bottom: 41px !important;background-color: #ee3f75 !important;}&#8221;][vc_column css=&#8221;.vc_custom_1492609383973{padding-top: 2px !important;}&#8221;][\/vc_column][\/vc_row]<\/p>\n","protected":false},"author":2,"featured_media":0,"parent":20760,"menu_order":0,"comment_status":"closed","ping_status":"closed","template":"","meta":{"give_campaign_id":0,"inline_featured_image":false,"footnotes":""},"class_list":["post-24047","page","type-page","status-publish","hentry"],"yoast_head":"<!-- This site is optimized with the Yoast SEO plugin v26.9 - https:\/\/yoast.com\/product\/yoast-seo-wordpress\/ -->\n<title>RaReflections Vernissage - ALAN<\/title>\n<meta name=\"robots\" content=\"index, follow, max-snippet:-1, max-image-preview:large, max-video-preview:-1\" \/>\n<link rel=\"canonical\" href=\"https:\/\/alan.lu\/fr\/galerie\/rareflections-vernissage\/\" \/>\n<meta property=\"og:locale\" content=\"fr_FR\" \/>\n<meta property=\"og:type\" content=\"article\" \/>\n<meta property=\"og:title\" content=\"RaReflections Vernissage - ALAN\" \/>\n<meta property=\"og:description\" content=\"[vc_row content_width=&#8221;grid&#8221;][vc_column][vc_column_text][\/vc_column_text][vc_empty_space height=&#8221;50px&#8221;][\/vc_column][\/vc_row][vc_row content_width=&#8221;grid&#8221; css=&#8221;.vc_custom_1596118384380{padding-top: 36px !important;padding-bottom: 41px !important;background-color: #ee3f75 !important;}&#8221;][vc_column css=&#8221;.vc_custom_1492609383973{padding-top: 2px !important;}&#8221;][\/vc_column][\/vc_row]\" \/>\n<meta property=\"og:url\" content=\"https:\/\/alan.lu\/fr\/galerie\/rareflections-vernissage\/\" \/>\n<meta property=\"og:site_name\" content=\"ALAN\" \/>\n<meta property=\"article:modified_time\" content=\"2022-02-25T09:53:17+00:00\" \/>\n<meta name=\"twitter:card\" content=\"summary_large_image\" \/>\n<meta name=\"twitter:label1\" content=\"Dur\u00e9e de lecture estim\u00e9e\" \/>\n\t<meta name=\"twitter:data1\" content=\"1 minute\" \/>\n<script type=\"application\/ld+json\" class=\"yoast-schema-graph\">{\"@context\":\"https:\/\/schema.org\",\"@graph\":[{\"@type\":\"WebPage\",\"@id\":\"https:\/\/alan.lu\/fr\/galerie\/rareflections-vernissage\/\",\"url\":\"https:\/\/alan.lu\/fr\/galerie\/rareflections-vernissage\/\",\"name\":\"RaReflections Vernissage - ALAN\",\"isPartOf\":{\"@id\":\"https:\/\/alan.lu\/fr\/#website\"},\"datePublished\":\"2022-02-25T09:52:54+00:00\",\"dateModified\":\"2022-02-25T09:53:17+00:00\",\"breadcrumb\":{\"@id\":\"https:\/\/alan.lu\/fr\/galerie\/rareflections-vernissage\/#breadcrumb\"},\"inLanguage\":\"fr-FR\",\"potentialAction\":[{\"@type\":\"ReadAction\",\"target\":[\"https:\/\/alan.lu\/fr\/galerie\/rareflections-vernissage\/\"]}]},{\"@type\":\"BreadcrumbList\",\"@id\":\"https:\/\/alan.lu\/fr\/galerie\/rareflections-vernissage\/#breadcrumb\",\"itemListElement\":[{\"@type\":\"ListItem\",\"position\":1,\"name\":\"Accueil\",\"item\":\"https:\/\/alan.lu\/fr\/\"},{\"@type\":\"ListItem\",\"position\":2,\"name\":\"Galerie\",\"item\":\"https:\/\/alan.lu\/fr\/galerie\/\"},{\"@type\":\"ListItem\",\"position\":3,\"name\":\"RaReflections Vernissage\"}]},{\"@type\":\"WebSite\",\"@id\":\"https:\/\/alan.lu\/fr\/#website\",\"url\":\"https:\/\/alan.lu\/fr\/\",\"name\":\"ALAN\",\"description\":\"Rare Diseases Luxembourg\",\"potentialAction\":[{\"@type\":\"SearchAction\",\"target\":{\"@type\":\"EntryPoint\",\"urlTemplate\":\"https:\/\/alan.lu\/fr\/?s={search_term_string}\"},\"query-input\":{\"@type\":\"PropertyValueSpecification\",\"valueRequired\":true,\"valueName\":\"search_term_string\"}}],\"inLanguage\":\"fr-FR\"}]}<\/script>\n<!-- \/ Yoast SEO plugin. -->","yoast_head_json":{"title":"RaReflections Vernissage - ALAN","robots":{"index":"index","follow":"follow","max-snippet":"max-snippet:-1","max-image-preview":"max-image-preview:large","max-video-preview":"max-video-preview:-1"},"canonical":"https:\/\/alan.lu\/fr\/galerie\/rareflections-vernissage\/","og_locale":"fr_FR","og_type":"article","og_title":"RaReflections Vernissage - ALAN","og_description":"[vc_row content_width=&#8221;grid&#8221;][vc_column][vc_column_text][\/vc_column_text][vc_empty_space height=&#8221;50px&#8221;][\/vc_column][\/vc_row][vc_row content_width=&#8221;grid&#8221; css=&#8221;.vc_custom_1596118384380{padding-top: 36px !important;padding-bottom: 41px !important;background-color: #ee3f75 !important;}&#8221;][vc_column css=&#8221;.vc_custom_1492609383973{padding-top: 2px !important;}&#8221;][\/vc_column][\/vc_row]","og_url":"https:\/\/alan.lu\/fr\/galerie\/rareflections-vernissage\/","og_site_name":"ALAN","article_modified_time":"2022-02-25T09:53:17+00:00","twitter_card":"summary_large_image","twitter_misc":{"Dur\u00e9e de lecture estim\u00e9e":"1 minute"},"schema":{"@context":"https:\/\/schema.org","@graph":[{"@type":"WebPage","@id":"https:\/\/alan.lu\/fr\/galerie\/rareflections-vernissage\/","url":"https:\/\/alan.lu\/fr\/galerie\/rareflections-vernissage\/","name":"RaReflections Vernissage - ALAN","isPartOf":{"@id":"https:\/\/alan.lu\/fr\/#website"},"datePublished":"2022-02-25T09:52:54+00:00","dateModified":"2022-02-25T09:53:17+00:00","breadcrumb":{"@id":"https:\/\/alan.lu\/fr\/galerie\/rareflections-vernissage\/#breadcrumb"},"inLanguage":"fr-FR","potentialAction":[{"@type":"ReadAction","target":["https:\/\/alan.lu\/fr\/galerie\/rareflections-vernissage\/"]}]},{"@type":"BreadcrumbList","@id":"https:\/\/alan.lu\/fr\/galerie\/rareflections-vernissage\/#breadcrumb","itemListElement":[{"@type":"ListItem","position":1,"name":"Accueil","item":"https:\/\/alan.lu\/fr\/"},{"@type":"ListItem","position":2,"name":"Galerie","item":"https:\/\/alan.lu\/fr\/galerie\/"},{"@type":"ListItem","position":3,"name":"RaReflections Vernissage"}]},{"@type":"WebSite","@id":"https:\/\/alan.lu\/fr\/#website","url":"https:\/\/alan.lu\/fr\/","name":"ALAN","description":"Rare Diseases Luxembourg","potentialAction":[{"@type":"SearchAction","target":{"@type":"EntryPoint","urlTemplate":"https:\/\/alan.lu\/fr\/?s={search_term_string}"},"query-input":{"@type":"PropertyValueSpecification","valueRequired":true,"valueName":"search_term_string"}}],"inLanguage":"fr-FR"}]}},"campaignId":"","_links":{"self":[{"href":"https:\/\/alan.lu\/fr\/wp-json\/wp\/v2\/pages\/24047","targetHints":{"allow":["GET"]}}],"collection":[{"href":"https:\/\/alan.lu\/fr\/wp-json\/wp\/v2\/pages"}],"about":[{"href":"https:\/\/alan.lu\/fr\/wp-json\/wp\/v2\/types\/page"}],"author":[{"embeddable":true,"href":"https:\/\/alan.lu\/fr\/wp-json\/wp\/v2\/users\/2"}],"replies":[{"embeddable":true,"href":"https:\/\/alan.lu\/fr\/wp-json\/wp\/v2\/comments?post=24047"}],"version-history":[{"count":2,"href":"https:\/\/alan.lu\/fr\/wp-json\/wp\/v2\/pages\/24047\/revisions"}],"predecessor-version":[{"id":24051,"href":"https:\/\/alan.lu\/fr\/wp-json\/wp\/v2\/pages\/24047\/revisions\/24051"}],"up":[{"embeddable":true,"href":"https:\/\/alan.lu\/fr\/wp-json\/wp\/v2\/pages\/20760"}],"wp:attachment":[{"href":"https:\/\/alan.lu\/fr\/wp-json\/wp\/v2\/media?parent=24047"}],"curies":[{"name":"wp","href":"https:\/\/api.w.org\/{rel}","templated":true}]}}