{"id":24290,"date":"2022-05-11T11:35:31","date_gmt":"2022-05-11T09:35:31","guid":{"rendered":"https:\/\/alan.lu\/?page_id=24290"},"modified":"2022-05-19T09:04:55","modified_gmt":"2022-05-19T07:04:55","slug":"alaec","status":"publish","type":"page","link":"https:\/\/alan.lu\/fr\/a-propos\/conseil-administration\/alaec\/","title":{"rendered":"Conseil d&#8217;Administration"},"content":{"rendered":"<div class=\"wpb-content-wrapper\"><p>[vc_row content_width=&#8221;grid&#8221; css=&#8221;.vc_custom_1492696696810{padding-top: 130px !important;padding-bottom: 90px !important;}&#8221;][vc_column offset=&#8221;vc_col-lg-6 vc_col-md-6 vc_col-xs-12&#8243;][vc_single_image image=&#8221;24271&#8243; img_size=&#8221;full&#8221;][vc_empty_space height=&#8221;35px&#8221;][vc_single_image image=&#8221;24349&#8243; img_size=&#8221;full&#8221;][\/vc_column][vc_column offset=&#8221;vc_col-lg-6 vc_col-md-6 vc_col-xs-12&#8243;]<div class=\"edgtf-elements-holder edgtf-responsive-mode-768\" ><div class=\"edgtf-elements-holder-item \" data-item-class=\"edgtf-elements-holder-custom-514907\" data-1280-1600=\"2% 7% 2% 5%\" data-1024-1280=\"2% 7% 2% 5%\" data-768-1024=\"2% 0% 2% 3%\" data-600-768=\"5% 0% 1% 0%\" >\n\t\t<div class=\"edgtf-elements-holder-item-inner\">\n\t\t<div class=\"edgtf-elements-holder-item-content edgtf-elements-holder-custom-514907\" style=\"padding: 2% 7% 2% 5%\">\n\t\t\t[vc_column_text]<\/p>\n<h2>ALAEC &#8211; Association Luxembourgeoise d&#8217;Aide aux Enfants Cardiaques<\/h2>\n<p>[\/vc_column_text][vc_column_text]<strong style=\"color: #ee3f75;\">Membre<\/strong>[\/vc_column_text][vc_empty_space height=&#8221;35px&#8221;][vc_column_text]<em><strong>repr\u00e9sent\u00e9e par Michel Colin, president d&#8217;ALAEC<\/strong><\/em><\/p>\n<p>Assistant d\u2019hygi\u00e8ne sociale de formation Michel a \u00e9galement suivi une formation en management des services du secteur SAS. Son parcours professionnel l\u2019a conduit du travail m\u00e9dico-social et social polyvalent de secteur au Minist\u00e8re de la S\u00e9curit\u00e9 sociale (et ensuite de la Famille) pour assurer par la suite des fonctions de direction dans le secteur du handicap. \u00c2g\u00e9 de 58 ans, il a fait le choix de revenir \u00ab sur le terrain \u00bb.<\/p>\n<p>Il est membre fondateur et pr\u00e9sident du conseil d\u2019administration de l\u2019Association Luxembourgeoise d\u2019Aide aux Enfants Cardiaques asbl (ALAEC) qui a pour principales missions :<\/p>\n<ul>\n<li>D\u2019encourager les initiatives visant le bien-\u00eatre des enfants hospitalis\u00e9s et de leurs proches et les accompagner en cas de besoin ;<\/li>\n<li>De cr\u00e9er des liens, favoriser l\u2019entraide et la solidarit\u00e9 ;<\/li>\n<li>De sensibiliser le public et les d\u00e9cideurs politiques, d\u00e9fendre les int\u00e9r\u00eats des personnes concern\u00e9es et collaborer avec les pouvoirs publics et les associations nationales et internationales ;<\/li>\n<li>D\u2019apporter une aide pour la prise en charge des frais en relation avec la cardiopathie (m\u00e9dicaments, hospitalisation, d\u00e9placements, &#8230;) ;<\/li>\n<li>De soutenir financi\u00e8rement la recherche scientifique dans le domaine des cardiopathies cong\u00e9nitales et acquises durant l\u2019enfance et leur traitement ;<\/li>\n<li>D\u2019\u00e9couter, soutenir, accompagner au plan social, moral, psychologique ;<\/li>\n<li>De r\u00e9pondre aux questions administratives, financi\u00e8res, institutionnelles.<\/li>\n<\/ul>\n<p>Michel souhaite apporter au conseil d\u2019administration son exp\u00e9rience du travail social et du secteur ainsi que le poids de son association pour contribuer au fonctionnement et au d\u00e9veloppement de l\u2019ALAN dans l\u2019int\u00e9r\u00eat des personnes atteintes d\u2019une maladie rare.[\/vc_column_text][vc_empty_space height=&#8221;35px&#8221;]\t\t<\/div>\n\t<\/div>\n\t<\/div><\/div>[\/vc_column][\/vc_row][vc_row content_width=&#8221;grid&#8221; css=&#8221;.vc_custom_1596118384380{padding-top: 36px !important;padding-bottom: 41px !important;background-color: #ee3f75 !important;}&#8221;][vc_column css=&#8221;.vc_custom_1492609383973{padding-top: 2px !important;}&#8221;]\t<div class=\"edgtf-call-to-action normal\" style=\"background-color: #ee3f75;\">\n\n\t\t\t\t<div class=\"edgtf-container-inner\">\n\t\t\t\t\t<div class=\"edgtf-call-to-action-row-75-25 clearfix\" style=\"padding: 20px;\">\n\t\t\t\t\t\t<div class=\"edgtf-text-wrapper edgtf-call-to-action-column1 edgtf-call-to-action-cell left\">\n\t\t\t\t\t<div class=\"edgtf-call-to-action-text\" style=\"text-align: left\">\n<h2><span style=\"color: #ffffff;\">Contactez-nous en cas de question ou besoin d&#8217;assistance<\/span><\/h2>\n\t\t\t\t\t\t\t\t\t\t\t<\/div>\n\t\t\t\t<\/div>\n\n\t\t\t\t\t\t\t\t\t<div class=\"edgtf-button-wrapper edgtf-call-to-action-column2 edgtf-call-to-action-cell\" style =\"text-align: right ;\">\n\t\t\t\t\t\t<a itemprop=\"url\" href=\"https:\/\/alan.lu\/fr\/contactez-nous\/\" target=\"_self\" style=\"color: #ee3f75;background-color: #ffffff;border-color: #ffffff\" class=\"edgtf-btn edgtf-btn-large edgtf-btn-solid edgtf-btn-custom-hover-bg edgtf-btn-custom-border-hover edgtf-btn-custom-hover-color\" data-hover-bg-color=\"#ee3f75\" data-hover-color=\"#ffffff\" data-hover-border-color=\"#ffffff\" >\t<span class=\"edgtf-btn-text\">Contact<\/span>    <\/a>\t\t\t\t\t<\/div>\n\t\t\t\t\t\t\t<\/div>\n\t\t\t\t<\/div>\n\t\t\t<\/div>\n[\/vc_column][\/vc_row]<\/p>\n<\/div>","protected":false},"excerpt":{"rendered":"<p>[vc_row content_width=&#8221;grid&#8221; css=&#8221;.vc_custom_1492696696810{padding-top: 130px !important;padding-bottom: 90px !important;}&#8221;][vc_column offset=&#8221;vc_col-lg-6 vc_col-md-6 vc_col-xs-12&#8243;][vc_single_image image=&#8221;24271&#8243; img_size=&#8221;full&#8221;][vc_empty_space height=&#8221;35px&#8221;][vc_single_image image=&#8221;24349&#8243; img_size=&#8221;full&#8221;][\/vc_column][vc_column offset=&#8221;vc_col-lg-6 vc_col-md-6 vc_col-xs-12&#8243;][\/vc_column][\/vc_row][vc_row content_width=&#8221;grid&#8221; css=&#8221;.vc_custom_1596118384380{padding-top: 36px !important;padding-bottom: 41px !important;background-color: #ee3f75 !important;}&#8221;][vc_column css=&#8221;.vc_custom_1492609383973{padding-top: 2px !important;}&#8221;][\/vc_column][\/vc_row]<\/p>\n","protected":false},"author":2,"featured_media":0,"parent":20804,"menu_order":0,"comment_status":"closed","ping_status":"closed","template":"","meta":{"give_campaign_id":0,"inline_featured_image":false,"footnotes":""},"class_list":["post-24290","page","type-page","status-publish","hentry"],"yoast_head":"<!-- This site is optimized with the Yoast SEO plugin v26.9 - https:\/\/yoast.com\/product\/yoast-seo-wordpress\/ -->\n<title>Conseil d&#039;Administration - ALAN<\/title>\n<meta name=\"robots\" content=\"index, follow, max-snippet:-1, max-image-preview:large, max-video-preview:-1\" \/>\n<link rel=\"canonical\" href=\"https:\/\/alan.lu\/fr\/a-propos\/conseil-administration\/alaec\/\" \/>\n<meta property=\"og:locale\" content=\"fr_FR\" \/>\n<meta property=\"og:type\" content=\"article\" \/>\n<meta property=\"og:title\" content=\"Conseil d&#039;Administration - ALAN\" \/>\n<meta property=\"og:description\" content=\"[vc_row content_width=&#8221;grid&#8221; css=&#8221;.vc_custom_1492696696810{padding-top: 130px !important;padding-bottom: 90px !important;}&#8221;][vc_column offset=&#8221;vc_col-lg-6 vc_col-md-6 vc_col-xs-12&#8243;][vc_single_image image=&#8221;24271&#8243; img_size=&#8221;full&#8221;][vc_empty_space height=&#8221;35px&#8221;][vc_single_image image=&#8221;24349&#8243; img_size=&#8221;full&#8221;][\/vc_column][vc_column offset=&#8221;vc_col-lg-6 vc_col-md-6 vc_col-xs-12&#8243;][\/vc_column][\/vc_row][vc_row content_width=&#8221;grid&#8221; css=&#8221;.vc_custom_1596118384380{padding-top: 36px !important;padding-bottom: 41px !important;background-color: #ee3f75 !important;}&#8221;][vc_column css=&#8221;.vc_custom_1492609383973{padding-top: 2px !important;}&#8221;][\/vc_column][\/vc_row]\" \/>\n<meta property=\"og:url\" content=\"https:\/\/alan.lu\/fr\/a-propos\/conseil-administration\/alaec\/\" \/>\n<meta property=\"og:site_name\" content=\"ALAN\" \/>\n<meta property=\"article:modified_time\" content=\"2022-05-19T07:04:55+00:00\" \/>\n<meta name=\"twitter:card\" content=\"summary_large_image\" \/>\n<meta name=\"twitter:label1\" content=\"Dur\u00e9e de lecture estim\u00e9e\" \/>\n\t<meta name=\"twitter:data1\" content=\"2 minutes\" \/>\n<script type=\"application\/ld+json\" class=\"yoast-schema-graph\">{\"@context\":\"https:\/\/schema.org\",\"@graph\":[{\"@type\":\"WebPage\",\"@id\":\"https:\/\/alan.lu\/fr\/a-propos\/conseil-administration\/alaec\/\",\"url\":\"https:\/\/alan.lu\/fr\/a-propos\/conseil-administration\/alaec\/\",\"name\":\"Conseil d'Administration - ALAN\",\"isPartOf\":{\"@id\":\"https:\/\/alan.lu\/fr\/#website\"},\"datePublished\":\"2022-05-11T09:35:31+00:00\",\"dateModified\":\"2022-05-19T07:04:55+00:00\",\"breadcrumb\":{\"@id\":\"https:\/\/alan.lu\/fr\/a-propos\/conseil-administration\/alaec\/#breadcrumb\"},\"inLanguage\":\"fr-FR\",\"potentialAction\":[{\"@type\":\"ReadAction\",\"target\":[\"https:\/\/alan.lu\/fr\/a-propos\/conseil-administration\/alaec\/\"]}]},{\"@type\":\"BreadcrumbList\",\"@id\":\"https:\/\/alan.lu\/fr\/a-propos\/conseil-administration\/alaec\/#breadcrumb\",\"itemListElement\":[{\"@type\":\"ListItem\",\"position\":1,\"name\":\"Accueil\",\"item\":\"https:\/\/alan.lu\/fr\/\"},{\"@type\":\"ListItem\",\"position\":2,\"name\":\"\u00c0 propos\",\"item\":\"https:\/\/alan.lu\/fr\/a-propos\/\"},{\"@type\":\"ListItem\",\"position\":3,\"name\":\"Conseil d\u2019Administration\",\"item\":\"https:\/\/alan.lu\/fr\/a-propos\/conseil-administration\/\"},{\"@type\":\"ListItem\",\"position\":4,\"name\":\"Conseil d&#8217;Administration\"}]},{\"@type\":\"WebSite\",\"@id\":\"https:\/\/alan.lu\/fr\/#website\",\"url\":\"https:\/\/alan.lu\/fr\/\",\"name\":\"ALAN\",\"description\":\"Rare Diseases Luxembourg\",\"potentialAction\":[{\"@type\":\"SearchAction\",\"target\":{\"@type\":\"EntryPoint\",\"urlTemplate\":\"https:\/\/alan.lu\/fr\/?s={search_term_string}\"},\"query-input\":{\"@type\":\"PropertyValueSpecification\",\"valueRequired\":true,\"valueName\":\"search_term_string\"}}],\"inLanguage\":\"fr-FR\"}]}<\/script>\n<!-- \/ Yoast SEO plugin. -->","yoast_head_json":{"title":"Conseil d'Administration - ALAN","robots":{"index":"index","follow":"follow","max-snippet":"max-snippet:-1","max-image-preview":"max-image-preview:large","max-video-preview":"max-video-preview:-1"},"canonical":"https:\/\/alan.lu\/fr\/a-propos\/conseil-administration\/alaec\/","og_locale":"fr_FR","og_type":"article","og_title":"Conseil d'Administration - ALAN","og_description":"[vc_row content_width=&#8221;grid&#8221; css=&#8221;.vc_custom_1492696696810{padding-top: 130px !important;padding-bottom: 90px !important;}&#8221;][vc_column offset=&#8221;vc_col-lg-6 vc_col-md-6 vc_col-xs-12&#8243;][vc_single_image image=&#8221;24271&#8243; img_size=&#8221;full&#8221;][vc_empty_space height=&#8221;35px&#8221;][vc_single_image image=&#8221;24349&#8243; img_size=&#8221;full&#8221;][\/vc_column][vc_column offset=&#8221;vc_col-lg-6 vc_col-md-6 vc_col-xs-12&#8243;][\/vc_column][\/vc_row][vc_row content_width=&#8221;grid&#8221; css=&#8221;.vc_custom_1596118384380{padding-top: 36px !important;padding-bottom: 41px !important;background-color: #ee3f75 !important;}&#8221;][vc_column css=&#8221;.vc_custom_1492609383973{padding-top: 2px !important;}&#8221;][\/vc_column][\/vc_row]","og_url":"https:\/\/alan.lu\/fr\/a-propos\/conseil-administration\/alaec\/","og_site_name":"ALAN","article_modified_time":"2022-05-19T07:04:55+00:00","twitter_card":"summary_large_image","twitter_misc":{"Dur\u00e9e de lecture estim\u00e9e":"2 minutes"},"schema":{"@context":"https:\/\/schema.org","@graph":[{"@type":"WebPage","@id":"https:\/\/alan.lu\/fr\/a-propos\/conseil-administration\/alaec\/","url":"https:\/\/alan.lu\/fr\/a-propos\/conseil-administration\/alaec\/","name":"Conseil d'Administration - ALAN","isPartOf":{"@id":"https:\/\/alan.lu\/fr\/#website"},"datePublished":"2022-05-11T09:35:31+00:00","dateModified":"2022-05-19T07:04:55+00:00","breadcrumb":{"@id":"https:\/\/alan.lu\/fr\/a-propos\/conseil-administration\/alaec\/#breadcrumb"},"inLanguage":"fr-FR","potentialAction":[{"@type":"ReadAction","target":["https:\/\/alan.lu\/fr\/a-propos\/conseil-administration\/alaec\/"]}]},{"@type":"BreadcrumbList","@id":"https:\/\/alan.lu\/fr\/a-propos\/conseil-administration\/alaec\/#breadcrumb","itemListElement":[{"@type":"ListItem","position":1,"name":"Accueil","item":"https:\/\/alan.lu\/fr\/"},{"@type":"ListItem","position":2,"name":"\u00c0 propos","item":"https:\/\/alan.lu\/fr\/a-propos\/"},{"@type":"ListItem","position":3,"name":"Conseil d\u2019Administration","item":"https:\/\/alan.lu\/fr\/a-propos\/conseil-administration\/"},{"@type":"ListItem","position":4,"name":"Conseil d&#8217;Administration"}]},{"@type":"WebSite","@id":"https:\/\/alan.lu\/fr\/#website","url":"https:\/\/alan.lu\/fr\/","name":"ALAN","description":"Rare Diseases Luxembourg","potentialAction":[{"@type":"SearchAction","target":{"@type":"EntryPoint","urlTemplate":"https:\/\/alan.lu\/fr\/?s={search_term_string}"},"query-input":{"@type":"PropertyValueSpecification","valueRequired":true,"valueName":"search_term_string"}}],"inLanguage":"fr-FR"}]}},"campaignId":"","_links":{"self":[{"href":"https:\/\/alan.lu\/fr\/wp-json\/wp\/v2\/pages\/24290","targetHints":{"allow":["GET"]}}],"collection":[{"href":"https:\/\/alan.lu\/fr\/wp-json\/wp\/v2\/pages"}],"about":[{"href":"https:\/\/alan.lu\/fr\/wp-json\/wp\/v2\/types\/page"}],"author":[{"embeddable":true,"href":"https:\/\/alan.lu\/fr\/wp-json\/wp\/v2\/users\/2"}],"replies":[{"embeddable":true,"href":"https:\/\/alan.lu\/fr\/wp-json\/wp\/v2\/comments?post=24290"}],"version-history":[{"count":7,"href":"https:\/\/alan.lu\/fr\/wp-json\/wp\/v2\/pages\/24290\/revisions"}],"predecessor-version":[{"id":24353,"href":"https:\/\/alan.lu\/fr\/wp-json\/wp\/v2\/pages\/24290\/revisions\/24353"}],"up":[{"embeddable":true,"href":"https:\/\/alan.lu\/fr\/wp-json\/wp\/v2\/pages\/20804"}],"wp:attachment":[{"href":"https:\/\/alan.lu\/fr\/wp-json\/wp\/v2\/media?parent=24290"}],"curies":[{"name":"wp","href":"https:\/\/api.w.org\/{rel}","templated":true}]}}