{"id":29873,"date":"2024-11-04T13:06:22","date_gmt":"2024-11-04T12:06:22","guid":{"rendered":"https:\/\/alan.lu\/?page_id=29873"},"modified":"2025-09-22T12:09:21","modified_gmt":"2025-09-22T10:09:21","slug":"alliance-nationale-maladies-rares","status":"publish","type":"page","link":"https:\/\/alan.lu\/fr\/alliance-nationale-maladies-rares\/","title":{"rendered":"Alliance Nationale Maladies Rares"},"content":{"rendered":"<div class=\"wpb-content-wrapper\"><p>[vc_row][vc_column][vc_column_text css=&#8221;&#8221;]<\/p>\n<h2 style=\"text-align: center;\">Alliance Nationale Maladies Rares<\/h2>\n<p>[\/vc_column_text]<div class=\"edgtf-separator-holder clearfix  edgtf-separator-center\">\n\t<div class=\"edgtf-separator\" style=\"border-color: #00bcdf;width: 50px;border-bottom-width: 3px;margin-top: 25px;margin-bottom: 25px\"><\/div>\n<\/div>\n[\/vc_column][\/vc_row][vc_row content_width=&#8221;grid&#8221;][vc_column width=&#8221;1\/2&#8243;][vc_column_text css=&#8221;&#8221;]En 2021 dans le cadre du Plan National Maladies Rares, ALAN a obtenu le mandat officiel du minist\u00e8re de la Sant\u00e9 de g\u00e9rer l\u2019<em>Alliance Nationale Maladies Rares <\/em>(ANMR), afin de f\u00e9d\u00e9rer les associations \u0153uvrant dans le domaine de maladies rares sp\u00e9cifiques au Luxembourg.<\/p>\n<p>L\u2019alliance nationale vise \u00e0<strong> regrouper et \u00e0 d\u00e9fendre les int\u00e9r\u00eats<\/strong> collectifs de la communaut\u00e9 des personnes vivant avec une maladie rare, ainsi que des associations qui les repr\u00e9sentent, tant au niveau national qu\u2019europ\u00e9en, pour revendiquer une meilleure reconnaissance, l\u2019\u00e9galit\u00e9 des chances et des changements politiques am\u00e9liorant la qualit\u00e9 de vie des personnes concern\u00e9es.[\/vc_column_text][vc_empty_space height=&#8221;15px&#8221;][vc_column_text css=&#8221;&#8221;]Afin d\u2019optimiser l\u2019\u00e9change et la collaboration entre les diff\u00e9rentes associations, ALAN a mis en place la <em>Plateforme de l\u2019Alliance Nationale Maladies Rares Luxembourg<\/em>. Actuellement les associations et fondations suivantes y participent\u00a0:[\/vc_column_text][vc_empty_space height=&#8221;15px&#8221;]<div class= \"edgtf-ordered-list\" >\n<ol>\n<li><a href=\"https:\/\/www.alh.lu\/\">Association Luxembourgeoise des H\u00e9mophiles<\/a><\/li>\n<li><a href=\"https:\/\/allm.lu\/fr\/\">Association Luxembourgeoise de Lutte contre la Mucoviscidose<\/a><\/li>\n<li><a href=\"https:\/\/alsr.lu\/\">Association Luxembourgeoise du Syndrome de Rett<\/a><\/li>\n<li>CASK Luxembourg<\/li>\n<li><a href=\"https:\/\/den-i.lu\/\">den-i Syndrome de Marfan Luxembourg<\/a><\/li>\n<li><a href=\"https:\/\/kriibskrankkanner.lu\/\">Een H\u00e4erz fir kriibskrank Kanner<\/a><\/li>\n<li><a href=\"https:\/\/edsletzebuerg.lu\/2\/\">EDS L\u00ebtzebuerg<\/a><\/li>\n<li><a href=\"https:\/\/ela-asso.lu\/\">ELA Luxembourg<\/a><\/li>\n<li><a href=\"https:\/\/fondatioun.lu\/\">Fondatioun Kriibskrank Kanner<\/a><\/li>\n<li><a href=\"https:\/\/www.alaec.lu\/\">Association Luxembourgeoise d\u2019Aide aux Enfants Cardiaques<\/a><\/li>\n<li><a href=\"https:\/\/www.waertvollt-liewen.lu\/\">W\u00e4ertvollt Liewen<\/a><\/li>\n<\/ol>\n<\/div>[vc_empty_space height=&#8221;15px&#8221;][\/vc_column][vc_column width=&#8221;1\/2&#8243;][vc_column_text css=&#8221;&#8221;]Les membres de la plateforme de l\u2019alliance nationale se r\u00e9unissent r\u00e9guli\u00e8rement pour se concerter sur des actions concr\u00e8tes \u00e0 mettre en place, notamment la contribution au Plan National Maladies Rares (PNMR), le lancement de campagnes de sensibilisation, des initiatives de lobbying, et l\u2019organisation de formations pour les patients.<\/p>\n<p>L\u2019alliance nationale collabore en outre avec d\u2019autres associations de patients luxembourgeoises, le <a href=\"https:\/\/capat.lu\/\">Cercle des Associations de Patients<\/a>, <a href=\"https:\/\/info-handicap.lu\/\">Info-Handicap<\/a>, et les organisations internationales pertinentes, telles que <a href=\"https:\/\/www.eurordis.org\/\">EURORDIS<\/a>, l\u2019<a href=\"https:\/\/www.afm-telethon.fr\/fr\">AFM-T\u00e9l\u00e9thon<\/a>, ou encore l\u2019<a href=\"https:\/\/alliance-maladies-rares.org\/\">Alliance fran\u00e7aise pour les maladies rares<\/a>.[\/vc_column_text][\/vc_column][\/vc_row][vc_row][vc_column][vc_empty_space height=&#8221;50px&#8221;][\/vc_column][\/vc_row][vc_row][vc_column width=&#8221;1\/6&#8243;][vc_single_image image=&#8221;30523&#8243; img_size=&#8221;medium&#8221; onclick=&#8221;custom_link&#8221; img_link_target=&#8221;_blank&#8221; css=&#8221;&#8221; link=&#8221;https:\/\/www.alh.lu\/&#8221;][vc_empty_space height=&#8221;50px&#8221;][\/vc_column][vc_column width=&#8221;1\/6&#8243;][vc_single_image image=&#8221;30520&#8243; img_size=&#8221;medium&#8221; onclick=&#8221;custom_link&#8221; img_link_target=&#8221;_blank&#8221; css=&#8221;&#8221; link=&#8221;https:\/\/allm.lu\/&#8221;][vc_empty_space height=&#8221;50px&#8221;][\/vc_column][vc_column width=&#8221;1\/6&#8243;][vc_single_image image=&#8221;30517&#8243; img_size=&#8221;medium&#8221; onclick=&#8221;custom_link&#8221; img_link_target=&#8221;_blank&#8221; css=&#8221;&#8221; link=&#8221;https:\/\/alsr.lu\/&#8221;][vc_empty_space height=&#8221;50px&#8221;][\/vc_column][vc_column width=&#8221;1\/6&#8243;][vc_single_image image=&#8221;30755&#8243; img_size=&#8221;medium&#8221; onclick=&#8221;custom_link&#8221; img_link_target=&#8221;_blank&#8221; css=&#8221;&#8221;][vc_empty_space height=&#8221;50px&#8221;][\/vc_column][vc_column width=&#8221;1\/6&#8243;][vc_single_image image=&#8221;25543&#8243; img_size=&#8221;medium&#8221; onclick=&#8221;custom_link&#8221; img_link_target=&#8221;_blank&#8221; css=&#8221;&#8221; link=&#8221;https:\/\/den-i.lu\/&#8221;][vc_empty_space height=&#8221;50px&#8221;][\/vc_column][vc_column width=&#8221;1\/6&#8243;][vc_single_image image=&#8221;29641&#8243; img_size=&#8221;medium&#8221; onclick=&#8221;custom_link&#8221; img_link_target=&#8221;_blank&#8221; css=&#8221;&#8221; link=&#8221;https:\/\/kriibskrankkanner.lu\/&#8221;][vc_empty_space height=&#8221;50px&#8221;][\/vc_column][\/vc_row][vc_row][vc_column width=&#8221;1\/6&#8243;][vc_single_image image=&#8221;25546&#8243; img_size=&#8221;medium&#8221; onclick=&#8221;custom_link&#8221; img_link_target=&#8221;_blank&#8221; css=&#8221;&#8221; link=&#8221;https:\/\/edsletzebuerg.lu\/&#8221;][vc_empty_space height=&#8221;50px&#8221;][\/vc_column][vc_column width=&#8221;1\/6&#8243;][vc_single_image image=&#8221;30514&#8243; img_size=&#8221;medium&#8221; onclick=&#8221;custom_link&#8221; img_link_target=&#8221;_blank&#8221; css=&#8221;&#8221; link=&#8221;https:\/\/ela-asso.lu\/&#8221;][vc_empty_space height=&#8221;50px&#8221;][\/vc_column][vc_column width=&#8221;1\/6&#8243;][vc_single_image image=&#8221;25549&#8243; img_size=&#8221;medium&#8221; onclick=&#8221;custom_link&#8221; img_link_target=&#8221;_blank&#8221; css=&#8221;&#8221; link=&#8221;https:\/\/fondatioun.lu\/en\/&#8221;][vc_empty_space height=&#8221;50px&#8221;][\/vc_column][vc_column width=&#8221;1\/6&#8243;][vc_single_image image=&#8221;29660&#8243; img_size=&#8221;medium&#8221; onclick=&#8221;custom_link&#8221; img_link_target=&#8221;_blank&#8221; css=&#8221;&#8221; link=&#8221;https:\/\/www.alaec.lu\/&#8221;][vc_empty_space height=&#8221;50px&#8221;][\/vc_column][vc_column width=&#8221;1\/6&#8243;][vc_single_image image=&#8221;25558&#8243; img_size=&#8221;medium&#8221; onclick=&#8221;custom_link&#8221; img_link_target=&#8221;_blank&#8221; css=&#8221;&#8221; link=&#8221;https:\/\/www.waertvollt-liewen.lu\/&#8221;][vc_empty_space height=&#8221;50px&#8221;][\/vc_column][vc_column width=&#8221;1\/6&#8243;][\/vc_column][\/vc_row][vc_row content_width=&#8221;grid&#8221; css=&#8221;.vc_custom_1601640129370{padding-top: 36px !important;padding-bottom: 41px !important;}&#8221; el_id=&#8221;wrapper-contact-next-btn&#8221;][vc_column width=&#8221;1\/2&#8243; el_id=&#8221;wrapper-contact-next-col-1&#8243;]\t<div class=\"edgtf-call-to-action normal\" style=\"background-color: #ee3f75;\">\n\n\t\t\t\t\t<div class=\"edgtf-call-to-action-row-75-25 clearfix\" style=\"padding: 55px 15px;\">\n\t\t\t\t\t\t<div class=\"edgtf-text-wrapper edgtf-call-to-action-column1 edgtf-call-to-action-cell left\">\n\t\t\t\t\t<div class=\"edgtf-call-to-action-text\" style=\"text-align: left\"><span class=\"wrapper-contact-next-btn-text\">Contactez-nous en cas de questions ou besoin d\u2019assistance<\/span>\t\t\t\t\t\t\t\t\t\t\t<\/div>\n\t\t\t\t<\/div>\n\n\t\t\t\t\t\t\t\t\t<div class=\"edgtf-button-wrapper edgtf-call-to-action-column2 edgtf-call-to-action-cell\" style =\"text-align: right ;\">\n\t\t\t\t\t\t<a itemprop=\"url\" href=\"\/fr\/contactez-nous\/\" target=\"_self\" style=\"color: #ee3f75;background-color: #ffffff;border-color: #ffffff\" class=\"edgtf-btn edgtf-btn-large edgtf-btn-solid edgtf-btn-custom-hover-bg edgtf-btn-custom-border-hover edgtf-btn-custom-hover-color\" data-hover-bg-color=\"#ee3f75\" data-hover-color=\"#ffffff\" data-hover-border-color=\"#ffffff\" >\t<span class=\"edgtf-btn-text\">Contact<\/span>    <\/a>\t\t\t\t\t<\/div>\n\t\t\t\t\t\t\t<\/div>\n\t\t\t<\/div>\n[\/vc_column][vc_column width=&#8221;1\/2&#8243;]\t<div class=\"edgtf-call-to-action normal\" style=\"background-color: #00bcdf;\">\n\n\t\t\t\t\t<div class=\"edgtf-call-to-action-row-75-25 clearfix\" style=\"padding: 55px 15px;\">\n\t\t\t\t\t\t<div class=\"edgtf-text-wrapper edgtf-call-to-action-column1 edgtf-call-to-action-cell left\">\n\t\t\t\t\t<div class=\"edgtf-call-to-action-text\" style=\"text-align: left\"><span class=\"wrapper-contact-next-btn-text\">Qu&#8217;est-ce qu&#8217;une maladie rare ?<\/span>\t\t\t\t\t\t\t\t\t\t\t<\/div>\n\t\t\t\t<\/div>\n\n\t\t\t\t\t\t\t\t\t<div class=\"edgtf-button-wrapper edgtf-call-to-action-column2 edgtf-call-to-action-cell\" style =\"text-align: right ;\">\n\t\t\t\t\t\t<a itemprop=\"url\" href=\"\/fr\/qu-est-ce-qu-une-maladie-rare\/\" target=\"_self\" style=\"color: #00bcdf;background-color: #ffffff;border-color: #ffffff\" class=\"edgtf-btn edgtf-btn-large edgtf-btn-solid edgtf-btn-custom-hover-bg edgtf-btn-custom-border-hover edgtf-btn-custom-hover-color\" data-hover-bg-color=\"#00bcdf\" data-hover-color=\"#ffffff\" data-hover-border-color=\"#ffffff\" >\t<span class=\"edgtf-btn-text\">En savoir plus<\/span>    <\/a>\t\t\t\t\t<\/div>\n\t\t\t\t\t\t\t<\/div>\n\t\t\t<\/div>\n[\/vc_column][\/vc_row]<\/p>\n<\/div>","protected":false},"excerpt":{"rendered":"<p>[vc_row][vc_column][vc_column_text css=&#8221;&#8221;] Alliance Nationale Maladies Rares [\/vc_column_text][\/vc_column][\/vc_row][vc_row content_width=&#8221;grid&#8221;][vc_column width=&#8221;1\/2&#8243;][vc_column_text css=&#8221;&#8221;]En 2021 dans le cadre du Plan National Maladies Rares, ALAN a obtenu le mandat officiel du minist\u00e8re de la Sant\u00e9&#8230;<\/p>\n","protected":false},"author":2,"featured_media":0,"parent":0,"menu_order":0,"comment_status":"closed","ping_status":"closed","template":"","meta":{"give_campaign_id":0,"inline_featured_image":false,"footnotes":""},"class_list":["post-29873","page","type-page","status-publish","hentry"],"yoast_head":"<!-- This site is optimized with the Yoast SEO plugin v26.9 - https:\/\/yoast.com\/product\/yoast-seo-wordpress\/ -->\n<title>Alliance Nationale Maladies Rares Maladies Rares Luxembourg - ALAN<\/title>\n<meta name=\"description\" content=\"Le Plan National Maladies Rares et sa mise en \u0153uvre doivent d\u00e9finir et garantir l\u2019\u00e9galit\u00e9 d\u2019acc\u00e8s au diagnostic, \u00e0 la th\u00e9rapie et aux soins pour toutes les personnes atteintes d\u2019une maladie rare.\" \/>\n<meta name=\"robots\" content=\"index, follow, max-snippet:-1, max-image-preview:large, max-video-preview:-1\" \/>\n<link rel=\"canonical\" href=\"https:\/\/alan.lu\/fr\/alliance-nationale-maladies-rares\/\" \/>\n<meta property=\"og:locale\" content=\"fr_FR\" \/>\n<meta property=\"og:type\" content=\"article\" \/>\n<meta property=\"og:title\" content=\"Alliance Nationale Maladies Rares Maladies Rares Luxembourg - ALAN\" \/>\n<meta property=\"og:description\" content=\"Le Plan National Maladies Rares et sa mise en \u0153uvre doivent d\u00e9finir et garantir l\u2019\u00e9galit\u00e9 d\u2019acc\u00e8s au diagnostic, \u00e0 la th\u00e9rapie et aux soins pour toutes les personnes atteintes d\u2019une maladie rare.\" \/>\n<meta property=\"og:url\" content=\"https:\/\/alan.lu\/fr\/alliance-nationale-maladies-rares\/\" \/>\n<meta property=\"og:site_name\" content=\"ALAN\" \/>\n<meta property=\"article:modified_time\" content=\"2025-09-22T10:09:21+00:00\" \/>\n<meta name=\"twitter:card\" content=\"summary_large_image\" \/>\n<meta name=\"twitter:label1\" content=\"Dur\u00e9e de lecture estim\u00e9e\" \/>\n\t<meta name=\"twitter:data1\" content=\"2 minutes\" \/>\n<script type=\"application\/ld+json\" class=\"yoast-schema-graph\">{\"@context\":\"https:\/\/schema.org\",\"@graph\":[{\"@type\":\"WebPage\",\"@id\":\"https:\/\/alan.lu\/fr\/alliance-nationale-maladies-rares\/\",\"url\":\"https:\/\/alan.lu\/fr\/alliance-nationale-maladies-rares\/\",\"name\":\"Alliance Nationale Maladies Rares Maladies Rares Luxembourg - ALAN\",\"isPartOf\":{\"@id\":\"https:\/\/alan.lu\/fr\/#website\"},\"datePublished\":\"2024-11-04T12:06:22+00:00\",\"dateModified\":\"2025-09-22T10:09:21+00:00\",\"description\":\"Le Plan National Maladies Rares et sa mise en \u0153uvre doivent d\u00e9finir et garantir l\u2019\u00e9galit\u00e9 d\u2019acc\u00e8s au diagnostic, \u00e0 la th\u00e9rapie et aux soins pour toutes les personnes atteintes d\u2019une maladie rare.\",\"breadcrumb\":{\"@id\":\"https:\/\/alan.lu\/fr\/alliance-nationale-maladies-rares\/#breadcrumb\"},\"inLanguage\":\"fr-FR\",\"potentialAction\":[{\"@type\":\"ReadAction\",\"target\":[\"https:\/\/alan.lu\/fr\/alliance-nationale-maladies-rares\/\"]}]},{\"@type\":\"BreadcrumbList\",\"@id\":\"https:\/\/alan.lu\/fr\/alliance-nationale-maladies-rares\/#breadcrumb\",\"itemListElement\":[{\"@type\":\"ListItem\",\"position\":1,\"name\":\"Accueil\",\"item\":\"https:\/\/alan.lu\/fr\/\"},{\"@type\":\"ListItem\",\"position\":2,\"name\":\"Alliance Nationale Maladies Rares\"}]},{\"@type\":\"WebSite\",\"@id\":\"https:\/\/alan.lu\/fr\/#website\",\"url\":\"https:\/\/alan.lu\/fr\/\",\"name\":\"ALAN\",\"description\":\"Rare Diseases Luxembourg\",\"potentialAction\":[{\"@type\":\"SearchAction\",\"target\":{\"@type\":\"EntryPoint\",\"urlTemplate\":\"https:\/\/alan.lu\/fr\/?s={search_term_string}\"},\"query-input\":{\"@type\":\"PropertyValueSpecification\",\"valueRequired\":true,\"valueName\":\"search_term_string\"}}],\"inLanguage\":\"fr-FR\"}]}<\/script>\n<!-- \/ Yoast SEO plugin. -->","yoast_head_json":{"title":"Alliance Nationale Maladies Rares Maladies Rares Luxembourg - ALAN","description":"Le Plan National Maladies Rares et sa mise en \u0153uvre doivent d\u00e9finir et garantir l\u2019\u00e9galit\u00e9 d\u2019acc\u00e8s au diagnostic, \u00e0 la th\u00e9rapie et aux soins pour toutes les personnes atteintes d\u2019une maladie rare.","robots":{"index":"index","follow":"follow","max-snippet":"max-snippet:-1","max-image-preview":"max-image-preview:large","max-video-preview":"max-video-preview:-1"},"canonical":"https:\/\/alan.lu\/fr\/alliance-nationale-maladies-rares\/","og_locale":"fr_FR","og_type":"article","og_title":"Alliance Nationale Maladies Rares Maladies Rares Luxembourg - ALAN","og_description":"Le Plan National Maladies Rares et sa mise en \u0153uvre doivent d\u00e9finir et garantir l\u2019\u00e9galit\u00e9 d\u2019acc\u00e8s au diagnostic, \u00e0 la th\u00e9rapie et aux soins pour toutes les personnes atteintes d\u2019une maladie rare.","og_url":"https:\/\/alan.lu\/fr\/alliance-nationale-maladies-rares\/","og_site_name":"ALAN","article_modified_time":"2025-09-22T10:09:21+00:00","twitter_card":"summary_large_image","twitter_misc":{"Dur\u00e9e de lecture estim\u00e9e":"2 minutes"},"schema":{"@context":"https:\/\/schema.org","@graph":[{"@type":"WebPage","@id":"https:\/\/alan.lu\/fr\/alliance-nationale-maladies-rares\/","url":"https:\/\/alan.lu\/fr\/alliance-nationale-maladies-rares\/","name":"Alliance Nationale Maladies Rares Maladies Rares Luxembourg - ALAN","isPartOf":{"@id":"https:\/\/alan.lu\/fr\/#website"},"datePublished":"2024-11-04T12:06:22+00:00","dateModified":"2025-09-22T10:09:21+00:00","description":"Le Plan National Maladies Rares et sa mise en \u0153uvre doivent d\u00e9finir et garantir l\u2019\u00e9galit\u00e9 d\u2019acc\u00e8s au diagnostic, \u00e0 la th\u00e9rapie et aux soins pour toutes les personnes atteintes d\u2019une maladie rare.","breadcrumb":{"@id":"https:\/\/alan.lu\/fr\/alliance-nationale-maladies-rares\/#breadcrumb"},"inLanguage":"fr-FR","potentialAction":[{"@type":"ReadAction","target":["https:\/\/alan.lu\/fr\/alliance-nationale-maladies-rares\/"]}]},{"@type":"BreadcrumbList","@id":"https:\/\/alan.lu\/fr\/alliance-nationale-maladies-rares\/#breadcrumb","itemListElement":[{"@type":"ListItem","position":1,"name":"Accueil","item":"https:\/\/alan.lu\/fr\/"},{"@type":"ListItem","position":2,"name":"Alliance Nationale Maladies Rares"}]},{"@type":"WebSite","@id":"https:\/\/alan.lu\/fr\/#website","url":"https:\/\/alan.lu\/fr\/","name":"ALAN","description":"Rare Diseases Luxembourg","potentialAction":[{"@type":"SearchAction","target":{"@type":"EntryPoint","urlTemplate":"https:\/\/alan.lu\/fr\/?s={search_term_string}"},"query-input":{"@type":"PropertyValueSpecification","valueRequired":true,"valueName":"search_term_string"}}],"inLanguage":"fr-FR"}]}},"campaignId":"","_links":{"self":[{"href":"https:\/\/alan.lu\/fr\/wp-json\/wp\/v2\/pages\/29873","targetHints":{"allow":["GET"]}}],"collection":[{"href":"https:\/\/alan.lu\/fr\/wp-json\/wp\/v2\/pages"}],"about":[{"href":"https:\/\/alan.lu\/fr\/wp-json\/wp\/v2\/types\/page"}],"author":[{"embeddable":true,"href":"https:\/\/alan.lu\/fr\/wp-json\/wp\/v2\/users\/2"}],"replies":[{"embeddable":true,"href":"https:\/\/alan.lu\/fr\/wp-json\/wp\/v2\/comments?post=29873"}],"version-history":[{"count":9,"href":"https:\/\/alan.lu\/fr\/wp-json\/wp\/v2\/pages\/29873\/revisions"}],"predecessor-version":[{"id":30761,"href":"https:\/\/alan.lu\/fr\/wp-json\/wp\/v2\/pages\/29873\/revisions\/30761"}],"wp:attachment":[{"href":"https:\/\/alan.lu\/fr\/wp-json\/wp\/v2\/media?parent=29873"}],"curies":[{"name":"wp","href":"https:\/\/api.w.org\/{rel}","templated":true}]}}