{"id":30090,"date":"2025-01-23T08:55:51","date_gmt":"2025-01-23T07:55:51","guid":{"rendered":"https:\/\/alan.lu\/?page_id=30090"},"modified":"2026-01-23T10:10:00","modified_gmt":"2026-01-23T09:10:00","slug":"rarediseaseday2025","status":"publish","type":"page","link":"https:\/\/alan.lu\/fr\/rarediseaseday2025\/","title":{"rendered":"Rare Disease Day 2025"},"content":{"rendered":"<div class=\"wpb-content-wrapper\"><p>[vc_row content_width=&#8221;grid&#8221;][vc_column][vc_column_text css=&#8221;&#8221;]<\/p>\n<h2 style=\"text-align: center;\">Rare Disease Day 2025<\/h2>\n<p>[\/vc_column_text][vc_empty_space height=&#8221;14px&#8221;]<div class=\"edgtf-separator-holder clearfix  edgtf-separator-center\">\n\t<div class=\"edgtf-separator\" style=\"border-color: #00bcdf;width: 50px;border-bottom-width: 3px;margin-top: 25px;margin-bottom: 25px\"><\/div>\n<\/div>\n[vc_empty_space height=&#8221;14px&#8221;][\/vc_column][\/vc_row][vc_row][vc_column][vc_column_text css=&#8221;&#8221;]Le 28 f\u00e9vrier 2025 aura lieu le 18i\u00e8me Rare Disease Day (Journ\u00e9e Internationale des Maladies Rares) : une journ\u00e9e d\u00e9di\u00e9e \u00e0 sensibiliser le grand public sur les maladies rares et leur impact sur la vie des personnes concern\u00e9es, dont approximativement 30.000 au Luxembourg.<\/p>\n<p>Comme chaque ann\u00e9e, ALAN Maladies Rares Luxembourg, l\u2019a.s.b.l. et alliance nationale repr\u00e9sentant les personnes concern\u00e9es par une maladie rare au Grand-Duch\u00e9, lancera plusieurs actions de sensibilisation afin d\u2019am\u00e9liorer la prise de conscience et la compr\u00e9hension de ces maladies qui sont pour la plupart chroniques, progressives et incurables.<\/p>\n<p>Un grand merci \u00e0 tous nos partenaires qui ont soutenu nos actions de sensibilisation dans le cadre du Rare Disease Day ![\/vc_column_text][vc_empty_space height=&#8221;64px&#8221;][\/vc_column][\/vc_row][vc_row content_width=&#8221;grid&#8221;][vc_column][vc_column_text css=&#8221;&#8221;]<\/p>\n<h2 style=\"text-align: center;\">Le projet \u00ab Daily Distortion \u00bb<\/h2>\n<p>[\/vc_column_text][vc_empty_space height=&#8221;14px&#8221;]<div class=\"edgtf-separator-holder clearfix  edgtf-separator-center\">\n\t<div class=\"edgtf-separator\" style=\"border-color: #00bcdf;width: 50px;border-bottom-width: 3px;margin-top: 25px;margin-bottom: 25px\"><\/div>\n<\/div>\n[vc_empty_space height=&#8221;14px&#8221;][\/vc_column][\/vc_row][vc_row][vc_column][vc_column_text css=&#8221;&#8221;]Dans ce cadre, ALAN et l\u2019artiste <a href=\"https:\/\/www.yannicktossing.com\/\"><strong>Yannick Tossing<\/strong><\/a> collaborent sur leur nouveau projet <em>\u00ab<\/em> Daily Distortion \u00bb. Le lancement du projet sera c\u00e9l\u00e9br\u00e9 par une r\u00e9ception et l\u2019exposition de sculptures de M Tossing, qui symbolisent l\u2019impact d\u2019une maladie rare sur la vie quotidienne et la distorsion par rapport \u00e0 ce qui est consid\u00e9r\u00e9 comme \u00abnormal\u00bb. Cette r\u00e9ception aura lieu le 28 f\u00e9vrier 2025 en pr\u00e9sence de Madame Martine Deprez, ministre de la Sant\u00e9 et de la S\u00e9curit\u00e9 Sociale.<\/p>\n<p>Pour le projet <em>\u00ab<\/em> Daily Distortion \u00bb des <strong>t-shirts \u00e9thiques et \u00e9co-responsable,<\/strong> cr\u00e9\u00e9s par Yannick Tossing et produits par la Fondation Kr\u00e4izbierg, seront vendus afin de sensibiliser aux maladies rares, avec un accent sur la maladie de Huntington qui est la source d\u2019inspiration de l\u2019artiste. Les visuels sur les t-shirts sont des illustrations inspir\u00e9es par les sculptures expos\u00e9es de M Tossing, qui a v\u00e9cu les cons\u00e9quences de cette maladie neurod\u00e9g\u00e9n\u00e9rative dans sa famille. Les illustrations repr\u00e9sentent le d\u00e9fi que peut repr\u00e9senter l\u2019utilisation d\u2019objets du quotidien par la d\u00e9formation d\u2019une partie de ces objets. En outre, l\u2019aspect de la d\u00e9formation tire des parall\u00e8les avec les mutations g\u00e9n\u00e9tiques qui sont \u00e0 l\u2019origine de beaucoup de maladies rares.<\/p>\n<p>Vous pouvez <a href=\"https:\/\/www.yannicktossing.com\/daily-distortion\">pr\u00e9-commander les t-shirts sur le site web de Yannick.<\/a>[\/vc_column_text][vc_empty_space][vc_single_image image=&#8221;30100&#8243; img_size=&#8221;full&#8221; alignment=&#8221;center&#8221; css=&#8221;&#8221;][vc_empty_space height=&#8221;64px&#8221;][vc_column_text]<\/p>\n<p>[\/vc_column_text][\/vc_column][\/vc_row][vc_row content_width=&#8221;grid&#8221;][vc_column][vc_column_text]<\/p>\n<h2 style=\"text-align: center;\">L\u2019action \u00ab Global Chain of Lights \u00bb<\/h2>\n<p>[\/vc_column_text][vc_empty_space height=&#8221;14px&#8221;]<div class=\"edgtf-separator-holder clearfix  edgtf-separator-center\">\n\t<div class=\"edgtf-separator\" style=\"border-color: #00bcdf;width: 50px;border-bottom-width: 3px;margin-top: 25px;margin-bottom: 25px\"><\/div>\n<\/div>\n[vc_empty_space height=&#8221;14px&#8221;][\/vc_column][\/vc_row][vc_row][vc_column][vc_column_text css=&#8221;&#8221;]Comme les ann\u00e9es pr\u00e9c\u00e9dentes, un \u00e9l\u00e9ment phare du Rare Disease Day est la \u00ab Global Chain of Lights \u00bb &#8211; l\u2019illumination de b\u00e2timents publics embl\u00e9matiques et des monuments dans les couleurs du Rare Disease Day \u00e0 travers le monde entier. Le but de cette illumination est de briser l&#8217;isolement des personnes concern\u00e9es par une maladie rare, de leur exprimer notre solidarit\u00e9 et de sensibiliser le grand public.<\/p>\n<p>Dans le cadre de l\u2019action \u00ab Global Chain of Lights \u00bb au Luxembourg, de nombreux b\u00e2timents prestigieux seront illumin\u00e9s en bleu, rose, vert et violet pendant la derni\u00e8re semaine de f\u00e9vrier, dont entres autres\u00a0:[\/vc_column_text][vc_empty_space]<div class=\"edgtf-unordered-list  edgtf-square\" >\n<ul>\n<li>La Chambre des D\u00e9put\u00e9s<\/li>\n<li>La Philharmonie Luxembourg<\/li>\n<li>Le si\u00e8ge de la Spuerkeess<\/li>\n<li>Les hauts fourneaux de Belval<\/li>\n<li>Le Luxembourg Centre for Systems Biomedicine<\/li>\n<li>Le Centre hospitalier de Luxembourg<\/li>\n<li>Le Centre Hospitalier Emile Mayrisch<\/li>\n<li>Le Centre Hospitalier du Nord<\/li>\n<li>L&#8217;H\u00f4pital Kirchberg<\/li>\n<li>La ZithaKlink<\/li>\n<li>La Clinique Bohler<\/li>\n<li>Le Rehazenter<\/li>\n<li>Luxembourg-ville : le Ch\u00e2teau d&#8217;eau au ban de Gasperich<\/li>\n<li>Esch-sur-Alzette : le b\u00e2timent de l\u2019administration communale<\/li>\n<li>Grevenmacher : le b\u00e2timent de l\u2019administration communale<\/li>\n<li>Kehlen : le b\u00e2timent de l\u2019administration communale<\/li>\n<li>Mamer : le Mamer Schlass &amp; la Maison Citoyenne<\/li>\n<li>Nommern : le b\u00e2timent de l\u2019administration communale<\/li>\n<li>Remich: le b\u00e2timent de l\u2019administration communale<\/li>\n<li>Rosport-Mompach : le b\u00e2timent de l\u2019administration communale<\/li>\n<li>Schengen : le b\u00e2timent de l\u2019administration communale<\/li>\n<li>Schieren : le centrel culturel<\/li>\n<li>Steinfort : le b\u00e2timent de l\u2019administration communale<\/li>\n<li>Vall\u00e9e de l&#8217;Ernz : l&#8217;ancienne \u00e9cole &amp; l&#8217;\u00e9glise \u00e0 Medernach<\/li>\n<\/ul>\n<\/div>[vc_empty_space height=&#8221;14px&#8221;][vc_single_image image=&#8221;23747&#8243; img_size=&#8221;full&#8221; alignment=&#8221;center&#8221;][vc_empty_space height=&#8221;64px&#8221;][vc_column_text]<\/p>\n<p>[\/vc_column_text][\/vc_column][\/vc_row][vc_row content_width=&#8221;grid&#8221;][vc_column][vc_column_text css=&#8221;&#8221;]<\/p>\n<h2 style=\"text-align: center;\">Les actions de sensibilisation compl\u00e9mentaires<\/h2>\n<p>[\/vc_column_text][vc_empty_space height=&#8221;14px&#8221;]<div class=\"edgtf-separator-holder clearfix  edgtf-separator-center\">\n\t<div class=\"edgtf-separator\" style=\"border-color: #00bcdf;width: 50px;border-bottom-width: 3px;margin-top: 25px;margin-bottom: 25px\"><\/div>\n<\/div>\n[vc_empty_space height=&#8221;14px&#8221;][vc_column_text css=&#8221;&#8221;]Le projet \u00ab\u00a0Daily Distortion\u00a0\u00bb et l\u2019illumination des b\u00e2timents seront accompagn\u00e9s par d\u2019autres actions de sensibilisation, men\u00e9e par ALAN et ses partenaires\u00a0:<\/p>\n<ul>\n<li>Le 27 f\u00e9vrier 2025 ; journ\u00e9e de sensibilisation avec conf\u00e9rence au Centre Hospitalier de Luxembourg (CHL)<\/li>\n<li>Le 28 f\u00e9vrier 2025 ; journ\u00e9e de sensibilisation au Centre Hospitalier Emile Mayrisch (CHEM)<\/li>\n<li>Pendant tout le mois de\u00a0f\u00e9vrier\u00a0: une campagne sur les r\u00e9seaux sociaux, notamment <a href=\"https:\/\/www.facebook.com\/alanmaladiesraresluxembourg\">Facebook,<\/a>\u00a0<a href=\"https:\/\/www.instagram.com\/alanmaladiesraresluxembourg\/\">Instagram<\/a>\u00a0et\u00a0<a href=\"https:\/\/www.tiktok.com\/@alan_maladies_rares_lux\">TikTok<\/a> et avec des vid\u00e9os, infographiques et photos visant \u00e0 mettre en avant les cons\u00e9quences concr\u00e8tes et les difficult\u00e9s quotidiennes de la vie avec une maladie rare.<\/li>\n<\/ul>\n<p>[\/vc_column_text][vc_empty_space height=&#8221;64px&#8221;][\/vc_column][\/vc_row][vc_row content_width=&#8221;grid&#8221;][vc_column][vc_column_text]<\/p>\n<h2 style=\"text-align: center;\">Participez au Rare Disease Day!<\/h2>\n<p>[\/vc_column_text][vc_empty_space height=&#8221;14px&#8221;]<div class=\"edgtf-separator-holder clearfix  edgtf-separator-center\">\n\t<div class=\"edgtf-separator\" style=\"border-color: #00bcdf;width: 50px;border-bottom-width: 3px;margin-top: 25px;margin-bottom: 25px\"><\/div>\n<\/div>\n[vc_empty_space height=&#8221;14px&#8221;][vc_column_text css=&#8221;&#8221;]Suivez nos pages\u00a0<a href=\"https:\/\/www.facebook.com\/alanmaladiesraresluxembourg\">Facebook,<\/a>\u00a0<a href=\"https:\/\/www.instagram.com\/alanmaladiesraresluxembourg\/\">Instagram<\/a>\u00a0et\u00a0<a href=\"https:\/\/www.tiktok.com\/@alan_maladies_rares_lux\">TikTok<\/a> et partager nos publications\u00a0pour soutenir le Rare Disease Day et rejoindre la discussion ![\/vc_column_text][vc_empty_space height=&#8221;64px&#8221;][\/vc_column][\/vc_row][vc_row content_width=&#8221;grid&#8221; css=&#8221;.vc_custom_1603354399161{padding-top: 36px !important;padding-bottom: 41px !important;}&#8221; el_id=&#8221;wrapper-contact-next-btn&#8221;][vc_column width=&#8221;1\/2&#8243;]\t<div class=\"edgtf-call-to-action normal\" style=\"background-color: #00b4dd;\">\n\n\t\t\t\t\t<div class=\"edgtf-call-to-action-row-75-25 clearfix\" style=\"padding: 55px 15px;\">\n\t\t\t\t\t\t<div class=\"edgtf-text-wrapper edgtf-call-to-action-column1 edgtf-call-to-action-cell left\">\n\t\t\t\t\t<div class=\"edgtf-call-to-action-text\" style=\"text-align: left\"><span style=\"color: #ffffff;\">Qu\u2019est ce qu\u2019une maladie rare ?<\/span>\t\t\t\t\t\t\t\t\t\t\t<\/div>\n\t\t\t\t<\/div>\n\n\t\t\t\t\t\t\t\t\t<div class=\"edgtf-button-wrapper edgtf-call-to-action-column2 edgtf-call-to-action-cell\" style =\"text-align: right ;\">\n\t\t\t\t\t\t<a itemprop=\"url\" href=\"https:\/\/alan.lu\/fr\/qu-est-ce-qu-une-maladie-rare\/\" target=\"_self\" style=\"color: #00b4dd;background-color: #ffffff;border-color: #ffffff\" class=\"edgtf-btn edgtf-btn-large edgtf-btn-solid edgtf-btn-custom-hover-bg edgtf-btn-custom-border-hover edgtf-btn-custom-hover-color\" data-hover-bg-color=\"#00b4dd\" data-hover-color=\"#ffffff\" data-hover-border-color=\"#ffffff\" >\t<span class=\"edgtf-btn-text\">D\u00e9couvrir<\/span>    <\/a>\t\t\t\t\t<\/div>\n\t\t\t\t\t\t\t<\/div>\n\t\t\t<\/div>\n[\/vc_column][vc_column width=&#8221;1\/2&#8243;]\t<div class=\"edgtf-call-to-action normal\" style=\"background-color: #00b4dd;\">\n\n\t\t\t\t\t<div class=\"edgtf-call-to-action-row-75-25 clearfix\" style=\"padding: 55px 15px;\">\n\t\t\t\t\t\t<div class=\"edgtf-text-wrapper edgtf-call-to-action-column1 edgtf-call-to-action-cell left\">\n\t\t\t\t\t<div class=\"edgtf-call-to-action-text\" style=\"text-align: left\"><span style=\"color: #ffffff;\">Consultation &amp; soutien<\/span>\t\t\t\t\t\t\t\t\t\t\t<\/div>\n\t\t\t\t<\/div>\n\n\t\t\t\t\t\t\t\t\t<div class=\"edgtf-button-wrapper edgtf-call-to-action-column2 edgtf-call-to-action-cell\" style =\"text-align: right ;\">\n\t\t\t\t\t\t<a itemprop=\"url\" href=\"https:\/\/alan.lu\/fr\/consultations-et-soutien\/\" target=\"_self\" style=\"color: #00b4dd;background-color: #ffffff;border-color: #ffffff\" class=\"edgtf-btn edgtf-btn-large edgtf-btn-solid edgtf-btn-custom-hover-bg edgtf-btn-custom-border-hover edgtf-btn-custom-hover-color\" data-hover-bg-color=\"#00b4dd\" data-hover-color=\"#ffffff\" data-hover-border-color=\"#ffffff\" >\t<span class=\"edgtf-btn-text\">D\u00e9couvrir<\/span>    <\/a>\t\t\t\t\t<\/div>\n\t\t\t\t\t\t\t<\/div>\n\t\t\t<\/div>\n[\/vc_column][\/vc_row]<\/p>\n<\/div>","protected":false},"excerpt":{"rendered":"<p>[vc_row content_width=&#8221;grid&#8221;][vc_column][vc_column_text css=&#8221;&#8221;] Rare Disease Day 2025 [\/vc_column_text][vc_empty_space height=&#8221;14px&#8221;][vc_empty_space height=&#8221;14px&#8221;][\/vc_column][\/vc_row][vc_row][vc_column][vc_column_text css=&#8221;&#8221;]Le 28 f\u00e9vrier 2025 aura lieu le 18i\u00e8me Rare Disease Day (Journ\u00e9e Internationale des Maladies Rares) : une journ\u00e9e d\u00e9di\u00e9e&#8230;<\/p>\n","protected":false},"author":2,"featured_media":0,"parent":0,"menu_order":0,"comment_status":"closed","ping_status":"closed","template":"","meta":{"give_campaign_id":0,"inline_featured_image":false,"footnotes":""},"class_list":["post-30090","page","type-page","status-publish","hentry"],"yoast_head":"<!-- This site is optimized with the Yoast SEO plugin v26.9 - https:\/\/yoast.com\/product\/yoast-seo-wordpress\/ -->\n<title>Rare Disease Day 2025, - ALAN<\/title>\n<meta name=\"description\" content=\"This year for Rare Disease Day ALAN and its partners focus their campaign on two actions: the \u201cGlobal Chain of Lights\u201d and the photo exhibition \u201cRaReflections. These actions are accompanied by an intensive and interactive social media campaign.\" \/>\n<meta name=\"robots\" content=\"noindex, follow\" \/>\n<meta property=\"og:locale\" content=\"fr_FR\" \/>\n<meta property=\"og:type\" content=\"article\" \/>\n<meta property=\"og:title\" content=\"Rare Disease Day 2025, - ALAN\" \/>\n<meta property=\"og:description\" content=\"This year for Rare Disease Day ALAN and its partners focus their campaign on two actions: the \u201cGlobal Chain of Lights\u201d and the photo exhibition \u201cRaReflections. These actions are accompanied by an intensive and interactive social media campaign.\" \/>\n<meta property=\"og:url\" content=\"https:\/\/alan.lu\/fr\/rarediseaseday2025\/\" \/>\n<meta property=\"og:site_name\" content=\"ALAN\" \/>\n<meta property=\"article:modified_time\" content=\"2026-01-23T09:10:00+00:00\" \/>\n<meta name=\"twitter:card\" content=\"summary_large_image\" \/>\n<meta name=\"twitter:label1\" content=\"Dur\u00e9e de lecture estim\u00e9e\" \/>\n\t<meta name=\"twitter:data1\" content=\"4 minutes\" \/>\n<script type=\"application\/ld+json\" class=\"yoast-schema-graph\">{\"@context\":\"https:\/\/schema.org\",\"@graph\":[{\"@type\":\"WebPage\",\"@id\":\"https:\/\/alan.lu\/fr\/rarediseaseday2025\/\",\"url\":\"https:\/\/alan.lu\/fr\/rarediseaseday2025\/\",\"name\":\"Rare Disease Day 2025, - ALAN\",\"isPartOf\":{\"@id\":\"https:\/\/alan.lu\/fr\/#website\"},\"datePublished\":\"2025-01-23T07:55:51+00:00\",\"dateModified\":\"2026-01-23T09:10:00+00:00\",\"description\":\"This year for Rare Disease Day ALAN and its partners focus their campaign on two actions: the \u201cGlobal Chain of Lights\u201d and the photo exhibition \u201cRaReflections. These actions are accompanied by an intensive and interactive social media campaign.\",\"breadcrumb\":{\"@id\":\"https:\/\/alan.lu\/fr\/rarediseaseday2025\/#breadcrumb\"},\"inLanguage\":\"fr-FR\",\"potentialAction\":[{\"@type\":\"ReadAction\",\"target\":[\"https:\/\/alan.lu\/fr\/rarediseaseday2025\/\"]}]},{\"@type\":\"BreadcrumbList\",\"@id\":\"https:\/\/alan.lu\/fr\/rarediseaseday2025\/#breadcrumb\",\"itemListElement\":[{\"@type\":\"ListItem\",\"position\":1,\"name\":\"Accueil\",\"item\":\"https:\/\/alan.lu\/fr\/\"},{\"@type\":\"ListItem\",\"position\":2,\"name\":\"Rare Disease Day 2025\"}]},{\"@type\":\"WebSite\",\"@id\":\"https:\/\/alan.lu\/fr\/#website\",\"url\":\"https:\/\/alan.lu\/fr\/\",\"name\":\"ALAN\",\"description\":\"Rare Diseases Luxembourg\",\"potentialAction\":[{\"@type\":\"SearchAction\",\"target\":{\"@type\":\"EntryPoint\",\"urlTemplate\":\"https:\/\/alan.lu\/fr\/?s={search_term_string}\"},\"query-input\":{\"@type\":\"PropertyValueSpecification\",\"valueRequired\":true,\"valueName\":\"search_term_string\"}}],\"inLanguage\":\"fr-FR\"}]}<\/script>\n<!-- \/ Yoast SEO plugin. -->","yoast_head_json":{"title":"Rare Disease Day 2025, - ALAN","description":"This year for Rare Disease Day ALAN and its partners focus their campaign on two actions: the \u201cGlobal Chain of Lights\u201d and the photo exhibition \u201cRaReflections. These actions are accompanied by an intensive and interactive social media campaign.","robots":{"index":"noindex","follow":"follow"},"og_locale":"fr_FR","og_type":"article","og_title":"Rare Disease Day 2025, - ALAN","og_description":"This year for Rare Disease Day ALAN and its partners focus their campaign on two actions: the \u201cGlobal Chain of Lights\u201d and the photo exhibition \u201cRaReflections. These actions are accompanied by an intensive and interactive social media campaign.","og_url":"https:\/\/alan.lu\/fr\/rarediseaseday2025\/","og_site_name":"ALAN","article_modified_time":"2026-01-23T09:10:00+00:00","twitter_card":"summary_large_image","twitter_misc":{"Dur\u00e9e de lecture estim\u00e9e":"4 minutes"},"schema":{"@context":"https:\/\/schema.org","@graph":[{"@type":"WebPage","@id":"https:\/\/alan.lu\/fr\/rarediseaseday2025\/","url":"https:\/\/alan.lu\/fr\/rarediseaseday2025\/","name":"Rare Disease Day 2025, - ALAN","isPartOf":{"@id":"https:\/\/alan.lu\/fr\/#website"},"datePublished":"2025-01-23T07:55:51+00:00","dateModified":"2026-01-23T09:10:00+00:00","description":"This year for Rare Disease Day ALAN and its partners focus their campaign on two actions: the \u201cGlobal Chain of Lights\u201d and the photo exhibition \u201cRaReflections. These actions are accompanied by an intensive and interactive social media campaign.","breadcrumb":{"@id":"https:\/\/alan.lu\/fr\/rarediseaseday2025\/#breadcrumb"},"inLanguage":"fr-FR","potentialAction":[{"@type":"ReadAction","target":["https:\/\/alan.lu\/fr\/rarediseaseday2025\/"]}]},{"@type":"BreadcrumbList","@id":"https:\/\/alan.lu\/fr\/rarediseaseday2025\/#breadcrumb","itemListElement":[{"@type":"ListItem","position":1,"name":"Accueil","item":"https:\/\/alan.lu\/fr\/"},{"@type":"ListItem","position":2,"name":"Rare Disease Day 2025"}]},{"@type":"WebSite","@id":"https:\/\/alan.lu\/fr\/#website","url":"https:\/\/alan.lu\/fr\/","name":"ALAN","description":"Rare Diseases Luxembourg","potentialAction":[{"@type":"SearchAction","target":{"@type":"EntryPoint","urlTemplate":"https:\/\/alan.lu\/fr\/?s={search_term_string}"},"query-input":{"@type":"PropertyValueSpecification","valueRequired":true,"valueName":"search_term_string"}}],"inLanguage":"fr-FR"}]}},"campaignId":"","_links":{"self":[{"href":"https:\/\/alan.lu\/fr\/wp-json\/wp\/v2\/pages\/30090","targetHints":{"allow":["GET"]}}],"collection":[{"href":"https:\/\/alan.lu\/fr\/wp-json\/wp\/v2\/pages"}],"about":[{"href":"https:\/\/alan.lu\/fr\/wp-json\/wp\/v2\/types\/page"}],"author":[{"embeddable":true,"href":"https:\/\/alan.lu\/fr\/wp-json\/wp\/v2\/users\/2"}],"replies":[{"embeddable":true,"href":"https:\/\/alan.lu\/fr\/wp-json\/wp\/v2\/comments?post=30090"}],"version-history":[{"count":16,"href":"https:\/\/alan.lu\/fr\/wp-json\/wp\/v2\/pages\/30090\/revisions"}],"predecessor-version":[{"id":30226,"href":"https:\/\/alan.lu\/fr\/wp-json\/wp\/v2\/pages\/30090\/revisions\/30226"}],"wp:attachment":[{"href":"https:\/\/alan.lu\/fr\/wp-json\/wp\/v2\/media?parent=30090"}],"curies":[{"name":"wp","href":"https:\/\/api.w.org\/{rel}","templated":true}]}}