{"id":31106,"date":"2026-01-23T12:47:55","date_gmt":"2026-01-23T11:47:55","guid":{"rendered":"https:\/\/alan.lu\/?page_id=31106"},"modified":"2026-03-02T10:56:33","modified_gmt":"2026-03-02T09:56:33","slug":"rarediseaseday2026","status":"publish","type":"page","link":"https:\/\/alan.lu\/fr\/rarediseaseday2026\/","title":{"rendered":"Rare Disease Day 2026"},"content":{"rendered":"<div class=\"wpb-content-wrapper\"><p>[vc_row content_width=&#8221;grid&#8221;][vc_column][vc_column_text css=&#8221;&#8221;]<\/p>\n<h2 style=\"text-align: center;\">Rare Disease Day 2026<\/h2>\n<p>[\/vc_column_text][vc_empty_space height=&#8221;14px&#8221;]<div class=\"edgtf-separator-holder clearfix  edgtf-separator-center\">\n\t<div class=\"edgtf-separator\" style=\"border-color: #00bcdf;width: 50px;border-bottom-width: 3px;margin-top: 25px;margin-bottom: 25px\"><\/div>\n<\/div>\n[vc_empty_space height=&#8221;14px&#8221;][\/vc_column][\/vc_row][vc_row][vc_column][vc_column_text css=&#8221;&#8221;]Le 28 f\u00e9vrier 2026 aura lieu le 19i\u00e8me Rare Disease Day (Journ\u00e9e Internationale des Maladies Rares) : une journ\u00e9e d\u00e9di\u00e9e \u00e0 sensibiliser le grand public sur les maladies rares et leur impact sur la vie des personnes concern\u00e9es, dont approximativement 30.000 au Luxembourg.<\/p>\n<p>Comme chaque ann\u00e9e, ALAN Maladies Rares Luxembourg, l\u2019a.s.b.l. et alliance nationale repr\u00e9sentant les personnes concern\u00e9es par une maladie rare au Grand-Duch\u00e9, lancera plusieurs actions de sensibilisation afin d\u2019am\u00e9liorer la prise de conscience et la compr\u00e9hension de ces maladies qui sont pour la plupart chroniques, progressives et incurables.<\/p>\n<p>Un grand merci \u00e0 tous nos partenaires qui ont soutenu nos actions de sensibilisation dans le cadre du Rare Disease Day ![\/vc_column_text][vc_empty_space height=&#8221;64px&#8221;][\/vc_column][\/vc_row][vc_row content_width=&#8221;grid&#8221;][vc_column][vc_column_text css=&#8221;&#8221;]<\/p>\n<h2 style=\"text-align: center;\">La soir\u00e9e \u00ab Rare Voices \u00bb : une c\u00e9l\u00e9bration de la r\u00e9silience de la communaut\u00e9 des maladies rares<\/h2>\n<p>[\/vc_column_text][vc_empty_space height=&#8221;14px&#8221;]<div class=\"edgtf-separator-holder clearfix  edgtf-separator-center\">\n\t<div class=\"edgtf-separator\" style=\"border-color: #00bcdf;width: 50px;border-bottom-width: 3px;margin-top: 25px;margin-bottom: 25px\"><\/div>\n<\/div>\n[vc_empty_space height=&#8221;14px&#8221;][\/vc_column][\/vc_row][vc_row][vc_column][vc_column_text css=&#8221;&#8221;]Dans le cadre du Rare Disease Day, ALAN organise \u00ab Rare Voices \u00bb, une soir\u00e9e donnant voix et sc\u00e8ne aux personnes touch\u00e9es par une maladie rare. \u00c0 travers l\u2019\u00e9criture cr\u00e9ative, <strong>Nathalie Scheer, Jean-Francis Covi, Lara Post, Samuel Coljon, Carine Hentz, Hannah Hommel, Corinne Thill et Benny Michaels <\/strong>explorent le th\u00e8me de la r\u00e9silience et ouvrent un espace de rencontre et d\u2019empathie.<\/p>\n<p>La soir\u00e9e aura lieu le 27 f\u00e9vrier 2026 en pr\u00e9sence de Madame Martine Deprez, Ministre de la Sant\u00e9 et de la S\u00e9curit\u00e9 Sociale, avec le soutien g\u00e9n\u00e9reux du Rotary Club Schengen-Mondorf-les-Bains et de Schroeder &amp; Associ\u00e9s SA.<\/p>\n<p>Les po\u00e8mes, nouvelles, histoires pour\u00a0enfants et sc\u00e8nes th\u00e9\u00e2trales, pr\u00e9sent\u00e9s lors de la soir\u00e9e constitueront ensuite l&#8217;\u00e9l\u00e9ment central de la campagne de sensibilisation en ligne. N\u2019oubliez pas de suivre nos pages\u00a0<a href=\"https:\/\/www.facebook.com\/alanmaladiesraresluxembourg\">Facebook,<\/a>\u00a0<a href=\"https:\/\/www.instagram.com\/alanmaladiesraresluxembourg\/\">Instagram<\/a>\u00a0et\u00a0<a href=\"https:\/\/www.tiktok.com\/@alan_maladies_rares_lux\">TikTok<\/a> pour ne pas manquer les vid\u00e9os.[\/vc_column_text][vc_empty_space][vc_single_image image=&#8221;31110&#8243; img_size=&#8221;full&#8221; alignment=&#8221;center&#8221; css=&#8221;&#8221;][vc_empty_space height=&#8221;64px&#8221;][vc_column_text]<\/p>\n<p>[\/vc_column_text][\/vc_column][\/vc_row][vc_row content_width=&#8221;grid&#8221;][vc_column][vc_column_text]<\/p>\n<h2 style=\"text-align: center;\">L\u2019action \u00ab Global Chain of Lights \u00bb<\/h2>\n<p>[\/vc_column_text][vc_empty_space height=&#8221;14px&#8221;]<div class=\"edgtf-separator-holder clearfix  edgtf-separator-center\">\n\t<div class=\"edgtf-separator\" style=\"border-color: #00bcdf;width: 50px;border-bottom-width: 3px;margin-top: 25px;margin-bottom: 25px\"><\/div>\n<\/div>\n[vc_empty_space height=&#8221;14px&#8221;][\/vc_column][\/vc_row][vc_row][vc_column][vc_column_text css=&#8221;&#8221;]Comme les ann\u00e9es pr\u00e9c\u00e9dentes, un \u00e9l\u00e9ment phare du Rare Disease Day est la \u00ab Global Chain of Lights \u00bb &#8211; l\u2019illumination de b\u00e2timents publics embl\u00e9matiques et des monuments dans les couleurs du Rare Disease Day \u00e0 travers le monde entier. Le but de cette illumination est de briser l&#8217;isolement des personnes concern\u00e9es par une maladie rare, de leur exprimer notre solidarit\u00e9 et de sensibiliser le grand public.<\/p>\n<p>Dans le cadre de l\u2019action \u00ab Global Chain of Lights \u00bb au Luxembourg, de nombreux b\u00e2timents prestigieux seront illumin\u00e9s en bleu, rose, vert et violet pendant la derni\u00e8re semaine de f\u00e9vrier, dont entres autres\u00a0:[\/vc_column_text][vc_empty_space]<div class=\"edgtf-unordered-list  edgtf-square\" >\n<ul>\n<li>Le Palais Grand-Ducal<\/li>\n<li>La Chambre des D\u00e9put\u00e9s<\/li>\n<li>La Banque centrale de Luxembourg<\/li>\n<li>Le si\u00e8ge de la Spuerkeess<\/li>\n<li>Les hauts fourneaux de Belval<\/li>\n<li>La Philharmonie Luxembourg<\/li>\n<li>Le Centre Hospitalier de Luxembourg<\/li>\n<li>Le Centre Hospitalier Emile Mayrisch<\/li>\n<li>Le Centre Hospitalier du Nord<\/li>\n<li>L\u2019H\u00f4pital Kirchberg<\/li>\n<li>La ZithaKlink<\/li>\n<li>La Clinique Bohler<\/li>\n<li>Le Rehazenter<\/li>\n<li>Le Luxembourg Centre for Systems Biomedicine<\/li>\n<li>Luxembourg-ville : le Ch\u00e2teau d\u2019eau au ban de Gasperich<\/li>\n<li>Biwer : le b\u00e2timent de l\u2019administration communale<\/li>\n<li>Colmar-Berg\u00a0: le b\u00e2timent de l\u2019administration communale<\/li>\n<li>Grevenmacher : le b\u00e2timent de l\u2019administration communale<\/li>\n<li>Kehlen : le b\u00e2timent de l\u2019administration communale<\/li>\n<li>Mamer : le Mamer Schlass &amp; la Maison Citoyenne<\/li>\n<li>Manternach : le b\u00e2timent de l\u2019administration communale<\/li>\n<li>Niederanven : le b\u00e2timent de l\u2019administration communale<\/li>\n<li>Nommern : le b\u00e2timent de l\u2019administration communale<\/li>\n<li>Remich: le Centre visit Remich<\/li>\n<li>Rosport-Mompach : le b\u00e2timent de l\u2019administration communale<\/li>\n<li>Schengen : le b\u00e2timent de l\u2019administration communale<\/li>\n<li>Schieren : le centrel culturel<\/li>\n<li>Schifflange : le b\u00e2timent de l\u2019administration communale<\/li>\n<li>Wiltz : le ch\u00e2teau<\/li>\n<\/ul>\n<\/div>[vc_empty_space height=&#8221;14px&#8221;][vc_single_image image=&#8221;23747&#8243; img_size=&#8221;full&#8221; alignment=&#8221;center&#8221;][vc_empty_space height=&#8221;64px&#8221;][vc_column_text]<\/p>\n<p>[\/vc_column_text][\/vc_column][\/vc_row][vc_row content_width=&#8221;grid&#8221;][vc_column][vc_column_text css=&#8221;&#8221;]<\/p>\n<h2 style=\"text-align: center;\">Les actions de sensibilisation compl\u00e9mentaires<\/h2>\n<p>[\/vc_column_text][vc_empty_space height=&#8221;14px&#8221;]<div class=\"edgtf-separator-holder clearfix  edgtf-separator-center\">\n\t<div class=\"edgtf-separator\" style=\"border-color: #00bcdf;width: 50px;border-bottom-width: 3px;margin-top: 25px;margin-bottom: 25px\"><\/div>\n<\/div>\n[vc_empty_space height=&#8221;14px&#8221;][vc_column_text css=&#8221;&#8221;]La soir\u00e9e \u00ab Rare Voices \u00bb et l\u2019illumination des b\u00e2timents seront accompagn\u00e9s par d\u2019autres actions de sensibilisation, men\u00e9es par ALAN et ses partenaires :<\/p>\n<ul>\n<li>Le 25 f\u00e9vrier 2026 ; journ\u00e9e de sensibilisation au Centre Hospitalier du Nord (CHdN)<\/li>\n<li>Le 26 f\u00e9vrier 2026 ; journ\u00e9e de sensibilisation au Centre Hospitalier Emile Mayrisch (CHEM)<\/li>\n<li>Le 27 f\u00e9vrier 2026 ; journ\u00e9e de sensibilisation au Centre Hospitalier de Luxembourg (CHL)<\/li>\n<li>Pendant tout le mois de\u00a0f\u00e9vrier\u00a0: une campagne sur les r\u00e9seaux sociaux, notamment <a href=\"https:\/\/www.tiktok.com\/@alan_maladies_rares_lux\">TikTok<\/a>, <a href=\"https:\/\/www.instagram.com\/alanmaladiesraresluxembourg\/\">Instagram<\/a> et <a href=\"https:\/\/www.facebook.com\/alanmaladiesraresluxembourg\">Facebook<\/a>, bas\u00e9e sur les textes personnels du projet \u00ab Rare Voices \u00bb<\/li>\n<\/ul>\n<p>[\/vc_column_text][vc_empty_space height=&#8221;64px&#8221;][\/vc_column][\/vc_row][vc_row content_width=&#8221;grid&#8221;][vc_column][vc_column_text]<\/p>\n<h2 style=\"text-align: center;\">Participez au Rare Disease Day!<\/h2>\n<p>[\/vc_column_text][vc_empty_space height=&#8221;14px&#8221;]<div class=\"edgtf-separator-holder clearfix  edgtf-separator-center\">\n\t<div class=\"edgtf-separator\" style=\"border-color: #00bcdf;width: 50px;border-bottom-width: 3px;margin-top: 25px;margin-bottom: 25px\"><\/div>\n<\/div>\n[vc_empty_space height=&#8221;14px&#8221;][vc_column_text css=&#8221;&#8221;]Suivez nos pages\u00a0<a href=\"https:\/\/www.facebook.com\/alanmaladiesraresluxembourg\">Facebook,<\/a>\u00a0<a href=\"https:\/\/www.instagram.com\/alanmaladiesraresluxembourg\/\">Instagram<\/a>\u00a0et\u00a0<a href=\"https:\/\/www.tiktok.com\/@alan_maladies_rares_lux\">TikTok<\/a> et partager nos publications\u00a0pour soutenir le Rare Disease Day et rejoindre la discussion ![\/vc_column_text][vc_empty_space height=&#8221;64px&#8221;][\/vc_column][\/vc_row][vc_row content_width=&#8221;grid&#8221; css=&#8221;.vc_custom_1603354399161{padding-top: 36px !important;padding-bottom: 41px !important;}&#8221; el_id=&#8221;wrapper-contact-next-btn&#8221;][vc_column width=&#8221;1\/2&#8243;]\t<div class=\"edgtf-call-to-action normal\" style=\"background-color: #00b4dd;\">\n\n\t\t\t\t\t<div class=\"edgtf-call-to-action-row-75-25 clearfix\" style=\"padding: 55px 15px;\">\n\t\t\t\t\t\t<div class=\"edgtf-text-wrapper edgtf-call-to-action-column1 edgtf-call-to-action-cell left\">\n\t\t\t\t\t<div class=\"edgtf-call-to-action-text\" style=\"text-align: left\"><span style=\"color: #ffffff;\">Qu\u2019est ce qu\u2019une maladie rare ?<\/span>\t\t\t\t\t\t\t\t\t\t\t<\/div>\n\t\t\t\t<\/div>\n\n\t\t\t\t\t\t\t\t\t<div class=\"edgtf-button-wrapper edgtf-call-to-action-column2 edgtf-call-to-action-cell\" style =\"text-align: right ;\">\n\t\t\t\t\t\t<a itemprop=\"url\" href=\"https:\/\/alan.lu\/fr\/qu-est-ce-qu-une-maladie-rare\/\" target=\"_self\" style=\"color: #00b4dd;background-color: #ffffff;border-color: #ffffff\" class=\"edgtf-btn edgtf-btn-large edgtf-btn-solid edgtf-btn-custom-hover-bg edgtf-btn-custom-border-hover edgtf-btn-custom-hover-color\" data-hover-bg-color=\"#00b4dd\" data-hover-color=\"#ffffff\" data-hover-border-color=\"#ffffff\" >\t<span class=\"edgtf-btn-text\">D\u00e9couvrir<\/span>    <\/a>\t\t\t\t\t<\/div>\n\t\t\t\t\t\t\t<\/div>\n\t\t\t<\/div>\n[\/vc_column][vc_column width=&#8221;1\/2&#8243;]\t<div class=\"edgtf-call-to-action normal\" style=\"background-color: #00b4dd;\">\n\n\t\t\t\t\t<div class=\"edgtf-call-to-action-row-75-25 clearfix\" style=\"padding: 55px 15px;\">\n\t\t\t\t\t\t<div class=\"edgtf-text-wrapper edgtf-call-to-action-column1 edgtf-call-to-action-cell left\">\n\t\t\t\t\t<div class=\"edgtf-call-to-action-text\" style=\"text-align: left\"><span style=\"color: #ffffff;\">Consultation &amp; soutien<\/span>\t\t\t\t\t\t\t\t\t\t\t<\/div>\n\t\t\t\t<\/div>\n\n\t\t\t\t\t\t\t\t\t<div class=\"edgtf-button-wrapper edgtf-call-to-action-column2 edgtf-call-to-action-cell\" style =\"text-align: right ;\">\n\t\t\t\t\t\t<a itemprop=\"url\" href=\"https:\/\/alan.lu\/fr\/consultations-et-soutien\/\" target=\"_self\" style=\"color: #00b4dd;background-color: #ffffff;border-color: #ffffff\" class=\"edgtf-btn edgtf-btn-large edgtf-btn-solid edgtf-btn-custom-hover-bg edgtf-btn-custom-border-hover edgtf-btn-custom-hover-color\" data-hover-bg-color=\"#00b4dd\" data-hover-color=\"#ffffff\" data-hover-border-color=\"#ffffff\" >\t<span class=\"edgtf-btn-text\">D\u00e9couvrir<\/span>    <\/a>\t\t\t\t\t<\/div>\n\t\t\t\t\t\t\t<\/div>\n\t\t\t<\/div>\n[\/vc_column][\/vc_row]<\/p>\n<\/div>","protected":false},"excerpt":{"rendered":"<p>[vc_row content_width=&#8221;grid&#8221;][vc_column][vc_column_text css=&#8221;&#8221;] Rare Disease Day 2026 [\/vc_column_text][vc_empty_space height=&#8221;14px&#8221;][vc_empty_space height=&#8221;14px&#8221;][\/vc_column][\/vc_row][vc_row][vc_column][vc_column_text css=&#8221;&#8221;]Le 28 f\u00e9vrier 2026 aura lieu le 19i\u00e8me Rare Disease Day (Journ\u00e9e Internationale des Maladies Rares) : une journ\u00e9e d\u00e9di\u00e9e&#8230;<\/p>\n","protected":false},"author":2,"featured_media":0,"parent":0,"menu_order":0,"comment_status":"closed","ping_status":"closed","template":"","meta":{"give_campaign_id":0,"inline_featured_image":false,"footnotes":""},"class_list":["post-31106","page","type-page","status-publish","hentry"],"yoast_head":"<!-- This site is optimized with the Yoast SEO plugin v26.9 - https:\/\/yoast.com\/product\/yoast-seo-wordpress\/ -->\n<title>Rare Disease Day 2026, - ALAN<\/title>\n<meta name=\"description\" content=\"Dans le cadre du Rare Disease Day 2026, ALAN organise la soir\u00e9e \u00ab Rare Voices \u00bb : une c\u00e9l\u00e9bration de la r\u00e9silience de la communaut\u00e9 des maladies rares\" \/>\n<meta name=\"robots\" content=\"noindex, follow\" \/>\n<meta property=\"og:locale\" content=\"fr_FR\" \/>\n<meta property=\"og:type\" content=\"article\" \/>\n<meta property=\"og:title\" content=\"Rare Disease Day 2026, - ALAN\" \/>\n<meta property=\"og:description\" content=\"Dans le cadre du Rare Disease Day 2026, ALAN organise la soir\u00e9e \u00ab Rare Voices \u00bb : une c\u00e9l\u00e9bration de la r\u00e9silience de la communaut\u00e9 des maladies rares\" \/>\n<meta property=\"og:url\" content=\"https:\/\/alan.lu\/fr\/rarediseaseday2026\/\" \/>\n<meta property=\"og:site_name\" content=\"ALAN\" \/>\n<meta property=\"article:modified_time\" content=\"2026-03-02T09:56:33+00:00\" \/>\n<meta name=\"twitter:card\" content=\"summary_large_image\" \/>\n<meta name=\"twitter:label1\" content=\"Dur\u00e9e de lecture estim\u00e9e\" \/>\n\t<meta name=\"twitter:data1\" content=\"4 minutes\" \/>\n<script type=\"application\/ld+json\" class=\"yoast-schema-graph\">{\"@context\":\"https:\/\/schema.org\",\"@graph\":[{\"@type\":\"WebPage\",\"@id\":\"https:\/\/alan.lu\/fr\/rarediseaseday2026\/\",\"url\":\"https:\/\/alan.lu\/fr\/rarediseaseday2026\/\",\"name\":\"Rare Disease Day 2026, - ALAN\",\"isPartOf\":{\"@id\":\"https:\/\/alan.lu\/fr\/#website\"},\"datePublished\":\"2026-01-23T11:47:55+00:00\",\"dateModified\":\"2026-03-02T09:56:33+00:00\",\"description\":\"Dans le cadre du Rare Disease Day 2026, ALAN organise la soir\u00e9e \u00ab Rare Voices \u00bb : une c\u00e9l\u00e9bration de la r\u00e9silience de la communaut\u00e9 des maladies rares\",\"breadcrumb\":{\"@id\":\"https:\/\/alan.lu\/fr\/rarediseaseday2026\/#breadcrumb\"},\"inLanguage\":\"fr-FR\",\"potentialAction\":[{\"@type\":\"ReadAction\",\"target\":[\"https:\/\/alan.lu\/fr\/rarediseaseday2026\/\"]}]},{\"@type\":\"BreadcrumbList\",\"@id\":\"https:\/\/alan.lu\/fr\/rarediseaseday2026\/#breadcrumb\",\"itemListElement\":[{\"@type\":\"ListItem\",\"position\":1,\"name\":\"Accueil\",\"item\":\"https:\/\/alan.lu\/fr\/\"},{\"@type\":\"ListItem\",\"position\":2,\"name\":\"Rare Disease Day 2026\"}]},{\"@type\":\"WebSite\",\"@id\":\"https:\/\/alan.lu\/fr\/#website\",\"url\":\"https:\/\/alan.lu\/fr\/\",\"name\":\"ALAN\",\"description\":\"Rare Diseases Luxembourg\",\"potentialAction\":[{\"@type\":\"SearchAction\",\"target\":{\"@type\":\"EntryPoint\",\"urlTemplate\":\"https:\/\/alan.lu\/fr\/?s={search_term_string}\"},\"query-input\":{\"@type\":\"PropertyValueSpecification\",\"valueRequired\":true,\"valueName\":\"search_term_string\"}}],\"inLanguage\":\"fr-FR\"}]}<\/script>\n<!-- \/ Yoast SEO plugin. -->","yoast_head_json":{"title":"Rare Disease Day 2026, - ALAN","description":"Dans le cadre du Rare Disease Day 2026, ALAN organise la soir\u00e9e \u00ab Rare Voices \u00bb : une c\u00e9l\u00e9bration de la r\u00e9silience de la communaut\u00e9 des maladies rares","robots":{"index":"noindex","follow":"follow"},"og_locale":"fr_FR","og_type":"article","og_title":"Rare Disease Day 2026, - ALAN","og_description":"Dans le cadre du Rare Disease Day 2026, ALAN organise la soir\u00e9e \u00ab Rare Voices \u00bb : une c\u00e9l\u00e9bration de la r\u00e9silience de la communaut\u00e9 des maladies rares","og_url":"https:\/\/alan.lu\/fr\/rarediseaseday2026\/","og_site_name":"ALAN","article_modified_time":"2026-03-02T09:56:33+00:00","twitter_card":"summary_large_image","twitter_misc":{"Dur\u00e9e de lecture estim\u00e9e":"4 minutes"},"schema":{"@context":"https:\/\/schema.org","@graph":[{"@type":"WebPage","@id":"https:\/\/alan.lu\/fr\/rarediseaseday2026\/","url":"https:\/\/alan.lu\/fr\/rarediseaseday2026\/","name":"Rare Disease Day 2026, - ALAN","isPartOf":{"@id":"https:\/\/alan.lu\/fr\/#website"},"datePublished":"2026-01-23T11:47:55+00:00","dateModified":"2026-03-02T09:56:33+00:00","description":"Dans le cadre du Rare Disease Day 2026, ALAN organise la soir\u00e9e \u00ab Rare Voices \u00bb : une c\u00e9l\u00e9bration de la r\u00e9silience de la communaut\u00e9 des maladies rares","breadcrumb":{"@id":"https:\/\/alan.lu\/fr\/rarediseaseday2026\/#breadcrumb"},"inLanguage":"fr-FR","potentialAction":[{"@type":"ReadAction","target":["https:\/\/alan.lu\/fr\/rarediseaseday2026\/"]}]},{"@type":"BreadcrumbList","@id":"https:\/\/alan.lu\/fr\/rarediseaseday2026\/#breadcrumb","itemListElement":[{"@type":"ListItem","position":1,"name":"Accueil","item":"https:\/\/alan.lu\/fr\/"},{"@type":"ListItem","position":2,"name":"Rare Disease Day 2026"}]},{"@type":"WebSite","@id":"https:\/\/alan.lu\/fr\/#website","url":"https:\/\/alan.lu\/fr\/","name":"ALAN","description":"Rare Diseases Luxembourg","potentialAction":[{"@type":"SearchAction","target":{"@type":"EntryPoint","urlTemplate":"https:\/\/alan.lu\/fr\/?s={search_term_string}"},"query-input":{"@type":"PropertyValueSpecification","valueRequired":true,"valueName":"search_term_string"}}],"inLanguage":"fr-FR"}]}},"campaignId":"","_links":{"self":[{"href":"https:\/\/alan.lu\/fr\/wp-json\/wp\/v2\/pages\/31106","targetHints":{"allow":["GET"]}}],"collection":[{"href":"https:\/\/alan.lu\/fr\/wp-json\/wp\/v2\/pages"}],"about":[{"href":"https:\/\/alan.lu\/fr\/wp-json\/wp\/v2\/types\/page"}],"author":[{"embeddable":true,"href":"https:\/\/alan.lu\/fr\/wp-json\/wp\/v2\/users\/2"}],"replies":[{"embeddable":true,"href":"https:\/\/alan.lu\/fr\/wp-json\/wp\/v2\/comments?post=31106"}],"version-history":[{"count":18,"href":"https:\/\/alan.lu\/fr\/wp-json\/wp\/v2\/pages\/31106\/revisions"}],"predecessor-version":[{"id":31240,"href":"https:\/\/alan.lu\/fr\/wp-json\/wp\/v2\/pages\/31106\/revisions\/31240"}],"wp:attachment":[{"href":"https:\/\/alan.lu\/fr\/wp-json\/wp\/v2\/media?parent=31106"}],"curies":[{"name":"wp","href":"https:\/\/api.w.org\/{rel}","templated":true}]}}